{"id":54166,"date":"2025-12-15T14:17:46","date_gmt":"2025-12-15T13:17:46","guid":{"rendered":"https:\/\/gravelart.be\/?page_id=54166"},"modified":"2026-02-10T09:19:02","modified_gmt":"2026-02-10T08:19:02","slug":"journees-portes-ouvertes","status":"publish","type":"page","link":"https:\/\/gravelart.be\/fr\/journees-portes-ouvertes\/","title":{"rendered":"Journ\u00e9es portes ouvertes Gravelart"},"content":{"rendered":"","protected":false},"excerpt":{"rendered":"","protected":false},"author":5847,"featured_media":0,"parent":0,"menu_order":0,"comment_status":"closed","ping_status":"closed","template":"","meta":{"_acf_changed":false,"inline_featured_image":false,"footnotes":""},"class_list":["post-54166","page","type-page","status-publish","hentry"],"acf":[],"yoast_head":"<!-- This site is optimized with the Yoast SEO plugin v27.3 - https:\/\/yoast.com\/product\/yoast-seo-wordpress\/ -->\n<title>Journ\u00e9es portes ouvertes Gravelart - Gravelart<\/title>\n<meta name=\"description\" content=\"Journ\u00e9es portes ouvertes Gravelart : d\u00e9couvrez notre assortiment, nos lancements de produits et b\u00e9n\u00e9ficiez de conseils pour vos projets.\" \/>\n<meta name=\"robots\" content=\"index, follow, max-snippet:-1, max-image-preview:large, max-video-preview:-1\" \/>\n<link rel=\"canonical\" href=\"https:\/\/gravelart.be\/fr\/journees-portes-ouvertes\/\" \/>\n<meta property=\"og:locale\" content=\"fr_FR\" \/>\n<meta property=\"og:type\" content=\"article\" \/>\n<meta property=\"og:title\" content=\"Journ\u00e9es portes ouvertes Gravelart - Gravelart\" \/>\n<meta property=\"og:description\" content=\"Journ\u00e9es portes ouvertes Gravelart : d\u00e9couvrez notre assortiment, nos lancements de produits et b\u00e9n\u00e9ficiez de conseils pour vos projets.\" \/>\n<meta property=\"og:url\" content=\"https:\/\/gravelart.be\/fr\/journees-portes-ouvertes\/\" \/>\n<meta property=\"og:site_name\" content=\"Gravelart\" \/>\n<meta property=\"article:modified_time\" content=\"2026-02-10T08:19:02+00:00\" \/>\n<meta name=\"twitter:card\" content=\"summary_large_image\" \/>\n<script type=\"application\/ld+json\" class=\"yoast-schema-graph\">{\"@context\":\"https:\\\/\\\/schema.org\",\"@graph\":[{\"@type\":\"WebPage\",\"@id\":\"https:\\\/\\\/gravelart.be\\\/fr\\\/journees-portes-ouvertes\\\/\",\"url\":\"https:\\\/\\\/gravelart.be\\\/fr\\\/journees-portes-ouvertes\\\/\",\"name\":\"Journ\u00e9es portes ouvertes Gravelart - Gravelart\",\"isPartOf\":{\"@id\":\"https:\\\/\\\/gravelart.be\\\/fr\\\/#website\"},\"datePublished\":\"2025-12-15T13:17:46+00:00\",\"dateModified\":\"2026-02-10T08:19:02+00:00\",\"description\":\"Journ\u00e9es portes ouvertes Gravelart : d\u00e9couvrez notre assortiment, nos lancements de produits et b\u00e9n\u00e9ficiez de conseils pour vos projets.\",\"breadcrumb\":{\"@id\":\"https:\\\/\\\/gravelart.be\\\/fr\\\/journees-portes-ouvertes\\\/#breadcrumb\"},\"inLanguage\":\"fr-FR\",\"potentialAction\":[{\"@type\":\"ReadAction\",\"target\":[\"https:\\\/\\\/gravelart.be\\\/fr\\\/journees-portes-ouvertes\\\/\"]}]},{\"@type\":\"BreadcrumbList\",\"@id\":\"https:\\\/\\\/gravelart.be\\\/fr\\\/journees-portes-ouvertes\\\/#breadcrumb\",\"itemListElement\":[{\"@type\":\"ListItem\",\"position\":1,\"name\":\"Home\",\"item\":\"https:\\\/\\\/gravelart.be\\\/fr\\\/\"},{\"@type\":\"ListItem\",\"position\":2,\"name\":\"Journ\u00e9es portes ouvertes Gravelart\"}]},{\"@type\":\"WebSite\",\"@id\":\"https:\\\/\\\/gravelart.be\\\/fr\\\/#website\",\"url\":\"https:\\\/\\\/gravelart.be\\\/fr\\\/\",\"name\":\"Gravelart\",\"description\":\"Alles voor tuin en park\",\"publisher\":{\"@id\":\"https:\\\/\\\/gravelart.be\\\/fr\\\/#organization\"},\"potentialAction\":[{\"@type\":\"SearchAction\",\"target\":{\"@type\":\"EntryPoint\",\"urlTemplate\":\"https:\\\/\\\/gravelart.be\\\/fr\\\/?s={search_term_string}\"},\"query-input\":{\"@type\":\"PropertyValueSpecification\",\"valueRequired\":true,\"valueName\":\"search_term_string\"}}],\"inLanguage\":\"fr-FR\"},{\"@type\":\"Organization\",\"@id\":\"https:\\\/\\\/gravelart.be\\\/fr\\\/#organization\",\"name\":\"Gravelart\",\"url\":\"https:\\\/\\\/gravelart.be\\\/fr\\\/\",\"logo\":{\"@type\":\"ImageObject\",\"inLanguage\":\"fr-FR\",\"@id\":\"https:\\\/\\\/gravelart.be\\\/fr\\\/#\\\/schema\\\/logo\\\/image\\\/\",\"url\":\"https:\\\/\\\/gravelart.be\\\/wp-content\\\/uploads\\\/2022\\\/10\\\/logo-gravelart.png\",\"contentUrl\":\"https:\\\/\\\/gravelart.be\\\/wp-content\\\/uploads\\\/2022\\\/10\\\/logo-gravelart.png\",\"width\":348,\"height\":186,\"caption\":\"Gravelart\"},\"image\":{\"@id\":\"https:\\\/\\\/gravelart.be\\\/fr\\\/#\\\/schema\\\/logo\\\/image\\\/\"}}]}<\/script>\n<!-- \/ Yoast SEO plugin. -->","yoast_head_json":{"title":"Journ\u00e9es portes ouvertes Gravelart - Gravelart","description":"Journ\u00e9es portes ouvertes Gravelart : d\u00e9couvrez notre assortiment, nos lancements de produits et b\u00e9n\u00e9ficiez de conseils pour vos projets.","robots":{"index":"index","follow":"follow","max-snippet":"max-snippet:-1","max-image-preview":"max-image-preview:large","max-video-preview":"max-video-preview:-1"},"canonical":"https:\/\/gravelart.be\/fr\/journees-portes-ouvertes\/","og_locale":"fr_FR","og_type":"article","og_title":"Journ\u00e9es portes ouvertes Gravelart - Gravelart","og_description":"Journ\u00e9es portes ouvertes Gravelart : d\u00e9couvrez notre assortiment, nos lancements de produits et b\u00e9n\u00e9ficiez de conseils pour vos projets.","og_url":"https:\/\/gravelart.be\/fr\/journees-portes-ouvertes\/","og_site_name":"Gravelart","article_modified_time":"2026-02-10T08:19:02+00:00","twitter_card":"summary_large_image","schema":{"@context":"https:\/\/schema.org","@graph":[{"@type":"WebPage","@id":"https:\/\/gravelart.be\/fr\/journees-portes-ouvertes\/","url":"https:\/\/gravelart.be\/fr\/journees-portes-ouvertes\/","name":"Journ\u00e9es portes ouvertes Gravelart - Gravelart","isPartOf":{"@id":"https:\/\/gravelart.be\/fr\/#website"},"datePublished":"2025-12-15T13:17:46+00:00","dateModified":"2026-02-10T08:19:02+00:00","description":"Journ\u00e9es portes ouvertes Gravelart : d\u00e9couvrez notre assortiment, nos lancements de produits et b\u00e9n\u00e9ficiez de conseils pour vos projets.","breadcrumb":{"@id":"https:\/\/gravelart.be\/fr\/journees-portes-ouvertes\/#breadcrumb"},"inLanguage":"fr-FR","potentialAction":[{"@type":"ReadAction","target":["https:\/\/gravelart.be\/fr\/journees-portes-ouvertes\/"]}]},{"@type":"BreadcrumbList","@id":"https:\/\/gravelart.be\/fr\/journees-portes-ouvertes\/#breadcrumb","itemListElement":[{"@type":"ListItem","position":1,"name":"Home","item":"https:\/\/gravelart.be\/fr\/"},{"@type":"ListItem","position":2,"name":"Journ\u00e9es portes ouvertes Gravelart"}]},{"@type":"WebSite","@id":"https:\/\/gravelart.be\/fr\/#website","url":"https:\/\/gravelart.be\/fr\/","name":"Gravelart","description":"Alles voor tuin en park","publisher":{"@id":"https:\/\/gravelart.be\/fr\/#organization"},"potentialAction":[{"@type":"SearchAction","target":{"@type":"EntryPoint","urlTemplate":"https:\/\/gravelart.be\/fr\/?s={search_term_string}"},"query-input":{"@type":"PropertyValueSpecification","valueRequired":true,"valueName":"search_term_string"}}],"inLanguage":"fr-FR"},{"@type":"Organization","@id":"https:\/\/gravelart.be\/fr\/#organization","name":"Gravelart","url":"https:\/\/gravelart.be\/fr\/","logo":{"@type":"ImageObject","inLanguage":"fr-FR","@id":"https:\/\/gravelart.be\/fr\/#\/schema\/logo\/image\/","url":"https:\/\/gravelart.be\/wp-content\/uploads\/2022\/10\/logo-gravelart.png","contentUrl":"https:\/\/gravelart.be\/wp-content\/uploads\/2022\/10\/logo-gravelart.png","width":348,"height":186,"caption":"Gravelart"},"image":{"@id":"https:\/\/gravelart.be\/fr\/#\/schema\/logo\/image\/"}}]}},"_links":{"self":[{"href":"https:\/\/gravelart.be\/fr\/wp-json\/wp\/v2\/pages\/54166","targetHints":{"allow":["GET"]}}],"collection":[{"href":"https:\/\/gravelart.be\/fr\/wp-json\/wp\/v2\/pages"}],"about":[{"href":"https:\/\/gravelart.be\/fr\/wp-json\/wp\/v2\/types\/page"}],"author":[{"embeddable":true,"href":"https:\/\/gravelart.be\/fr\/wp-json\/wp\/v2\/users\/5847"}],"replies":[{"embeddable":true,"href":"https:\/\/gravelart.be\/fr\/wp-json\/wp\/v2\/comments?post=54166"}],"version-history":[{"count":4,"href":"https:\/\/gravelart.be\/fr\/wp-json\/wp\/v2\/pages\/54166\/revisions"}],"predecessor-version":[{"id":55413,"href":"https:\/\/gravelart.be\/fr\/wp-json\/wp\/v2\/pages\/54166\/revisions\/55413"}],"wp:attachment":[{"href":"https:\/\/gravelart.be\/fr\/wp-json\/wp\/v2\/media?parent=54166"}],"curies":[{"name":"wp","href":"https:\/\/api.w.org\/{rel}","templated":true}]}}