{"id":32527,"date":"2023-02-02T09:11:13","date_gmt":"2023-02-02T08:11:13","guid":{"rendered":"https:\/\/gravelart.be\/?post_type=product&#038;p=32527"},"modified":"2026-02-24T20:12:13","modified_gmt":"2026-02-24T19:12:13","slug":"easyfix-li-corten-150-paquet-6-bordures","status":"publish","type":"product","link":"https:\/\/gravelart.be\/fr\/product\/easyfix-li-corten-150-paquet-6-bordures\/","title":{"rendered":"Easyfix LI Corten 150 (paquet 6 bordures)"},"content":{"rendered":"","protected":false},"excerpt":{"rendered":"<p>Les bordures ECCOborders Easyfix LI sont extr\u00eament faciles \u00e0 installer et sont livr\u00e9s par paquet de 6 bordures (14,4 mc) de 15 cm de hauteur, 18 poches et 18 piquets d\u2019ancrage. Easyfix LI est utilisable en lignes droites ou en courbes l\u00e9g\u00e8res. Il est possible de r\u00e9aliser des angles de 90\u00b0. Easyfix est aussi disponible en type CS (pliable) et en version galva ou laque poudre noir (LI).<\/p>\n<ul>\n<li>Poids: 12 kg<\/li>\n<li>Contenu: 6 bordures, 18 pches, 18 piquets d&rsquo;ancrage<\/li>\n<li>Dimensions: 240 x 0,10 x 15 cm<\/li>\n<\/ul>\n","protected":false},"featured_media":40776,"comment_status":"open","ping_status":"closed","template":"","meta":{"_acf_changed":false,"inline_featured_image":false},"product_brand":[],"product_cat":[4899,4149],"product_tag":[],"class_list":{"0":"post-32527","1":"product","2":"type-product","3":"status-publish","4":"has-post-thumbnail","6":"product_cat-acier-corten","7":"product_cat-bordures","9":"first","10":"instock","11":"taxable","12":"shipping-taxable","13":"purchasable","14":"product-type-variable","15":"has-default-attributes"},"acf":{"woocommerce_erp_id":"6264","woocommerce_cnk_id":"100012","product_density":0,"custom_prices":[{"variation_id":"40779","customer_group":"PRO","customer_id":"","min_qty":1,"max_qty":9999999,"steps":1,"price":229.82,"price_incl":278.08,"delivery_group":"COLLECT","warehouse_id":"Z"},{"variation_id":"40779","customer_group":"PRO","customer_id":"","min_qty":1,"max_qty":9999999,"steps":1,"price":229.82,"price_incl":278.08,"delivery_group":"DELIVERY","warehouse_id":"Z"},{"variation_id":"40779","customer_group":"PRO","customer_id":"","min_qty":1,"max_qty":9999999,"steps":1,"price":229.82,"price_incl":278.08,"delivery_group":"COLLECT","warehouse_id":""},{"variation_id":"40779","customer_group":"PRO","customer_id":"","min_qty":1,"max_qty":9999999,"steps":1,"price":229.82,"price_incl":278.08,"delivery_group":"DELIVERY","warehouse_id":""},{"variation_id":"40779","customer_group":"PRO","customer_id":"","min_qty":1,"max_qty":9999999,"steps":1,"price":229.82,"price_incl":278.08,"delivery_group":"COLLECT","warehouse_id":"W"},{"variation_id":"40779","customer_group":"PRO","customer_id":"","min_qty":1,"max_qty":9999999,"steps":1,"price":229.82,"price_incl":278.08,"delivery_group":"DELIVERY","warehouse_id":"W"},{"variation_id":"40779","customer_group":"CON","customer_id":"","min_qty":1,"max_qty":9999999,"steps":1,"price":252.79,"price_incl":305.88,"delivery_group":"COLLECT","warehouse_id":"Z"},{"variation_id":"40779","customer_group":"CON","customer_id":"","min_qty":1,"max_qty":9999999,"steps":1,"price":252.79,"price_incl":305.88,"delivery_group":"DELIVERY","warehouse_id":"Z"},{"variation_id":"40779","customer_group":"CON","customer_id":"","min_qty":1,"max_qty":9999999,"steps":1,"price":252.79,"price_incl":305.88,"delivery_group":"COLLECT","warehouse_id":""},{"variation_id":"40779","customer_group":"CON","customer_id":"","min_qty":1,"max_qty":9999999,"steps":1,"price":252.79,"price_incl":305.88,"delivery_group":"DELIVERY","warehouse_id":""},{"variation_id":"40779","customer_group":"CON","customer_id":"","min_qty":1,"max_qty":9999999,"steps":1,"price":252.79,"price_incl":305.88,"delivery_group":"COLLECT","warehouse_id":"W"},{"variation_id":"40779","customer_group":"CON","customer_id":"","min_qty":1,"max_qty":9999999,"steps":1,"price":252.79,"price_incl":305.88,"delivery_group":"DELIVERY","warehouse_id":"W"},{"variation_id":"40779","customer_group":"DISTRI","customer_id":"","min_qty":1,"max_qty":9999999,"steps":1,"price":229.82,"price_incl":278.08,"delivery_group":"COLLECT","warehouse_id":"Z"},{"variation_id":"40779","customer_group":"DISTRI","customer_id":"","min_qty":1,"max_qty":9999999,"steps":1,"price":229.82,"price_incl":278.08,"delivery_group":"DELIVERY","warehouse_id":"Z"},{"variation_id":"40779","customer_group":"DISTRI","customer_id":"","min_qty":1,"max_qty":9999999,"steps":1,"price":229.82,"price_incl":278.08,"delivery_group":"COLLECT","warehouse_id":""},{"variation_id":"40779","customer_group":"DISTRI","customer_id":"","min_qty":1,"max_qty":9999999,"steps":1,"price":229.82,"price_incl":278.08,"delivery_group":"DELIVERY","warehouse_id":""},{"variation_id":"40779","customer_group":"DISTRI","customer_id":"","min_qty":1,"max_qty":9999999,"steps":1,"price":229.82,"price_incl":278.08,"delivery_group":"COLLECT","warehouse_id":"W"},{"variation_id":"40779","customer_group":"DISTRI","customer_id":"","min_qty":1,"max_qty":9999999,"steps":1,"price":229.82,"price_incl":278.08,"delivery_group":"DELIVERY","warehouse_id":"W"},{"variation_id":"40779","customer_group":"DISTRI","customer_id":"129214","min_qty":1,"max_qty":9999999,"steps":1,"price":177.41,"price_incl":214.67,"delivery_group":"COLLECT","warehouse_id":"Z"},{"variation_id":"40779","customer_group":"DISTRI","customer_id":"129214","min_qty":1,"max_qty":9999999,"steps":1,"price":177.41,"price_incl":214.67,"delivery_group":"COLLECT","warehouse_id":"Z"},{"variation_id":"40779","customer_group":"DISTRI","customer_id":"129214","min_qty":1,"max_qty":9999999,"steps":1,"price":177.41,"price_incl":214.67,"delivery_group":"DELIVERY","warehouse_id":"Z"},{"variation_id":"40779","customer_group":"DISTRI","customer_id":"129214","min_qty":1,"max_qty":9999999,"steps":1,"price":177.41,"price_incl":214.67,"delivery_group":"DELIVERY","warehouse_id":"Z"},{"variation_id":"40779","customer_group":"DISTRI","customer_id":"129214","min_qty":1,"max_qty":9999999,"steps":1,"price":182.95,"price_incl":221.37,"delivery_group":"COLLECT","warehouse_id":""},{"variation_id":"40779","customer_group":"DISTRI","customer_id":"129214","min_qty":1,"max_qty":9999999,"steps":1,"price":182.95,"price_incl":221.37,"delivery_group":"DELIVERY","warehouse_id":""},{"variation_id":"40779","customer_group":"DISTRI","customer_id":"129214","min_qty":1,"max_qty":9999999,"steps":1,"price":177.41,"price_incl":214.67,"delivery_group":"COLLECT","warehouse_id":"W"},{"variation_id":"40779","customer_group":"DISTRI","customer_id":"129214","min_qty":1,"max_qty":9999999,"steps":1,"price":177.41,"price_incl":214.67,"delivery_group":"COLLECT","warehouse_id":"W"},{"variation_id":"40779","customer_group":"DISTRI","customer_id":"129214","min_qty":1,"max_qty":9999999,"steps":1,"price":177.41,"price_incl":214.67,"delivery_group":"DELIVERY","warehouse_id":"W"},{"variation_id":"40779","customer_group":"DISTRI","customer_id":"129214","min_qty":1,"max_qty":9999999,"steps":1,"price":177.41,"price_incl":214.67,"delivery_group":"DELIVERY","warehouse_id":"W"}],"packaging_ids":[{"packaging_name":"Pi\u00e8ce","packaging_id":"7","erp_id":"6264"}]},"yoast_head":"<!-- This site is optimized with the Yoast SEO plugin v27.3 - https:\/\/yoast.com\/product\/yoast-seo-wordpress\/ -->\n<title>Easyfix LI Corten 150 (paquet 6 bordures) - Gravelart<\/title>\n<meta name=\"description\" content=\"Bestel Easyfix LI Corten 150 (paquet 6 bordures) voor jouw volgende tuinproject.\" \/>\n<meta name=\"robots\" content=\"index, follow, max-snippet:-1, max-image-preview:large, max-video-preview:-1\" \/>\n<link rel=\"canonical\" href=\"https:\/\/gravelart.be\/fr\/product\/easyfix-li-corten-150-paquet-6-bordures\/\" \/>\n<meta property=\"og:locale\" content=\"fr_FR\" \/>\n<meta property=\"og:type\" content=\"article\" \/>\n<meta property=\"og:title\" content=\"Easyfix LI Corten 150 (paquet 6 bordures) - Gravelart\" \/>\n<meta property=\"og:description\" content=\"Bestel Easyfix LI Corten 150 (paquet 6 bordures) voor jouw volgende tuinproject.\" \/>\n<meta property=\"og:url\" content=\"https:\/\/gravelart.be\/fr\/product\/easyfix-li-corten-150-paquet-6-bordures\/\" \/>\n<meta property=\"og:site_name\" content=\"Gravelart\" \/>\n<meta property=\"article:modified_time\" content=\"2026-02-24T19:12:13+00:00\" \/>\n<meta property=\"og:image\" content=\"https:\/\/gravelart.be\/wp-content\/uploads\/2023\/02\/WEBSHOP_IMAGE_1-6264.jpg\" \/>\n\t<meta property=\"og:image:width\" content=\"1000\" \/>\n\t<meta property=\"og:image:height\" content=\"1000\" \/>\n\t<meta property=\"og:image:type\" content=\"image\/jpeg\" \/>\n<meta name=\"twitter:card\" content=\"summary_large_image\" \/>\n<script type=\"application\/ld+json\" class=\"yoast-schema-graph\">{\"@context\":\"https:\\\/\\\/schema.org\",\"@graph\":[{\"@type\":\"WebPage\",\"@id\":\"https:\\\/\\\/gravelart.be\\\/fr\\\/product\\\/easyfix-li-corten-150-paquet-6-bordures\\\/\",\"url\":\"https:\\\/\\\/gravelart.be\\\/fr\\\/product\\\/easyfix-li-corten-150-paquet-6-bordures\\\/\",\"name\":\"Easyfix LI Corten 150 (paquet 6 bordures) - Gravelart\",\"isPartOf\":{\"@id\":\"https:\\\/\\\/gravelart.be\\\/fr\\\/#website\"},\"primaryImageOfPage\":{\"@id\":\"https:\\\/\\\/gravelart.be\\\/fr\\\/product\\\/easyfix-li-corten-150-paquet-6-bordures\\\/#primaryimage\"},\"image\":{\"@id\":\"https:\\\/\\\/gravelart.be\\\/fr\\\/product\\\/easyfix-li-corten-150-paquet-6-bordures\\\/#primaryimage\"},\"thumbnailUrl\":\"https:\\\/\\\/gravelart.be\\\/wp-content\\\/uploads\\\/2023\\\/02\\\/WEBSHOP_IMAGE_1-6264.jpg\",\"datePublished\":\"2023-02-02T08:11:13+00:00\",\"dateModified\":\"2026-02-24T19:12:13+00:00\",\"description\":\"Bestel Easyfix LI Corten 150 (paquet 6 bordures) voor jouw volgende tuinproject.\",\"breadcrumb\":{\"@id\":\"https:\\\/\\\/gravelart.be\\\/fr\\\/product\\\/easyfix-li-corten-150-paquet-6-bordures\\\/#breadcrumb\"},\"inLanguage\":\"fr-FR\",\"potentialAction\":[{\"@type\":\"ReadAction\",\"target\":[\"https:\\\/\\\/gravelart.be\\\/fr\\\/product\\\/easyfix-li-corten-150-paquet-6-bordures\\\/\"]}]},{\"@type\":\"ImageObject\",\"inLanguage\":\"fr-FR\",\"@id\":\"https:\\\/\\\/gravelart.be\\\/fr\\\/product\\\/easyfix-li-corten-150-paquet-6-bordures\\\/#primaryimage\",\"url\":\"https:\\\/\\\/gravelart.be\\\/wp-content\\\/uploads\\\/2023\\\/02\\\/WEBSHOP_IMAGE_1-6264.jpg\",\"contentUrl\":\"https:\\\/\\\/gravelart.be\\\/wp-content\\\/uploads\\\/2023\\\/02\\\/WEBSHOP_IMAGE_1-6264.jpg\",\"width\":1000,\"height\":1000},{\"@type\":\"BreadcrumbList\",\"@id\":\"https:\\\/\\\/gravelart.be\\\/fr\\\/product\\\/easyfix-li-corten-150-paquet-6-bordures\\\/#breadcrumb\",\"itemListElement\":[{\"@type\":\"ListItem\",\"position\":1,\"name\":\"Home\",\"item\":\"https:\\\/\\\/gravelart.be\\\/fr\\\/\"},{\"@type\":\"ListItem\",\"position\":2,\"name\":\"Produits\",\"item\":\"https:\\\/\\\/gravelart.be\\\/fr\\\/boutique\\\/\"},{\"@type\":\"ListItem\",\"position\":3,\"name\":\"Easyfix LI Corten 150 (paquet 6 bordures)\"}]},{\"@type\":\"WebSite\",\"@id\":\"https:\\\/\\\/gravelart.be\\\/fr\\\/#website\",\"url\":\"https:\\\/\\\/gravelart.be\\\/fr\\\/\",\"name\":\"Gravelart\",\"description\":\"Alles voor tuin en park\",\"publisher\":{\"@id\":\"https:\\\/\\\/gravelart.be\\\/fr\\\/#organization\"},\"potentialAction\":[{\"@type\":\"SearchAction\",\"target\":{\"@type\":\"EntryPoint\",\"urlTemplate\":\"https:\\\/\\\/gravelart.be\\\/fr\\\/?s={search_term_string}\"},\"query-input\":{\"@type\":\"PropertyValueSpecification\",\"valueRequired\":true,\"valueName\":\"search_term_string\"}}],\"inLanguage\":\"fr-FR\"},{\"@type\":\"Organization\",\"@id\":\"https:\\\/\\\/gravelart.be\\\/fr\\\/#organization\",\"name\":\"Gravelart\",\"url\":\"https:\\\/\\\/gravelart.be\\\/fr\\\/\",\"logo\":{\"@type\":\"ImageObject\",\"inLanguage\":\"fr-FR\",\"@id\":\"https:\\\/\\\/gravelart.be\\\/fr\\\/#\\\/schema\\\/logo\\\/image\\\/\",\"url\":\"https:\\\/\\\/gravelart.be\\\/wp-content\\\/uploads\\\/2022\\\/10\\\/logo-gravelart.png\",\"contentUrl\":\"https:\\\/\\\/gravelart.be\\\/wp-content\\\/uploads\\\/2022\\\/10\\\/logo-gravelart.png\",\"width\":348,\"height\":186,\"caption\":\"Gravelart\"},\"image\":{\"@id\":\"https:\\\/\\\/gravelart.be\\\/fr\\\/#\\\/schema\\\/logo\\\/image\\\/\"}}]}<\/script>\n<!-- \/ Yoast SEO plugin. -->","yoast_head_json":{"title":"Easyfix LI Corten 150 (paquet 6 bordures) - Gravelart","description":"Bestel Easyfix LI Corten 150 (paquet 6 bordures) voor jouw volgende tuinproject.","robots":{"index":"index","follow":"follow","max-snippet":"max-snippet:-1","max-image-preview":"max-image-preview:large","max-video-preview":"max-video-preview:-1"},"canonical":"https:\/\/gravelart.be\/fr\/product\/easyfix-li-corten-150-paquet-6-bordures\/","og_locale":"fr_FR","og_type":"article","og_title":"Easyfix LI Corten 150 (paquet 6 bordures) - Gravelart","og_description":"Bestel Easyfix LI Corten 150 (paquet 6 bordures) voor jouw volgende tuinproject.","og_url":"https:\/\/gravelart.be\/fr\/product\/easyfix-li-corten-150-paquet-6-bordures\/","og_site_name":"Gravelart","article_modified_time":"2026-02-24T19:12:13+00:00","og_image":[{"width":1000,"height":1000,"url":"https:\/\/gravelart.be\/wp-content\/uploads\/2023\/02\/WEBSHOP_IMAGE_1-6264.jpg","type":"image\/jpeg"}],"twitter_card":"summary_large_image","schema":{"@context":"https:\/\/schema.org","@graph":[{"@type":"WebPage","@id":"https:\/\/gravelart.be\/fr\/product\/easyfix-li-corten-150-paquet-6-bordures\/","url":"https:\/\/gravelart.be\/fr\/product\/easyfix-li-corten-150-paquet-6-bordures\/","name":"Easyfix LI Corten 150 (paquet 6 bordures) - Gravelart","isPartOf":{"@id":"https:\/\/gravelart.be\/fr\/#website"},"primaryImageOfPage":{"@id":"https:\/\/gravelart.be\/fr\/product\/easyfix-li-corten-150-paquet-6-bordures\/#primaryimage"},"image":{"@id":"https:\/\/gravelart.be\/fr\/product\/easyfix-li-corten-150-paquet-6-bordures\/#primaryimage"},"thumbnailUrl":"https:\/\/gravelart.be\/wp-content\/uploads\/2023\/02\/WEBSHOP_IMAGE_1-6264.jpg","datePublished":"2023-02-02T08:11:13+00:00","dateModified":"2026-02-24T19:12:13+00:00","description":"Bestel Easyfix LI Corten 150 (paquet 6 bordures) voor jouw volgende tuinproject.","breadcrumb":{"@id":"https:\/\/gravelart.be\/fr\/product\/easyfix-li-corten-150-paquet-6-bordures\/#breadcrumb"},"inLanguage":"fr-FR","potentialAction":[{"@type":"ReadAction","target":["https:\/\/gravelart.be\/fr\/product\/easyfix-li-corten-150-paquet-6-bordures\/"]}]},{"@type":"ImageObject","inLanguage":"fr-FR","@id":"https:\/\/gravelart.be\/fr\/product\/easyfix-li-corten-150-paquet-6-bordures\/#primaryimage","url":"https:\/\/gravelart.be\/wp-content\/uploads\/2023\/02\/WEBSHOP_IMAGE_1-6264.jpg","contentUrl":"https:\/\/gravelart.be\/wp-content\/uploads\/2023\/02\/WEBSHOP_IMAGE_1-6264.jpg","width":1000,"height":1000},{"@type":"BreadcrumbList","@id":"https:\/\/gravelart.be\/fr\/product\/easyfix-li-corten-150-paquet-6-bordures\/#breadcrumb","itemListElement":[{"@type":"ListItem","position":1,"name":"Home","item":"https:\/\/gravelart.be\/fr\/"},{"@type":"ListItem","position":2,"name":"Produits","item":"https:\/\/gravelart.be\/fr\/boutique\/"},{"@type":"ListItem","position":3,"name":"Easyfix LI Corten 150 (paquet 6 bordures)"}]},{"@type":"WebSite","@id":"https:\/\/gravelart.be\/fr\/#website","url":"https:\/\/gravelart.be\/fr\/","name":"Gravelart","description":"Alles voor tuin en park","publisher":{"@id":"https:\/\/gravelart.be\/fr\/#organization"},"potentialAction":[{"@type":"SearchAction","target":{"@type":"EntryPoint","urlTemplate":"https:\/\/gravelart.be\/fr\/?s={search_term_string}"},"query-input":{"@type":"PropertyValueSpecification","valueRequired":true,"valueName":"search_term_string"}}],"inLanguage":"fr-FR"},{"@type":"Organization","@id":"https:\/\/gravelart.be\/fr\/#organization","name":"Gravelart","url":"https:\/\/gravelart.be\/fr\/","logo":{"@type":"ImageObject","inLanguage":"fr-FR","@id":"https:\/\/gravelart.be\/fr\/#\/schema\/logo\/image\/","url":"https:\/\/gravelart.be\/wp-content\/uploads\/2022\/10\/logo-gravelart.png","contentUrl":"https:\/\/gravelart.be\/wp-content\/uploads\/2022\/10\/logo-gravelart.png","width":348,"height":186,"caption":"Gravelart"},"image":{"@id":"https:\/\/gravelart.be\/fr\/#\/schema\/logo\/image\/"}}]}},"_links":{"self":[{"href":"https:\/\/gravelart.be\/fr\/wp-json\/wp\/v2\/product\/32527","targetHints":{"allow":["GET"]}}],"collection":[{"href":"https:\/\/gravelart.be\/fr\/wp-json\/wp\/v2\/product"}],"about":[{"href":"https:\/\/gravelart.be\/fr\/wp-json\/wp\/v2\/types\/product"}],"replies":[{"embeddable":true,"href":"https:\/\/gravelart.be\/fr\/wp-json\/wp\/v2\/comments?post=32527"}],"wp:featuredmedia":[{"embeddable":true,"href":"https:\/\/gravelart.be\/fr\/wp-json\/wp\/v2\/media\/40776"}],"wp:attachment":[{"href":"https:\/\/gravelart.be\/fr\/wp-json\/wp\/v2\/media?parent=32527"}],"wp:term":[{"taxonomy":"product_brand","embeddable":true,"href":"https:\/\/gravelart.be\/fr\/wp-json\/wp\/v2\/product_brand?post=32527"},{"taxonomy":"product_cat","embeddable":true,"href":"https:\/\/gravelart.be\/fr\/wp-json\/wp\/v2\/product_cat?post=32527"},{"taxonomy":"product_tag","embeddable":true,"href":"https:\/\/gravelart.be\/fr\/wp-json\/wp\/v2\/product_tag?post=32527"}],"curies":[{"name":"wp","href":"https:\/\/api.w.org\/{rel}","templated":true}]}}