{"id":32537,"date":"2023-02-02T09:11:28","date_gmt":"2023-02-02T08:11:28","guid":{"rendered":"https:\/\/gravelart.be\/?post_type=product&#038;p=32537"},"modified":"2026-02-24T20:12:00","modified_gmt":"2026-02-24T19:12:00","slug":"ecolat-droite-2m-x-19cm","status":"publish","type":"product","link":"https:\/\/gravelart.be\/fr\/product\/ecolat-droite-2m-x-19cm\/","title":{"rendered":"Ecolat droite 2m x 19cm"},"content":{"rendered":"","protected":false},"excerpt":{"rendered":"<p>Gr\u00e2ce aux bordures Ecolat en plastique, vous r\u00e9alisez des bordures de jardin parfaites, notamment pour les gazons, les all\u00e9es de jardins, les platebandes et les parterres, avec du gravier, des galets, de l\u2019\u00e9corce ou des coquillages. Le syst\u00e8me Ecolat convient galement parfaitement pour la r\u00e9alisation d\u2019un bord d\u2019\u00e9tang \u00e0 niveau, sans film de plastique visible. Pour une fixation stable et ais\u00e9e, utilisez des piquets Ecopic au profil en H. Les bordures Ecolat sont fabriqu\u00e9es en plastique recycl\u00e9. Elles sont d\u00e8s lors plus respectueuses de l\u2019environnement, plus durables, plus facilement pliables et plus adapt\u00e9es pour des formes incurv\u00e9es que des lattes en bois.Les lattes peuvent \u00eatre travaill\u00e9es comme du bois (forage, fraisage, sciage) et sont disponibles en gris de diverses nuances et dans diverses textures.<\/p>\n","protected":false},"featured_media":40802,"comment_status":"open","ping_status":"closed","template":"","meta":{"_acf_changed":false,"inline_featured_image":false},"product_brand":[],"product_cat":[4149,4901],"product_tag":[],"class_list":{"0":"post-32537","1":"product","2":"type-product","3":"status-publish","4":"has-post-thumbnail","6":"product_cat-bordures","7":"product_cat-plastique-recycle","9":"first","10":"instock","11":"taxable","12":"shipping-taxable","13":"purchasable","14":"product-type-variable","15":"has-default-attributes"},"acf":{"woocommerce_erp_id":"4494","woocommerce_cnk_id":"100017","product_density":0,"custom_prices":[{"variation_id":"40809","customer_group":"PRO","customer_id":"","min_qty":1,"max_qty":9999999,"steps":1,"price":9.6,"price_incl":11.62,"delivery_group":"COLLECT","warehouse_id":""},{"variation_id":"40809","customer_group":"PRO","customer_id":"","min_qty":1,"max_qty":9999999,"steps":1,"price":9.6,"price_incl":11.62,"delivery_group":"DELIVERY","warehouse_id":""},{"variation_id":"40809","customer_group":"DISTRI","customer_id":"129214","min_qty":1,"max_qty":9999999,"steps":1,"price":8.18,"price_incl":9.9,"delivery_group":"DELIVERY","warehouse_id":""},{"variation_id":"40809","customer_group":"DISTRI","customer_id":"129214","min_qty":1,"max_qty":9999999,"steps":1,"price":8.18,"price_incl":9.9,"delivery_group":"COLLECT","warehouse_id":""}],"packaging_ids":[{"packaging_name":"Pi\u00e8ce","packaging_id":"7","erp_id":"4494"}]},"yoast_head":"<!-- This site is optimized with the Yoast SEO plugin v27.3 - https:\/\/yoast.com\/product\/yoast-seo-wordpress\/ -->\n<title>Ecolat droite 2m x 19cm - Gravelart<\/title>\n<meta name=\"description\" content=\"Bestel Ecolat droite 2m x 19cm voor jouw volgende tuinproject.\" \/>\n<meta name=\"robots\" content=\"index, follow, max-snippet:-1, max-image-preview:large, max-video-preview:-1\" \/>\n<link rel=\"canonical\" href=\"https:\/\/gravelart.be\/fr\/product\/ecolat-droite-2m-x-19cm\/\" \/>\n<meta property=\"og:locale\" content=\"fr_FR\" \/>\n<meta property=\"og:type\" content=\"article\" \/>\n<meta property=\"og:title\" content=\"Ecolat droite 2m x 19cm - Gravelart\" \/>\n<meta property=\"og:description\" content=\"Bestel Ecolat droite 2m x 19cm voor jouw volgende tuinproject.\" \/>\n<meta property=\"og:url\" content=\"https:\/\/gravelart.be\/fr\/product\/ecolat-droite-2m-x-19cm\/\" \/>\n<meta property=\"og:site_name\" content=\"Gravelart\" \/>\n<meta property=\"article:modified_time\" content=\"2026-02-24T19:12:00+00:00\" \/>\n<meta property=\"og:image\" content=\"https:\/\/gravelart.be\/wp-content\/uploads\/2023\/02\/WEBSHOP_IMAGE_1-4429.jpg\" \/>\n\t<meta property=\"og:image:width\" content=\"1900\" \/>\n\t<meta property=\"og:image:height\" content=\"1218\" \/>\n\t<meta property=\"og:image:type\" content=\"image\/jpeg\" \/>\n<meta name=\"twitter:card\" content=\"summary_large_image\" \/>\n<script type=\"application\/ld+json\" class=\"yoast-schema-graph\">{\"@context\":\"https:\\\/\\\/schema.org\",\"@graph\":[{\"@type\":\"WebPage\",\"@id\":\"https:\\\/\\\/gravelart.be\\\/fr\\\/product\\\/ecolat-droite-2m-x-19cm\\\/\",\"url\":\"https:\\\/\\\/gravelart.be\\\/fr\\\/product\\\/ecolat-droite-2m-x-19cm\\\/\",\"name\":\"Ecolat droite 2m x 19cm - Gravelart\",\"isPartOf\":{\"@id\":\"https:\\\/\\\/gravelart.be\\\/fr\\\/#website\"},\"primaryImageOfPage\":{\"@id\":\"https:\\\/\\\/gravelart.be\\\/fr\\\/product\\\/ecolat-droite-2m-x-19cm\\\/#primaryimage\"},\"image\":{\"@id\":\"https:\\\/\\\/gravelart.be\\\/fr\\\/product\\\/ecolat-droite-2m-x-19cm\\\/#primaryimage\"},\"thumbnailUrl\":\"https:\\\/\\\/gravelart.be\\\/wp-content\\\/uploads\\\/2023\\\/02\\\/WEBSHOP_IMAGE_1-4429.jpg\",\"datePublished\":\"2023-02-02T08:11:28+00:00\",\"dateModified\":\"2026-02-24T19:12:00+00:00\",\"description\":\"Bestel Ecolat droite 2m x 19cm voor jouw volgende tuinproject.\",\"breadcrumb\":{\"@id\":\"https:\\\/\\\/gravelart.be\\\/fr\\\/product\\\/ecolat-droite-2m-x-19cm\\\/#breadcrumb\"},\"inLanguage\":\"fr-FR\",\"potentialAction\":[{\"@type\":\"ReadAction\",\"target\":[\"https:\\\/\\\/gravelart.be\\\/fr\\\/product\\\/ecolat-droite-2m-x-19cm\\\/\"]}]},{\"@type\":\"ImageObject\",\"inLanguage\":\"fr-FR\",\"@id\":\"https:\\\/\\\/gravelart.be\\\/fr\\\/product\\\/ecolat-droite-2m-x-19cm\\\/#primaryimage\",\"url\":\"https:\\\/\\\/gravelart.be\\\/wp-content\\\/uploads\\\/2023\\\/02\\\/WEBSHOP_IMAGE_1-4429.jpg\",\"contentUrl\":\"https:\\\/\\\/gravelart.be\\\/wp-content\\\/uploads\\\/2023\\\/02\\\/WEBSHOP_IMAGE_1-4429.jpg\",\"width\":1900,\"height\":1218},{\"@type\":\"BreadcrumbList\",\"@id\":\"https:\\\/\\\/gravelart.be\\\/fr\\\/product\\\/ecolat-droite-2m-x-19cm\\\/#breadcrumb\",\"itemListElement\":[{\"@type\":\"ListItem\",\"position\":1,\"name\":\"Home\",\"item\":\"https:\\\/\\\/gravelart.be\\\/fr\\\/\"},{\"@type\":\"ListItem\",\"position\":2,\"name\":\"Produits\",\"item\":\"https:\\\/\\\/gravelart.be\\\/fr\\\/boutique\\\/\"},{\"@type\":\"ListItem\",\"position\":3,\"name\":\"Ecolat droite 2m x 19cm\"}]},{\"@type\":\"WebSite\",\"@id\":\"https:\\\/\\\/gravelart.be\\\/fr\\\/#website\",\"url\":\"https:\\\/\\\/gravelart.be\\\/fr\\\/\",\"name\":\"Gravelart\",\"description\":\"Alles voor tuin en park\",\"publisher\":{\"@id\":\"https:\\\/\\\/gravelart.be\\\/fr\\\/#organization\"},\"potentialAction\":[{\"@type\":\"SearchAction\",\"target\":{\"@type\":\"EntryPoint\",\"urlTemplate\":\"https:\\\/\\\/gravelart.be\\\/fr\\\/?s={search_term_string}\"},\"query-input\":{\"@type\":\"PropertyValueSpecification\",\"valueRequired\":true,\"valueName\":\"search_term_string\"}}],\"inLanguage\":\"fr-FR\"},{\"@type\":\"Organization\",\"@id\":\"https:\\\/\\\/gravelart.be\\\/fr\\\/#organization\",\"name\":\"Gravelart\",\"url\":\"https:\\\/\\\/gravelart.be\\\/fr\\\/\",\"logo\":{\"@type\":\"ImageObject\",\"inLanguage\":\"fr-FR\",\"@id\":\"https:\\\/\\\/gravelart.be\\\/fr\\\/#\\\/schema\\\/logo\\\/image\\\/\",\"url\":\"https:\\\/\\\/gravelart.be\\\/wp-content\\\/uploads\\\/2022\\\/10\\\/logo-gravelart.png\",\"contentUrl\":\"https:\\\/\\\/gravelart.be\\\/wp-content\\\/uploads\\\/2022\\\/10\\\/logo-gravelart.png\",\"width\":348,\"height\":186,\"caption\":\"Gravelart\"},\"image\":{\"@id\":\"https:\\\/\\\/gravelart.be\\\/fr\\\/#\\\/schema\\\/logo\\\/image\\\/\"}}]}<\/script>\n<!-- \/ Yoast SEO plugin. -->","yoast_head_json":{"title":"Ecolat droite 2m x 19cm - Gravelart","description":"Bestel Ecolat droite 2m x 19cm voor jouw volgende tuinproject.","robots":{"index":"index","follow":"follow","max-snippet":"max-snippet:-1","max-image-preview":"max-image-preview:large","max-video-preview":"max-video-preview:-1"},"canonical":"https:\/\/gravelart.be\/fr\/product\/ecolat-droite-2m-x-19cm\/","og_locale":"fr_FR","og_type":"article","og_title":"Ecolat droite 2m x 19cm - Gravelart","og_description":"Bestel Ecolat droite 2m x 19cm voor jouw volgende tuinproject.","og_url":"https:\/\/gravelart.be\/fr\/product\/ecolat-droite-2m-x-19cm\/","og_site_name":"Gravelart","article_modified_time":"2026-02-24T19:12:00+00:00","og_image":[{"width":1900,"height":1218,"url":"https:\/\/gravelart.be\/wp-content\/uploads\/2023\/02\/WEBSHOP_IMAGE_1-4429.jpg","type":"image\/jpeg"}],"twitter_card":"summary_large_image","schema":{"@context":"https:\/\/schema.org","@graph":[{"@type":"WebPage","@id":"https:\/\/gravelart.be\/fr\/product\/ecolat-droite-2m-x-19cm\/","url":"https:\/\/gravelart.be\/fr\/product\/ecolat-droite-2m-x-19cm\/","name":"Ecolat droite 2m x 19cm - Gravelart","isPartOf":{"@id":"https:\/\/gravelart.be\/fr\/#website"},"primaryImageOfPage":{"@id":"https:\/\/gravelart.be\/fr\/product\/ecolat-droite-2m-x-19cm\/#primaryimage"},"image":{"@id":"https:\/\/gravelart.be\/fr\/product\/ecolat-droite-2m-x-19cm\/#primaryimage"},"thumbnailUrl":"https:\/\/gravelart.be\/wp-content\/uploads\/2023\/02\/WEBSHOP_IMAGE_1-4429.jpg","datePublished":"2023-02-02T08:11:28+00:00","dateModified":"2026-02-24T19:12:00+00:00","description":"Bestel Ecolat droite 2m x 19cm voor jouw volgende tuinproject.","breadcrumb":{"@id":"https:\/\/gravelart.be\/fr\/product\/ecolat-droite-2m-x-19cm\/#breadcrumb"},"inLanguage":"fr-FR","potentialAction":[{"@type":"ReadAction","target":["https:\/\/gravelart.be\/fr\/product\/ecolat-droite-2m-x-19cm\/"]}]},{"@type":"ImageObject","inLanguage":"fr-FR","@id":"https:\/\/gravelart.be\/fr\/product\/ecolat-droite-2m-x-19cm\/#primaryimage","url":"https:\/\/gravelart.be\/wp-content\/uploads\/2023\/02\/WEBSHOP_IMAGE_1-4429.jpg","contentUrl":"https:\/\/gravelart.be\/wp-content\/uploads\/2023\/02\/WEBSHOP_IMAGE_1-4429.jpg","width":1900,"height":1218},{"@type":"BreadcrumbList","@id":"https:\/\/gravelart.be\/fr\/product\/ecolat-droite-2m-x-19cm\/#breadcrumb","itemListElement":[{"@type":"ListItem","position":1,"name":"Home","item":"https:\/\/gravelart.be\/fr\/"},{"@type":"ListItem","position":2,"name":"Produits","item":"https:\/\/gravelart.be\/fr\/boutique\/"},{"@type":"ListItem","position":3,"name":"Ecolat droite 2m x 19cm"}]},{"@type":"WebSite","@id":"https:\/\/gravelart.be\/fr\/#website","url":"https:\/\/gravelart.be\/fr\/","name":"Gravelart","description":"Alles voor tuin en park","publisher":{"@id":"https:\/\/gravelart.be\/fr\/#organization"},"potentialAction":[{"@type":"SearchAction","target":{"@type":"EntryPoint","urlTemplate":"https:\/\/gravelart.be\/fr\/?s={search_term_string}"},"query-input":{"@type":"PropertyValueSpecification","valueRequired":true,"valueName":"search_term_string"}}],"inLanguage":"fr-FR"},{"@type":"Organization","@id":"https:\/\/gravelart.be\/fr\/#organization","name":"Gravelart","url":"https:\/\/gravelart.be\/fr\/","logo":{"@type":"ImageObject","inLanguage":"fr-FR","@id":"https:\/\/gravelart.be\/fr\/#\/schema\/logo\/image\/","url":"https:\/\/gravelart.be\/wp-content\/uploads\/2022\/10\/logo-gravelart.png","contentUrl":"https:\/\/gravelart.be\/wp-content\/uploads\/2022\/10\/logo-gravelart.png","width":348,"height":186,"caption":"Gravelart"},"image":{"@id":"https:\/\/gravelart.be\/fr\/#\/schema\/logo\/image\/"}}]}},"_links":{"self":[{"href":"https:\/\/gravelart.be\/fr\/wp-json\/wp\/v2\/product\/32537","targetHints":{"allow":["GET"]}}],"collection":[{"href":"https:\/\/gravelart.be\/fr\/wp-json\/wp\/v2\/product"}],"about":[{"href":"https:\/\/gravelart.be\/fr\/wp-json\/wp\/v2\/types\/product"}],"replies":[{"embeddable":true,"href":"https:\/\/gravelart.be\/fr\/wp-json\/wp\/v2\/comments?post=32537"}],"wp:featuredmedia":[{"embeddable":true,"href":"https:\/\/gravelart.be\/fr\/wp-json\/wp\/v2\/media\/40802"}],"wp:attachment":[{"href":"https:\/\/gravelart.be\/fr\/wp-json\/wp\/v2\/media?parent=32537"}],"wp:term":[{"taxonomy":"product_brand","embeddable":true,"href":"https:\/\/gravelart.be\/fr\/wp-json\/wp\/v2\/product_brand?post=32537"},{"taxonomy":"product_cat","embeddable":true,"href":"https:\/\/gravelart.be\/fr\/wp-json\/wp\/v2\/product_cat?post=32537"},{"taxonomy":"product_tag","embeddable":true,"href":"https:\/\/gravelart.be\/fr\/wp-json\/wp\/v2\/product_tag?post=32537"}],"curies":[{"name":"wp","href":"https:\/\/api.w.org\/{rel}","templated":true}]}}