{"id":32609,"date":"2023-02-02T09:13:01","date_gmt":"2023-02-02T08:13:01","guid":{"rendered":"https:\/\/gravelart.be\/?post_type=product&#038;p=32609"},"modified":"2026-03-03T12:57:29","modified_gmt":"2026-03-03T11:57:29","slug":"beach-pebbles-flat-gray-30-60","status":"publish","type":"product","link":"https:\/\/gravelart.be\/fr\/product\/beach-pebbles-flat-gray-30-60\/","title":{"rendered":"Beach Pebbles Flat Gray 30\/60"},"content":{"rendered":"","protected":false},"excerpt":{"rendered":"<p>Les<strong> Beach Pebbles<\/strong> sont disponibles dans toutes les formes et tailles, mais ce qu\u2019ils ont en commun est qu\u2019il s\u2019agit toujours des belles cailloux ronds. Beach Pebbles sont magnifique comme d\u00e9coration dans et autour des piscines, dans les vitrines ou comme accent autour des plantes. <\/p>\n<p>De plus grandes tailles peuvent \u00eatre utilis\u00e9es pour remplir des gabions. Notre <strong><a href=\"https:\/\/gravelart.be\/fr\/product-categorie\/gravier-stabilisateurs-de-gravier\/gravier-roule\/\">gamme de Beach Pebbles<\/a><\/strong> vient de plusieurs extractions autour de la r\u00e9gion M\u00e9diterran\u00e9e.<\/p>\n<div class=\"woocommerce-product-details__short-description\">\n<p><strong>Disponible uniquement \u00e0 Wevelgem \u2013 enl\u00e8vement en big bag.<br \/>\nSacs disponibles \u00e0 Zedelgem et Wevelgem.<\/strong><\/p>\n<\/div>\n","protected":false},"featured_media":42919,"comment_status":"open","ping_status":"closed","template":"","meta":{"_acf_changed":false,"inline_featured_image":false},"product_brand":[],"product_cat":[4162,4151],"product_tag":[],"class_list":{"0":"post-32609","1":"product","2":"type-product","3":"status-publish","4":"has-post-thumbnail","6":"product_cat-gravier-roule","7":"product_cat-moellons-galets","9":"first","10":"instock","11":"taxable","12":"shipping-taxable","13":"purchasable","14":"product-type-variable","15":"has-default-attributes"},"acf":{"woocommerce_erp_id":"16258","woocommerce_cnk_id":"100281","product_density":1.6,"custom_prices":[{"variation_id":"48082","customer_group":"PRO","customer_id":"","min_qty":1,"max_qty":9999999,"steps":1,"price":9.56,"price_incl":11.57,"delivery_group":"COLLECT","warehouse_id":""},{"variation_id":"48082","customer_group":"PRO","customer_id":"","min_qty":1,"max_qty":9999999,"steps":1,"price":9.56,"price_incl":11.57,"delivery_group":"DELIVERY","warehouse_id":""},{"variation_id":"48082","customer_group":"CON","customer_id":"","min_qty":1,"max_qty":9999999,"steps":1,"price":11.57,"price_incl":14,"delivery_group":"COLLECT","warehouse_id":""},{"variation_id":"48082","customer_group":"CON","customer_id":"","min_qty":1,"max_qty":9999999,"steps":1,"price":11.57,"price_incl":14,"delivery_group":"DELIVERY","warehouse_id":""},{"variation_id":"48082","customer_group":"DISTRI","customer_id":"129214","min_qty":1,"max_qty":9999999,"steps":1,"price":7.21,"price_incl":8.72,"delivery_group":"COLLECT","warehouse_id":""},{"variation_id":"48082","customer_group":"DISTRI","customer_id":"129214","min_qty":1,"max_qty":9999999,"steps":1,"price":7.21,"price_incl":8.72,"delivery_group":"DELIVERY","warehouse_id":""},{"variation_id":"48082","customer_group":"DISTRI","customer_id":"129214","min_qty":1,"max_qty":9999999,"steps":1,"price":7.21,"price_incl":8.72,"delivery_group":"COLLECT","warehouse_id":""},{"variation_id":"48082","customer_group":"DISTRI","customer_id":"129214","min_qty":1,"max_qty":9999999,"steps":1,"price":7.21,"price_incl":8.72,"delivery_group":"DELIVERY","warehouse_id":""},{"variation_id":"48082","customer_group":"DISTRI","customer_id":"","min_qty":1,"max_qty":9999999,"steps":1,"price":9.56,"price_incl":11.57,"delivery_group":"COLLECT","warehouse_id":""},{"variation_id":"48082","customer_group":"DISTRI","customer_id":"","min_qty":1,"max_qty":9999999,"steps":1,"price":9.56,"price_incl":11.57,"delivery_group":"DELIVERY","warehouse_id":""},{"variation_id":"34194","customer_group":"PRO","customer_id":"","min_qty":1,"max_qty":9999999,"steps":1,"price":529.95,"price_incl":641.24,"delivery_group":"COLLECT","warehouse_id":""},{"variation_id":"34194","customer_group":"PRO","customer_id":"","min_qty":1,"max_qty":9999999,"steps":1,"price":529.95,"price_incl":641.24,"delivery_group":"DELIVERY","warehouse_id":""},{"variation_id":"34194","customer_group":"DISTRI","customer_id":"","min_qty":1,"max_qty":9999999,"steps":1,"price":529.95,"price_incl":641.24,"delivery_group":"COLLECT","warehouse_id":""},{"variation_id":"34194","customer_group":"DISTRI","customer_id":"","min_qty":1,"max_qty":9999999,"steps":1,"price":529.95,"price_incl":641.24,"delivery_group":"DELIVERY","warehouse_id":""},{"variation_id":"34194","customer_group":"CON","customer_id":"","min_qty":1,"max_qty":9999999,"steps":1,"price":603.26,"price_incl":729.94,"delivery_group":"COLLECT","warehouse_id":""},{"variation_id":"34194","customer_group":"CON","customer_id":"","min_qty":1,"max_qty":9999999,"steps":1,"price":603.26,"price_incl":729.94,"delivery_group":"DELIVERY","warehouse_id":""},{"variation_id":"34194","customer_group":"DISTRI","customer_id":"129214","min_qty":1,"max_qty":9999999,"steps":1,"price":469.1,"price_incl":567.61,"delivery_group":"COLLECT","warehouse_id":""},{"variation_id":"34194","customer_group":"DISTRI","customer_id":"129214","min_qty":1,"max_qty":9999999,"steps":1,"price":469.1,"price_incl":567.61,"delivery_group":"DELIVERY","warehouse_id":""},{"variation_id":"34194","customer_group":"PRO","customer_id":"128201","min_qty":1,"max_qty":9999999,"steps":1,"price":474.29,"price_incl":573.89,"delivery_group":"COLLECT","warehouse_id":""},{"variation_id":"34194","customer_group":"PRO","customer_id":"128201","min_qty":1,"max_qty":9999999,"steps":1,"price":474.29,"price_incl":573.89,"delivery_group":"DELIVERY","warehouse_id":""}],"packaging_ids":[{"packaging_name":"Big bag 1500 kg","packaging_id":"4","erp_id":"16258"},{"packaging_name":"Pi\u00e8ce","packaging_id":"7","erp_id":"17558"}]},"yoast_head":"<!-- This site is optimized with the Yoast SEO plugin v27.3 - https:\/\/yoast.com\/product\/yoast-seo-wordpress\/ -->\n<title>Beach Pebbles Flat Gray 30\/60 - Gravelart<\/title>\n<meta name=\"description\" content=\"Beach Pebbles Flat Gray 30\/60 : galets d\u00e9coratifs ronds aux nuances grises. Id\u00e9als pour les \u00e9tangs, gabions et comme \u00e9l\u00e9ment d\u00e9coratif au jardin.\" \/>\n<meta name=\"robots\" content=\"index, follow, max-snippet:-1, max-image-preview:large, max-video-preview:-1\" \/>\n<link rel=\"canonical\" href=\"https:\/\/gravelart.be\/fr\/product\/beach-pebbles-flat-gray-30-60\/\" \/>\n<meta property=\"og:locale\" content=\"fr_FR\" \/>\n<meta property=\"og:type\" content=\"article\" \/>\n<meta property=\"og:title\" content=\"Beach Pebbles Flat Gray 30\/60 - Gravelart\" \/>\n<meta property=\"og:description\" content=\"Beach Pebbles Flat Gray 30\/60 : galets d\u00e9coratifs ronds aux nuances grises. Id\u00e9als pour les \u00e9tangs, gabions et comme \u00e9l\u00e9ment d\u00e9coratif au jardin.\" \/>\n<meta property=\"og:url\" content=\"https:\/\/gravelart.be\/fr\/product\/beach-pebbles-flat-gray-30-60\/\" \/>\n<meta property=\"og:site_name\" content=\"Gravelart\" \/>\n<meta property=\"article:modified_time\" content=\"2026-03-03T11:57:29+00:00\" \/>\n<meta property=\"og:image\" content=\"https:\/\/gravelart.be\/wp-content\/uploads\/2023\/02\/WEBSHOP_IMAGE_1-16258.jpg\" \/>\n\t<meta property=\"og:image:width\" content=\"1200\" \/>\n\t<meta property=\"og:image:height\" content=\"800\" \/>\n\t<meta property=\"og:image:type\" content=\"image\/jpeg\" \/>\n<meta name=\"twitter:card\" content=\"summary_large_image\" \/>\n<script type=\"application\/ld+json\" class=\"yoast-schema-graph\">{\"@context\":\"https:\\\/\\\/schema.org\",\"@graph\":[{\"@type\":\"WebPage\",\"@id\":\"https:\\\/\\\/gravelart.be\\\/fr\\\/product\\\/beach-pebbles-flat-gray-30-60\\\/\",\"url\":\"https:\\\/\\\/gravelart.be\\\/fr\\\/product\\\/beach-pebbles-flat-gray-30-60\\\/\",\"name\":\"Beach Pebbles Flat Gray 30\\\/60 - Gravelart\",\"isPartOf\":{\"@id\":\"https:\\\/\\\/gravelart.be\\\/fr\\\/#website\"},\"primaryImageOfPage\":{\"@id\":\"https:\\\/\\\/gravelart.be\\\/fr\\\/product\\\/beach-pebbles-flat-gray-30-60\\\/#primaryimage\"},\"image\":{\"@id\":\"https:\\\/\\\/gravelart.be\\\/fr\\\/product\\\/beach-pebbles-flat-gray-30-60\\\/#primaryimage\"},\"thumbnailUrl\":\"https:\\\/\\\/gravelart.be\\\/wp-content\\\/uploads\\\/2023\\\/02\\\/WEBSHOP_IMAGE_1-16258.jpg\",\"datePublished\":\"2023-02-02T08:13:01+00:00\",\"dateModified\":\"2026-03-03T11:57:29+00:00\",\"description\":\"Beach Pebbles Flat Gray 30\\\/60 : galets d\u00e9coratifs ronds aux nuances grises. Id\u00e9als pour les \u00e9tangs, gabions et comme \u00e9l\u00e9ment d\u00e9coratif au jardin.\",\"breadcrumb\":{\"@id\":\"https:\\\/\\\/gravelart.be\\\/fr\\\/product\\\/beach-pebbles-flat-gray-30-60\\\/#breadcrumb\"},\"inLanguage\":\"fr-FR\",\"potentialAction\":[{\"@type\":\"ReadAction\",\"target\":[\"https:\\\/\\\/gravelart.be\\\/fr\\\/product\\\/beach-pebbles-flat-gray-30-60\\\/\"]}]},{\"@type\":\"ImageObject\",\"inLanguage\":\"fr-FR\",\"@id\":\"https:\\\/\\\/gravelart.be\\\/fr\\\/product\\\/beach-pebbles-flat-gray-30-60\\\/#primaryimage\",\"url\":\"https:\\\/\\\/gravelart.be\\\/wp-content\\\/uploads\\\/2023\\\/02\\\/WEBSHOP_IMAGE_1-16258.jpg\",\"contentUrl\":\"https:\\\/\\\/gravelart.be\\\/wp-content\\\/uploads\\\/2023\\\/02\\\/WEBSHOP_IMAGE_1-16258.jpg\",\"width\":1200,\"height\":800,\"caption\":\"Sec\"},{\"@type\":\"BreadcrumbList\",\"@id\":\"https:\\\/\\\/gravelart.be\\\/fr\\\/product\\\/beach-pebbles-flat-gray-30-60\\\/#breadcrumb\",\"itemListElement\":[{\"@type\":\"ListItem\",\"position\":1,\"name\":\"Home\",\"item\":\"https:\\\/\\\/gravelart.be\\\/fr\\\/\"},{\"@type\":\"ListItem\",\"position\":2,\"name\":\"Produits\",\"item\":\"https:\\\/\\\/gravelart.be\\\/fr\\\/boutique\\\/\"},{\"@type\":\"ListItem\",\"position\":3,\"name\":\"Beach Pebbles Flat Gray 30\\\/60\"}]},{\"@type\":\"WebSite\",\"@id\":\"https:\\\/\\\/gravelart.be\\\/fr\\\/#website\",\"url\":\"https:\\\/\\\/gravelart.be\\\/fr\\\/\",\"name\":\"Gravelart\",\"description\":\"Alles voor tuin en park\",\"publisher\":{\"@id\":\"https:\\\/\\\/gravelart.be\\\/fr\\\/#organization\"},\"potentialAction\":[{\"@type\":\"SearchAction\",\"target\":{\"@type\":\"EntryPoint\",\"urlTemplate\":\"https:\\\/\\\/gravelart.be\\\/fr\\\/?s={search_term_string}\"},\"query-input\":{\"@type\":\"PropertyValueSpecification\",\"valueRequired\":true,\"valueName\":\"search_term_string\"}}],\"inLanguage\":\"fr-FR\"},{\"@type\":\"Organization\",\"@id\":\"https:\\\/\\\/gravelart.be\\\/fr\\\/#organization\",\"name\":\"Gravelart\",\"url\":\"https:\\\/\\\/gravelart.be\\\/fr\\\/\",\"logo\":{\"@type\":\"ImageObject\",\"inLanguage\":\"fr-FR\",\"@id\":\"https:\\\/\\\/gravelart.be\\\/fr\\\/#\\\/schema\\\/logo\\\/image\\\/\",\"url\":\"https:\\\/\\\/gravelart.be\\\/wp-content\\\/uploads\\\/2022\\\/10\\\/logo-gravelart.png\",\"contentUrl\":\"https:\\\/\\\/gravelart.be\\\/wp-content\\\/uploads\\\/2022\\\/10\\\/logo-gravelart.png\",\"width\":348,\"height\":186,\"caption\":\"Gravelart\"},\"image\":{\"@id\":\"https:\\\/\\\/gravelart.be\\\/fr\\\/#\\\/schema\\\/logo\\\/image\\\/\"}}]}<\/script>\n<!-- \/ Yoast SEO plugin. -->","yoast_head_json":{"title":"Beach Pebbles Flat Gray 30\/60 - Gravelart","description":"Beach Pebbles Flat Gray 30\/60 : galets d\u00e9coratifs ronds aux nuances grises. Id\u00e9als pour les \u00e9tangs, gabions et comme \u00e9l\u00e9ment d\u00e9coratif au jardin.","robots":{"index":"index","follow":"follow","max-snippet":"max-snippet:-1","max-image-preview":"max-image-preview:large","max-video-preview":"max-video-preview:-1"},"canonical":"https:\/\/gravelart.be\/fr\/product\/beach-pebbles-flat-gray-30-60\/","og_locale":"fr_FR","og_type":"article","og_title":"Beach Pebbles Flat Gray 30\/60 - Gravelart","og_description":"Beach Pebbles Flat Gray 30\/60 : galets d\u00e9coratifs ronds aux nuances grises. Id\u00e9als pour les \u00e9tangs, gabions et comme \u00e9l\u00e9ment d\u00e9coratif au jardin.","og_url":"https:\/\/gravelart.be\/fr\/product\/beach-pebbles-flat-gray-30-60\/","og_site_name":"Gravelart","article_modified_time":"2026-03-03T11:57:29+00:00","og_image":[{"width":1200,"height":800,"url":"https:\/\/gravelart.be\/wp-content\/uploads\/2023\/02\/WEBSHOP_IMAGE_1-16258.jpg","type":"image\/jpeg"}],"twitter_card":"summary_large_image","schema":{"@context":"https:\/\/schema.org","@graph":[{"@type":"WebPage","@id":"https:\/\/gravelart.be\/fr\/product\/beach-pebbles-flat-gray-30-60\/","url":"https:\/\/gravelart.be\/fr\/product\/beach-pebbles-flat-gray-30-60\/","name":"Beach Pebbles Flat Gray 30\/60 - Gravelart","isPartOf":{"@id":"https:\/\/gravelart.be\/fr\/#website"},"primaryImageOfPage":{"@id":"https:\/\/gravelart.be\/fr\/product\/beach-pebbles-flat-gray-30-60\/#primaryimage"},"image":{"@id":"https:\/\/gravelart.be\/fr\/product\/beach-pebbles-flat-gray-30-60\/#primaryimage"},"thumbnailUrl":"https:\/\/gravelart.be\/wp-content\/uploads\/2023\/02\/WEBSHOP_IMAGE_1-16258.jpg","datePublished":"2023-02-02T08:13:01+00:00","dateModified":"2026-03-03T11:57:29+00:00","description":"Beach Pebbles Flat Gray 30\/60 : galets d\u00e9coratifs ronds aux nuances grises. Id\u00e9als pour les \u00e9tangs, gabions et comme \u00e9l\u00e9ment d\u00e9coratif au jardin.","breadcrumb":{"@id":"https:\/\/gravelart.be\/fr\/product\/beach-pebbles-flat-gray-30-60\/#breadcrumb"},"inLanguage":"fr-FR","potentialAction":[{"@type":"ReadAction","target":["https:\/\/gravelart.be\/fr\/product\/beach-pebbles-flat-gray-30-60\/"]}]},{"@type":"ImageObject","inLanguage":"fr-FR","@id":"https:\/\/gravelart.be\/fr\/product\/beach-pebbles-flat-gray-30-60\/#primaryimage","url":"https:\/\/gravelart.be\/wp-content\/uploads\/2023\/02\/WEBSHOP_IMAGE_1-16258.jpg","contentUrl":"https:\/\/gravelart.be\/wp-content\/uploads\/2023\/02\/WEBSHOP_IMAGE_1-16258.jpg","width":1200,"height":800,"caption":"Sec"},{"@type":"BreadcrumbList","@id":"https:\/\/gravelart.be\/fr\/product\/beach-pebbles-flat-gray-30-60\/#breadcrumb","itemListElement":[{"@type":"ListItem","position":1,"name":"Home","item":"https:\/\/gravelart.be\/fr\/"},{"@type":"ListItem","position":2,"name":"Produits","item":"https:\/\/gravelart.be\/fr\/boutique\/"},{"@type":"ListItem","position":3,"name":"Beach Pebbles Flat Gray 30\/60"}]},{"@type":"WebSite","@id":"https:\/\/gravelart.be\/fr\/#website","url":"https:\/\/gravelart.be\/fr\/","name":"Gravelart","description":"Alles voor tuin en park","publisher":{"@id":"https:\/\/gravelart.be\/fr\/#organization"},"potentialAction":[{"@type":"SearchAction","target":{"@type":"EntryPoint","urlTemplate":"https:\/\/gravelart.be\/fr\/?s={search_term_string}"},"query-input":{"@type":"PropertyValueSpecification","valueRequired":true,"valueName":"search_term_string"}}],"inLanguage":"fr-FR"},{"@type":"Organization","@id":"https:\/\/gravelart.be\/fr\/#organization","name":"Gravelart","url":"https:\/\/gravelart.be\/fr\/","logo":{"@type":"ImageObject","inLanguage":"fr-FR","@id":"https:\/\/gravelart.be\/fr\/#\/schema\/logo\/image\/","url":"https:\/\/gravelart.be\/wp-content\/uploads\/2022\/10\/logo-gravelart.png","contentUrl":"https:\/\/gravelart.be\/wp-content\/uploads\/2022\/10\/logo-gravelart.png","width":348,"height":186,"caption":"Gravelart"},"image":{"@id":"https:\/\/gravelart.be\/fr\/#\/schema\/logo\/image\/"}}]}},"_links":{"self":[{"href":"https:\/\/gravelart.be\/fr\/wp-json\/wp\/v2\/product\/32609","targetHints":{"allow":["GET"]}}],"collection":[{"href":"https:\/\/gravelart.be\/fr\/wp-json\/wp\/v2\/product"}],"about":[{"href":"https:\/\/gravelart.be\/fr\/wp-json\/wp\/v2\/types\/product"}],"replies":[{"embeddable":true,"href":"https:\/\/gravelart.be\/fr\/wp-json\/wp\/v2\/comments?post=32609"}],"wp:featuredmedia":[{"embeddable":true,"href":"https:\/\/gravelart.be\/fr\/wp-json\/wp\/v2\/media\/42919"}],"wp:attachment":[{"href":"https:\/\/gravelart.be\/fr\/wp-json\/wp\/v2\/media?parent=32609"}],"wp:term":[{"taxonomy":"product_brand","embeddable":true,"href":"https:\/\/gravelart.be\/fr\/wp-json\/wp\/v2\/product_brand?post=32609"},{"taxonomy":"product_cat","embeddable":true,"href":"https:\/\/gravelart.be\/fr\/wp-json\/wp\/v2\/product_cat?post=32609"},{"taxonomy":"product_tag","embeddable":true,"href":"https:\/\/gravelart.be\/fr\/wp-json\/wp\/v2\/product_tag?post=32609"}],"curies":[{"name":"wp","href":"https:\/\/api.w.org\/{rel}","templated":true}]}}