{"id":32615,"date":"2023-02-02T09:13:10","date_gmt":"2023-02-02T08:13:10","guid":{"rendered":"https:\/\/gravelart.be\/?post_type=product&#038;p=32615"},"modified":"2026-03-03T13:24:35","modified_gmt":"2026-03-03T12:24:35","slug":"beach-pebbles-tiger","status":"publish","type":"product","link":"https:\/\/gravelart.be\/fr\/product\/beach-pebbles-tiger\/","title":{"rendered":"Beach Pebbles Tiger 50\/100"},"content":{"rendered":"","protected":false},"excerpt":{"rendered":"<p>Les<strong> Beach Pebbles<\/strong> sont disponibles dans toutes les formes et tailles, mais ce qu\u2019ils ont en commun est qu\u2019il s\u2019agit toujours des belles cailloux ronds. Beach Pebbles sont magnifique comme d\u00e9coration dans et autour des piscines, dans les vitrines ou comme accent autour des plantes. <\/p>\n<p>De plus grandes tailles peuvent \u00eatre utilis\u00e9es pour remplir des gabions. Notre <strong><a href=\"https:\/\/gravelart.be\/fr\/product-categorie\/gravier-stabilisateurs-de-gravier\/gravier-roule\/\">gamme de Beach Pebbles<\/a><\/strong> vient de plusieurs extractions autour de la r\u00e9gion M\u00e9diterran\u00e9e.<\/p>\n<p><strong>Disponible uniquement \u00e0 Wevelgem \u2013 enl\u00e8vement en big bag<\/strong><\/p>\n<p><strong>Sacs disponibles \u00e0 Zedelgem &amp; Wevelgem<\/strong><\/p>\n","protected":false},"featured_media":42934,"comment_status":"open","ping_status":"closed","template":"","meta":{"_acf_changed":false,"inline_featured_image":false},"product_brand":[],"product_cat":[4162,4151],"product_tag":[],"class_list":{"0":"post-32615","1":"product","2":"type-product","3":"status-publish","4":"has-post-thumbnail","6":"product_cat-gravier-roule","7":"product_cat-moellons-galets","9":"first","10":"instock","11":"taxable","12":"shipping-taxable","13":"purchasable","14":"product-type-variable","15":"has-default-attributes"},"acf":{"woocommerce_erp_id":"16261","woocommerce_cnk_id":"100295","product_density":1.6,"custom_prices":[{"variation_id":"48085","customer_group":"PRO","customer_id":"","min_qty":1,"max_qty":9999999,"steps":1,"price":7.61,"price_incl":9.21,"delivery_group":"COLLECT","warehouse_id":""},{"variation_id":"48085","customer_group":"PRO","customer_id":"","min_qty":1,"max_qty":9999999,"steps":1,"price":7.61,"price_incl":9.21,"delivery_group":"DELIVERY","warehouse_id":""},{"variation_id":"48085","customer_group":"DISTRI","customer_id":"","min_qty":1,"max_qty":9999999,"steps":1,"price":7.21,"price_incl":8.72,"delivery_group":"COLLECT","warehouse_id":""},{"variation_id":"48085","customer_group":"DISTRI","customer_id":"","min_qty":1,"max_qty":9999999,"steps":1,"price":7.21,"price_incl":8.72,"delivery_group":"DELIVERY","warehouse_id":""},{"variation_id":"48085","customer_group":"CON","customer_id":"","min_qty":1,"max_qty":9999999,"steps":1,"price":8.06,"price_incl":9.75,"delivery_group":"COLLECT","warehouse_id":""},{"variation_id":"48085","customer_group":"CON","customer_id":"","min_qty":1,"max_qty":9999999,"steps":1,"price":8.06,"price_incl":9.75,"delivery_group":"DELIVERY","warehouse_id":""},{"variation_id":"34191","customer_group":"CON","customer_id":"","min_qty":1,"max_qty":9999999,"steps":1,"price":563.75,"price_incl":682.14,"delivery_group":"COLLECT","warehouse_id":""},{"variation_id":"34191","customer_group":"CON","customer_id":"","min_qty":1,"max_qty":9999999,"steps":1,"price":563.75,"price_incl":682.14,"delivery_group":"DELIVERY","warehouse_id":""},{"variation_id":"34191","customer_group":"PRO","customer_id":"","min_qty":1,"max_qty":9999999,"steps":1,"price":543.75,"price_incl":657.94,"delivery_group":"COLLECT","warehouse_id":""},{"variation_id":"34191","customer_group":"PRO","customer_id":"","min_qty":1,"max_qty":9999999,"steps":1,"price":543.75,"price_incl":657.94,"delivery_group":"DELIVERY","warehouse_id":""},{"variation_id":"34191","customer_group":"PRO","customer_id":"","min_qty":1,"max_qty":9999999,"steps":1,"price":523.75,"price_incl":633.74,"delivery_group":"DELIVERY","warehouse_id":""},{"variation_id":"34191","customer_group":"PRO","customer_id":"","min_qty":1,"max_qty":9999999,"steps":1,"price":523.75,"price_incl":633.74,"delivery_group":"COLLECT","warehouse_id":""},{"variation_id":"34191","customer_group":"DISTRI","customer_id":"129214","min_qty":1,"max_qty":9999999,"steps":1,"price":483.33,"price_incl":584.83,"delivery_group":"DELIVERY","warehouse_id":""},{"variation_id":"34191","customer_group":"DISTRI","customer_id":"129214","min_qty":1,"max_qty":9999999,"steps":1,"price":483.33,"price_incl":584.83,"delivery_group":"COLLECT","warehouse_id":""}],"packaging_ids":[{"packaging_name":"Big bag 1500 kg","packaging_id":"4","erp_id":"16261"},{"packaging_name":"Pi\u00e8ce","packaging_id":"7","erp_id":"17577"}]},"yoast_head":"<!-- This site is optimized with the Yoast SEO plugin v27.3 - https:\/\/yoast.com\/product\/yoast-seo-wordpress\/ -->\n<title>Beach Pebbles Tiger 50\/100 - Gravelart<\/title>\n<meta name=\"description\" content=\"Beach Pebbles Tiger 50\/100 : grands galets d\u00e9coratifs aux rayures uniques gris-blanc. Parfaits pour les \u00e9tangs, les plantations et le remplissage de gabions.\" \/>\n<meta name=\"robots\" content=\"index, follow, max-snippet:-1, max-image-preview:large, max-video-preview:-1\" \/>\n<link rel=\"canonical\" href=\"https:\/\/gravelart.be\/fr\/product\/beach-pebbles-tiger\/\" \/>\n<meta property=\"og:locale\" content=\"fr_FR\" \/>\n<meta property=\"og:type\" content=\"article\" \/>\n<meta property=\"og:title\" content=\"Beach Pebbles Tiger 50\/100 - Gravelart\" \/>\n<meta property=\"og:description\" content=\"Beach Pebbles Tiger 50\/100 : grands galets d\u00e9coratifs aux rayures uniques gris-blanc. Parfaits pour les \u00e9tangs, les plantations et le remplissage de gabions.\" \/>\n<meta property=\"og:url\" content=\"https:\/\/gravelart.be\/fr\/product\/beach-pebbles-tiger\/\" \/>\n<meta property=\"og:site_name\" content=\"Gravelart\" \/>\n<meta property=\"article:modified_time\" content=\"2026-03-03T12:24:35+00:00\" \/>\n<meta property=\"og:image\" content=\"https:\/\/gravelart.be\/wp-content\/uploads\/2023\/02\/WEBSHOP_IMAGE_1-16261-rotated.jpg\" \/>\n\t<meta property=\"og:image:width\" content=\"1800\" \/>\n\t<meta property=\"og:image:height\" content=\"1200\" \/>\n\t<meta property=\"og:image:type\" content=\"image\/jpeg\" \/>\n<meta name=\"twitter:card\" content=\"summary_large_image\" \/>\n<script type=\"application\/ld+json\" class=\"yoast-schema-graph\">{\"@context\":\"https:\\\/\\\/schema.org\",\"@graph\":[{\"@type\":\"WebPage\",\"@id\":\"https:\\\/\\\/gravelart.be\\\/fr\\\/product\\\/beach-pebbles-tiger\\\/\",\"url\":\"https:\\\/\\\/gravelart.be\\\/fr\\\/product\\\/beach-pebbles-tiger\\\/\",\"name\":\"Beach Pebbles Tiger 50\\\/100 - Gravelart\",\"isPartOf\":{\"@id\":\"https:\\\/\\\/gravelart.be\\\/fr\\\/#website\"},\"primaryImageOfPage\":{\"@id\":\"https:\\\/\\\/gravelart.be\\\/fr\\\/product\\\/beach-pebbles-tiger\\\/#primaryimage\"},\"image\":{\"@id\":\"https:\\\/\\\/gravelart.be\\\/fr\\\/product\\\/beach-pebbles-tiger\\\/#primaryimage\"},\"thumbnailUrl\":\"https:\\\/\\\/gravelart.be\\\/wp-content\\\/uploads\\\/2023\\\/02\\\/WEBSHOP_IMAGE_1-16261-rotated.jpg\",\"datePublished\":\"2023-02-02T08:13:10+00:00\",\"dateModified\":\"2026-03-03T12:24:35+00:00\",\"description\":\"Beach Pebbles Tiger 50\\\/100 : grands galets d\u00e9coratifs aux rayures uniques gris-blanc. Parfaits pour les \u00e9tangs, les plantations et le remplissage de gabions.\",\"breadcrumb\":{\"@id\":\"https:\\\/\\\/gravelart.be\\\/fr\\\/product\\\/beach-pebbles-tiger\\\/#breadcrumb\"},\"inLanguage\":\"fr-FR\",\"potentialAction\":[{\"@type\":\"ReadAction\",\"target\":[\"https:\\\/\\\/gravelart.be\\\/fr\\\/product\\\/beach-pebbles-tiger\\\/\"]}]},{\"@type\":\"ImageObject\",\"inLanguage\":\"fr-FR\",\"@id\":\"https:\\\/\\\/gravelart.be\\\/fr\\\/product\\\/beach-pebbles-tiger\\\/#primaryimage\",\"url\":\"https:\\\/\\\/gravelart.be\\\/wp-content\\\/uploads\\\/2023\\\/02\\\/WEBSHOP_IMAGE_1-16261-rotated.jpg\",\"contentUrl\":\"https:\\\/\\\/gravelart.be\\\/wp-content\\\/uploads\\\/2023\\\/02\\\/WEBSHOP_IMAGE_1-16261-rotated.jpg\",\"width\":1800,\"height\":1200,\"caption\":\"Sec\"},{\"@type\":\"BreadcrumbList\",\"@id\":\"https:\\\/\\\/gravelart.be\\\/fr\\\/product\\\/beach-pebbles-tiger\\\/#breadcrumb\",\"itemListElement\":[{\"@type\":\"ListItem\",\"position\":1,\"name\":\"Home\",\"item\":\"https:\\\/\\\/gravelart.be\\\/fr\\\/\"},{\"@type\":\"ListItem\",\"position\":2,\"name\":\"Produits\",\"item\":\"https:\\\/\\\/gravelart.be\\\/fr\\\/boutique\\\/\"},{\"@type\":\"ListItem\",\"position\":3,\"name\":\"Beach Pebbles Tiger 50\\\/100\"}]},{\"@type\":\"WebSite\",\"@id\":\"https:\\\/\\\/gravelart.be\\\/fr\\\/#website\",\"url\":\"https:\\\/\\\/gravelart.be\\\/fr\\\/\",\"name\":\"Gravelart\",\"description\":\"Alles voor tuin en park\",\"publisher\":{\"@id\":\"https:\\\/\\\/gravelart.be\\\/fr\\\/#organization\"},\"potentialAction\":[{\"@type\":\"SearchAction\",\"target\":{\"@type\":\"EntryPoint\",\"urlTemplate\":\"https:\\\/\\\/gravelart.be\\\/fr\\\/?s={search_term_string}\"},\"query-input\":{\"@type\":\"PropertyValueSpecification\",\"valueRequired\":true,\"valueName\":\"search_term_string\"}}],\"inLanguage\":\"fr-FR\"},{\"@type\":\"Organization\",\"@id\":\"https:\\\/\\\/gravelart.be\\\/fr\\\/#organization\",\"name\":\"Gravelart\",\"url\":\"https:\\\/\\\/gravelart.be\\\/fr\\\/\",\"logo\":{\"@type\":\"ImageObject\",\"inLanguage\":\"fr-FR\",\"@id\":\"https:\\\/\\\/gravelart.be\\\/fr\\\/#\\\/schema\\\/logo\\\/image\\\/\",\"url\":\"https:\\\/\\\/gravelart.be\\\/wp-content\\\/uploads\\\/2022\\\/10\\\/logo-gravelart.png\",\"contentUrl\":\"https:\\\/\\\/gravelart.be\\\/wp-content\\\/uploads\\\/2022\\\/10\\\/logo-gravelart.png\",\"width\":348,\"height\":186,\"caption\":\"Gravelart\"},\"image\":{\"@id\":\"https:\\\/\\\/gravelart.be\\\/fr\\\/#\\\/schema\\\/logo\\\/image\\\/\"}}]}<\/script>\n<!-- \/ Yoast SEO plugin. -->","yoast_head_json":{"title":"Beach Pebbles Tiger 50\/100 - Gravelart","description":"Beach Pebbles Tiger 50\/100 : grands galets d\u00e9coratifs aux rayures uniques gris-blanc. Parfaits pour les \u00e9tangs, les plantations et le remplissage de gabions.","robots":{"index":"index","follow":"follow","max-snippet":"max-snippet:-1","max-image-preview":"max-image-preview:large","max-video-preview":"max-video-preview:-1"},"canonical":"https:\/\/gravelart.be\/fr\/product\/beach-pebbles-tiger\/","og_locale":"fr_FR","og_type":"article","og_title":"Beach Pebbles Tiger 50\/100 - Gravelart","og_description":"Beach Pebbles Tiger 50\/100 : grands galets d\u00e9coratifs aux rayures uniques gris-blanc. Parfaits pour les \u00e9tangs, les plantations et le remplissage de gabions.","og_url":"https:\/\/gravelart.be\/fr\/product\/beach-pebbles-tiger\/","og_site_name":"Gravelart","article_modified_time":"2026-03-03T12:24:35+00:00","og_image":[{"width":1800,"height":1200,"url":"https:\/\/gravelart.be\/wp-content\/uploads\/2023\/02\/WEBSHOP_IMAGE_1-16261-rotated.jpg","type":"image\/jpeg"}],"twitter_card":"summary_large_image","schema":{"@context":"https:\/\/schema.org","@graph":[{"@type":"WebPage","@id":"https:\/\/gravelart.be\/fr\/product\/beach-pebbles-tiger\/","url":"https:\/\/gravelart.be\/fr\/product\/beach-pebbles-tiger\/","name":"Beach Pebbles Tiger 50\/100 - Gravelart","isPartOf":{"@id":"https:\/\/gravelart.be\/fr\/#website"},"primaryImageOfPage":{"@id":"https:\/\/gravelart.be\/fr\/product\/beach-pebbles-tiger\/#primaryimage"},"image":{"@id":"https:\/\/gravelart.be\/fr\/product\/beach-pebbles-tiger\/#primaryimage"},"thumbnailUrl":"https:\/\/gravelart.be\/wp-content\/uploads\/2023\/02\/WEBSHOP_IMAGE_1-16261-rotated.jpg","datePublished":"2023-02-02T08:13:10+00:00","dateModified":"2026-03-03T12:24:35+00:00","description":"Beach Pebbles Tiger 50\/100 : grands galets d\u00e9coratifs aux rayures uniques gris-blanc. Parfaits pour les \u00e9tangs, les plantations et le remplissage de gabions.","breadcrumb":{"@id":"https:\/\/gravelart.be\/fr\/product\/beach-pebbles-tiger\/#breadcrumb"},"inLanguage":"fr-FR","potentialAction":[{"@type":"ReadAction","target":["https:\/\/gravelart.be\/fr\/product\/beach-pebbles-tiger\/"]}]},{"@type":"ImageObject","inLanguage":"fr-FR","@id":"https:\/\/gravelart.be\/fr\/product\/beach-pebbles-tiger\/#primaryimage","url":"https:\/\/gravelart.be\/wp-content\/uploads\/2023\/02\/WEBSHOP_IMAGE_1-16261-rotated.jpg","contentUrl":"https:\/\/gravelart.be\/wp-content\/uploads\/2023\/02\/WEBSHOP_IMAGE_1-16261-rotated.jpg","width":1800,"height":1200,"caption":"Sec"},{"@type":"BreadcrumbList","@id":"https:\/\/gravelart.be\/fr\/product\/beach-pebbles-tiger\/#breadcrumb","itemListElement":[{"@type":"ListItem","position":1,"name":"Home","item":"https:\/\/gravelart.be\/fr\/"},{"@type":"ListItem","position":2,"name":"Produits","item":"https:\/\/gravelart.be\/fr\/boutique\/"},{"@type":"ListItem","position":3,"name":"Beach Pebbles Tiger 50\/100"}]},{"@type":"WebSite","@id":"https:\/\/gravelart.be\/fr\/#website","url":"https:\/\/gravelart.be\/fr\/","name":"Gravelart","description":"Alles voor tuin en park","publisher":{"@id":"https:\/\/gravelart.be\/fr\/#organization"},"potentialAction":[{"@type":"SearchAction","target":{"@type":"EntryPoint","urlTemplate":"https:\/\/gravelart.be\/fr\/?s={search_term_string}"},"query-input":{"@type":"PropertyValueSpecification","valueRequired":true,"valueName":"search_term_string"}}],"inLanguage":"fr-FR"},{"@type":"Organization","@id":"https:\/\/gravelart.be\/fr\/#organization","name":"Gravelart","url":"https:\/\/gravelart.be\/fr\/","logo":{"@type":"ImageObject","inLanguage":"fr-FR","@id":"https:\/\/gravelart.be\/fr\/#\/schema\/logo\/image\/","url":"https:\/\/gravelart.be\/wp-content\/uploads\/2022\/10\/logo-gravelart.png","contentUrl":"https:\/\/gravelart.be\/wp-content\/uploads\/2022\/10\/logo-gravelart.png","width":348,"height":186,"caption":"Gravelart"},"image":{"@id":"https:\/\/gravelart.be\/fr\/#\/schema\/logo\/image\/"}}]}},"_links":{"self":[{"href":"https:\/\/gravelart.be\/fr\/wp-json\/wp\/v2\/product\/32615","targetHints":{"allow":["GET"]}}],"collection":[{"href":"https:\/\/gravelart.be\/fr\/wp-json\/wp\/v2\/product"}],"about":[{"href":"https:\/\/gravelart.be\/fr\/wp-json\/wp\/v2\/types\/product"}],"replies":[{"embeddable":true,"href":"https:\/\/gravelart.be\/fr\/wp-json\/wp\/v2\/comments?post=32615"}],"wp:featuredmedia":[{"embeddable":true,"href":"https:\/\/gravelart.be\/fr\/wp-json\/wp\/v2\/media\/42934"}],"wp:attachment":[{"href":"https:\/\/gravelart.be\/fr\/wp-json\/wp\/v2\/media?parent=32615"}],"wp:term":[{"taxonomy":"product_brand","embeddable":true,"href":"https:\/\/gravelart.be\/fr\/wp-json\/wp\/v2\/product_brand?post=32615"},{"taxonomy":"product_cat","embeddable":true,"href":"https:\/\/gravelart.be\/fr\/wp-json\/wp\/v2\/product_cat?post=32615"},{"taxonomy":"product_tag","embeddable":true,"href":"https:\/\/gravelart.be\/fr\/wp-json\/wp\/v2\/product_tag?post=32615"}],"curies":[{"name":"wp","href":"https:\/\/api.w.org\/{rel}","templated":true}]}}