{"id":32639,"date":"2023-02-02T09:13:41","date_gmt":"2023-02-02T08:13:41","guid":{"rendered":"https:\/\/gravelart.be\/?post_type=product&#038;p=32639"},"modified":"2026-02-24T20:12:17","modified_gmt":"2026-02-24T19:12:17","slug":"moellons-bleu-belge-40-60","status":"publish","type":"product","link":"https:\/\/gravelart.be\/fr\/product\/moellons-bleu-belge-40-60\/","title":{"rendered":"Moellons Bleu Belge 40\/60"},"content":{"rendered":"","protected":false},"excerpt":{"rendered":"<p>Le Belge Bleu est une sorte de pierre tr\u00e8s pris\u00e9e sur le march\u00e9 belge avec sa couleur bleu-gris typique et son excellent rapport qualit\u00e9\/prix. Dans le langage populaire, ce gravier est aussi appel\u00e9 petit granit bleu, pierre bleue ou pierraille ardennaise.<br \/>\nUne caract\u00e9ristique de ce type de pierre est la pr\u00e9sence de tr\u00e8s nombreux restes de squelettes calcaires provenant de petits animaux qui vivaient au fond de la mer durant la p\u00e9riode du D\u00e9vonien inf\u00e9rieur et jusqu&rsquo;au d\u00e9but du Carbonif\u00e8re. Pendant des millions d&rsquo;ann\u00e9es, ils vont s&rsquo;agglom\u00e9rer pour former cette pierre bleue renomm\u00e9e. La couleur du gravier est d\u00e9termin\u00e9e par la pr\u00e9sence de r\u00e9sidus v\u00e9g\u00e9taux fi nement dispers\u00e9s.<\/p>\n<ul>\n<li>Densit\u00e9: 1,60 ton\/m3<\/li>\n<\/ul>\n","protected":false},"featured_media":42939,"comment_status":"open","ping_status":"closed","template":"","meta":{"_acf_changed":false,"inline_featured_image":false},"product_brand":[],"product_cat":[4151],"product_tag":[],"class_list":{"0":"post-32639","1":"product","2":"type-product","3":"status-publish","4":"has-post-thumbnail","6":"product_cat-moellons-galets","8":"first","9":"instock","10":"taxable","11":"shipping-taxable","12":"purchasable","13":"product-type-variable","14":"has-default-attributes"},"acf":{"woocommerce_erp_id":"4342","woocommerce_cnk_id":"100370","product_density":1.6,"custom_prices":[{"variation_id":"47087","customer_group":"DISTRI","customer_id":"","min_qty":1,"max_qty":9999999,"steps":1,"price":1.92,"price_incl":2.32,"delivery_group":"COLLECT","warehouse_id":""},{"variation_id":"47087","customer_group":"DISTRI","customer_id":"","min_qty":1,"max_qty":9999999,"steps":1,"price":1.92,"price_incl":2.32,"delivery_group":"DELIVERY","warehouse_id":""},{"variation_id":"47087","customer_group":"CON","customer_id":"","min_qty":1,"max_qty":9999999,"steps":1,"price":2.99,"price_incl":3.62,"delivery_group":"COLLECT","warehouse_id":""},{"variation_id":"47087","customer_group":"CON","customer_id":"","min_qty":1,"max_qty":9999999,"steps":1,"price":2.99,"price_incl":3.62,"delivery_group":"DELIVERY","warehouse_id":""},{"variation_id":"47087","customer_group":"PRO","customer_id":"","min_qty":1,"max_qty":9999999,"steps":1,"price":2.17,"price_incl":2.63,"delivery_group":"COLLECT","warehouse_id":""},{"variation_id":"47087","customer_group":"PRO","customer_id":"","min_qty":1,"max_qty":9999999,"steps":1,"price":2.17,"price_incl":2.63,"delivery_group":"DELIVERY","warehouse_id":""},{"variation_id":"47087","customer_group":"PER","customer_id":"","min_qty":1,"max_qty":9999999,"steps":1,"price":1.66,"price_incl":2.01,"delivery_group":"COLLECT","warehouse_id":""},{"variation_id":"47087","customer_group":"PER","customer_id":"","min_qty":1,"max_qty":9999999,"steps":1,"price":1.66,"price_incl":2.01,"delivery_group":"DELIVERY","warehouse_id":""},{"variation_id":"47087","customer_group":"DISTRI","customer_id":"129214","min_qty":1,"max_qty":9999999,"steps":1,"price":1.73,"price_incl":2.09,"delivery_group":"COLLECT","warehouse_id":""},{"variation_id":"47087","customer_group":"DISTRI","customer_id":"129214","min_qty":1,"max_qty":9999999,"steps":1,"price":1.73,"price_incl":2.09,"delivery_group":"DELIVERY","warehouse_id":""},{"variation_id":"47087","customer_group":"DISTRI","customer_id":"131327","min_qty":1,"max_qty":9999999,"steps":1,"price":1.76,"price_incl":2.13,"delivery_group":"DELIVERY","warehouse_id":""},{"variation_id":"47087","customer_group":"DISTRI","customer_id":"131327","min_qty":1,"max_qty":9999999,"steps":1,"price":1.76,"price_incl":2.13,"delivery_group":"COLLECT","warehouse_id":""},{"variation_id":"47084","customer_group":"DISTRI","customer_id":"","min_qty":0.5,"max_qty":9999999,"steps":0.01,"price":47.84,"price_incl":57.89,"delivery_group":"COLLECT","warehouse_id":""},{"variation_id":"47084","customer_group":"DISTRI","customer_id":"","min_qty":0.5,"max_qty":9999999,"steps":0.01,"price":47.84,"price_incl":57.89,"delivery_group":"DELIVERY","warehouse_id":""},{"variation_id":"47084","customer_group":"PRO","customer_id":"","min_qty":0.5,"max_qty":9999999,"steps":0.01,"price":60.54,"price_incl":73.25,"delivery_group":"COLLECT","warehouse_id":""},{"variation_id":"47084","customer_group":"PRO","customer_id":"","min_qty":0.5,"max_qty":9999999,"steps":0.01,"price":60.54,"price_incl":73.25,"delivery_group":"DELIVERY","warehouse_id":""},{"variation_id":"47084","customer_group":"CON","customer_id":"","min_qty":0.5,"max_qty":9999999,"steps":0.01,"price":72.61,"price_incl":87.86,"delivery_group":"COLLECT","warehouse_id":""},{"variation_id":"47084","customer_group":"CON","customer_id":"","min_qty":0.5,"max_qty":9999999,"steps":0.01,"price":72.61,"price_incl":87.86,"delivery_group":"DELIVERY","warehouse_id":""},{"variation_id":"47084","customer_group":"PER","customer_id":"","min_qty":0.5,"max_qty":9999999,"steps":0.01,"price":34.72,"price_incl":42.01,"delivery_group":"COLLECT","warehouse_id":""},{"variation_id":"47084","customer_group":"PER","customer_id":"","min_qty":0.5,"max_qty":9999999,"steps":0.01,"price":34.72,"price_incl":42.01,"delivery_group":"DELIVERY","warehouse_id":""},{"variation_id":"47084","customer_group":"DISTRI","customer_id":"131327","min_qty":0.5,"max_qty":9999999,"steps":0.01,"price":40.01,"price_incl":48.41,"delivery_group":"COLLECT","warehouse_id":""},{"variation_id":"47084","customer_group":"DISTRI","customer_id":"131327","min_qty":0.5,"max_qty":9999999,"steps":0.01,"price":40.01,"price_incl":48.41,"delivery_group":"DELIVERY","warehouse_id":""}],"packaging_ids":[{"packaging_name":"En vrac","packaging_id":"10","erp_id":"4342"},{"packaging_name":"Pi\u00e8ce","packaging_id":"7","erp_id":"5693"}]},"yoast_head":"<!-- This site is optimized with the Yoast SEO plugin v25.8 - https:\/\/yoast.com\/wordpress\/plugins\/seo\/ -->\n<title>Moellons Bleu Belge 40\/60 - Gravelart<\/title>\n<meta name=\"description\" content=\"Bestel Moellons Bleu Belge 40\/60 voor jouw volgende tuinproject.\" \/>\n<meta name=\"robots\" content=\"index, follow, max-snippet:-1, max-image-preview:large, max-video-preview:-1\" \/>\n<link rel=\"canonical\" href=\"https:\/\/gravelart.be\/fr\/product\/moellons-bleu-belge-40-60\/\" \/>\n<meta property=\"og:locale\" content=\"fr_FR\" \/>\n<meta property=\"og:type\" content=\"article\" \/>\n<meta property=\"og:title\" content=\"Moellons Bleu Belge 40\/60 - Gravelart\" \/>\n<meta property=\"og:description\" content=\"Bestel Moellons Bleu Belge 40\/60 voor jouw volgende tuinproject.\" \/>\n<meta property=\"og:url\" content=\"https:\/\/gravelart.be\/fr\/product\/moellons-bleu-belge-40-60\/\" \/>\n<meta property=\"og:site_name\" content=\"Gravelart\" \/>\n<meta property=\"article:modified_time\" content=\"2026-02-24T19:12:17+00:00\" \/>\n<meta property=\"og:image\" content=\"https:\/\/gravelart.be\/wp-content\/uploads\/2023\/02\/WEBSHOP_IMAGE_1-4342.jpg\" \/>\n\t<meta property=\"og:image:width\" content=\"1000\" \/>\n\t<meta property=\"og:image:height\" content=\"665\" \/>\n\t<meta property=\"og:image:type\" content=\"image\/jpeg\" \/>\n<meta name=\"twitter:card\" content=\"summary_large_image\" \/>\n<script type=\"application\/ld+json\" class=\"yoast-schema-graph\">{\"@context\":\"https:\/\/schema.org\",\"@graph\":[{\"@type\":\"WebPage\",\"@id\":\"https:\/\/gravelart.be\/fr\/product\/moellons-bleu-belge-40-60\/\",\"url\":\"https:\/\/gravelart.be\/fr\/product\/moellons-bleu-belge-40-60\/\",\"name\":\"Moellons Bleu Belge 40\/60 - Gravelart\",\"isPartOf\":{\"@id\":\"https:\/\/gravelart.be\/fr\/#website\"},\"primaryImageOfPage\":{\"@id\":\"https:\/\/gravelart.be\/fr\/product\/moellons-bleu-belge-40-60\/#primaryimage\"},\"image\":{\"@id\":\"https:\/\/gravelart.be\/fr\/product\/moellons-bleu-belge-40-60\/#primaryimage\"},\"thumbnailUrl\":\"https:\/\/gravelart.be\/wp-content\/uploads\/2023\/02\/WEBSHOP_IMAGE_1-4342.jpg\",\"datePublished\":\"2023-02-02T08:13:41+00:00\",\"dateModified\":\"2026-02-24T19:12:17+00:00\",\"description\":\"Bestel Moellons Bleu Belge 40\/60 voor jouw volgende tuinproject.\",\"breadcrumb\":{\"@id\":\"https:\/\/gravelart.be\/fr\/product\/moellons-bleu-belge-40-60\/#breadcrumb\"},\"inLanguage\":\"fr-FR\",\"potentialAction\":[{\"@type\":\"ReadAction\",\"target\":[\"https:\/\/gravelart.be\/fr\/product\/moellons-bleu-belge-40-60\/\"]}]},{\"@type\":\"ImageObject\",\"inLanguage\":\"fr-FR\",\"@id\":\"https:\/\/gravelart.be\/fr\/product\/moellons-bleu-belge-40-60\/#primaryimage\",\"url\":\"https:\/\/gravelart.be\/wp-content\/uploads\/2023\/02\/WEBSHOP_IMAGE_1-4342.jpg\",\"contentUrl\":\"https:\/\/gravelart.be\/wp-content\/uploads\/2023\/02\/WEBSHOP_IMAGE_1-4342.jpg\",\"width\":1000,\"height\":665,\"caption\":\"Sec\"},{\"@type\":\"BreadcrumbList\",\"@id\":\"https:\/\/gravelart.be\/fr\/product\/moellons-bleu-belge-40-60\/#breadcrumb\",\"itemListElement\":[{\"@type\":\"ListItem\",\"position\":1,\"name\":\"Home\",\"item\":\"https:\/\/gravelart.be\/fr\/\"},{\"@type\":\"ListItem\",\"position\":2,\"name\":\"Produits\",\"item\":\"https:\/\/gravelart.be\/fr\/boutique\/\"},{\"@type\":\"ListItem\",\"position\":3,\"name\":\"Moellons Bleu Belge 40\/60\"}]},{\"@type\":\"WebSite\",\"@id\":\"https:\/\/gravelart.be\/fr\/#website\",\"url\":\"https:\/\/gravelart.be\/fr\/\",\"name\":\"Gravelart\",\"description\":\"Alles voor tuin en park\",\"publisher\":{\"@id\":\"https:\/\/gravelart.be\/fr\/#organization\"},\"potentialAction\":[{\"@type\":\"SearchAction\",\"target\":{\"@type\":\"EntryPoint\",\"urlTemplate\":\"https:\/\/gravelart.be\/fr\/?s={search_term_string}\"},\"query-input\":{\"@type\":\"PropertyValueSpecification\",\"valueRequired\":true,\"valueName\":\"search_term_string\"}}],\"inLanguage\":\"fr-FR\"},{\"@type\":\"Organization\",\"@id\":\"https:\/\/gravelart.be\/fr\/#organization\",\"name\":\"Gravelart\",\"url\":\"https:\/\/gravelart.be\/fr\/\",\"logo\":{\"@type\":\"ImageObject\",\"inLanguage\":\"fr-FR\",\"@id\":\"https:\/\/gravelart.be\/fr\/#\/schema\/logo\/image\/\",\"url\":\"https:\/\/gravelart.be\/wp-content\/uploads\/2022\/10\/logo-gravelart.png\",\"contentUrl\":\"https:\/\/gravelart.be\/wp-content\/uploads\/2022\/10\/logo-gravelart.png\",\"width\":348,\"height\":186,\"caption\":\"Gravelart\"},\"image\":{\"@id\":\"https:\/\/gravelart.be\/fr\/#\/schema\/logo\/image\/\"}}]}<\/script>\n<!-- \/ Yoast SEO plugin. -->","yoast_head_json":{"title":"Moellons Bleu Belge 40\/60 - Gravelart","description":"Bestel Moellons Bleu Belge 40\/60 voor jouw volgende tuinproject.","robots":{"index":"index","follow":"follow","max-snippet":"max-snippet:-1","max-image-preview":"max-image-preview:large","max-video-preview":"max-video-preview:-1"},"canonical":"https:\/\/gravelart.be\/fr\/product\/moellons-bleu-belge-40-60\/","og_locale":"fr_FR","og_type":"article","og_title":"Moellons Bleu Belge 40\/60 - Gravelart","og_description":"Bestel Moellons Bleu Belge 40\/60 voor jouw volgende tuinproject.","og_url":"https:\/\/gravelart.be\/fr\/product\/moellons-bleu-belge-40-60\/","og_site_name":"Gravelart","article_modified_time":"2026-02-24T19:12:17+00:00","og_image":[{"width":1000,"height":665,"url":"https:\/\/gravelart.be\/wp-content\/uploads\/2023\/02\/WEBSHOP_IMAGE_1-4342.jpg","type":"image\/jpeg"}],"twitter_card":"summary_large_image","schema":{"@context":"https:\/\/schema.org","@graph":[{"@type":"WebPage","@id":"https:\/\/gravelart.be\/fr\/product\/moellons-bleu-belge-40-60\/","url":"https:\/\/gravelart.be\/fr\/product\/moellons-bleu-belge-40-60\/","name":"Moellons Bleu Belge 40\/60 - Gravelart","isPartOf":{"@id":"https:\/\/gravelart.be\/fr\/#website"},"primaryImageOfPage":{"@id":"https:\/\/gravelart.be\/fr\/product\/moellons-bleu-belge-40-60\/#primaryimage"},"image":{"@id":"https:\/\/gravelart.be\/fr\/product\/moellons-bleu-belge-40-60\/#primaryimage"},"thumbnailUrl":"https:\/\/gravelart.be\/wp-content\/uploads\/2023\/02\/WEBSHOP_IMAGE_1-4342.jpg","datePublished":"2023-02-02T08:13:41+00:00","dateModified":"2026-02-24T19:12:17+00:00","description":"Bestel Moellons Bleu Belge 40\/60 voor jouw volgende tuinproject.","breadcrumb":{"@id":"https:\/\/gravelart.be\/fr\/product\/moellons-bleu-belge-40-60\/#breadcrumb"},"inLanguage":"fr-FR","potentialAction":[{"@type":"ReadAction","target":["https:\/\/gravelart.be\/fr\/product\/moellons-bleu-belge-40-60\/"]}]},{"@type":"ImageObject","inLanguage":"fr-FR","@id":"https:\/\/gravelart.be\/fr\/product\/moellons-bleu-belge-40-60\/#primaryimage","url":"https:\/\/gravelart.be\/wp-content\/uploads\/2023\/02\/WEBSHOP_IMAGE_1-4342.jpg","contentUrl":"https:\/\/gravelart.be\/wp-content\/uploads\/2023\/02\/WEBSHOP_IMAGE_1-4342.jpg","width":1000,"height":665,"caption":"Sec"},{"@type":"BreadcrumbList","@id":"https:\/\/gravelart.be\/fr\/product\/moellons-bleu-belge-40-60\/#breadcrumb","itemListElement":[{"@type":"ListItem","position":1,"name":"Home","item":"https:\/\/gravelart.be\/fr\/"},{"@type":"ListItem","position":2,"name":"Produits","item":"https:\/\/gravelart.be\/fr\/boutique\/"},{"@type":"ListItem","position":3,"name":"Moellons Bleu Belge 40\/60"}]},{"@type":"WebSite","@id":"https:\/\/gravelart.be\/fr\/#website","url":"https:\/\/gravelart.be\/fr\/","name":"Gravelart","description":"Alles voor tuin en park","publisher":{"@id":"https:\/\/gravelart.be\/fr\/#organization"},"potentialAction":[{"@type":"SearchAction","target":{"@type":"EntryPoint","urlTemplate":"https:\/\/gravelart.be\/fr\/?s={search_term_string}"},"query-input":{"@type":"PropertyValueSpecification","valueRequired":true,"valueName":"search_term_string"}}],"inLanguage":"fr-FR"},{"@type":"Organization","@id":"https:\/\/gravelart.be\/fr\/#organization","name":"Gravelart","url":"https:\/\/gravelart.be\/fr\/","logo":{"@type":"ImageObject","inLanguage":"fr-FR","@id":"https:\/\/gravelart.be\/fr\/#\/schema\/logo\/image\/","url":"https:\/\/gravelart.be\/wp-content\/uploads\/2022\/10\/logo-gravelart.png","contentUrl":"https:\/\/gravelart.be\/wp-content\/uploads\/2022\/10\/logo-gravelart.png","width":348,"height":186,"caption":"Gravelart"},"image":{"@id":"https:\/\/gravelart.be\/fr\/#\/schema\/logo\/image\/"}}]}},"_links":{"self":[{"href":"https:\/\/gravelart.be\/fr\/wp-json\/wp\/v2\/product\/32639","targetHints":{"allow":["GET"]}}],"collection":[{"href":"https:\/\/gravelart.be\/fr\/wp-json\/wp\/v2\/product"}],"about":[{"href":"https:\/\/gravelart.be\/fr\/wp-json\/wp\/v2\/types\/product"}],"replies":[{"embeddable":true,"href":"https:\/\/gravelart.be\/fr\/wp-json\/wp\/v2\/comments?post=32639"}],"wp:featuredmedia":[{"embeddable":true,"href":"https:\/\/gravelart.be\/fr\/wp-json\/wp\/v2\/media\/42939"}],"wp:attachment":[{"href":"https:\/\/gravelart.be\/fr\/wp-json\/wp\/v2\/media?parent=32639"}],"wp:term":[{"taxonomy":"product_brand","embeddable":true,"href":"https:\/\/gravelart.be\/fr\/wp-json\/wp\/v2\/product_brand?post=32639"},{"taxonomy":"product_cat","embeddable":true,"href":"https:\/\/gravelart.be\/fr\/wp-json\/wp\/v2\/product_cat?post=32639"},{"taxonomy":"product_tag","embeddable":true,"href":"https:\/\/gravelart.be\/fr\/wp-json\/wp\/v2\/product_tag?post=32639"}],"curies":[{"name":"wp","href":"https:\/\/api.w.org\/{rel}","templated":true}]}}