{"id":32645,"date":"2023-02-02T09:13:48","date_gmt":"2023-02-02T08:13:48","guid":{"rendered":"https:\/\/gravelart.be\/?post_type=product&#038;p=32645"},"modified":"2026-03-03T16:44:36","modified_gmt":"2026-03-03T15:44:36","slug":"galets-carrara-40-60","status":"publish","type":"product","link":"https:\/\/gravelart.be\/fr\/product\/galets-carrara-40-60\/","title":{"rendered":"Carrara roul\u00e9 40\/60"},"content":{"rendered":"","protected":false},"excerpt":{"rendered":"<p><strong><a href=\"https:\/\/gravelart.be\/fr\/?s=carrara&amp;post_type=product&amp;dgwt_wcas=1&amp;lang=fr\">Carrara <\/a><\/strong>est un magnifique galet blanc \u00e9clatant issu d\u2019un marbre tr\u00e8s dur. Les galets Carrara conviennent \u00e0 de nombreuses applications et s\u2019int\u00e8grent dans diff\u00e9rents styles. Carrara peut \u00eatre utilis\u00e9 dans des <strong><a href=\"https:\/\/gravelart.be\/fr\/product-categorie\/gabions\/\">gabions <\/a><\/strong>avec des mailles de 50 mm x 50 mm, tels que ECCOfence Kit, ECCOfence Pro, ALUbox, etc.  <\/p>\n<p><strong>L\u2019enl\u00e8vement du Carrara 40\/60 (en vrac) est uniquement possible au d\u00e9p\u00f4t de Wevelgem. <\/strong><\/p>\n<p>Questions? <a href=\"mailto:info@gravelart.be\">Contactez notre service client\u00e8le !<\/a><\/p>\n","protected":false},"featured_media":42955,"comment_status":"open","ping_status":"closed","template":"","meta":{"_acf_changed":false,"inline_featured_image":false},"product_brand":[],"product_cat":[4894,4162,4151],"product_tag":[],"class_list":{"0":"post-32645","1":"product","2":"type-product","3":"status-publish","4":"has-post-thumbnail","6":"product_cat-gravier-stabilisateurs-de-gravier","7":"product_cat-gravier-roule","8":"product_cat-moellons-galets","10":"first","11":"instock","12":"taxable","13":"shipping-taxable","14":"purchasable","15":"product-type-variable","16":"has-default-attributes"},"acf":{"woocommerce_erp_id":"5323","woocommerce_cnk_id":"100381","product_density":1.6,"custom_prices":[{"variation_id":"46836","customer_group":"DISTRI","customer_id":"","min_qty":1,"max_qty":9999999,"steps":1,"price":4.86,"price_incl":5.88,"delivery_group":"COLLECT","warehouse_id":""},{"variation_id":"46836","customer_group":"DISTRI","customer_id":"","min_qty":1,"max_qty":9999999,"steps":1,"price":4.86,"price_incl":5.88,"delivery_group":"DELIVERY","warehouse_id":""},{"variation_id":"46836","customer_group":"PRO","customer_id":"","min_qty":1,"max_qty":9999999,"steps":1,"price":5.53,"price_incl":6.69,"delivery_group":"COLLECT","warehouse_id":""},{"variation_id":"46836","customer_group":"PRO","customer_id":"","min_qty":1,"max_qty":9999999,"steps":1,"price":5.53,"price_incl":6.69,"delivery_group":"DELIVERY","warehouse_id":""},{"variation_id":"46836","customer_group":"CON","customer_id":"","min_qty":1,"max_qty":9999999,"steps":1,"price":8.63,"price_incl":10.44,"delivery_group":"COLLECT","warehouse_id":""},{"variation_id":"46836","customer_group":"CON","customer_id":"","min_qty":1,"max_qty":9999999,"steps":1,"price":8.63,"price_incl":10.44,"delivery_group":"DELIVERY","warehouse_id":""},{"variation_id":"46836","customer_group":"DISTRI","customer_id":"129214","min_qty":1,"max_qty":9999999,"steps":1,"price":3.87,"price_incl":4.68,"delivery_group":"DELIVERY","warehouse_id":""},{"variation_id":"46836","customer_group":"DISTRI","customer_id":"129214","min_qty":1,"max_qty":9999999,"steps":1,"price":3.87,"price_incl":4.68,"delivery_group":"COLLECT","warehouse_id":""},{"variation_id":"46833","customer_group":"DISTRI","customer_id":"","min_qty":0.5,"max_qty":9999999,"steps":0.01,"price":195.17,"price_incl":236.16,"delivery_group":"COLLECT","warehouse_id":""},{"variation_id":"46833","customer_group":"DISTRI","customer_id":"","min_qty":0.5,"max_qty":9999999,"steps":0.01,"price":195.17,"price_incl":236.16,"delivery_group":"DELIVERY","warehouse_id":""},{"variation_id":"46833","customer_group":"CON","customer_id":"","min_qty":0.5,"max_qty":9999999,"steps":0.01,"price":274.46,"price_incl":332.1,"delivery_group":"COLLECT","warehouse_id":""},{"variation_id":"46833","customer_group":"CON","customer_id":"","min_qty":0.5,"max_qty":9999999,"steps":0.01,"price":274.46,"price_incl":332.1,"delivery_group":"DELIVERY","warehouse_id":""},{"variation_id":"46833","customer_group":"PRO","customer_id":"","min_qty":0.5,"max_qty":9999999,"steps":0.01,"price":228.74,"price_incl":276.78,"delivery_group":"COLLECT","warehouse_id":""},{"variation_id":"46833","customer_group":"PRO","customer_id":"","min_qty":0.5,"max_qty":9999999,"steps":0.01,"price":228.74,"price_incl":276.78,"delivery_group":"DELIVERY","warehouse_id":""},{"variation_id":"46833","customer_group":"PER","customer_id":"","min_qty":0.5,"max_qty":9999999,"steps":0.01,"price":128.26,"price_incl":155.19,"delivery_group":"COLLECT","warehouse_id":""},{"variation_id":"46833","customer_group":"PER","customer_id":"","min_qty":0.5,"max_qty":9999999,"steps":0.01,"price":128.26,"price_incl":155.19,"delivery_group":"DELIVERY","warehouse_id":""},{"variation_id":"46833","customer_group":"DISTRI","customer_id":"129214","min_qty":0.5,"max_qty":9999999,"steps":0.01,"price":145.59,"price_incl":176.16,"delivery_group":"COLLECT","warehouse_id":""},{"variation_id":"46833","customer_group":"DISTRI","customer_id":"129214","min_qty":0.5,"max_qty":9999999,"steps":0.01,"price":145.59,"price_incl":176.16,"delivery_group":"DELIVERY","warehouse_id":""},{"variation_id":"46833","customer_group":"DISTRI","customer_id":"131327","min_qty":0.5,"max_qty":9999999,"steps":0.01,"price":153.75,"price_incl":186.04,"delivery_group":"COLLECT","warehouse_id":""},{"variation_id":"46833","customer_group":"DISTRI","customer_id":"131327","min_qty":0.5,"max_qty":9999999,"steps":0.01,"price":153.75,"price_incl":186.04,"delivery_group":"DELIVERY","warehouse_id":""}],"packaging_ids":[{"packaging_name":"En vrac","packaging_id":"10","erp_id":"5323"},{"packaging_name":"Pi\u00e8ce","packaging_id":"7","erp_id":"4783"}]},"yoast_head":"<!-- This site is optimized with the Yoast SEO plugin v27.3 - https:\/\/yoast.com\/product\/yoast-seo-wordpress\/ -->\n<title>Carrara roul\u00e9 40\/60 - Gravelart<\/title>\n<meta name=\"description\" content=\"Carrara roul\u00e9 40\/60 : Galets en marbre blanc \u00e9clatant de qualit\u00e9 sup\u00e9rieure. Id\u00e9als pour les gabions, les accents de jardin et une d\u00e9coration \u00e9l\u00e9gante.\" \/>\n<meta name=\"robots\" content=\"index, follow, max-snippet:-1, max-image-preview:large, max-video-preview:-1\" \/>\n<link rel=\"canonical\" href=\"https:\/\/gravelart.be\/fr\/product\/galets-carrara-40-60\/\" \/>\n<meta property=\"og:locale\" content=\"fr_FR\" \/>\n<meta property=\"og:type\" content=\"article\" \/>\n<meta property=\"og:title\" content=\"Carrara roul\u00e9 40\/60 - Gravelart\" \/>\n<meta property=\"og:description\" content=\"Carrara roul\u00e9 40\/60 : Galets en marbre blanc \u00e9clatant de qualit\u00e9 sup\u00e9rieure. Id\u00e9als pour les gabions, les accents de jardin et une d\u00e9coration \u00e9l\u00e9gante.\" \/>\n<meta property=\"og:url\" content=\"https:\/\/gravelart.be\/fr\/product\/galets-carrara-40-60\/\" \/>\n<meta property=\"og:site_name\" content=\"Gravelart\" \/>\n<meta property=\"article:modified_time\" content=\"2026-03-03T15:44:36+00:00\" \/>\n<meta property=\"og:image\" content=\"https:\/\/gravelart.be\/wp-content\/uploads\/2023\/02\/WEBSHOP_IMAGE_1-5323-rotated.jpg\" \/>\n\t<meta property=\"og:image:width\" content=\"1843\" \/>\n\t<meta property=\"og:image:height\" content=\"1228\" \/>\n\t<meta property=\"og:image:type\" content=\"image\/jpeg\" \/>\n<meta name=\"twitter:card\" content=\"summary_large_image\" \/>\n<script type=\"application\/ld+json\" class=\"yoast-schema-graph\">{\"@context\":\"https:\\\/\\\/schema.org\",\"@graph\":[{\"@type\":\"WebPage\",\"@id\":\"https:\\\/\\\/gravelart.be\\\/fr\\\/product\\\/galets-carrara-40-60\\\/\",\"url\":\"https:\\\/\\\/gravelart.be\\\/fr\\\/product\\\/galets-carrara-40-60\\\/\",\"name\":\"Carrara roul\u00e9 40\\\/60 - Gravelart\",\"isPartOf\":{\"@id\":\"https:\\\/\\\/gravelart.be\\\/fr\\\/#website\"},\"primaryImageOfPage\":{\"@id\":\"https:\\\/\\\/gravelart.be\\\/fr\\\/product\\\/galets-carrara-40-60\\\/#primaryimage\"},\"image\":{\"@id\":\"https:\\\/\\\/gravelart.be\\\/fr\\\/product\\\/galets-carrara-40-60\\\/#primaryimage\"},\"thumbnailUrl\":\"https:\\\/\\\/gravelart.be\\\/wp-content\\\/uploads\\\/2023\\\/02\\\/WEBSHOP_IMAGE_1-5323-rotated.jpg\",\"datePublished\":\"2023-02-02T08:13:48+00:00\",\"dateModified\":\"2026-03-03T15:44:36+00:00\",\"description\":\"Carrara roul\u00e9 40\\\/60 : Galets en marbre blanc \u00e9clatant de qualit\u00e9 sup\u00e9rieure. Id\u00e9als pour les gabions, les accents de jardin et une d\u00e9coration \u00e9l\u00e9gante.\",\"breadcrumb\":{\"@id\":\"https:\\\/\\\/gravelart.be\\\/fr\\\/product\\\/galets-carrara-40-60\\\/#breadcrumb\"},\"inLanguage\":\"fr-FR\",\"potentialAction\":[{\"@type\":\"ReadAction\",\"target\":[\"https:\\\/\\\/gravelart.be\\\/fr\\\/product\\\/galets-carrara-40-60\\\/\"]}]},{\"@type\":\"ImageObject\",\"inLanguage\":\"fr-FR\",\"@id\":\"https:\\\/\\\/gravelart.be\\\/fr\\\/product\\\/galets-carrara-40-60\\\/#primaryimage\",\"url\":\"https:\\\/\\\/gravelart.be\\\/wp-content\\\/uploads\\\/2023\\\/02\\\/WEBSHOP_IMAGE_1-5323-rotated.jpg\",\"contentUrl\":\"https:\\\/\\\/gravelart.be\\\/wp-content\\\/uploads\\\/2023\\\/02\\\/WEBSHOP_IMAGE_1-5323-rotated.jpg\",\"width\":1843,\"height\":1228,\"caption\":\"Sec\"},{\"@type\":\"BreadcrumbList\",\"@id\":\"https:\\\/\\\/gravelart.be\\\/fr\\\/product\\\/galets-carrara-40-60\\\/#breadcrumb\",\"itemListElement\":[{\"@type\":\"ListItem\",\"position\":1,\"name\":\"Home\",\"item\":\"https:\\\/\\\/gravelart.be\\\/fr\\\/\"},{\"@type\":\"ListItem\",\"position\":2,\"name\":\"Produits\",\"item\":\"https:\\\/\\\/gravelart.be\\\/fr\\\/boutique\\\/\"},{\"@type\":\"ListItem\",\"position\":3,\"name\":\"Carrara roul\u00e9 40\\\/60\"}]},{\"@type\":\"WebSite\",\"@id\":\"https:\\\/\\\/gravelart.be\\\/fr\\\/#website\",\"url\":\"https:\\\/\\\/gravelart.be\\\/fr\\\/\",\"name\":\"Gravelart\",\"description\":\"Alles voor tuin en park\",\"publisher\":{\"@id\":\"https:\\\/\\\/gravelart.be\\\/fr\\\/#organization\"},\"potentialAction\":[{\"@type\":\"SearchAction\",\"target\":{\"@type\":\"EntryPoint\",\"urlTemplate\":\"https:\\\/\\\/gravelart.be\\\/fr\\\/?s={search_term_string}\"},\"query-input\":{\"@type\":\"PropertyValueSpecification\",\"valueRequired\":true,\"valueName\":\"search_term_string\"}}],\"inLanguage\":\"fr-FR\"},{\"@type\":\"Organization\",\"@id\":\"https:\\\/\\\/gravelart.be\\\/fr\\\/#organization\",\"name\":\"Gravelart\",\"url\":\"https:\\\/\\\/gravelart.be\\\/fr\\\/\",\"logo\":{\"@type\":\"ImageObject\",\"inLanguage\":\"fr-FR\",\"@id\":\"https:\\\/\\\/gravelart.be\\\/fr\\\/#\\\/schema\\\/logo\\\/image\\\/\",\"url\":\"https:\\\/\\\/gravelart.be\\\/wp-content\\\/uploads\\\/2022\\\/10\\\/logo-gravelart.png\",\"contentUrl\":\"https:\\\/\\\/gravelart.be\\\/wp-content\\\/uploads\\\/2022\\\/10\\\/logo-gravelart.png\",\"width\":348,\"height\":186,\"caption\":\"Gravelart\"},\"image\":{\"@id\":\"https:\\\/\\\/gravelart.be\\\/fr\\\/#\\\/schema\\\/logo\\\/image\\\/\"}}]}<\/script>\n<!-- \/ Yoast SEO plugin. -->","yoast_head_json":{"title":"Carrara roul\u00e9 40\/60 - Gravelart","description":"Carrara roul\u00e9 40\/60 : Galets en marbre blanc \u00e9clatant de qualit\u00e9 sup\u00e9rieure. Id\u00e9als pour les gabions, les accents de jardin et une d\u00e9coration \u00e9l\u00e9gante.","robots":{"index":"index","follow":"follow","max-snippet":"max-snippet:-1","max-image-preview":"max-image-preview:large","max-video-preview":"max-video-preview:-1"},"canonical":"https:\/\/gravelart.be\/fr\/product\/galets-carrara-40-60\/","og_locale":"fr_FR","og_type":"article","og_title":"Carrara roul\u00e9 40\/60 - Gravelart","og_description":"Carrara roul\u00e9 40\/60 : Galets en marbre blanc \u00e9clatant de qualit\u00e9 sup\u00e9rieure. Id\u00e9als pour les gabions, les accents de jardin et une d\u00e9coration \u00e9l\u00e9gante.","og_url":"https:\/\/gravelart.be\/fr\/product\/galets-carrara-40-60\/","og_site_name":"Gravelart","article_modified_time":"2026-03-03T15:44:36+00:00","og_image":[{"width":1843,"height":1228,"url":"https:\/\/gravelart.be\/wp-content\/uploads\/2023\/02\/WEBSHOP_IMAGE_1-5323-rotated.jpg","type":"image\/jpeg"}],"twitter_card":"summary_large_image","schema":{"@context":"https:\/\/schema.org","@graph":[{"@type":"WebPage","@id":"https:\/\/gravelart.be\/fr\/product\/galets-carrara-40-60\/","url":"https:\/\/gravelart.be\/fr\/product\/galets-carrara-40-60\/","name":"Carrara roul\u00e9 40\/60 - Gravelart","isPartOf":{"@id":"https:\/\/gravelart.be\/fr\/#website"},"primaryImageOfPage":{"@id":"https:\/\/gravelart.be\/fr\/product\/galets-carrara-40-60\/#primaryimage"},"image":{"@id":"https:\/\/gravelart.be\/fr\/product\/galets-carrara-40-60\/#primaryimage"},"thumbnailUrl":"https:\/\/gravelart.be\/wp-content\/uploads\/2023\/02\/WEBSHOP_IMAGE_1-5323-rotated.jpg","datePublished":"2023-02-02T08:13:48+00:00","dateModified":"2026-03-03T15:44:36+00:00","description":"Carrara roul\u00e9 40\/60 : Galets en marbre blanc \u00e9clatant de qualit\u00e9 sup\u00e9rieure. Id\u00e9als pour les gabions, les accents de jardin et une d\u00e9coration \u00e9l\u00e9gante.","breadcrumb":{"@id":"https:\/\/gravelart.be\/fr\/product\/galets-carrara-40-60\/#breadcrumb"},"inLanguage":"fr-FR","potentialAction":[{"@type":"ReadAction","target":["https:\/\/gravelart.be\/fr\/product\/galets-carrara-40-60\/"]}]},{"@type":"ImageObject","inLanguage":"fr-FR","@id":"https:\/\/gravelart.be\/fr\/product\/galets-carrara-40-60\/#primaryimage","url":"https:\/\/gravelart.be\/wp-content\/uploads\/2023\/02\/WEBSHOP_IMAGE_1-5323-rotated.jpg","contentUrl":"https:\/\/gravelart.be\/wp-content\/uploads\/2023\/02\/WEBSHOP_IMAGE_1-5323-rotated.jpg","width":1843,"height":1228,"caption":"Sec"},{"@type":"BreadcrumbList","@id":"https:\/\/gravelart.be\/fr\/product\/galets-carrara-40-60\/#breadcrumb","itemListElement":[{"@type":"ListItem","position":1,"name":"Home","item":"https:\/\/gravelart.be\/fr\/"},{"@type":"ListItem","position":2,"name":"Produits","item":"https:\/\/gravelart.be\/fr\/boutique\/"},{"@type":"ListItem","position":3,"name":"Carrara roul\u00e9 40\/60"}]},{"@type":"WebSite","@id":"https:\/\/gravelart.be\/fr\/#website","url":"https:\/\/gravelart.be\/fr\/","name":"Gravelart","description":"Alles voor tuin en park","publisher":{"@id":"https:\/\/gravelart.be\/fr\/#organization"},"potentialAction":[{"@type":"SearchAction","target":{"@type":"EntryPoint","urlTemplate":"https:\/\/gravelart.be\/fr\/?s={search_term_string}"},"query-input":{"@type":"PropertyValueSpecification","valueRequired":true,"valueName":"search_term_string"}}],"inLanguage":"fr-FR"},{"@type":"Organization","@id":"https:\/\/gravelart.be\/fr\/#organization","name":"Gravelart","url":"https:\/\/gravelart.be\/fr\/","logo":{"@type":"ImageObject","inLanguage":"fr-FR","@id":"https:\/\/gravelart.be\/fr\/#\/schema\/logo\/image\/","url":"https:\/\/gravelart.be\/wp-content\/uploads\/2022\/10\/logo-gravelart.png","contentUrl":"https:\/\/gravelart.be\/wp-content\/uploads\/2022\/10\/logo-gravelart.png","width":348,"height":186,"caption":"Gravelart"},"image":{"@id":"https:\/\/gravelart.be\/fr\/#\/schema\/logo\/image\/"}}]}},"_links":{"self":[{"href":"https:\/\/gravelart.be\/fr\/wp-json\/wp\/v2\/product\/32645","targetHints":{"allow":["GET"]}}],"collection":[{"href":"https:\/\/gravelart.be\/fr\/wp-json\/wp\/v2\/product"}],"about":[{"href":"https:\/\/gravelart.be\/fr\/wp-json\/wp\/v2\/types\/product"}],"replies":[{"embeddable":true,"href":"https:\/\/gravelart.be\/fr\/wp-json\/wp\/v2\/comments?post=32645"}],"wp:featuredmedia":[{"embeddable":true,"href":"https:\/\/gravelart.be\/fr\/wp-json\/wp\/v2\/media\/42955"}],"wp:attachment":[{"href":"https:\/\/gravelart.be\/fr\/wp-json\/wp\/v2\/media?parent=32645"}],"wp:term":[{"taxonomy":"product_brand","embeddable":true,"href":"https:\/\/gravelart.be\/fr\/wp-json\/wp\/v2\/product_brand?post=32645"},{"taxonomy":"product_cat","embeddable":true,"href":"https:\/\/gravelart.be\/fr\/wp-json\/wp\/v2\/product_cat?post=32645"},{"taxonomy":"product_tag","embeddable":true,"href":"https:\/\/gravelart.be\/fr\/wp-json\/wp\/v2\/product_tag?post=32645"}],"curies":[{"name":"wp","href":"https:\/\/api.w.org\/{rel}","templated":true}]}}