{"id":32659,"date":"2023-02-02T09:14:07","date_gmt":"2023-02-02T08:14:07","guid":{"rendered":"https:\/\/gravelart.be\/?post_type=product&#038;p=32659"},"modified":"2026-02-24T20:16:05","modified_gmt":"2026-02-24T19:16:05","slug":"gravelart-tuiles-vertes","status":"publish","type":"product","link":"https:\/\/gravelart.be\/fr\/product\/gravelart-tuiles-vertes\/","title":{"rendered":"Gravelart Tuiles Vertes"},"content":{"rendered":"","protected":false},"excerpt":{"rendered":"<p data-start=\"127\" data-end=\"500\">Les <strong data-start=\"131\" data-end=\"158\">tuiles vertes Gravelart<\/strong> sont produites et pr\u00e9-cultiv\u00e9es en Belgique, garantissant une livraison rapide et des normes de qualit\u00e9 \u00e9lev\u00e9es. La pose de la toiture v\u00e9g\u00e9talis\u00e9e est simple et peut \u00eatre r\u00e9alis\u00e9e par une seule personne. Chaque tuile verte p\u00e8se entre <strong data-start=\"393\" data-end=\"409\">8 et 12,5 kg<\/strong> (soit <strong data-start=\"416\" data-end=\"437\">30 \u00e0 55 kg par m\u00b2<\/strong>), ce qui les rend adapt\u00e9es \u00e0 presque tous les toits existants.<\/p>\n<h3 data-start=\"502\" data-end=\"545\">Avantages des tuiles vertes Gravelart :<\/h3>\n<ul data-start=\"546\" data-end=\"844\">\n<li data-start=\"546\" data-end=\"650\">\n<p data-start=\"548\" data-end=\"650\"><strong data-start=\"548\" data-end=\"571\">Installation facile<\/strong> : posables toute l\u2019ann\u00e9e, quelles que soient les conditions m\u00e9t\u00e9orologiques.<\/p>\n<\/li>\n<li data-start=\"651\" data-end=\"751\">\n<p data-start=\"653\" data-end=\"751\"><strong data-start=\"653\" data-end=\"668\">Flexibilit\u00e9<\/strong> : faciles \u00e0 retirer pour l\u2019infiltration de l\u2019eau ou pour des travaux de toiture.<\/p>\n<\/li>\n<li data-start=\"752\" data-end=\"844\">\n<p data-start=\"754\" data-end=\"844\"><strong data-start=\"754\" data-end=\"768\">Durabilit\u00e9<\/strong> : qualit\u00e9 \u00e9lev\u00e9e gr\u00e2ce \u00e0 la production locale et aux plantes pr\u00e9-cultiv\u00e9es.<\/p>\n<\/li>\n<\/ul>\n<p data-start=\"846\" data-end=\"1012\">Am\u00e9liorez la durabilit\u00e9 et l\u2019esth\u00e9tique de votre toiture avec les <strong data-start=\"912\" data-end=\"939\">tuiles vertes Gravelart<\/strong>.<br data-start=\"940\" data-end=\"943\" \/>Contactez Gravelart pour plus d\u2019informations ou pour passer commande.<\/p>\n<p data-start=\"1014\" data-end=\"1091\"><strong data-start=\"1014\" data-end=\"1030\">Dimensions :<\/strong><br data-start=\"1030\" data-end=\"1033\" \/>45 cm x 49,5 cm x 8,5 cm (L x l x h)<br data-start=\"1069\" data-end=\"1072\" \/><strong data-start=\"1072\" data-end=\"1091\">4,4 tuiles \/ m\u00b2<\/strong><\/p>\n<p data-start=\"1093\" data-end=\"1136\">\u26a0\ufe0f <strong data-start=\"1096\" data-end=\"1136\">Disponible uniquement sur commande !<\/strong><\/p>\n","protected":false},"featured_media":42301,"comment_status":"open","ping_status":"closed","template":"","meta":{"_acf_changed":false,"inline_featured_image":false},"product_brand":[],"product_cat":[4152,4889],"product_tag":[],"class_list":{"0":"post-32659","1":"product","2":"type-product","3":"status-publish","4":"has-post-thumbnail","6":"product_cat-toitures-vertes","7":"product_cat-toitures-vertes-fr","9":"first","10":"instock","11":"taxable","12":"shipping-taxable","13":"purchasable","14":"product-type-variable","15":"has-default-attributes"},"acf":{"woocommerce_erp_id":"6059","woocommerce_cnk_id":"100456","product_density":0.223,"custom_prices":[{"variation_id":"45024","customer_group":"CON","customer_id":"","min_qty":0.22,"max_qty":9999999,"steps":1,"price":64.94,"price_incl":68.84,"delivery_group":"COLLECT","warehouse_id":"Z"},{"variation_id":"45024","customer_group":"CON","customer_id":"","min_qty":0.22,"max_qty":9999999,"steps":1,"price":64.94,"price_incl":68.84,"delivery_group":"DELIVERY","warehouse_id":"Z"},{"variation_id":"45024","customer_group":"CON","customer_id":"","min_qty":0.22,"max_qty":99.9,"steps":1,"price":47.75,"price_incl":50.62,"delivery_group":"COLLECT","warehouse_id":"L"},{"variation_id":"45024","customer_group":"CON","customer_id":"","min_qty":0.22,"max_qty":99.9,"steps":1,"price":47.75,"price_incl":50.62,"delivery_group":"DELIVERY","warehouse_id":"L"},{"variation_id":"45024","customer_group":"CON","customer_id":"","min_qty":0.22,"max_qty":9999999,"steps":1,"price":64.94,"price_incl":68.84,"delivery_group":"COLLECT","warehouse_id":""},{"variation_id":"45024","customer_group":"CON","customer_id":"","min_qty":0.22,"max_qty":9999999,"steps":1,"price":64.94,"price_incl":68.84,"delivery_group":"DELIVERY","warehouse_id":""},{"variation_id":"45024","customer_group":"PRO","customer_id":"","min_qty":0.22,"max_qty":9999999,"steps":1,"price":49.95,"price_incl":52.95,"delivery_group":"COLLECT","warehouse_id":"Z"},{"variation_id":"45024","customer_group":"PRO","customer_id":"","min_qty":0.22,"max_qty":9999999,"steps":1,"price":49.95,"price_incl":52.95,"delivery_group":"DELIVERY","warehouse_id":"Z"},{"variation_id":"45024","customer_group":"PRO","customer_id":"","min_qty":0.22,"max_qty":99.9,"steps":1,"price":43.41,"price_incl":46.01,"delivery_group":"COLLECT","warehouse_id":"L"},{"variation_id":"45024","customer_group":"PRO","customer_id":"","min_qty":0.22,"max_qty":99.9,"steps":1,"price":43.41,"price_incl":46.01,"delivery_group":"DELIVERY","warehouse_id":"L"},{"variation_id":"45024","customer_group":"PRO","customer_id":"","min_qty":0.22,"max_qty":9999999,"steps":1,"price":49.95,"price_incl":52.95,"delivery_group":"COLLECT","warehouse_id":""},{"variation_id":"45024","customer_group":"PRO","customer_id":"","min_qty":0.22,"max_qty":9999999,"steps":1,"price":49.95,"price_incl":52.95,"delivery_group":"DELIVERY","warehouse_id":""},{"variation_id":"45024","customer_group":"DISTRI","customer_id":"","min_qty":0.22,"max_qty":9999999,"steps":1,"price":48.95,"price_incl":51.89,"delivery_group":"COLLECT","warehouse_id":"Z"},{"variation_id":"45024","customer_group":"DISTRI","customer_id":"","min_qty":0.22,"max_qty":9999999,"steps":1,"price":48.95,"price_incl":51.89,"delivery_group":"DELIVERY","warehouse_id":"Z"},{"variation_id":"45024","customer_group":"DISTRI","customer_id":"","min_qty":0.22,"max_qty":99.9,"steps":1,"price":41.72,"price_incl":44.22,"delivery_group":"COLLECT","warehouse_id":"L"},{"variation_id":"45024","customer_group":"DISTRI","customer_id":"","min_qty":0.22,"max_qty":99.9,"steps":1,"price":41.72,"price_incl":44.22,"delivery_group":"DELIVERY","warehouse_id":"L"},{"variation_id":"45024","customer_group":"DISTRI","customer_id":"","min_qty":0.22,"max_qty":9999999,"steps":1,"price":48.95,"price_incl":51.89,"delivery_group":"COLLECT","warehouse_id":""},{"variation_id":"45024","customer_group":"DISTRI","customer_id":"","min_qty":0.22,"max_qty":9999999,"steps":1,"price":48.95,"price_incl":51.89,"delivery_group":"DELIVERY","warehouse_id":""},{"variation_id":"45024","customer_group":"DISTRI","customer_id":"129214","min_qty":0.22,"max_qty":9999999,"steps":1,"price":37.52,"price_incl":39.77,"delivery_group":"DELIVERY","warehouse_id":"Z"},{"variation_id":"45024","customer_group":"DISTRI","customer_id":"129214","min_qty":0.22,"max_qty":9999999,"steps":1,"price":37.52,"price_incl":39.77,"delivery_group":"COLLECT","warehouse_id":"Z"},{"variation_id":"45024","customer_group":"DISTRI","customer_id":"129214","min_qty":0.22,"max_qty":9999999,"steps":1,"price":37.51,"price_incl":39.76,"delivery_group":"DELIVERY","warehouse_id":"L"},{"variation_id":"45024","customer_group":"DISTRI","customer_id":"129214","min_qty":0.22,"max_qty":9999999,"steps":1,"price":37.51,"price_incl":39.76,"delivery_group":"COLLECT","warehouse_id":"L"},{"variation_id":"45024","customer_group":"DISTRI","customer_id":"129214","min_qty":0.22,"max_qty":9999999,"steps":1,"price":37.52,"price_incl":39.77,"delivery_group":"DELIVERY","warehouse_id":""},{"variation_id":"45024","customer_group":"DISTRI","customer_id":"129214","min_qty":0.22,"max_qty":9999999,"steps":1,"price":37.52,"price_incl":39.77,"delivery_group":"COLLECT","warehouse_id":""},{"variation_id":"45024","customer_group":"CON","customer_id":"131196","min_qty":0.22,"max_qty":9999999,"steps":1,"price":35.11,"price_incl":37.22,"delivery_group":"DELIVERY","warehouse_id":""},{"variation_id":"45024","customer_group":"CON","customer_id":"131196","min_qty":0.22,"max_qty":9999999,"steps":1,"price":30.61,"price_incl":32.45,"delivery_group":"COLLECT","warehouse_id":""},{"variation_id":"45024","customer_group":"CON","customer_id":"","min_qty":100,"max_qty":9999999,"steps":1,"price":47.32,"price_incl":50.16,"delivery_group":"COLLECT","warehouse_id":"L"},{"variation_id":"45024","customer_group":"CON","customer_id":"","min_qty":100,"max_qty":9999999,"steps":1,"price":47.32,"price_incl":50.16,"delivery_group":"DELIVERY","warehouse_id":"L"},{"variation_id":"45024","customer_group":"PRO","customer_id":"","min_qty":100,"max_qty":9999999,"steps":1,"price":43.01,"price_incl":45.59,"delivery_group":"COLLECT","warehouse_id":"L"},{"variation_id":"45024","customer_group":"PRO","customer_id":"","min_qty":100,"max_qty":9999999,"steps":1,"price":43.01,"price_incl":45.59,"delivery_group":"DELIVERY","warehouse_id":"L"},{"variation_id":"45024","customer_group":"DISTRI","customer_id":"","min_qty":100,"max_qty":9999999,"steps":1,"price":41.32,"price_incl":43.8,"delivery_group":"COLLECT","warehouse_id":"L"},{"variation_id":"45024","customer_group":"DISTRI","customer_id":"","min_qty":100,"max_qty":9999999,"steps":1,"price":41.32,"price_incl":43.8,"delivery_group":"DELIVERY","warehouse_id":"L"}],"packaging_ids":[{"packaging_name":"Pi\u00e8ce","packaging_id":"7","erp_id":"6059"}]},"yoast_head":"<!-- This site is optimized with the Yoast SEO plugin v27.3 - https:\/\/yoast.com\/product\/yoast-seo-wordpress\/ -->\n<title>Gravelart Tuiles Vertes - Gravelart<\/title>\n<meta name=\"description\" content=\"Bestel Gravelart Tuiles Vertes voor jouw volgende tuinproject.\" \/>\n<meta name=\"robots\" content=\"index, follow, max-snippet:-1, max-image-preview:large, max-video-preview:-1\" \/>\n<link rel=\"canonical\" href=\"https:\/\/gravelart.be\/fr\/product\/gravelart-tuiles-vertes\/\" \/>\n<meta property=\"og:locale\" content=\"fr_FR\" \/>\n<meta property=\"og:type\" content=\"article\" \/>\n<meta property=\"og:title\" content=\"Gravelart Tuiles Vertes - Gravelart\" \/>\n<meta property=\"og:description\" content=\"Bestel Gravelart Tuiles Vertes voor jouw volgende tuinproject.\" \/>\n<meta property=\"og:url\" content=\"https:\/\/gravelart.be\/fr\/product\/gravelart-tuiles-vertes\/\" \/>\n<meta property=\"og:site_name\" content=\"Gravelart\" \/>\n<meta property=\"article:modified_time\" content=\"2026-02-24T19:16:05+00:00\" \/>\n<meta property=\"og:image\" content=\"https:\/\/gravelart.be\/wp-content\/uploads\/2023\/02\/WEBSHOP_IMAGE_2-6059-1.jpg\" \/>\n\t<meta property=\"og:image:width\" content=\"1333\" \/>\n\t<meta property=\"og:image:height\" content=\"2000\" \/>\n\t<meta property=\"og:image:type\" content=\"image\/jpeg\" \/>\n<meta name=\"twitter:card\" content=\"summary_large_image\" \/>\n<meta name=\"twitter:label1\" content=\"Dur\u00e9e de lecture estim\u00e9e\" \/>\n\t<meta name=\"twitter:data1\" content=\"1 minute\" \/>\n<script type=\"application\/ld+json\" class=\"yoast-schema-graph\">{\"@context\":\"https:\\\/\\\/schema.org\",\"@graph\":[{\"@type\":\"WebPage\",\"@id\":\"https:\\\/\\\/gravelart.be\\\/fr\\\/product\\\/gravelart-tuiles-vertes\\\/\",\"url\":\"https:\\\/\\\/gravelart.be\\\/fr\\\/product\\\/gravelart-tuiles-vertes\\\/\",\"name\":\"Gravelart Tuiles Vertes - Gravelart\",\"isPartOf\":{\"@id\":\"https:\\\/\\\/gravelart.be\\\/fr\\\/#website\"},\"primaryImageOfPage\":{\"@id\":\"https:\\\/\\\/gravelart.be\\\/fr\\\/product\\\/gravelart-tuiles-vertes\\\/#primaryimage\"},\"image\":{\"@id\":\"https:\\\/\\\/gravelart.be\\\/fr\\\/product\\\/gravelart-tuiles-vertes\\\/#primaryimage\"},\"thumbnailUrl\":\"https:\\\/\\\/gravelart.be\\\/wp-content\\\/uploads\\\/2023\\\/02\\\/WEBSHOP_IMAGE_2-6059-1.jpg\",\"datePublished\":\"2023-02-02T08:14:07+00:00\",\"dateModified\":\"2026-02-24T19:16:05+00:00\",\"description\":\"Bestel Gravelart Tuiles Vertes voor jouw volgende tuinproject.\",\"breadcrumb\":{\"@id\":\"https:\\\/\\\/gravelart.be\\\/fr\\\/product\\\/gravelart-tuiles-vertes\\\/#breadcrumb\"},\"inLanguage\":\"fr-FR\",\"potentialAction\":[{\"@type\":\"ReadAction\",\"target\":[\"https:\\\/\\\/gravelart.be\\\/fr\\\/product\\\/gravelart-tuiles-vertes\\\/\"]}]},{\"@type\":\"ImageObject\",\"inLanguage\":\"fr-FR\",\"@id\":\"https:\\\/\\\/gravelart.be\\\/fr\\\/product\\\/gravelart-tuiles-vertes\\\/#primaryimage\",\"url\":\"https:\\\/\\\/gravelart.be\\\/wp-content\\\/uploads\\\/2023\\\/02\\\/WEBSHOP_IMAGE_2-6059-1.jpg\",\"contentUrl\":\"https:\\\/\\\/gravelart.be\\\/wp-content\\\/uploads\\\/2023\\\/02\\\/WEBSHOP_IMAGE_2-6059-1.jpg\",\"width\":1333,\"height\":2000,\"caption\":\"Groendak tegel\"},{\"@type\":\"BreadcrumbList\",\"@id\":\"https:\\\/\\\/gravelart.be\\\/fr\\\/product\\\/gravelart-tuiles-vertes\\\/#breadcrumb\",\"itemListElement\":[{\"@type\":\"ListItem\",\"position\":1,\"name\":\"Home\",\"item\":\"https:\\\/\\\/gravelart.be\\\/fr\\\/\"},{\"@type\":\"ListItem\",\"position\":2,\"name\":\"Produits\",\"item\":\"https:\\\/\\\/gravelart.be\\\/fr\\\/boutique\\\/\"},{\"@type\":\"ListItem\",\"position\":3,\"name\":\"Gravelart Tuiles Vertes\"}]},{\"@type\":\"WebSite\",\"@id\":\"https:\\\/\\\/gravelart.be\\\/fr\\\/#website\",\"url\":\"https:\\\/\\\/gravelart.be\\\/fr\\\/\",\"name\":\"Gravelart\",\"description\":\"Alles voor tuin en park\",\"publisher\":{\"@id\":\"https:\\\/\\\/gravelart.be\\\/fr\\\/#organization\"},\"potentialAction\":[{\"@type\":\"SearchAction\",\"target\":{\"@type\":\"EntryPoint\",\"urlTemplate\":\"https:\\\/\\\/gravelart.be\\\/fr\\\/?s={search_term_string}\"},\"query-input\":{\"@type\":\"PropertyValueSpecification\",\"valueRequired\":true,\"valueName\":\"search_term_string\"}}],\"inLanguage\":\"fr-FR\"},{\"@type\":\"Organization\",\"@id\":\"https:\\\/\\\/gravelart.be\\\/fr\\\/#organization\",\"name\":\"Gravelart\",\"url\":\"https:\\\/\\\/gravelart.be\\\/fr\\\/\",\"logo\":{\"@type\":\"ImageObject\",\"inLanguage\":\"fr-FR\",\"@id\":\"https:\\\/\\\/gravelart.be\\\/fr\\\/#\\\/schema\\\/logo\\\/image\\\/\",\"url\":\"https:\\\/\\\/gravelart.be\\\/wp-content\\\/uploads\\\/2022\\\/10\\\/logo-gravelart.png\",\"contentUrl\":\"https:\\\/\\\/gravelart.be\\\/wp-content\\\/uploads\\\/2022\\\/10\\\/logo-gravelart.png\",\"width\":348,\"height\":186,\"caption\":\"Gravelart\"},\"image\":{\"@id\":\"https:\\\/\\\/gravelart.be\\\/fr\\\/#\\\/schema\\\/logo\\\/image\\\/\"}}]}<\/script>\n<!-- \/ Yoast SEO plugin. -->","yoast_head_json":{"title":"Gravelart Tuiles Vertes - Gravelart","description":"Bestel Gravelart Tuiles Vertes voor jouw volgende tuinproject.","robots":{"index":"index","follow":"follow","max-snippet":"max-snippet:-1","max-image-preview":"max-image-preview:large","max-video-preview":"max-video-preview:-1"},"canonical":"https:\/\/gravelart.be\/fr\/product\/gravelart-tuiles-vertes\/","og_locale":"fr_FR","og_type":"article","og_title":"Gravelart Tuiles Vertes - Gravelart","og_description":"Bestel Gravelart Tuiles Vertes voor jouw volgende tuinproject.","og_url":"https:\/\/gravelart.be\/fr\/product\/gravelart-tuiles-vertes\/","og_site_name":"Gravelart","article_modified_time":"2026-02-24T19:16:05+00:00","og_image":[{"width":1333,"height":2000,"url":"https:\/\/gravelart.be\/wp-content\/uploads\/2023\/02\/WEBSHOP_IMAGE_2-6059-1.jpg","type":"image\/jpeg"}],"twitter_card":"summary_large_image","twitter_misc":{"Dur\u00e9e de lecture estim\u00e9e":"1 minute"},"schema":{"@context":"https:\/\/schema.org","@graph":[{"@type":"WebPage","@id":"https:\/\/gravelart.be\/fr\/product\/gravelart-tuiles-vertes\/","url":"https:\/\/gravelart.be\/fr\/product\/gravelart-tuiles-vertes\/","name":"Gravelart Tuiles Vertes - Gravelart","isPartOf":{"@id":"https:\/\/gravelart.be\/fr\/#website"},"primaryImageOfPage":{"@id":"https:\/\/gravelart.be\/fr\/product\/gravelart-tuiles-vertes\/#primaryimage"},"image":{"@id":"https:\/\/gravelart.be\/fr\/product\/gravelart-tuiles-vertes\/#primaryimage"},"thumbnailUrl":"https:\/\/gravelart.be\/wp-content\/uploads\/2023\/02\/WEBSHOP_IMAGE_2-6059-1.jpg","datePublished":"2023-02-02T08:14:07+00:00","dateModified":"2026-02-24T19:16:05+00:00","description":"Bestel Gravelart Tuiles Vertes voor jouw volgende tuinproject.","breadcrumb":{"@id":"https:\/\/gravelart.be\/fr\/product\/gravelart-tuiles-vertes\/#breadcrumb"},"inLanguage":"fr-FR","potentialAction":[{"@type":"ReadAction","target":["https:\/\/gravelart.be\/fr\/product\/gravelart-tuiles-vertes\/"]}]},{"@type":"ImageObject","inLanguage":"fr-FR","@id":"https:\/\/gravelart.be\/fr\/product\/gravelart-tuiles-vertes\/#primaryimage","url":"https:\/\/gravelart.be\/wp-content\/uploads\/2023\/02\/WEBSHOP_IMAGE_2-6059-1.jpg","contentUrl":"https:\/\/gravelart.be\/wp-content\/uploads\/2023\/02\/WEBSHOP_IMAGE_2-6059-1.jpg","width":1333,"height":2000,"caption":"Groendak tegel"},{"@type":"BreadcrumbList","@id":"https:\/\/gravelart.be\/fr\/product\/gravelart-tuiles-vertes\/#breadcrumb","itemListElement":[{"@type":"ListItem","position":1,"name":"Home","item":"https:\/\/gravelart.be\/fr\/"},{"@type":"ListItem","position":2,"name":"Produits","item":"https:\/\/gravelart.be\/fr\/boutique\/"},{"@type":"ListItem","position":3,"name":"Gravelart Tuiles Vertes"}]},{"@type":"WebSite","@id":"https:\/\/gravelart.be\/fr\/#website","url":"https:\/\/gravelart.be\/fr\/","name":"Gravelart","description":"Alles voor tuin en park","publisher":{"@id":"https:\/\/gravelart.be\/fr\/#organization"},"potentialAction":[{"@type":"SearchAction","target":{"@type":"EntryPoint","urlTemplate":"https:\/\/gravelart.be\/fr\/?s={search_term_string}"},"query-input":{"@type":"PropertyValueSpecification","valueRequired":true,"valueName":"search_term_string"}}],"inLanguage":"fr-FR"},{"@type":"Organization","@id":"https:\/\/gravelart.be\/fr\/#organization","name":"Gravelart","url":"https:\/\/gravelart.be\/fr\/","logo":{"@type":"ImageObject","inLanguage":"fr-FR","@id":"https:\/\/gravelart.be\/fr\/#\/schema\/logo\/image\/","url":"https:\/\/gravelart.be\/wp-content\/uploads\/2022\/10\/logo-gravelart.png","contentUrl":"https:\/\/gravelart.be\/wp-content\/uploads\/2022\/10\/logo-gravelart.png","width":348,"height":186,"caption":"Gravelart"},"image":{"@id":"https:\/\/gravelart.be\/fr\/#\/schema\/logo\/image\/"}}]}},"_links":{"self":[{"href":"https:\/\/gravelart.be\/fr\/wp-json\/wp\/v2\/product\/32659","targetHints":{"allow":["GET"]}}],"collection":[{"href":"https:\/\/gravelart.be\/fr\/wp-json\/wp\/v2\/product"}],"about":[{"href":"https:\/\/gravelart.be\/fr\/wp-json\/wp\/v2\/types\/product"}],"replies":[{"embeddable":true,"href":"https:\/\/gravelart.be\/fr\/wp-json\/wp\/v2\/comments?post=32659"}],"wp:featuredmedia":[{"embeddable":true,"href":"https:\/\/gravelart.be\/fr\/wp-json\/wp\/v2\/media\/42301"}],"wp:attachment":[{"href":"https:\/\/gravelart.be\/fr\/wp-json\/wp\/v2\/media?parent=32659"}],"wp:term":[{"taxonomy":"product_brand","embeddable":true,"href":"https:\/\/gravelart.be\/fr\/wp-json\/wp\/v2\/product_brand?post=32659"},{"taxonomy":"product_cat","embeddable":true,"href":"https:\/\/gravelart.be\/fr\/wp-json\/wp\/v2\/product_cat?post=32659"},{"taxonomy":"product_tag","embeddable":true,"href":"https:\/\/gravelart.be\/fr\/wp-json\/wp\/v2\/product_tag?post=32659"}],"curies":[{"name":"wp","href":"https:\/\/api.w.org\/{rel}","templated":true}]}}