{"id":32665,"date":"2023-02-02T09:14:15","date_gmt":"2023-02-02T08:14:15","guid":{"rendered":"https:\/\/gravelart.be\/?post_type=product&#038;p=32665"},"modified":"2026-02-24T20:15:58","modified_gmt":"2026-02-24T19:15:58","slug":"eccodal-dalle-de-gazon-50-pehd-vert","status":"publish","type":"product","link":"https:\/\/gravelart.be\/fr\/product\/eccodal-dalle-de-gazon-50-pehd-vert\/","title":{"rendered":"ECCOdal Dalle de Gazon 50 PEHD vert"},"content":{"rendered":"","protected":false},"excerpt":{"rendered":"<p>Les dalles ECCOdal sont des dalles gazon avec lesquels vous cr\u00e9ez un parking vert ou une all\u00e9e verte. Ils sont faciles \u00e0 installer et de qualit\u00e9 sup\u00e9rieure. Le plastique utilis\u00e9 est le HDPE, qui est beaucoup plus r\u00e9sistant que la plupart des alternatives produites \u00e0 partir de PP moins adapt\u00e9. Cela rend \u00e9galement les dalles gazon ECCOdal r\u00e9sistants aux UV o\u00f9 les autres dalles gazon ne sont r\u00e9sistants que limit\u00e9s et se fragmenteront avec le temps. ECCOdal est disponible en vert ou noir et en hauteur 4 ou 5 cm. Gr\u00e2ce \u00e0 la grande taille de 80 x 80 cm, l&rsquo;efficacit\u00e9 d&rsquo;installation est \u00e9galement plus \u00e9lev\u00e9e. Livr\u00e9 rapidement dans toute la Belgique.<\/p>\n<ul>\n<li>Couleur: Vert<\/li>\n<li>Dimensions: 80 x 80 cm<\/li>\n<li>Charge de rupture vide: 228 tonnes\/m\u00b2<\/li>\n<li>Hauteur: 5 cm<\/li>\n<li>Mati\u00e8re: PEHD<\/li>\n<\/ul>\n","protected":false},"featured_media":42078,"comment_status":"open","ping_status":"closed","template":"","meta":{"_acf_changed":false,"inline_featured_image":false},"product_brand":[],"product_cat":[4153],"product_tag":[],"class_list":{"0":"post-32665","1":"product","2":"type-product","3":"status-publish","4":"has-post-thumbnail","6":"product_cat-gazon-et-plus","8":"first","9":"instock","10":"taxable","11":"shipping-taxable","12":"purchasable","13":"product-type-variable","14":"has-default-attributes"},"acf":{"woocommerce_erp_id":"5257","woocommerce_cnk_id":"100466","product_density":0.64,"custom_prices":[{"variation_id":"42087","customer_group":"PRO","customer_id":"","min_qty":0.64,"max_qty":9999999,"steps":0.64,"price":14.85,"price_incl":17.97,"delivery_group":"COLLECT","warehouse_id":"Z"},{"variation_id":"42087","customer_group":"PRO","customer_id":"","min_qty":0.64,"max_qty":9999999,"steps":0.64,"price":14.85,"price_incl":17.97,"delivery_group":"COLLECT","warehouse_id":"W"},{"variation_id":"42087","customer_group":"CON","customer_id":"","min_qty":0.64,"max_qty":9999999,"steps":0.64,"price":17.52,"price_incl":21.2,"delivery_group":"COLLECT","warehouse_id":"Z"},{"variation_id":"42087","customer_group":"CON","customer_id":"","min_qty":0.64,"max_qty":9999999,"steps":0.64,"price":17.52,"price_incl":21.2,"delivery_group":"COLLECT","warehouse_id":"W"},{"variation_id":"42087","customer_group":"DISTRI","customer_id":"","min_qty":0.64,"max_qty":9999999,"steps":0.64,"price":13.85,"price_incl":16.76,"delivery_group":"COLLECT","warehouse_id":"Z"},{"variation_id":"42087","customer_group":"DISTRI","customer_id":"","min_qty":0.64,"max_qty":9999999,"steps":0.64,"price":13.85,"price_incl":16.76,"delivery_group":"COLLECT","warehouse_id":"W"},{"variation_id":"42087","customer_group":"DISTRI","customer_id":"129214","min_qty":0.64,"max_qty":9999999,"steps":0.64,"price":12.37,"price_incl":14.97,"delivery_group":"COLLECT","warehouse_id":"Z"},{"variation_id":"42087","customer_group":"DISTRI","customer_id":"129214","min_qty":0.64,"max_qty":9999999,"steps":0.64,"price":12.38,"price_incl":14.98,"delivery_group":"COLLECT","warehouse_id":"Z"},{"variation_id":"42087","customer_group":"DISTRI","customer_id":"129214","min_qty":0.64,"max_qty":9999999,"steps":0.64,"price":12.37,"price_incl":14.97,"delivery_group":"COLLECT","warehouse_id":"W"},{"variation_id":"42087","customer_group":"DISTRI","customer_id":"129214","min_qty":0.64,"max_qty":9999999,"steps":0.64,"price":12.38,"price_incl":14.98,"delivery_group":"COLLECT","warehouse_id":"W"},{"variation_id":"42087","customer_group":"PER","customer_id":"","min_qty":0.64,"max_qty":9999999,"steps":0.64,"price":11.05,"price_incl":13.37,"delivery_group":"COLLECT","warehouse_id":"Z"},{"variation_id":"42087","customer_group":"PER","customer_id":"","min_qty":0.64,"max_qty":9999999,"steps":0.64,"price":11.05,"price_incl":13.37,"delivery_group":"COLLECT","warehouse_id":"W"},{"variation_id":"42087","customer_group":"PRO","customer_id":"","min_qty":10.24,"max_qty":9999999,"steps":0.64,"price":14.85,"price_incl":17.97,"delivery_group":"DELIVERY","warehouse_id":""},{"variation_id":"42087","customer_group":"PRO","customer_id":"","min_qty":10.24,"max_qty":9999999,"steps":0.64,"price":14.85,"price_incl":17.97,"delivery_group":"DELIVERY","warehouse_id":"W"},{"variation_id":"42087","customer_group":"CON","customer_id":"","min_qty":10.24,"max_qty":9999999,"steps":0.64,"price":17.52,"price_incl":21.2,"delivery_group":"DELIVERY","warehouse_id":"Z"},{"variation_id":"42087","customer_group":"CON","customer_id":"","min_qty":10.24,"max_qty":9999999,"steps":0.64,"price":17.52,"price_incl":21.2,"delivery_group":"DELIVERY","warehouse_id":"W"},{"variation_id":"42087","customer_group":"DISTRI","customer_id":"","min_qty":10.24,"max_qty":9999999,"steps":0.64,"price":13.85,"price_incl":16.76,"delivery_group":"DELIVERY","warehouse_id":"Z"},{"variation_id":"42087","customer_group":"DISTRI","customer_id":"","min_qty":10.24,"max_qty":9999999,"steps":0.64,"price":13.85,"price_incl":16.76,"delivery_group":"DELIVERY","warehouse_id":"W"},{"variation_id":"42087","customer_group":"DISTRI","customer_id":"129214","min_qty":10.24,"max_qty":9999999,"steps":0.64,"price":12.37,"price_incl":14.97,"delivery_group":"DELIVERY","warehouse_id":"Z"},{"variation_id":"42087","customer_group":"DISTRI","customer_id":"129214","min_qty":10.24,"max_qty":9999999,"steps":0.64,"price":12.38,"price_incl":14.98,"delivery_group":"DELIVERY","warehouse_id":"Z"},{"variation_id":"42087","customer_group":"DISTRI","customer_id":"129214","min_qty":10.24,"max_qty":9999999,"steps":0.64,"price":12.37,"price_incl":14.97,"delivery_group":"DELIVERY","warehouse_id":"W"},{"variation_id":"42087","customer_group":"DISTRI","customer_id":"129214","min_qty":10.24,"max_qty":9999999,"steps":0.64,"price":12.38,"price_incl":14.98,"delivery_group":"DELIVERY","warehouse_id":"W"},{"variation_id":"42087","customer_group":"PER","customer_id":"","min_qty":10.24,"max_qty":9999999,"steps":0.64,"price":11.05,"price_incl":13.37,"delivery_group":"DELIVERY","warehouse_id":"Z"},{"variation_id":"42087","customer_group":"PER","customer_id":"","min_qty":10.24,"max_qty":9999999,"steps":0.64,"price":11.05,"price_incl":13.37,"delivery_group":"DELIVERY","warehouse_id":"W"}],"packaging_ids":[{"packaging_name":"m\u00b2","packaging_id":"8","erp_id":"5257"}]},"yoast_head":"<!-- This site is optimized with the Yoast SEO plugin v27.3 - https:\/\/yoast.com\/product\/yoast-seo-wordpress\/ -->\n<title>ECCOdal Dalle de Gazon 50 PEHD vert - Gravelart<\/title>\n<meta name=\"description\" content=\"Bestel ECCOdal Dalle de Gazon 50 PEHD vert voor jouw volgende tuinproject.\" \/>\n<meta name=\"robots\" content=\"index, follow, max-snippet:-1, max-image-preview:large, max-video-preview:-1\" \/>\n<link rel=\"canonical\" href=\"https:\/\/gravelart.be\/fr\/product\/eccodal-dalle-de-gazon-50-pehd-vert\/\" \/>\n<meta property=\"og:locale\" content=\"fr_FR\" \/>\n<meta property=\"og:type\" content=\"article\" \/>\n<meta property=\"og:title\" content=\"ECCOdal Dalle de Gazon 50 PEHD vert - Gravelart\" \/>\n<meta property=\"og:description\" content=\"Bestel ECCOdal Dalle de Gazon 50 PEHD vert voor jouw volgende tuinproject.\" \/>\n<meta property=\"og:url\" content=\"https:\/\/gravelart.be\/fr\/product\/eccodal-dalle-de-gazon-50-pehd-vert\/\" \/>\n<meta property=\"og:site_name\" content=\"Gravelart\" \/>\n<meta property=\"article:modified_time\" content=\"2026-02-24T19:15:58+00:00\" \/>\n<meta property=\"og:image\" content=\"https:\/\/gravelart.be\/wp-content\/uploads\/2023\/02\/WEBSHOP_IMAGE_1-5257.jpg\" \/>\n\t<meta property=\"og:image:width\" content=\"1500\" \/>\n\t<meta property=\"og:image:height\" content=\"1500\" \/>\n\t<meta property=\"og:image:type\" content=\"image\/jpeg\" \/>\n<meta name=\"twitter:card\" content=\"summary_large_image\" \/>\n<script type=\"application\/ld+json\" class=\"yoast-schema-graph\">{\"@context\":\"https:\\\/\\\/schema.org\",\"@graph\":[{\"@type\":\"WebPage\",\"@id\":\"https:\\\/\\\/gravelart.be\\\/fr\\\/product\\\/eccodal-dalle-de-gazon-50-pehd-vert\\\/\",\"url\":\"https:\\\/\\\/gravelart.be\\\/fr\\\/product\\\/eccodal-dalle-de-gazon-50-pehd-vert\\\/\",\"name\":\"ECCOdal Dalle de Gazon 50 PEHD vert - Gravelart\",\"isPartOf\":{\"@id\":\"https:\\\/\\\/gravelart.be\\\/fr\\\/#website\"},\"primaryImageOfPage\":{\"@id\":\"https:\\\/\\\/gravelart.be\\\/fr\\\/product\\\/eccodal-dalle-de-gazon-50-pehd-vert\\\/#primaryimage\"},\"image\":{\"@id\":\"https:\\\/\\\/gravelart.be\\\/fr\\\/product\\\/eccodal-dalle-de-gazon-50-pehd-vert\\\/#primaryimage\"},\"thumbnailUrl\":\"https:\\\/\\\/gravelart.be\\\/wp-content\\\/uploads\\\/2023\\\/02\\\/WEBSHOP_IMAGE_1-5257.jpg\",\"datePublished\":\"2023-02-02T08:14:15+00:00\",\"dateModified\":\"2026-02-24T19:15:58+00:00\",\"description\":\"Bestel ECCOdal Dalle de Gazon 50 PEHD vert voor jouw volgende tuinproject.\",\"breadcrumb\":{\"@id\":\"https:\\\/\\\/gravelart.be\\\/fr\\\/product\\\/eccodal-dalle-de-gazon-50-pehd-vert\\\/#breadcrumb\"},\"inLanguage\":\"fr-FR\",\"potentialAction\":[{\"@type\":\"ReadAction\",\"target\":[\"https:\\\/\\\/gravelart.be\\\/fr\\\/product\\\/eccodal-dalle-de-gazon-50-pehd-vert\\\/\"]}]},{\"@type\":\"ImageObject\",\"inLanguage\":\"fr-FR\",\"@id\":\"https:\\\/\\\/gravelart.be\\\/fr\\\/product\\\/eccodal-dalle-de-gazon-50-pehd-vert\\\/#primaryimage\",\"url\":\"https:\\\/\\\/gravelart.be\\\/wp-content\\\/uploads\\\/2023\\\/02\\\/WEBSHOP_IMAGE_1-5257.jpg\",\"contentUrl\":\"https:\\\/\\\/gravelart.be\\\/wp-content\\\/uploads\\\/2023\\\/02\\\/WEBSHOP_IMAGE_1-5257.jpg\",\"width\":1500,\"height\":1500},{\"@type\":\"BreadcrumbList\",\"@id\":\"https:\\\/\\\/gravelart.be\\\/fr\\\/product\\\/eccodal-dalle-de-gazon-50-pehd-vert\\\/#breadcrumb\",\"itemListElement\":[{\"@type\":\"ListItem\",\"position\":1,\"name\":\"Home\",\"item\":\"https:\\\/\\\/gravelart.be\\\/fr\\\/\"},{\"@type\":\"ListItem\",\"position\":2,\"name\":\"Produits\",\"item\":\"https:\\\/\\\/gravelart.be\\\/fr\\\/boutique\\\/\"},{\"@type\":\"ListItem\",\"position\":3,\"name\":\"ECCOdal Dalle de Gazon 50 PEHD vert\"}]},{\"@type\":\"WebSite\",\"@id\":\"https:\\\/\\\/gravelart.be\\\/fr\\\/#website\",\"url\":\"https:\\\/\\\/gravelart.be\\\/fr\\\/\",\"name\":\"Gravelart\",\"description\":\"Alles voor tuin en park\",\"publisher\":{\"@id\":\"https:\\\/\\\/gravelart.be\\\/fr\\\/#organization\"},\"potentialAction\":[{\"@type\":\"SearchAction\",\"target\":{\"@type\":\"EntryPoint\",\"urlTemplate\":\"https:\\\/\\\/gravelart.be\\\/fr\\\/?s={search_term_string}\"},\"query-input\":{\"@type\":\"PropertyValueSpecification\",\"valueRequired\":true,\"valueName\":\"search_term_string\"}}],\"inLanguage\":\"fr-FR\"},{\"@type\":\"Organization\",\"@id\":\"https:\\\/\\\/gravelart.be\\\/fr\\\/#organization\",\"name\":\"Gravelart\",\"url\":\"https:\\\/\\\/gravelart.be\\\/fr\\\/\",\"logo\":{\"@type\":\"ImageObject\",\"inLanguage\":\"fr-FR\",\"@id\":\"https:\\\/\\\/gravelart.be\\\/fr\\\/#\\\/schema\\\/logo\\\/image\\\/\",\"url\":\"https:\\\/\\\/gravelart.be\\\/wp-content\\\/uploads\\\/2022\\\/10\\\/logo-gravelart.png\",\"contentUrl\":\"https:\\\/\\\/gravelart.be\\\/wp-content\\\/uploads\\\/2022\\\/10\\\/logo-gravelart.png\",\"width\":348,\"height\":186,\"caption\":\"Gravelart\"},\"image\":{\"@id\":\"https:\\\/\\\/gravelart.be\\\/fr\\\/#\\\/schema\\\/logo\\\/image\\\/\"}}]}<\/script>\n<!-- \/ Yoast SEO plugin. -->","yoast_head_json":{"title":"ECCOdal Dalle de Gazon 50 PEHD vert - Gravelart","description":"Bestel ECCOdal Dalle de Gazon 50 PEHD vert voor jouw volgende tuinproject.","robots":{"index":"index","follow":"follow","max-snippet":"max-snippet:-1","max-image-preview":"max-image-preview:large","max-video-preview":"max-video-preview:-1"},"canonical":"https:\/\/gravelart.be\/fr\/product\/eccodal-dalle-de-gazon-50-pehd-vert\/","og_locale":"fr_FR","og_type":"article","og_title":"ECCOdal Dalle de Gazon 50 PEHD vert - Gravelart","og_description":"Bestel ECCOdal Dalle de Gazon 50 PEHD vert voor jouw volgende tuinproject.","og_url":"https:\/\/gravelart.be\/fr\/product\/eccodal-dalle-de-gazon-50-pehd-vert\/","og_site_name":"Gravelart","article_modified_time":"2026-02-24T19:15:58+00:00","og_image":[{"width":1500,"height":1500,"url":"https:\/\/gravelart.be\/wp-content\/uploads\/2023\/02\/WEBSHOP_IMAGE_1-5257.jpg","type":"image\/jpeg"}],"twitter_card":"summary_large_image","schema":{"@context":"https:\/\/schema.org","@graph":[{"@type":"WebPage","@id":"https:\/\/gravelart.be\/fr\/product\/eccodal-dalle-de-gazon-50-pehd-vert\/","url":"https:\/\/gravelart.be\/fr\/product\/eccodal-dalle-de-gazon-50-pehd-vert\/","name":"ECCOdal Dalle de Gazon 50 PEHD vert - Gravelart","isPartOf":{"@id":"https:\/\/gravelart.be\/fr\/#website"},"primaryImageOfPage":{"@id":"https:\/\/gravelart.be\/fr\/product\/eccodal-dalle-de-gazon-50-pehd-vert\/#primaryimage"},"image":{"@id":"https:\/\/gravelart.be\/fr\/product\/eccodal-dalle-de-gazon-50-pehd-vert\/#primaryimage"},"thumbnailUrl":"https:\/\/gravelart.be\/wp-content\/uploads\/2023\/02\/WEBSHOP_IMAGE_1-5257.jpg","datePublished":"2023-02-02T08:14:15+00:00","dateModified":"2026-02-24T19:15:58+00:00","description":"Bestel ECCOdal Dalle de Gazon 50 PEHD vert voor jouw volgende tuinproject.","breadcrumb":{"@id":"https:\/\/gravelart.be\/fr\/product\/eccodal-dalle-de-gazon-50-pehd-vert\/#breadcrumb"},"inLanguage":"fr-FR","potentialAction":[{"@type":"ReadAction","target":["https:\/\/gravelart.be\/fr\/product\/eccodal-dalle-de-gazon-50-pehd-vert\/"]}]},{"@type":"ImageObject","inLanguage":"fr-FR","@id":"https:\/\/gravelart.be\/fr\/product\/eccodal-dalle-de-gazon-50-pehd-vert\/#primaryimage","url":"https:\/\/gravelart.be\/wp-content\/uploads\/2023\/02\/WEBSHOP_IMAGE_1-5257.jpg","contentUrl":"https:\/\/gravelart.be\/wp-content\/uploads\/2023\/02\/WEBSHOP_IMAGE_1-5257.jpg","width":1500,"height":1500},{"@type":"BreadcrumbList","@id":"https:\/\/gravelart.be\/fr\/product\/eccodal-dalle-de-gazon-50-pehd-vert\/#breadcrumb","itemListElement":[{"@type":"ListItem","position":1,"name":"Home","item":"https:\/\/gravelart.be\/fr\/"},{"@type":"ListItem","position":2,"name":"Produits","item":"https:\/\/gravelart.be\/fr\/boutique\/"},{"@type":"ListItem","position":3,"name":"ECCOdal Dalle de Gazon 50 PEHD vert"}]},{"@type":"WebSite","@id":"https:\/\/gravelart.be\/fr\/#website","url":"https:\/\/gravelart.be\/fr\/","name":"Gravelart","description":"Alles voor tuin en park","publisher":{"@id":"https:\/\/gravelart.be\/fr\/#organization"},"potentialAction":[{"@type":"SearchAction","target":{"@type":"EntryPoint","urlTemplate":"https:\/\/gravelart.be\/fr\/?s={search_term_string}"},"query-input":{"@type":"PropertyValueSpecification","valueRequired":true,"valueName":"search_term_string"}}],"inLanguage":"fr-FR"},{"@type":"Organization","@id":"https:\/\/gravelart.be\/fr\/#organization","name":"Gravelart","url":"https:\/\/gravelart.be\/fr\/","logo":{"@type":"ImageObject","inLanguage":"fr-FR","@id":"https:\/\/gravelart.be\/fr\/#\/schema\/logo\/image\/","url":"https:\/\/gravelart.be\/wp-content\/uploads\/2022\/10\/logo-gravelart.png","contentUrl":"https:\/\/gravelart.be\/wp-content\/uploads\/2022\/10\/logo-gravelart.png","width":348,"height":186,"caption":"Gravelart"},"image":{"@id":"https:\/\/gravelart.be\/fr\/#\/schema\/logo\/image\/"}}]}},"_links":{"self":[{"href":"https:\/\/gravelart.be\/fr\/wp-json\/wp\/v2\/product\/32665","targetHints":{"allow":["GET"]}}],"collection":[{"href":"https:\/\/gravelart.be\/fr\/wp-json\/wp\/v2\/product"}],"about":[{"href":"https:\/\/gravelart.be\/fr\/wp-json\/wp\/v2\/types\/product"}],"replies":[{"embeddable":true,"href":"https:\/\/gravelart.be\/fr\/wp-json\/wp\/v2\/comments?post=32665"}],"wp:featuredmedia":[{"embeddable":true,"href":"https:\/\/gravelart.be\/fr\/wp-json\/wp\/v2\/media\/42078"}],"wp:attachment":[{"href":"https:\/\/gravelart.be\/fr\/wp-json\/wp\/v2\/media?parent=32665"}],"wp:term":[{"taxonomy":"product_brand","embeddable":true,"href":"https:\/\/gravelart.be\/fr\/wp-json\/wp\/v2\/product_brand?post=32665"},{"taxonomy":"product_cat","embeddable":true,"href":"https:\/\/gravelart.be\/fr\/wp-json\/wp\/v2\/product_cat?post=32665"},{"taxonomy":"product_tag","embeddable":true,"href":"https:\/\/gravelart.be\/fr\/wp-json\/wp\/v2\/product_tag?post=32665"}],"curies":[{"name":"wp","href":"https:\/\/api.w.org\/{rel}","templated":true}]}}