{"id":32669,"date":"2023-02-02T09:14:20","date_gmt":"2023-02-02T08:14:20","guid":{"rendered":"https:\/\/gravelart.be\/?post_type=product&#038;p=32669"},"modified":"2026-03-17T17:02:11","modified_gmt":"2026-03-17T16:02:11","slug":"bleu-belge-4-8","status":"publish","type":"product","link":"https:\/\/gravelart.be\/fr\/product\/bleu-belge-4-8\/","title":{"rendered":"Bleu belge 4\/8"},"content":{"rendered":"","protected":false},"excerpt":{"rendered":"<p>Le <strong><a href=\"https:\/\/gravelart.be\/fr\/product\/bleu-belge-4-8\/\">Bleu Belge<\/a><\/strong>, connue dans le langage courant sous les noms de pierre bleue, petit granit, pierre d\u2019ardennes ou encore \u00e9clats d\u2019Ardenne. Ce gravier, tr\u00e8s appr\u00e9ci\u00e9 sur le march\u00e9 belge, se caract\u00e9rise par sa teinte typiquement bleu-gris et son excellent rapport qualit\u00e9\/prix. La particularit\u00e9 de la Pierre Bleue Belge r\u00e9side dans la pr\u00e9sence de restes de squelettes calcaires d\u2019organismes marins ayant v\u00e9cu au fond des mers durant le D\u00e9vonien sup\u00e9rieur jusqu\u2019au Carbonif\u00e8re inf\u00e9rieur. Au fil de millions d\u2019ann\u00e9es, ces \u00e9l\u00e9ments se sont agglom\u00e9r\u00e9s pour former cette pierre naturelle embl\u00e9matique. Sa couleur bleu-gris est due \u00e0 la pr\u00e9sence de fines particules v\u00e9g\u00e9tales dispers\u00e9es dans la roche.    <\/p>\n<p>La Pierre Bleue Belge est disponible en big bags ou en vrac.<\/p>\n<p>&nbsp;<\/p>\n","protected":false},"featured_media":42394,"comment_status":"open","ping_status":"closed","template":"","meta":{"_acf_changed":false,"inline_featured_image":false},"product_brand":[],"product_cat":[4154],"product_tag":[],"class_list":{"0":"post-32669","1":"product","2":"type-product","3":"status-publish","4":"has-post-thumbnail","6":"product_cat-gravier-decoratif","8":"first","9":"instock","10":"taxable","11":"shipping-taxable","12":"purchasable","13":"product-type-variable","14":"has-default-attributes"},"acf":{"woocommerce_erp_id":"5692","woocommerce_cnk_id":"100486","product_density":1.6,"custom_prices":[{"variation_id":"47059","customer_group":"DISTRI","customer_id":"","min_qty":0.5,"max_qty":9999999,"steps":0.01,"price":41.44,"price_incl":50.14,"delivery_group":"COLLECT","warehouse_id":""},{"variation_id":"47059","customer_group":"DISTRI","customer_id":"","min_qty":0.5,"max_qty":9999999,"steps":0.01,"price":41.44,"price_incl":50.14,"delivery_group":"DELIVERY","warehouse_id":""},{"variation_id":"47059","customer_group":"CON","customer_id":"","min_qty":0.5,"max_qty":9999999,"steps":0.01,"price":57.2,"price_incl":69.21,"delivery_group":"COLLECT","warehouse_id":"L"},{"variation_id":"47059","customer_group":"CON","customer_id":"","min_qty":0.5,"max_qty":9999999,"steps":0.01,"price":57.2,"price_incl":69.21,"delivery_group":"DELIVERY","warehouse_id":"L"},{"variation_id":"47059","customer_group":"CON","customer_id":"","min_qty":0.5,"max_qty":9999999,"steps":0.01,"price":60.9,"price_incl":73.69,"delivery_group":"COLLECT","warehouse_id":""},{"variation_id":"47059","customer_group":"CON","customer_id":"","min_qty":0.5,"max_qty":9999999,"steps":0.01,"price":60.9,"price_incl":73.69,"delivery_group":"DELIVERY","warehouse_id":""},{"variation_id":"47059","customer_group":"PRO","customer_id":"","min_qty":0.5,"max_qty":9999999,"steps":0.01,"price":44.08,"price_incl":53.34,"delivery_group":"COLLECT","warehouse_id":"L"},{"variation_id":"47059","customer_group":"PRO","customer_id":"","min_qty":0.5,"max_qty":9999999,"steps":0.01,"price":46.96,"price_incl":56.82,"delivery_group":"COLLECT","warehouse_id":""},{"variation_id":"47059","customer_group":"PRO","customer_id":"","min_qty":0.5,"max_qty":9999999,"steps":0.01,"price":46.96,"price_incl":56.82,"delivery_group":"DELIVERY","warehouse_id":""},{"variation_id":"47059","customer_group":"PER","customer_id":"","min_qty":0.5,"max_qty":9999999,"steps":0.01,"price":35,"price_incl":42.35,"delivery_group":"COLLECT","warehouse_id":""},{"variation_id":"47059","customer_group":"PER","customer_id":"","min_qty":0.5,"max_qty":9999999,"steps":0.01,"price":35,"price_incl":42.35,"delivery_group":"DELIVERY","warehouse_id":""},{"variation_id":"47059","customer_group":"DISTRI","customer_id":"129214","min_qty":0.5,"max_qty":9999999,"steps":0.01,"price":38.64,"price_incl":46.75,"delivery_group":"COLLECT","warehouse_id":""},{"variation_id":"47059","customer_group":"DISTRI","customer_id":"129214","min_qty":0.5,"max_qty":9999999,"steps":0.01,"price":38.64,"price_incl":46.75,"delivery_group":"DELIVERY","warehouse_id":""},{"variation_id":"47059","customer_group":"CON","customer_id":"119741","min_qty":30,"max_qty":9999999,"steps":0.01,"price":31.91,"price_incl":38.61,"delivery_group":"DELIVERY","warehouse_id":""},{"variation_id":"47059","customer_group":"CON","customer_id":"119741","min_qty":30,"max_qty":9999999,"steps":0.01,"price":31.91,"price_incl":38.61,"delivery_group":"COLLECT","warehouse_id":""},{"variation_id":"47058","customer_group":"PRO","customer_id":"","min_qty":1,"max_qty":9999999,"steps":1,"price":39.48,"price_incl":47.77,"delivery_group":"DELIVERY","warehouse_id":""},{"variation_id":"47058","customer_group":"PRO","customer_id":"","min_qty":1,"max_qty":9999999,"steps":1,"price":39.48,"price_incl":47.77,"delivery_group":"COLLECT","warehouse_id":""},{"variation_id":"47058","customer_group":"DISTRI","customer_id":"","min_qty":1,"max_qty":9999999,"steps":1,"price":36.72,"price_incl":44.43,"delivery_group":"DELIVERY","warehouse_id":""},{"variation_id":"47058","customer_group":"DISTRI","customer_id":"","min_qty":1,"max_qty":9999999,"steps":1,"price":36.72,"price_incl":44.43,"delivery_group":"COLLECT","warehouse_id":""},{"variation_id":"47058","customer_group":"CON","customer_id":"","min_qty":1,"max_qty":9999999,"steps":1,"price":51.12,"price_incl":61.86,"delivery_group":"DELIVERY","warehouse_id":""},{"variation_id":"47058","customer_group":"CON","customer_id":"","min_qty":1,"max_qty":9999999,"steps":1,"price":51.12,"price_incl":61.86,"delivery_group":"COLLECT","warehouse_id":""},{"variation_id":"47058","customer_group":"PER","customer_id":"","min_qty":1,"max_qty":9999999,"steps":1,"price":33.51,"price_incl":40.55,"delivery_group":"DELIVERY","warehouse_id":""},{"variation_id":"47058","customer_group":"PER","customer_id":"","min_qty":1,"max_qty":9999999,"steps":1,"price":33.51,"price_incl":40.55,"delivery_group":"COLLECT","warehouse_id":""},{"variation_id":"47058","customer_group":"DISTRI","customer_id":"129214","min_qty":1,"max_qty":9999999,"steps":1,"price":35.33,"price_incl":42.75,"delivery_group":"COLLECT","warehouse_id":""},{"variation_id":"47058","customer_group":"DISTRI","customer_id":"129214","min_qty":1,"max_qty":9999999,"steps":1,"price":35.33,"price_incl":42.75,"delivery_group":"DELIVERY","warehouse_id":""},{"variation_id":"47060","customer_group":"CON","customer_id":"","min_qty":1,"max_qty":9999999,"steps":1,"price":81.56,"price_incl":98.69,"delivery_group":"DELIVERY","warehouse_id":""},{"variation_id":"47060","customer_group":"CON","customer_id":"","min_qty":1,"max_qty":9999999,"steps":1,"price":81.56,"price_incl":98.69,"delivery_group":"COLLECT","warehouse_id":""},{"variation_id":"47060","customer_group":"PRO","customer_id":"","min_qty":1,"max_qty":9999999,"steps":1,"price":62.96,"price_incl":76.18,"delivery_group":"DELIVERY","warehouse_id":""},{"variation_id":"47060","customer_group":"PRO","customer_id":"","min_qty":1,"max_qty":9999999,"steps":1,"price":62.96,"price_incl":76.18,"delivery_group":"COLLECT","warehouse_id":""},{"variation_id":"47060","customer_group":"DISTRI","customer_id":"","min_qty":1,"max_qty":9999999,"steps":1,"price":57.44,"price_incl":69.5,"delivery_group":"DELIVERY","warehouse_id":""},{"variation_id":"47060","customer_group":"DISTRI","customer_id":"","min_qty":1,"max_qty":9999999,"steps":1,"price":57.44,"price_incl":69.5,"delivery_group":"COLLECT","warehouse_id":""},{"variation_id":"47060","customer_group":"PER","customer_id":"","min_qty":1,"max_qty":9999999,"steps":1,"price":51,"price_incl":61.71,"delivery_group":"DELIVERY","warehouse_id":""},{"variation_id":"47060","customer_group":"PER","customer_id":"","min_qty":1,"max_qty":9999999,"steps":1,"price":51,"price_incl":61.71,"delivery_group":"COLLECT","warehouse_id":""},{"variation_id":"47060","customer_group":"DISTRI","customer_id":"129214","min_qty":1,"max_qty":9999999,"steps":1,"price":54.64,"price_incl":66.11,"delivery_group":"DELIVERY","warehouse_id":""},{"variation_id":"47060","customer_group":"DISTRI","customer_id":"129214","min_qty":1,"max_qty":9999999,"steps":1,"price":54.64,"price_incl":66.11,"delivery_group":"COLLECT","warehouse_id":""},{"variation_id":"47061","customer_group":"CON","customer_id":"","min_qty":1,"max_qty":9999999,"steps":1,"price":112.02,"price_incl":135.54,"delivery_group":"COLLECT","warehouse_id":""},{"variation_id":"47061","customer_group":"CON","customer_id":"","min_qty":1,"max_qty":9999999,"steps":1,"price":112.02,"price_incl":135.54,"delivery_group":"DELIVERY","warehouse_id":""},{"variation_id":"47061","customer_group":"DISTRI","customer_id":"","min_qty":1,"max_qty":9999999,"steps":1,"price":78.16,"price_incl":94.57,"delivery_group":"COLLECT","warehouse_id":""},{"variation_id":"47061","customer_group":"DISTRI","customer_id":"","min_qty":1,"max_qty":9999999,"steps":1,"price":78.16,"price_incl":94.57,"delivery_group":"DELIVERY","warehouse_id":""},{"variation_id":"47061","customer_group":"PRO","customer_id":"","min_qty":1,"max_qty":9999999,"steps":1,"price":86.44,"price_incl":104.59,"delivery_group":"COLLECT","warehouse_id":""},{"variation_id":"47061","customer_group":"PRO","customer_id":"","min_qty":1,"max_qty":9999999,"steps":1,"price":86.44,"price_incl":104.59,"delivery_group":"DELIVERY","warehouse_id":""},{"variation_id":"47061","customer_group":"PER","customer_id":"","min_qty":1,"max_qty":9999999,"steps":1,"price":68.51,"price_incl":82.9,"delivery_group":"COLLECT","warehouse_id":""},{"variation_id":"47061","customer_group":"PER","customer_id":"","min_qty":1,"max_qty":9999999,"steps":1,"price":68.51,"price_incl":82.9,"delivery_group":"DELIVERY","warehouse_id":""},{"variation_id":"47061","customer_group":"DISTRI","customer_id":"129214","min_qty":1,"max_qty":9999999,"steps":1,"price":73.97,"price_incl":89.5,"delivery_group":"COLLECT","warehouse_id":""},{"variation_id":"47061","customer_group":"DISTRI","customer_id":"129214","min_qty":1,"max_qty":9999999,"steps":1,"price":73.97,"price_incl":89.5,"delivery_group":"DELIVERY","warehouse_id":""},{"variation_id":"95","customer_group":"PRO","customer_id":"","min_qty":1,"max_qty":9999999,"steps":1,"price":2.38,"price_incl":2.88,"delivery_group":"COLLECT","warehouse_id":""},{"variation_id":"95","customer_group":"PRO","customer_id":"","min_qty":1,"max_qty":9999999,"steps":1,"price":2.38,"price_incl":2.88,"delivery_group":"DELIVERY","warehouse_id":""},{"variation_id":"95","customer_group":"CON","customer_id":"","min_qty":1,"max_qty":9999999,"steps":1,"price":3.17,"price_incl":3.84,"delivery_group":"COLLECT","warehouse_id":""},{"variation_id":"95","customer_group":"CON","customer_id":"","min_qty":1,"max_qty":9999999,"steps":1,"price":3.17,"price_incl":3.84,"delivery_group":"DELIVERY","warehouse_id":""},{"variation_id":"95","customer_group":"DISTRI","customer_id":"","min_qty":1,"max_qty":9999999,"steps":1,"price":2.24,"price_incl":2.71,"delivery_group":"COLLECT","warehouse_id":""},{"variation_id":"95","customer_group":"DISTRI","customer_id":"","min_qty":1,"max_qty":9999999,"steps":1,"price":2.24,"price_incl":2.71,"delivery_group":"DELIVERY","warehouse_id":""},{"variation_id":"95","customer_group":"PER","customer_id":"","min_qty":1,"max_qty":9999999,"steps":1,"price":2.08,"price_incl":2.52,"delivery_group":"COLLECT","warehouse_id":""},{"variation_id":"95","customer_group":"PER","customer_id":"","min_qty":1,"max_qty":9999999,"steps":1,"price":2.08,"price_incl":2.52,"delivery_group":"DELIVERY","warehouse_id":""},{"variation_id":"95","customer_group":"DISTRI","customer_id":"129214","min_qty":1,"max_qty":9999999,"steps":1,"price":2.17,"price_incl":2.63,"delivery_group":"COLLECT","warehouse_id":""},{"variation_id":"95","customer_group":"DISTRI","customer_id":"129214","min_qty":1,"max_qty":9999999,"steps":1,"price":2.17,"price_incl":2.63,"delivery_group":"DELIVERY","warehouse_id":""}],"packaging_ids":[{"packaging_name":"En vrac","packaging_id":"10","erp_id":"5692"},{"packaging_name":"Big bag 500 kg","packaging_id":"3","erp_id":"4179"},{"packaging_name":"Big bag 1000 kg","packaging_id":"2","erp_id":"4180"},{"packaging_name":"Big bag 1500 kg","packaging_id":"4","erp_id":"4184"},{"packaging_name":"Sacs","packaging_id":"1","erp_id":"6064"}]},"yoast_head":"<!-- This site is optimized with the Yoast SEO plugin v27.3 - https:\/\/yoast.com\/product\/yoast-seo-wordpress\/ -->\n<title>Bleu belge 4\/8 - Gravelart<\/title>\n<meta name=\"description\" content=\"D\u00e9couvrez Bleu belge 4\/8, un gravier dur et plein de caract\u00e8re. Sa teinte bleut\u00e9e typique conf\u00e8re \u00e0 tout espace ext\u00e9rieur un style \u00e9l\u00e9gant et intemporel.\" \/>\n<meta name=\"robots\" content=\"index, follow, max-snippet:-1, max-image-preview:large, max-video-preview:-1\" \/>\n<link rel=\"canonical\" href=\"https:\/\/gravelart.be\/fr\/product\/bleu-belge-4-8\/\" \/>\n<meta property=\"og:locale\" content=\"fr_FR\" \/>\n<meta property=\"og:type\" content=\"article\" \/>\n<meta property=\"og:title\" content=\"Bleu belge 4\/8 - Gravelart\" \/>\n<meta property=\"og:description\" content=\"D\u00e9couvrez Bleu belge 4\/8, un gravier dur et plein de caract\u00e8re. Sa teinte bleut\u00e9e typique conf\u00e8re \u00e0 tout espace ext\u00e9rieur un style \u00e9l\u00e9gant et intemporel.\" \/>\n<meta property=\"og:url\" content=\"https:\/\/gravelart.be\/fr\/product\/bleu-belge-4-8\/\" \/>\n<meta property=\"og:site_name\" content=\"Gravelart\" \/>\n<meta property=\"article:modified_time\" content=\"2026-03-17T16:02:11+00:00\" \/>\n<meta property=\"og:image\" content=\"https:\/\/gravelart.be\/wp-content\/uploads\/2023\/02\/WEBSHOP_IMAGE_1-5692.jpg\" \/>\n\t<meta property=\"og:image:width\" content=\"1000\" \/>\n\t<meta property=\"og:image:height\" content=\"666\" \/>\n\t<meta property=\"og:image:type\" content=\"image\/jpeg\" \/>\n<meta name=\"twitter:card\" content=\"summary_large_image\" \/>\n<script type=\"application\/ld+json\" class=\"yoast-schema-graph\">{\"@context\":\"https:\\\/\\\/schema.org\",\"@graph\":[{\"@type\":\"WebPage\",\"@id\":\"https:\\\/\\\/gravelart.be\\\/fr\\\/product\\\/bleu-belge-4-8\\\/\",\"url\":\"https:\\\/\\\/gravelart.be\\\/fr\\\/product\\\/bleu-belge-4-8\\\/\",\"name\":\"Bleu belge 4\\\/8 - Gravelart\",\"isPartOf\":{\"@id\":\"https:\\\/\\\/gravelart.be\\\/fr\\\/#website\"},\"primaryImageOfPage\":{\"@id\":\"https:\\\/\\\/gravelart.be\\\/fr\\\/product\\\/bleu-belge-4-8\\\/#primaryimage\"},\"image\":{\"@id\":\"https:\\\/\\\/gravelart.be\\\/fr\\\/product\\\/bleu-belge-4-8\\\/#primaryimage\"},\"thumbnailUrl\":\"https:\\\/\\\/gravelart.be\\\/wp-content\\\/uploads\\\/2023\\\/02\\\/WEBSHOP_IMAGE_1-5692.jpg\",\"datePublished\":\"2023-02-02T08:14:20+00:00\",\"dateModified\":\"2026-03-17T16:02:11+00:00\",\"description\":\"D\u00e9couvrez Bleu belge 4\\\/8, un gravier dur et plein de caract\u00e8re. Sa teinte bleut\u00e9e typique conf\u00e8re \u00e0 tout espace ext\u00e9rieur un style \u00e9l\u00e9gant et intemporel.\",\"breadcrumb\":{\"@id\":\"https:\\\/\\\/gravelart.be\\\/fr\\\/product\\\/bleu-belge-4-8\\\/#breadcrumb\"},\"inLanguage\":\"fr-FR\",\"potentialAction\":[{\"@type\":\"ReadAction\",\"target\":[\"https:\\\/\\\/gravelart.be\\\/fr\\\/product\\\/bleu-belge-4-8\\\/\"]}]},{\"@type\":\"ImageObject\",\"inLanguage\":\"fr-FR\",\"@id\":\"https:\\\/\\\/gravelart.be\\\/fr\\\/product\\\/bleu-belge-4-8\\\/#primaryimage\",\"url\":\"https:\\\/\\\/gravelart.be\\\/wp-content\\\/uploads\\\/2023\\\/02\\\/WEBSHOP_IMAGE_1-5692.jpg\",\"contentUrl\":\"https:\\\/\\\/gravelart.be\\\/wp-content\\\/uploads\\\/2023\\\/02\\\/WEBSHOP_IMAGE_1-5692.jpg\",\"width\":1000,\"height\":666,\"caption\":\"Sec\"},{\"@type\":\"BreadcrumbList\",\"@id\":\"https:\\\/\\\/gravelart.be\\\/fr\\\/product\\\/bleu-belge-4-8\\\/#breadcrumb\",\"itemListElement\":[{\"@type\":\"ListItem\",\"position\":1,\"name\":\"Home\",\"item\":\"https:\\\/\\\/gravelart.be\\\/fr\\\/\"},{\"@type\":\"ListItem\",\"position\":2,\"name\":\"Produits\",\"item\":\"https:\\\/\\\/gravelart.be\\\/fr\\\/boutique\\\/\"},{\"@type\":\"ListItem\",\"position\":3,\"name\":\"Bleu belge 4\\\/8\"}]},{\"@type\":\"WebSite\",\"@id\":\"https:\\\/\\\/gravelart.be\\\/fr\\\/#website\",\"url\":\"https:\\\/\\\/gravelart.be\\\/fr\\\/\",\"name\":\"Gravelart\",\"description\":\"Alles voor tuin en park\",\"publisher\":{\"@id\":\"https:\\\/\\\/gravelart.be\\\/fr\\\/#organization\"},\"potentialAction\":[{\"@type\":\"SearchAction\",\"target\":{\"@type\":\"EntryPoint\",\"urlTemplate\":\"https:\\\/\\\/gravelart.be\\\/fr\\\/?s={search_term_string}\"},\"query-input\":{\"@type\":\"PropertyValueSpecification\",\"valueRequired\":true,\"valueName\":\"search_term_string\"}}],\"inLanguage\":\"fr-FR\"},{\"@type\":\"Organization\",\"@id\":\"https:\\\/\\\/gravelart.be\\\/fr\\\/#organization\",\"name\":\"Gravelart\",\"url\":\"https:\\\/\\\/gravelart.be\\\/fr\\\/\",\"logo\":{\"@type\":\"ImageObject\",\"inLanguage\":\"fr-FR\",\"@id\":\"https:\\\/\\\/gravelart.be\\\/fr\\\/#\\\/schema\\\/logo\\\/image\\\/\",\"url\":\"https:\\\/\\\/gravelart.be\\\/wp-content\\\/uploads\\\/2022\\\/10\\\/logo-gravelart.png\",\"contentUrl\":\"https:\\\/\\\/gravelart.be\\\/wp-content\\\/uploads\\\/2022\\\/10\\\/logo-gravelart.png\",\"width\":348,\"height\":186,\"caption\":\"Gravelart\"},\"image\":{\"@id\":\"https:\\\/\\\/gravelart.be\\\/fr\\\/#\\\/schema\\\/logo\\\/image\\\/\"}}]}<\/script>\n<!-- \/ Yoast SEO plugin. -->","yoast_head_json":{"title":"Bleu belge 4\/8 - Gravelart","description":"D\u00e9couvrez Bleu belge 4\/8, un gravier dur et plein de caract\u00e8re. Sa teinte bleut\u00e9e typique conf\u00e8re \u00e0 tout espace ext\u00e9rieur un style \u00e9l\u00e9gant et intemporel.","robots":{"index":"index","follow":"follow","max-snippet":"max-snippet:-1","max-image-preview":"max-image-preview:large","max-video-preview":"max-video-preview:-1"},"canonical":"https:\/\/gravelart.be\/fr\/product\/bleu-belge-4-8\/","og_locale":"fr_FR","og_type":"article","og_title":"Bleu belge 4\/8 - Gravelart","og_description":"D\u00e9couvrez Bleu belge 4\/8, un gravier dur et plein de caract\u00e8re. Sa teinte bleut\u00e9e typique conf\u00e8re \u00e0 tout espace ext\u00e9rieur un style \u00e9l\u00e9gant et intemporel.","og_url":"https:\/\/gravelart.be\/fr\/product\/bleu-belge-4-8\/","og_site_name":"Gravelart","article_modified_time":"2026-03-17T16:02:11+00:00","og_image":[{"width":1000,"height":666,"url":"https:\/\/gravelart.be\/wp-content\/uploads\/2023\/02\/WEBSHOP_IMAGE_1-5692.jpg","type":"image\/jpeg"}],"twitter_card":"summary_large_image","schema":{"@context":"https:\/\/schema.org","@graph":[{"@type":"WebPage","@id":"https:\/\/gravelart.be\/fr\/product\/bleu-belge-4-8\/","url":"https:\/\/gravelart.be\/fr\/product\/bleu-belge-4-8\/","name":"Bleu belge 4\/8 - Gravelart","isPartOf":{"@id":"https:\/\/gravelart.be\/fr\/#website"},"primaryImageOfPage":{"@id":"https:\/\/gravelart.be\/fr\/product\/bleu-belge-4-8\/#primaryimage"},"image":{"@id":"https:\/\/gravelart.be\/fr\/product\/bleu-belge-4-8\/#primaryimage"},"thumbnailUrl":"https:\/\/gravelart.be\/wp-content\/uploads\/2023\/02\/WEBSHOP_IMAGE_1-5692.jpg","datePublished":"2023-02-02T08:14:20+00:00","dateModified":"2026-03-17T16:02:11+00:00","description":"D\u00e9couvrez Bleu belge 4\/8, un gravier dur et plein de caract\u00e8re. Sa teinte bleut\u00e9e typique conf\u00e8re \u00e0 tout espace ext\u00e9rieur un style \u00e9l\u00e9gant et intemporel.","breadcrumb":{"@id":"https:\/\/gravelart.be\/fr\/product\/bleu-belge-4-8\/#breadcrumb"},"inLanguage":"fr-FR","potentialAction":[{"@type":"ReadAction","target":["https:\/\/gravelart.be\/fr\/product\/bleu-belge-4-8\/"]}]},{"@type":"ImageObject","inLanguage":"fr-FR","@id":"https:\/\/gravelart.be\/fr\/product\/bleu-belge-4-8\/#primaryimage","url":"https:\/\/gravelart.be\/wp-content\/uploads\/2023\/02\/WEBSHOP_IMAGE_1-5692.jpg","contentUrl":"https:\/\/gravelart.be\/wp-content\/uploads\/2023\/02\/WEBSHOP_IMAGE_1-5692.jpg","width":1000,"height":666,"caption":"Sec"},{"@type":"BreadcrumbList","@id":"https:\/\/gravelart.be\/fr\/product\/bleu-belge-4-8\/#breadcrumb","itemListElement":[{"@type":"ListItem","position":1,"name":"Home","item":"https:\/\/gravelart.be\/fr\/"},{"@type":"ListItem","position":2,"name":"Produits","item":"https:\/\/gravelart.be\/fr\/boutique\/"},{"@type":"ListItem","position":3,"name":"Bleu belge 4\/8"}]},{"@type":"WebSite","@id":"https:\/\/gravelart.be\/fr\/#website","url":"https:\/\/gravelart.be\/fr\/","name":"Gravelart","description":"Alles voor tuin en park","publisher":{"@id":"https:\/\/gravelart.be\/fr\/#organization"},"potentialAction":[{"@type":"SearchAction","target":{"@type":"EntryPoint","urlTemplate":"https:\/\/gravelart.be\/fr\/?s={search_term_string}"},"query-input":{"@type":"PropertyValueSpecification","valueRequired":true,"valueName":"search_term_string"}}],"inLanguage":"fr-FR"},{"@type":"Organization","@id":"https:\/\/gravelart.be\/fr\/#organization","name":"Gravelart","url":"https:\/\/gravelart.be\/fr\/","logo":{"@type":"ImageObject","inLanguage":"fr-FR","@id":"https:\/\/gravelart.be\/fr\/#\/schema\/logo\/image\/","url":"https:\/\/gravelart.be\/wp-content\/uploads\/2022\/10\/logo-gravelart.png","contentUrl":"https:\/\/gravelart.be\/wp-content\/uploads\/2022\/10\/logo-gravelart.png","width":348,"height":186,"caption":"Gravelart"},"image":{"@id":"https:\/\/gravelart.be\/fr\/#\/schema\/logo\/image\/"}}]}},"_links":{"self":[{"href":"https:\/\/gravelart.be\/fr\/wp-json\/wp\/v2\/product\/32669","targetHints":{"allow":["GET"]}}],"collection":[{"href":"https:\/\/gravelart.be\/fr\/wp-json\/wp\/v2\/product"}],"about":[{"href":"https:\/\/gravelart.be\/fr\/wp-json\/wp\/v2\/types\/product"}],"replies":[{"embeddable":true,"href":"https:\/\/gravelart.be\/fr\/wp-json\/wp\/v2\/comments?post=32669"}],"wp:featuredmedia":[{"embeddable":true,"href":"https:\/\/gravelart.be\/fr\/wp-json\/wp\/v2\/media\/42394"}],"wp:attachment":[{"href":"https:\/\/gravelart.be\/fr\/wp-json\/wp\/v2\/media?parent=32669"}],"wp:term":[{"taxonomy":"product_brand","embeddable":true,"href":"https:\/\/gravelart.be\/fr\/wp-json\/wp\/v2\/product_brand?post=32669"},{"taxonomy":"product_cat","embeddable":true,"href":"https:\/\/gravelart.be\/fr\/wp-json\/wp\/v2\/product_cat?post=32669"},{"taxonomy":"product_tag","embeddable":true,"href":"https:\/\/gravelart.be\/fr\/wp-json\/wp\/v2\/product_tag?post=32669"}],"curies":[{"name":"wp","href":"https:\/\/api.w.org\/{rel}","templated":true}]}}