{"id":32671,"date":"2023-02-02T09:14:22","date_gmt":"2023-02-02T08:14:22","guid":{"rendered":"https:\/\/gravelart.be\/?post_type=product&#038;p=32671"},"modified":"2026-03-17T17:02:30","modified_gmt":"2026-03-17T16:02:30","slug":"bleu-belge-6-14","status":"publish","type":"product","link":"https:\/\/gravelart.be\/fr\/product\/bleu-belge-6-14\/","title":{"rendered":"Bleu belge 6\/14"},"content":{"rendered":"","protected":false},"excerpt":{"rendered":"<p><a href=\"https:\/\/gravelart.be\/fr\/product\/bleu-belge-6-14\/\">Le Bleu Belge<\/a>, connue dans le langage courant sous les appellations grav\u00e9, pierre bleue, petit granit, pierre d\u2019Ardenne ou encore \u00e9clats d\u2019Ardenne. Ce gravier, tr\u00e8s appr\u00e9ci\u00e9 sur le march\u00e9 belge, se distingue par sa teinte typiquement bleu-gris et son excellent rapport qualit\u00e9\/prix. La particularit\u00e9 de la Pierre Bleue Belge r\u00e9side dans la pr\u00e9sence de restes de squelettes calcaires d\u2019organismes marins ayant v\u00e9cu au fond des mers durant le D\u00e9vonien sup\u00e9rieur jusqu\u2019au Carbonif\u00e8re inf\u00e9rieur. Au fil de millions d\u2019ann\u00e9es, ces \u00e9l\u00e9ments se sont agglom\u00e9r\u00e9s pour former cette pierre naturelle embl\u00e9matique. La couleur du gravier est d\u00e9termin\u00e9e par la pr\u00e9sence de fines particules v\u00e9g\u00e9tales dispers\u00e9es dans la roche.    <\/p>\n<p>La Pierre Bleue Belge est disponible en big bags ou en vrac.<\/p>\n","protected":false},"featured_media":42406,"comment_status":"open","ping_status":"closed","template":"","meta":{"_acf_changed":false,"inline_featured_image":false},"product_brand":[],"product_cat":[4154],"product_tag":[],"class_list":{"0":"post-32671","1":"product","2":"type-product","3":"status-publish","4":"has-post-thumbnail","6":"product_cat-gravier-decoratif","8":"first","9":"instock","10":"taxable","11":"shipping-taxable","12":"purchasable","13":"product-type-variable","14":"has-default-attributes"},"acf":{"woocommerce_erp_id":"4479","woocommerce_cnk_id":"100487","product_density":1.6,"custom_prices":[{"variation_id":"47054","customer_group":"CON","customer_id":"","min_qty":0.5,"max_qty":9999999,"steps":0.01,"price":52.19,"price_incl":63.15,"delivery_group":"COLLECT","warehouse_id":""},{"variation_id":"47054","customer_group":"CON","customer_id":"","min_qty":0.5,"max_qty":9999999,"steps":0.01,"price":52.19,"price_incl":63.15,"delivery_group":"DELIVERY","warehouse_id":""},{"variation_id":"47054","customer_group":"DISTRI","customer_id":"","min_qty":0.5,"max_qty":9999999,"steps":0.01,"price":34.57,"price_incl":41.83,"delivery_group":"COLLECT","warehouse_id":""},{"variation_id":"47054","customer_group":"DISTRI","customer_id":"","min_qty":0.5,"max_qty":9999999,"steps":0.01,"price":34.57,"price_incl":41.83,"delivery_group":"DELIVERY","warehouse_id":""},{"variation_id":"47054","customer_group":"PRO","customer_id":"","min_qty":0.5,"max_qty":9999999,"steps":0.01,"price":40.26,"price_incl":48.71,"delivery_group":"COLLECT","warehouse_id":""},{"variation_id":"47054","customer_group":"PRO","customer_id":"","min_qty":0.5,"max_qty":9999999,"steps":0.01,"price":40.26,"price_incl":48.71,"delivery_group":"DELIVERY","warehouse_id":""},{"variation_id":"47054","customer_group":"PER","customer_id":"","min_qty":0.5,"max_qty":9999999,"steps":0.01,"price":29.01,"price_incl":35.1,"delivery_group":"COLLECT","warehouse_id":""},{"variation_id":"47054","customer_group":"PER","customer_id":"","min_qty":0.5,"max_qty":9999999,"steps":0.01,"price":29.01,"price_incl":35.1,"delivery_group":"DELIVERY","warehouse_id":""},{"variation_id":"47054","customer_group":"DISTRI","customer_id":"129214","min_qty":0.5,"max_qty":9999999,"steps":0.01,"price":31.04,"price_incl":37.56,"delivery_group":"DELIVERY","warehouse_id":""},{"variation_id":"47054","customer_group":"DISTRI","customer_id":"129214","min_qty":0.5,"max_qty":9999999,"steps":0.01,"price":31.04,"price_incl":37.56,"delivery_group":"COLLECT","warehouse_id":""},{"variation_id":"47054","customer_group":"DISTRI","customer_id":"131327","min_qty":0.5,"max_qty":9999999,"steps":0.01,"price":32,"price_incl":38.72,"delivery_group":"COLLECT","warehouse_id":""},{"variation_id":"47054","customer_group":"DISTRI","customer_id":"131327","min_qty":0.5,"max_qty":9999999,"steps":0.01,"price":32,"price_incl":38.72,"delivery_group":"DELIVERY","warehouse_id":""},{"variation_id":"47054","customer_group":"CON","customer_id":"132955","min_qty":0.5,"max_qty":30,"steps":0.01,"price":29.87,"price_incl":36.14,"delivery_group":"DELIVERY","warehouse_id":""},{"variation_id":"47054","customer_group":"CON","customer_id":"132955","min_qty":0.5,"max_qty":30,"steps":0.01,"price":26.1,"price_incl":31.58,"delivery_group":"DELIVERY","warehouse_id":""},{"variation_id":"47054","customer_group":"DISTRI","customer_id":"114670","min_qty":30,"max_qty":9999999,"steps":0.01,"price":23.5,"price_incl":28.44,"delivery_group":"DELIVERY","warehouse_id":""},{"variation_id":"47054","customer_group":"DISTRI","customer_id":"114670","min_qty":30,"max_qty":9999999,"steps":0.01,"price":23.5,"price_incl":28.44,"delivery_group":"DELIVERY","warehouse_id":""},{"variation_id":"47054","customer_group":"PRO","customer_id":"119741","min_qty":30,"max_qty":9999999,"steps":0.01,"price":29.71,"price_incl":35.95,"delivery_group":"COLLECT","warehouse_id":""},{"variation_id":"47054","customer_group":"PRO","customer_id":"119741","min_qty":30,"max_qty":9999999,"steps":0.01,"price":29.71,"price_incl":35.95,"delivery_group":"DELIVERY","warehouse_id":""},{"variation_id":"47054","customer_group":"PER","customer_id":"132202","min_qty":30,"max_qty":9999999,"steps":0.01,"price":25.91,"price_incl":31.35,"delivery_group":"DELIVERY","warehouse_id":""},{"variation_id":"47053","customer_group":"CON","customer_id":"","min_qty":1,"max_qty":9999999,"steps":1,"price":46.76,"price_incl":56.58,"delivery_group":"DELIVERY","warehouse_id":""},{"variation_id":"47053","customer_group":"CON","customer_id":"","min_qty":1,"max_qty":9999999,"steps":1,"price":46.76,"price_incl":56.58,"delivery_group":"COLLECT","warehouse_id":""},{"variation_id":"47053","customer_group":"PRO","customer_id":"","min_qty":1,"max_qty":9999999,"steps":1,"price":36.13,"price_incl":43.72,"delivery_group":"DELIVERY","warehouse_id":""},{"variation_id":"47053","customer_group":"PRO","customer_id":"","min_qty":1,"max_qty":9999999,"steps":1,"price":36.13,"price_incl":43.72,"delivery_group":"COLLECT","warehouse_id":""},{"variation_id":"47053","customer_group":"DISTRI","customer_id":"","min_qty":1,"max_qty":9999999,"steps":1,"price":33.29,"price_incl":40.28,"delivery_group":"DELIVERY","warehouse_id":""},{"variation_id":"47053","customer_group":"DISTRI","customer_id":"","min_qty":1,"max_qty":9999999,"steps":1,"price":33.29,"price_incl":40.28,"delivery_group":"COLLECT","warehouse_id":""},{"variation_id":"47053","customer_group":"PER","customer_id":"","min_qty":1,"max_qty":9999999,"steps":1,"price":30.51,"price_incl":36.92,"delivery_group":"COLLECT","warehouse_id":""},{"variation_id":"47053","customer_group":"PER","customer_id":"","min_qty":1,"max_qty":9999999,"steps":1,"price":30.51,"price_incl":36.92,"delivery_group":"DELIVERY","warehouse_id":""},{"variation_id":"47053","customer_group":"DISTRI","customer_id":"129214","min_qty":1,"max_qty":9999999,"steps":1,"price":31.53,"price_incl":38.15,"delivery_group":"COLLECT","warehouse_id":""},{"variation_id":"47053","customer_group":"DISTRI","customer_id":"129214","min_qty":1,"max_qty":9999999,"steps":1,"price":31.53,"price_incl":38.15,"delivery_group":"DELIVERY","warehouse_id":""},{"variation_id":"47055","customer_group":"DISTRI","customer_id":"","min_qty":1,"max_qty":9999999,"steps":1,"price":50.57,"price_incl":61.19,"delivery_group":"DELIVERY","warehouse_id":""},{"variation_id":"47055","customer_group":"DISTRI","customer_id":"","min_qty":1,"max_qty":9999999,"steps":1,"price":50.57,"price_incl":61.19,"delivery_group":"COLLECT","warehouse_id":""},{"variation_id":"47055","customer_group":"CON","customer_id":"","min_qty":1,"max_qty":9999999,"steps":1,"price":72.85,"price_incl":88.15,"delivery_group":"DELIVERY","warehouse_id":""},{"variation_id":"47055","customer_group":"CON","customer_id":"","min_qty":1,"max_qty":9999999,"steps":1,"price":72.85,"price_incl":88.15,"delivery_group":"COLLECT","warehouse_id":""},{"variation_id":"47055","customer_group":"PRO","customer_id":"","min_qty":1,"max_qty":9999999,"steps":1,"price":56.26,"price_incl":68.07,"delivery_group":"DELIVERY","warehouse_id":""},{"variation_id":"47055","customer_group":"PRO","customer_id":"","min_qty":1,"max_qty":9999999,"steps":1,"price":56.26,"price_incl":68.07,"delivery_group":"COLLECT","warehouse_id":""},{"variation_id":"47055","customer_group":"PER","customer_id":"","min_qty":1,"max_qty":9999999,"steps":1,"price":45.01,"price_incl":54.46,"delivery_group":"DELIVERY","warehouse_id":""},{"variation_id":"47055","customer_group":"PER","customer_id":"","min_qty":1,"max_qty":9999999,"steps":1,"price":45.01,"price_incl":54.46,"delivery_group":"COLLECT","warehouse_id":""},{"variation_id":"47055","customer_group":"DISTRI","customer_id":"129214","min_qty":1,"max_qty":9999999,"steps":1,"price":47.04,"price_incl":56.92,"delivery_group":"DELIVERY","warehouse_id":""},{"variation_id":"47055","customer_group":"DISTRI","customer_id":"129214","min_qty":1,"max_qty":9999999,"steps":1,"price":47.04,"price_incl":56.92,"delivery_group":"COLLECT","warehouse_id":""},{"variation_id":"47056","customer_group":"CON","customer_id":"","min_qty":1,"max_qty":9999999,"steps":1,"price":98.95,"price_incl":119.73,"delivery_group":"COLLECT","warehouse_id":""},{"variation_id":"47056","customer_group":"CON","customer_id":"","min_qty":1,"max_qty":9999999,"steps":1,"price":98.95,"price_incl":119.73,"delivery_group":"DELIVERY","warehouse_id":""},{"variation_id":"47056","customer_group":"PRO","customer_id":"","min_qty":1,"max_qty":9999999,"steps":1,"price":76.39,"price_incl":92.43,"delivery_group":"COLLECT","warehouse_id":""},{"variation_id":"47056","customer_group":"PRO","customer_id":"","min_qty":1,"max_qty":9999999,"steps":1,"price":76.39,"price_incl":92.43,"delivery_group":"DELIVERY","warehouse_id":""},{"variation_id":"47056","customer_group":"DISTRI","customer_id":"","min_qty":1,"max_qty":9999999,"steps":1,"price":67.86,"price_incl":82.11,"delivery_group":"COLLECT","warehouse_id":""},{"variation_id":"47056","customer_group":"DISTRI","customer_id":"","min_qty":1,"max_qty":9999999,"steps":1,"price":67.86,"price_incl":82.11,"delivery_group":"DELIVERY","warehouse_id":""},{"variation_id":"47056","customer_group":"PER","customer_id":"","min_qty":1,"max_qty":9999999,"steps":1,"price":59.52,"price_incl":72.02,"delivery_group":"COLLECT","warehouse_id":""},{"variation_id":"47056","customer_group":"PER","customer_id":"","min_qty":1,"max_qty":9999999,"steps":1,"price":59.52,"price_incl":72.02,"delivery_group":"DELIVERY","warehouse_id":""},{"variation_id":"47056","customer_group":"DISTRI","customer_id":"129214","min_qty":1,"max_qty":9999999,"steps":1,"price":62.57,"price_incl":75.71,"delivery_group":"COLLECT","warehouse_id":""},{"variation_id":"47056","customer_group":"DISTRI","customer_id":"129214","min_qty":1,"max_qty":9999999,"steps":1,"price":62.57,"price_incl":75.71,"delivery_group":"DELIVERY","warehouse_id":""},{"variation_id":"95","customer_group":"CON","customer_id":"","min_qty":1,"max_qty":9999999,"steps":1,"price":2.87,"price_incl":3.47,"delivery_group":"COLLECT","warehouse_id":""},{"variation_id":"95","customer_group":"CON","customer_id":"","min_qty":1,"max_qty":9999999,"steps":1,"price":2.87,"price_incl":3.47,"delivery_group":"DELIVERY","warehouse_id":""},{"variation_id":"95","customer_group":"PRO","customer_id":"","min_qty":1,"max_qty":9999999,"steps":1,"price":2.2,"price_incl":2.66,"delivery_group":"COLLECT","warehouse_id":""},{"variation_id":"95","customer_group":"PRO","customer_id":"","min_qty":1,"max_qty":9999999,"steps":1,"price":2.2,"price_incl":2.66,"delivery_group":"DELIVERY","warehouse_id":""},{"variation_id":"95","customer_group":"DISTRI","customer_id":"","min_qty":1,"max_qty":9999999,"steps":1,"price":2.06,"price_incl":2.49,"delivery_group":"COLLECT","warehouse_id":""},{"variation_id":"95","customer_group":"DISTRI","customer_id":"","min_qty":1,"max_qty":9999999,"steps":1,"price":2.06,"price_incl":2.49,"delivery_group":"DELIVERY","warehouse_id":""},{"variation_id":"95","customer_group":"PER","customer_id":"","min_qty":1,"max_qty":9999999,"steps":1,"price":1.92,"price_incl":2.32,"delivery_group":"COLLECT","warehouse_id":""},{"variation_id":"95","customer_group":"PER","customer_id":"","min_qty":1,"max_qty":9999999,"steps":1,"price":1.92,"price_incl":2.32,"delivery_group":"DELIVERY","warehouse_id":""},{"variation_id":"95","customer_group":"DISTRI","customer_id":"129214","min_qty":1,"max_qty":9999999,"steps":1,"price":1.97,"price_incl":2.38,"delivery_group":"COLLECT","warehouse_id":""},{"variation_id":"95","customer_group":"DISTRI","customer_id":"129214","min_qty":1,"max_qty":9999999,"steps":1,"price":1.97,"price_incl":2.38,"delivery_group":"DELIVERY","warehouse_id":""},{"variation_id":"95","customer_group":"DISTRI","customer_id":"131327","min_qty":1,"max_qty":9999999,"steps":1,"price":2,"price_incl":2.42,"delivery_group":"COLLECT","warehouse_id":""},{"variation_id":"95","customer_group":"DISTRI","customer_id":"131327","min_qty":1,"max_qty":9999999,"steps":1,"price":2,"price_incl":2.42,"delivery_group":"DELIVERY","warehouse_id":""}],"packaging_ids":[{"packaging_name":"En vrac","packaging_id":"10","erp_id":"4479"},{"packaging_name":"Big bag 500 kg","packaging_id":"3","erp_id":"4710"},{"packaging_name":"Big bag 1000 kg","packaging_id":"2","erp_id":"4766"},{"packaging_name":"Big bag 1500 kg","packaging_id":"4","erp_id":"4954"},{"packaging_name":"Sacs","packaging_id":"1","erp_id":"5646"}]},"yoast_head":"<!-- This site is optimized with the Yoast SEO plugin v27.3 - https:\/\/yoast.com\/product\/yoast-seo-wordpress\/ -->\n<title>Bleu belge 6\/14 - Gravelart<\/title>\n<meta name=\"description\" content=\"Bleu belge 6\/14 : une pierre bleue appr\u00e9ci\u00e9e, \u00e0 la teinte bleu-gris et au charme naturel. Elle allie une allure affirm\u00e9e \u00e0 un excellent rapport qualit\u00e9\/prix.\" \/>\n<meta name=\"robots\" content=\"index, follow, max-snippet:-1, max-image-preview:large, max-video-preview:-1\" \/>\n<link rel=\"canonical\" href=\"https:\/\/gravelart.be\/fr\/product\/bleu-belge-6-14\/\" \/>\n<meta property=\"og:locale\" content=\"fr_FR\" \/>\n<meta property=\"og:type\" content=\"article\" \/>\n<meta property=\"og:title\" content=\"Bleu belge 6\/14 - Gravelart\" \/>\n<meta property=\"og:description\" content=\"Bleu belge 6\/14 : une pierre bleue appr\u00e9ci\u00e9e, \u00e0 la teinte bleu-gris et au charme naturel. Elle allie une allure affirm\u00e9e \u00e0 un excellent rapport qualit\u00e9\/prix.\" \/>\n<meta property=\"og:url\" content=\"https:\/\/gravelart.be\/fr\/product\/bleu-belge-6-14\/\" \/>\n<meta property=\"og:site_name\" content=\"Gravelart\" \/>\n<meta property=\"article:modified_time\" content=\"2026-03-17T16:02:30+00:00\" \/>\n<meta property=\"og:image\" content=\"https:\/\/gravelart.be\/wp-content\/uploads\/2023\/02\/WEBSHOP_IMAGE_1-4479.jpg\" \/>\n\t<meta property=\"og:image:width\" content=\"1000\" \/>\n\t<meta property=\"og:image:height\" content=\"665\" \/>\n\t<meta property=\"og:image:type\" content=\"image\/jpeg\" \/>\n<meta name=\"twitter:card\" content=\"summary_large_image\" \/>\n<script type=\"application\/ld+json\" class=\"yoast-schema-graph\">{\"@context\":\"https:\\\/\\\/schema.org\",\"@graph\":[{\"@type\":\"WebPage\",\"@id\":\"https:\\\/\\\/gravelart.be\\\/fr\\\/product\\\/bleu-belge-6-14\\\/\",\"url\":\"https:\\\/\\\/gravelart.be\\\/fr\\\/product\\\/bleu-belge-6-14\\\/\",\"name\":\"Bleu belge 6\\\/14 - Gravelart\",\"isPartOf\":{\"@id\":\"https:\\\/\\\/gravelart.be\\\/fr\\\/#website\"},\"primaryImageOfPage\":{\"@id\":\"https:\\\/\\\/gravelart.be\\\/fr\\\/product\\\/bleu-belge-6-14\\\/#primaryimage\"},\"image\":{\"@id\":\"https:\\\/\\\/gravelart.be\\\/fr\\\/product\\\/bleu-belge-6-14\\\/#primaryimage\"},\"thumbnailUrl\":\"https:\\\/\\\/gravelart.be\\\/wp-content\\\/uploads\\\/2023\\\/02\\\/WEBSHOP_IMAGE_1-4479.jpg\",\"datePublished\":\"2023-02-02T08:14:22+00:00\",\"dateModified\":\"2026-03-17T16:02:30+00:00\",\"description\":\"Bleu belge 6\\\/14 : une pierre bleue appr\u00e9ci\u00e9e, \u00e0 la teinte bleu-gris et au charme naturel. Elle allie une allure affirm\u00e9e \u00e0 un excellent rapport qualit\u00e9\\\/prix.\",\"breadcrumb\":{\"@id\":\"https:\\\/\\\/gravelart.be\\\/fr\\\/product\\\/bleu-belge-6-14\\\/#breadcrumb\"},\"inLanguage\":\"fr-FR\",\"potentialAction\":[{\"@type\":\"ReadAction\",\"target\":[\"https:\\\/\\\/gravelart.be\\\/fr\\\/product\\\/bleu-belge-6-14\\\/\"]}]},{\"@type\":\"ImageObject\",\"inLanguage\":\"fr-FR\",\"@id\":\"https:\\\/\\\/gravelart.be\\\/fr\\\/product\\\/bleu-belge-6-14\\\/#primaryimage\",\"url\":\"https:\\\/\\\/gravelart.be\\\/wp-content\\\/uploads\\\/2023\\\/02\\\/WEBSHOP_IMAGE_1-4479.jpg\",\"contentUrl\":\"https:\\\/\\\/gravelart.be\\\/wp-content\\\/uploads\\\/2023\\\/02\\\/WEBSHOP_IMAGE_1-4479.jpg\",\"width\":1000,\"height\":665,\"caption\":\"Sec\"},{\"@type\":\"BreadcrumbList\",\"@id\":\"https:\\\/\\\/gravelart.be\\\/fr\\\/product\\\/bleu-belge-6-14\\\/#breadcrumb\",\"itemListElement\":[{\"@type\":\"ListItem\",\"position\":1,\"name\":\"Home\",\"item\":\"https:\\\/\\\/gravelart.be\\\/fr\\\/\"},{\"@type\":\"ListItem\",\"position\":2,\"name\":\"Produits\",\"item\":\"https:\\\/\\\/gravelart.be\\\/fr\\\/boutique\\\/\"},{\"@type\":\"ListItem\",\"position\":3,\"name\":\"Bleu belge 6\\\/14\"}]},{\"@type\":\"WebSite\",\"@id\":\"https:\\\/\\\/gravelart.be\\\/fr\\\/#website\",\"url\":\"https:\\\/\\\/gravelart.be\\\/fr\\\/\",\"name\":\"Gravelart\",\"description\":\"Alles voor tuin en park\",\"publisher\":{\"@id\":\"https:\\\/\\\/gravelart.be\\\/fr\\\/#organization\"},\"potentialAction\":[{\"@type\":\"SearchAction\",\"target\":{\"@type\":\"EntryPoint\",\"urlTemplate\":\"https:\\\/\\\/gravelart.be\\\/fr\\\/?s={search_term_string}\"},\"query-input\":{\"@type\":\"PropertyValueSpecification\",\"valueRequired\":true,\"valueName\":\"search_term_string\"}}],\"inLanguage\":\"fr-FR\"},{\"@type\":\"Organization\",\"@id\":\"https:\\\/\\\/gravelart.be\\\/fr\\\/#organization\",\"name\":\"Gravelart\",\"url\":\"https:\\\/\\\/gravelart.be\\\/fr\\\/\",\"logo\":{\"@type\":\"ImageObject\",\"inLanguage\":\"fr-FR\",\"@id\":\"https:\\\/\\\/gravelart.be\\\/fr\\\/#\\\/schema\\\/logo\\\/image\\\/\",\"url\":\"https:\\\/\\\/gravelart.be\\\/wp-content\\\/uploads\\\/2022\\\/10\\\/logo-gravelart.png\",\"contentUrl\":\"https:\\\/\\\/gravelart.be\\\/wp-content\\\/uploads\\\/2022\\\/10\\\/logo-gravelart.png\",\"width\":348,\"height\":186,\"caption\":\"Gravelart\"},\"image\":{\"@id\":\"https:\\\/\\\/gravelart.be\\\/fr\\\/#\\\/schema\\\/logo\\\/image\\\/\"}}]}<\/script>\n<!-- \/ Yoast SEO plugin. -->","yoast_head_json":{"title":"Bleu belge 6\/14 - Gravelart","description":"Bleu belge 6\/14 : une pierre bleue appr\u00e9ci\u00e9e, \u00e0 la teinte bleu-gris et au charme naturel. Elle allie une allure affirm\u00e9e \u00e0 un excellent rapport qualit\u00e9\/prix.","robots":{"index":"index","follow":"follow","max-snippet":"max-snippet:-1","max-image-preview":"max-image-preview:large","max-video-preview":"max-video-preview:-1"},"canonical":"https:\/\/gravelart.be\/fr\/product\/bleu-belge-6-14\/","og_locale":"fr_FR","og_type":"article","og_title":"Bleu belge 6\/14 - Gravelart","og_description":"Bleu belge 6\/14 : une pierre bleue appr\u00e9ci\u00e9e, \u00e0 la teinte bleu-gris et au charme naturel. Elle allie une allure affirm\u00e9e \u00e0 un excellent rapport qualit\u00e9\/prix.","og_url":"https:\/\/gravelart.be\/fr\/product\/bleu-belge-6-14\/","og_site_name":"Gravelart","article_modified_time":"2026-03-17T16:02:30+00:00","og_image":[{"width":1000,"height":665,"url":"https:\/\/gravelart.be\/wp-content\/uploads\/2023\/02\/WEBSHOP_IMAGE_1-4479.jpg","type":"image\/jpeg"}],"twitter_card":"summary_large_image","schema":{"@context":"https:\/\/schema.org","@graph":[{"@type":"WebPage","@id":"https:\/\/gravelart.be\/fr\/product\/bleu-belge-6-14\/","url":"https:\/\/gravelart.be\/fr\/product\/bleu-belge-6-14\/","name":"Bleu belge 6\/14 - Gravelart","isPartOf":{"@id":"https:\/\/gravelart.be\/fr\/#website"},"primaryImageOfPage":{"@id":"https:\/\/gravelart.be\/fr\/product\/bleu-belge-6-14\/#primaryimage"},"image":{"@id":"https:\/\/gravelart.be\/fr\/product\/bleu-belge-6-14\/#primaryimage"},"thumbnailUrl":"https:\/\/gravelart.be\/wp-content\/uploads\/2023\/02\/WEBSHOP_IMAGE_1-4479.jpg","datePublished":"2023-02-02T08:14:22+00:00","dateModified":"2026-03-17T16:02:30+00:00","description":"Bleu belge 6\/14 : une pierre bleue appr\u00e9ci\u00e9e, \u00e0 la teinte bleu-gris et au charme naturel. Elle allie une allure affirm\u00e9e \u00e0 un excellent rapport qualit\u00e9\/prix.","breadcrumb":{"@id":"https:\/\/gravelart.be\/fr\/product\/bleu-belge-6-14\/#breadcrumb"},"inLanguage":"fr-FR","potentialAction":[{"@type":"ReadAction","target":["https:\/\/gravelart.be\/fr\/product\/bleu-belge-6-14\/"]}]},{"@type":"ImageObject","inLanguage":"fr-FR","@id":"https:\/\/gravelart.be\/fr\/product\/bleu-belge-6-14\/#primaryimage","url":"https:\/\/gravelart.be\/wp-content\/uploads\/2023\/02\/WEBSHOP_IMAGE_1-4479.jpg","contentUrl":"https:\/\/gravelart.be\/wp-content\/uploads\/2023\/02\/WEBSHOP_IMAGE_1-4479.jpg","width":1000,"height":665,"caption":"Sec"},{"@type":"BreadcrumbList","@id":"https:\/\/gravelart.be\/fr\/product\/bleu-belge-6-14\/#breadcrumb","itemListElement":[{"@type":"ListItem","position":1,"name":"Home","item":"https:\/\/gravelart.be\/fr\/"},{"@type":"ListItem","position":2,"name":"Produits","item":"https:\/\/gravelart.be\/fr\/boutique\/"},{"@type":"ListItem","position":3,"name":"Bleu belge 6\/14"}]},{"@type":"WebSite","@id":"https:\/\/gravelart.be\/fr\/#website","url":"https:\/\/gravelart.be\/fr\/","name":"Gravelart","description":"Alles voor tuin en park","publisher":{"@id":"https:\/\/gravelart.be\/fr\/#organization"},"potentialAction":[{"@type":"SearchAction","target":{"@type":"EntryPoint","urlTemplate":"https:\/\/gravelart.be\/fr\/?s={search_term_string}"},"query-input":{"@type":"PropertyValueSpecification","valueRequired":true,"valueName":"search_term_string"}}],"inLanguage":"fr-FR"},{"@type":"Organization","@id":"https:\/\/gravelart.be\/fr\/#organization","name":"Gravelart","url":"https:\/\/gravelart.be\/fr\/","logo":{"@type":"ImageObject","inLanguage":"fr-FR","@id":"https:\/\/gravelart.be\/fr\/#\/schema\/logo\/image\/","url":"https:\/\/gravelart.be\/wp-content\/uploads\/2022\/10\/logo-gravelart.png","contentUrl":"https:\/\/gravelart.be\/wp-content\/uploads\/2022\/10\/logo-gravelart.png","width":348,"height":186,"caption":"Gravelart"},"image":{"@id":"https:\/\/gravelart.be\/fr\/#\/schema\/logo\/image\/"}}]}},"_links":{"self":[{"href":"https:\/\/gravelart.be\/fr\/wp-json\/wp\/v2\/product\/32671","targetHints":{"allow":["GET"]}}],"collection":[{"href":"https:\/\/gravelart.be\/fr\/wp-json\/wp\/v2\/product"}],"about":[{"href":"https:\/\/gravelart.be\/fr\/wp-json\/wp\/v2\/types\/product"}],"replies":[{"embeddable":true,"href":"https:\/\/gravelart.be\/fr\/wp-json\/wp\/v2\/comments?post=32671"}],"wp:featuredmedia":[{"embeddable":true,"href":"https:\/\/gravelart.be\/fr\/wp-json\/wp\/v2\/media\/42406"}],"wp:attachment":[{"href":"https:\/\/gravelart.be\/fr\/wp-json\/wp\/v2\/media?parent=32671"}],"wp:term":[{"taxonomy":"product_brand","embeddable":true,"href":"https:\/\/gravelart.be\/fr\/wp-json\/wp\/v2\/product_brand?post=32671"},{"taxonomy":"product_cat","embeddable":true,"href":"https:\/\/gravelart.be\/fr\/wp-json\/wp\/v2\/product_cat?post=32671"},{"taxonomy":"product_tag","embeddable":true,"href":"https:\/\/gravelart.be\/fr\/wp-json\/wp\/v2\/product_tag?post=32671"}],"curies":[{"name":"wp","href":"https:\/\/api.w.org\/{rel}","templated":true}]}}