{"id":32675,"date":"2023-02-02T09:14:27","date_gmt":"2023-02-02T08:14:27","guid":{"rendered":"https:\/\/gravelart.be\/?post_type=product&#038;p=32675"},"modified":"2026-04-03T11:05:19","modified_gmt":"2026-04-03T09:05:19","slug":"balmoral-4-8","status":"publish","type":"product","link":"https:\/\/gravelart.be\/fr\/product\/balmoral-4-8\/","title":{"rendered":"Balmoral 4\/8"},"content":{"rendered":"","protected":false},"excerpt":{"rendered":"<h2>Acheter Balmoral<\/h2>\n<p>Vous recherchez le type de gravier id\u00e9al pour votre jardin ou votre all\u00e9e? D\u00e9couvrez Balmoral Gravel 4 \u00e0 8 mm sur notre boutique en ligne! Ce gravier de haute qualit\u00e9 est disponible dans une belle couleur beige-blanc et a une taille de 4 \u00e0 8 mm. Pr\u00e8s d&rsquo;Aberdeen, dans les Highlands \u00e9cossais et le long de la rivi\u00e8re Dee, se dresse le ch\u00e2teau de Balmoral. Ce domaine de plus de 260 km\u00b2 est la r\u00e9sidence d&rsquo;\u00e9t\u00e9 de la famille royale britannique. Le gravier d\u00e9coratif \u00e9ponyme poss\u00e8de la m\u00eame apparence g\u00e9n\u00e9reuse. Le Balmoral est doux au toucher car il n&rsquo;a pratiquement pas d&rsquo;ar\u00eates vives. Les tons ivoires doux s&rsquo;adaptent \u00e0 tout environnement et paysage.<\/p>\n<h2>Diverses options d&#8217;emballage<\/h2>\n<p>Balmoral est disponible en sacs de 25kg, en big bag de 500, 1000 ou 1500kg ou en vrac. Avec Balmoral, vous cr\u00e9ez un espace ext\u00e9rieur o\u00f9 vous vous sentez comme un roi. De plus, le gravier est facile \u00e0 installer et nous proposons tous les accessoires n\u00e9cessaires dans notre boutique en ligne pour une installation sans probl\u00e8me. Commandez d\u00e8s maintenant votre Balmoral Gravel 4 \u00e0 8mm et cr\u00e9ez l&rsquo;espace ext\u00e9rieur de vos r\u00eaves!<\/p>\n","protected":false},"featured_media":42265,"comment_status":"open","ping_status":"closed","template":"","meta":{"_acf_changed":false,"inline_featured_image":false},"product_brand":[],"product_cat":[4154],"product_tag":[],"class_list":{"0":"post-32675","1":"product","2":"type-product","3":"status-publish","4":"has-post-thumbnail","6":"product_cat-gravier-decoratif","8":"first","9":"instock","10":"taxable","11":"shipping-taxable","12":"purchasable","13":"product-type-variable","14":"has-default-attributes"},"acf":{"woocommerce_erp_id":"4086","woocommerce_cnk_id":"100493","product_density":1.6,"custom_prices":[{"variation_id":"57280","customer_group":"DISTRI","customer_id":"","min_qty":1,"max_qty":9999999,"steps":1,"price":4.52,"price_incl":5.47,"delivery_group":"COLLECT","warehouse_id":""},{"variation_id":"57280","customer_group":"DISTRI","customer_id":"","min_qty":1,"max_qty":9999999,"steps":1,"price":4.52,"price_incl":5.47,"delivery_group":"DELIVERY","warehouse_id":""},{"variation_id":"57280","customer_group":"PRO","customer_id":"","min_qty":1,"max_qty":9999999,"steps":1,"price":4.99,"price_incl":6.04,"delivery_group":"COLLECT","warehouse_id":""},{"variation_id":"57280","customer_group":"PRO","customer_id":"","min_qty":1,"max_qty":9999999,"steps":1,"price":4.99,"price_incl":6.04,"delivery_group":"DELIVERY","warehouse_id":""},{"variation_id":"57280","customer_group":"CON","customer_id":"","min_qty":1,"max_qty":9999999,"steps":1,"price":7.56,"price_incl":9.15,"delivery_group":"COLLECT","warehouse_id":""},{"variation_id":"57280","customer_group":"CON","customer_id":"","min_qty":1,"max_qty":9999999,"steps":1,"price":7.56,"price_incl":9.15,"delivery_group":"DELIVERY","warehouse_id":""},{"variation_id":"57280","customer_group":"DISTRI","customer_id":"129214","min_qty":1,"max_qty":9999999,"steps":1,"price":4,"price_incl":4.84,"delivery_group":"COLLECT","warehouse_id":""},{"variation_id":"57280","customer_group":"DISTRI","customer_id":"129214","min_qty":1,"max_qty":9999999,"steps":1,"price":4,"price_incl":4.84,"delivery_group":"DELIVERY","warehouse_id":""}],"packaging_ids":[{"packaging_name":"Sacs","packaging_id":"1","erp_id":"4102"}]},"yoast_head":"<!-- This site is optimized with the Yoast SEO plugin v27.3 - https:\/\/yoast.com\/product\/yoast-seo-wordpress\/ -->\n<title>Balmoral 4\/8 - Gravelart<\/title>\n<meta name=\"description\" content=\"D\u00e9couvrez Balmoral Gravel 4-8mm! Durable, facile \u00e0 entretenir et facile \u00e0 installer. Commandez maintenant\" \/>\n<meta name=\"robots\" content=\"index, follow, max-snippet:-1, max-image-preview:large, max-video-preview:-1\" \/>\n<link rel=\"canonical\" href=\"https:\/\/gravelart.be\/fr\/product\/balmoral-4-8\/\" \/>\n<meta property=\"og:locale\" content=\"fr_FR\" \/>\n<meta property=\"og:type\" content=\"article\" \/>\n<meta property=\"og:title\" content=\"Balmoral 4\/8 - Gravelart\" \/>\n<meta property=\"og:description\" content=\"D\u00e9couvrez Balmoral Gravel 4-8mm! Durable, facile \u00e0 entretenir et facile \u00e0 installer. Commandez maintenant\" \/>\n<meta property=\"og:url\" content=\"https:\/\/gravelart.be\/fr\/product\/balmoral-4-8\/\" \/>\n<meta property=\"og:site_name\" content=\"Gravelart\" \/>\n<meta property=\"article:modified_time\" content=\"2026-04-03T09:05:19+00:00\" \/>\n<meta property=\"og:image\" content=\"https:\/\/gravelart.be\/wp-content\/uploads\/2023\/02\/WEBSHOP_IMAGE_1-4086-1-rotated.jpg\" \/>\n\t<meta property=\"og:image:width\" content=\"1600\" \/>\n\t<meta property=\"og:image:height\" content=\"1067\" \/>\n\t<meta property=\"og:image:type\" content=\"image\/jpeg\" \/>\n<meta name=\"twitter:card\" content=\"summary_large_image\" \/>\n<meta name=\"twitter:label1\" content=\"Dur\u00e9e de lecture estim\u00e9e\" \/>\n\t<meta name=\"twitter:data1\" content=\"1 minute\" \/>\n<script type=\"application\/ld+json\" class=\"yoast-schema-graph\">{\"@context\":\"https:\\\/\\\/schema.org\",\"@graph\":[{\"@type\":\"WebPage\",\"@id\":\"https:\\\/\\\/gravelart.be\\\/fr\\\/product\\\/balmoral-4-8\\\/\",\"url\":\"https:\\\/\\\/gravelart.be\\\/fr\\\/product\\\/balmoral-4-8\\\/\",\"name\":\"Balmoral 4\\\/8 - Gravelart\",\"isPartOf\":{\"@id\":\"https:\\\/\\\/gravelart.be\\\/fr\\\/#website\"},\"primaryImageOfPage\":{\"@id\":\"https:\\\/\\\/gravelart.be\\\/fr\\\/product\\\/balmoral-4-8\\\/#primaryimage\"},\"image\":{\"@id\":\"https:\\\/\\\/gravelart.be\\\/fr\\\/product\\\/balmoral-4-8\\\/#primaryimage\"},\"thumbnailUrl\":\"https:\\\/\\\/gravelart.be\\\/wp-content\\\/uploads\\\/2023\\\/02\\\/WEBSHOP_IMAGE_1-4086-1-rotated.jpg\",\"datePublished\":\"2023-02-02T08:14:27+00:00\",\"dateModified\":\"2026-04-03T09:05:19+00:00\",\"description\":\"D\u00e9couvrez Balmoral Gravel 4-8mm! Durable, facile \u00e0 entretenir et facile \u00e0 installer. Commandez maintenant\",\"breadcrumb\":{\"@id\":\"https:\\\/\\\/gravelart.be\\\/fr\\\/product\\\/balmoral-4-8\\\/#breadcrumb\"},\"inLanguage\":\"fr-FR\",\"potentialAction\":[{\"@type\":\"ReadAction\",\"target\":[\"https:\\\/\\\/gravelart.be\\\/fr\\\/product\\\/balmoral-4-8\\\/\"]}]},{\"@type\":\"ImageObject\",\"inLanguage\":\"fr-FR\",\"@id\":\"https:\\\/\\\/gravelart.be\\\/fr\\\/product\\\/balmoral-4-8\\\/#primaryimage\",\"url\":\"https:\\\/\\\/gravelart.be\\\/wp-content\\\/uploads\\\/2023\\\/02\\\/WEBSHOP_IMAGE_1-4086-1-rotated.jpg\",\"contentUrl\":\"https:\\\/\\\/gravelart.be\\\/wp-content\\\/uploads\\\/2023\\\/02\\\/WEBSHOP_IMAGE_1-4086-1-rotated.jpg\",\"width\":1600,\"height\":1067,\"caption\":\"Sec\"},{\"@type\":\"BreadcrumbList\",\"@id\":\"https:\\\/\\\/gravelart.be\\\/fr\\\/product\\\/balmoral-4-8\\\/#breadcrumb\",\"itemListElement\":[{\"@type\":\"ListItem\",\"position\":1,\"name\":\"Home\",\"item\":\"https:\\\/\\\/gravelart.be\\\/fr\\\/\"},{\"@type\":\"ListItem\",\"position\":2,\"name\":\"Produits\",\"item\":\"https:\\\/\\\/gravelart.be\\\/fr\\\/boutique\\\/\"},{\"@type\":\"ListItem\",\"position\":3,\"name\":\"Balmoral 4\\\/8\"}]},{\"@type\":\"WebSite\",\"@id\":\"https:\\\/\\\/gravelart.be\\\/fr\\\/#website\",\"url\":\"https:\\\/\\\/gravelart.be\\\/fr\\\/\",\"name\":\"Gravelart\",\"description\":\"Alles voor tuin en park\",\"publisher\":{\"@id\":\"https:\\\/\\\/gravelart.be\\\/fr\\\/#organization\"},\"potentialAction\":[{\"@type\":\"SearchAction\",\"target\":{\"@type\":\"EntryPoint\",\"urlTemplate\":\"https:\\\/\\\/gravelart.be\\\/fr\\\/?s={search_term_string}\"},\"query-input\":{\"@type\":\"PropertyValueSpecification\",\"valueRequired\":true,\"valueName\":\"search_term_string\"}}],\"inLanguage\":\"fr-FR\"},{\"@type\":\"Organization\",\"@id\":\"https:\\\/\\\/gravelart.be\\\/fr\\\/#organization\",\"name\":\"Gravelart\",\"url\":\"https:\\\/\\\/gravelart.be\\\/fr\\\/\",\"logo\":{\"@type\":\"ImageObject\",\"inLanguage\":\"fr-FR\",\"@id\":\"https:\\\/\\\/gravelart.be\\\/fr\\\/#\\\/schema\\\/logo\\\/image\\\/\",\"url\":\"https:\\\/\\\/gravelart.be\\\/wp-content\\\/uploads\\\/2022\\\/10\\\/logo-gravelart.png\",\"contentUrl\":\"https:\\\/\\\/gravelart.be\\\/wp-content\\\/uploads\\\/2022\\\/10\\\/logo-gravelart.png\",\"width\":348,\"height\":186,\"caption\":\"Gravelart\"},\"image\":{\"@id\":\"https:\\\/\\\/gravelart.be\\\/fr\\\/#\\\/schema\\\/logo\\\/image\\\/\"}}]}<\/script>\n<!-- \/ Yoast SEO plugin. -->","yoast_head_json":{"title":"Balmoral 4\/8 - Gravelart","description":"D\u00e9couvrez Balmoral Gravel 4-8mm! Durable, facile \u00e0 entretenir et facile \u00e0 installer. Commandez maintenant","robots":{"index":"index","follow":"follow","max-snippet":"max-snippet:-1","max-image-preview":"max-image-preview:large","max-video-preview":"max-video-preview:-1"},"canonical":"https:\/\/gravelart.be\/fr\/product\/balmoral-4-8\/","og_locale":"fr_FR","og_type":"article","og_title":"Balmoral 4\/8 - Gravelart","og_description":"D\u00e9couvrez Balmoral Gravel 4-8mm! Durable, facile \u00e0 entretenir et facile \u00e0 installer. Commandez maintenant","og_url":"https:\/\/gravelart.be\/fr\/product\/balmoral-4-8\/","og_site_name":"Gravelart","article_modified_time":"2026-04-03T09:05:19+00:00","og_image":[{"width":1600,"height":1067,"url":"https:\/\/gravelart.be\/wp-content\/uploads\/2023\/02\/WEBSHOP_IMAGE_1-4086-1-rotated.jpg","type":"image\/jpeg"}],"twitter_card":"summary_large_image","twitter_misc":{"Dur\u00e9e de lecture estim\u00e9e":"1 minute"},"schema":{"@context":"https:\/\/schema.org","@graph":[{"@type":"WebPage","@id":"https:\/\/gravelart.be\/fr\/product\/balmoral-4-8\/","url":"https:\/\/gravelart.be\/fr\/product\/balmoral-4-8\/","name":"Balmoral 4\/8 - Gravelart","isPartOf":{"@id":"https:\/\/gravelart.be\/fr\/#website"},"primaryImageOfPage":{"@id":"https:\/\/gravelart.be\/fr\/product\/balmoral-4-8\/#primaryimage"},"image":{"@id":"https:\/\/gravelart.be\/fr\/product\/balmoral-4-8\/#primaryimage"},"thumbnailUrl":"https:\/\/gravelart.be\/wp-content\/uploads\/2023\/02\/WEBSHOP_IMAGE_1-4086-1-rotated.jpg","datePublished":"2023-02-02T08:14:27+00:00","dateModified":"2026-04-03T09:05:19+00:00","description":"D\u00e9couvrez Balmoral Gravel 4-8mm! Durable, facile \u00e0 entretenir et facile \u00e0 installer. Commandez maintenant","breadcrumb":{"@id":"https:\/\/gravelart.be\/fr\/product\/balmoral-4-8\/#breadcrumb"},"inLanguage":"fr-FR","potentialAction":[{"@type":"ReadAction","target":["https:\/\/gravelart.be\/fr\/product\/balmoral-4-8\/"]}]},{"@type":"ImageObject","inLanguage":"fr-FR","@id":"https:\/\/gravelart.be\/fr\/product\/balmoral-4-8\/#primaryimage","url":"https:\/\/gravelart.be\/wp-content\/uploads\/2023\/02\/WEBSHOP_IMAGE_1-4086-1-rotated.jpg","contentUrl":"https:\/\/gravelart.be\/wp-content\/uploads\/2023\/02\/WEBSHOP_IMAGE_1-4086-1-rotated.jpg","width":1600,"height":1067,"caption":"Sec"},{"@type":"BreadcrumbList","@id":"https:\/\/gravelart.be\/fr\/product\/balmoral-4-8\/#breadcrumb","itemListElement":[{"@type":"ListItem","position":1,"name":"Home","item":"https:\/\/gravelart.be\/fr\/"},{"@type":"ListItem","position":2,"name":"Produits","item":"https:\/\/gravelart.be\/fr\/boutique\/"},{"@type":"ListItem","position":3,"name":"Balmoral 4\/8"}]},{"@type":"WebSite","@id":"https:\/\/gravelart.be\/fr\/#website","url":"https:\/\/gravelart.be\/fr\/","name":"Gravelart","description":"Alles voor tuin en park","publisher":{"@id":"https:\/\/gravelart.be\/fr\/#organization"},"potentialAction":[{"@type":"SearchAction","target":{"@type":"EntryPoint","urlTemplate":"https:\/\/gravelart.be\/fr\/?s={search_term_string}"},"query-input":{"@type":"PropertyValueSpecification","valueRequired":true,"valueName":"search_term_string"}}],"inLanguage":"fr-FR"},{"@type":"Organization","@id":"https:\/\/gravelart.be\/fr\/#organization","name":"Gravelart","url":"https:\/\/gravelart.be\/fr\/","logo":{"@type":"ImageObject","inLanguage":"fr-FR","@id":"https:\/\/gravelart.be\/fr\/#\/schema\/logo\/image\/","url":"https:\/\/gravelart.be\/wp-content\/uploads\/2022\/10\/logo-gravelart.png","contentUrl":"https:\/\/gravelart.be\/wp-content\/uploads\/2022\/10\/logo-gravelart.png","width":348,"height":186,"caption":"Gravelart"},"image":{"@id":"https:\/\/gravelart.be\/fr\/#\/schema\/logo\/image\/"}}]}},"_links":{"self":[{"href":"https:\/\/gravelart.be\/fr\/wp-json\/wp\/v2\/product\/32675","targetHints":{"allow":["GET"]}}],"collection":[{"href":"https:\/\/gravelart.be\/fr\/wp-json\/wp\/v2\/product"}],"about":[{"href":"https:\/\/gravelart.be\/fr\/wp-json\/wp\/v2\/types\/product"}],"replies":[{"embeddable":true,"href":"https:\/\/gravelart.be\/fr\/wp-json\/wp\/v2\/comments?post=32675"}],"wp:featuredmedia":[{"embeddable":true,"href":"https:\/\/gravelart.be\/fr\/wp-json\/wp\/v2\/media\/42265"}],"wp:attachment":[{"href":"https:\/\/gravelart.be\/fr\/wp-json\/wp\/v2\/media?parent=32675"}],"wp:term":[{"taxonomy":"product_brand","embeddable":true,"href":"https:\/\/gravelart.be\/fr\/wp-json\/wp\/v2\/product_brand?post=32675"},{"taxonomy":"product_cat","embeddable":true,"href":"https:\/\/gravelart.be\/fr\/wp-json\/wp\/v2\/product_cat?post=32675"},{"taxonomy":"product_tag","embeddable":true,"href":"https:\/\/gravelart.be\/fr\/wp-json\/wp\/v2\/product_tag?post=32675"}],"curies":[{"name":"wp","href":"https:\/\/api.w.org\/{rel}","templated":true}]}}