{"id":32681,"date":"2023-02-02T09:14:35","date_gmt":"2023-02-02T08:14:35","guid":{"rendered":"https:\/\/gravelart.be\/?post_type=product&#038;p=32681"},"modified":"2026-03-03T16:48:48","modified_gmt":"2026-03-03T15:48:48","slug":"carrara-roule-25-40","status":"publish","type":"product","link":"https:\/\/gravelart.be\/fr\/product\/carrara-roule-25-40\/","title":{"rendered":"Carrara roul\u00e9 25\/40"},"content":{"rendered":"","protected":false},"excerpt":{"rendered":"<p><strong><a href=\"https:\/\/gravelart.be\/fr\/?s=carrara&amp;post_type=product&amp;dgwt_wcas=1&amp;lang=fr\">Carrara <\/a><\/strong>est un gravier roul\u00e9 italien bien connu. Le nom de ce marbre est issu d\u2019une ville situ\u00e9e en Toscane. Sa couleur blanc intense et sa qualit\u00e9 irr\u00e9prochable font que le Carrara est utilis\u00e9 \u00e0 diverses fins depuis l\u2019\u00e9poque romaine.  <\/p>\n<p><strong>L\u2019enl\u00e8vement du Carrara 25\/40 (en vrac) est uniquement possible au d\u00e9p\u00f4t de Wevelgem. <\/strong><\/p>\n<p>Questions? <a href=\"mailto:info@gravelart.be\">Contactez notre service client\u00e8le !<\/a><\/p>\n","protected":false},"featured_media":42134,"comment_status":"open","ping_status":"closed","template":"","meta":{"_acf_changed":false,"inline_featured_image":false},"product_brand":[],"product_cat":[4162],"product_tag":[],"class_list":{"0":"post-32681","1":"product","2":"type-product","3":"status-publish","4":"has-post-thumbnail","6":"product_cat-gravier-roule","8":"first","9":"instock","10":"taxable","11":"shipping-taxable","12":"purchasable","13":"product-type-variable","14":"has-default-attributes"},"acf":{"woocommerce_erp_id":"4411","woocommerce_cnk_id":"100511","product_density":1.6,"custom_prices":[{"variation_id":"46804","customer_group":"DISTRI","customer_id":"","min_qty":1,"max_qty":9999999,"steps":1,"price":6.08,"price_incl":7.36,"delivery_group":"COLLECT","warehouse_id":""},{"variation_id":"46804","customer_group":"DISTRI","customer_id":"","min_qty":1,"max_qty":9999999,"steps":1,"price":6.08,"price_incl":7.36,"delivery_group":"DELIVERY","warehouse_id":""},{"variation_id":"46804","customer_group":"CON","customer_id":"","min_qty":1,"max_qty":9999999,"steps":1,"price":10.79,"price_incl":13.06,"delivery_group":"COLLECT","warehouse_id":""},{"variation_id":"46804","customer_group":"CON","customer_id":"","min_qty":1,"max_qty":9999999,"steps":1,"price":10.79,"price_incl":13.06,"delivery_group":"DELIVERY","warehouse_id":""},{"variation_id":"46804","customer_group":"PRO","customer_id":"","min_qty":1,"max_qty":9999999,"steps":1,"price":6.91,"price_incl":8.36,"delivery_group":"COLLECT","warehouse_id":""},{"variation_id":"46804","customer_group":"PRO","customer_id":"","min_qty":1,"max_qty":9999999,"steps":1,"price":6.91,"price_incl":8.36,"delivery_group":"DELIVERY","warehouse_id":""},{"variation_id":"46804","customer_group":"PER","customer_id":"","min_qty":1,"max_qty":9999999,"steps":1,"price":4.4,"price_incl":5.32,"delivery_group":"COLLECT","warehouse_id":""},{"variation_id":"46804","customer_group":"PER","customer_id":"","min_qty":1,"max_qty":9999999,"steps":1,"price":4.4,"price_incl":5.32,"delivery_group":"DELIVERY","warehouse_id":""},{"variation_id":"46804","customer_group":"PER","customer_id":"","min_qty":1,"max_qty":9999999,"steps":1,"price":4.4,"price_incl":5.32,"delivery_group":"DELIVERY","warehouse_id":""},{"variation_id":"46804","customer_group":"DISTRI","customer_id":"129214","min_qty":1,"max_qty":9999999,"steps":1,"price":4.84,"price_incl":5.86,"delivery_group":"COLLECT","warehouse_id":""},{"variation_id":"46804","customer_group":"DISTRI","customer_id":"129214","min_qty":1,"max_qty":9999999,"steps":1,"price":4.84,"price_incl":5.86,"delivery_group":"DELIVERY","warehouse_id":""},{"variation_id":"46804","customer_group":"DISTRI","customer_id":"131327","min_qty":1,"max_qty":9999999,"steps":1,"price":5.04,"price_incl":6.1,"delivery_group":"DELIVERY","warehouse_id":""},{"variation_id":"46804","customer_group":"DISTRI","customer_id":"131327","min_qty":1,"max_qty":9999999,"steps":1,"price":5.04,"price_incl":6.1,"delivery_group":"DELIVERY","warehouse_id":""},{"variation_id":"46804","customer_group":"DISTRI","customer_id":"131327","min_qty":1,"max_qty":9999999,"steps":1,"price":5.04,"price_incl":6.1,"delivery_group":"COLLECT","warehouse_id":""},{"variation_id":"46804","customer_group":"DISTRI","customer_id":"131327","min_qty":1,"max_qty":9999999,"steps":1,"price":5.04,"price_incl":6.1,"delivery_group":"COLLECT","warehouse_id":""},{"variation_id":"46801","customer_group":"PRO","customer_id":"","min_qty":0.5,"max_qty":9999999,"steps":0.01,"price":228.74,"price_incl":276.78,"delivery_group":"COLLECT","warehouse_id":""},{"variation_id":"46801","customer_group":"PRO","customer_id":"","min_qty":0.5,"max_qty":9999999,"steps":0.01,"price":228.74,"price_incl":276.78,"delivery_group":"COLLECT","warehouse_id":""},{"variation_id":"46801","customer_group":"PRO","customer_id":"","min_qty":0.5,"max_qty":9999999,"steps":0.01,"price":228.74,"price_incl":276.78,"delivery_group":"DELIVERY","warehouse_id":""},{"variation_id":"46801","customer_group":"PRO","customer_id":"","min_qty":0.5,"max_qty":9999999,"steps":0.01,"price":228.74,"price_incl":276.78,"delivery_group":"DELIVERY","warehouse_id":""},{"variation_id":"46801","customer_group":"DISTRI","customer_id":"","min_qty":0.5,"max_qty":9999999,"steps":0.01,"price":195.17,"price_incl":236.16,"delivery_group":"COLLECT","warehouse_id":""},{"variation_id":"46801","customer_group":"DISTRI","customer_id":"","min_qty":0.5,"max_qty":9999999,"steps":0.01,"price":195.17,"price_incl":236.16,"delivery_group":"DELIVERY","warehouse_id":""},{"variation_id":"46801","customer_group":"DISTRI","customer_id":"","min_qty":0.5,"max_qty":9999999,"steps":0.01,"price":195.17,"price_incl":236.16,"delivery_group":"DELIVERY","warehouse_id":""},{"variation_id":"46801","customer_group":"CON","customer_id":"","min_qty":0.5,"max_qty":9999999,"steps":0.01,"price":274.46,"price_incl":332.1,"delivery_group":"COLLECT","warehouse_id":""},{"variation_id":"46801","customer_group":"CON","customer_id":"","min_qty":0.5,"max_qty":9999999,"steps":0.01,"price":274.46,"price_incl":332.1,"delivery_group":"COLLECT","warehouse_id":""},{"variation_id":"46801","customer_group":"CON","customer_id":"","min_qty":0.5,"max_qty":9999999,"steps":0.01,"price":274.46,"price_incl":332.1,"delivery_group":"DELIVERY","warehouse_id":""},{"variation_id":"46801","customer_group":"PER","customer_id":"","min_qty":0.5,"max_qty":9999999,"steps":0.01,"price":128.26,"price_incl":155.19,"delivery_group":"COLLECT","warehouse_id":""},{"variation_id":"46801","customer_group":"PER","customer_id":"","min_qty":0.5,"max_qty":9999999,"steps":0.01,"price":128.26,"price_incl":155.19,"delivery_group":"DELIVERY","warehouse_id":""},{"variation_id":"46801","customer_group":"PER","customer_id":"","min_qty":0.5,"max_qty":9999999,"steps":0.01,"price":128.26,"price_incl":155.19,"delivery_group":"DELIVERY","warehouse_id":""},{"variation_id":"46801","customer_group":"DISTRI","customer_id":"129214","min_qty":0.5,"max_qty":9999999,"steps":0.01,"price":145.59,"price_incl":176.16,"delivery_group":"COLLECT","warehouse_id":""},{"variation_id":"46801","customer_group":"DISTRI","customer_id":"129214","min_qty":0.5,"max_qty":9999999,"steps":0.01,"price":145.59,"price_incl":176.16,"delivery_group":"DELIVERY","warehouse_id":""},{"variation_id":"46801","customer_group":"DISTRI","customer_id":"129214","min_qty":0.5,"max_qty":9999999,"steps":0.01,"price":145.59,"price_incl":176.16,"delivery_group":"DELIVERY","warehouse_id":""},{"variation_id":"46801","customer_group":"DISTRI","customer_id":"131327","min_qty":0.5,"max_qty":9999999,"steps":0.01,"price":153.75,"price_incl":186.04,"delivery_group":"COLLECT","warehouse_id":""},{"variation_id":"46801","customer_group":"DISTRI","customer_id":"131327","min_qty":0.5,"max_qty":9999999,"steps":0.01,"price":153.75,"price_incl":186.04,"delivery_group":"COLLECT","warehouse_id":""},{"variation_id":"46801","customer_group":"DISTRI","customer_id":"131327","min_qty":0.5,"max_qty":9999999,"steps":0.01,"price":153.75,"price_incl":186.04,"delivery_group":"DELIVERY","warehouse_id":""},{"variation_id":"46801","customer_group":"DISTRI","customer_id":"131327","min_qty":0.5,"max_qty":9999999,"steps":0.01,"price":153.75,"price_incl":186.04,"delivery_group":"DELIVERY","warehouse_id":""}],"packaging_ids":[{"packaging_name":"En vrac","packaging_id":"10","erp_id":"4411"},{"packaging_name":"Pi\u00e8ce","packaging_id":"7","erp_id":"5714"}]},"yoast_head":"<!-- This site is optimized with the Yoast SEO plugin v27.3 - https:\/\/yoast.com\/product\/yoast-seo-wordpress\/ -->\n<title>Carrara roul\u00e9 25\/40 - Gravelart<\/title>\n<meta name=\"description\" content=\"Carrara roul\u00e9 25\/40 : Galets en marbre blanc \u00e9clatant de qualit\u00e9 sup\u00e9rieure. Id\u00e9als pour les gabions, les accents de jardin et une d\u00e9coration \u00e9l\u00e9gante.\" \/>\n<meta name=\"robots\" content=\"index, follow, max-snippet:-1, max-image-preview:large, max-video-preview:-1\" \/>\n<link rel=\"canonical\" href=\"https:\/\/gravelart.be\/fr\/product\/carrara-roule-25-40\/\" \/>\n<meta property=\"og:locale\" content=\"fr_FR\" \/>\n<meta property=\"og:type\" content=\"article\" \/>\n<meta property=\"og:title\" content=\"Carrara roul\u00e9 25\/40 - Gravelart\" \/>\n<meta property=\"og:description\" content=\"Carrara roul\u00e9 25\/40 : Galets en marbre blanc \u00e9clatant de qualit\u00e9 sup\u00e9rieure. Id\u00e9als pour les gabions, les accents de jardin et une d\u00e9coration \u00e9l\u00e9gante.\" \/>\n<meta property=\"og:url\" content=\"https:\/\/gravelart.be\/fr\/product\/carrara-roule-25-40\/\" \/>\n<meta property=\"og:site_name\" content=\"Gravelart\" \/>\n<meta property=\"article:modified_time\" content=\"2026-03-03T15:48:48+00:00\" \/>\n<meta property=\"og:image\" content=\"https:\/\/gravelart.be\/wp-content\/uploads\/2023\/02\/WEBSHOP_IMAGE_1-4411-rotated.jpg\" \/>\n\t<meta property=\"og:image:width\" content=\"1600\" \/>\n\t<meta property=\"og:image:height\" content=\"1067\" \/>\n\t<meta property=\"og:image:type\" content=\"image\/jpeg\" \/>\n<meta name=\"twitter:card\" content=\"summary_large_image\" \/>\n<script type=\"application\/ld+json\" class=\"yoast-schema-graph\">{\"@context\":\"https:\\\/\\\/schema.org\",\"@graph\":[{\"@type\":\"WebPage\",\"@id\":\"https:\\\/\\\/gravelart.be\\\/fr\\\/product\\\/carrara-roule-25-40\\\/\",\"url\":\"https:\\\/\\\/gravelart.be\\\/fr\\\/product\\\/carrara-roule-25-40\\\/\",\"name\":\"Carrara roul\u00e9 25\\\/40 - Gravelart\",\"isPartOf\":{\"@id\":\"https:\\\/\\\/gravelart.be\\\/fr\\\/#website\"},\"primaryImageOfPage\":{\"@id\":\"https:\\\/\\\/gravelart.be\\\/fr\\\/product\\\/carrara-roule-25-40\\\/#primaryimage\"},\"image\":{\"@id\":\"https:\\\/\\\/gravelart.be\\\/fr\\\/product\\\/carrara-roule-25-40\\\/#primaryimage\"},\"thumbnailUrl\":\"https:\\\/\\\/gravelart.be\\\/wp-content\\\/uploads\\\/2023\\\/02\\\/WEBSHOP_IMAGE_1-4411-rotated.jpg\",\"datePublished\":\"2023-02-02T08:14:35+00:00\",\"dateModified\":\"2026-03-03T15:48:48+00:00\",\"description\":\"Carrara roul\u00e9 25\\\/40 : Galets en marbre blanc \u00e9clatant de qualit\u00e9 sup\u00e9rieure. Id\u00e9als pour les gabions, les accents de jardin et une d\u00e9coration \u00e9l\u00e9gante.\",\"breadcrumb\":{\"@id\":\"https:\\\/\\\/gravelart.be\\\/fr\\\/product\\\/carrara-roule-25-40\\\/#breadcrumb\"},\"inLanguage\":\"fr-FR\",\"potentialAction\":[{\"@type\":\"ReadAction\",\"target\":[\"https:\\\/\\\/gravelart.be\\\/fr\\\/product\\\/carrara-roule-25-40\\\/\"]}]},{\"@type\":\"ImageObject\",\"inLanguage\":\"fr-FR\",\"@id\":\"https:\\\/\\\/gravelart.be\\\/fr\\\/product\\\/carrara-roule-25-40\\\/#primaryimage\",\"url\":\"https:\\\/\\\/gravelart.be\\\/wp-content\\\/uploads\\\/2023\\\/02\\\/WEBSHOP_IMAGE_1-4411-rotated.jpg\",\"contentUrl\":\"https:\\\/\\\/gravelart.be\\\/wp-content\\\/uploads\\\/2023\\\/02\\\/WEBSHOP_IMAGE_1-4411-rotated.jpg\",\"width\":1600,\"height\":1067,\"caption\":\"Sec\"},{\"@type\":\"BreadcrumbList\",\"@id\":\"https:\\\/\\\/gravelart.be\\\/fr\\\/product\\\/carrara-roule-25-40\\\/#breadcrumb\",\"itemListElement\":[{\"@type\":\"ListItem\",\"position\":1,\"name\":\"Home\",\"item\":\"https:\\\/\\\/gravelart.be\\\/fr\\\/\"},{\"@type\":\"ListItem\",\"position\":2,\"name\":\"Produits\",\"item\":\"https:\\\/\\\/gravelart.be\\\/fr\\\/boutique\\\/\"},{\"@type\":\"ListItem\",\"position\":3,\"name\":\"Carrara roul\u00e9 25\\\/40\"}]},{\"@type\":\"WebSite\",\"@id\":\"https:\\\/\\\/gravelart.be\\\/fr\\\/#website\",\"url\":\"https:\\\/\\\/gravelart.be\\\/fr\\\/\",\"name\":\"Gravelart\",\"description\":\"Alles voor tuin en park\",\"publisher\":{\"@id\":\"https:\\\/\\\/gravelart.be\\\/fr\\\/#organization\"},\"potentialAction\":[{\"@type\":\"SearchAction\",\"target\":{\"@type\":\"EntryPoint\",\"urlTemplate\":\"https:\\\/\\\/gravelart.be\\\/fr\\\/?s={search_term_string}\"},\"query-input\":{\"@type\":\"PropertyValueSpecification\",\"valueRequired\":true,\"valueName\":\"search_term_string\"}}],\"inLanguage\":\"fr-FR\"},{\"@type\":\"Organization\",\"@id\":\"https:\\\/\\\/gravelart.be\\\/fr\\\/#organization\",\"name\":\"Gravelart\",\"url\":\"https:\\\/\\\/gravelart.be\\\/fr\\\/\",\"logo\":{\"@type\":\"ImageObject\",\"inLanguage\":\"fr-FR\",\"@id\":\"https:\\\/\\\/gravelart.be\\\/fr\\\/#\\\/schema\\\/logo\\\/image\\\/\",\"url\":\"https:\\\/\\\/gravelart.be\\\/wp-content\\\/uploads\\\/2022\\\/10\\\/logo-gravelart.png\",\"contentUrl\":\"https:\\\/\\\/gravelart.be\\\/wp-content\\\/uploads\\\/2022\\\/10\\\/logo-gravelart.png\",\"width\":348,\"height\":186,\"caption\":\"Gravelart\"},\"image\":{\"@id\":\"https:\\\/\\\/gravelart.be\\\/fr\\\/#\\\/schema\\\/logo\\\/image\\\/\"}}]}<\/script>\n<!-- \/ Yoast SEO plugin. -->","yoast_head_json":{"title":"Carrara roul\u00e9 25\/40 - Gravelart","description":"Carrara roul\u00e9 25\/40 : Galets en marbre blanc \u00e9clatant de qualit\u00e9 sup\u00e9rieure. Id\u00e9als pour les gabions, les accents de jardin et une d\u00e9coration \u00e9l\u00e9gante.","robots":{"index":"index","follow":"follow","max-snippet":"max-snippet:-1","max-image-preview":"max-image-preview:large","max-video-preview":"max-video-preview:-1"},"canonical":"https:\/\/gravelart.be\/fr\/product\/carrara-roule-25-40\/","og_locale":"fr_FR","og_type":"article","og_title":"Carrara roul\u00e9 25\/40 - Gravelart","og_description":"Carrara roul\u00e9 25\/40 : Galets en marbre blanc \u00e9clatant de qualit\u00e9 sup\u00e9rieure. Id\u00e9als pour les gabions, les accents de jardin et une d\u00e9coration \u00e9l\u00e9gante.","og_url":"https:\/\/gravelart.be\/fr\/product\/carrara-roule-25-40\/","og_site_name":"Gravelart","article_modified_time":"2026-03-03T15:48:48+00:00","og_image":[{"width":1600,"height":1067,"url":"https:\/\/gravelart.be\/wp-content\/uploads\/2023\/02\/WEBSHOP_IMAGE_1-4411-rotated.jpg","type":"image\/jpeg"}],"twitter_card":"summary_large_image","schema":{"@context":"https:\/\/schema.org","@graph":[{"@type":"WebPage","@id":"https:\/\/gravelart.be\/fr\/product\/carrara-roule-25-40\/","url":"https:\/\/gravelart.be\/fr\/product\/carrara-roule-25-40\/","name":"Carrara roul\u00e9 25\/40 - Gravelart","isPartOf":{"@id":"https:\/\/gravelart.be\/fr\/#website"},"primaryImageOfPage":{"@id":"https:\/\/gravelart.be\/fr\/product\/carrara-roule-25-40\/#primaryimage"},"image":{"@id":"https:\/\/gravelart.be\/fr\/product\/carrara-roule-25-40\/#primaryimage"},"thumbnailUrl":"https:\/\/gravelart.be\/wp-content\/uploads\/2023\/02\/WEBSHOP_IMAGE_1-4411-rotated.jpg","datePublished":"2023-02-02T08:14:35+00:00","dateModified":"2026-03-03T15:48:48+00:00","description":"Carrara roul\u00e9 25\/40 : Galets en marbre blanc \u00e9clatant de qualit\u00e9 sup\u00e9rieure. Id\u00e9als pour les gabions, les accents de jardin et une d\u00e9coration \u00e9l\u00e9gante.","breadcrumb":{"@id":"https:\/\/gravelart.be\/fr\/product\/carrara-roule-25-40\/#breadcrumb"},"inLanguage":"fr-FR","potentialAction":[{"@type":"ReadAction","target":["https:\/\/gravelart.be\/fr\/product\/carrara-roule-25-40\/"]}]},{"@type":"ImageObject","inLanguage":"fr-FR","@id":"https:\/\/gravelart.be\/fr\/product\/carrara-roule-25-40\/#primaryimage","url":"https:\/\/gravelart.be\/wp-content\/uploads\/2023\/02\/WEBSHOP_IMAGE_1-4411-rotated.jpg","contentUrl":"https:\/\/gravelart.be\/wp-content\/uploads\/2023\/02\/WEBSHOP_IMAGE_1-4411-rotated.jpg","width":1600,"height":1067,"caption":"Sec"},{"@type":"BreadcrumbList","@id":"https:\/\/gravelart.be\/fr\/product\/carrara-roule-25-40\/#breadcrumb","itemListElement":[{"@type":"ListItem","position":1,"name":"Home","item":"https:\/\/gravelart.be\/fr\/"},{"@type":"ListItem","position":2,"name":"Produits","item":"https:\/\/gravelart.be\/fr\/boutique\/"},{"@type":"ListItem","position":3,"name":"Carrara roul\u00e9 25\/40"}]},{"@type":"WebSite","@id":"https:\/\/gravelart.be\/fr\/#website","url":"https:\/\/gravelart.be\/fr\/","name":"Gravelart","description":"Alles voor tuin en park","publisher":{"@id":"https:\/\/gravelart.be\/fr\/#organization"},"potentialAction":[{"@type":"SearchAction","target":{"@type":"EntryPoint","urlTemplate":"https:\/\/gravelart.be\/fr\/?s={search_term_string}"},"query-input":{"@type":"PropertyValueSpecification","valueRequired":true,"valueName":"search_term_string"}}],"inLanguage":"fr-FR"},{"@type":"Organization","@id":"https:\/\/gravelart.be\/fr\/#organization","name":"Gravelart","url":"https:\/\/gravelart.be\/fr\/","logo":{"@type":"ImageObject","inLanguage":"fr-FR","@id":"https:\/\/gravelart.be\/fr\/#\/schema\/logo\/image\/","url":"https:\/\/gravelart.be\/wp-content\/uploads\/2022\/10\/logo-gravelart.png","contentUrl":"https:\/\/gravelart.be\/wp-content\/uploads\/2022\/10\/logo-gravelart.png","width":348,"height":186,"caption":"Gravelart"},"image":{"@id":"https:\/\/gravelart.be\/fr\/#\/schema\/logo\/image\/"}}]}},"_links":{"self":[{"href":"https:\/\/gravelart.be\/fr\/wp-json\/wp\/v2\/product\/32681","targetHints":{"allow":["GET"]}}],"collection":[{"href":"https:\/\/gravelart.be\/fr\/wp-json\/wp\/v2\/product"}],"about":[{"href":"https:\/\/gravelart.be\/fr\/wp-json\/wp\/v2\/types\/product"}],"replies":[{"embeddable":true,"href":"https:\/\/gravelart.be\/fr\/wp-json\/wp\/v2\/comments?post=32681"}],"wp:featuredmedia":[{"embeddable":true,"href":"https:\/\/gravelart.be\/fr\/wp-json\/wp\/v2\/media\/42134"}],"wp:attachment":[{"href":"https:\/\/gravelart.be\/fr\/wp-json\/wp\/v2\/media?parent=32681"}],"wp:term":[{"taxonomy":"product_brand","embeddable":true,"href":"https:\/\/gravelart.be\/fr\/wp-json\/wp\/v2\/product_brand?post=32681"},{"taxonomy":"product_cat","embeddable":true,"href":"https:\/\/gravelart.be\/fr\/wp-json\/wp\/v2\/product_cat?post=32681"},{"taxonomy":"product_tag","embeddable":true,"href":"https:\/\/gravelart.be\/fr\/wp-json\/wp\/v2\/product_tag?post=32681"}],"curies":[{"name":"wp","href":"https:\/\/api.w.org\/{rel}","templated":true}]}}