{"id":32683,"date":"2023-02-02T09:14:37","date_gmt":"2023-02-02T08:14:37","guid":{"rendered":"https:\/\/gravelart.be\/?post_type=product&#038;p=32683"},"modified":"2026-03-03T16:46:06","modified_gmt":"2026-03-03T15:46:06","slug":"carrara-roule-7-15","status":"publish","type":"product","link":"https:\/\/gravelart.be\/fr\/product\/carrara-roule-7-15\/","title":{"rendered":"Carrara roul\u00e9 7\/15"},"content":{"rendered":"","protected":false},"excerpt":{"rendered":"<p><strong><a href=\"https:\/\/gravelart.be\/fr\/?s=carrara&amp;post_type=product&amp;dgwt_wcas=1&amp;lang=fr\">Carrara <\/a><\/strong>est un gravier roul\u00e9 italien bien connu. Le nom de ce marbre est issu d\u2019une ville situ\u00e9e en Toscane. Sa couleur blanc intense et sa qualit\u00e9 irr\u00e9prochable font que le Carrara est utilis\u00e9 \u00e0 diverses fins depuis l\u2019\u00e9poque romaine.  <\/p>\n<p>Commandez en big bag \u00e0 partir de 500 kg ou en vrac \u00e0 partir de 5 000 kg.<\/p>\n<p>&nbsp;<\/p>\n","protected":false},"featured_media":42146,"comment_status":"open","ping_status":"closed","template":"","meta":{"_acf_changed":false,"inline_featured_image":false},"product_brand":[],"product_cat":[4162],"product_tag":[],"class_list":{"0":"post-32683","1":"product","2":"type-product","3":"status-publish","4":"has-post-thumbnail","6":"product_cat-gravier-roule","8":"first","9":"instock","10":"taxable","11":"shipping-taxable","12":"purchasable","13":"product-type-variable","14":"has-default-attributes"},"acf":{"woocommerce_erp_id":"4383","woocommerce_cnk_id":"100513","product_density":1.6,"custom_prices":[{"variation_id":"46800","customer_group":"DISTRI","customer_id":"","min_qty":1,"max_qty":9999999,"steps":1,"price":6.08,"price_incl":7.36,"delivery_group":"COLLECT","warehouse_id":""},{"variation_id":"46800","customer_group":"DISTRI","customer_id":"","min_qty":1,"max_qty":9999999,"steps":1,"price":6.08,"price_incl":7.36,"delivery_group":"DELIVERY","warehouse_id":""},{"variation_id":"46800","customer_group":"CON","customer_id":"","min_qty":1,"max_qty":9999999,"steps":1,"price":10.79,"price_incl":13.06,"delivery_group":"COLLECT","warehouse_id":""},{"variation_id":"46800","customer_group":"CON","customer_id":"","min_qty":1,"max_qty":9999999,"steps":1,"price":10.79,"price_incl":13.06,"delivery_group":"DELIVERY","warehouse_id":""},{"variation_id":"46800","customer_group":"PRO","customer_id":"","min_qty":1,"max_qty":9999999,"steps":1,"price":6.91,"price_incl":8.36,"delivery_group":"COLLECT","warehouse_id":""},{"variation_id":"46800","customer_group":"PRO","customer_id":"","min_qty":1,"max_qty":9999999,"steps":1,"price":6.91,"price_incl":8.36,"delivery_group":"DELIVERY","warehouse_id":""},{"variation_id":"46800","customer_group":"PER","customer_id":"","min_qty":1,"max_qty":9999999,"steps":1,"price":4.4,"price_incl":5.32,"delivery_group":"COLLECT","warehouse_id":""},{"variation_id":"46800","customer_group":"PER","customer_id":"","min_qty":1,"max_qty":9999999,"steps":1,"price":4.4,"price_incl":5.32,"delivery_group":"DELIVERY","warehouse_id":""},{"variation_id":"46800","customer_group":"DISTRI","customer_id":"129214","min_qty":1,"max_qty":9999999,"steps":1,"price":4.84,"price_incl":5.86,"delivery_group":"COLLECT","warehouse_id":""},{"variation_id":"46800","customer_group":"DISTRI","customer_id":"129214","min_qty":1,"max_qty":9999999,"steps":1,"price":4.84,"price_incl":5.86,"delivery_group":"DELIVERY","warehouse_id":""},{"variation_id":"46800","customer_group":"DISTRI","customer_id":"131327","min_qty":1,"max_qty":9999999,"steps":1,"price":5.04,"price_incl":6.1,"delivery_group":"DELIVERY","warehouse_id":""},{"variation_id":"46800","customer_group":"DISTRI","customer_id":"131327","min_qty":1,"max_qty":9999999,"steps":1,"price":5.04,"price_incl":6.1,"delivery_group":"COLLECT","warehouse_id":""},{"variation_id":"46797","customer_group":"DISTRI","customer_id":"","min_qty":0.5,"max_qty":9999999,"steps":0.01,"price":195.17,"price_incl":236.16,"delivery_group":"COLLECT","warehouse_id":""},{"variation_id":"46797","customer_group":"DISTRI","customer_id":"","min_qty":0.5,"max_qty":9999999,"steps":0.01,"price":195.17,"price_incl":236.16,"delivery_group":"COLLECT","warehouse_id":""},{"variation_id":"46797","customer_group":"DISTRI","customer_id":"","min_qty":0.5,"max_qty":9999999,"steps":0.01,"price":195.17,"price_incl":236.16,"delivery_group":"DELIVERY","warehouse_id":""},{"variation_id":"46797","customer_group":"DISTRI","customer_id":"","min_qty":0.5,"max_qty":9999999,"steps":0.01,"price":195.17,"price_incl":236.16,"delivery_group":"DELIVERY","warehouse_id":""},{"variation_id":"46797","customer_group":"CON","customer_id":"","min_qty":0.5,"max_qty":9999999,"steps":0.01,"price":274.46,"price_incl":332.1,"delivery_group":"COLLECT","warehouse_id":""},{"variation_id":"46797","customer_group":"CON","customer_id":"","min_qty":0.5,"max_qty":9999999,"steps":0.01,"price":274.46,"price_incl":332.1,"delivery_group":"COLLECT","warehouse_id":""},{"variation_id":"46797","customer_group":"CON","customer_id":"","min_qty":0.5,"max_qty":9999999,"steps":0.01,"price":274.46,"price_incl":332.1,"delivery_group":"DELIVERY","warehouse_id":""},{"variation_id":"46797","customer_group":"CON","customer_id":"","min_qty":0.5,"max_qty":9999999,"steps":0.01,"price":274.46,"price_incl":332.1,"delivery_group":"DELIVERY","warehouse_id":""},{"variation_id":"46797","customer_group":"PRO","customer_id":"","min_qty":0.5,"max_qty":9999999,"steps":0.01,"price":228.74,"price_incl":276.78,"delivery_group":"COLLECT","warehouse_id":""},{"variation_id":"46797","customer_group":"PRO","customer_id":"","min_qty":0.5,"max_qty":9999999,"steps":0.01,"price":228.74,"price_incl":276.78,"delivery_group":"COLLECT","warehouse_id":""},{"variation_id":"46797","customer_group":"PRO","customer_id":"","min_qty":0.5,"max_qty":9999999,"steps":0.01,"price":228.74,"price_incl":276.78,"delivery_group":"DELIVERY","warehouse_id":""},{"variation_id":"46797","customer_group":"PRO","customer_id":"","min_qty":0.5,"max_qty":9999999,"steps":0.01,"price":228.74,"price_incl":276.78,"delivery_group":"DELIVERY","warehouse_id":""},{"variation_id":"46797","customer_group":"PER","customer_id":"","min_qty":0.5,"max_qty":9999999,"steps":0.01,"price":128.26,"price_incl":155.19,"delivery_group":"COLLECT","warehouse_id":""},{"variation_id":"46797","customer_group":"PER","customer_id":"","min_qty":0.5,"max_qty":9999999,"steps":0.01,"price":128.26,"price_incl":155.19,"delivery_group":"COLLECT","warehouse_id":""},{"variation_id":"46797","customer_group":"PER","customer_id":"","min_qty":0.5,"max_qty":9999999,"steps":0.01,"price":128.26,"price_incl":155.19,"delivery_group":"DELIVERY","warehouse_id":""},{"variation_id":"46797","customer_group":"PER","customer_id":"","min_qty":0.5,"max_qty":9999999,"steps":0.01,"price":128.26,"price_incl":155.19,"delivery_group":"DELIVERY","warehouse_id":""},{"variation_id":"46797","customer_group":"DISTRI","customer_id":"129214","min_qty":0.5,"max_qty":9999999,"steps":0.01,"price":145.59,"price_incl":176.16,"delivery_group":"COLLECT","warehouse_id":""},{"variation_id":"46797","customer_group":"DISTRI","customer_id":"129214","min_qty":0.5,"max_qty":9999999,"steps":0.01,"price":145.59,"price_incl":176.16,"delivery_group":"COLLECT","warehouse_id":""},{"variation_id":"46797","customer_group":"DISTRI","customer_id":"129214","min_qty":0.5,"max_qty":9999999,"steps":0.01,"price":145.59,"price_incl":176.16,"delivery_group":"DELIVERY","warehouse_id":""},{"variation_id":"46797","customer_group":"DISTRI","customer_id":"129214","min_qty":0.5,"max_qty":9999999,"steps":0.01,"price":145.59,"price_incl":176.16,"delivery_group":"DELIVERY","warehouse_id":""},{"variation_id":"46797","customer_group":"DISTRI","customer_id":"131327","min_qty":0.5,"max_qty":9999999,"steps":0.01,"price":153.75,"price_incl":186.04,"delivery_group":"COLLECT","warehouse_id":""},{"variation_id":"46797","customer_group":"DISTRI","customer_id":"131327","min_qty":0.5,"max_qty":9999999,"steps":0.01,"price":153.75,"price_incl":186.04,"delivery_group":"COLLECT","warehouse_id":""},{"variation_id":"46797","customer_group":"DISTRI","customer_id":"131327","min_qty":0.5,"max_qty":9999999,"steps":0.01,"price":153.75,"price_incl":186.04,"delivery_group":"DELIVERY","warehouse_id":""},{"variation_id":"46797","customer_group":"DISTRI","customer_id":"131327","min_qty":0.5,"max_qty":9999999,"steps":0.01,"price":153.75,"price_incl":186.04,"delivery_group":"DELIVERY","warehouse_id":""}],"packaging_ids":[{"packaging_name":"En vrac","packaging_id":"10","erp_id":"4383"},{"packaging_name":"Pi\u00e8ce","packaging_id":"7","erp_id":"5649"}]},"yoast_head":"<!-- This site is optimized with the Yoast SEO plugin v27.3 - https:\/\/yoast.com\/product\/yoast-seo-wordpress\/ -->\n<title>Carrara roul\u00e9 7\/15 - Gravelart<\/title>\n<meta name=\"description\" content=\"Carrara roul\u00e9 7\/15 : Gravier en marbre blanc italien de qualit\u00e9 sup\u00e9rieure. Id\u00e9al pour le jardin, les all\u00e9es et la d\u00e9coration. Disponible en big bag ou en vrac.\" \/>\n<meta name=\"robots\" content=\"index, follow, max-snippet:-1, max-image-preview:large, max-video-preview:-1\" \/>\n<link rel=\"canonical\" href=\"https:\/\/gravelart.be\/fr\/product\/carrara-roule-7-15\/\" \/>\n<meta property=\"og:locale\" content=\"fr_FR\" \/>\n<meta property=\"og:type\" content=\"article\" \/>\n<meta property=\"og:title\" content=\"Carrara roul\u00e9 7\/15 - Gravelart\" \/>\n<meta property=\"og:description\" content=\"Carrara roul\u00e9 7\/15 : Gravier en marbre blanc italien de qualit\u00e9 sup\u00e9rieure. Id\u00e9al pour le jardin, les all\u00e9es et la d\u00e9coration. Disponible en big bag ou en vrac.\" \/>\n<meta property=\"og:url\" content=\"https:\/\/gravelart.be\/fr\/product\/carrara-roule-7-15\/\" \/>\n<meta property=\"og:site_name\" content=\"Gravelart\" \/>\n<meta property=\"article:modified_time\" content=\"2026-03-03T15:46:06+00:00\" \/>\n<meta property=\"og:image\" content=\"https:\/\/gravelart.be\/wp-content\/uploads\/2023\/02\/WEBSHOP_IMAGE_1-4383.jpg\" \/>\n\t<meta property=\"og:image:width\" content=\"1000\" \/>\n\t<meta property=\"og:image:height\" content=\"665\" \/>\n\t<meta property=\"og:image:type\" content=\"image\/jpeg\" \/>\n<meta name=\"twitter:card\" content=\"summary_large_image\" \/>\n<script type=\"application\/ld+json\" class=\"yoast-schema-graph\">{\"@context\":\"https:\\\/\\\/schema.org\",\"@graph\":[{\"@type\":\"WebPage\",\"@id\":\"https:\\\/\\\/gravelart.be\\\/fr\\\/product\\\/carrara-roule-7-15\\\/\",\"url\":\"https:\\\/\\\/gravelart.be\\\/fr\\\/product\\\/carrara-roule-7-15\\\/\",\"name\":\"Carrara roul\u00e9 7\\\/15 - Gravelart\",\"isPartOf\":{\"@id\":\"https:\\\/\\\/gravelart.be\\\/fr\\\/#website\"},\"primaryImageOfPage\":{\"@id\":\"https:\\\/\\\/gravelart.be\\\/fr\\\/product\\\/carrara-roule-7-15\\\/#primaryimage\"},\"image\":{\"@id\":\"https:\\\/\\\/gravelart.be\\\/fr\\\/product\\\/carrara-roule-7-15\\\/#primaryimage\"},\"thumbnailUrl\":\"https:\\\/\\\/gravelart.be\\\/wp-content\\\/uploads\\\/2023\\\/02\\\/WEBSHOP_IMAGE_1-4383.jpg\",\"datePublished\":\"2023-02-02T08:14:37+00:00\",\"dateModified\":\"2026-03-03T15:46:06+00:00\",\"description\":\"Carrara roul\u00e9 7\\\/15 : Gravier en marbre blanc italien de qualit\u00e9 sup\u00e9rieure. Id\u00e9al pour le jardin, les all\u00e9es et la d\u00e9coration. Disponible en big bag ou en vrac.\",\"breadcrumb\":{\"@id\":\"https:\\\/\\\/gravelart.be\\\/fr\\\/product\\\/carrara-roule-7-15\\\/#breadcrumb\"},\"inLanguage\":\"fr-FR\",\"potentialAction\":[{\"@type\":\"ReadAction\",\"target\":[\"https:\\\/\\\/gravelart.be\\\/fr\\\/product\\\/carrara-roule-7-15\\\/\"]}]},{\"@type\":\"ImageObject\",\"inLanguage\":\"fr-FR\",\"@id\":\"https:\\\/\\\/gravelart.be\\\/fr\\\/product\\\/carrara-roule-7-15\\\/#primaryimage\",\"url\":\"https:\\\/\\\/gravelart.be\\\/wp-content\\\/uploads\\\/2023\\\/02\\\/WEBSHOP_IMAGE_1-4383.jpg\",\"contentUrl\":\"https:\\\/\\\/gravelart.be\\\/wp-content\\\/uploads\\\/2023\\\/02\\\/WEBSHOP_IMAGE_1-4383.jpg\",\"width\":1000,\"height\":665,\"caption\":\"Sec\"},{\"@type\":\"BreadcrumbList\",\"@id\":\"https:\\\/\\\/gravelart.be\\\/fr\\\/product\\\/carrara-roule-7-15\\\/#breadcrumb\",\"itemListElement\":[{\"@type\":\"ListItem\",\"position\":1,\"name\":\"Home\",\"item\":\"https:\\\/\\\/gravelart.be\\\/fr\\\/\"},{\"@type\":\"ListItem\",\"position\":2,\"name\":\"Produits\",\"item\":\"https:\\\/\\\/gravelart.be\\\/fr\\\/boutique\\\/\"},{\"@type\":\"ListItem\",\"position\":3,\"name\":\"Carrara roul\u00e9 7\\\/15\"}]},{\"@type\":\"WebSite\",\"@id\":\"https:\\\/\\\/gravelart.be\\\/fr\\\/#website\",\"url\":\"https:\\\/\\\/gravelart.be\\\/fr\\\/\",\"name\":\"Gravelart\",\"description\":\"Alles voor tuin en park\",\"publisher\":{\"@id\":\"https:\\\/\\\/gravelart.be\\\/fr\\\/#organization\"},\"potentialAction\":[{\"@type\":\"SearchAction\",\"target\":{\"@type\":\"EntryPoint\",\"urlTemplate\":\"https:\\\/\\\/gravelart.be\\\/fr\\\/?s={search_term_string}\"},\"query-input\":{\"@type\":\"PropertyValueSpecification\",\"valueRequired\":true,\"valueName\":\"search_term_string\"}}],\"inLanguage\":\"fr-FR\"},{\"@type\":\"Organization\",\"@id\":\"https:\\\/\\\/gravelart.be\\\/fr\\\/#organization\",\"name\":\"Gravelart\",\"url\":\"https:\\\/\\\/gravelart.be\\\/fr\\\/\",\"logo\":{\"@type\":\"ImageObject\",\"inLanguage\":\"fr-FR\",\"@id\":\"https:\\\/\\\/gravelart.be\\\/fr\\\/#\\\/schema\\\/logo\\\/image\\\/\",\"url\":\"https:\\\/\\\/gravelart.be\\\/wp-content\\\/uploads\\\/2022\\\/10\\\/logo-gravelart.png\",\"contentUrl\":\"https:\\\/\\\/gravelart.be\\\/wp-content\\\/uploads\\\/2022\\\/10\\\/logo-gravelart.png\",\"width\":348,\"height\":186,\"caption\":\"Gravelart\"},\"image\":{\"@id\":\"https:\\\/\\\/gravelart.be\\\/fr\\\/#\\\/schema\\\/logo\\\/image\\\/\"}}]}<\/script>\n<!-- \/ Yoast SEO plugin. -->","yoast_head_json":{"title":"Carrara roul\u00e9 7\/15 - Gravelart","description":"Carrara roul\u00e9 7\/15 : Gravier en marbre blanc italien de qualit\u00e9 sup\u00e9rieure. Id\u00e9al pour le jardin, les all\u00e9es et la d\u00e9coration. Disponible en big bag ou en vrac.","robots":{"index":"index","follow":"follow","max-snippet":"max-snippet:-1","max-image-preview":"max-image-preview:large","max-video-preview":"max-video-preview:-1"},"canonical":"https:\/\/gravelart.be\/fr\/product\/carrara-roule-7-15\/","og_locale":"fr_FR","og_type":"article","og_title":"Carrara roul\u00e9 7\/15 - Gravelart","og_description":"Carrara roul\u00e9 7\/15 : Gravier en marbre blanc italien de qualit\u00e9 sup\u00e9rieure. Id\u00e9al pour le jardin, les all\u00e9es et la d\u00e9coration. Disponible en big bag ou en vrac.","og_url":"https:\/\/gravelart.be\/fr\/product\/carrara-roule-7-15\/","og_site_name":"Gravelart","article_modified_time":"2026-03-03T15:46:06+00:00","og_image":[{"width":1000,"height":665,"url":"https:\/\/gravelart.be\/wp-content\/uploads\/2023\/02\/WEBSHOP_IMAGE_1-4383.jpg","type":"image\/jpeg"}],"twitter_card":"summary_large_image","schema":{"@context":"https:\/\/schema.org","@graph":[{"@type":"WebPage","@id":"https:\/\/gravelart.be\/fr\/product\/carrara-roule-7-15\/","url":"https:\/\/gravelart.be\/fr\/product\/carrara-roule-7-15\/","name":"Carrara roul\u00e9 7\/15 - Gravelart","isPartOf":{"@id":"https:\/\/gravelart.be\/fr\/#website"},"primaryImageOfPage":{"@id":"https:\/\/gravelart.be\/fr\/product\/carrara-roule-7-15\/#primaryimage"},"image":{"@id":"https:\/\/gravelart.be\/fr\/product\/carrara-roule-7-15\/#primaryimage"},"thumbnailUrl":"https:\/\/gravelart.be\/wp-content\/uploads\/2023\/02\/WEBSHOP_IMAGE_1-4383.jpg","datePublished":"2023-02-02T08:14:37+00:00","dateModified":"2026-03-03T15:46:06+00:00","description":"Carrara roul\u00e9 7\/15 : Gravier en marbre blanc italien de qualit\u00e9 sup\u00e9rieure. Id\u00e9al pour le jardin, les all\u00e9es et la d\u00e9coration. Disponible en big bag ou en vrac.","breadcrumb":{"@id":"https:\/\/gravelart.be\/fr\/product\/carrara-roule-7-15\/#breadcrumb"},"inLanguage":"fr-FR","potentialAction":[{"@type":"ReadAction","target":["https:\/\/gravelart.be\/fr\/product\/carrara-roule-7-15\/"]}]},{"@type":"ImageObject","inLanguage":"fr-FR","@id":"https:\/\/gravelart.be\/fr\/product\/carrara-roule-7-15\/#primaryimage","url":"https:\/\/gravelart.be\/wp-content\/uploads\/2023\/02\/WEBSHOP_IMAGE_1-4383.jpg","contentUrl":"https:\/\/gravelart.be\/wp-content\/uploads\/2023\/02\/WEBSHOP_IMAGE_1-4383.jpg","width":1000,"height":665,"caption":"Sec"},{"@type":"BreadcrumbList","@id":"https:\/\/gravelart.be\/fr\/product\/carrara-roule-7-15\/#breadcrumb","itemListElement":[{"@type":"ListItem","position":1,"name":"Home","item":"https:\/\/gravelart.be\/fr\/"},{"@type":"ListItem","position":2,"name":"Produits","item":"https:\/\/gravelart.be\/fr\/boutique\/"},{"@type":"ListItem","position":3,"name":"Carrara roul\u00e9 7\/15"}]},{"@type":"WebSite","@id":"https:\/\/gravelart.be\/fr\/#website","url":"https:\/\/gravelart.be\/fr\/","name":"Gravelart","description":"Alles voor tuin en park","publisher":{"@id":"https:\/\/gravelart.be\/fr\/#organization"},"potentialAction":[{"@type":"SearchAction","target":{"@type":"EntryPoint","urlTemplate":"https:\/\/gravelart.be\/fr\/?s={search_term_string}"},"query-input":{"@type":"PropertyValueSpecification","valueRequired":true,"valueName":"search_term_string"}}],"inLanguage":"fr-FR"},{"@type":"Organization","@id":"https:\/\/gravelart.be\/fr\/#organization","name":"Gravelart","url":"https:\/\/gravelart.be\/fr\/","logo":{"@type":"ImageObject","inLanguage":"fr-FR","@id":"https:\/\/gravelart.be\/fr\/#\/schema\/logo\/image\/","url":"https:\/\/gravelart.be\/wp-content\/uploads\/2022\/10\/logo-gravelart.png","contentUrl":"https:\/\/gravelart.be\/wp-content\/uploads\/2022\/10\/logo-gravelart.png","width":348,"height":186,"caption":"Gravelart"},"image":{"@id":"https:\/\/gravelart.be\/fr\/#\/schema\/logo\/image\/"}}]}},"_links":{"self":[{"href":"https:\/\/gravelart.be\/fr\/wp-json\/wp\/v2\/product\/32683","targetHints":{"allow":["GET"]}}],"collection":[{"href":"https:\/\/gravelart.be\/fr\/wp-json\/wp\/v2\/product"}],"about":[{"href":"https:\/\/gravelart.be\/fr\/wp-json\/wp\/v2\/types\/product"}],"replies":[{"embeddable":true,"href":"https:\/\/gravelart.be\/fr\/wp-json\/wp\/v2\/comments?post=32683"}],"wp:featuredmedia":[{"embeddable":true,"href":"https:\/\/gravelart.be\/fr\/wp-json\/wp\/v2\/media\/42146"}],"wp:attachment":[{"href":"https:\/\/gravelart.be\/fr\/wp-json\/wp\/v2\/media?parent=32683"}],"wp:term":[{"taxonomy":"product_brand","embeddable":true,"href":"https:\/\/gravelart.be\/fr\/wp-json\/wp\/v2\/product_brand?post=32683"},{"taxonomy":"product_cat","embeddable":true,"href":"https:\/\/gravelart.be\/fr\/wp-json\/wp\/v2\/product_cat?post=32683"},{"taxonomy":"product_tag","embeddable":true,"href":"https:\/\/gravelart.be\/fr\/wp-json\/wp\/v2\/product_tag?post=32683"}],"curies":[{"name":"wp","href":"https:\/\/api.w.org\/{rel}","templated":true}]}}