{"id":32689,"date":"2023-02-02T09:14:44","date_gmt":"2023-02-02T08:14:44","guid":{"rendered":"https:\/\/gravelart.be\/?post_type=product&#038;p=32689"},"modified":"2026-03-31T12:58:44","modified_gmt":"2026-03-31T10:58:44","slug":"dolomie-0-15","status":"publish","type":"product","link":"https:\/\/gravelart.be\/fr\/product\/dolomie-0-15\/","title":{"rendered":"Dolomie 0\/15"},"content":{"rendered":"","protected":false},"excerpt":{"rendered":"<p>La <strong><a href=\"https:\/\/gravelart.be\/fr\/?s=dolomie&amp;post_type=product&amp;dgwt_wcas=1&amp;lang=fr\">dolomie <\/a><\/strong>est l\u2019anc\u00eatre du gravier d\u00e9coratif. Son utilisation cr\u00e9e une ambiance champ\u00eatre et naturelle. La dolomie n\u2019est pas inalt\u00e9rable en couleur et peut varier du blanc\/gris \u00e0 l\u2019ocre\/brun. Elle doit son nom au g\u00e9ologue fran\u00e7ais du XVIIIe si\u00e8cle D\u00e9odat de Dolomieu, qui d\u00e9couvrit cette roche dans la cha\u00eene de montagnes aujourd\u2019hui connue sous le nom des Dolomites.   <\/p>\n<p>La dolomie est id\u00e9ale pour les terrains de p\u00e9tanque et est fr\u00e9quemment utilis\u00e9e par les communes et les villes pour les sentiers p\u00e9destres et les pistes cyclables. Gravelart approvisionne la dolomie par bateau fluvial et propose exclusivement la variante ocre, parfaitement calibr\u00e9e et particuli\u00e8rement esth\u00e9tique. <\/p>\n<p>Disponible en big bags ou en vrac, avec livraison rapide.<\/p>\n<p>&nbsp;<\/p>\n","protected":false},"featured_media":42517,"comment_status":"open","ping_status":"closed","template":"","meta":{"_acf_changed":false,"inline_featured_image":false},"product_brand":[],"product_cat":[4154],"product_tag":[],"class_list":{"0":"post-32689","1":"product","2":"type-product","3":"status-publish","4":"has-post-thumbnail","6":"product_cat-gravier-decoratif","8":"first","9":"instock","10":"taxable","11":"shipping-taxable","12":"purchasable","13":"product-type-variable","14":"has-default-attributes"},"acf":{"woocommerce_erp_id":"6026","woocommerce_cnk_id":"100523","product_density":1.8,"custom_prices":[{"variation_id":"47015","customer_group":"PRO","customer_id":"","min_qty":0.5,"max_qty":9999999,"steps":0.01,"price":52.97,"price_incl":64.09,"delivery_group":"COLLECT","warehouse_id":""},{"variation_id":"47015","customer_group":"PRO","customer_id":"","min_qty":0.5,"max_qty":9999999,"steps":0.01,"price":52.97,"price_incl":64.09,"delivery_group":"DELIVERY","warehouse_id":""},{"variation_id":"47015","customer_group":"DISTRI","customer_id":"","min_qty":0.5,"max_qty":9999999,"steps":0.01,"price":46.94,"price_incl":56.8,"delivery_group":"COLLECT","warehouse_id":""},{"variation_id":"47015","customer_group":"DISTRI","customer_id":"","min_qty":0.5,"max_qty":9999999,"steps":0.01,"price":46.94,"price_incl":56.8,"delivery_group":"DELIVERY","warehouse_id":""},{"variation_id":"47015","customer_group":"CON","customer_id":"","min_qty":0.5,"max_qty":9999999,"steps":0.01,"price":68.73,"price_incl":83.16,"delivery_group":"COLLECT","warehouse_id":""},{"variation_id":"47015","customer_group":"CON","customer_id":"","min_qty":0.5,"max_qty":9999999,"steps":0.01,"price":68.73,"price_incl":83.16,"delivery_group":"DELIVERY","warehouse_id":""},{"variation_id":"47015","customer_group":"PER","customer_id":"","min_qty":0.5,"max_qty":9999999,"steps":0.01,"price":32.78,"price_incl":39.66,"delivery_group":"COLLECT","warehouse_id":""},{"variation_id":"47015","customer_group":"PER","customer_id":"","min_qty":0.5,"max_qty":9999999,"steps":0.01,"price":32.78,"price_incl":39.66,"delivery_group":"DELIVERY","warehouse_id":""},{"variation_id":"47015","customer_group":"DISTRI","customer_id":"129214","min_qty":0.5,"max_qty":9999999,"steps":0.01,"price":34.4,"price_incl":41.62,"delivery_group":"COLLECT","warehouse_id":""},{"variation_id":"47015","customer_group":"DISTRI","customer_id":"129214","min_qty":0.5,"max_qty":9999999,"steps":0.01,"price":34.4,"price_incl":41.62,"delivery_group":"DELIVERY","warehouse_id":""},{"variation_id":"47015","customer_group":"DISTRI","customer_id":"105038","min_qty":0.5,"max_qty":9999999,"steps":0.01,"price":38.54,"price_incl":46.63,"delivery_group":"DELIVERY","warehouse_id":""},{"variation_id":"47014","customer_group":"DISTRI","customer_id":"","min_qty":1,"max_qty":9999999,"steps":1,"price":39.5,"price_incl":47.8,"delivery_group":"DELIVERY","warehouse_id":""},{"variation_id":"47014","customer_group":"DISTRI","customer_id":"","min_qty":1,"max_qty":9999999,"steps":1,"price":39.5,"price_incl":47.8,"delivery_group":"COLLECT","warehouse_id":""},{"variation_id":"47014","customer_group":"CON","customer_id":"","min_qty":1,"max_qty":9999999,"steps":1,"price":55.06,"price_incl":66.62,"delivery_group":"DELIVERY","warehouse_id":""},{"variation_id":"47014","customer_group":"CON","customer_id":"","min_qty":1,"max_qty":9999999,"steps":1,"price":55.06,"price_incl":66.62,"delivery_group":"COLLECT","warehouse_id":""},{"variation_id":"47014","customer_group":"PRO","customer_id":"","min_qty":1,"max_qty":9999999,"steps":1,"price":42.52,"price_incl":51.45,"delivery_group":"DELIVERY","warehouse_id":""},{"variation_id":"47014","customer_group":"PRO","customer_id":"","min_qty":1,"max_qty":9999999,"steps":1,"price":42.52,"price_incl":51.45,"delivery_group":"COLLECT","warehouse_id":""},{"variation_id":"47014","customer_group":"PER","customer_id":"","min_qty":1,"max_qty":9999999,"steps":1,"price":32.42,"price_incl":39.23,"delivery_group":"DELIVERY","warehouse_id":""},{"variation_id":"47014","customer_group":"PER","customer_id":"","min_qty":1,"max_qty":9999999,"steps":1,"price":32.42,"price_incl":39.23,"delivery_group":"COLLECT","warehouse_id":""},{"variation_id":"47014","customer_group":"DISTRI","customer_id":"129214","min_qty":1,"max_qty":9999999,"steps":1,"price":33.23,"price_incl":40.21,"delivery_group":"COLLECT","warehouse_id":""},{"variation_id":"47014","customer_group":"DISTRI","customer_id":"129214","min_qty":1,"max_qty":9999999,"steps":1,"price":33.23,"price_incl":40.21,"delivery_group":"DELIVERY","warehouse_id":""},{"variation_id":"47016","customer_group":"PRO","customer_id":"","min_qty":1,"max_qty":9999999,"steps":1,"price":69.02,"price_incl":83.51,"delivery_group":"DELIVERY","warehouse_id":""},{"variation_id":"47016","customer_group":"PRO","customer_id":"","min_qty":1,"max_qty":9999999,"steps":1,"price":69.02,"price_incl":83.51,"delivery_group":"COLLECT","warehouse_id":""},{"variation_id":"47016","customer_group":"CON","customer_id":"","min_qty":1,"max_qty":9999999,"steps":1,"price":89.44,"price_incl":108.22,"delivery_group":"DELIVERY","warehouse_id":""},{"variation_id":"47016","customer_group":"CON","customer_id":"","min_qty":1,"max_qty":9999999,"steps":1,"price":89.44,"price_incl":108.22,"delivery_group":"COLLECT","warehouse_id":""},{"variation_id":"47016","customer_group":"DISTRI","customer_id":"","min_qty":1,"max_qty":9999999,"steps":1,"price":62.99,"price_incl":76.22,"delivery_group":"DELIVERY","warehouse_id":""},{"variation_id":"47016","customer_group":"DISTRI","customer_id":"","min_qty":1,"max_qty":9999999,"steps":1,"price":62.99,"price_incl":76.22,"delivery_group":"COLLECT","warehouse_id":""},{"variation_id":"47016","customer_group":"PER","customer_id":"","min_qty":1,"max_qty":9999999,"steps":1,"price":48.83,"price_incl":59.08,"delivery_group":"DELIVERY","warehouse_id":""},{"variation_id":"47016","customer_group":"PER","customer_id":"","min_qty":1,"max_qty":9999999,"steps":1,"price":48.83,"price_incl":59.08,"delivery_group":"COLLECT","warehouse_id":""},{"variation_id":"47016","customer_group":"DISTRI","customer_id":"129214","min_qty":1,"max_qty":9999999,"steps":1,"price":50.45,"price_incl":61.04,"delivery_group":"DELIVERY","warehouse_id":""},{"variation_id":"47016","customer_group":"DISTRI","customer_id":"129214","min_qty":1,"max_qty":9999999,"steps":1,"price":50.45,"price_incl":61.04,"delivery_group":"COLLECT","warehouse_id":""},{"variation_id":"47017","customer_group":"DISTRI","customer_id":"","min_qty":1,"max_qty":9999999,"steps":1,"price":86.49,"price_incl":104.65,"delivery_group":"COLLECT","warehouse_id":""},{"variation_id":"47017","customer_group":"DISTRI","customer_id":"","min_qty":1,"max_qty":9999999,"steps":1,"price":86.49,"price_incl":104.65,"delivery_group":"DELIVERY","warehouse_id":""},{"variation_id":"47017","customer_group":"PRO","customer_id":"","min_qty":1,"max_qty":9999999,"steps":1,"price":95.54,"price_incl":115.6,"delivery_group":"COLLECT","warehouse_id":""},{"variation_id":"47017","customer_group":"PRO","customer_id":"","min_qty":1,"max_qty":9999999,"steps":1,"price":95.54,"price_incl":115.6,"delivery_group":"DELIVERY","warehouse_id":""},{"variation_id":"47017","customer_group":"CON","customer_id":"","min_qty":1,"max_qty":9999999,"steps":1,"price":123.84,"price_incl":149.85,"delivery_group":"COLLECT","warehouse_id":""},{"variation_id":"47017","customer_group":"CON","customer_id":"","min_qty":1,"max_qty":9999999,"steps":1,"price":123.84,"price_incl":149.85,"delivery_group":"DELIVERY","warehouse_id":""},{"variation_id":"47017","customer_group":"PER","customer_id":"","min_qty":1,"max_qty":9999999,"steps":1,"price":65.25,"price_incl":78.95,"delivery_group":"COLLECT","warehouse_id":""},{"variation_id":"47017","customer_group":"PER","customer_id":"","min_qty":1,"max_qty":9999999,"steps":1,"price":65.25,"price_incl":78.95,"delivery_group":"DELIVERY","warehouse_id":""},{"variation_id":"47017","customer_group":"DISTRI","customer_id":"129214","min_qty":1,"max_qty":9999999,"steps":1,"price":67.68,"price_incl":81.89,"delivery_group":"COLLECT","warehouse_id":""},{"variation_id":"47017","customer_group":"DISTRI","customer_id":"129214","min_qty":1,"max_qty":9999999,"steps":1,"price":67.68,"price_incl":81.89,"delivery_group":"DELIVERY","warehouse_id":""},{"variation_id":"95","customer_group":"CON","customer_id":"","min_qty":1,"max_qty":9999999,"steps":1,"price":3.41,"price_incl":4.13,"delivery_group":"COLLECT","warehouse_id":""},{"variation_id":"95","customer_group":"CON","customer_id":"","min_qty":1,"max_qty":9999999,"steps":1,"price":3.41,"price_incl":4.13,"delivery_group":"DELIVERY","warehouse_id":""},{"variation_id":"95","customer_group":"PRO","customer_id":"","min_qty":1,"max_qty":9999999,"steps":1,"price":2.53,"price_incl":3.06,"delivery_group":"COLLECT","warehouse_id":""},{"variation_id":"95","customer_group":"PRO","customer_id":"","min_qty":1,"max_qty":9999999,"steps":1,"price":2.53,"price_incl":3.06,"delivery_group":"DELIVERY","warehouse_id":""},{"variation_id":"95","customer_group":"DISTRI","customer_id":"","min_qty":1,"max_qty":9999999,"steps":1,"price":2.38,"price_incl":2.88,"delivery_group":"COLLECT","warehouse_id":""},{"variation_id":"95","customer_group":"DISTRI","customer_id":"","min_qty":1,"max_qty":9999999,"steps":1,"price":2.38,"price_incl":2.88,"delivery_group":"DELIVERY","warehouse_id":""},{"variation_id":"95","customer_group":"PER","customer_id":"","min_qty":1,"max_qty":9999999,"steps":1,"price":2.02,"price_incl":2.44,"delivery_group":"COLLECT","warehouse_id":""},{"variation_id":"95","customer_group":"PER","customer_id":"","min_qty":1,"max_qty":9999999,"steps":1,"price":2.02,"price_incl":2.44,"delivery_group":"DELIVERY","warehouse_id":""},{"variation_id":"95","customer_group":"DISTRI","customer_id":"129214","min_qty":1,"max_qty":9999999,"steps":1,"price":2.06,"price_incl":2.49,"delivery_group":"COLLECT","warehouse_id":""},{"variation_id":"95","customer_group":"DISTRI","customer_id":"129214","min_qty":1,"max_qty":9999999,"steps":1,"price":2.06,"price_incl":2.49,"delivery_group":"DELIVERY","warehouse_id":""},{"variation_id":"95","customer_group":"DISTRI","customer_id":"131327","min_qty":1,"max_qty":9999999,"steps":1,"price":2.08,"price_incl":2.52,"delivery_group":"COLLECT","warehouse_id":""},{"variation_id":"95","customer_group":"DISTRI","customer_id":"131327","min_qty":1,"max_qty":9999999,"steps":1,"price":2.08,"price_incl":2.52,"delivery_group":"DELIVERY","warehouse_id":""}],"packaging_ids":[{"packaging_name":"En vrac","packaging_id":"10","erp_id":"6026"},{"packaging_name":"Big bag 500 kg","packaging_id":"3","erp_id":"4913"},{"packaging_name":"Big bag 1000 kg","packaging_id":"2","erp_id":"4742"},{"packaging_name":"Big bag 1500 kg","packaging_id":"4","erp_id":"4804"},{"packaging_name":"Sacs","packaging_id":"1","erp_id":"5653"}]},"yoast_head":"<!-- This site is optimized with the Yoast SEO plugin v27.3 - https:\/\/yoast.com\/product\/yoast-seo-wordpress\/ -->\n<title>Dolomie 0\/15 - Gravelart<\/title>\n<meta name=\"description\" content=\"Dolomie 0\/15 est id\u00e9al pour les terrains de p\u00e9tanque et les pistes cyclables. Ce gravier d\u00e9coratif ocre cr\u00e9e une ambiance naturelle et est livr\u00e9 avec un calibrage soign\u00e9.\" \/>\n<meta name=\"robots\" content=\"index, follow, max-snippet:-1, max-image-preview:large, max-video-preview:-1\" \/>\n<link rel=\"canonical\" href=\"https:\/\/gravelart.be\/fr\/product\/dolomie-0-15\/\" \/>\n<meta property=\"og:locale\" content=\"fr_FR\" \/>\n<meta property=\"og:type\" content=\"article\" \/>\n<meta property=\"og:title\" content=\"Dolomie 0\/15 - Gravelart\" \/>\n<meta property=\"og:description\" content=\"Dolomie 0\/15 est id\u00e9al pour les terrains de p\u00e9tanque et les pistes cyclables. Ce gravier d\u00e9coratif ocre cr\u00e9e une ambiance naturelle et est livr\u00e9 avec un calibrage soign\u00e9.\" \/>\n<meta property=\"og:url\" content=\"https:\/\/gravelart.be\/fr\/product\/dolomie-0-15\/\" \/>\n<meta property=\"og:site_name\" content=\"Gravelart\" \/>\n<meta property=\"article:modified_time\" content=\"2026-03-31T10:58:44+00:00\" \/>\n<meta property=\"og:image\" content=\"https:\/\/gravelart.be\/wp-content\/uploads\/2023\/02\/WEBSHOP_IMAGE_1-6026.jpg\" \/>\n\t<meta property=\"og:image:width\" content=\"1000\" \/>\n\t<meta property=\"og:image:height\" content=\"665\" \/>\n\t<meta property=\"og:image:type\" content=\"image\/jpeg\" \/>\n<meta name=\"twitter:card\" content=\"summary_large_image\" \/>\n<script type=\"application\/ld+json\" class=\"yoast-schema-graph\">{\"@context\":\"https:\\\/\\\/schema.org\",\"@graph\":[{\"@type\":\"WebPage\",\"@id\":\"https:\\\/\\\/gravelart.be\\\/fr\\\/product\\\/dolomie-0-15\\\/\",\"url\":\"https:\\\/\\\/gravelart.be\\\/fr\\\/product\\\/dolomie-0-15\\\/\",\"name\":\"Dolomie 0\\\/15 - Gravelart\",\"isPartOf\":{\"@id\":\"https:\\\/\\\/gravelart.be\\\/fr\\\/#website\"},\"primaryImageOfPage\":{\"@id\":\"https:\\\/\\\/gravelart.be\\\/fr\\\/product\\\/dolomie-0-15\\\/#primaryimage\"},\"image\":{\"@id\":\"https:\\\/\\\/gravelart.be\\\/fr\\\/product\\\/dolomie-0-15\\\/#primaryimage\"},\"thumbnailUrl\":\"https:\\\/\\\/gravelart.be\\\/wp-content\\\/uploads\\\/2023\\\/02\\\/WEBSHOP_IMAGE_1-6026.jpg\",\"datePublished\":\"2023-02-02T08:14:44+00:00\",\"dateModified\":\"2026-03-31T10:58:44+00:00\",\"description\":\"Dolomie 0\\\/15 est id\u00e9al pour les terrains de p\u00e9tanque et les pistes cyclables. Ce gravier d\u00e9coratif ocre cr\u00e9e une ambiance naturelle et est livr\u00e9 avec un calibrage soign\u00e9.\",\"breadcrumb\":{\"@id\":\"https:\\\/\\\/gravelart.be\\\/fr\\\/product\\\/dolomie-0-15\\\/#breadcrumb\"},\"inLanguage\":\"fr-FR\",\"potentialAction\":[{\"@type\":\"ReadAction\",\"target\":[\"https:\\\/\\\/gravelart.be\\\/fr\\\/product\\\/dolomie-0-15\\\/\"]}]},{\"@type\":\"ImageObject\",\"inLanguage\":\"fr-FR\",\"@id\":\"https:\\\/\\\/gravelart.be\\\/fr\\\/product\\\/dolomie-0-15\\\/#primaryimage\",\"url\":\"https:\\\/\\\/gravelart.be\\\/wp-content\\\/uploads\\\/2023\\\/02\\\/WEBSHOP_IMAGE_1-6026.jpg\",\"contentUrl\":\"https:\\\/\\\/gravelart.be\\\/wp-content\\\/uploads\\\/2023\\\/02\\\/WEBSHOP_IMAGE_1-6026.jpg\",\"width\":1000,\"height\":665,\"caption\":\"Sec\"},{\"@type\":\"BreadcrumbList\",\"@id\":\"https:\\\/\\\/gravelart.be\\\/fr\\\/product\\\/dolomie-0-15\\\/#breadcrumb\",\"itemListElement\":[{\"@type\":\"ListItem\",\"position\":1,\"name\":\"Home\",\"item\":\"https:\\\/\\\/gravelart.be\\\/fr\\\/\"},{\"@type\":\"ListItem\",\"position\":2,\"name\":\"Produits\",\"item\":\"https:\\\/\\\/gravelart.be\\\/fr\\\/boutique\\\/\"},{\"@type\":\"ListItem\",\"position\":3,\"name\":\"Dolomie 0\\\/15\"}]},{\"@type\":\"WebSite\",\"@id\":\"https:\\\/\\\/gravelart.be\\\/fr\\\/#website\",\"url\":\"https:\\\/\\\/gravelart.be\\\/fr\\\/\",\"name\":\"Gravelart\",\"description\":\"Alles voor tuin en park\",\"publisher\":{\"@id\":\"https:\\\/\\\/gravelart.be\\\/fr\\\/#organization\"},\"potentialAction\":[{\"@type\":\"SearchAction\",\"target\":{\"@type\":\"EntryPoint\",\"urlTemplate\":\"https:\\\/\\\/gravelart.be\\\/fr\\\/?s={search_term_string}\"},\"query-input\":{\"@type\":\"PropertyValueSpecification\",\"valueRequired\":true,\"valueName\":\"search_term_string\"}}],\"inLanguage\":\"fr-FR\"},{\"@type\":\"Organization\",\"@id\":\"https:\\\/\\\/gravelart.be\\\/fr\\\/#organization\",\"name\":\"Gravelart\",\"url\":\"https:\\\/\\\/gravelart.be\\\/fr\\\/\",\"logo\":{\"@type\":\"ImageObject\",\"inLanguage\":\"fr-FR\",\"@id\":\"https:\\\/\\\/gravelart.be\\\/fr\\\/#\\\/schema\\\/logo\\\/image\\\/\",\"url\":\"https:\\\/\\\/gravelart.be\\\/wp-content\\\/uploads\\\/2022\\\/10\\\/logo-gravelart.png\",\"contentUrl\":\"https:\\\/\\\/gravelart.be\\\/wp-content\\\/uploads\\\/2022\\\/10\\\/logo-gravelart.png\",\"width\":348,\"height\":186,\"caption\":\"Gravelart\"},\"image\":{\"@id\":\"https:\\\/\\\/gravelart.be\\\/fr\\\/#\\\/schema\\\/logo\\\/image\\\/\"}}]}<\/script>\n<!-- \/ Yoast SEO plugin. -->","yoast_head_json":{"title":"Dolomie 0\/15 - Gravelart","description":"Dolomie 0\/15 est id\u00e9al pour les terrains de p\u00e9tanque et les pistes cyclables. Ce gravier d\u00e9coratif ocre cr\u00e9e une ambiance naturelle et est livr\u00e9 avec un calibrage soign\u00e9.","robots":{"index":"index","follow":"follow","max-snippet":"max-snippet:-1","max-image-preview":"max-image-preview:large","max-video-preview":"max-video-preview:-1"},"canonical":"https:\/\/gravelart.be\/fr\/product\/dolomie-0-15\/","og_locale":"fr_FR","og_type":"article","og_title":"Dolomie 0\/15 - Gravelart","og_description":"Dolomie 0\/15 est id\u00e9al pour les terrains de p\u00e9tanque et les pistes cyclables. Ce gravier d\u00e9coratif ocre cr\u00e9e une ambiance naturelle et est livr\u00e9 avec un calibrage soign\u00e9.","og_url":"https:\/\/gravelart.be\/fr\/product\/dolomie-0-15\/","og_site_name":"Gravelart","article_modified_time":"2026-03-31T10:58:44+00:00","og_image":[{"width":1000,"height":665,"url":"https:\/\/gravelart.be\/wp-content\/uploads\/2023\/02\/WEBSHOP_IMAGE_1-6026.jpg","type":"image\/jpeg"}],"twitter_card":"summary_large_image","schema":{"@context":"https:\/\/schema.org","@graph":[{"@type":"WebPage","@id":"https:\/\/gravelart.be\/fr\/product\/dolomie-0-15\/","url":"https:\/\/gravelart.be\/fr\/product\/dolomie-0-15\/","name":"Dolomie 0\/15 - Gravelart","isPartOf":{"@id":"https:\/\/gravelart.be\/fr\/#website"},"primaryImageOfPage":{"@id":"https:\/\/gravelart.be\/fr\/product\/dolomie-0-15\/#primaryimage"},"image":{"@id":"https:\/\/gravelart.be\/fr\/product\/dolomie-0-15\/#primaryimage"},"thumbnailUrl":"https:\/\/gravelart.be\/wp-content\/uploads\/2023\/02\/WEBSHOP_IMAGE_1-6026.jpg","datePublished":"2023-02-02T08:14:44+00:00","dateModified":"2026-03-31T10:58:44+00:00","description":"Dolomie 0\/15 est id\u00e9al pour les terrains de p\u00e9tanque et les pistes cyclables. Ce gravier d\u00e9coratif ocre cr\u00e9e une ambiance naturelle et est livr\u00e9 avec un calibrage soign\u00e9.","breadcrumb":{"@id":"https:\/\/gravelart.be\/fr\/product\/dolomie-0-15\/#breadcrumb"},"inLanguage":"fr-FR","potentialAction":[{"@type":"ReadAction","target":["https:\/\/gravelart.be\/fr\/product\/dolomie-0-15\/"]}]},{"@type":"ImageObject","inLanguage":"fr-FR","@id":"https:\/\/gravelart.be\/fr\/product\/dolomie-0-15\/#primaryimage","url":"https:\/\/gravelart.be\/wp-content\/uploads\/2023\/02\/WEBSHOP_IMAGE_1-6026.jpg","contentUrl":"https:\/\/gravelart.be\/wp-content\/uploads\/2023\/02\/WEBSHOP_IMAGE_1-6026.jpg","width":1000,"height":665,"caption":"Sec"},{"@type":"BreadcrumbList","@id":"https:\/\/gravelart.be\/fr\/product\/dolomie-0-15\/#breadcrumb","itemListElement":[{"@type":"ListItem","position":1,"name":"Home","item":"https:\/\/gravelart.be\/fr\/"},{"@type":"ListItem","position":2,"name":"Produits","item":"https:\/\/gravelart.be\/fr\/boutique\/"},{"@type":"ListItem","position":3,"name":"Dolomie 0\/15"}]},{"@type":"WebSite","@id":"https:\/\/gravelart.be\/fr\/#website","url":"https:\/\/gravelart.be\/fr\/","name":"Gravelart","description":"Alles voor tuin en park","publisher":{"@id":"https:\/\/gravelart.be\/fr\/#organization"},"potentialAction":[{"@type":"SearchAction","target":{"@type":"EntryPoint","urlTemplate":"https:\/\/gravelart.be\/fr\/?s={search_term_string}"},"query-input":{"@type":"PropertyValueSpecification","valueRequired":true,"valueName":"search_term_string"}}],"inLanguage":"fr-FR"},{"@type":"Organization","@id":"https:\/\/gravelart.be\/fr\/#organization","name":"Gravelart","url":"https:\/\/gravelart.be\/fr\/","logo":{"@type":"ImageObject","inLanguage":"fr-FR","@id":"https:\/\/gravelart.be\/fr\/#\/schema\/logo\/image\/","url":"https:\/\/gravelart.be\/wp-content\/uploads\/2022\/10\/logo-gravelart.png","contentUrl":"https:\/\/gravelart.be\/wp-content\/uploads\/2022\/10\/logo-gravelart.png","width":348,"height":186,"caption":"Gravelart"},"image":{"@id":"https:\/\/gravelart.be\/fr\/#\/schema\/logo\/image\/"}}]}},"_links":{"self":[{"href":"https:\/\/gravelart.be\/fr\/wp-json\/wp\/v2\/product\/32689","targetHints":{"allow":["GET"]}}],"collection":[{"href":"https:\/\/gravelart.be\/fr\/wp-json\/wp\/v2\/product"}],"about":[{"href":"https:\/\/gravelart.be\/fr\/wp-json\/wp\/v2\/types\/product"}],"replies":[{"embeddable":true,"href":"https:\/\/gravelart.be\/fr\/wp-json\/wp\/v2\/comments?post=32689"}],"wp:featuredmedia":[{"embeddable":true,"href":"https:\/\/gravelart.be\/fr\/wp-json\/wp\/v2\/media\/42517"}],"wp:attachment":[{"href":"https:\/\/gravelart.be\/fr\/wp-json\/wp\/v2\/media?parent=32689"}],"wp:term":[{"taxonomy":"product_brand","embeddable":true,"href":"https:\/\/gravelart.be\/fr\/wp-json\/wp\/v2\/product_brand?post=32689"},{"taxonomy":"product_cat","embeddable":true,"href":"https:\/\/gravelart.be\/fr\/wp-json\/wp\/v2\/product_cat?post=32689"},{"taxonomy":"product_tag","embeddable":true,"href":"https:\/\/gravelart.be\/fr\/wp-json\/wp\/v2\/product_tag?post=32689"}],"curies":[{"name":"wp","href":"https:\/\/api.w.org\/{rel}","templated":true}]}}