{"id":32693,"date":"2023-02-02T09:14:48","date_gmt":"2023-02-02T08:14:48","guid":{"rendered":"https:\/\/gravelart.be\/?post_type=product&#038;p=32693"},"modified":"2026-03-31T12:59:52","modified_gmt":"2026-03-31T10:59:52","slug":"dolomie-5-15","status":"publish","type":"product","link":"https:\/\/gravelart.be\/fr\/product\/dolomie-5-15\/","title":{"rendered":"Dolomie 5\/15"},"content":{"rendered":"","protected":false},"excerpt":{"rendered":"<p>La<strong><a href=\"https:\/\/gravelart.be\/fr\/?s=dolomie&amp;post_type=product&amp;dgwt_wcas=1&amp;lang=fr\"> dolomie<\/a><\/strong> est l\u2019anc\u00eatre du gravier d\u00e9coratif. Son utilisation cr\u00e9e une ambiance champ\u00eatre et naturelle. La dolomie n\u2019est pas inalt\u00e9rable en couleur. Elle doit son nom au g\u00e9ologue fran\u00e7ais du XVIIIe si\u00e8cle D\u00e9odat de Dolomieu, qui d\u00e9couvrit cette roche dans la cha\u00eene de montagnes aujourd\u2019hui connue sous le nom des Dolomites.   <\/p>\n","protected":false},"featured_media":42568,"comment_status":"open","ping_status":"closed","template":"","meta":{"_acf_changed":false,"inline_featured_image":false},"product_brand":[],"product_cat":[4154],"product_tag":[],"class_list":{"0":"post-32693","1":"product","2":"type-product","3":"status-publish","4":"has-post-thumbnail","6":"product_cat-gravier-decoratif","8":"first","9":"instock","10":"taxable","11":"shipping-taxable","12":"purchasable","13":"product-type-variable","14":"has-default-attributes"},"acf":{"woocommerce_erp_id":"6027","woocommerce_cnk_id":"100527","product_density":1.6,"custom_prices":[{"variation_id":"47005","customer_group":"PRO","customer_id":"","min_qty":0.5,"max_qty":9999999,"steps":0.01,"price":58.15,"price_incl":70.36,"delivery_group":"COLLECT","warehouse_id":""},{"variation_id":"47005","customer_group":"PRO","customer_id":"","min_qty":0.5,"max_qty":9999999,"steps":0.01,"price":58.15,"price_incl":70.36,"delivery_group":"DELIVERY","warehouse_id":""},{"variation_id":"47005","customer_group":"CON","customer_id":"","min_qty":0.5,"max_qty":9999999,"steps":0.01,"price":75.47,"price_incl":91.32,"delivery_group":"COLLECT","warehouse_id":""},{"variation_id":"47005","customer_group":"CON","customer_id":"","min_qty":0.5,"max_qty":9999999,"steps":0.01,"price":75.47,"price_incl":91.32,"delivery_group":"DELIVERY","warehouse_id":""},{"variation_id":"47005","customer_group":"DISTRI","customer_id":"","min_qty":0.5,"max_qty":9999999,"steps":0.01,"price":51.12,"price_incl":61.86,"delivery_group":"COLLECT","warehouse_id":""},{"variation_id":"47005","customer_group":"DISTRI","customer_id":"","min_qty":0.5,"max_qty":9999999,"steps":0.01,"price":51.12,"price_incl":61.86,"delivery_group":"DELIVERY","warehouse_id":""},{"variation_id":"47005","customer_group":"PER","customer_id":"113311","min_qty":0.5,"max_qty":9999999,"steps":0.01,"price":36.1,"price_incl":43.68,"delivery_group":"DELIVERY","warehouse_id":""},{"variation_id":"47005","customer_group":"PER","customer_id":"113311","min_qty":0.5,"max_qty":9999999,"steps":0.01,"price":36.1,"price_incl":43.68,"delivery_group":"COLLECT","warehouse_id":""},{"variation_id":"47005","customer_group":"PER","customer_id":"","min_qty":0.5,"max_qty":9999999,"steps":0.01,"price":37.14,"price_incl":44.94,"delivery_group":"COLLECT","warehouse_id":""},{"variation_id":"47005","customer_group":"PER","customer_id":"","min_qty":0.5,"max_qty":9999999,"steps":0.01,"price":37.14,"price_incl":44.94,"delivery_group":"DELIVERY","warehouse_id":""},{"variation_id":"47005","customer_group":"DISTRI","customer_id":"129214","min_qty":0.5,"max_qty":9999999,"steps":0.01,"price":39.44,"price_incl":47.72,"delivery_group":"COLLECT","warehouse_id":""},{"variation_id":"47005","customer_group":"DISTRI","customer_id":"129214","min_qty":0.5,"max_qty":9999999,"steps":0.01,"price":39.44,"price_incl":47.72,"delivery_group":"DELIVERY","warehouse_id":""},{"variation_id":"47005","customer_group":"PRO","customer_id":"132202","min_qty":0.5,"max_qty":9999999,"steps":0.01,"price":38.55,"price_incl":46.65,"delivery_group":"COLLECT","warehouse_id":""},{"variation_id":"47005","customer_group":"PRO","customer_id":"132202","min_qty":0.5,"max_qty":9999999,"steps":0.01,"price":38.55,"price_incl":46.65,"delivery_group":"DELIVERY","warehouse_id":""},{"variation_id":"47005","customer_group":"CON","customer_id":"116401","min_qty":0.5,"max_qty":9999999,"steps":0.01,"price":39.04,"price_incl":47.24,"delivery_group":"DELIVERY","warehouse_id":""},{"variation_id":"47005","customer_group":"CON","customer_id":"105038","min_qty":0.5,"max_qty":9999999,"steps":0.01,"price":41.04,"price_incl":49.66,"delivery_group":"DELIVERY","warehouse_id":""},{"variation_id":"47005","customer_group":"DISTRI","customer_id":"1059","min_qty":27,"max_qty":9999999,"steps":0.01,"price":37,"price_incl":44.77,"delivery_group":"DELIVERY","warehouse_id":""},{"variation_id":"47005","customer_group":"DISTRI","customer_id":"1059","min_qty":27,"max_qty":9999999,"steps":0.01,"price":37,"price_incl":44.77,"delivery_group":"DELIVERY","warehouse_id":""},{"variation_id":"47005","customer_group":"PER","customer_id":"119741","min_qty":27,"max_qty":9999999,"steps":0.01,"price":38.06,"price_incl":46.05,"delivery_group":"COLLECT","warehouse_id":""},{"variation_id":"47005","customer_group":"PER","customer_id":"119741","min_qty":27,"max_qty":9999999,"steps":0.01,"price":38.06,"price_incl":46.05,"delivery_group":"DELIVERY","warehouse_id":""},{"variation_id":"47004","customer_group":"PRO","customer_id":"","min_qty":1,"max_qty":9999999,"steps":1,"price":45.1,"price_incl":54.57,"delivery_group":"DELIVERY","warehouse_id":""},{"variation_id":"47004","customer_group":"PRO","customer_id":"","min_qty":1,"max_qty":9999999,"steps":1,"price":45.1,"price_incl":54.57,"delivery_group":"COLLECT","warehouse_id":""},{"variation_id":"47004","customer_group":"DISTRI","customer_id":"","min_qty":1,"max_qty":9999999,"steps":1,"price":41.59,"price_incl":50.32,"delivery_group":"DELIVERY","warehouse_id":""},{"variation_id":"47004","customer_group":"DISTRI","customer_id":"","min_qty":1,"max_qty":9999999,"steps":1,"price":41.59,"price_incl":50.32,"delivery_group":"COLLECT","warehouse_id":""},{"variation_id":"47004","customer_group":"CON","customer_id":"","min_qty":1,"max_qty":9999999,"steps":1,"price":58.42,"price_incl":70.69,"delivery_group":"DELIVERY","warehouse_id":""},{"variation_id":"47004","customer_group":"CON","customer_id":"","min_qty":1,"max_qty":9999999,"steps":1,"price":58.42,"price_incl":70.69,"delivery_group":"COLLECT","warehouse_id":""},{"variation_id":"47004","customer_group":"PER","customer_id":"","min_qty":1,"max_qty":9999999,"steps":1,"price":34.6,"price_incl":41.87,"delivery_group":"DELIVERY","warehouse_id":""},{"variation_id":"47004","customer_group":"PER","customer_id":"","min_qty":1,"max_qty":9999999,"steps":1,"price":34.6,"price_incl":41.87,"delivery_group":"COLLECT","warehouse_id":""},{"variation_id":"47004","customer_group":"DISTRI","customer_id":"129214","min_qty":1,"max_qty":9999999,"steps":1,"price":35.74,"price_incl":43.25,"delivery_group":"DELIVERY","warehouse_id":""},{"variation_id":"47004","customer_group":"DISTRI","customer_id":"129214","min_qty":1,"max_qty":9999999,"steps":1,"price":35.74,"price_incl":43.25,"delivery_group":"COLLECT","warehouse_id":""},{"variation_id":"47006","customer_group":"PRO","customer_id":"","min_qty":1,"max_qty":9999999,"steps":1,"price":74.2,"price_incl":89.78,"delivery_group":"DELIVERY","warehouse_id":""},{"variation_id":"47006","customer_group":"PRO","customer_id":"","min_qty":1,"max_qty":9999999,"steps":1,"price":74.2,"price_incl":89.78,"delivery_group":"COLLECT","warehouse_id":""},{"variation_id":"47006","customer_group":"DISTRI","customer_id":"","min_qty":1,"max_qty":9999999,"steps":1,"price":67.17,"price_incl":81.28,"delivery_group":"DELIVERY","warehouse_id":""},{"variation_id":"47006","customer_group":"DISTRI","customer_id":"","min_qty":1,"max_qty":9999999,"steps":1,"price":67.17,"price_incl":81.28,"delivery_group":"COLLECT","warehouse_id":""},{"variation_id":"47006","customer_group":"CON","customer_id":"","min_qty":1,"max_qty":9999999,"steps":1,"price":96.18,"price_incl":116.38,"delivery_group":"DELIVERY","warehouse_id":""},{"variation_id":"47006","customer_group":"CON","customer_id":"","min_qty":1,"max_qty":9999999,"steps":1,"price":96.18,"price_incl":116.38,"delivery_group":"COLLECT","warehouse_id":""},{"variation_id":"47006","customer_group":"PER","customer_id":"","min_qty":1,"max_qty":9999999,"steps":1,"price":53.19,"price_incl":64.36,"delivery_group":"DELIVERY","warehouse_id":""},{"variation_id":"47006","customer_group":"PER","customer_id":"","min_qty":1,"max_qty":9999999,"steps":1,"price":53.19,"price_incl":64.36,"delivery_group":"COLLECT","warehouse_id":""},{"variation_id":"47006","customer_group":"DISTRI","customer_id":"129214","min_qty":1,"max_qty":9999999,"steps":1,"price":55.49,"price_incl":67.14,"delivery_group":"DELIVERY","warehouse_id":""},{"variation_id":"47006","customer_group":"DISTRI","customer_id":"129214","min_qty":1,"max_qty":9999999,"steps":1,"price":55.49,"price_incl":67.14,"delivery_group":"COLLECT","warehouse_id":""},{"variation_id":"47007","customer_group":"CON","customer_id":"","min_qty":1,"max_qty":9999999,"steps":1,"price":133.94,"price_incl":162.07,"delivery_group":"COLLECT","warehouse_id":""},{"variation_id":"47007","customer_group":"CON","customer_id":"","min_qty":1,"max_qty":9999999,"steps":1,"price":133.94,"price_incl":162.07,"delivery_group":"DELIVERY","warehouse_id":""},{"variation_id":"47007","customer_group":"PRO","customer_id":"","min_qty":1,"max_qty":9999999,"steps":1,"price":103.3,"price_incl":124.99,"delivery_group":"COLLECT","warehouse_id":""},{"variation_id":"47007","customer_group":"PRO","customer_id":"","min_qty":1,"max_qty":9999999,"steps":1,"price":103.3,"price_incl":124.99,"delivery_group":"DELIVERY","warehouse_id":""},{"variation_id":"47007","customer_group":"DISTRI","customer_id":"","min_qty":1,"max_qty":9999999,"steps":1,"price":92.76,"price_incl":112.24,"delivery_group":"COLLECT","warehouse_id":""},{"variation_id":"47007","customer_group":"DISTRI","customer_id":"","min_qty":1,"max_qty":9999999,"steps":1,"price":92.76,"price_incl":112.24,"delivery_group":"DELIVERY","warehouse_id":""},{"variation_id":"47007","customer_group":"PER","customer_id":"","min_qty":1,"max_qty":9999999,"steps":1,"price":71.79,"price_incl":86.87,"delivery_group":"COLLECT","warehouse_id":""},{"variation_id":"47007","customer_group":"PER","customer_id":"","min_qty":1,"max_qty":9999999,"steps":1,"price":71.79,"price_incl":86.87,"delivery_group":"DELIVERY","warehouse_id":""},{"variation_id":"47007","customer_group":"DISTRI","customer_id":"129214","min_qty":1,"max_qty":9999999,"steps":1,"price":75.23,"price_incl":91.03,"delivery_group":"COLLECT","warehouse_id":""},{"variation_id":"47007","customer_group":"DISTRI","customer_id":"129214","min_qty":1,"max_qty":9999999,"steps":1,"price":75.23,"price_incl":91.03,"delivery_group":"DELIVERY","warehouse_id":""},{"variation_id":"95","customer_group":"CON","customer_id":"","min_qty":1,"max_qty":9999999,"steps":1,"price":3.63,"price_incl":4.39,"delivery_group":"COLLECT","warehouse_id":""},{"variation_id":"95","customer_group":"CON","customer_id":"","min_qty":1,"max_qty":9999999,"steps":1,"price":3.63,"price_incl":4.39,"delivery_group":"DELIVERY","warehouse_id":""},{"variation_id":"95","customer_group":"DISTRI","customer_id":"","min_qty":1,"max_qty":9999999,"steps":1,"price":2.48,"price_incl":3,"delivery_group":"COLLECT","warehouse_id":""},{"variation_id":"95","customer_group":"DISTRI","customer_id":"","min_qty":1,"max_qty":9999999,"steps":1,"price":2.48,"price_incl":3,"delivery_group":"DELIVERY","warehouse_id":""},{"variation_id":"95","customer_group":"PRO","customer_id":"","min_qty":1,"max_qty":9999999,"steps":1,"price":2.66,"price_incl":3.22,"delivery_group":"COLLECT","warehouse_id":""},{"variation_id":"95","customer_group":"PRO","customer_id":"","min_qty":1,"max_qty":9999999,"steps":1,"price":2.66,"price_incl":3.22,"delivery_group":"DELIVERY","warehouse_id":""},{"variation_id":"95","customer_group":"PER","customer_id":"","min_qty":1,"max_qty":9999999,"steps":1,"price":2.13,"price_incl":2.58,"delivery_group":"COLLECT","warehouse_id":""},{"variation_id":"95","customer_group":"PER","customer_id":"","min_qty":1,"max_qty":9999999,"steps":1,"price":2.13,"price_incl":2.58,"delivery_group":"DELIVERY","warehouse_id":""},{"variation_id":"95","customer_group":"DISTRI","customer_id":"129214","min_qty":1,"max_qty":9999999,"steps":1,"price":2.19,"price_incl":2.65,"delivery_group":"COLLECT","warehouse_id":""},{"variation_id":"95","customer_group":"DISTRI","customer_id":"129214","min_qty":1,"max_qty":9999999,"steps":1,"price":2.19,"price_incl":2.65,"delivery_group":"DELIVERY","warehouse_id":""},{"variation_id":"95","customer_group":"DISTRI","customer_id":"131327","min_qty":1,"max_qty":9999999,"steps":1,"price":2.22,"price_incl":2.69,"delivery_group":"COLLECT","warehouse_id":""},{"variation_id":"95","customer_group":"DISTRI","customer_id":"131327","min_qty":1,"max_qty":9999999,"steps":1,"price":2.22,"price_incl":2.69,"delivery_group":"DELIVERY","warehouse_id":""}],"packaging_ids":[{"packaging_name":"En vrac","packaging_id":"10","erp_id":"6027"},{"packaging_name":"Big bag 500 kg","packaging_id":"3","erp_id":"4915"},{"packaging_name":"Big bag 1000 kg","packaging_id":"2","erp_id":"4745"},{"packaging_name":"Big bag 1500 kg","packaging_id":"4","erp_id":"4808"},{"packaging_name":"Sacs","packaging_id":"1","erp_id":"5654"}]},"yoast_head":"<!-- This site is optimized with the Yoast SEO plugin v27.3 - https:\/\/yoast.com\/product\/yoast-seo-wordpress\/ -->\n<title>Dolomie 5\/15 - Gravelart<\/title>\n<meta name=\"description\" content=\"Dolomie 5\/15 est un gravier classique qui apporte une ambiance champ\u00eatre et naturelle. Un mat\u00e9riau intemporel qui ajoute du charme \u00e0 tout espace ext\u00e9rieur.\" \/>\n<meta name=\"robots\" content=\"index, follow, max-snippet:-1, max-image-preview:large, max-video-preview:-1\" \/>\n<link rel=\"canonical\" href=\"https:\/\/gravelart.be\/fr\/product\/dolomie-5-15\/\" \/>\n<meta property=\"og:locale\" content=\"fr_FR\" \/>\n<meta property=\"og:type\" content=\"article\" \/>\n<meta property=\"og:title\" content=\"Dolomie 5\/15 - Gravelart\" \/>\n<meta property=\"og:description\" content=\"Dolomie 5\/15 est un gravier classique qui apporte une ambiance champ\u00eatre et naturelle. Un mat\u00e9riau intemporel qui ajoute du charme \u00e0 tout espace ext\u00e9rieur.\" \/>\n<meta property=\"og:url\" content=\"https:\/\/gravelart.be\/fr\/product\/dolomie-5-15\/\" \/>\n<meta property=\"og:site_name\" content=\"Gravelart\" \/>\n<meta property=\"article:modified_time\" content=\"2026-03-31T10:59:52+00:00\" \/>\n<meta property=\"og:image\" content=\"https:\/\/gravelart.be\/wp-content\/uploads\/2023\/02\/WEBSHOP_IMAGE_1-6027.jpg\" \/>\n\t<meta property=\"og:image:width\" content=\"1000\" \/>\n\t<meta property=\"og:image:height\" content=\"665\" \/>\n\t<meta property=\"og:image:type\" content=\"image\/jpeg\" \/>\n<meta name=\"twitter:card\" content=\"summary_large_image\" \/>\n<script type=\"application\/ld+json\" class=\"yoast-schema-graph\">{\"@context\":\"https:\\\/\\\/schema.org\",\"@graph\":[{\"@type\":\"WebPage\",\"@id\":\"https:\\\/\\\/gravelart.be\\\/fr\\\/product\\\/dolomie-5-15\\\/\",\"url\":\"https:\\\/\\\/gravelart.be\\\/fr\\\/product\\\/dolomie-5-15\\\/\",\"name\":\"Dolomie 5\\\/15 - Gravelart\",\"isPartOf\":{\"@id\":\"https:\\\/\\\/gravelart.be\\\/fr\\\/#website\"},\"primaryImageOfPage\":{\"@id\":\"https:\\\/\\\/gravelart.be\\\/fr\\\/product\\\/dolomie-5-15\\\/#primaryimage\"},\"image\":{\"@id\":\"https:\\\/\\\/gravelart.be\\\/fr\\\/product\\\/dolomie-5-15\\\/#primaryimage\"},\"thumbnailUrl\":\"https:\\\/\\\/gravelart.be\\\/wp-content\\\/uploads\\\/2023\\\/02\\\/WEBSHOP_IMAGE_1-6027.jpg\",\"datePublished\":\"2023-02-02T08:14:48+00:00\",\"dateModified\":\"2026-03-31T10:59:52+00:00\",\"description\":\"Dolomie 5\\\/15 est un gravier classique qui apporte une ambiance champ\u00eatre et naturelle. Un mat\u00e9riau intemporel qui ajoute du charme \u00e0 tout espace ext\u00e9rieur.\",\"breadcrumb\":{\"@id\":\"https:\\\/\\\/gravelart.be\\\/fr\\\/product\\\/dolomie-5-15\\\/#breadcrumb\"},\"inLanguage\":\"fr-FR\",\"potentialAction\":[{\"@type\":\"ReadAction\",\"target\":[\"https:\\\/\\\/gravelart.be\\\/fr\\\/product\\\/dolomie-5-15\\\/\"]}]},{\"@type\":\"ImageObject\",\"inLanguage\":\"fr-FR\",\"@id\":\"https:\\\/\\\/gravelart.be\\\/fr\\\/product\\\/dolomie-5-15\\\/#primaryimage\",\"url\":\"https:\\\/\\\/gravelart.be\\\/wp-content\\\/uploads\\\/2023\\\/02\\\/WEBSHOP_IMAGE_1-6027.jpg\",\"contentUrl\":\"https:\\\/\\\/gravelart.be\\\/wp-content\\\/uploads\\\/2023\\\/02\\\/WEBSHOP_IMAGE_1-6027.jpg\",\"width\":1000,\"height\":665,\"caption\":\"Sec\"},{\"@type\":\"BreadcrumbList\",\"@id\":\"https:\\\/\\\/gravelart.be\\\/fr\\\/product\\\/dolomie-5-15\\\/#breadcrumb\",\"itemListElement\":[{\"@type\":\"ListItem\",\"position\":1,\"name\":\"Home\",\"item\":\"https:\\\/\\\/gravelart.be\\\/fr\\\/\"},{\"@type\":\"ListItem\",\"position\":2,\"name\":\"Produits\",\"item\":\"https:\\\/\\\/gravelart.be\\\/fr\\\/boutique\\\/\"},{\"@type\":\"ListItem\",\"position\":3,\"name\":\"Dolomie 5\\\/15\"}]},{\"@type\":\"WebSite\",\"@id\":\"https:\\\/\\\/gravelart.be\\\/fr\\\/#website\",\"url\":\"https:\\\/\\\/gravelart.be\\\/fr\\\/\",\"name\":\"Gravelart\",\"description\":\"Alles voor tuin en park\",\"publisher\":{\"@id\":\"https:\\\/\\\/gravelart.be\\\/fr\\\/#organization\"},\"potentialAction\":[{\"@type\":\"SearchAction\",\"target\":{\"@type\":\"EntryPoint\",\"urlTemplate\":\"https:\\\/\\\/gravelart.be\\\/fr\\\/?s={search_term_string}\"},\"query-input\":{\"@type\":\"PropertyValueSpecification\",\"valueRequired\":true,\"valueName\":\"search_term_string\"}}],\"inLanguage\":\"fr-FR\"},{\"@type\":\"Organization\",\"@id\":\"https:\\\/\\\/gravelart.be\\\/fr\\\/#organization\",\"name\":\"Gravelart\",\"url\":\"https:\\\/\\\/gravelart.be\\\/fr\\\/\",\"logo\":{\"@type\":\"ImageObject\",\"inLanguage\":\"fr-FR\",\"@id\":\"https:\\\/\\\/gravelart.be\\\/fr\\\/#\\\/schema\\\/logo\\\/image\\\/\",\"url\":\"https:\\\/\\\/gravelart.be\\\/wp-content\\\/uploads\\\/2022\\\/10\\\/logo-gravelart.png\",\"contentUrl\":\"https:\\\/\\\/gravelart.be\\\/wp-content\\\/uploads\\\/2022\\\/10\\\/logo-gravelart.png\",\"width\":348,\"height\":186,\"caption\":\"Gravelart\"},\"image\":{\"@id\":\"https:\\\/\\\/gravelart.be\\\/fr\\\/#\\\/schema\\\/logo\\\/image\\\/\"}}]}<\/script>\n<!-- \/ Yoast SEO plugin. -->","yoast_head_json":{"title":"Dolomie 5\/15 - Gravelart","description":"Dolomie 5\/15 est un gravier classique qui apporte une ambiance champ\u00eatre et naturelle. Un mat\u00e9riau intemporel qui ajoute du charme \u00e0 tout espace ext\u00e9rieur.","robots":{"index":"index","follow":"follow","max-snippet":"max-snippet:-1","max-image-preview":"max-image-preview:large","max-video-preview":"max-video-preview:-1"},"canonical":"https:\/\/gravelart.be\/fr\/product\/dolomie-5-15\/","og_locale":"fr_FR","og_type":"article","og_title":"Dolomie 5\/15 - Gravelart","og_description":"Dolomie 5\/15 est un gravier classique qui apporte une ambiance champ\u00eatre et naturelle. Un mat\u00e9riau intemporel qui ajoute du charme \u00e0 tout espace ext\u00e9rieur.","og_url":"https:\/\/gravelart.be\/fr\/product\/dolomie-5-15\/","og_site_name":"Gravelart","article_modified_time":"2026-03-31T10:59:52+00:00","og_image":[{"width":1000,"height":665,"url":"https:\/\/gravelart.be\/wp-content\/uploads\/2023\/02\/WEBSHOP_IMAGE_1-6027.jpg","type":"image\/jpeg"}],"twitter_card":"summary_large_image","schema":{"@context":"https:\/\/schema.org","@graph":[{"@type":"WebPage","@id":"https:\/\/gravelart.be\/fr\/product\/dolomie-5-15\/","url":"https:\/\/gravelart.be\/fr\/product\/dolomie-5-15\/","name":"Dolomie 5\/15 - Gravelart","isPartOf":{"@id":"https:\/\/gravelart.be\/fr\/#website"},"primaryImageOfPage":{"@id":"https:\/\/gravelart.be\/fr\/product\/dolomie-5-15\/#primaryimage"},"image":{"@id":"https:\/\/gravelart.be\/fr\/product\/dolomie-5-15\/#primaryimage"},"thumbnailUrl":"https:\/\/gravelart.be\/wp-content\/uploads\/2023\/02\/WEBSHOP_IMAGE_1-6027.jpg","datePublished":"2023-02-02T08:14:48+00:00","dateModified":"2026-03-31T10:59:52+00:00","description":"Dolomie 5\/15 est un gravier classique qui apporte une ambiance champ\u00eatre et naturelle. Un mat\u00e9riau intemporel qui ajoute du charme \u00e0 tout espace ext\u00e9rieur.","breadcrumb":{"@id":"https:\/\/gravelart.be\/fr\/product\/dolomie-5-15\/#breadcrumb"},"inLanguage":"fr-FR","potentialAction":[{"@type":"ReadAction","target":["https:\/\/gravelart.be\/fr\/product\/dolomie-5-15\/"]}]},{"@type":"ImageObject","inLanguage":"fr-FR","@id":"https:\/\/gravelart.be\/fr\/product\/dolomie-5-15\/#primaryimage","url":"https:\/\/gravelart.be\/wp-content\/uploads\/2023\/02\/WEBSHOP_IMAGE_1-6027.jpg","contentUrl":"https:\/\/gravelart.be\/wp-content\/uploads\/2023\/02\/WEBSHOP_IMAGE_1-6027.jpg","width":1000,"height":665,"caption":"Sec"},{"@type":"BreadcrumbList","@id":"https:\/\/gravelart.be\/fr\/product\/dolomie-5-15\/#breadcrumb","itemListElement":[{"@type":"ListItem","position":1,"name":"Home","item":"https:\/\/gravelart.be\/fr\/"},{"@type":"ListItem","position":2,"name":"Produits","item":"https:\/\/gravelart.be\/fr\/boutique\/"},{"@type":"ListItem","position":3,"name":"Dolomie 5\/15"}]},{"@type":"WebSite","@id":"https:\/\/gravelart.be\/fr\/#website","url":"https:\/\/gravelart.be\/fr\/","name":"Gravelart","description":"Alles voor tuin en park","publisher":{"@id":"https:\/\/gravelart.be\/fr\/#organization"},"potentialAction":[{"@type":"SearchAction","target":{"@type":"EntryPoint","urlTemplate":"https:\/\/gravelart.be\/fr\/?s={search_term_string}"},"query-input":{"@type":"PropertyValueSpecification","valueRequired":true,"valueName":"search_term_string"}}],"inLanguage":"fr-FR"},{"@type":"Organization","@id":"https:\/\/gravelart.be\/fr\/#organization","name":"Gravelart","url":"https:\/\/gravelart.be\/fr\/","logo":{"@type":"ImageObject","inLanguage":"fr-FR","@id":"https:\/\/gravelart.be\/fr\/#\/schema\/logo\/image\/","url":"https:\/\/gravelart.be\/wp-content\/uploads\/2022\/10\/logo-gravelart.png","contentUrl":"https:\/\/gravelart.be\/wp-content\/uploads\/2022\/10\/logo-gravelart.png","width":348,"height":186,"caption":"Gravelart"},"image":{"@id":"https:\/\/gravelart.be\/fr\/#\/schema\/logo\/image\/"}}]}},"_links":{"self":[{"href":"https:\/\/gravelart.be\/fr\/wp-json\/wp\/v2\/product\/32693","targetHints":{"allow":["GET"]}}],"collection":[{"href":"https:\/\/gravelart.be\/fr\/wp-json\/wp\/v2\/product"}],"about":[{"href":"https:\/\/gravelart.be\/fr\/wp-json\/wp\/v2\/types\/product"}],"replies":[{"embeddable":true,"href":"https:\/\/gravelart.be\/fr\/wp-json\/wp\/v2\/comments?post=32693"}],"wp:featuredmedia":[{"embeddable":true,"href":"https:\/\/gravelart.be\/fr\/wp-json\/wp\/v2\/media\/42568"}],"wp:attachment":[{"href":"https:\/\/gravelart.be\/fr\/wp-json\/wp\/v2\/media?parent=32693"}],"wp:term":[{"taxonomy":"product_brand","embeddable":true,"href":"https:\/\/gravelart.be\/fr\/wp-json\/wp\/v2\/product_brand?post=32693"},{"taxonomy":"product_cat","embeddable":true,"href":"https:\/\/gravelart.be\/fr\/wp-json\/wp\/v2\/product_cat?post=32693"},{"taxonomy":"product_tag","embeddable":true,"href":"https:\/\/gravelart.be\/fr\/wp-json\/wp\/v2\/product_tag?post=32693"}],"curies":[{"name":"wp","href":"https:\/\/api.w.org\/{rel}","templated":true}]}}