{"id":32707,"date":"2023-02-02T09:15:05","date_gmt":"2023-02-02T08:15:05","guid":{"rendered":"https:\/\/gravelart.be\/?post_type=product&#038;p=32707"},"modified":"2026-03-03T16:38:23","modified_gmt":"2026-03-03T15:38:23","slug":"mignonette-gris-4-8","status":"publish","type":"product","link":"https:\/\/gravelart.be\/fr\/product\/mignonette-gris-4-8\/","title":{"rendered":"Mignonette gris 4\/8"},"content":{"rendered":"","protected":false},"excerpt":{"rendered":"<p>Seule la v\u00e9ritable Mignonette Grijs pr\u00e9sente une couleur gris uniforme avec peu ou pas de variations.<br \/>Gr\u00e2ce \u00e0 sa forme arrondie, le gravier Mignonette est doux au toucher, m\u00eame lorsque l\u2019on marche dessus pieds nus. Il est donc id\u00e9al pour les abords de piscines, d\u2019\u00e9tangs de baignade et pour d\u2019autres applications adapt\u00e9es aux enfants. Ce gravier d\u00e9coratif convient \u00e9galement parfaitement aux pattes sensibles des animaux domestiques. Les pierres arrondies limitent les \u00e9claboussures, ce qui est pratique lorsqu\u2019il est pos\u00e9 le long des murs afin de r\u00e9duire les salissures dues aux projections d\u2019eau. Ce n\u2019est pas sans raison qu\u2019il est particuli\u00e8rement adapt\u00e9 aux projets d\u2019am\u00e9nagement paysager.     <\/p>\n<p>La Mignonette Grijs est un produit exclusif de Gravelart et est disponible imm\u00e9diatement \u00e0 partir de 500 kg.<\/p>\n<p>&nbsp;<\/p>\n","protected":false},"featured_media":42170,"comment_status":"open","ping_status":"closed","template":"","meta":{"_acf_changed":false,"inline_featured_image":false},"product_brand":[],"product_cat":[4162],"product_tag":[],"class_list":{"0":"post-32707","1":"product","2":"type-product","3":"status-publish","4":"has-post-thumbnail","6":"product_cat-gravier-roule","8":"first","9":"instock","10":"taxable","11":"shipping-taxable","12":"purchasable","13":"product-type-variable","14":"has-default-attributes"},"acf":{"woocommerce_erp_id":"4395","woocommerce_cnk_id":"100580","product_density":1.6,"custom_prices":[{"variation_id":"46760","customer_group":"CON","customer_id":"","min_qty":1,"max_qty":9999999,"steps":1,"price":8.92,"price_incl":10.79,"delivery_group":"COLLECT","warehouse_id":""},{"variation_id":"46760","customer_group":"CON","customer_id":"","min_qty":1,"max_qty":9999999,"steps":1,"price":8.92,"price_incl":10.79,"delivery_group":"DELIVERY","warehouse_id":""},{"variation_id":"46760","customer_group":"PRO","customer_id":"","min_qty":1,"max_qty":9999999,"steps":1,"price":5.8,"price_incl":7.02,"delivery_group":"COLLECT","warehouse_id":""},{"variation_id":"46760","customer_group":"PRO","customer_id":"","min_qty":1,"max_qty":9999999,"steps":1,"price":5.8,"price_incl":7.02,"delivery_group":"DELIVERY","warehouse_id":""},{"variation_id":"46760","customer_group":"DISTRI","customer_id":"","min_qty":1,"max_qty":9999999,"steps":1,"price":5.48,"price_incl":6.63,"delivery_group":"COLLECT","warehouse_id":""},{"variation_id":"46760","customer_group":"DISTRI","customer_id":"","min_qty":1,"max_qty":9999999,"steps":1,"price":5.48,"price_incl":6.63,"delivery_group":"DELIVERY","warehouse_id":""},{"variation_id":"46760","customer_group":"PER","customer_id":"","min_qty":1,"max_qty":9999999,"steps":1,"price":3.39,"price_incl":4.1,"delivery_group":"COLLECT","warehouse_id":""},{"variation_id":"46760","customer_group":"PER","customer_id":"","min_qty":1,"max_qty":9999999,"steps":1,"price":3.39,"price_incl":4.1,"delivery_group":"DELIVERY","warehouse_id":""},{"variation_id":"46760","customer_group":"DISTRI","customer_id":"129214","min_qty":1,"max_qty":9999999,"steps":1,"price":3.45,"price_incl":4.17,"delivery_group":"COLLECT","warehouse_id":""},{"variation_id":"46760","customer_group":"DISTRI","customer_id":"129214","min_qty":1,"max_qty":9999999,"steps":1,"price":3.45,"price_incl":4.17,"delivery_group":"DELIVERY","warehouse_id":""},{"variation_id":"46760","customer_group":"PRO","customer_id":"128201","min_qty":1,"max_qty":9999999,"steps":1,"price":2.89,"price_incl":3.5,"delivery_group":"COLLECT","warehouse_id":"Z"},{"variation_id":"46760","customer_group":"PRO","customer_id":"128201","min_qty":1,"max_qty":9999999,"steps":1,"price":2.89,"price_incl":3.5,"delivery_group":"DELIVERY","warehouse_id":"Z"},{"variation_id":"46760","customer_group":"DISTRI","customer_id":"128201","min_qty":1,"max_qty":9999999,"steps":1,"price":2.89,"price_incl":3.5,"delivery_group":"COLLECT","warehouse_id":"W"},{"variation_id":"46760","customer_group":"DISTRI","customer_id":"128201","min_qty":1,"max_qty":9999999,"steps":1,"price":2.89,"price_incl":3.5,"delivery_group":"DELIVERY","warehouse_id":"W"},{"variation_id":"46757","customer_group":"DISTRI","customer_id":"","min_qty":0.5,"max_qty":9999999,"steps":0.01,"price":170.97,"price_incl":206.87,"delivery_group":"COLLECT","warehouse_id":""},{"variation_id":"46757","customer_group":"DISTRI","customer_id":"","min_qty":0.5,"max_qty":9999999,"steps":0.01,"price":170.97,"price_incl":206.87,"delivery_group":"DELIVERY","warehouse_id":""},{"variation_id":"46757","customer_group":"CON","customer_id":"","min_qty":0.5,"max_qty":9999999,"steps":0.01,"price":220.59,"price_incl":266.91,"delivery_group":"DELIVERY","warehouse_id":""},{"variation_id":"46757","customer_group":"CON","customer_id":"","min_qty":0.5,"max_qty":9999999,"steps":0.01,"price":220.59,"price_incl":266.91,"delivery_group":"COLLECT","warehouse_id":""},{"variation_id":"46757","customer_group":"PRO","customer_id":"","min_qty":0.5,"max_qty":9999999,"steps":0.01,"price":183.85,"price_incl":222.46,"delivery_group":"COLLECT","warehouse_id":""},{"variation_id":"46757","customer_group":"PRO","customer_id":"","min_qty":0.5,"max_qty":9999999,"steps":0.01,"price":183.85,"price_incl":222.46,"delivery_group":"DELIVERY","warehouse_id":""},{"variation_id":"46757","customer_group":"PER","customer_id":"","min_qty":0.5,"max_qty":9999999,"steps":0.01,"price":87.25,"price_incl":105.57,"delivery_group":"DELIVERY","warehouse_id":""},{"variation_id":"46757","customer_group":"PER","customer_id":"","min_qty":0.5,"max_qty":9999999,"steps":0.01,"price":87.25,"price_incl":105.57,"delivery_group":"COLLECT","warehouse_id":""},{"variation_id":"46757","customer_group":"DISTRI","customer_id":"129214","min_qty":0.5,"max_qty":9999999,"steps":0.01,"price":89.99,"price_incl":108.89,"delivery_group":"COLLECT","warehouse_id":""},{"variation_id":"46757","customer_group":"DISTRI","customer_id":"129214","min_qty":0.5,"max_qty":9999999,"steps":0.01,"price":89.99,"price_incl":108.89,"delivery_group":"DELIVERY","warehouse_id":""},{"variation_id":"46552","customer_group":"CON","customer_id":"","min_qty":1,"max_qty":9999999,"steps":1,"price":130.96,"price_incl":158.46,"delivery_group":"COLLECT","warehouse_id":""},{"variation_id":"46552","customer_group":"CON","customer_id":"","min_qty":1,"max_qty":9999999,"steps":1,"price":130.96,"price_incl":158.46,"delivery_group":"DELIVERY","warehouse_id":""},{"variation_id":"46552","customer_group":"PRO","customer_id":"","min_qty":1,"max_qty":9999999,"steps":1,"price":107.93,"price_incl":130.6,"delivery_group":"DELIVERY","warehouse_id":""},{"variation_id":"46552","customer_group":"PRO","customer_id":"","min_qty":1,"max_qty":9999999,"steps":1,"price":107.93,"price_incl":130.6,"delivery_group":"COLLECT","warehouse_id":""},{"variation_id":"46552","customer_group":"DISTRI","customer_id":"","min_qty":1,"max_qty":9999999,"steps":1,"price":101.49,"price_incl":122.8,"delivery_group":"COLLECT","warehouse_id":""},{"variation_id":"46552","customer_group":"DISTRI","customer_id":"","min_qty":1,"max_qty":9999999,"steps":1,"price":101.49,"price_incl":122.8,"delivery_group":"DELIVERY","warehouse_id":""},{"variation_id":"46552","customer_group":"PER","customer_id":"","min_qty":1,"max_qty":9999999,"steps":1,"price":59.63,"price_incl":72.15,"delivery_group":"COLLECT","warehouse_id":""},{"variation_id":"46552","customer_group":"PER","customer_id":"","min_qty":1,"max_qty":9999999,"steps":1,"price":59.63,"price_incl":72.15,"delivery_group":"DELIVERY","warehouse_id":""},{"variation_id":"46552","customer_group":"DISTRI","customer_id":"129214","min_qty":1,"max_qty":9999999,"steps":1,"price":60.99,"price_incl":73.8,"delivery_group":"COLLECT","warehouse_id":""},{"variation_id":"46552","customer_group":"DISTRI","customer_id":"129214","min_qty":1,"max_qty":9999999,"steps":1,"price":60.99,"price_incl":73.8,"delivery_group":"DELIVERY","warehouse_id":""},{"variation_id":"46758","customer_group":"DISTRI","customer_id":"","min_qty":1,"max_qty":9999999,"steps":1,"price":186.97,"price_incl":226.23,"delivery_group":"COLLECT","warehouse_id":""},{"variation_id":"46758","customer_group":"DISTRI","customer_id":"","min_qty":1,"max_qty":9999999,"steps":1,"price":186.97,"price_incl":226.23,"delivery_group":"DELIVERY","warehouse_id":""},{"variation_id":"46758","customer_group":"PRO","customer_id":"","min_qty":1,"max_qty":9999999,"steps":1,"price":199.85,"price_incl":241.82,"delivery_group":"DELIVERY","warehouse_id":""},{"variation_id":"46758","customer_group":"PRO","customer_id":"","min_qty":1,"max_qty":9999999,"steps":1,"price":199.85,"price_incl":241.82,"delivery_group":"COLLECT","warehouse_id":""},{"variation_id":"46758","customer_group":"CON","customer_id":"","min_qty":1,"max_qty":9999999,"steps":1,"price":241.25,"price_incl":291.91,"delivery_group":"DELIVERY","warehouse_id":""},{"variation_id":"46758","customer_group":"CON","customer_id":"","min_qty":1,"max_qty":9999999,"steps":1,"price":241.25,"price_incl":291.91,"delivery_group":"COLLECT","warehouse_id":""},{"variation_id":"46758","customer_group":"PER","customer_id":"","min_qty":1,"max_qty":9999999,"steps":1,"price":103.25,"price_incl":124.93,"delivery_group":"COLLECT","warehouse_id":""},{"variation_id":"46758","customer_group":"PER","customer_id":"","min_qty":1,"max_qty":9999999,"steps":1,"price":103.25,"price_incl":124.93,"delivery_group":"DELIVERY","warehouse_id":""},{"variation_id":"46758","customer_group":"DISTRI","customer_id":"129214","min_qty":1,"max_qty":9999999,"steps":1,"price":105.99,"price_incl":128.25,"delivery_group":"COLLECT","warehouse_id":""},{"variation_id":"46758","customer_group":"DISTRI","customer_id":"129214","min_qty":1,"max_qty":9999999,"steps":1,"price":105.99,"price_incl":128.25,"delivery_group":"DELIVERY","warehouse_id":""},{"variation_id":"46759","customer_group":"CON","customer_id":"","min_qty":1,"max_qty":9999999,"steps":1,"price":351.55,"price_incl":425.38,"delivery_group":"COLLECT","warehouse_id":""},{"variation_id":"46759","customer_group":"CON","customer_id":"","min_qty":1,"max_qty":9999999,"steps":1,"price":351.55,"price_incl":425.38,"delivery_group":"DELIVERY","warehouse_id":""},{"variation_id":"46759","customer_group":"DISTRI","customer_id":"","min_qty":1,"max_qty":9999999,"steps":1,"price":272.46,"price_incl":329.68,"delivery_group":"COLLECT","warehouse_id":""},{"variation_id":"46759","customer_group":"DISTRI","customer_id":"","min_qty":1,"max_qty":9999999,"steps":1,"price":272.46,"price_incl":329.68,"delivery_group":"DELIVERY","warehouse_id":""},{"variation_id":"46759","customer_group":"PRO","customer_id":"","min_qty":1,"max_qty":9999999,"steps":1,"price":291.78,"price_incl":353.05,"delivery_group":"COLLECT","warehouse_id":""},{"variation_id":"46759","customer_group":"PRO","customer_id":"","min_qty":1,"max_qty":9999999,"steps":1,"price":291.78,"price_incl":353.05,"delivery_group":"DELIVERY","warehouse_id":""},{"variation_id":"46759","customer_group":"PER","customer_id":"","min_qty":1,"max_qty":9999999,"steps":1,"price":146.88,"price_incl":177.72,"delivery_group":"COLLECT","warehouse_id":""},{"variation_id":"46759","customer_group":"PER","customer_id":"","min_qty":1,"max_qty":9999999,"steps":1,"price":146.88,"price_incl":177.72,"delivery_group":"DELIVERY","warehouse_id":""},{"variation_id":"46759","customer_group":"DISTRI","customer_id":"129214","min_qty":1,"max_qty":9999999,"steps":1,"price":150.98,"price_incl":182.69,"delivery_group":"COLLECT","warehouse_id":""},{"variation_id":"46759","customer_group":"DISTRI","customer_id":"129214","min_qty":1,"max_qty":9999999,"steps":1,"price":150.98,"price_incl":182.69,"delivery_group":"DELIVERY","warehouse_id":""}],"packaging_ids":[{"packaging_name":"En vrac","packaging_id":"10","erp_id":"4395"},{"packaging_name":"Big bag 500 kg","packaging_id":"3","erp_id":"4932"},{"packaging_name":"Big bag 1000 kg","packaging_id":"2","erp_id":"4756"},{"packaging_name":"Big bag 1500 kg","packaging_id":"4","erp_id":"4941"},{"packaging_name":"Pi\u00e8ce","packaging_id":"7","erp_id":"5669"}]},"yoast_head":"<!-- This site is optimized with the Yoast SEO plugin v27.3 - https:\/\/yoast.com\/product\/yoast-seo-wordpress\/ -->\n<title>Mignonette gris 4\/8 - Gravelart<\/title>\n<meta name=\"description\" content=\"Mignonette gris 4\/8 : gravier d\u00e9coratif gris uniforme, doux au toucher. Id\u00e9al autour des piscines, des \u00e9tangs et pour les projets de jardin adapt\u00e9s aux enfants.\" \/>\n<meta name=\"robots\" content=\"index, follow, max-snippet:-1, max-image-preview:large, max-video-preview:-1\" \/>\n<link rel=\"canonical\" href=\"https:\/\/gravelart.be\/fr\/product\/mignonette-gris-4-8\/\" \/>\n<meta property=\"og:locale\" content=\"fr_FR\" \/>\n<meta property=\"og:type\" content=\"article\" \/>\n<meta property=\"og:title\" content=\"Mignonette gris 4\/8 - Gravelart\" \/>\n<meta property=\"og:description\" content=\"Mignonette gris 4\/8 : gravier d\u00e9coratif gris uniforme, doux au toucher. Id\u00e9al autour des piscines, des \u00e9tangs et pour les projets de jardin adapt\u00e9s aux enfants.\" \/>\n<meta property=\"og:url\" content=\"https:\/\/gravelart.be\/fr\/product\/mignonette-gris-4-8\/\" \/>\n<meta property=\"og:site_name\" content=\"Gravelart\" \/>\n<meta property=\"article:modified_time\" content=\"2026-03-03T15:38:23+00:00\" \/>\n<meta property=\"og:image\" content=\"https:\/\/gravelart.be\/wp-content\/uploads\/2023\/02\/WEBSHOP_IMAGE_1-4395.jpg\" \/>\n\t<meta property=\"og:image:width\" content=\"1000\" \/>\n\t<meta property=\"og:image:height\" content=\"665\" \/>\n\t<meta property=\"og:image:type\" content=\"image\/jpeg\" \/>\n<meta name=\"twitter:card\" content=\"summary_large_image\" \/>\n<script type=\"application\/ld+json\" class=\"yoast-schema-graph\">{\"@context\":\"https:\\\/\\\/schema.org\",\"@graph\":[{\"@type\":\"WebPage\",\"@id\":\"https:\\\/\\\/gravelart.be\\\/fr\\\/product\\\/mignonette-gris-4-8\\\/\",\"url\":\"https:\\\/\\\/gravelart.be\\\/fr\\\/product\\\/mignonette-gris-4-8\\\/\",\"name\":\"Mignonette gris 4\\\/8 - Gravelart\",\"isPartOf\":{\"@id\":\"https:\\\/\\\/gravelart.be\\\/fr\\\/#website\"},\"primaryImageOfPage\":{\"@id\":\"https:\\\/\\\/gravelart.be\\\/fr\\\/product\\\/mignonette-gris-4-8\\\/#primaryimage\"},\"image\":{\"@id\":\"https:\\\/\\\/gravelart.be\\\/fr\\\/product\\\/mignonette-gris-4-8\\\/#primaryimage\"},\"thumbnailUrl\":\"https:\\\/\\\/gravelart.be\\\/wp-content\\\/uploads\\\/2023\\\/02\\\/WEBSHOP_IMAGE_1-4395.jpg\",\"datePublished\":\"2023-02-02T08:15:05+00:00\",\"dateModified\":\"2026-03-03T15:38:23+00:00\",\"description\":\"Mignonette gris 4\\\/8 : gravier d\u00e9coratif gris uniforme, doux au toucher. Id\u00e9al autour des piscines, des \u00e9tangs et pour les projets de jardin adapt\u00e9s aux enfants.\",\"breadcrumb\":{\"@id\":\"https:\\\/\\\/gravelart.be\\\/fr\\\/product\\\/mignonette-gris-4-8\\\/#breadcrumb\"},\"inLanguage\":\"fr-FR\",\"potentialAction\":[{\"@type\":\"ReadAction\",\"target\":[\"https:\\\/\\\/gravelart.be\\\/fr\\\/product\\\/mignonette-gris-4-8\\\/\"]}]},{\"@type\":\"ImageObject\",\"inLanguage\":\"fr-FR\",\"@id\":\"https:\\\/\\\/gravelart.be\\\/fr\\\/product\\\/mignonette-gris-4-8\\\/#primaryimage\",\"url\":\"https:\\\/\\\/gravelart.be\\\/wp-content\\\/uploads\\\/2023\\\/02\\\/WEBSHOP_IMAGE_1-4395.jpg\",\"contentUrl\":\"https:\\\/\\\/gravelart.be\\\/wp-content\\\/uploads\\\/2023\\\/02\\\/WEBSHOP_IMAGE_1-4395.jpg\",\"width\":1000,\"height\":665,\"caption\":\"Sec\"},{\"@type\":\"BreadcrumbList\",\"@id\":\"https:\\\/\\\/gravelart.be\\\/fr\\\/product\\\/mignonette-gris-4-8\\\/#breadcrumb\",\"itemListElement\":[{\"@type\":\"ListItem\",\"position\":1,\"name\":\"Home\",\"item\":\"https:\\\/\\\/gravelart.be\\\/fr\\\/\"},{\"@type\":\"ListItem\",\"position\":2,\"name\":\"Produits\",\"item\":\"https:\\\/\\\/gravelart.be\\\/fr\\\/boutique\\\/\"},{\"@type\":\"ListItem\",\"position\":3,\"name\":\"Mignonette gris 4\\\/8\"}]},{\"@type\":\"WebSite\",\"@id\":\"https:\\\/\\\/gravelart.be\\\/fr\\\/#website\",\"url\":\"https:\\\/\\\/gravelart.be\\\/fr\\\/\",\"name\":\"Gravelart\",\"description\":\"Alles voor tuin en park\",\"publisher\":{\"@id\":\"https:\\\/\\\/gravelart.be\\\/fr\\\/#organization\"},\"potentialAction\":[{\"@type\":\"SearchAction\",\"target\":{\"@type\":\"EntryPoint\",\"urlTemplate\":\"https:\\\/\\\/gravelart.be\\\/fr\\\/?s={search_term_string}\"},\"query-input\":{\"@type\":\"PropertyValueSpecification\",\"valueRequired\":true,\"valueName\":\"search_term_string\"}}],\"inLanguage\":\"fr-FR\"},{\"@type\":\"Organization\",\"@id\":\"https:\\\/\\\/gravelart.be\\\/fr\\\/#organization\",\"name\":\"Gravelart\",\"url\":\"https:\\\/\\\/gravelart.be\\\/fr\\\/\",\"logo\":{\"@type\":\"ImageObject\",\"inLanguage\":\"fr-FR\",\"@id\":\"https:\\\/\\\/gravelart.be\\\/fr\\\/#\\\/schema\\\/logo\\\/image\\\/\",\"url\":\"https:\\\/\\\/gravelart.be\\\/wp-content\\\/uploads\\\/2022\\\/10\\\/logo-gravelart.png\",\"contentUrl\":\"https:\\\/\\\/gravelart.be\\\/wp-content\\\/uploads\\\/2022\\\/10\\\/logo-gravelart.png\",\"width\":348,\"height\":186,\"caption\":\"Gravelart\"},\"image\":{\"@id\":\"https:\\\/\\\/gravelart.be\\\/fr\\\/#\\\/schema\\\/logo\\\/image\\\/\"}}]}<\/script>\n<!-- \/ Yoast SEO plugin. -->","yoast_head_json":{"title":"Mignonette gris 4\/8 - Gravelart","description":"Mignonette gris 4\/8 : gravier d\u00e9coratif gris uniforme, doux au toucher. Id\u00e9al autour des piscines, des \u00e9tangs et pour les projets de jardin adapt\u00e9s aux enfants.","robots":{"index":"index","follow":"follow","max-snippet":"max-snippet:-1","max-image-preview":"max-image-preview:large","max-video-preview":"max-video-preview:-1"},"canonical":"https:\/\/gravelart.be\/fr\/product\/mignonette-gris-4-8\/","og_locale":"fr_FR","og_type":"article","og_title":"Mignonette gris 4\/8 - Gravelart","og_description":"Mignonette gris 4\/8 : gravier d\u00e9coratif gris uniforme, doux au toucher. Id\u00e9al autour des piscines, des \u00e9tangs et pour les projets de jardin adapt\u00e9s aux enfants.","og_url":"https:\/\/gravelart.be\/fr\/product\/mignonette-gris-4-8\/","og_site_name":"Gravelart","article_modified_time":"2026-03-03T15:38:23+00:00","og_image":[{"width":1000,"height":665,"url":"https:\/\/gravelart.be\/wp-content\/uploads\/2023\/02\/WEBSHOP_IMAGE_1-4395.jpg","type":"image\/jpeg"}],"twitter_card":"summary_large_image","schema":{"@context":"https:\/\/schema.org","@graph":[{"@type":"WebPage","@id":"https:\/\/gravelart.be\/fr\/product\/mignonette-gris-4-8\/","url":"https:\/\/gravelart.be\/fr\/product\/mignonette-gris-4-8\/","name":"Mignonette gris 4\/8 - Gravelart","isPartOf":{"@id":"https:\/\/gravelart.be\/fr\/#website"},"primaryImageOfPage":{"@id":"https:\/\/gravelart.be\/fr\/product\/mignonette-gris-4-8\/#primaryimage"},"image":{"@id":"https:\/\/gravelart.be\/fr\/product\/mignonette-gris-4-8\/#primaryimage"},"thumbnailUrl":"https:\/\/gravelart.be\/wp-content\/uploads\/2023\/02\/WEBSHOP_IMAGE_1-4395.jpg","datePublished":"2023-02-02T08:15:05+00:00","dateModified":"2026-03-03T15:38:23+00:00","description":"Mignonette gris 4\/8 : gravier d\u00e9coratif gris uniforme, doux au toucher. Id\u00e9al autour des piscines, des \u00e9tangs et pour les projets de jardin adapt\u00e9s aux enfants.","breadcrumb":{"@id":"https:\/\/gravelart.be\/fr\/product\/mignonette-gris-4-8\/#breadcrumb"},"inLanguage":"fr-FR","potentialAction":[{"@type":"ReadAction","target":["https:\/\/gravelart.be\/fr\/product\/mignonette-gris-4-8\/"]}]},{"@type":"ImageObject","inLanguage":"fr-FR","@id":"https:\/\/gravelart.be\/fr\/product\/mignonette-gris-4-8\/#primaryimage","url":"https:\/\/gravelart.be\/wp-content\/uploads\/2023\/02\/WEBSHOP_IMAGE_1-4395.jpg","contentUrl":"https:\/\/gravelart.be\/wp-content\/uploads\/2023\/02\/WEBSHOP_IMAGE_1-4395.jpg","width":1000,"height":665,"caption":"Sec"},{"@type":"BreadcrumbList","@id":"https:\/\/gravelart.be\/fr\/product\/mignonette-gris-4-8\/#breadcrumb","itemListElement":[{"@type":"ListItem","position":1,"name":"Home","item":"https:\/\/gravelart.be\/fr\/"},{"@type":"ListItem","position":2,"name":"Produits","item":"https:\/\/gravelart.be\/fr\/boutique\/"},{"@type":"ListItem","position":3,"name":"Mignonette gris 4\/8"}]},{"@type":"WebSite","@id":"https:\/\/gravelart.be\/fr\/#website","url":"https:\/\/gravelart.be\/fr\/","name":"Gravelart","description":"Alles voor tuin en park","publisher":{"@id":"https:\/\/gravelart.be\/fr\/#organization"},"potentialAction":[{"@type":"SearchAction","target":{"@type":"EntryPoint","urlTemplate":"https:\/\/gravelart.be\/fr\/?s={search_term_string}"},"query-input":{"@type":"PropertyValueSpecification","valueRequired":true,"valueName":"search_term_string"}}],"inLanguage":"fr-FR"},{"@type":"Organization","@id":"https:\/\/gravelart.be\/fr\/#organization","name":"Gravelart","url":"https:\/\/gravelart.be\/fr\/","logo":{"@type":"ImageObject","inLanguage":"fr-FR","@id":"https:\/\/gravelart.be\/fr\/#\/schema\/logo\/image\/","url":"https:\/\/gravelart.be\/wp-content\/uploads\/2022\/10\/logo-gravelart.png","contentUrl":"https:\/\/gravelart.be\/wp-content\/uploads\/2022\/10\/logo-gravelart.png","width":348,"height":186,"caption":"Gravelart"},"image":{"@id":"https:\/\/gravelart.be\/fr\/#\/schema\/logo\/image\/"}}]}},"_links":{"self":[{"href":"https:\/\/gravelart.be\/fr\/wp-json\/wp\/v2\/product\/32707","targetHints":{"allow":["GET"]}}],"collection":[{"href":"https:\/\/gravelart.be\/fr\/wp-json\/wp\/v2\/product"}],"about":[{"href":"https:\/\/gravelart.be\/fr\/wp-json\/wp\/v2\/types\/product"}],"replies":[{"embeddable":true,"href":"https:\/\/gravelart.be\/fr\/wp-json\/wp\/v2\/comments?post=32707"}],"wp:featuredmedia":[{"embeddable":true,"href":"https:\/\/gravelart.be\/fr\/wp-json\/wp\/v2\/media\/42170"}],"wp:attachment":[{"href":"https:\/\/gravelart.be\/fr\/wp-json\/wp\/v2\/media?parent=32707"}],"wp:term":[{"taxonomy":"product_brand","embeddable":true,"href":"https:\/\/gravelart.be\/fr\/wp-json\/wp\/v2\/product_brand?post=32707"},{"taxonomy":"product_cat","embeddable":true,"href":"https:\/\/gravelart.be\/fr\/wp-json\/wp\/v2\/product_cat?post=32707"},{"taxonomy":"product_tag","embeddable":true,"href":"https:\/\/gravelart.be\/fr\/wp-json\/wp\/v2\/product_tag?post=32707"}],"curies":[{"name":"wp","href":"https:\/\/api.w.org\/{rel}","templated":true}]}}