{"id":32711,"date":"2023-02-02T09:15:10","date_gmt":"2023-02-02T08:15:10","guid":{"rendered":"https:\/\/gravelart.be\/?post_type=product&#038;p=32711"},"modified":"2026-03-31T13:12:42","modified_gmt":"2026-03-31T11:12:42","slug":"montparnasse-8-12","status":"publish","type":"product","link":"https:\/\/gravelart.be\/fr\/product\/montparnasse-8-12\/","title":{"rendered":"Montparnasse 8\/12"},"content":{"rendered":"","protected":false},"excerpt":{"rendered":"<p>Montparnasse d\u00e9signe un quartier de Paris qui, depuis les ann\u00e9es 1920, est un creuset d&rsquo;artistes, de musiciens et de peintres. Ici, la cr\u00e9ativit\u00e9 est embrass\u00e9e avec toutes ses fac\u00e9ties. Le quartier tire son nom du mont Parnassus, en Gr\u00e8ce. C&rsquo;est ici, selon le mythe, que r\u00e9sidaient les neuf muses, les d\u00e9esses de l&rsquo;art et de la science. Le gravier Montparnasse, d\u2019un blanc immacul\u00e9, constitue la base id\u00e9ale pour vos projets cr\u00e9atifs, tel une toile blanche pour un peintre. Utilisez Montparnasse pour transformer votre espace ext\u00e9rieur en un lieu artistique et inspirant. <\/p>\n<p>Montparnasse est disponible en stock et donc livr\u00e9 rapidement.<\/p>\n<p>&nbsp;<\/p>\n","protected":false},"featured_media":42780,"comment_status":"open","ping_status":"closed","template":"","meta":{"_acf_changed":false,"inline_featured_image":false},"product_brand":[],"product_cat":[4154],"product_tag":[],"class_list":{"0":"post-32711","1":"product","2":"type-product","3":"status-publish","4":"has-post-thumbnail","6":"product_cat-gravier-decoratif","8":"first","9":"instock","10":"taxable","11":"shipping-taxable","12":"purchasable","13":"product-type-variable","14":"has-default-attributes"},"acf":{"woocommerce_erp_id":"5705","woocommerce_cnk_id":"100587","product_density":1.6,"custom_prices":[{"variation_id":"46968","customer_group":"PRO","customer_id":"","min_qty":0.5,"max_qty":9999999,"steps":0.01,"price":143.25,"price_incl":173.33,"delivery_group":"COLLECT","warehouse_id":""},{"variation_id":"46968","customer_group":"PRO","customer_id":"","min_qty":0.5,"max_qty":9999999,"steps":0.01,"price":143.25,"price_incl":173.33,"delivery_group":"DELIVERY","warehouse_id":""},{"variation_id":"46968","customer_group":"CON","customer_id":"","min_qty":0.5,"max_qty":9999999,"steps":0.01,"price":186.09,"price_incl":225.17,"delivery_group":"COLLECT","warehouse_id":""},{"variation_id":"46968","customer_group":"CON","customer_id":"","min_qty":0.5,"max_qty":9999999,"steps":0.01,"price":186.09,"price_incl":225.17,"delivery_group":"DELIVERY","warehouse_id":""},{"variation_id":"46968","customer_group":"DISTRI","customer_id":"","min_qty":0.5,"max_qty":9999999,"steps":0.01,"price":108.25,"price_incl":130.98,"delivery_group":"COLLECT","warehouse_id":""},{"variation_id":"46968","customer_group":"DISTRI","customer_id":"","min_qty":0.5,"max_qty":9999999,"steps":0.01,"price":108.25,"price_incl":130.98,"delivery_group":"DELIVERY","warehouse_id":""},{"variation_id":"46968","customer_group":"PER","customer_id":"","min_qty":0.5,"max_qty":9999999,"steps":0.01,"price":75.93,"price_incl":91.88,"delivery_group":"COLLECT","warehouse_id":""},{"variation_id":"46968","customer_group":"PER","customer_id":"","min_qty":0.5,"max_qty":9999999,"steps":0.01,"price":75.93,"price_incl":91.88,"delivery_group":"DELIVERY","warehouse_id":""},{"variation_id":"46968","customer_group":"DISTRI","customer_id":"129214","min_qty":0.5,"max_qty":9999999,"steps":0.01,"price":100.73,"price_incl":121.88,"delivery_group":"COLLECT","warehouse_id":""},{"variation_id":"46968","customer_group":"DISTRI","customer_id":"129214","min_qty":0.5,"max_qty":9999999,"steps":0.01,"price":100.73,"price_incl":121.88,"delivery_group":"DELIVERY","warehouse_id":""},{"variation_id":"46968","customer_group":"DISTRI","customer_id":"119741","min_qty":0.5,"max_qty":9999999,"steps":0.01,"price":99.74,"price_incl":120.69,"delivery_group":"COLLECT","warehouse_id":""},{"variation_id":"46968","customer_group":"DISTRI","customer_id":"119741","min_qty":0.5,"max_qty":9999999,"steps":0.01,"price":99.74,"price_incl":120.69,"delivery_group":"DELIVERY","warehouse_id":""},{"variation_id":"46967","customer_group":"DISTRI","customer_id":"","min_qty":1,"max_qty":9999999,"steps":1,"price":70.13,"price_incl":84.86,"delivery_group":"COLLECT","warehouse_id":""},{"variation_id":"46967","customer_group":"DISTRI","customer_id":"","min_qty":1,"max_qty":9999999,"steps":1,"price":70.13,"price_incl":84.86,"delivery_group":"DELIVERY","warehouse_id":""},{"variation_id":"46967","customer_group":"CON","customer_id":"","min_qty":1,"max_qty":9999999,"steps":1,"price":113.71,"price_incl":137.59,"delivery_group":"DELIVERY","warehouse_id":""},{"variation_id":"46967","customer_group":"CON","customer_id":"","min_qty":1,"max_qty":9999999,"steps":1,"price":113.71,"price_incl":137.59,"delivery_group":"COLLECT","warehouse_id":""},{"variation_id":"46967","customer_group":"PRO","customer_id":"","min_qty":1,"max_qty":9999999,"steps":1,"price":87.63,"price_incl":106.03,"delivery_group":"COLLECT","warehouse_id":""},{"variation_id":"46967","customer_group":"PRO","customer_id":"","min_qty":1,"max_qty":9999999,"steps":1,"price":87.63,"price_incl":106.03,"delivery_group":"DELIVERY","warehouse_id":""},{"variation_id":"46967","customer_group":"PER","customer_id":"","min_qty":1,"max_qty":9999999,"steps":1,"price":53.97,"price_incl":65.3,"delivery_group":"COLLECT","warehouse_id":""},{"variation_id":"46967","customer_group":"PER","customer_id":"","min_qty":1,"max_qty":9999999,"steps":1,"price":53.97,"price_incl":65.3,"delivery_group":"DELIVERY","warehouse_id":""},{"variation_id":"46967","customer_group":"DISTRI","customer_id":"129214","min_qty":1,"max_qty":9999999,"steps":1,"price":66.37,"price_incl":80.31,"delivery_group":"DELIVERY","warehouse_id":""},{"variation_id":"46967","customer_group":"DISTRI","customer_id":"129214","min_qty":1,"max_qty":9999999,"steps":1,"price":66.37,"price_incl":80.31,"delivery_group":"COLLECT","warehouse_id":""},{"variation_id":"46969","customer_group":"PRO","customer_id":"","min_qty":1,"max_qty":9999999,"steps":1,"price":159.25,"price_incl":192.69,"delivery_group":"DELIVERY","warehouse_id":""},{"variation_id":"46969","customer_group":"PRO","customer_id":"","min_qty":1,"max_qty":9999999,"steps":1,"price":159.25,"price_incl":192.69,"delivery_group":"COLLECT","warehouse_id":""},{"variation_id":"46969","customer_group":"CON","customer_id":"","min_qty":1,"max_qty":9999999,"steps":1,"price":206.74,"price_incl":250.16,"delivery_group":"DELIVERY","warehouse_id":""},{"variation_id":"46969","customer_group":"CON","customer_id":"","min_qty":1,"max_qty":9999999,"steps":1,"price":206.74,"price_incl":250.16,"delivery_group":"COLLECT","warehouse_id":""},{"variation_id":"46969","customer_group":"DISTRI","customer_id":"","min_qty":1,"max_qty":9999999,"steps":1,"price":124.25,"price_incl":150.34,"delivery_group":"COLLECT","warehouse_id":""},{"variation_id":"46969","customer_group":"DISTRI","customer_id":"","min_qty":1,"max_qty":9999999,"steps":1,"price":124.25,"price_incl":150.34,"delivery_group":"DELIVERY","warehouse_id":""},{"variation_id":"46969","customer_group":"PER","customer_id":"","min_qty":1,"max_qty":9999999,"steps":1,"price":91.93,"price_incl":111.24,"delivery_group":"COLLECT","warehouse_id":""},{"variation_id":"46969","customer_group":"PER","customer_id":"","min_qty":1,"max_qty":9999999,"steps":1,"price":91.93,"price_incl":111.24,"delivery_group":"DELIVERY","warehouse_id":""},{"variation_id":"46969","customer_group":"DISTRI","customer_id":"129214","min_qty":1,"max_qty":9999999,"steps":1,"price":116.73,"price_incl":141.24,"delivery_group":"DELIVERY","warehouse_id":""},{"variation_id":"46969","customer_group":"DISTRI","customer_id":"129214","min_qty":1,"max_qty":9999999,"steps":1,"price":116.73,"price_incl":141.24,"delivery_group":"COLLECT","warehouse_id":""},{"variation_id":"46970","customer_group":"PRO","customer_id":"","min_qty":1,"max_qty":9999999,"steps":1,"price":230.88,"price_incl":279.36,"delivery_group":"DELIVERY","warehouse_id":""},{"variation_id":"46970","customer_group":"PRO","customer_id":"","min_qty":1,"max_qty":9999999,"steps":1,"price":230.88,"price_incl":279.36,"delivery_group":"COLLECT","warehouse_id":""},{"variation_id":"46970","customer_group":"CON","customer_id":"","min_qty":1,"max_qty":9999999,"steps":1,"price":299.78,"price_incl":362.73,"delivery_group":"COLLECT","warehouse_id":""},{"variation_id":"46970","customer_group":"CON","customer_id":"","min_qty":1,"max_qty":9999999,"steps":1,"price":299.78,"price_incl":362.73,"delivery_group":"DELIVERY","warehouse_id":""},{"variation_id":"46970","customer_group":"DISTRI","customer_id":"","min_qty":1,"max_qty":9999999,"steps":1,"price":178.38,"price_incl":215.84,"delivery_group":"COLLECT","warehouse_id":""},{"variation_id":"46970","customer_group":"DISTRI","customer_id":"","min_qty":1,"max_qty":9999999,"steps":1,"price":178.38,"price_incl":215.84,"delivery_group":"DELIVERY","warehouse_id":""},{"variation_id":"46970","customer_group":"PER","customer_id":"","min_qty":1,"max_qty":9999999,"steps":1,"price":129.9,"price_incl":157.18,"delivery_group":"COLLECT","warehouse_id":""},{"variation_id":"46970","customer_group":"PER","customer_id":"","min_qty":1,"max_qty":9999999,"steps":1,"price":129.9,"price_incl":157.18,"delivery_group":"DELIVERY","warehouse_id":""},{"variation_id":"46970","customer_group":"DISTRI","customer_id":"129214","min_qty":1,"max_qty":9999999,"steps":1,"price":167.1,"price_incl":202.19,"delivery_group":"DELIVERY","warehouse_id":""},{"variation_id":"46970","customer_group":"DISTRI","customer_id":"129214","min_qty":1,"max_qty":9999999,"steps":1,"price":167.1,"price_incl":202.19,"delivery_group":"COLLECT","warehouse_id":""},{"variation_id":"95","customer_group":"PRO","customer_id":"","min_qty":1,"max_qty":9999999,"steps":1,"price":4.78,"price_incl":5.78,"delivery_group":"COLLECT","warehouse_id":""},{"variation_id":"95","customer_group":"PRO","customer_id":"","min_qty":1,"max_qty":9999999,"steps":1,"price":4.78,"price_incl":5.78,"delivery_group":"DELIVERY","warehouse_id":""},{"variation_id":"95","customer_group":"CON","customer_id":"","min_qty":1,"max_qty":9999999,"steps":1,"price":7.21,"price_incl":8.72,"delivery_group":"COLLECT","warehouse_id":""},{"variation_id":"95","customer_group":"CON","customer_id":"","min_qty":1,"max_qty":9999999,"steps":1,"price":7.21,"price_incl":8.72,"delivery_group":"DELIVERY","warehouse_id":""},{"variation_id":"95","customer_group":"CON","customer_id":"","min_qty":1,"max_qty":9999999,"steps":1,"price":7.21,"price_incl":8.72,"delivery_group":"DELIVERY","warehouse_id":""},{"variation_id":"95","customer_group":"DISTRI","customer_id":"","min_qty":1,"max_qty":9999999,"steps":1,"price":3.91,"price_incl":4.73,"delivery_group":"COLLECT","warehouse_id":""},{"variation_id":"95","customer_group":"DISTRI","customer_id":"","min_qty":1,"max_qty":9999999,"steps":1,"price":3.91,"price_incl":4.73,"delivery_group":"DELIVERY","warehouse_id":""},{"variation_id":"95","customer_group":"PER","customer_id":"","min_qty":1,"max_qty":9999999,"steps":1,"price":2.23,"price_incl":2.7,"delivery_group":"COLLECT","warehouse_id":""},{"variation_id":"95","customer_group":"PER","customer_id":"","min_qty":1,"max_qty":9999999,"steps":1,"price":3.1,"price_incl":3.75,"delivery_group":"DELIVERY","warehouse_id":""},{"variation_id":"95","customer_group":"DISTRI","customer_id":"129214","min_qty":1,"max_qty":9999999,"steps":1,"price":3.38,"price_incl":4.09,"delivery_group":"DELIVERY","warehouse_id":"L"},{"variation_id":"95","customer_group":"DISTRI","customer_id":"129214","min_qty":1,"max_qty":9999999,"steps":1,"price":3.38,"price_incl":4.09,"delivery_group":"COLLECT","warehouse_id":"L"},{"variation_id":"95","customer_group":"DISTRI","customer_id":"129214","min_qty":1,"max_qty":9999999,"steps":1,"price":3.72,"price_incl":4.5,"delivery_group":"DELIVERY","warehouse_id":""},{"variation_id":"95","customer_group":"DISTRI","customer_id":"129214","min_qty":1,"max_qty":9999999,"steps":1,"price":3.72,"price_incl":4.5,"delivery_group":"COLLECT","warehouse_id":""}],"packaging_ids":[{"packaging_name":"En vrac","packaging_id":"10","erp_id":"5705"},{"packaging_name":"Big bag 500 kg","packaging_id":"3","erp_id":"16541"},{"packaging_name":"Big bag 1000 kg","packaging_id":"2","erp_id":"16536"},{"packaging_name":"Big bag 1500 kg","packaging_id":"4","erp_id":"16540"},{"packaging_name":"Sacs","packaging_id":"1","erp_id":"5947"}]},"yoast_head":"<!-- This site is optimized with the Yoast SEO plugin v27.3 - https:\/\/yoast.com\/product\/yoast-seo-wordpress\/ -->\n<title>Montparnasse 8\/12 - Gravelart<\/title>\n<meta name=\"description\" content=\"Montparnasse 8\/12 est un gravier d\u00e9coratif d\u2019un blanc immacul\u00e9 qui \u00e9voque une toile vierge. Parfait pour cr\u00e9er un espace ext\u00e9rieur \u00e9l\u00e9gant, cr\u00e9atif et inspirant.\" \/>\n<meta name=\"robots\" content=\"index, follow, max-snippet:-1, max-image-preview:large, max-video-preview:-1\" \/>\n<link rel=\"canonical\" href=\"https:\/\/gravelart.be\/fr\/product\/montparnasse-8-12\/\" \/>\n<meta property=\"og:locale\" content=\"fr_FR\" \/>\n<meta property=\"og:type\" content=\"article\" \/>\n<meta property=\"og:title\" content=\"Montparnasse 8\/12 - Gravelart\" \/>\n<meta property=\"og:description\" content=\"Montparnasse 8\/12 est un gravier d\u00e9coratif d\u2019un blanc immacul\u00e9 qui \u00e9voque une toile vierge. Parfait pour cr\u00e9er un espace ext\u00e9rieur \u00e9l\u00e9gant, cr\u00e9atif et inspirant.\" \/>\n<meta property=\"og:url\" content=\"https:\/\/gravelart.be\/fr\/product\/montparnasse-8-12\/\" \/>\n<meta property=\"og:site_name\" content=\"Gravelart\" \/>\n<meta property=\"article:modified_time\" content=\"2026-03-31T11:12:42+00:00\" \/>\n<meta property=\"og:image\" content=\"https:\/\/gravelart.be\/wp-content\/uploads\/2023\/02\/WEBSHOP_IMAGE_1-5705.jpg\" \/>\n\t<meta property=\"og:image:width\" content=\"1200\" \/>\n\t<meta property=\"og:image:height\" content=\"800\" \/>\n\t<meta property=\"og:image:type\" content=\"image\/jpeg\" \/>\n<meta name=\"twitter:card\" content=\"summary_large_image\" \/>\n<script type=\"application\/ld+json\" class=\"yoast-schema-graph\">{\"@context\":\"https:\\\/\\\/schema.org\",\"@graph\":[{\"@type\":\"WebPage\",\"@id\":\"https:\\\/\\\/gravelart.be\\\/fr\\\/product\\\/montparnasse-8-12\\\/\",\"url\":\"https:\\\/\\\/gravelart.be\\\/fr\\\/product\\\/montparnasse-8-12\\\/\",\"name\":\"Montparnasse 8\\\/12 - Gravelart\",\"isPartOf\":{\"@id\":\"https:\\\/\\\/gravelart.be\\\/fr\\\/#website\"},\"primaryImageOfPage\":{\"@id\":\"https:\\\/\\\/gravelart.be\\\/fr\\\/product\\\/montparnasse-8-12\\\/#primaryimage\"},\"image\":{\"@id\":\"https:\\\/\\\/gravelart.be\\\/fr\\\/product\\\/montparnasse-8-12\\\/#primaryimage\"},\"thumbnailUrl\":\"https:\\\/\\\/gravelart.be\\\/wp-content\\\/uploads\\\/2023\\\/02\\\/WEBSHOP_IMAGE_1-5705.jpg\",\"datePublished\":\"2023-02-02T08:15:10+00:00\",\"dateModified\":\"2026-03-31T11:12:42+00:00\",\"description\":\"Montparnasse 8\\\/12 est un gravier d\u00e9coratif d\u2019un blanc immacul\u00e9 qui \u00e9voque une toile vierge. Parfait pour cr\u00e9er un espace ext\u00e9rieur \u00e9l\u00e9gant, cr\u00e9atif et inspirant.\",\"breadcrumb\":{\"@id\":\"https:\\\/\\\/gravelart.be\\\/fr\\\/product\\\/montparnasse-8-12\\\/#breadcrumb\"},\"inLanguage\":\"fr-FR\",\"potentialAction\":[{\"@type\":\"ReadAction\",\"target\":[\"https:\\\/\\\/gravelart.be\\\/fr\\\/product\\\/montparnasse-8-12\\\/\"]}]},{\"@type\":\"ImageObject\",\"inLanguage\":\"fr-FR\",\"@id\":\"https:\\\/\\\/gravelart.be\\\/fr\\\/product\\\/montparnasse-8-12\\\/#primaryimage\",\"url\":\"https:\\\/\\\/gravelart.be\\\/wp-content\\\/uploads\\\/2023\\\/02\\\/WEBSHOP_IMAGE_1-5705.jpg\",\"contentUrl\":\"https:\\\/\\\/gravelart.be\\\/wp-content\\\/uploads\\\/2023\\\/02\\\/WEBSHOP_IMAGE_1-5705.jpg\",\"width\":1200,\"height\":800,\"caption\":\"Sec\"},{\"@type\":\"BreadcrumbList\",\"@id\":\"https:\\\/\\\/gravelart.be\\\/fr\\\/product\\\/montparnasse-8-12\\\/#breadcrumb\",\"itemListElement\":[{\"@type\":\"ListItem\",\"position\":1,\"name\":\"Home\",\"item\":\"https:\\\/\\\/gravelart.be\\\/fr\\\/\"},{\"@type\":\"ListItem\",\"position\":2,\"name\":\"Produits\",\"item\":\"https:\\\/\\\/gravelart.be\\\/fr\\\/boutique\\\/\"},{\"@type\":\"ListItem\",\"position\":3,\"name\":\"Montparnasse 8\\\/12\"}]},{\"@type\":\"WebSite\",\"@id\":\"https:\\\/\\\/gravelart.be\\\/fr\\\/#website\",\"url\":\"https:\\\/\\\/gravelart.be\\\/fr\\\/\",\"name\":\"Gravelart\",\"description\":\"Alles voor tuin en park\",\"publisher\":{\"@id\":\"https:\\\/\\\/gravelart.be\\\/fr\\\/#organization\"},\"potentialAction\":[{\"@type\":\"SearchAction\",\"target\":{\"@type\":\"EntryPoint\",\"urlTemplate\":\"https:\\\/\\\/gravelart.be\\\/fr\\\/?s={search_term_string}\"},\"query-input\":{\"@type\":\"PropertyValueSpecification\",\"valueRequired\":true,\"valueName\":\"search_term_string\"}}],\"inLanguage\":\"fr-FR\"},{\"@type\":\"Organization\",\"@id\":\"https:\\\/\\\/gravelart.be\\\/fr\\\/#organization\",\"name\":\"Gravelart\",\"url\":\"https:\\\/\\\/gravelart.be\\\/fr\\\/\",\"logo\":{\"@type\":\"ImageObject\",\"inLanguage\":\"fr-FR\",\"@id\":\"https:\\\/\\\/gravelart.be\\\/fr\\\/#\\\/schema\\\/logo\\\/image\\\/\",\"url\":\"https:\\\/\\\/gravelart.be\\\/wp-content\\\/uploads\\\/2022\\\/10\\\/logo-gravelart.png\",\"contentUrl\":\"https:\\\/\\\/gravelart.be\\\/wp-content\\\/uploads\\\/2022\\\/10\\\/logo-gravelart.png\",\"width\":348,\"height\":186,\"caption\":\"Gravelart\"},\"image\":{\"@id\":\"https:\\\/\\\/gravelart.be\\\/fr\\\/#\\\/schema\\\/logo\\\/image\\\/\"}}]}<\/script>\n<!-- \/ Yoast SEO plugin. -->","yoast_head_json":{"title":"Montparnasse 8\/12 - Gravelart","description":"Montparnasse 8\/12 est un gravier d\u00e9coratif d\u2019un blanc immacul\u00e9 qui \u00e9voque une toile vierge. Parfait pour cr\u00e9er un espace ext\u00e9rieur \u00e9l\u00e9gant, cr\u00e9atif et inspirant.","robots":{"index":"index","follow":"follow","max-snippet":"max-snippet:-1","max-image-preview":"max-image-preview:large","max-video-preview":"max-video-preview:-1"},"canonical":"https:\/\/gravelart.be\/fr\/product\/montparnasse-8-12\/","og_locale":"fr_FR","og_type":"article","og_title":"Montparnasse 8\/12 - Gravelart","og_description":"Montparnasse 8\/12 est un gravier d\u00e9coratif d\u2019un blanc immacul\u00e9 qui \u00e9voque une toile vierge. Parfait pour cr\u00e9er un espace ext\u00e9rieur \u00e9l\u00e9gant, cr\u00e9atif et inspirant.","og_url":"https:\/\/gravelart.be\/fr\/product\/montparnasse-8-12\/","og_site_name":"Gravelart","article_modified_time":"2026-03-31T11:12:42+00:00","og_image":[{"width":1200,"height":800,"url":"https:\/\/gravelart.be\/wp-content\/uploads\/2023\/02\/WEBSHOP_IMAGE_1-5705.jpg","type":"image\/jpeg"}],"twitter_card":"summary_large_image","schema":{"@context":"https:\/\/schema.org","@graph":[{"@type":"WebPage","@id":"https:\/\/gravelart.be\/fr\/product\/montparnasse-8-12\/","url":"https:\/\/gravelart.be\/fr\/product\/montparnasse-8-12\/","name":"Montparnasse 8\/12 - Gravelart","isPartOf":{"@id":"https:\/\/gravelart.be\/fr\/#website"},"primaryImageOfPage":{"@id":"https:\/\/gravelart.be\/fr\/product\/montparnasse-8-12\/#primaryimage"},"image":{"@id":"https:\/\/gravelart.be\/fr\/product\/montparnasse-8-12\/#primaryimage"},"thumbnailUrl":"https:\/\/gravelart.be\/wp-content\/uploads\/2023\/02\/WEBSHOP_IMAGE_1-5705.jpg","datePublished":"2023-02-02T08:15:10+00:00","dateModified":"2026-03-31T11:12:42+00:00","description":"Montparnasse 8\/12 est un gravier d\u00e9coratif d\u2019un blanc immacul\u00e9 qui \u00e9voque une toile vierge. Parfait pour cr\u00e9er un espace ext\u00e9rieur \u00e9l\u00e9gant, cr\u00e9atif et inspirant.","breadcrumb":{"@id":"https:\/\/gravelart.be\/fr\/product\/montparnasse-8-12\/#breadcrumb"},"inLanguage":"fr-FR","potentialAction":[{"@type":"ReadAction","target":["https:\/\/gravelart.be\/fr\/product\/montparnasse-8-12\/"]}]},{"@type":"ImageObject","inLanguage":"fr-FR","@id":"https:\/\/gravelart.be\/fr\/product\/montparnasse-8-12\/#primaryimage","url":"https:\/\/gravelart.be\/wp-content\/uploads\/2023\/02\/WEBSHOP_IMAGE_1-5705.jpg","contentUrl":"https:\/\/gravelart.be\/wp-content\/uploads\/2023\/02\/WEBSHOP_IMAGE_1-5705.jpg","width":1200,"height":800,"caption":"Sec"},{"@type":"BreadcrumbList","@id":"https:\/\/gravelart.be\/fr\/product\/montparnasse-8-12\/#breadcrumb","itemListElement":[{"@type":"ListItem","position":1,"name":"Home","item":"https:\/\/gravelart.be\/fr\/"},{"@type":"ListItem","position":2,"name":"Produits","item":"https:\/\/gravelart.be\/fr\/boutique\/"},{"@type":"ListItem","position":3,"name":"Montparnasse 8\/12"}]},{"@type":"WebSite","@id":"https:\/\/gravelart.be\/fr\/#website","url":"https:\/\/gravelart.be\/fr\/","name":"Gravelart","description":"Alles voor tuin en park","publisher":{"@id":"https:\/\/gravelart.be\/fr\/#organization"},"potentialAction":[{"@type":"SearchAction","target":{"@type":"EntryPoint","urlTemplate":"https:\/\/gravelart.be\/fr\/?s={search_term_string}"},"query-input":{"@type":"PropertyValueSpecification","valueRequired":true,"valueName":"search_term_string"}}],"inLanguage":"fr-FR"},{"@type":"Organization","@id":"https:\/\/gravelart.be\/fr\/#organization","name":"Gravelart","url":"https:\/\/gravelart.be\/fr\/","logo":{"@type":"ImageObject","inLanguage":"fr-FR","@id":"https:\/\/gravelart.be\/fr\/#\/schema\/logo\/image\/","url":"https:\/\/gravelart.be\/wp-content\/uploads\/2022\/10\/logo-gravelart.png","contentUrl":"https:\/\/gravelart.be\/wp-content\/uploads\/2022\/10\/logo-gravelart.png","width":348,"height":186,"caption":"Gravelart"},"image":{"@id":"https:\/\/gravelart.be\/fr\/#\/schema\/logo\/image\/"}}]}},"_links":{"self":[{"href":"https:\/\/gravelart.be\/fr\/wp-json\/wp\/v2\/product\/32711","targetHints":{"allow":["GET"]}}],"collection":[{"href":"https:\/\/gravelart.be\/fr\/wp-json\/wp\/v2\/product"}],"about":[{"href":"https:\/\/gravelart.be\/fr\/wp-json\/wp\/v2\/types\/product"}],"replies":[{"embeddable":true,"href":"https:\/\/gravelart.be\/fr\/wp-json\/wp\/v2\/comments?post=32711"}],"wp:featuredmedia":[{"embeddable":true,"href":"https:\/\/gravelart.be\/fr\/wp-json\/wp\/v2\/media\/42780"}],"wp:attachment":[{"href":"https:\/\/gravelart.be\/fr\/wp-json\/wp\/v2\/media?parent=32711"}],"wp:term":[{"taxonomy":"product_brand","embeddable":true,"href":"https:\/\/gravelart.be\/fr\/wp-json\/wp\/v2\/product_brand?post=32711"},{"taxonomy":"product_cat","embeddable":true,"href":"https:\/\/gravelart.be\/fr\/wp-json\/wp\/v2\/product_cat?post=32711"},{"taxonomy":"product_tag","embeddable":true,"href":"https:\/\/gravelart.be\/fr\/wp-json\/wp\/v2\/product_tag?post=32711"}],"curies":[{"name":"wp","href":"https:\/\/api.w.org\/{rel}","templated":true}]}}