{"id":32715,"date":"2023-02-02T09:15:14","date_gmt":"2023-02-02T08:15:14","guid":{"rendered":"https:\/\/gravelart.be\/?post_type=product&#038;p=32715"},"modified":"2026-03-31T13:19:57","modified_gmt":"2026-03-31T11:19:57","slug":"niagara-blue-8-12","status":"publish","type":"product","link":"https:\/\/gravelart.be\/fr\/product\/niagara-blue-8-12\/","title":{"rendered":"Niagara Blue 8\/12"},"content":{"rendered":"","protected":false},"excerpt":{"rendered":"<p>Le marbre Niagara Blue, nomm\u00e9 d\u2019apr\u00e8s les c\u00e9l\u00e8bres chutes, est une pierre unique qui se distingue par ses couleurs intenses allant du bleu et de l\u2019azur au gris clair et au blanc arctique. Cette pierre de caract\u00e8re est souvent associ\u00e9e \u00e0 des environnements sobres et \u00e9pur\u00e9s, et convient parfaitement aux villas modernes ainsi qu\u2019aux immeubles de bureaux. Niagara Blue, \u00e9galement connu sous les noms d\u2019Icy Blue et Tahiti Blue, apporte une touche raffin\u00e9e et \u00e9l\u00e9gante \u00e0 tout espace.  <\/p>\n<p>Niagara Blue est disponible de stock chez Gravelart, avec livraison rapide dans toute la Belgique.<\/p>\n<p><strong>Stock limit\u00e9 : le Niagara Blue dispara\u00eet de notre assortiment et laisse place au <a href=\"https:\/\/gravelart.be\/fr\/product\/nevada-8-12\/\">Nevada<\/a>. Encore disponible dans notre d\u00e9p\u00f4t de Wevelgem (dans la limite des stocks disponibles).<\/strong><\/p>\n","protected":false},"featured_media":42794,"comment_status":"open","ping_status":"closed","template":"","meta":{"_acf_changed":false,"inline_featured_image":false},"product_brand":[],"product_cat":[4154],"product_tag":[],"class_list":{"0":"post-32715","1":"product","2":"type-product","3":"status-publish","4":"has-post-thumbnail","6":"product_cat-gravier-decoratif","8":"first","9":"instock","10":"taxable","11":"shipping-taxable","12":"purchasable","13":"product-type-variable","14":"has-default-attributes"},"acf":{"woocommerce_erp_id":"6032","woocommerce_cnk_id":"100598","product_density":1.6,"custom_prices":[{"variation_id":"46958","customer_group":"PRO","customer_id":"","min_qty":0.01,"max_qty":9999999,"steps":0.01,"price":162.49,"price_incl":196.61,"delivery_group":"COLLECT","warehouse_id":""},{"variation_id":"46958","customer_group":"PRO","customer_id":"","min_qty":0.01,"max_qty":9999999,"steps":0.01,"price":162.49,"price_incl":196.61,"delivery_group":"DELIVERY","warehouse_id":""},{"variation_id":"46958","customer_group":"DISTRI","customer_id":"","min_qty":0.01,"max_qty":9999999,"steps":0.01,"price":125.07,"price_incl":151.33,"delivery_group":"COLLECT","warehouse_id":""},{"variation_id":"46958","customer_group":"DISTRI","customer_id":"","min_qty":0.01,"max_qty":9999999,"steps":0.01,"price":125.07,"price_incl":151.33,"delivery_group":"DELIVERY","warehouse_id":""},{"variation_id":"46958","customer_group":"CON","customer_id":"","min_qty":0.01,"max_qty":9999999,"steps":0.01,"price":194.96,"price_incl":235.9,"delivery_group":"COLLECT","warehouse_id":""},{"variation_id":"46958","customer_group":"CON","customer_id":"","min_qty":0.01,"max_qty":9999999,"steps":0.01,"price":194.96,"price_incl":235.9,"delivery_group":"DELIVERY","warehouse_id":""},{"variation_id":"46958","customer_group":"PER","customer_id":"","min_qty":0.01,"max_qty":9999999,"steps":0.01,"price":92.56,"price_incl":112,"delivery_group":"COLLECT","warehouse_id":""},{"variation_id":"46958","customer_group":"PER","customer_id":"","min_qty":0.01,"max_qty":9999999,"steps":0.01,"price":92.56,"price_incl":112,"delivery_group":"DELIVERY","warehouse_id":""},{"variation_id":"46958","customer_group":"DISTRI","customer_id":"129214","min_qty":0.01,"max_qty":9999999,"steps":0.01,"price":105.41,"price_incl":127.55,"delivery_group":"COLLECT","warehouse_id":""},{"variation_id":"46958","customer_group":"DISTRI","customer_id":"129214","min_qty":0.01,"max_qty":9999999,"steps":0.01,"price":105.41,"price_incl":127.55,"delivery_group":"DELIVERY","warehouse_id":""},{"variation_id":"46958","customer_group":"DISTRI","customer_id":"119741","min_qty":0.01,"max_qty":9999999,"steps":0.01,"price":108.6,"price_incl":131.41,"delivery_group":"COLLECT","warehouse_id":""},{"variation_id":"46958","customer_group":"DISTRI","customer_id":"119741","min_qty":0.01,"max_qty":9999999,"steps":0.01,"price":108.6,"price_incl":131.41,"delivery_group":"DELIVERY","warehouse_id":""},{"variation_id":"46958","customer_group":"DISTRI","customer_id":"131327","min_qty":0.01,"max_qty":9999999,"steps":0.01,"price":111.46,"price_incl":134.87,"delivery_group":"COLLECT","warehouse_id":""},{"variation_id":"46958","customer_group":"DISTRI","customer_id":"131327","min_qty":0.01,"max_qty":9999999,"steps":0.01,"price":111.46,"price_incl":134.87,"delivery_group":"DELIVERY","warehouse_id":""},{"variation_id":"46957","customer_group":"DISTRI","customer_id":"","min_qty":1,"max_qty":9999999,"steps":1,"price":78.54,"price_incl":95.03,"delivery_group":"DELIVERY","warehouse_id":""},{"variation_id":"46957","customer_group":"DISTRI","customer_id":"","min_qty":1,"max_qty":9999999,"steps":1,"price":78.54,"price_incl":95.03,"delivery_group":"COLLECT","warehouse_id":""},{"variation_id":"46957","customer_group":"CON","customer_id":"","min_qty":1,"max_qty":9999999,"steps":1,"price":118.15,"price_incl":142.96,"delivery_group":"DELIVERY","warehouse_id":""},{"variation_id":"46957","customer_group":"CON","customer_id":"","min_qty":1,"max_qty":9999999,"steps":1,"price":118.15,"price_incl":142.96,"delivery_group":"COLLECT","warehouse_id":""},{"variation_id":"46957","customer_group":"PRO","customer_id":"","min_qty":1,"max_qty":9999999,"steps":1,"price":97.25,"price_incl":117.67,"delivery_group":"DELIVERY","warehouse_id":""},{"variation_id":"46957","customer_group":"PRO","customer_id":"","min_qty":1,"max_qty":9999999,"steps":1,"price":97.25,"price_incl":117.67,"delivery_group":"COLLECT","warehouse_id":""},{"variation_id":"46957","customer_group":"PER","customer_id":"","min_qty":1,"max_qty":9999999,"steps":1,"price":62.29,"price_incl":75.37,"delivery_group":"DELIVERY","warehouse_id":""},{"variation_id":"46957","customer_group":"PER","customer_id":"","min_qty":1,"max_qty":9999999,"steps":1,"price":62.29,"price_incl":75.37,"delivery_group":"COLLECT","warehouse_id":""},{"variation_id":"46957","customer_group":"DISTRI","customer_id":"129214","min_qty":1,"max_qty":9999999,"steps":1,"price":68.71,"price_incl":83.14,"delivery_group":"DELIVERY","warehouse_id":""},{"variation_id":"46957","customer_group":"DISTRI","customer_id":"129214","min_qty":1,"max_qty":9999999,"steps":1,"price":68.71,"price_incl":83.14,"delivery_group":"COLLECT","warehouse_id":""},{"variation_id":"46959","customer_group":"CON","customer_id":"","min_qty":1,"max_qty":9999999,"steps":1,"price":244.66,"price_incl":296.04,"delivery_group":"DELIVERY","warehouse_id":""},{"variation_id":"46959","customer_group":"CON","customer_id":"","min_qty":1,"max_qty":9999999,"steps":1,"price":244.66,"price_incl":296.04,"delivery_group":"COLLECT","warehouse_id":""},{"variation_id":"46959","customer_group":"PRO","customer_id":"","min_qty":1,"max_qty":9999999,"steps":1,"price":178.49,"price_incl":215.97,"delivery_group":"DELIVERY","warehouse_id":""},{"variation_id":"46959","customer_group":"PRO","customer_id":"","min_qty":1,"max_qty":9999999,"steps":1,"price":178.49,"price_incl":215.97,"delivery_group":"COLLECT","warehouse_id":""},{"variation_id":"46959","customer_group":"DISTRI","customer_id":"","min_qty":1,"max_qty":9999999,"steps":1,"price":141.07,"price_incl":170.69,"delivery_group":"DELIVERY","warehouse_id":""},{"variation_id":"46959","customer_group":"DISTRI","customer_id":"","min_qty":1,"max_qty":9999999,"steps":1,"price":141.07,"price_incl":170.69,"delivery_group":"COLLECT","warehouse_id":""},{"variation_id":"46959","customer_group":"PER","customer_id":"","min_qty":1,"max_qty":9999999,"steps":1,"price":108.56,"price_incl":131.36,"delivery_group":"DELIVERY","warehouse_id":""},{"variation_id":"46959","customer_group":"PER","customer_id":"","min_qty":1,"max_qty":9999999,"steps":1,"price":108.56,"price_incl":131.36,"delivery_group":"COLLECT","warehouse_id":""},{"variation_id":"46959","customer_group":"DISTRI","customer_id":"129214","min_qty":1,"max_qty":9999999,"steps":1,"price":121.41,"price_incl":146.91,"delivery_group":"DELIVERY","warehouse_id":""},{"variation_id":"46959","customer_group":"DISTRI","customer_id":"129214","min_qty":1,"max_qty":9999999,"steps":1,"price":121.41,"price_incl":146.91,"delivery_group":"COLLECT","warehouse_id":""},{"variation_id":"46960","customer_group":"CON","customer_id":"","min_qty":1,"max_qty":9999999,"steps":1,"price":313.1,"price_incl":378.85,"delivery_group":"COLLECT","warehouse_id":""},{"variation_id":"46960","customer_group":"CON","customer_id":"","min_qty":1,"max_qty":9999999,"steps":1,"price":313.1,"price_incl":378.85,"delivery_group":"COLLECT","warehouse_id":""},{"variation_id":"46960","customer_group":"CON","customer_id":"","min_qty":1,"max_qty":9999999,"steps":1,"price":313.1,"price_incl":378.85,"delivery_group":"DELIVERY","warehouse_id":""},{"variation_id":"46960","customer_group":"DISTRI","customer_id":"","min_qty":1,"max_qty":9999999,"steps":1,"price":203.61,"price_incl":246.37,"delivery_group":"COLLECT","warehouse_id":""},{"variation_id":"46960","customer_group":"DISTRI","customer_id":"","min_qty":1,"max_qty":9999999,"steps":1,"price":203.61,"price_incl":246.37,"delivery_group":"DELIVERY","warehouse_id":""},{"variation_id":"46960","customer_group":"PRO","customer_id":"","min_qty":1,"max_qty":9999999,"steps":1,"price":259.74,"price_incl":314.29,"delivery_group":"COLLECT","warehouse_id":""},{"variation_id":"46960","customer_group":"PRO","customer_id":"","min_qty":1,"max_qty":9999999,"steps":1,"price":259.74,"price_incl":314.29,"delivery_group":"DELIVERY","warehouse_id":""},{"variation_id":"46960","customer_group":"PER","customer_id":"","min_qty":1,"max_qty":9999999,"steps":1,"price":154.85,"price_incl":187.37,"delivery_group":"COLLECT","warehouse_id":""},{"variation_id":"46960","customer_group":"PER","customer_id":"","min_qty":1,"max_qty":9999999,"steps":1,"price":154.85,"price_incl":187.37,"delivery_group":"DELIVERY","warehouse_id":""},{"variation_id":"46960","customer_group":"DISTRI","customer_id":"129214","min_qty":1,"max_qty":9999999,"steps":1,"price":174.12,"price_incl":210.69,"delivery_group":"COLLECT","warehouse_id":""},{"variation_id":"46960","customer_group":"DISTRI","customer_id":"129214","min_qty":1,"max_qty":9999999,"steps":1,"price":174.12,"price_incl":210.69,"delivery_group":"DELIVERY","warehouse_id":""},{"variation_id":"95","customer_group":"PRO","customer_id":"","min_qty":1,"max_qty":9999999,"steps":1,"price":5.26,"price_incl":6.36,"delivery_group":"DELIVERY","warehouse_id":""},{"variation_id":"95","customer_group":"PRO","customer_id":"","min_qty":1,"max_qty":9999999,"steps":1,"price":5.26,"price_incl":6.36,"delivery_group":"COLLECT","warehouse_id":""},{"variation_id":"95","customer_group":"PRO","customer_id":"","min_qty":1,"max_qty":9999999,"steps":1,"price":5.26,"price_incl":6.36,"delivery_group":"COLLECT","warehouse_id":""},{"variation_id":"95","customer_group":"CON","customer_id":"","min_qty":1,"max_qty":9999999,"steps":1,"price":8.01,"price_incl":9.69,"delivery_group":"DELIVERY","warehouse_id":""},{"variation_id":"95","customer_group":"CON","customer_id":"","min_qty":1,"max_qty":9999999,"steps":1,"price":8.01,"price_incl":9.69,"delivery_group":"COLLECT","warehouse_id":""},{"variation_id":"95","customer_group":"DISTRI","customer_id":"","min_qty":1,"max_qty":9999999,"steps":1,"price":4.33,"price_incl":5.24,"delivery_group":"DELIVERY","warehouse_id":""},{"variation_id":"95","customer_group":"DISTRI","customer_id":"","min_qty":1,"max_qty":9999999,"steps":1,"price":4.33,"price_incl":5.24,"delivery_group":"COLLECT","warehouse_id":""},{"variation_id":"95","customer_group":"PER","customer_id":"","min_qty":1,"max_qty":9999999,"steps":1,"price":3.51,"price_incl":4.25,"delivery_group":"DELIVERY","warehouse_id":""},{"variation_id":"95","customer_group":"PER","customer_id":"","min_qty":1,"max_qty":9999999,"steps":1,"price":3.51,"price_incl":4.25,"delivery_group":"COLLECT","warehouse_id":""},{"variation_id":"95","customer_group":"DISTRI","customer_id":"129214","min_qty":1,"max_qty":9999999,"steps":1,"price":3.84,"price_incl":4.65,"delivery_group":"COLLECT","warehouse_id":""},{"variation_id":"95","customer_group":"DISTRI","customer_id":"129214","min_qty":1,"max_qty":9999999,"steps":1,"price":3.84,"price_incl":4.65,"delivery_group":"DELIVERY","warehouse_id":""},{"variation_id":"95","customer_group":"DISTRI","customer_id":"131327","min_qty":1,"max_qty":9999999,"steps":1,"price":3.99,"price_incl":4.83,"delivery_group":"DELIVERY","warehouse_id":""},{"variation_id":"95","customer_group":"DISTRI","customer_id":"131327","min_qty":1,"max_qty":9999999,"steps":1,"price":3.99,"price_incl":4.83,"delivery_group":"COLLECT","warehouse_id":""}],"packaging_ids":[{"packaging_name":"Big bag 500 kg","packaging_id":"3","erp_id":"4934"},{"packaging_name":"Big bag 1000 kg","packaging_id":"2","erp_id":"4758"},{"packaging_name":"Big bag 1500 kg","packaging_id":"4","erp_id":"4943"},{"packaging_name":"Sacs","packaging_id":"1","erp_id":"5643"},{"packaging_name":"En vrac","packaging_id":"10","erp_id":"6032"}]},"yoast_head":"<!-- This site is optimized with the Yoast SEO plugin v27.3 - https:\/\/yoast.com\/product\/yoast-seo-wordpress\/ -->\n<title>Niagara Blue 8\/12 - Gravelart<\/title>\n<meta name=\"description\" content=\"Niagara Blue 8\/12 est un marbre aux nuances allant du bleu au blanc arctique. Une pierre de caract\u00e8re qui conf\u00e8re \u00e0 tout espace une allure \u00e9l\u00e9gante et raffin\u00e9e.\" \/>\n<meta name=\"robots\" content=\"index, follow, max-snippet:-1, max-image-preview:large, max-video-preview:-1\" \/>\n<link rel=\"canonical\" href=\"https:\/\/gravelart.be\/fr\/product\/niagara-blue-8-12\/\" \/>\n<meta property=\"og:locale\" content=\"fr_FR\" \/>\n<meta property=\"og:type\" content=\"article\" \/>\n<meta property=\"og:title\" content=\"Niagara Blue 8\/12 - Gravelart\" \/>\n<meta property=\"og:description\" content=\"Niagara Blue 8\/12 est un marbre aux nuances allant du bleu au blanc arctique. Une pierre de caract\u00e8re qui conf\u00e8re \u00e0 tout espace une allure \u00e9l\u00e9gante et raffin\u00e9e.\" \/>\n<meta property=\"og:url\" content=\"https:\/\/gravelart.be\/fr\/product\/niagara-blue-8-12\/\" \/>\n<meta property=\"og:site_name\" content=\"Gravelart\" \/>\n<meta property=\"article:modified_time\" content=\"2026-03-31T11:19:57+00:00\" \/>\n<meta property=\"og:image\" content=\"https:\/\/gravelart.be\/wp-content\/uploads\/2023\/02\/WEBSHOP_IMAGE_1-6032-1024x1024.png\" \/>\n\t<meta property=\"og:image:width\" content=\"1024\" \/>\n\t<meta property=\"og:image:height\" content=\"1024\" \/>\n\t<meta property=\"og:image:type\" content=\"image\/png\" \/>\n<meta name=\"twitter:card\" content=\"summary_large_image\" \/>\n<script type=\"application\/ld+json\" class=\"yoast-schema-graph\">{\"@context\":\"https:\\\/\\\/schema.org\",\"@graph\":[{\"@type\":\"WebPage\",\"@id\":\"https:\\\/\\\/gravelart.be\\\/fr\\\/product\\\/niagara-blue-8-12\\\/\",\"url\":\"https:\\\/\\\/gravelart.be\\\/fr\\\/product\\\/niagara-blue-8-12\\\/\",\"name\":\"Niagara Blue 8\\\/12 - Gravelart\",\"isPartOf\":{\"@id\":\"https:\\\/\\\/gravelart.be\\\/fr\\\/#website\"},\"primaryImageOfPage\":{\"@id\":\"https:\\\/\\\/gravelart.be\\\/fr\\\/product\\\/niagara-blue-8-12\\\/#primaryimage\"},\"image\":{\"@id\":\"https:\\\/\\\/gravelart.be\\\/fr\\\/product\\\/niagara-blue-8-12\\\/#primaryimage\"},\"thumbnailUrl\":\"https:\\\/\\\/gravelart.be\\\/wp-content\\\/uploads\\\/2023\\\/02\\\/WEBSHOP_IMAGE_1-6032.png\",\"datePublished\":\"2023-02-02T08:15:14+00:00\",\"dateModified\":\"2026-03-31T11:19:57+00:00\",\"description\":\"Niagara Blue 8\\\/12 est un marbre aux nuances allant du bleu au blanc arctique. Une pierre de caract\u00e8re qui conf\u00e8re \u00e0 tout espace une allure \u00e9l\u00e9gante et raffin\u00e9e.\",\"breadcrumb\":{\"@id\":\"https:\\\/\\\/gravelart.be\\\/fr\\\/product\\\/niagara-blue-8-12\\\/#breadcrumb\"},\"inLanguage\":\"fr-FR\",\"potentialAction\":[{\"@type\":\"ReadAction\",\"target\":[\"https:\\\/\\\/gravelart.be\\\/fr\\\/product\\\/niagara-blue-8-12\\\/\"]}]},{\"@type\":\"ImageObject\",\"inLanguage\":\"fr-FR\",\"@id\":\"https:\\\/\\\/gravelart.be\\\/fr\\\/product\\\/niagara-blue-8-12\\\/#primaryimage\",\"url\":\"https:\\\/\\\/gravelart.be\\\/wp-content\\\/uploads\\\/2023\\\/02\\\/WEBSHOP_IMAGE_1-6032.png\",\"contentUrl\":\"https:\\\/\\\/gravelart.be\\\/wp-content\\\/uploads\\\/2023\\\/02\\\/WEBSHOP_IMAGE_1-6032.png\",\"width\":1080,\"height\":1080,\"caption\":\"Sec\"},{\"@type\":\"BreadcrumbList\",\"@id\":\"https:\\\/\\\/gravelart.be\\\/fr\\\/product\\\/niagara-blue-8-12\\\/#breadcrumb\",\"itemListElement\":[{\"@type\":\"ListItem\",\"position\":1,\"name\":\"Home\",\"item\":\"https:\\\/\\\/gravelart.be\\\/fr\\\/\"},{\"@type\":\"ListItem\",\"position\":2,\"name\":\"Produits\",\"item\":\"https:\\\/\\\/gravelart.be\\\/fr\\\/boutique\\\/\"},{\"@type\":\"ListItem\",\"position\":3,\"name\":\"Niagara Blue 8\\\/12\"}]},{\"@type\":\"WebSite\",\"@id\":\"https:\\\/\\\/gravelart.be\\\/fr\\\/#website\",\"url\":\"https:\\\/\\\/gravelart.be\\\/fr\\\/\",\"name\":\"Gravelart\",\"description\":\"Alles voor tuin en park\",\"publisher\":{\"@id\":\"https:\\\/\\\/gravelart.be\\\/fr\\\/#organization\"},\"potentialAction\":[{\"@type\":\"SearchAction\",\"target\":{\"@type\":\"EntryPoint\",\"urlTemplate\":\"https:\\\/\\\/gravelart.be\\\/fr\\\/?s={search_term_string}\"},\"query-input\":{\"@type\":\"PropertyValueSpecification\",\"valueRequired\":true,\"valueName\":\"search_term_string\"}}],\"inLanguage\":\"fr-FR\"},{\"@type\":\"Organization\",\"@id\":\"https:\\\/\\\/gravelart.be\\\/fr\\\/#organization\",\"name\":\"Gravelart\",\"url\":\"https:\\\/\\\/gravelart.be\\\/fr\\\/\",\"logo\":{\"@type\":\"ImageObject\",\"inLanguage\":\"fr-FR\",\"@id\":\"https:\\\/\\\/gravelart.be\\\/fr\\\/#\\\/schema\\\/logo\\\/image\\\/\",\"url\":\"https:\\\/\\\/gravelart.be\\\/wp-content\\\/uploads\\\/2022\\\/10\\\/logo-gravelart.png\",\"contentUrl\":\"https:\\\/\\\/gravelart.be\\\/wp-content\\\/uploads\\\/2022\\\/10\\\/logo-gravelart.png\",\"width\":348,\"height\":186,\"caption\":\"Gravelart\"},\"image\":{\"@id\":\"https:\\\/\\\/gravelart.be\\\/fr\\\/#\\\/schema\\\/logo\\\/image\\\/\"}}]}<\/script>\n<!-- \/ Yoast SEO plugin. -->","yoast_head_json":{"title":"Niagara Blue 8\/12 - Gravelart","description":"Niagara Blue 8\/12 est un marbre aux nuances allant du bleu au blanc arctique. Une pierre de caract\u00e8re qui conf\u00e8re \u00e0 tout espace une allure \u00e9l\u00e9gante et raffin\u00e9e.","robots":{"index":"index","follow":"follow","max-snippet":"max-snippet:-1","max-image-preview":"max-image-preview:large","max-video-preview":"max-video-preview:-1"},"canonical":"https:\/\/gravelart.be\/fr\/product\/niagara-blue-8-12\/","og_locale":"fr_FR","og_type":"article","og_title":"Niagara Blue 8\/12 - Gravelart","og_description":"Niagara Blue 8\/12 est un marbre aux nuances allant du bleu au blanc arctique. Une pierre de caract\u00e8re qui conf\u00e8re \u00e0 tout espace une allure \u00e9l\u00e9gante et raffin\u00e9e.","og_url":"https:\/\/gravelart.be\/fr\/product\/niagara-blue-8-12\/","og_site_name":"Gravelart","article_modified_time":"2026-03-31T11:19:57+00:00","og_image":[{"width":1024,"height":1024,"url":"https:\/\/gravelart.be\/wp-content\/uploads\/2023\/02\/WEBSHOP_IMAGE_1-6032-1024x1024.png","type":"image\/png"}],"twitter_card":"summary_large_image","schema":{"@context":"https:\/\/schema.org","@graph":[{"@type":"WebPage","@id":"https:\/\/gravelart.be\/fr\/product\/niagara-blue-8-12\/","url":"https:\/\/gravelart.be\/fr\/product\/niagara-blue-8-12\/","name":"Niagara Blue 8\/12 - Gravelart","isPartOf":{"@id":"https:\/\/gravelart.be\/fr\/#website"},"primaryImageOfPage":{"@id":"https:\/\/gravelart.be\/fr\/product\/niagara-blue-8-12\/#primaryimage"},"image":{"@id":"https:\/\/gravelart.be\/fr\/product\/niagara-blue-8-12\/#primaryimage"},"thumbnailUrl":"https:\/\/gravelart.be\/wp-content\/uploads\/2023\/02\/WEBSHOP_IMAGE_1-6032.png","datePublished":"2023-02-02T08:15:14+00:00","dateModified":"2026-03-31T11:19:57+00:00","description":"Niagara Blue 8\/12 est un marbre aux nuances allant du bleu au blanc arctique. Une pierre de caract\u00e8re qui conf\u00e8re \u00e0 tout espace une allure \u00e9l\u00e9gante et raffin\u00e9e.","breadcrumb":{"@id":"https:\/\/gravelart.be\/fr\/product\/niagara-blue-8-12\/#breadcrumb"},"inLanguage":"fr-FR","potentialAction":[{"@type":"ReadAction","target":["https:\/\/gravelart.be\/fr\/product\/niagara-blue-8-12\/"]}]},{"@type":"ImageObject","inLanguage":"fr-FR","@id":"https:\/\/gravelart.be\/fr\/product\/niagara-blue-8-12\/#primaryimage","url":"https:\/\/gravelart.be\/wp-content\/uploads\/2023\/02\/WEBSHOP_IMAGE_1-6032.png","contentUrl":"https:\/\/gravelart.be\/wp-content\/uploads\/2023\/02\/WEBSHOP_IMAGE_1-6032.png","width":1080,"height":1080,"caption":"Sec"},{"@type":"BreadcrumbList","@id":"https:\/\/gravelart.be\/fr\/product\/niagara-blue-8-12\/#breadcrumb","itemListElement":[{"@type":"ListItem","position":1,"name":"Home","item":"https:\/\/gravelart.be\/fr\/"},{"@type":"ListItem","position":2,"name":"Produits","item":"https:\/\/gravelart.be\/fr\/boutique\/"},{"@type":"ListItem","position":3,"name":"Niagara Blue 8\/12"}]},{"@type":"WebSite","@id":"https:\/\/gravelart.be\/fr\/#website","url":"https:\/\/gravelart.be\/fr\/","name":"Gravelart","description":"Alles voor tuin en park","publisher":{"@id":"https:\/\/gravelart.be\/fr\/#organization"},"potentialAction":[{"@type":"SearchAction","target":{"@type":"EntryPoint","urlTemplate":"https:\/\/gravelart.be\/fr\/?s={search_term_string}"},"query-input":{"@type":"PropertyValueSpecification","valueRequired":true,"valueName":"search_term_string"}}],"inLanguage":"fr-FR"},{"@type":"Organization","@id":"https:\/\/gravelart.be\/fr\/#organization","name":"Gravelart","url":"https:\/\/gravelart.be\/fr\/","logo":{"@type":"ImageObject","inLanguage":"fr-FR","@id":"https:\/\/gravelart.be\/fr\/#\/schema\/logo\/image\/","url":"https:\/\/gravelart.be\/wp-content\/uploads\/2022\/10\/logo-gravelart.png","contentUrl":"https:\/\/gravelart.be\/wp-content\/uploads\/2022\/10\/logo-gravelart.png","width":348,"height":186,"caption":"Gravelart"},"image":{"@id":"https:\/\/gravelart.be\/fr\/#\/schema\/logo\/image\/"}}]}},"_links":{"self":[{"href":"https:\/\/gravelart.be\/fr\/wp-json\/wp\/v2\/product\/32715","targetHints":{"allow":["GET"]}}],"collection":[{"href":"https:\/\/gravelart.be\/fr\/wp-json\/wp\/v2\/product"}],"about":[{"href":"https:\/\/gravelart.be\/fr\/wp-json\/wp\/v2\/types\/product"}],"replies":[{"embeddable":true,"href":"https:\/\/gravelart.be\/fr\/wp-json\/wp\/v2\/comments?post=32715"}],"wp:featuredmedia":[{"embeddable":true,"href":"https:\/\/gravelart.be\/fr\/wp-json\/wp\/v2\/media\/42794"}],"wp:attachment":[{"href":"https:\/\/gravelart.be\/fr\/wp-json\/wp\/v2\/media?parent=32715"}],"wp:term":[{"taxonomy":"product_brand","embeddable":true,"href":"https:\/\/gravelart.be\/fr\/wp-json\/wp\/v2\/product_brand?post=32715"},{"taxonomy":"product_cat","embeddable":true,"href":"https:\/\/gravelart.be\/fr\/wp-json\/wp\/v2\/product_cat?post=32715"},{"taxonomy":"product_tag","embeddable":true,"href":"https:\/\/gravelart.be\/fr\/wp-json\/wp\/v2\/product_tag?post=32715"}],"curies":[{"name":"wp","href":"https:\/\/api.w.org\/{rel}","templated":true}]}}