{"id":32717,"date":"2023-02-02T09:15:17","date_gmt":"2023-02-02T08:15:17","guid":{"rendered":"https:\/\/gravelart.be\/?post_type=product&#038;p=32717"},"modified":"2026-03-31T13:17:07","modified_gmt":"2026-03-31T11:17:07","slug":"nevada-8-12","status":"publish","type":"product","link":"https:\/\/gravelart.be\/fr\/product\/nevada-8-12\/","title":{"rendered":"Nevada 8\/12"},"content":{"rendered":"","protected":false},"excerpt":{"rendered":"<p>Ce magnifique marbre doit son nom \u00e0 la Sierra Nevada, la deuxi\u00e8me plus haute cha\u00eene de montagnes d\u2019Europe apr\u00e8s les Alpes. Des teintes blanc arctique et gris clair caract\u00e9risent ce gravier d\u00e9coratif.<br \/>Nevada est un gravier d\u2019ornement exceptionnel et intemporel, comparable au <a href=\"https:\/\/gravelart.be\/fr\/product\/niagara-blue-8-12\/\">Niagara Blue<\/a>, mais d\u2019une couleur plus claire.   <\/p>\n<p data-start=\"663\" data-end=\"1022\">\u00c9galement disponible dans d\u2019autres granulom\u00e9tries : <a href=\"https:\/\/gravelart.be\/fr\/?post_type=product&#038;p=53335\">6\/8<\/a>, <a href=\"https:\/\/gravelart.be\/fr\/?post_type=product&amp;p=53327\">16\/22<\/a> en <a href=\"https:\/\/gravelart.be\/fr\/product\/nevada-22-30\/\">22\/30<\/a>.<\/p>\n","protected":false},"featured_media":53643,"comment_status":"open","ping_status":"closed","template":"","meta":{"_acf_changed":false,"inline_featured_image":false},"product_brand":[],"product_cat":[4154],"product_tag":[],"class_list":{"0":"post-32717","1":"product","2":"type-product","3":"status-publish","4":"has-post-thumbnail","6":"product_cat-gravier-decoratif","8":"first","9":"instock","10":"taxable","11":"shipping-taxable","12":"purchasable","13":"product-type-variable","14":"has-default-attributes"},"acf":{"woocommerce_erp_id":"5830","woocommerce_cnk_id":"100600","product_density":1.6,"custom_prices":[{"variation_id":"46953","customer_group":"CON","customer_id":"","min_qty":0.5,"max_qty":9999999,"steps":0.01,"price":167.57,"price_incl":202.76,"delivery_group":"COLLECT","warehouse_id":""},{"variation_id":"46953","customer_group":"CON","customer_id":"","min_qty":0.5,"max_qty":9999999,"steps":0.01,"price":167.57,"price_incl":202.76,"delivery_group":"DELIVERY","warehouse_id":""},{"variation_id":"46953","customer_group":"DISTRI","customer_id":"","min_qty":0.5,"max_qty":9999999,"steps":0.01,"price":109.95,"price_incl":133.04,"delivery_group":"DELIVERY","warehouse_id":""},{"variation_id":"46953","customer_group":"DISTRI","customer_id":"","min_qty":0.5,"max_qty":9999999,"steps":0.01,"price":109.95,"price_incl":133.04,"delivery_group":"COLLECT","warehouse_id":""},{"variation_id":"46953","customer_group":"PRO","customer_id":"","min_qty":0.5,"max_qty":9999999,"steps":0.01,"price":139.67,"price_incl":169,"delivery_group":"DELIVERY","warehouse_id":""},{"variation_id":"46953","customer_group":"PRO","customer_id":"","min_qty":0.5,"max_qty":9999999,"steps":0.01,"price":139.67,"price_incl":169,"delivery_group":"COLLECT","warehouse_id":""},{"variation_id":"46953","customer_group":"PER","customer_id":"","min_qty":0.5,"max_qty":9999999,"steps":0.01,"price":66.87,"price_incl":80.91,"delivery_group":"COLLECT","warehouse_id":""},{"variation_id":"46953","customer_group":"PER","customer_id":"","min_qty":0.5,"max_qty":9999999,"steps":0.01,"price":66.87,"price_incl":80.91,"delivery_group":"DELIVERY","warehouse_id":""},{"variation_id":"46953","customer_group":"DISTRI","customer_id":"129214","min_qty":0.5,"max_qty":9999999,"steps":0.01,"price":80.23,"price_incl":97.08,"delivery_group":"COLLECT","warehouse_id":""},{"variation_id":"46953","customer_group":"DISTRI","customer_id":"129214","min_qty":0.5,"max_qty":9999999,"steps":0.01,"price":80.23,"price_incl":97.08,"delivery_group":"DELIVERY","warehouse_id":""},{"variation_id":"46953","customer_group":"DISTRI","customer_id":"132202","min_qty":0.5,"max_qty":9999999,"steps":0.01,"price":89.43,"price_incl":108.21,"delivery_group":"COLLECT","warehouse_id":""},{"variation_id":"46953","customer_group":"DISTRI","customer_id":"132202","min_qty":0.5,"max_qty":9999999,"steps":0.01,"price":89.43,"price_incl":108.21,"delivery_group":"DELIVERY","warehouse_id":""},{"variation_id":"46953","customer_group":"DISTRI","customer_id":"131327","min_qty":0.5,"max_qty":9999999,"steps":0.01,"price":40.24,"price_incl":48.69,"delivery_group":"DELIVERY","warehouse_id":""},{"variation_id":"46953","customer_group":"DISTRI","customer_id":"131327","min_qty":0.5,"max_qty":9999999,"steps":0.01,"price":40.24,"price_incl":48.69,"delivery_group":"COLLECT","warehouse_id":""},{"variation_id":"46953","customer_group":"PER","customer_id":"126689","min_qty":0.5,"max_qty":9999999,"steps":0.01,"price":78.96,"price_incl":95.54,"delivery_group":"COLLECT","warehouse_id":""},{"variation_id":"46953","customer_group":"PER","customer_id":"126689","min_qty":0.5,"max_qty":9999999,"steps":0.01,"price":78.96,"price_incl":95.54,"delivery_group":"DELIVERY","warehouse_id":""},{"variation_id":"46953","customer_group":"DISTRI","customer_id":"119741","min_qty":30,"max_qty":9999999,"steps":0.01,"price":95.27,"price_incl":115.28,"delivery_group":"COLLECT","warehouse_id":""},{"variation_id":"46953","customer_group":"DISTRI","customer_id":"119741","min_qty":30,"max_qty":9999999,"steps":0.01,"price":95.27,"price_incl":115.28,"delivery_group":"DELIVERY","warehouse_id":""},{"variation_id":"46952","customer_group":"PRO","customer_id":"","min_qty":1,"max_qty":9999999,"steps":1,"price":85.84,"price_incl":103.87,"delivery_group":"DELIVERY","warehouse_id":""},{"variation_id":"46952","customer_group":"PRO","customer_id":"","min_qty":1,"max_qty":9999999,"steps":1,"price":85.84,"price_incl":103.87,"delivery_group":"COLLECT","warehouse_id":""},{"variation_id":"46952","customer_group":"DISTRI","customer_id":"","min_qty":1,"max_qty":9999999,"steps":1,"price":70.98,"price_incl":85.89,"delivery_group":"COLLECT","warehouse_id":""},{"variation_id":"46952","customer_group":"DISTRI","customer_id":"","min_qty":1,"max_qty":9999999,"steps":1,"price":70.98,"price_incl":85.89,"delivery_group":"DELIVERY","warehouse_id":""},{"variation_id":"46952","customer_group":"CON","customer_id":"","min_qty":1,"max_qty":9999999,"steps":1,"price":104.45,"price_incl":126.38,"delivery_group":"COLLECT","warehouse_id":""},{"variation_id":"46952","customer_group":"CON","customer_id":"","min_qty":1,"max_qty":9999999,"steps":1,"price":104.45,"price_incl":126.38,"delivery_group":"DELIVERY","warehouse_id":""},{"variation_id":"46952","customer_group":"DISTRI","customer_id":"129214","min_qty":1,"max_qty":9999999,"steps":1,"price":56.12,"price_incl":67.91,"delivery_group":"COLLECT","warehouse_id":""},{"variation_id":"46952","customer_group":"DISTRI","customer_id":"129214","min_qty":1,"max_qty":9999999,"steps":1,"price":56.12,"price_incl":67.91,"delivery_group":"DELIVERY","warehouse_id":""},{"variation_id":"46954","customer_group":"PRO","customer_id":"","min_qty":1,"max_qty":9999999,"steps":1,"price":155.67,"price_incl":188.36,"delivery_group":"COLLECT","warehouse_id":""},{"variation_id":"46954","customer_group":"PRO","customer_id":"","min_qty":1,"max_qty":9999999,"steps":1,"price":155.67,"price_incl":188.36,"delivery_group":"DELIVERY","warehouse_id":""},{"variation_id":"46954","customer_group":"CON","customer_id":"","min_qty":1,"max_qty":9999999,"steps":1,"price":188.23,"price_incl":227.76,"delivery_group":"COLLECT","warehouse_id":""},{"variation_id":"46954","customer_group":"CON","customer_id":"","min_qty":1,"max_qty":9999999,"steps":1,"price":188.23,"price_incl":227.76,"delivery_group":"DELIVERY","warehouse_id":""},{"variation_id":"46954","customer_group":"DISTRI","customer_id":"","min_qty":1,"max_qty":9999999,"steps":1,"price":125.95,"price_incl":152.4,"delivery_group":"COLLECT","warehouse_id":""},{"variation_id":"46954","customer_group":"DISTRI","customer_id":"","min_qty":1,"max_qty":9999999,"steps":1,"price":125.95,"price_incl":152.4,"delivery_group":"COLLECT","warehouse_id":""},{"variation_id":"46954","customer_group":"DISTRI","customer_id":"","min_qty":1,"max_qty":9999999,"steps":1,"price":125.95,"price_incl":152.4,"delivery_group":"DELIVERY","warehouse_id":""},{"variation_id":"46954","customer_group":"DISTRI","customer_id":"","min_qty":1,"max_qty":9999999,"steps":1,"price":125.95,"price_incl":152.4,"delivery_group":"DELIVERY","warehouse_id":""},{"variation_id":"46954","customer_group":"DISTRI","customer_id":"129214","min_qty":1,"max_qty":9999999,"steps":1,"price":96.23,"price_incl":116.44,"delivery_group":"COLLECT","warehouse_id":""},{"variation_id":"46954","customer_group":"DISTRI","customer_id":"129214","min_qty":1,"max_qty":9999999,"steps":1,"price":96.23,"price_incl":116.44,"delivery_group":"DELIVERY","warehouse_id":""},{"variation_id":"46955","customer_group":"CON","customer_id":"","min_qty":1,"max_qty":9999999,"steps":1,"price":272.03,"price_incl":329.16,"delivery_group":"DELIVERY","warehouse_id":""},{"variation_id":"46955","customer_group":"CON","customer_id":"","min_qty":1,"max_qty":9999999,"steps":1,"price":272.03,"price_incl":329.16,"delivery_group":"COLLECT","warehouse_id":""},{"variation_id":"46955","customer_group":"PRO","customer_id":"","min_qty":1,"max_qty":9999999,"steps":1,"price":225.51,"price_incl":272.87,"delivery_group":"DELIVERY","warehouse_id":""},{"variation_id":"46955","customer_group":"PRO","customer_id":"","min_qty":1,"max_qty":9999999,"steps":1,"price":225.51,"price_incl":272.87,"delivery_group":"COLLECT","warehouse_id":""},{"variation_id":"46955","customer_group":"DISTRI","customer_id":"","min_qty":1,"max_qty":9999999,"steps":1,"price":180.93,"price_incl":218.93,"delivery_group":"COLLECT","warehouse_id":""},{"variation_id":"46955","customer_group":"DISTRI","customer_id":"","min_qty":1,"max_qty":9999999,"steps":1,"price":180.93,"price_incl":218.93,"delivery_group":"COLLECT","warehouse_id":""},{"variation_id":"46955","customer_group":"DISTRI","customer_id":"","min_qty":1,"max_qty":9999999,"steps":1,"price":180.93,"price_incl":218.93,"delivery_group":"DELIVERY","warehouse_id":""},{"variation_id":"46955","customer_group":"DISTRI","customer_id":"129214","min_qty":1,"max_qty":9999999,"steps":1,"price":136.35,"price_incl":164.98,"delivery_group":"COLLECT","warehouse_id":""},{"variation_id":"46955","customer_group":"DISTRI","customer_id":"129214","min_qty":1,"max_qty":9999999,"steps":1,"price":136.35,"price_incl":164.98,"delivery_group":"DELIVERY","warehouse_id":""},{"variation_id":"95","customer_group":"CON","customer_id":"","min_qty":1,"max_qty":9999999,"steps":1,"price":7.06,"price_incl":8.54,"delivery_group":"COLLECT","warehouse_id":""},{"variation_id":"95","customer_group":"CON","customer_id":"","min_qty":1,"max_qty":9999999,"steps":1,"price":7.06,"price_incl":8.54,"delivery_group":"DELIVERY","warehouse_id":""},{"variation_id":"95","customer_group":"PRO","customer_id":"","min_qty":1,"max_qty":9999999,"steps":1,"price":4.69,"price_incl":5.67,"delivery_group":"DELIVERY","warehouse_id":""},{"variation_id":"95","customer_group":"PRO","customer_id":"","min_qty":1,"max_qty":9999999,"steps":1,"price":4.69,"price_incl":5.67,"delivery_group":"COLLECT","warehouse_id":""},{"variation_id":"95","customer_group":"DISTRI","customer_id":"","min_qty":1,"max_qty":9999999,"steps":1,"price":3.95,"price_incl":4.78,"delivery_group":"DELIVERY","warehouse_id":""},{"variation_id":"95","customer_group":"DISTRI","customer_id":"","min_qty":1,"max_qty":9999999,"steps":1,"price":3.95,"price_incl":4.78,"delivery_group":"COLLECT","warehouse_id":""},{"variation_id":"95","customer_group":"DISTRI","customer_id":"129214","min_qty":1,"max_qty":9999999,"steps":1,"price":3.21,"price_incl":3.88,"delivery_group":"COLLECT","warehouse_id":""},{"variation_id":"95","customer_group":"DISTRI","customer_id":"129214","min_qty":1,"max_qty":9999999,"steps":1,"price":3.21,"price_incl":3.88,"delivery_group":"DELIVERY","warehouse_id":""}],"packaging_ids":[{"packaging_name":"En vrac","packaging_id":"10","erp_id":"5830"},{"packaging_name":"Big bag 500 kg","packaging_id":"3","erp_id":"5768"},{"packaging_name":"Big bag 1000 kg","packaging_id":"2","erp_id":"5730"},{"packaging_name":"Big bag 1500 kg","packaging_id":"4","erp_id":"5731"},{"packaging_name":"Sacs","packaging_id":"1","erp_id":"5832"}]},"yoast_head":"<!-- This site is optimized with the Yoast SEO plugin v27.3 - https:\/\/yoast.com\/product\/yoast-seo-wordpress\/ -->\n<title>Nevada 8\/12 - Gravelart<\/title>\n<meta name=\"description\" content=\"Nevada 8\/12 is een siergrind van marmer in arctisch wit en lichtgrijs. Tijdloos en helder, ideaal voor een frisse en elegante uitstraling.\" \/>\n<meta name=\"robots\" content=\"index, follow, max-snippet:-1, max-image-preview:large, max-video-preview:-1\" \/>\n<link rel=\"canonical\" href=\"https:\/\/gravelart.be\/fr\/product\/nevada-8-12\/\" \/>\n<meta property=\"og:locale\" content=\"fr_FR\" \/>\n<meta property=\"og:type\" content=\"article\" \/>\n<meta property=\"og:title\" content=\"Nevada 8\/12 - Gravelart\" \/>\n<meta property=\"og:description\" content=\"Nevada 8\/12 is een siergrind van marmer in arctisch wit en lichtgrijs. Tijdloos en helder, ideaal voor een frisse en elegante uitstraling.\" \/>\n<meta property=\"og:url\" content=\"https:\/\/gravelart.be\/fr\/product\/nevada-8-12\/\" \/>\n<meta property=\"og:site_name\" content=\"Gravelart\" \/>\n<meta property=\"article:modified_time\" content=\"2026-03-31T11:17:07+00:00\" \/>\n<meta property=\"og:image\" content=\"https:\/\/gravelart.be\/wp-content\/uploads\/2023\/02\/Nevada-8-12-droog.png\" \/>\n\t<meta property=\"og:image:width\" content=\"1000\" \/>\n\t<meta property=\"og:image:height\" content=\"1000\" \/>\n\t<meta property=\"og:image:type\" content=\"image\/png\" \/>\n<meta name=\"twitter:card\" content=\"summary_large_image\" \/>\n<script type=\"application\/ld+json\" class=\"yoast-schema-graph\">{\"@context\":\"https:\\\/\\\/schema.org\",\"@graph\":[{\"@type\":\"WebPage\",\"@id\":\"https:\\\/\\\/gravelart.be\\\/fr\\\/product\\\/nevada-8-12\\\/\",\"url\":\"https:\\\/\\\/gravelart.be\\\/fr\\\/product\\\/nevada-8-12\\\/\",\"name\":\"Nevada 8\\\/12 - Gravelart\",\"isPartOf\":{\"@id\":\"https:\\\/\\\/gravelart.be\\\/fr\\\/#website\"},\"primaryImageOfPage\":{\"@id\":\"https:\\\/\\\/gravelart.be\\\/fr\\\/product\\\/nevada-8-12\\\/#primaryimage\"},\"image\":{\"@id\":\"https:\\\/\\\/gravelart.be\\\/fr\\\/product\\\/nevada-8-12\\\/#primaryimage\"},\"thumbnailUrl\":\"https:\\\/\\\/gravelart.be\\\/wp-content\\\/uploads\\\/2023\\\/02\\\/Nevada-8-12-droog.png\",\"datePublished\":\"2023-02-02T08:15:17+00:00\",\"dateModified\":\"2026-03-31T11:17:07+00:00\",\"description\":\"Nevada 8\\\/12 is een siergrind van marmer in arctisch wit en lichtgrijs. Tijdloos en helder, ideaal voor een frisse en elegante uitstraling.\",\"breadcrumb\":{\"@id\":\"https:\\\/\\\/gravelart.be\\\/fr\\\/product\\\/nevada-8-12\\\/#breadcrumb\"},\"inLanguage\":\"fr-FR\",\"potentialAction\":[{\"@type\":\"ReadAction\",\"target\":[\"https:\\\/\\\/gravelart.be\\\/fr\\\/product\\\/nevada-8-12\\\/\"]}]},{\"@type\":\"ImageObject\",\"inLanguage\":\"fr-FR\",\"@id\":\"https:\\\/\\\/gravelart.be\\\/fr\\\/product\\\/nevada-8-12\\\/#primaryimage\",\"url\":\"https:\\\/\\\/gravelart.be\\\/wp-content\\\/uploads\\\/2023\\\/02\\\/Nevada-8-12-droog.png\",\"contentUrl\":\"https:\\\/\\\/gravelart.be\\\/wp-content\\\/uploads\\\/2023\\\/02\\\/Nevada-8-12-droog.png\",\"width\":1000,\"height\":1000,\"caption\":\"Sec\"},{\"@type\":\"BreadcrumbList\",\"@id\":\"https:\\\/\\\/gravelart.be\\\/fr\\\/product\\\/nevada-8-12\\\/#breadcrumb\",\"itemListElement\":[{\"@type\":\"ListItem\",\"position\":1,\"name\":\"Home\",\"item\":\"https:\\\/\\\/gravelart.be\\\/fr\\\/\"},{\"@type\":\"ListItem\",\"position\":2,\"name\":\"Produits\",\"item\":\"https:\\\/\\\/gravelart.be\\\/fr\\\/boutique\\\/\"},{\"@type\":\"ListItem\",\"position\":3,\"name\":\"Nevada 8\\\/12\"}]},{\"@type\":\"WebSite\",\"@id\":\"https:\\\/\\\/gravelart.be\\\/fr\\\/#website\",\"url\":\"https:\\\/\\\/gravelart.be\\\/fr\\\/\",\"name\":\"Gravelart\",\"description\":\"Alles voor tuin en park\",\"publisher\":{\"@id\":\"https:\\\/\\\/gravelart.be\\\/fr\\\/#organization\"},\"potentialAction\":[{\"@type\":\"SearchAction\",\"target\":{\"@type\":\"EntryPoint\",\"urlTemplate\":\"https:\\\/\\\/gravelart.be\\\/fr\\\/?s={search_term_string}\"},\"query-input\":{\"@type\":\"PropertyValueSpecification\",\"valueRequired\":true,\"valueName\":\"search_term_string\"}}],\"inLanguage\":\"fr-FR\"},{\"@type\":\"Organization\",\"@id\":\"https:\\\/\\\/gravelart.be\\\/fr\\\/#organization\",\"name\":\"Gravelart\",\"url\":\"https:\\\/\\\/gravelart.be\\\/fr\\\/\",\"logo\":{\"@type\":\"ImageObject\",\"inLanguage\":\"fr-FR\",\"@id\":\"https:\\\/\\\/gravelart.be\\\/fr\\\/#\\\/schema\\\/logo\\\/image\\\/\",\"url\":\"https:\\\/\\\/gravelart.be\\\/wp-content\\\/uploads\\\/2022\\\/10\\\/logo-gravelart.png\",\"contentUrl\":\"https:\\\/\\\/gravelart.be\\\/wp-content\\\/uploads\\\/2022\\\/10\\\/logo-gravelart.png\",\"width\":348,\"height\":186,\"caption\":\"Gravelart\"},\"image\":{\"@id\":\"https:\\\/\\\/gravelart.be\\\/fr\\\/#\\\/schema\\\/logo\\\/image\\\/\"}}]}<\/script>\n<!-- \/ Yoast SEO plugin. -->","yoast_head_json":{"title":"Nevada 8\/12 - Gravelart","description":"Nevada 8\/12 is een siergrind van marmer in arctisch wit en lichtgrijs. Tijdloos en helder, ideaal voor een frisse en elegante uitstraling.","robots":{"index":"index","follow":"follow","max-snippet":"max-snippet:-1","max-image-preview":"max-image-preview:large","max-video-preview":"max-video-preview:-1"},"canonical":"https:\/\/gravelart.be\/fr\/product\/nevada-8-12\/","og_locale":"fr_FR","og_type":"article","og_title":"Nevada 8\/12 - Gravelart","og_description":"Nevada 8\/12 is een siergrind van marmer in arctisch wit en lichtgrijs. Tijdloos en helder, ideaal voor een frisse en elegante uitstraling.","og_url":"https:\/\/gravelart.be\/fr\/product\/nevada-8-12\/","og_site_name":"Gravelart","article_modified_time":"2026-03-31T11:17:07+00:00","og_image":[{"width":1000,"height":1000,"url":"https:\/\/gravelart.be\/wp-content\/uploads\/2023\/02\/Nevada-8-12-droog.png","type":"image\/png"}],"twitter_card":"summary_large_image","schema":{"@context":"https:\/\/schema.org","@graph":[{"@type":"WebPage","@id":"https:\/\/gravelart.be\/fr\/product\/nevada-8-12\/","url":"https:\/\/gravelart.be\/fr\/product\/nevada-8-12\/","name":"Nevada 8\/12 - Gravelart","isPartOf":{"@id":"https:\/\/gravelart.be\/fr\/#website"},"primaryImageOfPage":{"@id":"https:\/\/gravelart.be\/fr\/product\/nevada-8-12\/#primaryimage"},"image":{"@id":"https:\/\/gravelart.be\/fr\/product\/nevada-8-12\/#primaryimage"},"thumbnailUrl":"https:\/\/gravelart.be\/wp-content\/uploads\/2023\/02\/Nevada-8-12-droog.png","datePublished":"2023-02-02T08:15:17+00:00","dateModified":"2026-03-31T11:17:07+00:00","description":"Nevada 8\/12 is een siergrind van marmer in arctisch wit en lichtgrijs. Tijdloos en helder, ideaal voor een frisse en elegante uitstraling.","breadcrumb":{"@id":"https:\/\/gravelart.be\/fr\/product\/nevada-8-12\/#breadcrumb"},"inLanguage":"fr-FR","potentialAction":[{"@type":"ReadAction","target":["https:\/\/gravelart.be\/fr\/product\/nevada-8-12\/"]}]},{"@type":"ImageObject","inLanguage":"fr-FR","@id":"https:\/\/gravelart.be\/fr\/product\/nevada-8-12\/#primaryimage","url":"https:\/\/gravelart.be\/wp-content\/uploads\/2023\/02\/Nevada-8-12-droog.png","contentUrl":"https:\/\/gravelart.be\/wp-content\/uploads\/2023\/02\/Nevada-8-12-droog.png","width":1000,"height":1000,"caption":"Sec"},{"@type":"BreadcrumbList","@id":"https:\/\/gravelart.be\/fr\/product\/nevada-8-12\/#breadcrumb","itemListElement":[{"@type":"ListItem","position":1,"name":"Home","item":"https:\/\/gravelart.be\/fr\/"},{"@type":"ListItem","position":2,"name":"Produits","item":"https:\/\/gravelart.be\/fr\/boutique\/"},{"@type":"ListItem","position":3,"name":"Nevada 8\/12"}]},{"@type":"WebSite","@id":"https:\/\/gravelart.be\/fr\/#website","url":"https:\/\/gravelart.be\/fr\/","name":"Gravelart","description":"Alles voor tuin en park","publisher":{"@id":"https:\/\/gravelart.be\/fr\/#organization"},"potentialAction":[{"@type":"SearchAction","target":{"@type":"EntryPoint","urlTemplate":"https:\/\/gravelart.be\/fr\/?s={search_term_string}"},"query-input":{"@type":"PropertyValueSpecification","valueRequired":true,"valueName":"search_term_string"}}],"inLanguage":"fr-FR"},{"@type":"Organization","@id":"https:\/\/gravelart.be\/fr\/#organization","name":"Gravelart","url":"https:\/\/gravelart.be\/fr\/","logo":{"@type":"ImageObject","inLanguage":"fr-FR","@id":"https:\/\/gravelart.be\/fr\/#\/schema\/logo\/image\/","url":"https:\/\/gravelart.be\/wp-content\/uploads\/2022\/10\/logo-gravelart.png","contentUrl":"https:\/\/gravelart.be\/wp-content\/uploads\/2022\/10\/logo-gravelart.png","width":348,"height":186,"caption":"Gravelart"},"image":{"@id":"https:\/\/gravelart.be\/fr\/#\/schema\/logo\/image\/"}}]}},"_links":{"self":[{"href":"https:\/\/gravelart.be\/fr\/wp-json\/wp\/v2\/product\/32717","targetHints":{"allow":["GET"]}}],"collection":[{"href":"https:\/\/gravelart.be\/fr\/wp-json\/wp\/v2\/product"}],"about":[{"href":"https:\/\/gravelart.be\/fr\/wp-json\/wp\/v2\/types\/product"}],"replies":[{"embeddable":true,"href":"https:\/\/gravelart.be\/fr\/wp-json\/wp\/v2\/comments?post=32717"}],"wp:featuredmedia":[{"embeddable":true,"href":"https:\/\/gravelart.be\/fr\/wp-json\/wp\/v2\/media\/53643"}],"wp:attachment":[{"href":"https:\/\/gravelart.be\/fr\/wp-json\/wp\/v2\/media?parent=32717"}],"wp:term":[{"taxonomy":"product_brand","embeddable":true,"href":"https:\/\/gravelart.be\/fr\/wp-json\/wp\/v2\/product_brand?post=32717"},{"taxonomy":"product_cat","embeddable":true,"href":"https:\/\/gravelart.be\/fr\/wp-json\/wp\/v2\/product_cat?post=32717"},{"taxonomy":"product_tag","embeddable":true,"href":"https:\/\/gravelart.be\/fr\/wp-json\/wp\/v2\/product_tag?post=32717"}],"curies":[{"name":"wp","href":"https:\/\/api.w.org\/{rel}","templated":true}]}}