{"id":32723,"date":"2023-02-02T09:15:23","date_gmt":"2023-02-02T08:15:23","guid":{"rendered":"https:\/\/gravelart.be\/?post_type=product&#038;p=32723"},"modified":"2026-03-03T16:41:49","modified_gmt":"2026-03-03T15:41:49","slug":"gravier-roule-16-32","status":"publish","type":"product","link":"https:\/\/gravelart.be\/fr\/product\/gravier-roule-16-32\/","title":{"rendered":"Gravier roul\u00e9 16\/32"},"content":{"rendered":"","protected":false},"excerpt":{"rendered":"<p>Le gravier roul\u00e9 se compose de pierres arrondies disponibles dans une large palette de couleurs et constitue une solution id\u00e9ale comme couverture de toiture. Sa structure lisse pr\u00e9vient les dommages et l\u2019usure des toitures plates.<br \/>De plus, le gravier roul\u00e9 est parfaitement adapt\u00e9 \u00e0 la r\u00e9alisation de bandes anti-\u00e9claboussures le long des fa\u00e7ades, afin d\u2019\u00e9viter les projections d\u2019eau lors des pluies. Notre gravier roul\u00e9 est extrait du Rhin et de la Meuse, garantissant une qualit\u00e9 sup\u00e9rieure.   <\/p>\n","protected":false},"featured_media":42202,"comment_status":"open","ping_status":"closed","template":"","meta":{"_acf_changed":false,"inline_featured_image":false},"product_brand":[],"product_cat":[4162],"product_tag":[],"class_list":{"0":"post-32723","1":"product","2":"type-product","3":"status-publish","4":"has-post-thumbnail","6":"product_cat-gravier-roule","8":"first","9":"instock","10":"taxable","11":"shipping-taxable","12":"purchasable","13":"product-type-variable","14":"has-default-attributes"},"acf":{"woocommerce_erp_id":"4377","woocommerce_cnk_id":"100621","product_density":1.6,"custom_prices":[{"variation_id":"46728","customer_group":"PRO","customer_id":"","min_qty":1,"max_qty":9999999,"steps":1,"price":2.99,"price_incl":3.62,"delivery_group":"COLLECT","warehouse_id":""},{"variation_id":"46728","customer_group":"PRO","customer_id":"","min_qty":1,"max_qty":9999999,"steps":1,"price":2.99,"price_incl":3.62,"delivery_group":"DELIVERY","warehouse_id":""},{"variation_id":"46728","customer_group":"DISTRI","customer_id":"","min_qty":1,"max_qty":9999999,"steps":1,"price":2.75,"price_incl":3.33,"delivery_group":"COLLECT","warehouse_id":""},{"variation_id":"46728","customer_group":"DISTRI","customer_id":"","min_qty":1,"max_qty":9999999,"steps":1,"price":2.75,"price_incl":3.33,"delivery_group":"DELIVERY","warehouse_id":""},{"variation_id":"46728","customer_group":"CON","customer_id":"","min_qty":1,"max_qty":9999999,"steps":1,"price":4.19,"price_incl":5.07,"delivery_group":"COLLECT","warehouse_id":""},{"variation_id":"46728","customer_group":"CON","customer_id":"","min_qty":1,"max_qty":9999999,"steps":1,"price":4.19,"price_incl":5.07,"delivery_group":"DELIVERY","warehouse_id":""},{"variation_id":"46728","customer_group":"PER","customer_id":"","min_qty":1,"max_qty":9999999,"steps":1,"price":2.26,"price_incl":2.73,"delivery_group":"COLLECT","warehouse_id":""},{"variation_id":"46728","customer_group":"PER","customer_id":"","min_qty":1,"max_qty":9999999,"steps":1,"price":2.26,"price_incl":2.73,"delivery_group":"DELIVERY","warehouse_id":""},{"variation_id":"46728","customer_group":"DISTRI","customer_id":"129214","min_qty":1,"max_qty":9999999,"steps":1,"price":2.25,"price_incl":2.72,"delivery_group":"DELIVERY","warehouse_id":"L"},{"variation_id":"46728","customer_group":"DISTRI","customer_id":"129214","min_qty":1,"max_qty":9999999,"steps":1,"price":2.25,"price_incl":2.72,"delivery_group":"COLLECT","warehouse_id":"L"},{"variation_id":"46728","customer_group":"DISTRI","customer_id":"129214","min_qty":1,"max_qty":9999999,"steps":1,"price":2.39,"price_incl":2.89,"delivery_group":"DELIVERY","warehouse_id":""},{"variation_id":"46728","customer_group":"DISTRI","customer_id":"129214","min_qty":1,"max_qty":9999999,"steps":1,"price":2.39,"price_incl":2.89,"delivery_group":"COLLECT","warehouse_id":""},{"variation_id":"46728","customer_group":"DISTRI","customer_id":"131327","min_qty":1,"max_qty":9999999,"steps":1,"price":2.46,"price_incl":2.98,"delivery_group":"COLLECT","warehouse_id":""},{"variation_id":"46728","customer_group":"DISTRI","customer_id":"131327","min_qty":1,"max_qty":9999999,"steps":1,"price":2.46,"price_incl":2.98,"delivery_group":"DELIVERY","warehouse_id":""},{"variation_id":"46544","customer_group":"PRO","customer_id":"","min_qty":0.5,"max_qty":9999999,"steps":0.01,"price":69.83,"price_incl":84.49,"delivery_group":"DELIVERY","warehouse_id":""},{"variation_id":"46544","customer_group":"PRO","customer_id":"","min_qty":0.5,"max_qty":9999999,"steps":0.01,"price":71.7,"price_incl":86.76,"delivery_group":"COLLECT","warehouse_id":""},{"variation_id":"46544","customer_group":"PRO","customer_id":"","min_qty":0.5,"max_qty":9999999,"steps":0.01,"price":71.7,"price_incl":86.76,"delivery_group":"DELIVERY","warehouse_id":""},{"variation_id":"46544","customer_group":"CON","customer_id":"","min_qty":0.5,"max_qty":9999999,"steps":0.01,"price":86.02,"price_incl":104.08,"delivery_group":"COLLECT","warehouse_id":""},{"variation_id":"46544","customer_group":"CON","customer_id":"","min_qty":0.5,"max_qty":9999999,"steps":0.01,"price":86.02,"price_incl":104.08,"delivery_group":"DELIVERY","warehouse_id":""},{"variation_id":"46544","customer_group":"DISTRI","customer_id":"","min_qty":0.5,"max_qty":9999999,"steps":0.01,"price":62.2,"price_incl":75.26,"delivery_group":"COLLECT","warehouse_id":""},{"variation_id":"46544","customer_group":"DISTRI","customer_id":"","min_qty":0.5,"max_qty":9999999,"steps":0.01,"price":62.2,"price_incl":75.26,"delivery_group":"DELIVERY","warehouse_id":""},{"variation_id":"46544","customer_group":"PER","customer_id":"","min_qty":0.5,"max_qty":9999999,"steps":0.01,"price":42.46,"price_incl":51.38,"delivery_group":"COLLECT","warehouse_id":""},{"variation_id":"46544","customer_group":"PER","customer_id":"","min_qty":0.5,"max_qty":9999999,"steps":0.01,"price":42.46,"price_incl":51.38,"delivery_group":"DELIVERY","warehouse_id":""},{"variation_id":"46544","customer_group":"DISTRI","customer_id":"129214","min_qty":0.5,"max_qty":9999999,"steps":0.01,"price":47.86,"price_incl":57.91,"delivery_group":"COLLECT","warehouse_id":""},{"variation_id":"46544","customer_group":"DISTRI","customer_id":"129214","min_qty":0.5,"max_qty":9999999,"steps":0.01,"price":47.86,"price_incl":57.91,"delivery_group":"DELIVERY","warehouse_id":""},{"variation_id":"46544","customer_group":"DISTRI","customer_id":"131327","min_qty":0.5,"max_qty":9999999,"steps":0.01,"price":50.4,"price_incl":60.98,"delivery_group":"COLLECT","warehouse_id":""},{"variation_id":"46544","customer_group":"DISTRI","customer_id":"131327","min_qty":0.5,"max_qty":9999999,"steps":0.01,"price":50.4,"price_incl":60.98,"delivery_group":"COLLECT","warehouse_id":""},{"variation_id":"46544","customer_group":"DISTRI","customer_id":"131327","min_qty":0.5,"max_qty":9999999,"steps":0.01,"price":50.4,"price_incl":60.98,"delivery_group":"DELIVERY","warehouse_id":""}],"packaging_ids":[{"packaging_name":"En vrac","packaging_id":"10","erp_id":"4377"},{"packaging_name":"Pi\u00e8ce","packaging_id":"7","erp_id":"5677"}]},"yoast_head":"<!-- This site is optimized with the Yoast SEO plugin v27.3 - https:\/\/yoast.com\/product\/yoast-seo-wordpress\/ -->\n<title>Gravier roul\u00e9 16\/32 - Gravelart<\/title>\n<meta name=\"description\" content=\"Gravier roul\u00e9 16\/32 : Pierres d\u00e9coratives arrondies aux couleurs m\u00e9lang\u00e9es. Id\u00e9ales comme couverture de toiture, bordure et application drainante en gravier.\" \/>\n<meta name=\"robots\" content=\"index, follow, max-snippet:-1, max-image-preview:large, max-video-preview:-1\" \/>\n<link rel=\"canonical\" href=\"https:\/\/gravelart.be\/fr\/product\/gravier-roule-16-32\/\" \/>\n<meta property=\"og:locale\" content=\"fr_FR\" \/>\n<meta property=\"og:type\" content=\"article\" \/>\n<meta property=\"og:title\" content=\"Gravier roul\u00e9 16\/32 - Gravelart\" \/>\n<meta property=\"og:description\" content=\"Gravier roul\u00e9 16\/32 : Pierres d\u00e9coratives arrondies aux couleurs m\u00e9lang\u00e9es. Id\u00e9ales comme couverture de toiture, bordure et application drainante en gravier.\" \/>\n<meta property=\"og:url\" content=\"https:\/\/gravelart.be\/fr\/product\/gravier-roule-16-32\/\" \/>\n<meta property=\"og:site_name\" content=\"Gravelart\" \/>\n<meta property=\"article:modified_time\" content=\"2026-03-03T15:41:49+00:00\" \/>\n<meta property=\"og:image\" content=\"https:\/\/gravelart.be\/wp-content\/uploads\/2023\/02\/WEBSHOP_IMAGE_1-4377.jpg\" \/>\n\t<meta property=\"og:image:width\" content=\"1000\" \/>\n\t<meta property=\"og:image:height\" content=\"665\" \/>\n\t<meta property=\"og:image:type\" content=\"image\/jpeg\" \/>\n<meta name=\"twitter:card\" content=\"summary_large_image\" \/>\n<script type=\"application\/ld+json\" class=\"yoast-schema-graph\">{\"@context\":\"https:\\\/\\\/schema.org\",\"@graph\":[{\"@type\":\"WebPage\",\"@id\":\"https:\\\/\\\/gravelart.be\\\/fr\\\/product\\\/gravier-roule-16-32\\\/\",\"url\":\"https:\\\/\\\/gravelart.be\\\/fr\\\/product\\\/gravier-roule-16-32\\\/\",\"name\":\"Gravier roul\u00e9 16\\\/32 - Gravelart\",\"isPartOf\":{\"@id\":\"https:\\\/\\\/gravelart.be\\\/fr\\\/#website\"},\"primaryImageOfPage\":{\"@id\":\"https:\\\/\\\/gravelart.be\\\/fr\\\/product\\\/gravier-roule-16-32\\\/#primaryimage\"},\"image\":{\"@id\":\"https:\\\/\\\/gravelart.be\\\/fr\\\/product\\\/gravier-roule-16-32\\\/#primaryimage\"},\"thumbnailUrl\":\"https:\\\/\\\/gravelart.be\\\/wp-content\\\/uploads\\\/2023\\\/02\\\/WEBSHOP_IMAGE_1-4377.jpg\",\"datePublished\":\"2023-02-02T08:15:23+00:00\",\"dateModified\":\"2026-03-03T15:41:49+00:00\",\"description\":\"Gravier roul\u00e9 16\\\/32 : Pierres d\u00e9coratives arrondies aux couleurs m\u00e9lang\u00e9es. Id\u00e9ales comme couverture de toiture, bordure et application drainante en gravier.\",\"breadcrumb\":{\"@id\":\"https:\\\/\\\/gravelart.be\\\/fr\\\/product\\\/gravier-roule-16-32\\\/#breadcrumb\"},\"inLanguage\":\"fr-FR\",\"potentialAction\":[{\"@type\":\"ReadAction\",\"target\":[\"https:\\\/\\\/gravelart.be\\\/fr\\\/product\\\/gravier-roule-16-32\\\/\"]}]},{\"@type\":\"ImageObject\",\"inLanguage\":\"fr-FR\",\"@id\":\"https:\\\/\\\/gravelart.be\\\/fr\\\/product\\\/gravier-roule-16-32\\\/#primaryimage\",\"url\":\"https:\\\/\\\/gravelart.be\\\/wp-content\\\/uploads\\\/2023\\\/02\\\/WEBSHOP_IMAGE_1-4377.jpg\",\"contentUrl\":\"https:\\\/\\\/gravelart.be\\\/wp-content\\\/uploads\\\/2023\\\/02\\\/WEBSHOP_IMAGE_1-4377.jpg\",\"width\":1000,\"height\":665,\"caption\":\"Sec\"},{\"@type\":\"BreadcrumbList\",\"@id\":\"https:\\\/\\\/gravelart.be\\\/fr\\\/product\\\/gravier-roule-16-32\\\/#breadcrumb\",\"itemListElement\":[{\"@type\":\"ListItem\",\"position\":1,\"name\":\"Home\",\"item\":\"https:\\\/\\\/gravelart.be\\\/fr\\\/\"},{\"@type\":\"ListItem\",\"position\":2,\"name\":\"Produits\",\"item\":\"https:\\\/\\\/gravelart.be\\\/fr\\\/boutique\\\/\"},{\"@type\":\"ListItem\",\"position\":3,\"name\":\"Gravier roul\u00e9 16\\\/32\"}]},{\"@type\":\"WebSite\",\"@id\":\"https:\\\/\\\/gravelart.be\\\/fr\\\/#website\",\"url\":\"https:\\\/\\\/gravelart.be\\\/fr\\\/\",\"name\":\"Gravelart\",\"description\":\"Alles voor tuin en park\",\"publisher\":{\"@id\":\"https:\\\/\\\/gravelart.be\\\/fr\\\/#organization\"},\"potentialAction\":[{\"@type\":\"SearchAction\",\"target\":{\"@type\":\"EntryPoint\",\"urlTemplate\":\"https:\\\/\\\/gravelart.be\\\/fr\\\/?s={search_term_string}\"},\"query-input\":{\"@type\":\"PropertyValueSpecification\",\"valueRequired\":true,\"valueName\":\"search_term_string\"}}],\"inLanguage\":\"fr-FR\"},{\"@type\":\"Organization\",\"@id\":\"https:\\\/\\\/gravelart.be\\\/fr\\\/#organization\",\"name\":\"Gravelart\",\"url\":\"https:\\\/\\\/gravelart.be\\\/fr\\\/\",\"logo\":{\"@type\":\"ImageObject\",\"inLanguage\":\"fr-FR\",\"@id\":\"https:\\\/\\\/gravelart.be\\\/fr\\\/#\\\/schema\\\/logo\\\/image\\\/\",\"url\":\"https:\\\/\\\/gravelart.be\\\/wp-content\\\/uploads\\\/2022\\\/10\\\/logo-gravelart.png\",\"contentUrl\":\"https:\\\/\\\/gravelart.be\\\/wp-content\\\/uploads\\\/2022\\\/10\\\/logo-gravelart.png\",\"width\":348,\"height\":186,\"caption\":\"Gravelart\"},\"image\":{\"@id\":\"https:\\\/\\\/gravelart.be\\\/fr\\\/#\\\/schema\\\/logo\\\/image\\\/\"}}]}<\/script>\n<!-- \/ Yoast SEO plugin. -->","yoast_head_json":{"title":"Gravier roul\u00e9 16\/32 - Gravelart","description":"Gravier roul\u00e9 16\/32 : Pierres d\u00e9coratives arrondies aux couleurs m\u00e9lang\u00e9es. Id\u00e9ales comme couverture de toiture, bordure et application drainante en gravier.","robots":{"index":"index","follow":"follow","max-snippet":"max-snippet:-1","max-image-preview":"max-image-preview:large","max-video-preview":"max-video-preview:-1"},"canonical":"https:\/\/gravelart.be\/fr\/product\/gravier-roule-16-32\/","og_locale":"fr_FR","og_type":"article","og_title":"Gravier roul\u00e9 16\/32 - Gravelart","og_description":"Gravier roul\u00e9 16\/32 : Pierres d\u00e9coratives arrondies aux couleurs m\u00e9lang\u00e9es. Id\u00e9ales comme couverture de toiture, bordure et application drainante en gravier.","og_url":"https:\/\/gravelart.be\/fr\/product\/gravier-roule-16-32\/","og_site_name":"Gravelart","article_modified_time":"2026-03-03T15:41:49+00:00","og_image":[{"width":1000,"height":665,"url":"https:\/\/gravelart.be\/wp-content\/uploads\/2023\/02\/WEBSHOP_IMAGE_1-4377.jpg","type":"image\/jpeg"}],"twitter_card":"summary_large_image","schema":{"@context":"https:\/\/schema.org","@graph":[{"@type":"WebPage","@id":"https:\/\/gravelart.be\/fr\/product\/gravier-roule-16-32\/","url":"https:\/\/gravelart.be\/fr\/product\/gravier-roule-16-32\/","name":"Gravier roul\u00e9 16\/32 - Gravelart","isPartOf":{"@id":"https:\/\/gravelart.be\/fr\/#website"},"primaryImageOfPage":{"@id":"https:\/\/gravelart.be\/fr\/product\/gravier-roule-16-32\/#primaryimage"},"image":{"@id":"https:\/\/gravelart.be\/fr\/product\/gravier-roule-16-32\/#primaryimage"},"thumbnailUrl":"https:\/\/gravelart.be\/wp-content\/uploads\/2023\/02\/WEBSHOP_IMAGE_1-4377.jpg","datePublished":"2023-02-02T08:15:23+00:00","dateModified":"2026-03-03T15:41:49+00:00","description":"Gravier roul\u00e9 16\/32 : Pierres d\u00e9coratives arrondies aux couleurs m\u00e9lang\u00e9es. Id\u00e9ales comme couverture de toiture, bordure et application drainante en gravier.","breadcrumb":{"@id":"https:\/\/gravelart.be\/fr\/product\/gravier-roule-16-32\/#breadcrumb"},"inLanguage":"fr-FR","potentialAction":[{"@type":"ReadAction","target":["https:\/\/gravelart.be\/fr\/product\/gravier-roule-16-32\/"]}]},{"@type":"ImageObject","inLanguage":"fr-FR","@id":"https:\/\/gravelart.be\/fr\/product\/gravier-roule-16-32\/#primaryimage","url":"https:\/\/gravelart.be\/wp-content\/uploads\/2023\/02\/WEBSHOP_IMAGE_1-4377.jpg","contentUrl":"https:\/\/gravelart.be\/wp-content\/uploads\/2023\/02\/WEBSHOP_IMAGE_1-4377.jpg","width":1000,"height":665,"caption":"Sec"},{"@type":"BreadcrumbList","@id":"https:\/\/gravelart.be\/fr\/product\/gravier-roule-16-32\/#breadcrumb","itemListElement":[{"@type":"ListItem","position":1,"name":"Home","item":"https:\/\/gravelart.be\/fr\/"},{"@type":"ListItem","position":2,"name":"Produits","item":"https:\/\/gravelart.be\/fr\/boutique\/"},{"@type":"ListItem","position":3,"name":"Gravier roul\u00e9 16\/32"}]},{"@type":"WebSite","@id":"https:\/\/gravelart.be\/fr\/#website","url":"https:\/\/gravelart.be\/fr\/","name":"Gravelart","description":"Alles voor tuin en park","publisher":{"@id":"https:\/\/gravelart.be\/fr\/#organization"},"potentialAction":[{"@type":"SearchAction","target":{"@type":"EntryPoint","urlTemplate":"https:\/\/gravelart.be\/fr\/?s={search_term_string}"},"query-input":{"@type":"PropertyValueSpecification","valueRequired":true,"valueName":"search_term_string"}}],"inLanguage":"fr-FR"},{"@type":"Organization","@id":"https:\/\/gravelart.be\/fr\/#organization","name":"Gravelart","url":"https:\/\/gravelart.be\/fr\/","logo":{"@type":"ImageObject","inLanguage":"fr-FR","@id":"https:\/\/gravelart.be\/fr\/#\/schema\/logo\/image\/","url":"https:\/\/gravelart.be\/wp-content\/uploads\/2022\/10\/logo-gravelart.png","contentUrl":"https:\/\/gravelart.be\/wp-content\/uploads\/2022\/10\/logo-gravelart.png","width":348,"height":186,"caption":"Gravelart"},"image":{"@id":"https:\/\/gravelart.be\/fr\/#\/schema\/logo\/image\/"}}]}},"_links":{"self":[{"href":"https:\/\/gravelart.be\/fr\/wp-json\/wp\/v2\/product\/32723","targetHints":{"allow":["GET"]}}],"collection":[{"href":"https:\/\/gravelart.be\/fr\/wp-json\/wp\/v2\/product"}],"about":[{"href":"https:\/\/gravelart.be\/fr\/wp-json\/wp\/v2\/types\/product"}],"replies":[{"embeddable":true,"href":"https:\/\/gravelart.be\/fr\/wp-json\/wp\/v2\/comments?post=32723"}],"wp:featuredmedia":[{"embeddable":true,"href":"https:\/\/gravelart.be\/fr\/wp-json\/wp\/v2\/media\/42202"}],"wp:attachment":[{"href":"https:\/\/gravelart.be\/fr\/wp-json\/wp\/v2\/media?parent=32723"}],"wp:term":[{"taxonomy":"product_brand","embeddable":true,"href":"https:\/\/gravelart.be\/fr\/wp-json\/wp\/v2\/product_brand?post=32723"},{"taxonomy":"product_cat","embeddable":true,"href":"https:\/\/gravelart.be\/fr\/wp-json\/wp\/v2\/product_cat?post=32723"},{"taxonomy":"product_tag","embeddable":true,"href":"https:\/\/gravelart.be\/fr\/wp-json\/wp\/v2\/product_tag?post=32723"}],"curies":[{"name":"wp","href":"https:\/\/api.w.org\/{rel}","templated":true}]}}