{"id":32727,"date":"2023-02-02T09:15:28","date_gmt":"2023-02-02T08:15:28","guid":{"rendered":"https:\/\/gravelart.be\/?post_type=product&#038;p=32727"},"modified":"2026-03-31T13:05:45","modified_gmt":"2026-03-31T11:05:45","slug":"calcaire-concasse-0-20","status":"publish","type":"product","link":"https:\/\/gravelart.be\/fr\/product\/calcaire-concasse-0-20\/","title":{"rendered":"Calcaire concass\u00e9 0\/20"},"content":{"rendered":"","protected":false},"excerpt":{"rendered":"<p>Le <a href=\"https:\/\/gravelart.be\/fr\/?s=calcaire+concass%C3%A9&amp;post_type=product&amp;dgwt_wcas=1&amp;lang=fr\">concass\u00e9 calcaire<\/a>, ou \u00ab grav\u00e9 \u00bb, est un sous-produit concass\u00e9 de la pierre bleue belge. Il est g\u00e9n\u00e9ralement utilis\u00e9 comme rev\u00eatement temporaire ou comme mat\u00e9riau de fondation. Gravelart recommande toujours, lors de l\u2019am\u00e9nagement d\u2019une terrasse ou d\u2019une all\u00e9e, d\u2019utiliser du concass\u00e9 calcaire 0\/20 comme fondation et du <a href=\"https:\/\/gravelart.be\/fr\/product\/calcaire-concasse-0-4\/\">calcaire concass\u00e9 0\/4<\/a> comme couche d\u2019\u00e9galisation sous les dalles stabilisatrices pour gravier, afin d\u2019obtenir une structure solide et perm\u00e9able \u00e0 l\u2019eau. Cette solution est plus \u00e9conomique, plus perm\u00e9able et plus \u00e9cologique que l\u2019alternative en sable-ciment (stabilis\u00e9), puisqu\u2019elle ne n\u00e9cessite aucun ajout de ciment.   <\/p>\n<p>Disponible \u00e0 partir de 500 kg, avec livraison rapide dans toute la Belgique.<\/p>\n<p>&nbsp;<\/p>\n","protected":false},"featured_media":42748,"comment_status":"open","ping_status":"closed","template":"","meta":{"_acf_changed":false,"inline_featured_image":false},"product_brand":[],"product_cat":[4154],"product_tag":[],"class_list":{"0":"post-32727","1":"product","2":"type-product","3":"status-publish","4":"has-post-thumbnail","6":"product_cat-gravier-decoratif","8":"first","9":"instock","10":"taxable","11":"shipping-taxable","12":"purchasable","13":"product-type-variable","14":"has-default-attributes"},"acf":{"woocommerce_erp_id":"6034","woocommerce_cnk_id":"100647","product_density":1.8,"custom_prices":[{"variation_id":"46928","customer_group":"DISTRI","customer_id":"","min_qty":0.5,"max_qty":9999999,"steps":0.01,"price":28,"price_incl":33.88,"delivery_group":"COLLECT","warehouse_id":""},{"variation_id":"46928","customer_group":"DISTRI","customer_id":"","min_qty":0.5,"max_qty":9999999,"steps":0.01,"price":28,"price_incl":33.88,"delivery_group":"DELIVERY","warehouse_id":""},{"variation_id":"46928","customer_group":"PRO","customer_id":"","min_qty":0.5,"max_qty":9999999,"steps":0.01,"price":31,"price_incl":37.51,"delivery_group":"COLLECT","warehouse_id":""},{"variation_id":"46928","customer_group":"PRO","customer_id":"","min_qty":0.5,"max_qty":9999999,"steps":0.01,"price":31,"price_incl":37.51,"delivery_group":"DELIVERY","warehouse_id":""},{"variation_id":"46928","customer_group":"CON","customer_id":"","min_qty":0.5,"max_qty":9999999,"steps":0.01,"price":40.17,"price_incl":48.61,"delivery_group":"COLLECT","warehouse_id":""},{"variation_id":"46928","customer_group":"CON","customer_id":"","min_qty":0.5,"max_qty":9999999,"steps":0.01,"price":40.17,"price_incl":48.61,"delivery_group":"DELIVERY","warehouse_id":""},{"variation_id":"46928","customer_group":"PER","customer_id":"","min_qty":0.5,"max_qty":9999999,"steps":0.01,"price":21.01,"price_incl":25.42,"delivery_group":"COLLECT","warehouse_id":""},{"variation_id":"46928","customer_group":"PER","customer_id":"","min_qty":0.5,"max_qty":9999999,"steps":0.01,"price":21.01,"price_incl":25.42,"delivery_group":"DELIVERY","warehouse_id":""},{"variation_id":"46928","customer_group":"DISTRI","customer_id":"129214","min_qty":0.5,"max_qty":9999999,"steps":0.01,"price":21.57,"price_incl":26.1,"delivery_group":"COLLECT","warehouse_id":"L"},{"variation_id":"46928","customer_group":"DISTRI","customer_id":"129214","min_qty":0.5,"max_qty":9999999,"steps":0.01,"price":21.57,"price_incl":26.1,"delivery_group":"DELIVERY","warehouse_id":"L"},{"variation_id":"46928","customer_group":"DISTRI","customer_id":"129214","min_qty":0.5,"max_qty":9999999,"steps":0.01,"price":22.29,"price_incl":26.97,"delivery_group":"COLLECT","warehouse_id":""},{"variation_id":"46928","customer_group":"DISTRI","customer_id":"129214","min_qty":0.5,"max_qty":9999999,"steps":0.01,"price":22.29,"price_incl":26.97,"delivery_group":"DELIVERY","warehouse_id":""},{"variation_id":"46928","customer_group":"DISTRI","customer_id":"131327","min_qty":0.5,"max_qty":9999999,"steps":0.01,"price":22.89,"price_incl":27.7,"delivery_group":"COLLECT","warehouse_id":""},{"variation_id":"46928","customer_group":"DISTRI","customer_id":"131327","min_qty":0.5,"max_qty":9999999,"steps":0.01,"price":22.89,"price_incl":27.7,"delivery_group":"DELIVERY","warehouse_id":""},{"variation_id":"46927","customer_group":"PRO","customer_id":"","min_qty":1,"max_qty":9999999,"steps":1,"price":31.53,"price_incl":38.15,"delivery_group":"DELIVERY","warehouse_id":""},{"variation_id":"46927","customer_group":"PRO","customer_id":"","min_qty":1,"max_qty":9999999,"steps":1,"price":31.53,"price_incl":38.15,"delivery_group":"COLLECT","warehouse_id":""},{"variation_id":"46927","customer_group":"CON","customer_id":"","min_qty":1,"max_qty":9999999,"steps":1,"price":40.78,"price_incl":49.34,"delivery_group":"DELIVERY","warehouse_id":""},{"variation_id":"46927","customer_group":"CON","customer_id":"","min_qty":1,"max_qty":9999999,"steps":1,"price":40.78,"price_incl":49.34,"delivery_group":"COLLECT","warehouse_id":""},{"variation_id":"46927","customer_group":"DISTRI","customer_id":"","min_qty":1,"max_qty":9999999,"steps":1,"price":30.03,"price_incl":36.34,"delivery_group":"DELIVERY","warehouse_id":""},{"variation_id":"46927","customer_group":"DISTRI","customer_id":"","min_qty":1,"max_qty":9999999,"steps":1,"price":30.03,"price_incl":36.34,"delivery_group":"COLLECT","warehouse_id":""},{"variation_id":"46927","customer_group":"PER","customer_id":"","min_qty":1,"max_qty":9999999,"steps":1,"price":26.54,"price_incl":32.11,"delivery_group":"DELIVERY","warehouse_id":""},{"variation_id":"46927","customer_group":"PER","customer_id":"","min_qty":1,"max_qty":9999999,"steps":1,"price":26.54,"price_incl":32.11,"delivery_group":"COLLECT","warehouse_id":""},{"variation_id":"46927","customer_group":"DISTRI","customer_id":"129214","min_qty":1,"max_qty":9999999,"steps":1,"price":27.17,"price_incl":32.88,"delivery_group":"COLLECT","warehouse_id":""},{"variation_id":"46927","customer_group":"DISTRI","customer_id":"129214","min_qty":1,"max_qty":9999999,"steps":1,"price":27.17,"price_incl":32.88,"delivery_group":"DELIVERY","warehouse_id":""},{"variation_id":"46929","customer_group":"PRO","customer_id":"","min_qty":1,"max_qty":9999999,"steps":1,"price":47.05,"price_incl":56.93,"delivery_group":"DELIVERY","warehouse_id":""},{"variation_id":"46929","customer_group":"PRO","customer_id":"","min_qty":1,"max_qty":9999999,"steps":1,"price":47.05,"price_incl":56.93,"delivery_group":"COLLECT","warehouse_id":""},{"variation_id":"46929","customer_group":"CON","customer_id":"","min_qty":1,"max_qty":9999999,"steps":1,"price":60.88,"price_incl":73.66,"delivery_group":"DELIVERY","warehouse_id":""},{"variation_id":"46929","customer_group":"CON","customer_id":"","min_qty":1,"max_qty":9999999,"steps":1,"price":60.88,"price_incl":73.66,"delivery_group":"COLLECT","warehouse_id":""},{"variation_id":"46929","customer_group":"DISTRI","customer_id":"","min_qty":1,"max_qty":9999999,"steps":1,"price":44.05,"price_incl":53.3,"delivery_group":"DELIVERY","warehouse_id":""},{"variation_id":"46929","customer_group":"DISTRI","customer_id":"","min_qty":1,"max_qty":9999999,"steps":1,"price":44.05,"price_incl":53.3,"delivery_group":"COLLECT","warehouse_id":""},{"variation_id":"46929","customer_group":"PER","customer_id":"","min_qty":1,"max_qty":9999999,"steps":1,"price":37.06,"price_incl":44.84,"delivery_group":"DELIVERY","warehouse_id":""},{"variation_id":"46929","customer_group":"PER","customer_id":"","min_qty":1,"max_qty":9999999,"steps":1,"price":37.06,"price_incl":44.84,"delivery_group":"COLLECT","warehouse_id":""},{"variation_id":"46929","customer_group":"DISTRI","customer_id":"129214","min_qty":1,"max_qty":9999999,"steps":1,"price":38.34,"price_incl":46.39,"delivery_group":"DELIVERY","warehouse_id":""},{"variation_id":"46929","customer_group":"DISTRI","customer_id":"129214","min_qty":1,"max_qty":9999999,"steps":1,"price":38.34,"price_incl":46.39,"delivery_group":"COLLECT","warehouse_id":""},{"variation_id":"46930","customer_group":"PRO","customer_id":"","min_qty":1,"max_qty":9999999,"steps":1,"price":62.58,"price_incl":75.72,"delivery_group":"COLLECT","warehouse_id":""},{"variation_id":"46930","customer_group":"PRO","customer_id":"","min_qty":1,"max_qty":9999999,"steps":1,"price":62.58,"price_incl":75.72,"delivery_group":"DELIVERY","warehouse_id":""},{"variation_id":"46930","customer_group":"CON","customer_id":"","min_qty":1,"max_qty":9999999,"steps":1,"price":81,"price_incl":98.01,"delivery_group":"COLLECT","warehouse_id":""},{"variation_id":"46930","customer_group":"CON","customer_id":"","min_qty":1,"max_qty":9999999,"steps":1,"price":81,"price_incl":98.01,"delivery_group":"DELIVERY","warehouse_id":""},{"variation_id":"46930","customer_group":"DISTRI","customer_id":"","min_qty":1,"max_qty":9999999,"steps":1,"price":58.08,"price_incl":70.28,"delivery_group":"COLLECT","warehouse_id":""},{"variation_id":"46930","customer_group":"DISTRI","customer_id":"","min_qty":1,"max_qty":9999999,"steps":1,"price":58.08,"price_incl":70.28,"delivery_group":"DELIVERY","warehouse_id":""},{"variation_id":"46930","customer_group":"PER","customer_id":"","min_qty":1,"max_qty":9999999,"steps":1,"price":47.6,"price_incl":57.6,"delivery_group":"COLLECT","warehouse_id":""},{"variation_id":"46930","customer_group":"PER","customer_id":"","min_qty":1,"max_qty":9999999,"steps":1,"price":47.6,"price_incl":57.6,"delivery_group":"DELIVERY","warehouse_id":""},{"variation_id":"46930","customer_group":"DISTRI","customer_id":"129214","min_qty":1,"max_qty":9999999,"steps":1,"price":49.51,"price_incl":59.91,"delivery_group":"COLLECT","warehouse_id":""},{"variation_id":"46930","customer_group":"DISTRI","customer_id":"129214","min_qty":1,"max_qty":9999999,"steps":1,"price":49.51,"price_incl":59.91,"delivery_group":"DELIVERY","warehouse_id":""},{"variation_id":"95","customer_group":"CON","customer_id":"","min_qty":1,"max_qty":9999999,"steps":1,"price":2.5,"price_incl":3.03,"delivery_group":"COLLECT","warehouse_id":""},{"variation_id":"95","customer_group":"CON","customer_id":"","min_qty":1,"max_qty":9999999,"steps":1,"price":2.5,"price_incl":3.03,"delivery_group":"DELIVERY","warehouse_id":""},{"variation_id":"95","customer_group":"PRO","customer_id":"","min_qty":1,"max_qty":9999999,"steps":1,"price":1.98,"price_incl":2.4,"delivery_group":"COLLECT","warehouse_id":""},{"variation_id":"95","customer_group":"PRO","customer_id":"","min_qty":1,"max_qty":9999999,"steps":1,"price":1.98,"price_incl":2.4,"delivery_group":"DELIVERY","warehouse_id":""},{"variation_id":"95","customer_group":"DISTRI","customer_id":"","min_qty":1,"max_qty":9999999,"steps":1,"price":1.91,"price_incl":2.31,"delivery_group":"COLLECT","warehouse_id":""},{"variation_id":"95","customer_group":"DISTRI","customer_id":"","min_qty":1,"max_qty":9999999,"steps":1,"price":1.91,"price_incl":2.31,"delivery_group":"DELIVERY","warehouse_id":""},{"variation_id":"95","customer_group":"PER","customer_id":"","min_qty":1,"max_qty":9999999,"steps":1,"price":1.73,"price_incl":2.09,"delivery_group":"COLLECT","warehouse_id":""},{"variation_id":"95","customer_group":"PER","customer_id":"","min_qty":1,"max_qty":9999999,"steps":1,"price":1.73,"price_incl":2.09,"delivery_group":"DELIVERY","warehouse_id":""},{"variation_id":"95","customer_group":"DISTRI","customer_id":"129214","min_qty":1,"max_qty":9999999,"steps":1,"price":1.76,"price_incl":2.13,"delivery_group":"DELIVERY","warehouse_id":""},{"variation_id":"95","customer_group":"DISTRI","customer_id":"129214","min_qty":1,"max_qty":9999999,"steps":1,"price":1.76,"price_incl":2.13,"delivery_group":"COLLECT","warehouse_id":""},{"variation_id":"95","customer_group":"DISTRI","customer_id":"131327","min_qty":1,"max_qty":9999999,"steps":1,"price":1.78,"price_incl":2.15,"delivery_group":"COLLECT","warehouse_id":""},{"variation_id":"95","customer_group":"DISTRI","customer_id":"131327","min_qty":1,"max_qty":9999999,"steps":1,"price":1.78,"price_incl":2.15,"delivery_group":"DELIVERY","warehouse_id":""}],"packaging_ids":[{"packaging_name":"En vrac","packaging_id":"10","erp_id":"6034"},{"packaging_name":"Big bag 500 kg","packaging_id":"3","erp_id":"4937"},{"packaging_name":"Big bag 1000 kg","packaging_id":"2","erp_id":"4762"},{"packaging_name":"Big bag 1500 kg","packaging_id":"4","erp_id":"4946"},{"packaging_name":"Sacs","packaging_id":"1","erp_id":"5683"}]},"yoast_head":"<!-- This site is optimized with the Yoast SEO plugin v27.3 - https:\/\/yoast.com\/product\/yoast-seo-wordpress\/ -->\n<title>Calcaire concass\u00e9 0\/20 - Gravelart<\/title>\n<meta name=\"description\" content=\"Calcaire concass\u00e9 0\/20 est un m\u00e9lange concass\u00e9 de pierre bleue, souvent utilis\u00e9 comme couche de fondation ou comme rev\u00eatement temporaire pour les all\u00e9es et les terrasses.\" \/>\n<meta name=\"robots\" content=\"index, follow, max-snippet:-1, max-image-preview:large, max-video-preview:-1\" \/>\n<link rel=\"canonical\" href=\"https:\/\/gravelart.be\/fr\/product\/calcaire-concasse-0-20\/\" \/>\n<meta property=\"og:locale\" content=\"fr_FR\" \/>\n<meta property=\"og:type\" content=\"article\" \/>\n<meta property=\"og:title\" content=\"Calcaire concass\u00e9 0\/20 - Gravelart\" \/>\n<meta property=\"og:description\" content=\"Calcaire concass\u00e9 0\/20 est un m\u00e9lange concass\u00e9 de pierre bleue, souvent utilis\u00e9 comme couche de fondation ou comme rev\u00eatement temporaire pour les all\u00e9es et les terrasses.\" \/>\n<meta property=\"og:url\" content=\"https:\/\/gravelart.be\/fr\/product\/calcaire-concasse-0-20\/\" \/>\n<meta property=\"og:site_name\" content=\"Gravelart\" \/>\n<meta property=\"article:modified_time\" content=\"2026-03-31T11:05:45+00:00\" \/>\n<meta property=\"og:image\" content=\"https:\/\/gravelart.be\/wp-content\/uploads\/2023\/02\/WEBSHOP_IMAGE_1-6034.jpg\" \/>\n\t<meta property=\"og:image:width\" content=\"1000\" \/>\n\t<meta property=\"og:image:height\" content=\"665\" \/>\n\t<meta property=\"og:image:type\" content=\"image\/jpeg\" \/>\n<meta name=\"twitter:card\" content=\"summary_large_image\" \/>\n<script type=\"application\/ld+json\" class=\"yoast-schema-graph\">{\"@context\":\"https:\\\/\\\/schema.org\",\"@graph\":[{\"@type\":\"WebPage\",\"@id\":\"https:\\\/\\\/gravelart.be\\\/fr\\\/product\\\/calcaire-concasse-0-20\\\/\",\"url\":\"https:\\\/\\\/gravelart.be\\\/fr\\\/product\\\/calcaire-concasse-0-20\\\/\",\"name\":\"Calcaire concass\u00e9 0\\\/20 - Gravelart\",\"isPartOf\":{\"@id\":\"https:\\\/\\\/gravelart.be\\\/fr\\\/#website\"},\"primaryImageOfPage\":{\"@id\":\"https:\\\/\\\/gravelart.be\\\/fr\\\/product\\\/calcaire-concasse-0-20\\\/#primaryimage\"},\"image\":{\"@id\":\"https:\\\/\\\/gravelart.be\\\/fr\\\/product\\\/calcaire-concasse-0-20\\\/#primaryimage\"},\"thumbnailUrl\":\"https:\\\/\\\/gravelart.be\\\/wp-content\\\/uploads\\\/2023\\\/02\\\/WEBSHOP_IMAGE_1-6034.jpg\",\"datePublished\":\"2023-02-02T08:15:28+00:00\",\"dateModified\":\"2026-03-31T11:05:45+00:00\",\"description\":\"Calcaire concass\u00e9 0\\\/20 est un m\u00e9lange concass\u00e9 de pierre bleue, souvent utilis\u00e9 comme couche de fondation ou comme rev\u00eatement temporaire pour les all\u00e9es et les terrasses.\",\"breadcrumb\":{\"@id\":\"https:\\\/\\\/gravelart.be\\\/fr\\\/product\\\/calcaire-concasse-0-20\\\/#breadcrumb\"},\"inLanguage\":\"fr-FR\",\"potentialAction\":[{\"@type\":\"ReadAction\",\"target\":[\"https:\\\/\\\/gravelart.be\\\/fr\\\/product\\\/calcaire-concasse-0-20\\\/\"]}]},{\"@type\":\"ImageObject\",\"inLanguage\":\"fr-FR\",\"@id\":\"https:\\\/\\\/gravelart.be\\\/fr\\\/product\\\/calcaire-concasse-0-20\\\/#primaryimage\",\"url\":\"https:\\\/\\\/gravelart.be\\\/wp-content\\\/uploads\\\/2023\\\/02\\\/WEBSHOP_IMAGE_1-6034.jpg\",\"contentUrl\":\"https:\\\/\\\/gravelart.be\\\/wp-content\\\/uploads\\\/2023\\\/02\\\/WEBSHOP_IMAGE_1-6034.jpg\",\"width\":1000,\"height\":665,\"caption\":\"Gravier pour remblai\"},{\"@type\":\"BreadcrumbList\",\"@id\":\"https:\\\/\\\/gravelart.be\\\/fr\\\/product\\\/calcaire-concasse-0-20\\\/#breadcrumb\",\"itemListElement\":[{\"@type\":\"ListItem\",\"position\":1,\"name\":\"Home\",\"item\":\"https:\\\/\\\/gravelart.be\\\/fr\\\/\"},{\"@type\":\"ListItem\",\"position\":2,\"name\":\"Produits\",\"item\":\"https:\\\/\\\/gravelart.be\\\/fr\\\/boutique\\\/\"},{\"@type\":\"ListItem\",\"position\":3,\"name\":\"Calcaire concass\u00e9 0\\\/20\"}]},{\"@type\":\"WebSite\",\"@id\":\"https:\\\/\\\/gravelart.be\\\/fr\\\/#website\",\"url\":\"https:\\\/\\\/gravelart.be\\\/fr\\\/\",\"name\":\"Gravelart\",\"description\":\"Alles voor tuin en park\",\"publisher\":{\"@id\":\"https:\\\/\\\/gravelart.be\\\/fr\\\/#organization\"},\"potentialAction\":[{\"@type\":\"SearchAction\",\"target\":{\"@type\":\"EntryPoint\",\"urlTemplate\":\"https:\\\/\\\/gravelart.be\\\/fr\\\/?s={search_term_string}\"},\"query-input\":{\"@type\":\"PropertyValueSpecification\",\"valueRequired\":true,\"valueName\":\"search_term_string\"}}],\"inLanguage\":\"fr-FR\"},{\"@type\":\"Organization\",\"@id\":\"https:\\\/\\\/gravelart.be\\\/fr\\\/#organization\",\"name\":\"Gravelart\",\"url\":\"https:\\\/\\\/gravelart.be\\\/fr\\\/\",\"logo\":{\"@type\":\"ImageObject\",\"inLanguage\":\"fr-FR\",\"@id\":\"https:\\\/\\\/gravelart.be\\\/fr\\\/#\\\/schema\\\/logo\\\/image\\\/\",\"url\":\"https:\\\/\\\/gravelart.be\\\/wp-content\\\/uploads\\\/2022\\\/10\\\/logo-gravelart.png\",\"contentUrl\":\"https:\\\/\\\/gravelart.be\\\/wp-content\\\/uploads\\\/2022\\\/10\\\/logo-gravelart.png\",\"width\":348,\"height\":186,\"caption\":\"Gravelart\"},\"image\":{\"@id\":\"https:\\\/\\\/gravelart.be\\\/fr\\\/#\\\/schema\\\/logo\\\/image\\\/\"}}]}<\/script>\n<!-- \/ Yoast SEO plugin. -->","yoast_head_json":{"title":"Calcaire concass\u00e9 0\/20 - Gravelart","description":"Calcaire concass\u00e9 0\/20 est un m\u00e9lange concass\u00e9 de pierre bleue, souvent utilis\u00e9 comme couche de fondation ou comme rev\u00eatement temporaire pour les all\u00e9es et les terrasses.","robots":{"index":"index","follow":"follow","max-snippet":"max-snippet:-1","max-image-preview":"max-image-preview:large","max-video-preview":"max-video-preview:-1"},"canonical":"https:\/\/gravelart.be\/fr\/product\/calcaire-concasse-0-20\/","og_locale":"fr_FR","og_type":"article","og_title":"Calcaire concass\u00e9 0\/20 - Gravelart","og_description":"Calcaire concass\u00e9 0\/20 est un m\u00e9lange concass\u00e9 de pierre bleue, souvent utilis\u00e9 comme couche de fondation ou comme rev\u00eatement temporaire pour les all\u00e9es et les terrasses.","og_url":"https:\/\/gravelart.be\/fr\/product\/calcaire-concasse-0-20\/","og_site_name":"Gravelart","article_modified_time":"2026-03-31T11:05:45+00:00","og_image":[{"width":1000,"height":665,"url":"https:\/\/gravelart.be\/wp-content\/uploads\/2023\/02\/WEBSHOP_IMAGE_1-6034.jpg","type":"image\/jpeg"}],"twitter_card":"summary_large_image","schema":{"@context":"https:\/\/schema.org","@graph":[{"@type":"WebPage","@id":"https:\/\/gravelart.be\/fr\/product\/calcaire-concasse-0-20\/","url":"https:\/\/gravelart.be\/fr\/product\/calcaire-concasse-0-20\/","name":"Calcaire concass\u00e9 0\/20 - Gravelart","isPartOf":{"@id":"https:\/\/gravelart.be\/fr\/#website"},"primaryImageOfPage":{"@id":"https:\/\/gravelart.be\/fr\/product\/calcaire-concasse-0-20\/#primaryimage"},"image":{"@id":"https:\/\/gravelart.be\/fr\/product\/calcaire-concasse-0-20\/#primaryimage"},"thumbnailUrl":"https:\/\/gravelart.be\/wp-content\/uploads\/2023\/02\/WEBSHOP_IMAGE_1-6034.jpg","datePublished":"2023-02-02T08:15:28+00:00","dateModified":"2026-03-31T11:05:45+00:00","description":"Calcaire concass\u00e9 0\/20 est un m\u00e9lange concass\u00e9 de pierre bleue, souvent utilis\u00e9 comme couche de fondation ou comme rev\u00eatement temporaire pour les all\u00e9es et les terrasses.","breadcrumb":{"@id":"https:\/\/gravelart.be\/fr\/product\/calcaire-concasse-0-20\/#breadcrumb"},"inLanguage":"fr-FR","potentialAction":[{"@type":"ReadAction","target":["https:\/\/gravelart.be\/fr\/product\/calcaire-concasse-0-20\/"]}]},{"@type":"ImageObject","inLanguage":"fr-FR","@id":"https:\/\/gravelart.be\/fr\/product\/calcaire-concasse-0-20\/#primaryimage","url":"https:\/\/gravelart.be\/wp-content\/uploads\/2023\/02\/WEBSHOP_IMAGE_1-6034.jpg","contentUrl":"https:\/\/gravelart.be\/wp-content\/uploads\/2023\/02\/WEBSHOP_IMAGE_1-6034.jpg","width":1000,"height":665,"caption":"Gravier pour remblai"},{"@type":"BreadcrumbList","@id":"https:\/\/gravelart.be\/fr\/product\/calcaire-concasse-0-20\/#breadcrumb","itemListElement":[{"@type":"ListItem","position":1,"name":"Home","item":"https:\/\/gravelart.be\/fr\/"},{"@type":"ListItem","position":2,"name":"Produits","item":"https:\/\/gravelart.be\/fr\/boutique\/"},{"@type":"ListItem","position":3,"name":"Calcaire concass\u00e9 0\/20"}]},{"@type":"WebSite","@id":"https:\/\/gravelart.be\/fr\/#website","url":"https:\/\/gravelart.be\/fr\/","name":"Gravelart","description":"Alles voor tuin en park","publisher":{"@id":"https:\/\/gravelart.be\/fr\/#organization"},"potentialAction":[{"@type":"SearchAction","target":{"@type":"EntryPoint","urlTemplate":"https:\/\/gravelart.be\/fr\/?s={search_term_string}"},"query-input":{"@type":"PropertyValueSpecification","valueRequired":true,"valueName":"search_term_string"}}],"inLanguage":"fr-FR"},{"@type":"Organization","@id":"https:\/\/gravelart.be\/fr\/#organization","name":"Gravelart","url":"https:\/\/gravelart.be\/fr\/","logo":{"@type":"ImageObject","inLanguage":"fr-FR","@id":"https:\/\/gravelart.be\/fr\/#\/schema\/logo\/image\/","url":"https:\/\/gravelart.be\/wp-content\/uploads\/2022\/10\/logo-gravelart.png","contentUrl":"https:\/\/gravelart.be\/wp-content\/uploads\/2022\/10\/logo-gravelart.png","width":348,"height":186,"caption":"Gravelart"},"image":{"@id":"https:\/\/gravelart.be\/fr\/#\/schema\/logo\/image\/"}}]}},"_links":{"self":[{"href":"https:\/\/gravelart.be\/fr\/wp-json\/wp\/v2\/product\/32727","targetHints":{"allow":["GET"]}}],"collection":[{"href":"https:\/\/gravelart.be\/fr\/wp-json\/wp\/v2\/product"}],"about":[{"href":"https:\/\/gravelart.be\/fr\/wp-json\/wp\/v2\/types\/product"}],"replies":[{"embeddable":true,"href":"https:\/\/gravelart.be\/fr\/wp-json\/wp\/v2\/comments?post=32727"}],"wp:featuredmedia":[{"embeddable":true,"href":"https:\/\/gravelart.be\/fr\/wp-json\/wp\/v2\/media\/42748"}],"wp:attachment":[{"href":"https:\/\/gravelart.be\/fr\/wp-json\/wp\/v2\/media?parent=32727"}],"wp:term":[{"taxonomy":"product_brand","embeddable":true,"href":"https:\/\/gravelart.be\/fr\/wp-json\/wp\/v2\/product_brand?post=32727"},{"taxonomy":"product_cat","embeddable":true,"href":"https:\/\/gravelart.be\/fr\/wp-json\/wp\/v2\/product_cat?post=32727"},{"taxonomy":"product_tag","embeddable":true,"href":"https:\/\/gravelart.be\/fr\/wp-json\/wp\/v2\/product_tag?post=32727"}],"curies":[{"name":"wp","href":"https:\/\/api.w.org\/{rel}","templated":true}]}}