{"id":32729,"date":"2023-02-02T09:15:30","date_gmt":"2023-02-02T08:15:30","guid":{"rendered":"https:\/\/gravelart.be\/?post_type=product&#038;p=32729"},"modified":"2026-03-31T13:06:32","modified_gmt":"2026-03-31T11:06:32","slug":"calcaire-concasse-0-4","status":"publish","type":"product","link":"https:\/\/gravelart.be\/fr\/product\/calcaire-concasse-0-4\/","title":{"rendered":"Calcaire concass\u00e9 0\/4"},"content":{"rendered":"","protected":false},"excerpt":{"rendered":"<p>Le <a href=\"https:\/\/gravelart.be\/fr\/?s=calcaire+concass%C3%A9&amp;post_type=product&amp;dgwt_wcas=1&amp;lang=fr\">concass\u00e9 calcaire<\/a>, ou \u00ab grav\u00e9 \u00bb, est un sous-produit concass\u00e9 de la pierre bleue belge. Il est g\u00e9n\u00e9ralement utilis\u00e9 comme couche d\u2019\u00e9galisation sous des dalles stabilisatrices pour gravier ou des dalles Quadrat, ainsi que comme mat\u00e9riau de jointoiement pour des produits tels que les Carpet Stones. Lors de l\u2019am\u00e9nagement d\u2019une terrasse ou d\u2019une all\u00e9e, Gravelart recommande d\u2019utiliser du <a href=\"https:\/\/gravelart.be\/fr\/product\/calcaire-concasse-0-20\/\">calcaire concass\u00e9 0\/20<\/a> comme fondation et du calcaire concass\u00e9<br \/>0\/4 comme couche d\u2019\u00e9galisation sous les dalles stabilisatrices, afin d\u2019obtenir une structure solide et perm\u00e9able \u00e0 l\u2019eau. Cette solution est plus \u00e9conomique, plus drainante et plus \u00e9cologique que l\u2019alternative en sable-ciment (stabilis\u00e9), puisqu\u2019elle ne n\u00e9cessite aucun ajout de ciment.   <\/p>\n<p>Disponible \u00e0 partir de 500 kg, avec livraison rapide dans toute la Belgique.<\/p>\n<p>&nbsp;<\/p>\n","protected":false},"featured_media":42755,"comment_status":"open","ping_status":"closed","template":"","meta":{"_acf_changed":false,"inline_featured_image":false},"product_brand":[],"product_cat":[4154],"product_tag":[],"class_list":{"0":"post-32729","1":"product","2":"type-product","3":"status-publish","4":"has-post-thumbnail","6":"product_cat-gravier-decoratif","8":"first","9":"instock","10":"taxable","11":"shipping-taxable","12":"purchasable","13":"product-type-variable","14":"has-default-attributes"},"acf":{"woocommerce_erp_id":"6053","woocommerce_cnk_id":"100651","product_density":2,"custom_prices":[{"variation_id":"46923","customer_group":"CON","customer_id":"","min_qty":0.5,"max_qty":9999999,"steps":0.01,"price":36.07,"price_incl":43.64,"delivery_group":"COLLECT","warehouse_id":""},{"variation_id":"46923","customer_group":"CON","customer_id":"","min_qty":0.5,"max_qty":9999999,"steps":0.01,"price":36.07,"price_incl":43.64,"delivery_group":"DELIVERY","warehouse_id":""},{"variation_id":"46923","customer_group":"DISTRI","customer_id":"","min_qty":0.5,"max_qty":9999999,"steps":0.01,"price":24.63,"price_incl":29.8,"delivery_group":"COLLECT","warehouse_id":""},{"variation_id":"46923","customer_group":"DISTRI","customer_id":"","min_qty":0.5,"max_qty":9999999,"steps":0.01,"price":24.63,"price_incl":29.8,"delivery_group":"DELIVERY","warehouse_id":""},{"variation_id":"46923","customer_group":"PRO","customer_id":"","min_qty":0.5,"max_qty":9999999,"steps":0.01,"price":27.85,"price_incl":33.7,"delivery_group":"COLLECT","warehouse_id":""},{"variation_id":"46923","customer_group":"PRO","customer_id":"","min_qty":0.5,"max_qty":9999999,"steps":0.01,"price":27.85,"price_incl":33.7,"delivery_group":"DELIVERY","warehouse_id":""},{"variation_id":"46923","customer_group":"PER","customer_id":"","min_qty":0.5,"max_qty":9999999,"steps":0.01,"price":16.73,"price_incl":20.24,"delivery_group":"COLLECT","warehouse_id":""},{"variation_id":"46923","customer_group":"PER","customer_id":"","min_qty":0.5,"max_qty":9999999,"steps":0.01,"price":16.73,"price_incl":20.24,"delivery_group":"DELIVERY","warehouse_id":""},{"variation_id":"46923","customer_group":"DISTRI","customer_id":"129214","min_qty":0.5,"max_qty":9999999,"steps":0.01,"price":17.28,"price_incl":20.91,"delivery_group":"COLLECT","warehouse_id":""},{"variation_id":"46923","customer_group":"DISTRI","customer_id":"129214","min_qty":0.5,"max_qty":9999999,"steps":0.01,"price":17.28,"price_incl":20.91,"delivery_group":"DELIVERY","warehouse_id":""},{"variation_id":"46923","customer_group":"DISTRI","customer_id":"119741","min_qty":0.5,"max_qty":9999999,"steps":0.01,"price":20.78,"price_incl":25.14,"delivery_group":"DELIVERY","warehouse_id":""},{"variation_id":"46923","customer_group":"DISTRI","customer_id":"119741","min_qty":0.5,"max_qty":9999999,"steps":0.01,"price":20.78,"price_incl":25.14,"delivery_group":"COLLECT","warehouse_id":""},{"variation_id":"46922","customer_group":"PRO","customer_id":"","min_qty":1,"max_qty":9999999,"steps":1,"price":29.95,"price_incl":36.24,"delivery_group":"DELIVERY","warehouse_id":""},{"variation_id":"46922","customer_group":"PRO","customer_id":"","min_qty":1,"max_qty":9999999,"steps":1,"price":29.95,"price_incl":36.24,"delivery_group":"COLLECT","warehouse_id":""},{"variation_id":"46922","customer_group":"CON","customer_id":"","min_qty":1,"max_qty":9999999,"steps":1,"price":38.73,"price_incl":46.86,"delivery_group":"DELIVERY","warehouse_id":""},{"variation_id":"46922","customer_group":"CON","customer_id":"","min_qty":1,"max_qty":9999999,"steps":1,"price":38.73,"price_incl":46.86,"delivery_group":"COLLECT","warehouse_id":""},{"variation_id":"46922","customer_group":"DISTRI","customer_id":"","min_qty":1,"max_qty":9999999,"steps":1,"price":28.35,"price_incl":34.3,"delivery_group":"DELIVERY","warehouse_id":""},{"variation_id":"46922","customer_group":"DISTRI","customer_id":"","min_qty":1,"max_qty":9999999,"steps":1,"price":28.35,"price_incl":34.3,"delivery_group":"COLLECT","warehouse_id":""},{"variation_id":"46922","customer_group":"PER","customer_id":"","min_qty":1,"max_qty":9999999,"steps":1,"price":24.4,"price_incl":29.52,"delivery_group":"DELIVERY","warehouse_id":""},{"variation_id":"46922","customer_group":"PER","customer_id":"","min_qty":1,"max_qty":9999999,"steps":1,"price":24.4,"price_incl":29.52,"delivery_group":"COLLECT","warehouse_id":""},{"variation_id":"46922","customer_group":"DISTRI","customer_id":"129214","min_qty":1,"max_qty":9999999,"steps":1,"price":24.67,"price_incl":29.85,"delivery_group":"DELIVERY","warehouse_id":""},{"variation_id":"46922","customer_group":"DISTRI","customer_id":"129214","min_qty":1,"max_qty":9999999,"steps":1,"price":24.67,"price_incl":29.85,"delivery_group":"COLLECT","warehouse_id":""},{"variation_id":"46924","customer_group":"CON","customer_id":"","min_qty":1,"max_qty":9999999,"steps":1,"price":56.78,"price_incl":68.7,"delivery_group":"DELIVERY","warehouse_id":""},{"variation_id":"46924","customer_group":"CON","customer_id":"","min_qty":1,"max_qty":9999999,"steps":1,"price":56.78,"price_incl":68.7,"delivery_group":"COLLECT","warehouse_id":""},{"variation_id":"46924","customer_group":"DISTRI","customer_id":"","min_qty":1,"max_qty":9999999,"steps":1,"price":40.68,"price_incl":49.22,"delivery_group":"DELIVERY","warehouse_id":""},{"variation_id":"46924","customer_group":"DISTRI","customer_id":"","min_qty":1,"max_qty":9999999,"steps":1,"price":40.68,"price_incl":49.22,"delivery_group":"COLLECT","warehouse_id":""},{"variation_id":"46924","customer_group":"PRO","customer_id":"","min_qty":1,"max_qty":9999999,"steps":1,"price":43.9,"price_incl":53.12,"delivery_group":"DELIVERY","warehouse_id":""},{"variation_id":"46924","customer_group":"PRO","customer_id":"","min_qty":1,"max_qty":9999999,"steps":1,"price":43.9,"price_incl":53.12,"delivery_group":"COLLECT","warehouse_id":""},{"variation_id":"46924","customer_group":"PER","customer_id":"","min_qty":1,"max_qty":9999999,"steps":1,"price":32.78,"price_incl":39.66,"delivery_group":"DELIVERY","warehouse_id":""},{"variation_id":"46924","customer_group":"PER","customer_id":"","min_qty":1,"max_qty":9999999,"steps":1,"price":32.78,"price_incl":39.66,"delivery_group":"COLLECT","warehouse_id":""},{"variation_id":"46924","customer_group":"DISTRI","customer_id":"129214","min_qty":1,"max_qty":9999999,"steps":1,"price":33.33,"price_incl":40.33,"delivery_group":"DELIVERY","warehouse_id":""},{"variation_id":"46924","customer_group":"DISTRI","customer_id":"129214","min_qty":1,"max_qty":9999999,"steps":1,"price":33.33,"price_incl":40.33,"delivery_group":"COLLECT","warehouse_id":""},{"variation_id":"46925","customer_group":"CON","customer_id":"","min_qty":1,"max_qty":9999999,"steps":1,"price":74.85,"price_incl":90.57,"delivery_group":"COLLECT","warehouse_id":""},{"variation_id":"46925","customer_group":"CON","customer_id":"","min_qty":1,"max_qty":9999999,"steps":1,"price":74.85,"price_incl":90.57,"delivery_group":"DELIVERY","warehouse_id":""},{"variation_id":"46925","customer_group":"DISTRI","customer_id":"","min_qty":1,"max_qty":9999999,"steps":1,"price":52.06,"price_incl":62.99,"delivery_group":"COLLECT","warehouse_id":""},{"variation_id":"46925","customer_group":"DISTRI","customer_id":"","min_qty":1,"max_qty":9999999,"steps":1,"price":53.03,"price_incl":64.17,"delivery_group":"DELIVERY","warehouse_id":""},{"variation_id":"46925","customer_group":"PRO","customer_id":"","min_qty":1,"max_qty":9999999,"steps":1,"price":57.85,"price_incl":70,"delivery_group":"COLLECT","warehouse_id":""},{"variation_id":"46925","customer_group":"PRO","customer_id":"","min_qty":1,"max_qty":9999999,"steps":1,"price":57.85,"price_incl":70,"delivery_group":"DELIVERY","warehouse_id":""},{"variation_id":"46925","customer_group":"PER","customer_id":"","min_qty":1,"max_qty":9999999,"steps":1,"price":41.18,"price_incl":49.83,"delivery_group":"COLLECT","warehouse_id":""},{"variation_id":"46925","customer_group":"PER","customer_id":"","min_qty":1,"max_qty":9999999,"steps":1,"price":41.18,"price_incl":49.83,"delivery_group":"DELIVERY","warehouse_id":""},{"variation_id":"46925","customer_group":"DISTRI","customer_id":"129214","min_qty":1,"max_qty":9999999,"steps":1,"price":42,"price_incl":50.82,"delivery_group":"DELIVERY","warehouse_id":""},{"variation_id":"46925","customer_group":"DISTRI","customer_id":"129214","min_qty":1,"max_qty":9999999,"steps":1,"price":42,"price_incl":50.82,"delivery_group":"COLLECT","warehouse_id":""},{"variation_id":"95","customer_group":"DISTRI","customer_id":"","min_qty":1,"max_qty":9999999,"steps":1,"price":1.82,"price_incl":2.2,"delivery_group":"COLLECT","warehouse_id":""},{"variation_id":"95","customer_group":"DISTRI","customer_id":"","min_qty":1,"max_qty":9999999,"steps":1,"price":1.82,"price_incl":2.2,"delivery_group":"DELIVERY","warehouse_id":""},{"variation_id":"95","customer_group":"CON","customer_id":"","min_qty":1,"max_qty":9999999,"steps":1,"price":2.37,"price_incl":2.87,"delivery_group":"COLLECT","warehouse_id":""},{"variation_id":"95","customer_group":"CON","customer_id":"","min_qty":1,"max_qty":9999999,"steps":1,"price":2.37,"price_incl":2.87,"delivery_group":"DELIVERY","warehouse_id":""},{"variation_id":"95","customer_group":"PRO","customer_id":"","min_qty":1,"max_qty":9999999,"steps":1,"price":1.9,"price_incl":2.3,"delivery_group":"COLLECT","warehouse_id":""},{"variation_id":"95","customer_group":"PRO","customer_id":"","min_qty":1,"max_qty":9999999,"steps":1,"price":1.9,"price_incl":2.3,"delivery_group":"DELIVERY","warehouse_id":""},{"variation_id":"95","customer_group":"PER","customer_id":"","min_qty":1,"max_qty":9999999,"steps":1,"price":1.62,"price_incl":1.96,"delivery_group":"COLLECT","warehouse_id":""},{"variation_id":"95","customer_group":"PER","customer_id":"","min_qty":1,"max_qty":9999999,"steps":1,"price":1.62,"price_incl":1.96,"delivery_group":"DELIVERY","warehouse_id":""},{"variation_id":"95","customer_group":"DISTRI","customer_id":"129214","min_qty":1,"max_qty":9999999,"steps":1,"price":1.64,"price_incl":1.98,"delivery_group":"COLLECT","warehouse_id":""},{"variation_id":"95","customer_group":"DISTRI","customer_id":"129214","min_qty":1,"max_qty":9999999,"steps":1,"price":1.64,"price_incl":1.98,"delivery_group":"DELIVERY","warehouse_id":""},{"variation_id":"95","customer_group":"DISTRI","customer_id":"131327","min_qty":1,"max_qty":9999999,"steps":1,"price":1.64,"price_incl":1.98,"delivery_group":"COLLECT","warehouse_id":""},{"variation_id":"95","customer_group":"DISTRI","customer_id":"131327","min_qty":1,"max_qty":9999999,"steps":1,"price":1.64,"price_incl":1.98,"delivery_group":"DELIVERY","warehouse_id":""}],"packaging_ids":[{"packaging_name":"En vrac","packaging_id":"10","erp_id":"6053"},{"packaging_name":"Big bag 500 kg","packaging_id":"3","erp_id":"4709"},{"packaging_name":"Big bag 1000 kg","packaging_id":"2","erp_id":"4765"},{"packaging_name":"Big bag 1500 kg","packaging_id":"4","erp_id":"4950"},{"packaging_name":"Sacs","packaging_id":"1","erp_id":"5682"}]},"yoast_head":"<!-- This site is optimized with the Yoast SEO plugin v27.3 - https:\/\/yoast.com\/product\/yoast-seo-wordpress\/ -->\n<title>Calcaire concass\u00e9 0\/4 - Gravelart<\/title>\n<meta name=\"description\" content=\"Calcaire concass\u00e9 0\/4 est un gravier fin en pierre bleue, largement utilis\u00e9 comme couche d\u2019\u00e9galisation sous des dalles stabilisatrices pour gravier ou des dalles de sol.\" \/>\n<meta name=\"robots\" content=\"index, follow, max-snippet:-1, max-image-preview:large, max-video-preview:-1\" \/>\n<link rel=\"canonical\" href=\"https:\/\/gravelart.be\/fr\/product\/calcaire-concasse-0-4\/\" \/>\n<meta property=\"og:locale\" content=\"fr_FR\" \/>\n<meta property=\"og:type\" content=\"article\" \/>\n<meta property=\"og:title\" content=\"Calcaire concass\u00e9 0\/4 - Gravelart\" \/>\n<meta property=\"og:description\" content=\"Calcaire concass\u00e9 0\/4 est un gravier fin en pierre bleue, largement utilis\u00e9 comme couche d\u2019\u00e9galisation sous des dalles stabilisatrices pour gravier ou des dalles de sol.\" \/>\n<meta property=\"og:url\" content=\"https:\/\/gravelart.be\/fr\/product\/calcaire-concasse-0-4\/\" \/>\n<meta property=\"og:site_name\" content=\"Gravelart\" \/>\n<meta property=\"article:modified_time\" content=\"2026-03-31T11:06:32+00:00\" \/>\n<meta property=\"og:image\" content=\"https:\/\/gravelart.be\/wp-content\/uploads\/2023\/02\/WEBSHOP_IMAGE_1-6053.jpg\" \/>\n\t<meta property=\"og:image:width\" content=\"1000\" \/>\n\t<meta property=\"og:image:height\" content=\"665\" \/>\n\t<meta property=\"og:image:type\" content=\"image\/jpeg\" \/>\n<meta name=\"twitter:card\" content=\"summary_large_image\" \/>\n<script type=\"application\/ld+json\" class=\"yoast-schema-graph\">{\"@context\":\"https:\\\/\\\/schema.org\",\"@graph\":[{\"@type\":\"WebPage\",\"@id\":\"https:\\\/\\\/gravelart.be\\\/fr\\\/product\\\/calcaire-concasse-0-4\\\/\",\"url\":\"https:\\\/\\\/gravelart.be\\\/fr\\\/product\\\/calcaire-concasse-0-4\\\/\",\"name\":\"Calcaire concass\u00e9 0\\\/4 - Gravelart\",\"isPartOf\":{\"@id\":\"https:\\\/\\\/gravelart.be\\\/fr\\\/#website\"},\"primaryImageOfPage\":{\"@id\":\"https:\\\/\\\/gravelart.be\\\/fr\\\/product\\\/calcaire-concasse-0-4\\\/#primaryimage\"},\"image\":{\"@id\":\"https:\\\/\\\/gravelart.be\\\/fr\\\/product\\\/calcaire-concasse-0-4\\\/#primaryimage\"},\"thumbnailUrl\":\"https:\\\/\\\/gravelart.be\\\/wp-content\\\/uploads\\\/2023\\\/02\\\/WEBSHOP_IMAGE_1-6053.jpg\",\"datePublished\":\"2023-02-02T08:15:30+00:00\",\"dateModified\":\"2026-03-31T11:06:32+00:00\",\"description\":\"Calcaire concass\u00e9 0\\\/4 est un gravier fin en pierre bleue, largement utilis\u00e9 comme couche d\u2019\u00e9galisation sous des dalles stabilisatrices pour gravier ou des dalles de sol.\",\"breadcrumb\":{\"@id\":\"https:\\\/\\\/gravelart.be\\\/fr\\\/product\\\/calcaire-concasse-0-4\\\/#breadcrumb\"},\"inLanguage\":\"fr-FR\",\"potentialAction\":[{\"@type\":\"ReadAction\",\"target\":[\"https:\\\/\\\/gravelart.be\\\/fr\\\/product\\\/calcaire-concasse-0-4\\\/\"]}]},{\"@type\":\"ImageObject\",\"inLanguage\":\"fr-FR\",\"@id\":\"https:\\\/\\\/gravelart.be\\\/fr\\\/product\\\/calcaire-concasse-0-4\\\/#primaryimage\",\"url\":\"https:\\\/\\\/gravelart.be\\\/wp-content\\\/uploads\\\/2023\\\/02\\\/WEBSHOP_IMAGE_1-6053.jpg\",\"contentUrl\":\"https:\\\/\\\/gravelart.be\\\/wp-content\\\/uploads\\\/2023\\\/02\\\/WEBSHOP_IMAGE_1-6053.jpg\",\"width\":1000,\"height\":665,\"caption\":\"Sec\"},{\"@type\":\"BreadcrumbList\",\"@id\":\"https:\\\/\\\/gravelart.be\\\/fr\\\/product\\\/calcaire-concasse-0-4\\\/#breadcrumb\",\"itemListElement\":[{\"@type\":\"ListItem\",\"position\":1,\"name\":\"Home\",\"item\":\"https:\\\/\\\/gravelart.be\\\/fr\\\/\"},{\"@type\":\"ListItem\",\"position\":2,\"name\":\"Produits\",\"item\":\"https:\\\/\\\/gravelart.be\\\/fr\\\/boutique\\\/\"},{\"@type\":\"ListItem\",\"position\":3,\"name\":\"Calcaire concass\u00e9 0\\\/4\"}]},{\"@type\":\"WebSite\",\"@id\":\"https:\\\/\\\/gravelart.be\\\/fr\\\/#website\",\"url\":\"https:\\\/\\\/gravelart.be\\\/fr\\\/\",\"name\":\"Gravelart\",\"description\":\"Alles voor tuin en park\",\"publisher\":{\"@id\":\"https:\\\/\\\/gravelart.be\\\/fr\\\/#organization\"},\"potentialAction\":[{\"@type\":\"SearchAction\",\"target\":{\"@type\":\"EntryPoint\",\"urlTemplate\":\"https:\\\/\\\/gravelart.be\\\/fr\\\/?s={search_term_string}\"},\"query-input\":{\"@type\":\"PropertyValueSpecification\",\"valueRequired\":true,\"valueName\":\"search_term_string\"}}],\"inLanguage\":\"fr-FR\"},{\"@type\":\"Organization\",\"@id\":\"https:\\\/\\\/gravelart.be\\\/fr\\\/#organization\",\"name\":\"Gravelart\",\"url\":\"https:\\\/\\\/gravelart.be\\\/fr\\\/\",\"logo\":{\"@type\":\"ImageObject\",\"inLanguage\":\"fr-FR\",\"@id\":\"https:\\\/\\\/gravelart.be\\\/fr\\\/#\\\/schema\\\/logo\\\/image\\\/\",\"url\":\"https:\\\/\\\/gravelart.be\\\/wp-content\\\/uploads\\\/2022\\\/10\\\/logo-gravelart.png\",\"contentUrl\":\"https:\\\/\\\/gravelart.be\\\/wp-content\\\/uploads\\\/2022\\\/10\\\/logo-gravelart.png\",\"width\":348,\"height\":186,\"caption\":\"Gravelart\"},\"image\":{\"@id\":\"https:\\\/\\\/gravelart.be\\\/fr\\\/#\\\/schema\\\/logo\\\/image\\\/\"}}]}<\/script>\n<!-- \/ Yoast SEO plugin. -->","yoast_head_json":{"title":"Calcaire concass\u00e9 0\/4 - Gravelart","description":"Calcaire concass\u00e9 0\/4 est un gravier fin en pierre bleue, largement utilis\u00e9 comme couche d\u2019\u00e9galisation sous des dalles stabilisatrices pour gravier ou des dalles de sol.","robots":{"index":"index","follow":"follow","max-snippet":"max-snippet:-1","max-image-preview":"max-image-preview:large","max-video-preview":"max-video-preview:-1"},"canonical":"https:\/\/gravelart.be\/fr\/product\/calcaire-concasse-0-4\/","og_locale":"fr_FR","og_type":"article","og_title":"Calcaire concass\u00e9 0\/4 - Gravelart","og_description":"Calcaire concass\u00e9 0\/4 est un gravier fin en pierre bleue, largement utilis\u00e9 comme couche d\u2019\u00e9galisation sous des dalles stabilisatrices pour gravier ou des dalles de sol.","og_url":"https:\/\/gravelart.be\/fr\/product\/calcaire-concasse-0-4\/","og_site_name":"Gravelart","article_modified_time":"2026-03-31T11:06:32+00:00","og_image":[{"width":1000,"height":665,"url":"https:\/\/gravelart.be\/wp-content\/uploads\/2023\/02\/WEBSHOP_IMAGE_1-6053.jpg","type":"image\/jpeg"}],"twitter_card":"summary_large_image","schema":{"@context":"https:\/\/schema.org","@graph":[{"@type":"WebPage","@id":"https:\/\/gravelart.be\/fr\/product\/calcaire-concasse-0-4\/","url":"https:\/\/gravelart.be\/fr\/product\/calcaire-concasse-0-4\/","name":"Calcaire concass\u00e9 0\/4 - Gravelart","isPartOf":{"@id":"https:\/\/gravelart.be\/fr\/#website"},"primaryImageOfPage":{"@id":"https:\/\/gravelart.be\/fr\/product\/calcaire-concasse-0-4\/#primaryimage"},"image":{"@id":"https:\/\/gravelart.be\/fr\/product\/calcaire-concasse-0-4\/#primaryimage"},"thumbnailUrl":"https:\/\/gravelart.be\/wp-content\/uploads\/2023\/02\/WEBSHOP_IMAGE_1-6053.jpg","datePublished":"2023-02-02T08:15:30+00:00","dateModified":"2026-03-31T11:06:32+00:00","description":"Calcaire concass\u00e9 0\/4 est un gravier fin en pierre bleue, largement utilis\u00e9 comme couche d\u2019\u00e9galisation sous des dalles stabilisatrices pour gravier ou des dalles de sol.","breadcrumb":{"@id":"https:\/\/gravelart.be\/fr\/product\/calcaire-concasse-0-4\/#breadcrumb"},"inLanguage":"fr-FR","potentialAction":[{"@type":"ReadAction","target":["https:\/\/gravelart.be\/fr\/product\/calcaire-concasse-0-4\/"]}]},{"@type":"ImageObject","inLanguage":"fr-FR","@id":"https:\/\/gravelart.be\/fr\/product\/calcaire-concasse-0-4\/#primaryimage","url":"https:\/\/gravelart.be\/wp-content\/uploads\/2023\/02\/WEBSHOP_IMAGE_1-6053.jpg","contentUrl":"https:\/\/gravelart.be\/wp-content\/uploads\/2023\/02\/WEBSHOP_IMAGE_1-6053.jpg","width":1000,"height":665,"caption":"Sec"},{"@type":"BreadcrumbList","@id":"https:\/\/gravelart.be\/fr\/product\/calcaire-concasse-0-4\/#breadcrumb","itemListElement":[{"@type":"ListItem","position":1,"name":"Home","item":"https:\/\/gravelart.be\/fr\/"},{"@type":"ListItem","position":2,"name":"Produits","item":"https:\/\/gravelart.be\/fr\/boutique\/"},{"@type":"ListItem","position":3,"name":"Calcaire concass\u00e9 0\/4"}]},{"@type":"WebSite","@id":"https:\/\/gravelart.be\/fr\/#website","url":"https:\/\/gravelart.be\/fr\/","name":"Gravelart","description":"Alles voor tuin en park","publisher":{"@id":"https:\/\/gravelart.be\/fr\/#organization"},"potentialAction":[{"@type":"SearchAction","target":{"@type":"EntryPoint","urlTemplate":"https:\/\/gravelart.be\/fr\/?s={search_term_string}"},"query-input":{"@type":"PropertyValueSpecification","valueRequired":true,"valueName":"search_term_string"}}],"inLanguage":"fr-FR"},{"@type":"Organization","@id":"https:\/\/gravelart.be\/fr\/#organization","name":"Gravelart","url":"https:\/\/gravelart.be\/fr\/","logo":{"@type":"ImageObject","inLanguage":"fr-FR","@id":"https:\/\/gravelart.be\/fr\/#\/schema\/logo\/image\/","url":"https:\/\/gravelart.be\/wp-content\/uploads\/2022\/10\/logo-gravelart.png","contentUrl":"https:\/\/gravelart.be\/wp-content\/uploads\/2022\/10\/logo-gravelart.png","width":348,"height":186,"caption":"Gravelart"},"image":{"@id":"https:\/\/gravelart.be\/fr\/#\/schema\/logo\/image\/"}}]}},"_links":{"self":[{"href":"https:\/\/gravelart.be\/fr\/wp-json\/wp\/v2\/product\/32729","targetHints":{"allow":["GET"]}}],"collection":[{"href":"https:\/\/gravelart.be\/fr\/wp-json\/wp\/v2\/product"}],"about":[{"href":"https:\/\/gravelart.be\/fr\/wp-json\/wp\/v2\/types\/product"}],"replies":[{"embeddable":true,"href":"https:\/\/gravelart.be\/fr\/wp-json\/wp\/v2\/comments?post=32729"}],"wp:featuredmedia":[{"embeddable":true,"href":"https:\/\/gravelart.be\/fr\/wp-json\/wp\/v2\/media\/42755"}],"wp:attachment":[{"href":"https:\/\/gravelart.be\/fr\/wp-json\/wp\/v2\/media?parent=32729"}],"wp:term":[{"taxonomy":"product_brand","embeddable":true,"href":"https:\/\/gravelart.be\/fr\/wp-json\/wp\/v2\/product_brand?post=32729"},{"taxonomy":"product_cat","embeddable":true,"href":"https:\/\/gravelart.be\/fr\/wp-json\/wp\/v2\/product_cat?post=32729"},{"taxonomy":"product_tag","embeddable":true,"href":"https:\/\/gravelart.be\/fr\/wp-json\/wp\/v2\/product_tag?post=32729"}],"curies":[{"name":"wp","href":"https:\/\/api.w.org\/{rel}","templated":true}]}}