{"id":32741,"date":"2023-02-02T09:15:43","date_gmt":"2023-02-02T08:15:43","guid":{"rendered":"https:\/\/gravelart.be\/?post_type=product&#038;p=32741"},"modified":"2026-03-03T16:57:58","modified_gmt":"2026-03-03T15:57:58","slug":"eccogravel-20d-pehd-blanc","status":"publish","type":"product","link":"https:\/\/gravelart.be\/fr\/product\/eccogravel-20d-pehd-blanc\/","title":{"rendered":"ECCOgravel 20D PEHD blanc"},"content":{"rendered":"","protected":false},"excerpt":{"rendered":"<div class=\"woocommerce-product-details__short-description\">\n<p><a href=\"https:\/\/gravelart.be\/fr\/product-categorie\/gravier-stabilisateurs-de-gravier\/stabilisateur-de-gravier\/\">ECCOgravel <\/a>est une dalle stabilisatrice de gravier en structure nid d\u2019abeille, \u00e9quip\u00e9e d\u2019un g\u00e9otextile perm\u00e9able \u00e0 l\u2019eau thermiquement fix\u00e9 en dessous. Gr\u00e2ce \u00e0 cette stabilisation, vos all\u00e9es pi\u00e9tonnes, acc\u00e8s carrossables et parkings sont parfaitement praticables \u00e0 pied comme en voiture. Apr\u00e8s une pose correcte, nous garantissons un rev\u00eatement durable, n\u00e9cessitant peu d\u2019entretien et offrant un aspect naturel et soign\u00e9. ECCOgravel est disponible en deux hauteurs ; cette hauteur correspond \u00e0 la version la plus robuste, adapt\u00e9e aux all\u00e9es et parkings. Des <a href=\"https:\/\/gravelart.be\/fr\/product\/pots-de-marquage-blanc\/\">pots de marquage <\/a>sont \u00e9galement disponibles pour d\u00e9limiter les emplacements.<br \/>Fabriqu\u00e9 en poly\u00e9thyl\u00e8ne haute densit\u00e9 (HDPE), ECCOgravel est r\u00e9sistant aux UV et supporte des temp\u00e9ratures allant jusqu\u2019\u00e0 -20 \u00b0C.<\/p>\n<p>    <\/p>\n<p>&nbsp;<\/p>\n<\/div>\n","protected":false},"featured_media":43997,"comment_status":"open","ping_status":"closed","template":"","meta":{"_acf_changed":false,"inline_featured_image":false},"product_brand":[],"product_cat":[4894,4155],"product_tag":[],"class_list":{"0":"post-32741","1":"product","2":"type-product","3":"status-publish","4":"has-post-thumbnail","6":"product_cat-gravier-stabilisateurs-de-gravier","7":"product_cat-stabilisateur-de-gravier","9":"first","10":"instock","11":"taxable","12":"shipping-taxable","13":"purchasable","14":"product-type-variable","15":"has-default-attributes"},"acf":{"woocommerce_erp_id":"5888","woocommerce_cnk_id":"100713","product_density":0.96,"custom_prices":[{"variation_id":"50820","customer_group":"DIY-1","customer_id":"","min_qty":0.96,"max_qty":9999999,"steps":0.96,"price":8.9,"price_incl":10.77,"delivery_group":"COLLECT","warehouse_id":"Z"},{"variation_id":"50820","customer_group":"DIY-1","customer_id":"","min_qty":0.96,"max_qty":9999999,"steps":0.96,"price":8.9,"price_incl":10.77,"delivery_group":"DELIVERY","warehouse_id":"Z"},{"variation_id":"50820","customer_group":"DIY-1","customer_id":"","min_qty":0.96,"max_qty":9999999,"steps":0.96,"price":8.9,"price_incl":10.77,"delivery_group":"COLLECT","warehouse_id":"W"},{"variation_id":"50820","customer_group":"DIY-1","customer_id":"","min_qty":0.96,"max_qty":9999999,"steps":0.96,"price":8.9,"price_incl":10.77,"delivery_group":"DELIVERY","warehouse_id":"W"},{"variation_id":"50820","customer_group":"PRO","customer_id":"","min_qty":0.96,"max_qty":9999999,"steps":0.96,"price":9.2,"price_incl":11.13,"delivery_group":"COLLECT","warehouse_id":"Z"},{"variation_id":"50820","customer_group":"PRO","customer_id":"","min_qty":0.96,"max_qty":9999999,"steps":0.96,"price":9.2,"price_incl":11.13,"delivery_group":"DELIVERY","warehouse_id":"Z"},{"variation_id":"50820","customer_group":"PRO","customer_id":"","min_qty":0.96,"max_qty":9999999,"steps":0.96,"price":9.2,"price_incl":11.13,"delivery_group":"COLLECT","warehouse_id":"L"},{"variation_id":"50820","customer_group":"PRO","customer_id":"","min_qty":0.96,"max_qty":9999999,"steps":0.96,"price":9.2,"price_incl":11.13,"delivery_group":"DELIVERY","warehouse_id":"L"},{"variation_id":"50820","customer_group":"PRO","customer_id":"","min_qty":0.96,"max_qty":9999999,"steps":0.96,"price":9.2,"price_incl":11.13,"delivery_group":"COLLECT","warehouse_id":"W"},{"variation_id":"50820","customer_group":"PRO","customer_id":"","min_qty":0.96,"max_qty":9999999,"steps":0.96,"price":9.2,"price_incl":11.13,"delivery_group":"DELIVERY","warehouse_id":"W"},{"variation_id":"50820","customer_group":"CON","customer_id":"","min_qty":0.96,"max_qty":9999999,"steps":0.96,"price":11.03,"price_incl":13.35,"delivery_group":"COLLECT","warehouse_id":"Z"},{"variation_id":"50820","customer_group":"CON","customer_id":"","min_qty":0.96,"max_qty":9999999,"steps":0.96,"price":11.03,"price_incl":13.35,"delivery_group":"DELIVERY","warehouse_id":"Z"},{"variation_id":"50820","customer_group":"CON","customer_id":"","min_qty":0.96,"max_qty":9999999,"steps":0.96,"price":11.03,"price_incl":13.35,"delivery_group":"COLLECT","warehouse_id":"L"},{"variation_id":"50820","customer_group":"CON","customer_id":"","min_qty":0.96,"max_qty":9999999,"steps":0.96,"price":11.03,"price_incl":13.35,"delivery_group":"DELIVERY","warehouse_id":"L"},{"variation_id":"50820","customer_group":"CON","customer_id":"","min_qty":0.96,"max_qty":9999999,"steps":0.96,"price":11.03,"price_incl":13.35,"delivery_group":"COLLECT","warehouse_id":"W"},{"variation_id":"50820","customer_group":"CON","customer_id":"","min_qty":0.96,"max_qty":9999999,"steps":0.96,"price":11.03,"price_incl":13.35,"delivery_group":"DELIVERY","warehouse_id":"W"},{"variation_id":"50820","customer_group":"DISTRI","customer_id":"","min_qty":0.96,"max_qty":9999999,"steps":0.96,"price":8.9,"price_incl":10.77,"delivery_group":"COLLECT","warehouse_id":"Z"},{"variation_id":"50820","customer_group":"DISTRI","customer_id":"","min_qty":0.96,"max_qty":9999999,"steps":0.96,"price":8.9,"price_incl":10.77,"delivery_group":"DELIVERY","warehouse_id":"Z"},{"variation_id":"50820","customer_group":"DISTRI","customer_id":"","min_qty":0.96,"max_qty":9999999,"steps":0.96,"price":8.9,"price_incl":10.77,"delivery_group":"COLLECT","warehouse_id":"L"},{"variation_id":"50820","customer_group":"DISTRI","customer_id":"","min_qty":0.96,"max_qty":9999999,"steps":0.96,"price":8.9,"price_incl":10.77,"delivery_group":"DELIVERY","warehouse_id":"L"},{"variation_id":"50820","customer_group":"DISTRI","customer_id":"","min_qty":0.96,"max_qty":9999999,"steps":0.96,"price":8.9,"price_incl":10.77,"delivery_group":"COLLECT","warehouse_id":"W"},{"variation_id":"50820","customer_group":"DISTRI","customer_id":"","min_qty":0.96,"max_qty":9999999,"steps":0.96,"price":8.9,"price_incl":10.77,"delivery_group":"DELIVERY","warehouse_id":"W"},{"variation_id":"50820","customer_group":"DISTRI","customer_id":"129214","min_qty":0.96,"max_qty":9999999,"steps":0.96,"price":6.78,"price_incl":8.2,"delivery_group":"COLLECT","warehouse_id":"Z"},{"variation_id":"50820","customer_group":"DISTRI","customer_id":"129214","min_qty":0.96,"max_qty":9999999,"steps":0.96,"price":6.78,"price_incl":8.2,"delivery_group":"DELIVERY","warehouse_id":"Z"},{"variation_id":"50820","customer_group":"DISTRI","customer_id":"129214","min_qty":0.96,"max_qty":9999999,"steps":0.96,"price":6.78,"price_incl":8.2,"delivery_group":"COLLECT","warehouse_id":"W"},{"variation_id":"50820","customer_group":"DISTRI","customer_id":"129214","min_qty":0.96,"max_qty":9999999,"steps":0.96,"price":6.78,"price_incl":8.2,"delivery_group":"DELIVERY","warehouse_id":"W"},{"variation_id":"50820","customer_group":"PER","customer_id":"","min_qty":0.96,"max_qty":9999999,"steps":0.96,"price":6.05,"price_incl":7.32,"delivery_group":"COLLECT","warehouse_id":"Z"},{"variation_id":"50820","customer_group":"PER","customer_id":"","min_qty":0.96,"max_qty":9999999,"steps":0.96,"price":6.05,"price_incl":7.32,"delivery_group":"DELIVERY","warehouse_id":"Z"},{"variation_id":"50820","customer_group":"PER","customer_id":"","min_qty":0.96,"max_qty":9999999,"steps":0.96,"price":6.05,"price_incl":7.32,"delivery_group":"COLLECT","warehouse_id":"L"},{"variation_id":"50820","customer_group":"PER","customer_id":"","min_qty":0.96,"max_qty":9999999,"steps":0.96,"price":6.05,"price_incl":7.32,"delivery_group":"DELIVERY","warehouse_id":"L"},{"variation_id":"50820","customer_group":"PER","customer_id":"","min_qty":0.96,"max_qty":9999999,"steps":0.96,"price":6.05,"price_incl":7.32,"delivery_group":"COLLECT","warehouse_id":"W"},{"variation_id":"50820","customer_group":"PER","customer_id":"","min_qty":0.96,"max_qty":9999999,"steps":0.96,"price":6.05,"price_incl":7.32,"delivery_group":"DELIVERY","warehouse_id":"W"}],"packaging_ids":[{"packaging_name":"m\u00b2","packaging_id":"8","erp_id":"5888"}]},"yoast_head":"<!-- This site is optimized with the Yoast SEO plugin v27.3 - https:\/\/yoast.com\/product\/yoast-seo-wordpress\/ -->\n<title>ECCOgravel 20D PEHD blanc - Gravelart<\/title>\n<meta name=\"description\" content=\"ECCOgravel 20D PEHD blanc : stabilisateur de gravier blanc avec g\u00e9otextile int\u00e9gr\u00e9. R\u00e9sistant aux UV et aux temp\u00e9ratures jusqu\u2019\u00e0 -20 \u00b0C.\" \/>\n<meta name=\"robots\" content=\"index, follow, max-snippet:-1, max-image-preview:large, max-video-preview:-1\" \/>\n<link rel=\"canonical\" href=\"https:\/\/gravelart.be\/fr\/product\/eccogravel-20d-pehd-blanc\/\" \/>\n<meta property=\"og:locale\" content=\"fr_FR\" \/>\n<meta property=\"og:type\" content=\"article\" \/>\n<meta property=\"og:title\" content=\"ECCOgravel 20D PEHD blanc - Gravelart\" \/>\n<meta property=\"og:description\" content=\"ECCOgravel 20D PEHD blanc : stabilisateur de gravier blanc avec g\u00e9otextile int\u00e9gr\u00e9. R\u00e9sistant aux UV et aux temp\u00e9ratures jusqu\u2019\u00e0 -20 \u00b0C.\" \/>\n<meta property=\"og:url\" content=\"https:\/\/gravelart.be\/fr\/product\/eccogravel-20d-pehd-blanc\/\" \/>\n<meta property=\"og:site_name\" content=\"Gravelart\" \/>\n<meta property=\"article:modified_time\" content=\"2026-03-03T15:57:58+00:00\" \/>\n<meta property=\"og:image\" content=\"https:\/\/gravelart.be\/wp-content\/uploads\/2023\/02\/eccogravel-40d-hdpe-12-m-x-16-m-x-4-cm-1.jpg\" \/>\n\t<meta property=\"og:image:width\" content=\"458\" \/>\n\t<meta property=\"og:image:height\" content=\"458\" \/>\n\t<meta property=\"og:image:type\" content=\"image\/jpeg\" \/>\n<meta name=\"twitter:card\" content=\"summary_large_image\" \/>\n<meta name=\"twitter:label1\" content=\"Dur\u00e9e de lecture estim\u00e9e\" \/>\n\t<meta name=\"twitter:data1\" content=\"1 minute\" \/>\n<script type=\"application\/ld+json\" class=\"yoast-schema-graph\">{\"@context\":\"https:\\\/\\\/schema.org\",\"@graph\":[{\"@type\":\"WebPage\",\"@id\":\"https:\\\/\\\/gravelart.be\\\/fr\\\/product\\\/eccogravel-20d-pehd-blanc\\\/\",\"url\":\"https:\\\/\\\/gravelart.be\\\/fr\\\/product\\\/eccogravel-20d-pehd-blanc\\\/\",\"name\":\"ECCOgravel 20D PEHD blanc - Gravelart\",\"isPartOf\":{\"@id\":\"https:\\\/\\\/gravelart.be\\\/fr\\\/#website\"},\"primaryImageOfPage\":{\"@id\":\"https:\\\/\\\/gravelart.be\\\/fr\\\/product\\\/eccogravel-20d-pehd-blanc\\\/#primaryimage\"},\"image\":{\"@id\":\"https:\\\/\\\/gravelart.be\\\/fr\\\/product\\\/eccogravel-20d-pehd-blanc\\\/#primaryimage\"},\"thumbnailUrl\":\"https:\\\/\\\/gravelart.be\\\/wp-content\\\/uploads\\\/2023\\\/02\\\/eccogravel-40d-hdpe-12-m-x-16-m-x-4-cm-1.jpg\",\"datePublished\":\"2023-02-02T08:15:43+00:00\",\"dateModified\":\"2026-03-03T15:57:58+00:00\",\"description\":\"ECCOgravel 20D PEHD blanc : stabilisateur de gravier blanc avec g\u00e9otextile int\u00e9gr\u00e9. R\u00e9sistant aux UV et aux temp\u00e9ratures jusqu\u2019\u00e0 -20 \u00b0C.\",\"breadcrumb\":{\"@id\":\"https:\\\/\\\/gravelart.be\\\/fr\\\/product\\\/eccogravel-20d-pehd-blanc\\\/#breadcrumb\"},\"inLanguage\":\"fr-FR\",\"potentialAction\":[{\"@type\":\"ReadAction\",\"target\":[\"https:\\\/\\\/gravelart.be\\\/fr\\\/product\\\/eccogravel-20d-pehd-blanc\\\/\"]}]},{\"@type\":\"ImageObject\",\"inLanguage\":\"fr-FR\",\"@id\":\"https:\\\/\\\/gravelart.be\\\/fr\\\/product\\\/eccogravel-20d-pehd-blanc\\\/#primaryimage\",\"url\":\"https:\\\/\\\/gravelart.be\\\/wp-content\\\/uploads\\\/2023\\\/02\\\/eccogravel-40d-hdpe-12-m-x-16-m-x-4-cm-1.jpg\",\"contentUrl\":\"https:\\\/\\\/gravelart.be\\\/wp-content\\\/uploads\\\/2023\\\/02\\\/eccogravel-40d-hdpe-12-m-x-16-m-x-4-cm-1.jpg\",\"width\":458,\"height\":458,\"caption\":\"eccogravel stabilisateur de gravier\"},{\"@type\":\"BreadcrumbList\",\"@id\":\"https:\\\/\\\/gravelart.be\\\/fr\\\/product\\\/eccogravel-20d-pehd-blanc\\\/#breadcrumb\",\"itemListElement\":[{\"@type\":\"ListItem\",\"position\":1,\"name\":\"Home\",\"item\":\"https:\\\/\\\/gravelart.be\\\/fr\\\/\"},{\"@type\":\"ListItem\",\"position\":2,\"name\":\"Produits\",\"item\":\"https:\\\/\\\/gravelart.be\\\/fr\\\/boutique\\\/\"},{\"@type\":\"ListItem\",\"position\":3,\"name\":\"ECCOgravel 20D PEHD blanc\"}]},{\"@type\":\"WebSite\",\"@id\":\"https:\\\/\\\/gravelart.be\\\/fr\\\/#website\",\"url\":\"https:\\\/\\\/gravelart.be\\\/fr\\\/\",\"name\":\"Gravelart\",\"description\":\"Alles voor tuin en park\",\"publisher\":{\"@id\":\"https:\\\/\\\/gravelart.be\\\/fr\\\/#organization\"},\"potentialAction\":[{\"@type\":\"SearchAction\",\"target\":{\"@type\":\"EntryPoint\",\"urlTemplate\":\"https:\\\/\\\/gravelart.be\\\/fr\\\/?s={search_term_string}\"},\"query-input\":{\"@type\":\"PropertyValueSpecification\",\"valueRequired\":true,\"valueName\":\"search_term_string\"}}],\"inLanguage\":\"fr-FR\"},{\"@type\":\"Organization\",\"@id\":\"https:\\\/\\\/gravelart.be\\\/fr\\\/#organization\",\"name\":\"Gravelart\",\"url\":\"https:\\\/\\\/gravelart.be\\\/fr\\\/\",\"logo\":{\"@type\":\"ImageObject\",\"inLanguage\":\"fr-FR\",\"@id\":\"https:\\\/\\\/gravelart.be\\\/fr\\\/#\\\/schema\\\/logo\\\/image\\\/\",\"url\":\"https:\\\/\\\/gravelart.be\\\/wp-content\\\/uploads\\\/2022\\\/10\\\/logo-gravelart.png\",\"contentUrl\":\"https:\\\/\\\/gravelart.be\\\/wp-content\\\/uploads\\\/2022\\\/10\\\/logo-gravelart.png\",\"width\":348,\"height\":186,\"caption\":\"Gravelart\"},\"image\":{\"@id\":\"https:\\\/\\\/gravelart.be\\\/fr\\\/#\\\/schema\\\/logo\\\/image\\\/\"}}]}<\/script>\n<!-- \/ Yoast SEO plugin. -->","yoast_head_json":{"title":"ECCOgravel 20D PEHD blanc - Gravelart","description":"ECCOgravel 20D PEHD blanc : stabilisateur de gravier blanc avec g\u00e9otextile int\u00e9gr\u00e9. R\u00e9sistant aux UV et aux temp\u00e9ratures jusqu\u2019\u00e0 -20 \u00b0C.","robots":{"index":"index","follow":"follow","max-snippet":"max-snippet:-1","max-image-preview":"max-image-preview:large","max-video-preview":"max-video-preview:-1"},"canonical":"https:\/\/gravelart.be\/fr\/product\/eccogravel-20d-pehd-blanc\/","og_locale":"fr_FR","og_type":"article","og_title":"ECCOgravel 20D PEHD blanc - Gravelart","og_description":"ECCOgravel 20D PEHD blanc : stabilisateur de gravier blanc avec g\u00e9otextile int\u00e9gr\u00e9. R\u00e9sistant aux UV et aux temp\u00e9ratures jusqu\u2019\u00e0 -20 \u00b0C.","og_url":"https:\/\/gravelart.be\/fr\/product\/eccogravel-20d-pehd-blanc\/","og_site_name":"Gravelart","article_modified_time":"2026-03-03T15:57:58+00:00","og_image":[{"width":458,"height":458,"url":"https:\/\/gravelart.be\/wp-content\/uploads\/2023\/02\/eccogravel-40d-hdpe-12-m-x-16-m-x-4-cm-1.jpg","type":"image\/jpeg"}],"twitter_card":"summary_large_image","twitter_misc":{"Dur\u00e9e de lecture estim\u00e9e":"1 minute"},"schema":{"@context":"https:\/\/schema.org","@graph":[{"@type":"WebPage","@id":"https:\/\/gravelart.be\/fr\/product\/eccogravel-20d-pehd-blanc\/","url":"https:\/\/gravelart.be\/fr\/product\/eccogravel-20d-pehd-blanc\/","name":"ECCOgravel 20D PEHD blanc - Gravelart","isPartOf":{"@id":"https:\/\/gravelart.be\/fr\/#website"},"primaryImageOfPage":{"@id":"https:\/\/gravelart.be\/fr\/product\/eccogravel-20d-pehd-blanc\/#primaryimage"},"image":{"@id":"https:\/\/gravelart.be\/fr\/product\/eccogravel-20d-pehd-blanc\/#primaryimage"},"thumbnailUrl":"https:\/\/gravelart.be\/wp-content\/uploads\/2023\/02\/eccogravel-40d-hdpe-12-m-x-16-m-x-4-cm-1.jpg","datePublished":"2023-02-02T08:15:43+00:00","dateModified":"2026-03-03T15:57:58+00:00","description":"ECCOgravel 20D PEHD blanc : stabilisateur de gravier blanc avec g\u00e9otextile int\u00e9gr\u00e9. R\u00e9sistant aux UV et aux temp\u00e9ratures jusqu\u2019\u00e0 -20 \u00b0C.","breadcrumb":{"@id":"https:\/\/gravelart.be\/fr\/product\/eccogravel-20d-pehd-blanc\/#breadcrumb"},"inLanguage":"fr-FR","potentialAction":[{"@type":"ReadAction","target":["https:\/\/gravelart.be\/fr\/product\/eccogravel-20d-pehd-blanc\/"]}]},{"@type":"ImageObject","inLanguage":"fr-FR","@id":"https:\/\/gravelart.be\/fr\/product\/eccogravel-20d-pehd-blanc\/#primaryimage","url":"https:\/\/gravelart.be\/wp-content\/uploads\/2023\/02\/eccogravel-40d-hdpe-12-m-x-16-m-x-4-cm-1.jpg","contentUrl":"https:\/\/gravelart.be\/wp-content\/uploads\/2023\/02\/eccogravel-40d-hdpe-12-m-x-16-m-x-4-cm-1.jpg","width":458,"height":458,"caption":"eccogravel stabilisateur de gravier"},{"@type":"BreadcrumbList","@id":"https:\/\/gravelart.be\/fr\/product\/eccogravel-20d-pehd-blanc\/#breadcrumb","itemListElement":[{"@type":"ListItem","position":1,"name":"Home","item":"https:\/\/gravelart.be\/fr\/"},{"@type":"ListItem","position":2,"name":"Produits","item":"https:\/\/gravelart.be\/fr\/boutique\/"},{"@type":"ListItem","position":3,"name":"ECCOgravel 20D PEHD blanc"}]},{"@type":"WebSite","@id":"https:\/\/gravelart.be\/fr\/#website","url":"https:\/\/gravelart.be\/fr\/","name":"Gravelart","description":"Alles voor tuin en park","publisher":{"@id":"https:\/\/gravelart.be\/fr\/#organization"},"potentialAction":[{"@type":"SearchAction","target":{"@type":"EntryPoint","urlTemplate":"https:\/\/gravelart.be\/fr\/?s={search_term_string}"},"query-input":{"@type":"PropertyValueSpecification","valueRequired":true,"valueName":"search_term_string"}}],"inLanguage":"fr-FR"},{"@type":"Organization","@id":"https:\/\/gravelart.be\/fr\/#organization","name":"Gravelart","url":"https:\/\/gravelart.be\/fr\/","logo":{"@type":"ImageObject","inLanguage":"fr-FR","@id":"https:\/\/gravelart.be\/fr\/#\/schema\/logo\/image\/","url":"https:\/\/gravelart.be\/wp-content\/uploads\/2022\/10\/logo-gravelart.png","contentUrl":"https:\/\/gravelart.be\/wp-content\/uploads\/2022\/10\/logo-gravelart.png","width":348,"height":186,"caption":"Gravelart"},"image":{"@id":"https:\/\/gravelart.be\/fr\/#\/schema\/logo\/image\/"}}]}},"_links":{"self":[{"href":"https:\/\/gravelart.be\/fr\/wp-json\/wp\/v2\/product\/32741","targetHints":{"allow":["GET"]}}],"collection":[{"href":"https:\/\/gravelart.be\/fr\/wp-json\/wp\/v2\/product"}],"about":[{"href":"https:\/\/gravelart.be\/fr\/wp-json\/wp\/v2\/types\/product"}],"replies":[{"embeddable":true,"href":"https:\/\/gravelart.be\/fr\/wp-json\/wp\/v2\/comments?post=32741"}],"wp:featuredmedia":[{"embeddable":true,"href":"https:\/\/gravelart.be\/fr\/wp-json\/wp\/v2\/media\/43997"}],"wp:attachment":[{"href":"https:\/\/gravelart.be\/fr\/wp-json\/wp\/v2\/media?parent=32741"}],"wp:term":[{"taxonomy":"product_brand","embeddable":true,"href":"https:\/\/gravelart.be\/fr\/wp-json\/wp\/v2\/product_brand?post=32741"},{"taxonomy":"product_cat","embeddable":true,"href":"https:\/\/gravelart.be\/fr\/wp-json\/wp\/v2\/product_cat?post=32741"},{"taxonomy":"product_tag","embeddable":true,"href":"https:\/\/gravelart.be\/fr\/wp-json\/wp\/v2\/product_tag?post=32741"}],"curies":[{"name":"wp","href":"https:\/\/api.w.org\/{rel}","templated":true}]}}