{"id":32747,"date":"2023-02-02T09:15:48","date_gmt":"2023-02-02T08:15:48","guid":{"rendered":"https:\/\/gravelart.be\/?post_type=product&#038;p=32747"},"modified":"2026-03-10T11:43:30","modified_gmt":"2026-03-10T10:43:30","slug":"eccogravel-30d-hdpe-zwart-12-m-x-16-m-x-3-cm","status":"publish","type":"product","link":"https:\/\/gravelart.be\/fr\/product\/eccogravel-30d-hdpe-zwart-12-m-x-16-m-x-3-cm\/","title":{"rendered":"ECCOgravel 30D HDPE Zwart"},"content":{"rendered":"","protected":false},"excerpt":{"rendered":"<p><a href=\"https:\/\/gravelart.be\/fr\/product-categorie\/gravier-stabilisateurs-de-gravier\/stabilisateur-de-gravier\/\">ECCOgravel <\/a>est une dalle stabilisatrice de gravier en structure nid d\u2019abeille, \u00e9quip\u00e9e d\u2019un g\u00e9otextile perm\u00e9able \u00e0 l\u2019eau thermiquement fix\u00e9 en dessous. Gr\u00e2ce \u00e0 cette stabilisation, vos all\u00e9es pi\u00e9tonnes, acc\u00e8s carrossables et parkings sont parfaitement praticables \u00e0 pied comme en voiture. Apr\u00e8s une pose correcte, nous garantissons un rev\u00eatement durable, n\u00e9cessitant peu d\u2019entretien et offrant un aspect naturel et soign\u00e9. ECCOgravel est disponible en deux hauteurs ; cette hauteur correspond \u00e0 la version la plus robuste, adapt\u00e9e aux all\u00e9es et parkings. Des <a href=\"https:\/\/gravelart.be\/fr\/product\/pots-de-marquage-blanc\/\">pots de marquage <\/a>sont \u00e9galement disponibles pour d\u00e9limiter les emplacements.<br \/>Fabriqu\u00e9 en poly\u00e9thyl\u00e8ne haute densit\u00e9 (HDPE), ECCOgravel est r\u00e9sistant aux UV et supporte des temp\u00e9ratures allant jusqu\u2019\u00e0 -20 \u00b0C.<\/p>\n<p>    <\/p>\n<p>&nbsp;<\/p>\n","protected":false},"featured_media":43183,"comment_status":"open","ping_status":"closed","template":"","meta":{"_acf_changed":false,"inline_featured_image":false},"product_brand":[],"product_cat":[4894,4155],"product_tag":[],"class_list":{"0":"post-32747","1":"product","2":"type-product","3":"status-publish","4":"has-post-thumbnail","6":"product_cat-gravier-stabilisateurs-de-gravier","7":"product_cat-stabilisateur-de-gravier","9":"first","10":"instock","11":"taxable","12":"shipping-taxable","13":"purchasable","14":"product-type-variable","15":"has-default-attributes"},"acf":{"woocommerce_erp_id":"5357","woocommerce_cnk_id":"100716","product_density":1.92,"custom_prices":[{"variation_id":"44126","customer_group":"PRO","customer_id":"","min_qty":1.92,"max_qty":708.48,"steps":1.92,"price":9.7,"price_incl":11.74,"delivery_group":"COLLECT","warehouse_id":"Z"}],"packaging_ids":[{"packaging_name":"m\u00b2","packaging_id":"8","erp_id":"5357"}]},"yoast_head":"<!-- This site is optimized with the Yoast SEO plugin v27.3 - https:\/\/yoast.com\/product\/yoast-seo-wordpress\/ -->\n<title>ECCOgravel 30D HDPE Zwart - Gravelart<\/title>\n<meta name=\"description\" content=\"ECCOgravel 30D HDPE Zwart est une dalle \u00e0 gravier noire avec g\u00e9otextile int\u00e9gr\u00e9. La dalle \u00e0 gravier est r\u00e9sistante aux UV et aux temp\u00e9ratures jusqu\u2019\u00e0 -20\u00b0C.\" \/>\n<meta name=\"robots\" content=\"index, follow, max-snippet:-1, max-image-preview:large, max-video-preview:-1\" \/>\n<link rel=\"canonical\" href=\"https:\/\/gravelart.be\/fr\/product\/eccogravel-30d-hdpe-zwart-12-m-x-16-m-x-3-cm\/\" \/>\n<meta property=\"og:locale\" content=\"fr_FR\" \/>\n<meta property=\"og:type\" content=\"article\" \/>\n<meta property=\"og:title\" content=\"ECCOgravel 30D HDPE Zwart - Gravelart\" \/>\n<meta property=\"og:description\" content=\"ECCOgravel 30D HDPE Zwart est une dalle \u00e0 gravier noire avec g\u00e9otextile int\u00e9gr\u00e9. La dalle \u00e0 gravier est r\u00e9sistante aux UV et aux temp\u00e9ratures jusqu\u2019\u00e0 -20\u00b0C.\" \/>\n<meta property=\"og:url\" content=\"https:\/\/gravelart.be\/fr\/product\/eccogravel-30d-hdpe-zwart-12-m-x-16-m-x-3-cm\/\" \/>\n<meta property=\"og:site_name\" content=\"Gravelart\" \/>\n<meta property=\"article:modified_time\" content=\"2026-03-10T10:43:30+00:00\" \/>\n<meta property=\"og:image\" content=\"https:\/\/gravelart.be\/wp-content\/uploads\/2023\/02\/WEBSHOP_IMAGE_1-5357-1.jpg\" \/>\n\t<meta property=\"og:image:width\" content=\"1800\" \/>\n\t<meta property=\"og:image:height\" content=\"1800\" \/>\n\t<meta property=\"og:image:type\" content=\"image\/jpeg\" \/>\n<meta name=\"twitter:card\" content=\"summary_large_image\" \/>\n<meta name=\"twitter:label1\" content=\"Dur\u00e9e de lecture estim\u00e9e\" \/>\n\t<meta name=\"twitter:data1\" content=\"1 minute\" \/>\n<script type=\"application\/ld+json\" class=\"yoast-schema-graph\">{\"@context\":\"https:\\\/\\\/schema.org\",\"@graph\":[{\"@type\":\"WebPage\",\"@id\":\"https:\\\/\\\/gravelart.be\\\/fr\\\/product\\\/eccogravel-30d-hdpe-zwart-12-m-x-16-m-x-3-cm\\\/\",\"url\":\"https:\\\/\\\/gravelart.be\\\/fr\\\/product\\\/eccogravel-30d-hdpe-zwart-12-m-x-16-m-x-3-cm\\\/\",\"name\":\"ECCOgravel 30D HDPE Zwart - Gravelart\",\"isPartOf\":{\"@id\":\"https:\\\/\\\/gravelart.be\\\/fr\\\/#website\"},\"primaryImageOfPage\":{\"@id\":\"https:\\\/\\\/gravelart.be\\\/fr\\\/product\\\/eccogravel-30d-hdpe-zwart-12-m-x-16-m-x-3-cm\\\/#primaryimage\"},\"image\":{\"@id\":\"https:\\\/\\\/gravelart.be\\\/fr\\\/product\\\/eccogravel-30d-hdpe-zwart-12-m-x-16-m-x-3-cm\\\/#primaryimage\"},\"thumbnailUrl\":\"https:\\\/\\\/gravelart.be\\\/wp-content\\\/uploads\\\/2023\\\/02\\\/WEBSHOP_IMAGE_1-5357-1.jpg\",\"datePublished\":\"2023-02-02T08:15:48+00:00\",\"dateModified\":\"2026-03-10T10:43:30+00:00\",\"description\":\"ECCOgravel 30D HDPE Zwart est une dalle \u00e0 gravier noire avec g\u00e9otextile int\u00e9gr\u00e9. La dalle \u00e0 gravier est r\u00e9sistante aux UV et aux temp\u00e9ratures jusqu\u2019\u00e0 -20\u00b0C.\",\"breadcrumb\":{\"@id\":\"https:\\\/\\\/gravelart.be\\\/fr\\\/product\\\/eccogravel-30d-hdpe-zwart-12-m-x-16-m-x-3-cm\\\/#breadcrumb\"},\"inLanguage\":\"fr-FR\",\"potentialAction\":[{\"@type\":\"ReadAction\",\"target\":[\"https:\\\/\\\/gravelart.be\\\/fr\\\/product\\\/eccogravel-30d-hdpe-zwart-12-m-x-16-m-x-3-cm\\\/\"]}]},{\"@type\":\"ImageObject\",\"inLanguage\":\"fr-FR\",\"@id\":\"https:\\\/\\\/gravelart.be\\\/fr\\\/product\\\/eccogravel-30d-hdpe-zwart-12-m-x-16-m-x-3-cm\\\/#primaryimage\",\"url\":\"https:\\\/\\\/gravelart.be\\\/wp-content\\\/uploads\\\/2023\\\/02\\\/WEBSHOP_IMAGE_1-5357-1.jpg\",\"contentUrl\":\"https:\\\/\\\/gravelart.be\\\/wp-content\\\/uploads\\\/2023\\\/02\\\/WEBSHOP_IMAGE_1-5357-1.jpg\",\"width\":1800,\"height\":1800,\"caption\":\"Stabilisateur de gravier noir\"},{\"@type\":\"BreadcrumbList\",\"@id\":\"https:\\\/\\\/gravelart.be\\\/fr\\\/product\\\/eccogravel-30d-hdpe-zwart-12-m-x-16-m-x-3-cm\\\/#breadcrumb\",\"itemListElement\":[{\"@type\":\"ListItem\",\"position\":1,\"name\":\"Home\",\"item\":\"https:\\\/\\\/gravelart.be\\\/fr\\\/\"},{\"@type\":\"ListItem\",\"position\":2,\"name\":\"Produits\",\"item\":\"https:\\\/\\\/gravelart.be\\\/fr\\\/boutique\\\/\"},{\"@type\":\"ListItem\",\"position\":3,\"name\":\"ECCOgravel 30D HDPE Zwart\"}]},{\"@type\":\"WebSite\",\"@id\":\"https:\\\/\\\/gravelart.be\\\/fr\\\/#website\",\"url\":\"https:\\\/\\\/gravelart.be\\\/fr\\\/\",\"name\":\"Gravelart\",\"description\":\"Alles voor tuin en park\",\"publisher\":{\"@id\":\"https:\\\/\\\/gravelart.be\\\/fr\\\/#organization\"},\"potentialAction\":[{\"@type\":\"SearchAction\",\"target\":{\"@type\":\"EntryPoint\",\"urlTemplate\":\"https:\\\/\\\/gravelart.be\\\/fr\\\/?s={search_term_string}\"},\"query-input\":{\"@type\":\"PropertyValueSpecification\",\"valueRequired\":true,\"valueName\":\"search_term_string\"}}],\"inLanguage\":\"fr-FR\"},{\"@type\":\"Organization\",\"@id\":\"https:\\\/\\\/gravelart.be\\\/fr\\\/#organization\",\"name\":\"Gravelart\",\"url\":\"https:\\\/\\\/gravelart.be\\\/fr\\\/\",\"logo\":{\"@type\":\"ImageObject\",\"inLanguage\":\"fr-FR\",\"@id\":\"https:\\\/\\\/gravelart.be\\\/fr\\\/#\\\/schema\\\/logo\\\/image\\\/\",\"url\":\"https:\\\/\\\/gravelart.be\\\/wp-content\\\/uploads\\\/2022\\\/10\\\/logo-gravelart.png\",\"contentUrl\":\"https:\\\/\\\/gravelart.be\\\/wp-content\\\/uploads\\\/2022\\\/10\\\/logo-gravelart.png\",\"width\":348,\"height\":186,\"caption\":\"Gravelart\"},\"image\":{\"@id\":\"https:\\\/\\\/gravelart.be\\\/fr\\\/#\\\/schema\\\/logo\\\/image\\\/\"}}]}<\/script>\n<!-- \/ Yoast SEO plugin. -->","yoast_head_json":{"title":"ECCOgravel 30D HDPE Zwart - Gravelart","description":"ECCOgravel 30D HDPE Zwart est une dalle \u00e0 gravier noire avec g\u00e9otextile int\u00e9gr\u00e9. La dalle \u00e0 gravier est r\u00e9sistante aux UV et aux temp\u00e9ratures jusqu\u2019\u00e0 -20\u00b0C.","robots":{"index":"index","follow":"follow","max-snippet":"max-snippet:-1","max-image-preview":"max-image-preview:large","max-video-preview":"max-video-preview:-1"},"canonical":"https:\/\/gravelart.be\/fr\/product\/eccogravel-30d-hdpe-zwart-12-m-x-16-m-x-3-cm\/","og_locale":"fr_FR","og_type":"article","og_title":"ECCOgravel 30D HDPE Zwart - Gravelart","og_description":"ECCOgravel 30D HDPE Zwart est une dalle \u00e0 gravier noire avec g\u00e9otextile int\u00e9gr\u00e9. La dalle \u00e0 gravier est r\u00e9sistante aux UV et aux temp\u00e9ratures jusqu\u2019\u00e0 -20\u00b0C.","og_url":"https:\/\/gravelart.be\/fr\/product\/eccogravel-30d-hdpe-zwart-12-m-x-16-m-x-3-cm\/","og_site_name":"Gravelart","article_modified_time":"2026-03-10T10:43:30+00:00","og_image":[{"width":1800,"height":1800,"url":"https:\/\/gravelart.be\/wp-content\/uploads\/2023\/02\/WEBSHOP_IMAGE_1-5357-1.jpg","type":"image\/jpeg"}],"twitter_card":"summary_large_image","twitter_misc":{"Dur\u00e9e de lecture estim\u00e9e":"1 minute"},"schema":{"@context":"https:\/\/schema.org","@graph":[{"@type":"WebPage","@id":"https:\/\/gravelart.be\/fr\/product\/eccogravel-30d-hdpe-zwart-12-m-x-16-m-x-3-cm\/","url":"https:\/\/gravelart.be\/fr\/product\/eccogravel-30d-hdpe-zwart-12-m-x-16-m-x-3-cm\/","name":"ECCOgravel 30D HDPE Zwart - Gravelart","isPartOf":{"@id":"https:\/\/gravelart.be\/fr\/#website"},"primaryImageOfPage":{"@id":"https:\/\/gravelart.be\/fr\/product\/eccogravel-30d-hdpe-zwart-12-m-x-16-m-x-3-cm\/#primaryimage"},"image":{"@id":"https:\/\/gravelart.be\/fr\/product\/eccogravel-30d-hdpe-zwart-12-m-x-16-m-x-3-cm\/#primaryimage"},"thumbnailUrl":"https:\/\/gravelart.be\/wp-content\/uploads\/2023\/02\/WEBSHOP_IMAGE_1-5357-1.jpg","datePublished":"2023-02-02T08:15:48+00:00","dateModified":"2026-03-10T10:43:30+00:00","description":"ECCOgravel 30D HDPE Zwart est une dalle \u00e0 gravier noire avec g\u00e9otextile int\u00e9gr\u00e9. La dalle \u00e0 gravier est r\u00e9sistante aux UV et aux temp\u00e9ratures jusqu\u2019\u00e0 -20\u00b0C.","breadcrumb":{"@id":"https:\/\/gravelart.be\/fr\/product\/eccogravel-30d-hdpe-zwart-12-m-x-16-m-x-3-cm\/#breadcrumb"},"inLanguage":"fr-FR","potentialAction":[{"@type":"ReadAction","target":["https:\/\/gravelart.be\/fr\/product\/eccogravel-30d-hdpe-zwart-12-m-x-16-m-x-3-cm\/"]}]},{"@type":"ImageObject","inLanguage":"fr-FR","@id":"https:\/\/gravelart.be\/fr\/product\/eccogravel-30d-hdpe-zwart-12-m-x-16-m-x-3-cm\/#primaryimage","url":"https:\/\/gravelart.be\/wp-content\/uploads\/2023\/02\/WEBSHOP_IMAGE_1-5357-1.jpg","contentUrl":"https:\/\/gravelart.be\/wp-content\/uploads\/2023\/02\/WEBSHOP_IMAGE_1-5357-1.jpg","width":1800,"height":1800,"caption":"Stabilisateur de gravier noir"},{"@type":"BreadcrumbList","@id":"https:\/\/gravelart.be\/fr\/product\/eccogravel-30d-hdpe-zwart-12-m-x-16-m-x-3-cm\/#breadcrumb","itemListElement":[{"@type":"ListItem","position":1,"name":"Home","item":"https:\/\/gravelart.be\/fr\/"},{"@type":"ListItem","position":2,"name":"Produits","item":"https:\/\/gravelart.be\/fr\/boutique\/"},{"@type":"ListItem","position":3,"name":"ECCOgravel 30D HDPE Zwart"}]},{"@type":"WebSite","@id":"https:\/\/gravelart.be\/fr\/#website","url":"https:\/\/gravelart.be\/fr\/","name":"Gravelart","description":"Alles voor tuin en park","publisher":{"@id":"https:\/\/gravelart.be\/fr\/#organization"},"potentialAction":[{"@type":"SearchAction","target":{"@type":"EntryPoint","urlTemplate":"https:\/\/gravelart.be\/fr\/?s={search_term_string}"},"query-input":{"@type":"PropertyValueSpecification","valueRequired":true,"valueName":"search_term_string"}}],"inLanguage":"fr-FR"},{"@type":"Organization","@id":"https:\/\/gravelart.be\/fr\/#organization","name":"Gravelart","url":"https:\/\/gravelart.be\/fr\/","logo":{"@type":"ImageObject","inLanguage":"fr-FR","@id":"https:\/\/gravelart.be\/fr\/#\/schema\/logo\/image\/","url":"https:\/\/gravelart.be\/wp-content\/uploads\/2022\/10\/logo-gravelart.png","contentUrl":"https:\/\/gravelart.be\/wp-content\/uploads\/2022\/10\/logo-gravelart.png","width":348,"height":186,"caption":"Gravelart"},"image":{"@id":"https:\/\/gravelart.be\/fr\/#\/schema\/logo\/image\/"}}]}},"_links":{"self":[{"href":"https:\/\/gravelart.be\/fr\/wp-json\/wp\/v2\/product\/32747","targetHints":{"allow":["GET"]}}],"collection":[{"href":"https:\/\/gravelart.be\/fr\/wp-json\/wp\/v2\/product"}],"about":[{"href":"https:\/\/gravelart.be\/fr\/wp-json\/wp\/v2\/types\/product"}],"replies":[{"embeddable":true,"href":"https:\/\/gravelart.be\/fr\/wp-json\/wp\/v2\/comments?post=32747"}],"wp:featuredmedia":[{"embeddable":true,"href":"https:\/\/gravelart.be\/fr\/wp-json\/wp\/v2\/media\/43183"}],"wp:attachment":[{"href":"https:\/\/gravelart.be\/fr\/wp-json\/wp\/v2\/media?parent=32747"}],"wp:term":[{"taxonomy":"product_brand","embeddable":true,"href":"https:\/\/gravelart.be\/fr\/wp-json\/wp\/v2\/product_brand?post=32747"},{"taxonomy":"product_cat","embeddable":true,"href":"https:\/\/gravelart.be\/fr\/wp-json\/wp\/v2\/product_cat?post=32747"},{"taxonomy":"product_tag","embeddable":true,"href":"https:\/\/gravelart.be\/fr\/wp-json\/wp\/v2\/product_tag?post=32747"}],"curies":[{"name":"wp","href":"https:\/\/api.w.org\/{rel}","templated":true}]}}