{"id":32759,"date":"2023-02-02T09:16:01","date_gmt":"2023-02-02T08:16:01","guid":{"rendered":"https:\/\/gravelart.be\/?post_type=product&#038;p=32759"},"modified":"2026-03-10T10:58:16","modified_gmt":"2026-03-10T09:58:16","slug":"humuforte-fpbio3-plantes-acidophiles","status":"publish","type":"product","link":"https:\/\/gravelart.be\/fr\/product\/humuforte-fpbio3-plantes-acidophiles\/","title":{"rendered":"HumuForte FPBIO3 Plantes Acidophiles"},"content":{"rendered":"","protected":false},"excerpt":{"rendered":"<p>Une formule \u00e9quilibr\u00e9e pour, entre autres, le rhododendron, l&rsquo;hortensia et d&rsquo;autres plantes acidophiles. Cet engrais nourrit le sol pendant environ 100 jours et am\u00e9liore la vie du sol. Il est facile \u00e0 r\u00e9pandre et il n&rsquo;y a aucun risque de br\u00fblure, de sorte qu&rsquo;il peut \u00e9galement \u00eatre utilis\u00e9 juste avant la plantation. L&rsquo;engrais contient du magn\u00e9sium suppl\u00e9mentaire pour des feuilles vert fonc\u00e9 et fortes! Autoris\u00e9 pour une utilisation en agriculture biologique! 5 &#8211; 15 kg par 100 m\u00b2, en fonction du type de sol, des conditions du sol et de l&rsquo;application. NPK: 6-5-10 + 2 MgO + Fe<\/p>\n","protected":false},"featured_media":40891,"comment_status":"open","ping_status":"closed","template":"","meta":{"_acf_changed":false,"inline_featured_image":false},"product_brand":[],"product_cat":[4138],"product_tag":[],"class_list":{"0":"post-32759","1":"product","2":"type-product","3":"status-publish","4":"has-post-thumbnail","6":"product_cat-engrais-organiques-terreau-engrais","8":"first","9":"instock","10":"taxable","11":"shipping-taxable","12":"purchasable","13":"product-type-variable","14":"has-default-attributes"},"acf":{"woocommerce_erp_id":"6290","woocommerce_cnk_id":"100724","product_density":0,"custom_prices":[{"variation_id":"73","customer_group":"PRO","customer_id":"","min_qty":1,"max_qty":9999999,"steps":1,"price":15.65,"price_incl":16.59,"delivery_group":"COLLECT","warehouse_id":""},{"variation_id":"73","customer_group":"PRO","customer_id":"","min_qty":1,"max_qty":9999999,"steps":1,"price":15.65,"price_incl":16.59,"delivery_group":"DELIVERY","warehouse_id":""}],"packaging_ids":[{"packaging_name":"Pi\u00e8ce","packaging_id":"7","erp_id":"6290"}]},"yoast_head":"<!-- This site is optimized with the Yoast SEO plugin v25.8 - https:\/\/yoast.com\/wordpress\/plugins\/seo\/ -->\n<title>HumuForte FPBIO3 Plantes Acidophiles - Gravelart<\/title>\n<meta name=\"description\" content=\"Bestel HumuForte FPBIO3 Plantes Acidophiles voor jouw volgende tuinproject.\" \/>\n<meta name=\"robots\" content=\"index, follow, max-snippet:-1, max-image-preview:large, max-video-preview:-1\" \/>\n<link rel=\"canonical\" href=\"https:\/\/gravelart.be\/fr\/product\/humuforte-fpbio3-plantes-acidophiles\/\" \/>\n<meta property=\"og:locale\" content=\"fr_FR\" \/>\n<meta property=\"og:type\" content=\"article\" \/>\n<meta property=\"og:title\" content=\"HumuForte FPBIO3 Plantes Acidophiles - Gravelart\" \/>\n<meta property=\"og:description\" content=\"Bestel HumuForte FPBIO3 Plantes Acidophiles voor jouw volgende tuinproject.\" \/>\n<meta property=\"og:url\" content=\"https:\/\/gravelart.be\/fr\/product\/humuforte-fpbio3-plantes-acidophiles\/\" \/>\n<meta property=\"og:site_name\" content=\"Gravelart\" \/>\n<meta property=\"article:modified_time\" content=\"2026-03-10T09:58:16+00:00\" \/>\n<meta property=\"og:image\" content=\"https:\/\/gravelart.be\/wp-content\/uploads\/2023\/02\/WEBSHOP_IMAGE_1-6290.jpg\" \/>\n\t<meta property=\"og:image:width\" content=\"800\" \/>\n\t<meta property=\"og:image:height\" content=\"800\" \/>\n\t<meta property=\"og:image:type\" content=\"image\/jpeg\" \/>\n<meta name=\"twitter:card\" content=\"summary_large_image\" \/>\n<script type=\"application\/ld+json\" class=\"yoast-schema-graph\">{\"@context\":\"https:\/\/schema.org\",\"@graph\":[{\"@type\":\"WebPage\",\"@id\":\"https:\/\/gravelart.be\/fr\/product\/humuforte-fpbio3-plantes-acidophiles\/\",\"url\":\"https:\/\/gravelart.be\/fr\/product\/humuforte-fpbio3-plantes-acidophiles\/\",\"name\":\"HumuForte FPBIO3 Plantes Acidophiles - Gravelart\",\"isPartOf\":{\"@id\":\"https:\/\/gravelart.be\/fr\/#website\"},\"primaryImageOfPage\":{\"@id\":\"https:\/\/gravelart.be\/fr\/product\/humuforte-fpbio3-plantes-acidophiles\/#primaryimage\"},\"image\":{\"@id\":\"https:\/\/gravelart.be\/fr\/product\/humuforte-fpbio3-plantes-acidophiles\/#primaryimage\"},\"thumbnailUrl\":\"https:\/\/gravelart.be\/wp-content\/uploads\/2023\/02\/WEBSHOP_IMAGE_1-6290.jpg\",\"datePublished\":\"2023-02-02T08:16:01+00:00\",\"dateModified\":\"2026-03-10T09:58:16+00:00\",\"description\":\"Bestel HumuForte FPBIO3 Plantes Acidophiles voor jouw volgende tuinproject.\",\"breadcrumb\":{\"@id\":\"https:\/\/gravelart.be\/fr\/product\/humuforte-fpbio3-plantes-acidophiles\/#breadcrumb\"},\"inLanguage\":\"fr-FR\",\"potentialAction\":[{\"@type\":\"ReadAction\",\"target\":[\"https:\/\/gravelart.be\/fr\/product\/humuforte-fpbio3-plantes-acidophiles\/\"]}]},{\"@type\":\"ImageObject\",\"inLanguage\":\"fr-FR\",\"@id\":\"https:\/\/gravelart.be\/fr\/product\/humuforte-fpbio3-plantes-acidophiles\/#primaryimage\",\"url\":\"https:\/\/gravelart.be\/wp-content\/uploads\/2023\/02\/WEBSHOP_IMAGE_1-6290.jpg\",\"contentUrl\":\"https:\/\/gravelart.be\/wp-content\/uploads\/2023\/02\/WEBSHOP_IMAGE_1-6290.jpg\",\"width\":800,\"height\":800,\"caption\":\"Meststof voor zuurminnende planten\"},{\"@type\":\"BreadcrumbList\",\"@id\":\"https:\/\/gravelart.be\/fr\/product\/humuforte-fpbio3-plantes-acidophiles\/#breadcrumb\",\"itemListElement\":[{\"@type\":\"ListItem\",\"position\":1,\"name\":\"Home\",\"item\":\"https:\/\/gravelart.be\/fr\/\"},{\"@type\":\"ListItem\",\"position\":2,\"name\":\"Produits\",\"item\":\"https:\/\/gravelart.be\/fr\/boutique\/\"},{\"@type\":\"ListItem\",\"position\":3,\"name\":\"HumuForte FPBIO3 Plantes Acidophiles\"}]},{\"@type\":\"WebSite\",\"@id\":\"https:\/\/gravelart.be\/fr\/#website\",\"url\":\"https:\/\/gravelart.be\/fr\/\",\"name\":\"Gravelart\",\"description\":\"Alles voor tuin en park\",\"publisher\":{\"@id\":\"https:\/\/gravelart.be\/fr\/#organization\"},\"potentialAction\":[{\"@type\":\"SearchAction\",\"target\":{\"@type\":\"EntryPoint\",\"urlTemplate\":\"https:\/\/gravelart.be\/fr\/?s={search_term_string}\"},\"query-input\":{\"@type\":\"PropertyValueSpecification\",\"valueRequired\":true,\"valueName\":\"search_term_string\"}}],\"inLanguage\":\"fr-FR\"},{\"@type\":\"Organization\",\"@id\":\"https:\/\/gravelart.be\/fr\/#organization\",\"name\":\"Gravelart\",\"url\":\"https:\/\/gravelart.be\/fr\/\",\"logo\":{\"@type\":\"ImageObject\",\"inLanguage\":\"fr-FR\",\"@id\":\"https:\/\/gravelart.be\/fr\/#\/schema\/logo\/image\/\",\"url\":\"https:\/\/gravelart.be\/wp-content\/uploads\/2022\/10\/logo-gravelart.png\",\"contentUrl\":\"https:\/\/gravelart.be\/wp-content\/uploads\/2022\/10\/logo-gravelart.png\",\"width\":348,\"height\":186,\"caption\":\"Gravelart\"},\"image\":{\"@id\":\"https:\/\/gravelart.be\/fr\/#\/schema\/logo\/image\/\"}}]}<\/script>\n<!-- \/ Yoast SEO plugin. -->","yoast_head_json":{"title":"HumuForte FPBIO3 Plantes Acidophiles - Gravelart","description":"Bestel HumuForte FPBIO3 Plantes Acidophiles voor jouw volgende tuinproject.","robots":{"index":"index","follow":"follow","max-snippet":"max-snippet:-1","max-image-preview":"max-image-preview:large","max-video-preview":"max-video-preview:-1"},"canonical":"https:\/\/gravelart.be\/fr\/product\/humuforte-fpbio3-plantes-acidophiles\/","og_locale":"fr_FR","og_type":"article","og_title":"HumuForte FPBIO3 Plantes Acidophiles - Gravelart","og_description":"Bestel HumuForte FPBIO3 Plantes Acidophiles voor jouw volgende tuinproject.","og_url":"https:\/\/gravelart.be\/fr\/product\/humuforte-fpbio3-plantes-acidophiles\/","og_site_name":"Gravelart","article_modified_time":"2026-03-10T09:58:16+00:00","og_image":[{"width":800,"height":800,"url":"https:\/\/gravelart.be\/wp-content\/uploads\/2023\/02\/WEBSHOP_IMAGE_1-6290.jpg","type":"image\/jpeg"}],"twitter_card":"summary_large_image","schema":{"@context":"https:\/\/schema.org","@graph":[{"@type":"WebPage","@id":"https:\/\/gravelart.be\/fr\/product\/humuforte-fpbio3-plantes-acidophiles\/","url":"https:\/\/gravelart.be\/fr\/product\/humuforte-fpbio3-plantes-acidophiles\/","name":"HumuForte FPBIO3 Plantes Acidophiles - Gravelart","isPartOf":{"@id":"https:\/\/gravelart.be\/fr\/#website"},"primaryImageOfPage":{"@id":"https:\/\/gravelart.be\/fr\/product\/humuforte-fpbio3-plantes-acidophiles\/#primaryimage"},"image":{"@id":"https:\/\/gravelart.be\/fr\/product\/humuforte-fpbio3-plantes-acidophiles\/#primaryimage"},"thumbnailUrl":"https:\/\/gravelart.be\/wp-content\/uploads\/2023\/02\/WEBSHOP_IMAGE_1-6290.jpg","datePublished":"2023-02-02T08:16:01+00:00","dateModified":"2026-03-10T09:58:16+00:00","description":"Bestel HumuForte FPBIO3 Plantes Acidophiles voor jouw volgende tuinproject.","breadcrumb":{"@id":"https:\/\/gravelart.be\/fr\/product\/humuforte-fpbio3-plantes-acidophiles\/#breadcrumb"},"inLanguage":"fr-FR","potentialAction":[{"@type":"ReadAction","target":["https:\/\/gravelart.be\/fr\/product\/humuforte-fpbio3-plantes-acidophiles\/"]}]},{"@type":"ImageObject","inLanguage":"fr-FR","@id":"https:\/\/gravelart.be\/fr\/product\/humuforte-fpbio3-plantes-acidophiles\/#primaryimage","url":"https:\/\/gravelart.be\/wp-content\/uploads\/2023\/02\/WEBSHOP_IMAGE_1-6290.jpg","contentUrl":"https:\/\/gravelart.be\/wp-content\/uploads\/2023\/02\/WEBSHOP_IMAGE_1-6290.jpg","width":800,"height":800,"caption":"Meststof voor zuurminnende planten"},{"@type":"BreadcrumbList","@id":"https:\/\/gravelart.be\/fr\/product\/humuforte-fpbio3-plantes-acidophiles\/#breadcrumb","itemListElement":[{"@type":"ListItem","position":1,"name":"Home","item":"https:\/\/gravelart.be\/fr\/"},{"@type":"ListItem","position":2,"name":"Produits","item":"https:\/\/gravelart.be\/fr\/boutique\/"},{"@type":"ListItem","position":3,"name":"HumuForte FPBIO3 Plantes Acidophiles"}]},{"@type":"WebSite","@id":"https:\/\/gravelart.be\/fr\/#website","url":"https:\/\/gravelart.be\/fr\/","name":"Gravelart","description":"Alles voor tuin en park","publisher":{"@id":"https:\/\/gravelart.be\/fr\/#organization"},"potentialAction":[{"@type":"SearchAction","target":{"@type":"EntryPoint","urlTemplate":"https:\/\/gravelart.be\/fr\/?s={search_term_string}"},"query-input":{"@type":"PropertyValueSpecification","valueRequired":true,"valueName":"search_term_string"}}],"inLanguage":"fr-FR"},{"@type":"Organization","@id":"https:\/\/gravelart.be\/fr\/#organization","name":"Gravelart","url":"https:\/\/gravelart.be\/fr\/","logo":{"@type":"ImageObject","inLanguage":"fr-FR","@id":"https:\/\/gravelart.be\/fr\/#\/schema\/logo\/image\/","url":"https:\/\/gravelart.be\/wp-content\/uploads\/2022\/10\/logo-gravelart.png","contentUrl":"https:\/\/gravelart.be\/wp-content\/uploads\/2022\/10\/logo-gravelart.png","width":348,"height":186,"caption":"Gravelart"},"image":{"@id":"https:\/\/gravelart.be\/fr\/#\/schema\/logo\/image\/"}}]}},"_links":{"self":[{"href":"https:\/\/gravelart.be\/fr\/wp-json\/wp\/v2\/product\/32759","targetHints":{"allow":["GET"]}}],"collection":[{"href":"https:\/\/gravelart.be\/fr\/wp-json\/wp\/v2\/product"}],"about":[{"href":"https:\/\/gravelart.be\/fr\/wp-json\/wp\/v2\/types\/product"}],"replies":[{"embeddable":true,"href":"https:\/\/gravelart.be\/fr\/wp-json\/wp\/v2\/comments?post=32759"}],"wp:featuredmedia":[{"embeddable":true,"href":"https:\/\/gravelart.be\/fr\/wp-json\/wp\/v2\/media\/40891"}],"wp:attachment":[{"href":"https:\/\/gravelart.be\/fr\/wp-json\/wp\/v2\/media?parent=32759"}],"wp:term":[{"taxonomy":"product_brand","embeddable":true,"href":"https:\/\/gravelart.be\/fr\/wp-json\/wp\/v2\/product_brand?post=32759"},{"taxonomy":"product_cat","embeddable":true,"href":"https:\/\/gravelart.be\/fr\/wp-json\/wp\/v2\/product_cat?post=32759"},{"taxonomy":"product_tag","embeddable":true,"href":"https:\/\/gravelart.be\/fr\/wp-json\/wp\/v2\/product_tag?post=32759"}],"curies":[{"name":"wp","href":"https:\/\/api.w.org\/{rel}","templated":true}]}}