{"id":32777,"date":"2023-02-02T09:16:20","date_gmt":"2023-02-02T08:16:20","guid":{"rendered":"https:\/\/gravelart.be\/?post_type=product&#038;p=32777"},"modified":"2026-02-24T20:13:51","modified_gmt":"2026-02-24T19:13:51","slug":"bar-power-rpr-gazon-15kg","status":"publish","type":"product","link":"https:\/\/gravelart.be\/fr\/product\/bar-power-rpr-gazon-15kg\/","title":{"rendered":"Bar Power RPR Gazon 15kg"},"content":{"rendered":"","protected":false},"excerpt":{"rendered":"<p>RPR est un ray-grass anglais auto-regarnissant qui forme des pseudo-stolons. Gr\u00e2ce \u00e0 ces derniers, RPR a une robustesse d\u00e9multipli\u00e9e par rapport aux autres esp\u00e8ces de ray-grass anglais, tout en conservant la m\u00eame rapidit\u00e9. Il en r\u00e9sulte un ray-grass anglais auto-regarnissant qui r\u00e9siste tr\u00e8s bien au pi\u00e9tinement et dont la qualit\u00e9 visuelle est \u00e9lev\u00e9e. RPR convient donc pour les gazons des jardins, des parcs et des terrains de sport publics. Le succ\u00e8s de RPR a d\u00e9j\u00e0 \u00e9t\u00e9 d\u00e9montr\u00e9 sur les terrains de sport et les parcours golf.<\/p>\n<ul>\n<li>Densit\u00e9 de semis: 2,5 &#8211; 3 kg\/100 m\u00b2<\/li>\n<li>Hauteur de tonte: 25 &#8211; 30 mm<\/li>\n<li>Poids par dalle: 15 kg<\/li>\n<li>Composition: 30 % RPR, 30%Ray-grass anglais \u00e0 feuillage fin, 20%F\u00e9tuque rouge gazonnante, 10%F\u00e9tuque rouge tra\u00e7ante, 10%P\u00e2turin des pr\u00e9s (vari\u00e9t\u00e9s du Guide des gramin\u00e9es)<\/li>\n<\/ul>\n","protected":false},"featured_media":48501,"comment_status":"open","ping_status":"closed","template":"","meta":{"_acf_changed":false,"inline_featured_image":false},"product_brand":[],"product_cat":[4153],"product_tag":[],"class_list":{"0":"post-32777","1":"product","2":"type-product","3":"status-publish","4":"has-post-thumbnail","6":"product_cat-gazon-et-plus","8":"first","9":"instock","10":"taxable","11":"shipping-taxable","12":"purchasable","13":"product-type-variable","14":"has-default-attributes"},"acf":{"woocommerce_erp_id":"5951","woocommerce_cnk_id":"100765","product_density":1,"custom_prices":[{"variation_id":"40837","customer_group":"CON","customer_id":"","min_qty":1,"max_qty":9999999,"steps":1,"price":150.15,"price_incl":159.16,"delivery_group":"COLLECT","warehouse_id":""},{"variation_id":"40837","customer_group":"CON","customer_id":"","min_qty":1,"max_qty":9999999,"steps":1,"price":150.15,"price_incl":159.16,"delivery_group":"DELIVERY","warehouse_id":""},{"variation_id":"40837","customer_group":"PRO","customer_id":"","min_qty":1,"max_qty":9999999,"steps":1,"price":107.25,"price_incl":113.69,"delivery_group":"COLLECT","warehouse_id":""},{"variation_id":"40837","customer_group":"PRO","customer_id":"","min_qty":1,"max_qty":9999999,"steps":1,"price":107.25,"price_incl":113.69,"delivery_group":"DELIVERY","warehouse_id":""},{"variation_id":"40837","customer_group":"DISTRI","customer_id":"","min_qty":1,"max_qty":9999999,"steps":1,"price":96.1,"price_incl":101.87,"delivery_group":"COLLECT","warehouse_id":""},{"variation_id":"40837","customer_group":"DISTRI","customer_id":"","min_qty":1,"max_qty":9999999,"steps":1,"price":96.1,"price_incl":101.87,"delivery_group":"DELIVERY","warehouse_id":""},{"variation_id":"40837","customer_group":"PER","customer_id":"","min_qty":1,"max_qty":9999999,"steps":1,"price":85.8,"price_incl":90.95,"delivery_group":"COLLECT","warehouse_id":""},{"variation_id":"40837","customer_group":"PER","customer_id":"","min_qty":1,"max_qty":9999999,"steps":1,"price":85.8,"price_incl":90.95,"delivery_group":"DELIVERY","warehouse_id":""},{"variation_id":"40837","customer_group":"DISTRI","customer_id":"129214","min_qty":1,"max_qty":9999999,"steps":1,"price":94.38,"price_incl":100.04,"delivery_group":"COLLECT","warehouse_id":""},{"variation_id":"40837","customer_group":"DISTRI","customer_id":"129214","min_qty":1,"max_qty":9999999,"steps":1,"price":94.38,"price_incl":100.04,"delivery_group":"DELIVERY","warehouse_id":""}],"packaging_ids":[{"packaging_name":"Pi\u00e8ce","packaging_id":"7","erp_id":"5951"}]},"yoast_head":"<!-- This site is optimized with the Yoast SEO plugin v27.3 - https:\/\/yoast.com\/product\/yoast-seo-wordpress\/ -->\n<title>Bar Power RPR Gazon 15kg - Gravelart<\/title>\n<meta name=\"description\" content=\"Bestel Bar Power RPR Gazon 15kg voor jouw volgende tuinproject.\" \/>\n<meta name=\"robots\" content=\"index, follow, max-snippet:-1, max-image-preview:large, max-video-preview:-1\" \/>\n<link rel=\"canonical\" href=\"https:\/\/gravelart.be\/fr\/product\/bar-power-rpr-gazon-15kg\/\" \/>\n<meta property=\"og:locale\" content=\"fr_FR\" \/>\n<meta property=\"og:type\" content=\"article\" \/>\n<meta property=\"og:title\" content=\"Bar Power RPR Gazon 15kg - Gravelart\" \/>\n<meta property=\"og:description\" content=\"Bestel Bar Power RPR Gazon 15kg voor jouw volgende tuinproject.\" \/>\n<meta property=\"og:url\" content=\"https:\/\/gravelart.be\/fr\/product\/bar-power-rpr-gazon-15kg\/\" \/>\n<meta property=\"og:site_name\" content=\"Gravelart\" \/>\n<meta property=\"article:modified_time\" content=\"2026-02-24T19:13:51+00:00\" \/>\n<meta property=\"og:image\" content=\"https:\/\/gravelart.be\/wp-content\/uploads\/2023\/02\/RPR-Lawn.png\" \/>\n\t<meta property=\"og:image:width\" content=\"1000\" \/>\n\t<meta property=\"og:image:height\" content=\"1000\" \/>\n\t<meta property=\"og:image:type\" content=\"image\/png\" \/>\n<meta name=\"twitter:card\" content=\"summary_large_image\" \/>\n<script type=\"application\/ld+json\" class=\"yoast-schema-graph\">{\"@context\":\"https:\\\/\\\/schema.org\",\"@graph\":[{\"@type\":\"WebPage\",\"@id\":\"https:\\\/\\\/gravelart.be\\\/fr\\\/product\\\/bar-power-rpr-gazon-15kg\\\/\",\"url\":\"https:\\\/\\\/gravelart.be\\\/fr\\\/product\\\/bar-power-rpr-gazon-15kg\\\/\",\"name\":\"Bar Power RPR Gazon 15kg - Gravelart\",\"isPartOf\":{\"@id\":\"https:\\\/\\\/gravelart.be\\\/fr\\\/#website\"},\"primaryImageOfPage\":{\"@id\":\"https:\\\/\\\/gravelart.be\\\/fr\\\/product\\\/bar-power-rpr-gazon-15kg\\\/#primaryimage\"},\"image\":{\"@id\":\"https:\\\/\\\/gravelart.be\\\/fr\\\/product\\\/bar-power-rpr-gazon-15kg\\\/#primaryimage\"},\"thumbnailUrl\":\"https:\\\/\\\/gravelart.be\\\/wp-content\\\/uploads\\\/2023\\\/02\\\/RPR-Lawn.png\",\"datePublished\":\"2023-02-02T08:16:20+00:00\",\"dateModified\":\"2026-02-24T19:13:51+00:00\",\"description\":\"Bestel Bar Power RPR Gazon 15kg voor jouw volgende tuinproject.\",\"breadcrumb\":{\"@id\":\"https:\\\/\\\/gravelart.be\\\/fr\\\/product\\\/bar-power-rpr-gazon-15kg\\\/#breadcrumb\"},\"inLanguage\":\"fr-FR\",\"potentialAction\":[{\"@type\":\"ReadAction\",\"target\":[\"https:\\\/\\\/gravelart.be\\\/fr\\\/product\\\/bar-power-rpr-gazon-15kg\\\/\"]}]},{\"@type\":\"ImageObject\",\"inLanguage\":\"fr-FR\",\"@id\":\"https:\\\/\\\/gravelart.be\\\/fr\\\/product\\\/bar-power-rpr-gazon-15kg\\\/#primaryimage\",\"url\":\"https:\\\/\\\/gravelart.be\\\/wp-content\\\/uploads\\\/2023\\\/02\\\/RPR-Lawn.png\",\"contentUrl\":\"https:\\\/\\\/gravelart.be\\\/wp-content\\\/uploads\\\/2023\\\/02\\\/RPR-Lawn.png\",\"width\":1000,\"height\":1000,\"caption\":\"Graszaad zelfherstellend gazon\"},{\"@type\":\"BreadcrumbList\",\"@id\":\"https:\\\/\\\/gravelart.be\\\/fr\\\/product\\\/bar-power-rpr-gazon-15kg\\\/#breadcrumb\",\"itemListElement\":[{\"@type\":\"ListItem\",\"position\":1,\"name\":\"Home\",\"item\":\"https:\\\/\\\/gravelart.be\\\/fr\\\/\"},{\"@type\":\"ListItem\",\"position\":2,\"name\":\"Produits\",\"item\":\"https:\\\/\\\/gravelart.be\\\/fr\\\/boutique\\\/\"},{\"@type\":\"ListItem\",\"position\":3,\"name\":\"Bar Power RPR Gazon 15kg\"}]},{\"@type\":\"WebSite\",\"@id\":\"https:\\\/\\\/gravelart.be\\\/fr\\\/#website\",\"url\":\"https:\\\/\\\/gravelart.be\\\/fr\\\/\",\"name\":\"Gravelart\",\"description\":\"Alles voor tuin en park\",\"publisher\":{\"@id\":\"https:\\\/\\\/gravelart.be\\\/fr\\\/#organization\"},\"potentialAction\":[{\"@type\":\"SearchAction\",\"target\":{\"@type\":\"EntryPoint\",\"urlTemplate\":\"https:\\\/\\\/gravelart.be\\\/fr\\\/?s={search_term_string}\"},\"query-input\":{\"@type\":\"PropertyValueSpecification\",\"valueRequired\":true,\"valueName\":\"search_term_string\"}}],\"inLanguage\":\"fr-FR\"},{\"@type\":\"Organization\",\"@id\":\"https:\\\/\\\/gravelart.be\\\/fr\\\/#organization\",\"name\":\"Gravelart\",\"url\":\"https:\\\/\\\/gravelart.be\\\/fr\\\/\",\"logo\":{\"@type\":\"ImageObject\",\"inLanguage\":\"fr-FR\",\"@id\":\"https:\\\/\\\/gravelart.be\\\/fr\\\/#\\\/schema\\\/logo\\\/image\\\/\",\"url\":\"https:\\\/\\\/gravelart.be\\\/wp-content\\\/uploads\\\/2022\\\/10\\\/logo-gravelart.png\",\"contentUrl\":\"https:\\\/\\\/gravelart.be\\\/wp-content\\\/uploads\\\/2022\\\/10\\\/logo-gravelart.png\",\"width\":348,\"height\":186,\"caption\":\"Gravelart\"},\"image\":{\"@id\":\"https:\\\/\\\/gravelart.be\\\/fr\\\/#\\\/schema\\\/logo\\\/image\\\/\"}}]}<\/script>\n<!-- \/ Yoast SEO plugin. -->","yoast_head_json":{"title":"Bar Power RPR Gazon 15kg - Gravelart","description":"Bestel Bar Power RPR Gazon 15kg voor jouw volgende tuinproject.","robots":{"index":"index","follow":"follow","max-snippet":"max-snippet:-1","max-image-preview":"max-image-preview:large","max-video-preview":"max-video-preview:-1"},"canonical":"https:\/\/gravelart.be\/fr\/product\/bar-power-rpr-gazon-15kg\/","og_locale":"fr_FR","og_type":"article","og_title":"Bar Power RPR Gazon 15kg - Gravelart","og_description":"Bestel Bar Power RPR Gazon 15kg voor jouw volgende tuinproject.","og_url":"https:\/\/gravelart.be\/fr\/product\/bar-power-rpr-gazon-15kg\/","og_site_name":"Gravelart","article_modified_time":"2026-02-24T19:13:51+00:00","og_image":[{"width":1000,"height":1000,"url":"https:\/\/gravelart.be\/wp-content\/uploads\/2023\/02\/RPR-Lawn.png","type":"image\/png"}],"twitter_card":"summary_large_image","schema":{"@context":"https:\/\/schema.org","@graph":[{"@type":"WebPage","@id":"https:\/\/gravelart.be\/fr\/product\/bar-power-rpr-gazon-15kg\/","url":"https:\/\/gravelart.be\/fr\/product\/bar-power-rpr-gazon-15kg\/","name":"Bar Power RPR Gazon 15kg - Gravelart","isPartOf":{"@id":"https:\/\/gravelart.be\/fr\/#website"},"primaryImageOfPage":{"@id":"https:\/\/gravelart.be\/fr\/product\/bar-power-rpr-gazon-15kg\/#primaryimage"},"image":{"@id":"https:\/\/gravelart.be\/fr\/product\/bar-power-rpr-gazon-15kg\/#primaryimage"},"thumbnailUrl":"https:\/\/gravelart.be\/wp-content\/uploads\/2023\/02\/RPR-Lawn.png","datePublished":"2023-02-02T08:16:20+00:00","dateModified":"2026-02-24T19:13:51+00:00","description":"Bestel Bar Power RPR Gazon 15kg voor jouw volgende tuinproject.","breadcrumb":{"@id":"https:\/\/gravelart.be\/fr\/product\/bar-power-rpr-gazon-15kg\/#breadcrumb"},"inLanguage":"fr-FR","potentialAction":[{"@type":"ReadAction","target":["https:\/\/gravelart.be\/fr\/product\/bar-power-rpr-gazon-15kg\/"]}]},{"@type":"ImageObject","inLanguage":"fr-FR","@id":"https:\/\/gravelart.be\/fr\/product\/bar-power-rpr-gazon-15kg\/#primaryimage","url":"https:\/\/gravelart.be\/wp-content\/uploads\/2023\/02\/RPR-Lawn.png","contentUrl":"https:\/\/gravelart.be\/wp-content\/uploads\/2023\/02\/RPR-Lawn.png","width":1000,"height":1000,"caption":"Graszaad zelfherstellend gazon"},{"@type":"BreadcrumbList","@id":"https:\/\/gravelart.be\/fr\/product\/bar-power-rpr-gazon-15kg\/#breadcrumb","itemListElement":[{"@type":"ListItem","position":1,"name":"Home","item":"https:\/\/gravelart.be\/fr\/"},{"@type":"ListItem","position":2,"name":"Produits","item":"https:\/\/gravelart.be\/fr\/boutique\/"},{"@type":"ListItem","position":3,"name":"Bar Power RPR Gazon 15kg"}]},{"@type":"WebSite","@id":"https:\/\/gravelart.be\/fr\/#website","url":"https:\/\/gravelart.be\/fr\/","name":"Gravelart","description":"Alles voor tuin en park","publisher":{"@id":"https:\/\/gravelart.be\/fr\/#organization"},"potentialAction":[{"@type":"SearchAction","target":{"@type":"EntryPoint","urlTemplate":"https:\/\/gravelart.be\/fr\/?s={search_term_string}"},"query-input":{"@type":"PropertyValueSpecification","valueRequired":true,"valueName":"search_term_string"}}],"inLanguage":"fr-FR"},{"@type":"Organization","@id":"https:\/\/gravelart.be\/fr\/#organization","name":"Gravelart","url":"https:\/\/gravelart.be\/fr\/","logo":{"@type":"ImageObject","inLanguage":"fr-FR","@id":"https:\/\/gravelart.be\/fr\/#\/schema\/logo\/image\/","url":"https:\/\/gravelart.be\/wp-content\/uploads\/2022\/10\/logo-gravelart.png","contentUrl":"https:\/\/gravelart.be\/wp-content\/uploads\/2022\/10\/logo-gravelart.png","width":348,"height":186,"caption":"Gravelart"},"image":{"@id":"https:\/\/gravelart.be\/fr\/#\/schema\/logo\/image\/"}}]}},"_links":{"self":[{"href":"https:\/\/gravelart.be\/fr\/wp-json\/wp\/v2\/product\/32777","targetHints":{"allow":["GET"]}}],"collection":[{"href":"https:\/\/gravelart.be\/fr\/wp-json\/wp\/v2\/product"}],"about":[{"href":"https:\/\/gravelart.be\/fr\/wp-json\/wp\/v2\/types\/product"}],"replies":[{"embeddable":true,"href":"https:\/\/gravelart.be\/fr\/wp-json\/wp\/v2\/comments?post=32777"}],"wp:featuredmedia":[{"embeddable":true,"href":"https:\/\/gravelart.be\/fr\/wp-json\/wp\/v2\/media\/48501"}],"wp:attachment":[{"href":"https:\/\/gravelart.be\/fr\/wp-json\/wp\/v2\/media?parent=32777"}],"wp:term":[{"taxonomy":"product_brand","embeddable":true,"href":"https:\/\/gravelart.be\/fr\/wp-json\/wp\/v2\/product_brand?post=32777"},{"taxonomy":"product_cat","embeddable":true,"href":"https:\/\/gravelart.be\/fr\/wp-json\/wp\/v2\/product_cat?post=32777"},{"taxonomy":"product_tag","embeddable":true,"href":"https:\/\/gravelart.be\/fr\/wp-json\/wp\/v2\/product_tag?post=32777"}],"curies":[{"name":"wp","href":"https:\/\/api.w.org\/{rel}","templated":true}]}}