{"id":32785,"date":"2023-02-02T09:16:28","date_gmt":"2023-02-02T08:16:28","guid":{"rendered":"https:\/\/gravelart.be\/?post_type=product&#038;p=32785"},"modified":"2026-02-24T20:13:42","modified_gmt":"2026-02-24T19:13:42","slug":"shadow-15kg","status":"publish","type":"product","link":"https:\/\/gravelart.be\/fr\/product\/shadow-15kg\/","title":{"rendered":"Shadow 15kg"},"content":{"rendered":"","protected":false},"excerpt":{"rendered":"<p>Solide \u00e0 l\u2019ombre et au soleil. Shadow emp\u00eache la croissance de mousse, poss\u00e8de une pelouse dense et contient Barcampsia. Il s\u2019agit d\u2019un type d\u2019herbe perfectionn\u00e9 qui a remport\u00e9 le grand prix de l\u2019Innovation Richard Huberts.<\/p>\n<ul>\n<li>Densit\u00e9 de semis: 2,5 &#8211; 3 kg\/100 m\u00b2<\/li>\n<li>Hauteur de tonte: 40 &#8211; 50 mm<\/li>\n<li>Composition: 40 % Canche gazonnante, 30 % F\u00e9tuque rouge gazonnante, 10 % F\u00e9tuque rouge demi-tra\u00e7ante, 20 % P\u00e2turin des pr\u00e9s<\/li>\n<\/ul>\n","protected":false},"featured_media":48489,"comment_status":"open","ping_status":"closed","template":"","meta":{"_acf_changed":false,"inline_featured_image":false},"product_brand":[],"product_cat":[4153],"product_tag":[],"class_list":{"0":"post-32785","1":"product","2":"type-product","3":"status-publish","4":"has-post-thumbnail","6":"product_cat-gazon-et-plus","8":"first","9":"instock","10":"taxable","11":"shipping-taxable","12":"purchasable","13":"product-type-variable","14":"has-default-attributes"},"acf":{"woocommerce_erp_id":"6076","woocommerce_cnk_id":"100782","product_density":0,"custom_prices":[{"variation_id":"40862","customer_group":"CON","customer_id":"","min_qty":1,"max_qty":9999999,"steps":1,"price":164.85,"price_incl":174.74,"delivery_group":"DELIVERY","warehouse_id":"Z"},{"variation_id":"40862","customer_group":"CON","customer_id":"","min_qty":1,"max_qty":9999999,"steps":1,"price":164.85,"price_incl":174.74,"delivery_group":"COLLECT","warehouse_id":"Z"},{"variation_id":"40862","customer_group":"CON","customer_id":"","min_qty":1,"max_qty":9999999,"steps":1,"price":164.85,"price_incl":174.74,"delivery_group":"COLLECT","warehouse_id":"W"},{"variation_id":"40862","customer_group":"CON","customer_id":"","min_qty":1,"max_qty":9999999,"steps":1,"price":164.85,"price_incl":174.74,"delivery_group":"DELIVERY","warehouse_id":"W"},{"variation_id":"40862","customer_group":"PRO","customer_id":"","min_qty":1,"max_qty":9999999,"steps":1,"price":117.75,"price_incl":124.82,"delivery_group":"DELIVERY","warehouse_id":"Z"},{"variation_id":"40862","customer_group":"PRO","customer_id":"","min_qty":1,"max_qty":9999999,"steps":1,"price":117.75,"price_incl":124.82,"delivery_group":"COLLECT","warehouse_id":"Z"},{"variation_id":"40862","customer_group":"PRO","customer_id":"","min_qty":1,"max_qty":9999999,"steps":1,"price":117.75,"price_incl":124.82,"delivery_group":"COLLECT","warehouse_id":"W"},{"variation_id":"40862","customer_group":"PRO","customer_id":"","min_qty":1,"max_qty":9999999,"steps":1,"price":117.75,"price_incl":124.82,"delivery_group":"DELIVERY","warehouse_id":"W"},{"variation_id":"40862","customer_group":"DISTRI","customer_id":"","min_qty":1,"max_qty":9999999,"steps":1,"price":105.5,"price_incl":111.83,"delivery_group":"COLLECT","warehouse_id":"Z"},{"variation_id":"40862","customer_group":"DISTRI","customer_id":"","min_qty":1,"max_qty":9999999,"steps":1,"price":105.5,"price_incl":111.83,"delivery_group":"COLLECT","warehouse_id":"W"},{"variation_id":"40862","customer_group":"PER","customer_id":"","min_qty":1,"max_qty":9999999,"steps":1,"price":94.2,"price_incl":99.85,"delivery_group":"DELIVERY","warehouse_id":"Z"},{"variation_id":"40862","customer_group":"PER","customer_id":"","min_qty":1,"max_qty":9999999,"steps":1,"price":94.2,"price_incl":99.85,"delivery_group":"COLLECT","warehouse_id":"Z"},{"variation_id":"40862","customer_group":"PER","customer_id":"","min_qty":1,"max_qty":9999999,"steps":1,"price":94.2,"price_incl":99.85,"delivery_group":"DELIVERY","warehouse_id":"W"},{"variation_id":"40862","customer_group":"PER","customer_id":"","min_qty":1,"max_qty":9999999,"steps":1,"price":94.2,"price_incl":99.85,"delivery_group":"COLLECT","warehouse_id":"W"},{"variation_id":"40862","customer_group":"DISTRI","customer_id":"129214","min_qty":1,"max_qty":9999999,"steps":1,"price":103.62,"price_incl":109.84,"delivery_group":"DELIVERY","warehouse_id":"Z"},{"variation_id":"40862","customer_group":"DISTRI","customer_id":"129214","min_qty":1,"max_qty":9999999,"steps":1,"price":103.62,"price_incl":109.84,"delivery_group":"COLLECT","warehouse_id":"Z"},{"variation_id":"40862","customer_group":"DISTRI","customer_id":"129214","min_qty":1,"max_qty":9999999,"steps":1,"price":103.62,"price_incl":109.84,"delivery_group":"COLLECT","warehouse_id":"W"},{"variation_id":"40862","customer_group":"DISTRI","customer_id":"129214","min_qty":1,"max_qty":9999999,"steps":1,"price":103.62,"price_incl":109.84,"delivery_group":"DELIVERY","warehouse_id":"W"}],"packaging_ids":[{"packaging_name":"Pi\u00e8ce","packaging_id":"7","erp_id":"6076"}]},"yoast_head":"<!-- This site is optimized with the Yoast SEO plugin v27.3 - https:\/\/yoast.com\/product\/yoast-seo-wordpress\/ -->\n<title>Shadow 15kg - Gravelart<\/title>\n<meta name=\"description\" content=\"Bestel Shadow 15kg voor jouw volgende tuinproject.\" \/>\n<meta name=\"robots\" content=\"index, follow, max-snippet:-1, max-image-preview:large, max-video-preview:-1\" \/>\n<link rel=\"canonical\" href=\"https:\/\/gravelart.be\/fr\/product\/shadow-15kg\/\" \/>\n<meta property=\"og:locale\" content=\"fr_FR\" \/>\n<meta property=\"og:type\" content=\"article\" \/>\n<meta property=\"og:title\" content=\"Shadow 15kg - Gravelart\" \/>\n<meta property=\"og:description\" content=\"Bestel Shadow 15kg voor jouw volgende tuinproject.\" \/>\n<meta property=\"og:url\" content=\"https:\/\/gravelart.be\/fr\/product\/shadow-15kg\/\" \/>\n<meta property=\"og:site_name\" content=\"Gravelart\" \/>\n<meta property=\"article:modified_time\" content=\"2026-02-24T19:13:42+00:00\" \/>\n<meta property=\"og:image\" content=\"https:\/\/gravelart.be\/wp-content\/uploads\/2023\/02\/Packshot_Shadow-2.png\" \/>\n\t<meta property=\"og:image:width\" content=\"1000\" \/>\n\t<meta property=\"og:image:height\" content=\"1000\" \/>\n\t<meta property=\"og:image:type\" content=\"image\/png\" \/>\n<meta name=\"twitter:card\" content=\"summary_large_image\" \/>\n<script type=\"application\/ld+json\" class=\"yoast-schema-graph\">{\"@context\":\"https:\\\/\\\/schema.org\",\"@graph\":[{\"@type\":\"WebPage\",\"@id\":\"https:\\\/\\\/gravelart.be\\\/fr\\\/product\\\/shadow-15kg\\\/\",\"url\":\"https:\\\/\\\/gravelart.be\\\/fr\\\/product\\\/shadow-15kg\\\/\",\"name\":\"Shadow 15kg - Gravelart\",\"isPartOf\":{\"@id\":\"https:\\\/\\\/gravelart.be\\\/fr\\\/#website\"},\"primaryImageOfPage\":{\"@id\":\"https:\\\/\\\/gravelart.be\\\/fr\\\/product\\\/shadow-15kg\\\/#primaryimage\"},\"image\":{\"@id\":\"https:\\\/\\\/gravelart.be\\\/fr\\\/product\\\/shadow-15kg\\\/#primaryimage\"},\"thumbnailUrl\":\"https:\\\/\\\/gravelart.be\\\/wp-content\\\/uploads\\\/2023\\\/02\\\/Packshot_Shadow-2.png\",\"datePublished\":\"2023-02-02T08:16:28+00:00\",\"dateModified\":\"2026-02-24T19:13:42+00:00\",\"description\":\"Bestel Shadow 15kg voor jouw volgende tuinproject.\",\"breadcrumb\":{\"@id\":\"https:\\\/\\\/gravelart.be\\\/fr\\\/product\\\/shadow-15kg\\\/#breadcrumb\"},\"inLanguage\":\"fr-FR\",\"potentialAction\":[{\"@type\":\"ReadAction\",\"target\":[\"https:\\\/\\\/gravelart.be\\\/fr\\\/product\\\/shadow-15kg\\\/\"]}]},{\"@type\":\"ImageObject\",\"inLanguage\":\"fr-FR\",\"@id\":\"https:\\\/\\\/gravelart.be\\\/fr\\\/product\\\/shadow-15kg\\\/#primaryimage\",\"url\":\"https:\\\/\\\/gravelart.be\\\/wp-content\\\/uploads\\\/2023\\\/02\\\/Packshot_Shadow-2.png\",\"contentUrl\":\"https:\\\/\\\/gravelart.be\\\/wp-content\\\/uploads\\\/2023\\\/02\\\/Packshot_Shadow-2.png\",\"width\":1000,\"height\":1000,\"caption\":\"Graszaad\"},{\"@type\":\"BreadcrumbList\",\"@id\":\"https:\\\/\\\/gravelart.be\\\/fr\\\/product\\\/shadow-15kg\\\/#breadcrumb\",\"itemListElement\":[{\"@type\":\"ListItem\",\"position\":1,\"name\":\"Home\",\"item\":\"https:\\\/\\\/gravelart.be\\\/fr\\\/\"},{\"@type\":\"ListItem\",\"position\":2,\"name\":\"Produits\",\"item\":\"https:\\\/\\\/gravelart.be\\\/fr\\\/boutique\\\/\"},{\"@type\":\"ListItem\",\"position\":3,\"name\":\"Shadow 15kg\"}]},{\"@type\":\"WebSite\",\"@id\":\"https:\\\/\\\/gravelart.be\\\/fr\\\/#website\",\"url\":\"https:\\\/\\\/gravelart.be\\\/fr\\\/\",\"name\":\"Gravelart\",\"description\":\"Alles voor tuin en park\",\"publisher\":{\"@id\":\"https:\\\/\\\/gravelart.be\\\/fr\\\/#organization\"},\"potentialAction\":[{\"@type\":\"SearchAction\",\"target\":{\"@type\":\"EntryPoint\",\"urlTemplate\":\"https:\\\/\\\/gravelart.be\\\/fr\\\/?s={search_term_string}\"},\"query-input\":{\"@type\":\"PropertyValueSpecification\",\"valueRequired\":true,\"valueName\":\"search_term_string\"}}],\"inLanguage\":\"fr-FR\"},{\"@type\":\"Organization\",\"@id\":\"https:\\\/\\\/gravelart.be\\\/fr\\\/#organization\",\"name\":\"Gravelart\",\"url\":\"https:\\\/\\\/gravelart.be\\\/fr\\\/\",\"logo\":{\"@type\":\"ImageObject\",\"inLanguage\":\"fr-FR\",\"@id\":\"https:\\\/\\\/gravelart.be\\\/fr\\\/#\\\/schema\\\/logo\\\/image\\\/\",\"url\":\"https:\\\/\\\/gravelart.be\\\/wp-content\\\/uploads\\\/2022\\\/10\\\/logo-gravelart.png\",\"contentUrl\":\"https:\\\/\\\/gravelart.be\\\/wp-content\\\/uploads\\\/2022\\\/10\\\/logo-gravelart.png\",\"width\":348,\"height\":186,\"caption\":\"Gravelart\"},\"image\":{\"@id\":\"https:\\\/\\\/gravelart.be\\\/fr\\\/#\\\/schema\\\/logo\\\/image\\\/\"}}]}<\/script>\n<!-- \/ Yoast SEO plugin. -->","yoast_head_json":{"title":"Shadow 15kg - Gravelart","description":"Bestel Shadow 15kg voor jouw volgende tuinproject.","robots":{"index":"index","follow":"follow","max-snippet":"max-snippet:-1","max-image-preview":"max-image-preview:large","max-video-preview":"max-video-preview:-1"},"canonical":"https:\/\/gravelart.be\/fr\/product\/shadow-15kg\/","og_locale":"fr_FR","og_type":"article","og_title":"Shadow 15kg - Gravelart","og_description":"Bestel Shadow 15kg voor jouw volgende tuinproject.","og_url":"https:\/\/gravelart.be\/fr\/product\/shadow-15kg\/","og_site_name":"Gravelart","article_modified_time":"2026-02-24T19:13:42+00:00","og_image":[{"width":1000,"height":1000,"url":"https:\/\/gravelart.be\/wp-content\/uploads\/2023\/02\/Packshot_Shadow-2.png","type":"image\/png"}],"twitter_card":"summary_large_image","schema":{"@context":"https:\/\/schema.org","@graph":[{"@type":"WebPage","@id":"https:\/\/gravelart.be\/fr\/product\/shadow-15kg\/","url":"https:\/\/gravelart.be\/fr\/product\/shadow-15kg\/","name":"Shadow 15kg - Gravelart","isPartOf":{"@id":"https:\/\/gravelart.be\/fr\/#website"},"primaryImageOfPage":{"@id":"https:\/\/gravelart.be\/fr\/product\/shadow-15kg\/#primaryimage"},"image":{"@id":"https:\/\/gravelart.be\/fr\/product\/shadow-15kg\/#primaryimage"},"thumbnailUrl":"https:\/\/gravelart.be\/wp-content\/uploads\/2023\/02\/Packshot_Shadow-2.png","datePublished":"2023-02-02T08:16:28+00:00","dateModified":"2026-02-24T19:13:42+00:00","description":"Bestel Shadow 15kg voor jouw volgende tuinproject.","breadcrumb":{"@id":"https:\/\/gravelart.be\/fr\/product\/shadow-15kg\/#breadcrumb"},"inLanguage":"fr-FR","potentialAction":[{"@type":"ReadAction","target":["https:\/\/gravelart.be\/fr\/product\/shadow-15kg\/"]}]},{"@type":"ImageObject","inLanguage":"fr-FR","@id":"https:\/\/gravelart.be\/fr\/product\/shadow-15kg\/#primaryimage","url":"https:\/\/gravelart.be\/wp-content\/uploads\/2023\/02\/Packshot_Shadow-2.png","contentUrl":"https:\/\/gravelart.be\/wp-content\/uploads\/2023\/02\/Packshot_Shadow-2.png","width":1000,"height":1000,"caption":"Graszaad"},{"@type":"BreadcrumbList","@id":"https:\/\/gravelart.be\/fr\/product\/shadow-15kg\/#breadcrumb","itemListElement":[{"@type":"ListItem","position":1,"name":"Home","item":"https:\/\/gravelart.be\/fr\/"},{"@type":"ListItem","position":2,"name":"Produits","item":"https:\/\/gravelart.be\/fr\/boutique\/"},{"@type":"ListItem","position":3,"name":"Shadow 15kg"}]},{"@type":"WebSite","@id":"https:\/\/gravelart.be\/fr\/#website","url":"https:\/\/gravelart.be\/fr\/","name":"Gravelart","description":"Alles voor tuin en park","publisher":{"@id":"https:\/\/gravelart.be\/fr\/#organization"},"potentialAction":[{"@type":"SearchAction","target":{"@type":"EntryPoint","urlTemplate":"https:\/\/gravelart.be\/fr\/?s={search_term_string}"},"query-input":{"@type":"PropertyValueSpecification","valueRequired":true,"valueName":"search_term_string"}}],"inLanguage":"fr-FR"},{"@type":"Organization","@id":"https:\/\/gravelart.be\/fr\/#organization","name":"Gravelart","url":"https:\/\/gravelart.be\/fr\/","logo":{"@type":"ImageObject","inLanguage":"fr-FR","@id":"https:\/\/gravelart.be\/fr\/#\/schema\/logo\/image\/","url":"https:\/\/gravelart.be\/wp-content\/uploads\/2022\/10\/logo-gravelart.png","contentUrl":"https:\/\/gravelart.be\/wp-content\/uploads\/2022\/10\/logo-gravelart.png","width":348,"height":186,"caption":"Gravelart"},"image":{"@id":"https:\/\/gravelart.be\/fr\/#\/schema\/logo\/image\/"}}]}},"_links":{"self":[{"href":"https:\/\/gravelart.be\/fr\/wp-json\/wp\/v2\/product\/32785","targetHints":{"allow":["GET"]}}],"collection":[{"href":"https:\/\/gravelart.be\/fr\/wp-json\/wp\/v2\/product"}],"about":[{"href":"https:\/\/gravelart.be\/fr\/wp-json\/wp\/v2\/types\/product"}],"replies":[{"embeddable":true,"href":"https:\/\/gravelart.be\/fr\/wp-json\/wp\/v2\/comments?post=32785"}],"wp:featuredmedia":[{"embeddable":true,"href":"https:\/\/gravelart.be\/fr\/wp-json\/wp\/v2\/media\/48489"}],"wp:attachment":[{"href":"https:\/\/gravelart.be\/fr\/wp-json\/wp\/v2\/media?parent=32785"}],"wp:term":[{"taxonomy":"product_brand","embeddable":true,"href":"https:\/\/gravelart.be\/fr\/wp-json\/wp\/v2\/product_brand?post=32785"},{"taxonomy":"product_cat","embeddable":true,"href":"https:\/\/gravelart.be\/fr\/wp-json\/wp\/v2\/product_cat?post=32785"},{"taxonomy":"product_tag","embeddable":true,"href":"https:\/\/gravelart.be\/fr\/wp-json\/wp\/v2\/product_tag?post=32785"}],"curies":[{"name":"wp","href":"https:\/\/api.w.org\/{rel}","templated":true}]}}