{"id":32801,"date":"2023-02-02T09:16:45","date_gmt":"2023-02-02T08:16:45","guid":{"rendered":"https:\/\/gravelart.be\/?post_type=product&#038;p=32801"},"modified":"2026-02-18T11:48:38","modified_gmt":"2026-02-18T10:48:38","slug":"sable-de-lave-0-3","status":"publish","type":"product","link":"https:\/\/gravelart.be\/fr\/product\/sable-de-lave-0-3\/","title":{"rendered":"Sable de Lave 0\/3"},"content":{"rendered":"","protected":false},"excerpt":{"rendered":"<p>Le sable de lave 0\/3 est disponible en big bags \u00e0 partir de 500 kg ou en vrac \u00e0 partir de 5000 kg et est largement utilis\u00e9 comme amendement physique des sols. Il est \u00e9galement utilis\u00e9 comme herbicide biologique contre la pr\u00eale (equisetum arvense). Cette plante prosp\u00e8re dans des sols pauvres et \u00e9puis\u00e9s. En ajoutant du sable de lave, le sol s&rsquo;enrichit lentement et les mauvaises herbes disparaissent au fil du temps. Gravelart ne distribue que de la lave allemande des montagnes Eiffel.<\/p>\n<ul>\n<li>Densit\u00e9: 1,40 ton\/m3<\/li>\n<li>Description p\u00e9trographique: Roche volcanique poreuse<\/li>\n<li>Absorption d&rsquo;eau: 5,0 %<\/li>\n<li>Masse volumique re\u00eblle: 2,0 &#8211; 2,2 Mg\/m\u00b3<\/li>\n<li>Soufre total: &lt; 0,1 %<\/li>\n<li>Sulfate: &lt; 0,8 %<\/li>\n<li>Teneur en chlorures: 0,01 %<\/li>\n<li>Composition: Pyrox\u00e8ne, leucite, n\u00e9ph\u00e9line, olivine, magn\u00e9tite, biotite, apatite<\/li>\n<li>pH: &lt; 7,7 %<\/li>\n<\/ul>\n","protected":false},"featured_media":42885,"comment_status":"open","ping_status":"closed","template":"","meta":{"_acf_changed":false,"inline_featured_image":false},"product_brand":[],"product_cat":[4141,4158],"product_tag":[],"class_list":{"0":"post-32801","1":"product","2":"type-product","3":"status-publish","4":"has-post-thumbnail","6":"product_cat-conditionneurs-de-sol-terreau-engrais","7":"product_cat-pierres-de-lave","9":"first","10":"instock","11":"taxable","12":"shipping-taxable","13":"purchasable","14":"product-type-variable","15":"has-default-attributes"},"acf":{"woocommerce_erp_id":"4203","woocommerce_cnk_id":"100877","product_density":1.5,"custom_prices":[{"variation_id":"46904","customer_group":"DISTRI","customer_id":"","min_qty":1,"max_qty":9999999,"steps":1,"price":2.09,"price_incl":2.53,"delivery_group":"DELIVERY","warehouse_id":"Z"},{"variation_id":"46904","customer_group":"DISTRI","customer_id":"","min_qty":1,"max_qty":9999999,"steps":1,"price":2.09,"price_incl":2.53,"delivery_group":"COLLECT","warehouse_id":"Z"},{"variation_id":"46904","customer_group":"DISTRI","customer_id":"","min_qty":1,"max_qty":9999999,"steps":1,"price":2.09,"price_incl":2.53,"delivery_group":"COLLECT","warehouse_id":"L"},{"variation_id":"46904","customer_group":"DISTRI","customer_id":"","min_qty":1,"max_qty":9999999,"steps":1,"price":2.09,"price_incl":2.53,"delivery_group":"DELIVERY","warehouse_id":"L"},{"variation_id":"46904","customer_group":"DISTRI","customer_id":"","min_qty":1,"max_qty":9999999,"steps":1,"price":2.09,"price_incl":2.53,"delivery_group":"DELIVERY","warehouse_id":"W"},{"variation_id":"46904","customer_group":"DISTRI","customer_id":"","min_qty":1,"max_qty":9999999,"steps":1,"price":2.09,"price_incl":2.53,"delivery_group":"COLLECT","warehouse_id":"W"},{"variation_id":"46904","customer_group":"PRO","customer_id":"","min_qty":1,"max_qty":9999999,"steps":1,"price":2.17,"price_incl":2.63,"delivery_group":"COLLECT","warehouse_id":"Z"},{"variation_id":"46904","customer_group":"PRO","customer_id":"","min_qty":1,"max_qty":9999999,"steps":1,"price":2.17,"price_incl":2.63,"delivery_group":"DELIVERY","warehouse_id":"Z"},{"variation_id":"46904","customer_group":"PRO","customer_id":"","min_qty":1,"max_qty":9999999,"steps":1,"price":2.17,"price_incl":2.63,"delivery_group":"DELIVERY","warehouse_id":"L"},{"variation_id":"46904","customer_group":"PRO","customer_id":"","min_qty":1,"max_qty":9999999,"steps":1,"price":2.17,"price_incl":2.63,"delivery_group":"COLLECT","warehouse_id":"L"},{"variation_id":"46904","customer_group":"PRO","customer_id":"","min_qty":1,"max_qty":9999999,"steps":1,"price":2.17,"price_incl":2.63,"delivery_group":"COLLECT","warehouse_id":"W"},{"variation_id":"46904","customer_group":"PRO","customer_id":"","min_qty":1,"max_qty":9999999,"steps":1,"price":2.17,"price_incl":2.63,"delivery_group":"DELIVERY","warehouse_id":"W"},{"variation_id":"46904","customer_group":"CON","customer_id":"","min_qty":1,"max_qty":9999999,"steps":1,"price":5.26,"price_incl":6.36,"delivery_group":"COLLECT","warehouse_id":"Z"},{"variation_id":"46904","customer_group":"CON","customer_id":"","min_qty":1,"max_qty":9999999,"steps":1,"price":5.26,"price_incl":6.36,"delivery_group":"DELIVERY","warehouse_id":"Z"},{"variation_id":"46904","customer_group":"CON","customer_id":"","min_qty":1,"max_qty":9999999,"steps":1,"price":5.26,"price_incl":6.36,"delivery_group":"COLLECT","warehouse_id":"L"},{"variation_id":"46904","customer_group":"CON","customer_id":"","min_qty":1,"max_qty":9999999,"steps":1,"price":5.26,"price_incl":6.36,"delivery_group":"DELIVERY","warehouse_id":"L"},{"variation_id":"46904","customer_group":"CON","customer_id":"","min_qty":1,"max_qty":9999999,"steps":1,"price":5.26,"price_incl":6.36,"delivery_group":"COLLECT","warehouse_id":"W"},{"variation_id":"46904","customer_group":"CON","customer_id":"","min_qty":1,"max_qty":9999999,"steps":1,"price":5.26,"price_incl":6.36,"delivery_group":"DELIVERY","warehouse_id":"W"},{"variation_id":"46904","customer_group":"PER","customer_id":"","min_qty":1,"max_qty":9999999,"steps":1,"price":1.82,"price_incl":2.2,"delivery_group":"COLLECT","warehouse_id":"Z"},{"variation_id":"46904","customer_group":"PER","customer_id":"","min_qty":1,"max_qty":9999999,"steps":1,"price":1.82,"price_incl":2.2,"delivery_group":"DELIVERY","warehouse_id":"Z"},{"variation_id":"46904","customer_group":"PER","customer_id":"","min_qty":1,"max_qty":9999999,"steps":1,"price":1.82,"price_incl":2.2,"delivery_group":"COLLECT","warehouse_id":"W"},{"variation_id":"46904","customer_group":"PER","customer_id":"","min_qty":1,"max_qty":9999999,"steps":1,"price":1.82,"price_incl":2.2,"delivery_group":"DELIVERY","warehouse_id":"W"},{"variation_id":"46904","customer_group":"DISTRI","customer_id":"129214","min_qty":1,"max_qty":9999999,"steps":1,"price":1.93,"price_incl":2.34,"delivery_group":"COLLECT","warehouse_id":"Z"},{"variation_id":"46904","customer_group":"DISTRI","customer_id":"129214","min_qty":1,"max_qty":9999999,"steps":1,"price":1.93,"price_incl":2.34,"delivery_group":"DELIVERY","warehouse_id":"Z"},{"variation_id":"46904","customer_group":"DISTRI","customer_id":"129214","min_qty":1,"max_qty":9999999,"steps":1,"price":1.93,"price_incl":2.34,"delivery_group":"COLLECT","warehouse_id":"L"},{"variation_id":"46904","customer_group":"DISTRI","customer_id":"129214","min_qty":1,"max_qty":9999999,"steps":1,"price":1.93,"price_incl":2.34,"delivery_group":"DELIVERY","warehouse_id":"L"},{"variation_id":"46904","customer_group":"DISTRI","customer_id":"129214","min_qty":1,"max_qty":9999999,"steps":1,"price":1.93,"price_incl":2.34,"delivery_group":"COLLECT","warehouse_id":"W"},{"variation_id":"46904","customer_group":"DISTRI","customer_id":"129214","min_qty":1,"max_qty":9999999,"steps":1,"price":1.93,"price_incl":2.34,"delivery_group":"DELIVERY","warehouse_id":"W"},{"variation_id":"46902","customer_group":"DISTRI","customer_id":"131196","min_qty":0.5,"max_qty":9999999,"steps":0.01,"price":36.55,"price_incl":44.23,"delivery_group":"COLLECT","warehouse_id":""},{"variation_id":"46902","customer_group":"DISTRI","customer_id":"131196","min_qty":0.5,"max_qty":9999999,"steps":0.01,"price":44.05,"price_incl":53.3,"delivery_group":"DELIVERY","warehouse_id":""}],"packaging_ids":[{"packaging_name":"En vrac","packaging_id":"10","erp_id":"4203"},{"packaging_name":"Big bag 500 kg","packaging_id":"3","erp_id":"4719"},{"packaging_name":"Big bag 1000 kg","packaging_id":"2","erp_id":"4776"},{"packaging_name":"Pi\u00e8ce","packaging_id":"7","erp_id":"5658"}]},"yoast_head":"<!-- This site is optimized with the Yoast SEO plugin v27.3 - https:\/\/yoast.com\/product\/yoast-seo-wordpress\/ -->\n<title>Sable de Lave 0\/3 - Gravelart<\/title>\n<meta name=\"description\" content=\"Bestel Sable de Lave 0\/3 voor jouw volgende tuinproject.\" \/>\n<meta name=\"robots\" content=\"index, follow, max-snippet:-1, max-image-preview:large, max-video-preview:-1\" \/>\n<link rel=\"canonical\" href=\"https:\/\/gravelart.be\/fr\/product\/sable-de-lave-0-3\/\" \/>\n<meta property=\"og:locale\" content=\"fr_FR\" \/>\n<meta property=\"og:type\" content=\"article\" \/>\n<meta property=\"og:title\" content=\"Sable de Lave 0\/3 - Gravelart\" \/>\n<meta property=\"og:description\" content=\"Bestel Sable de Lave 0\/3 voor jouw volgende tuinproject.\" \/>\n<meta property=\"og:url\" content=\"https:\/\/gravelart.be\/fr\/product\/sable-de-lave-0-3\/\" \/>\n<meta property=\"og:site_name\" content=\"Gravelart\" \/>\n<meta property=\"article:modified_time\" content=\"2026-02-18T10:48:38+00:00\" \/>\n<meta property=\"og:image\" content=\"https:\/\/gravelart.be\/wp-content\/uploads\/2023\/02\/WEBSHOP_IMAGE_1-4203.jpg\" \/>\n\t<meta property=\"og:image:width\" content=\"1000\" \/>\n\t<meta property=\"og:image:height\" content=\"665\" \/>\n\t<meta property=\"og:image:type\" content=\"image\/jpeg\" \/>\n<meta name=\"twitter:card\" content=\"summary_large_image\" \/>\n<script type=\"application\/ld+json\" class=\"yoast-schema-graph\">{\"@context\":\"https:\\\/\\\/schema.org\",\"@graph\":[{\"@type\":\"WebPage\",\"@id\":\"https:\\\/\\\/gravelart.be\\\/fr\\\/product\\\/sable-de-lave-0-3\\\/\",\"url\":\"https:\\\/\\\/gravelart.be\\\/fr\\\/product\\\/sable-de-lave-0-3\\\/\",\"name\":\"Sable de Lave 0\\\/3 - Gravelart\",\"isPartOf\":{\"@id\":\"https:\\\/\\\/gravelart.be\\\/fr\\\/#website\"},\"primaryImageOfPage\":{\"@id\":\"https:\\\/\\\/gravelart.be\\\/fr\\\/product\\\/sable-de-lave-0-3\\\/#primaryimage\"},\"image\":{\"@id\":\"https:\\\/\\\/gravelart.be\\\/fr\\\/product\\\/sable-de-lave-0-3\\\/#primaryimage\"},\"thumbnailUrl\":\"https:\\\/\\\/gravelart.be\\\/wp-content\\\/uploads\\\/2023\\\/02\\\/WEBSHOP_IMAGE_1-4203.jpg\",\"datePublished\":\"2023-02-02T08:16:45+00:00\",\"dateModified\":\"2026-02-18T10:48:38+00:00\",\"description\":\"Bestel Sable de Lave 0\\\/3 voor jouw volgende tuinproject.\",\"breadcrumb\":{\"@id\":\"https:\\\/\\\/gravelart.be\\\/fr\\\/product\\\/sable-de-lave-0-3\\\/#breadcrumb\"},\"inLanguage\":\"fr-FR\",\"potentialAction\":[{\"@type\":\"ReadAction\",\"target\":[\"https:\\\/\\\/gravelart.be\\\/fr\\\/product\\\/sable-de-lave-0-3\\\/\"]}]},{\"@type\":\"ImageObject\",\"inLanguage\":\"fr-FR\",\"@id\":\"https:\\\/\\\/gravelart.be\\\/fr\\\/product\\\/sable-de-lave-0-3\\\/#primaryimage\",\"url\":\"https:\\\/\\\/gravelart.be\\\/wp-content\\\/uploads\\\/2023\\\/02\\\/WEBSHOP_IMAGE_1-4203.jpg\",\"contentUrl\":\"https:\\\/\\\/gravelart.be\\\/wp-content\\\/uploads\\\/2023\\\/02\\\/WEBSHOP_IMAGE_1-4203.jpg\",\"width\":1000,\"height\":665,\"caption\":\"Sec\"},{\"@type\":\"BreadcrumbList\",\"@id\":\"https:\\\/\\\/gravelart.be\\\/fr\\\/product\\\/sable-de-lave-0-3\\\/#breadcrumb\",\"itemListElement\":[{\"@type\":\"ListItem\",\"position\":1,\"name\":\"Home\",\"item\":\"https:\\\/\\\/gravelart.be\\\/fr\\\/\"},{\"@type\":\"ListItem\",\"position\":2,\"name\":\"Produits\",\"item\":\"https:\\\/\\\/gravelart.be\\\/fr\\\/boutique\\\/\"},{\"@type\":\"ListItem\",\"position\":3,\"name\":\"Sable de Lave 0\\\/3\"}]},{\"@type\":\"WebSite\",\"@id\":\"https:\\\/\\\/gravelart.be\\\/fr\\\/#website\",\"url\":\"https:\\\/\\\/gravelart.be\\\/fr\\\/\",\"name\":\"Gravelart\",\"description\":\"Alles voor tuin en park\",\"publisher\":{\"@id\":\"https:\\\/\\\/gravelart.be\\\/fr\\\/#organization\"},\"potentialAction\":[{\"@type\":\"SearchAction\",\"target\":{\"@type\":\"EntryPoint\",\"urlTemplate\":\"https:\\\/\\\/gravelart.be\\\/fr\\\/?s={search_term_string}\"},\"query-input\":{\"@type\":\"PropertyValueSpecification\",\"valueRequired\":true,\"valueName\":\"search_term_string\"}}],\"inLanguage\":\"fr-FR\"},{\"@type\":\"Organization\",\"@id\":\"https:\\\/\\\/gravelart.be\\\/fr\\\/#organization\",\"name\":\"Gravelart\",\"url\":\"https:\\\/\\\/gravelart.be\\\/fr\\\/\",\"logo\":{\"@type\":\"ImageObject\",\"inLanguage\":\"fr-FR\",\"@id\":\"https:\\\/\\\/gravelart.be\\\/fr\\\/#\\\/schema\\\/logo\\\/image\\\/\",\"url\":\"https:\\\/\\\/gravelart.be\\\/wp-content\\\/uploads\\\/2022\\\/10\\\/logo-gravelart.png\",\"contentUrl\":\"https:\\\/\\\/gravelart.be\\\/wp-content\\\/uploads\\\/2022\\\/10\\\/logo-gravelart.png\",\"width\":348,\"height\":186,\"caption\":\"Gravelart\"},\"image\":{\"@id\":\"https:\\\/\\\/gravelart.be\\\/fr\\\/#\\\/schema\\\/logo\\\/image\\\/\"}}]}<\/script>\n<!-- \/ Yoast SEO plugin. -->","yoast_head_json":{"title":"Sable de Lave 0\/3 - Gravelart","description":"Bestel Sable de Lave 0\/3 voor jouw volgende tuinproject.","robots":{"index":"index","follow":"follow","max-snippet":"max-snippet:-1","max-image-preview":"max-image-preview:large","max-video-preview":"max-video-preview:-1"},"canonical":"https:\/\/gravelart.be\/fr\/product\/sable-de-lave-0-3\/","og_locale":"fr_FR","og_type":"article","og_title":"Sable de Lave 0\/3 - Gravelart","og_description":"Bestel Sable de Lave 0\/3 voor jouw volgende tuinproject.","og_url":"https:\/\/gravelart.be\/fr\/product\/sable-de-lave-0-3\/","og_site_name":"Gravelart","article_modified_time":"2026-02-18T10:48:38+00:00","og_image":[{"width":1000,"height":665,"url":"https:\/\/gravelart.be\/wp-content\/uploads\/2023\/02\/WEBSHOP_IMAGE_1-4203.jpg","type":"image\/jpeg"}],"twitter_card":"summary_large_image","schema":{"@context":"https:\/\/schema.org","@graph":[{"@type":"WebPage","@id":"https:\/\/gravelart.be\/fr\/product\/sable-de-lave-0-3\/","url":"https:\/\/gravelart.be\/fr\/product\/sable-de-lave-0-3\/","name":"Sable de Lave 0\/3 - Gravelart","isPartOf":{"@id":"https:\/\/gravelart.be\/fr\/#website"},"primaryImageOfPage":{"@id":"https:\/\/gravelart.be\/fr\/product\/sable-de-lave-0-3\/#primaryimage"},"image":{"@id":"https:\/\/gravelart.be\/fr\/product\/sable-de-lave-0-3\/#primaryimage"},"thumbnailUrl":"https:\/\/gravelart.be\/wp-content\/uploads\/2023\/02\/WEBSHOP_IMAGE_1-4203.jpg","datePublished":"2023-02-02T08:16:45+00:00","dateModified":"2026-02-18T10:48:38+00:00","description":"Bestel Sable de Lave 0\/3 voor jouw volgende tuinproject.","breadcrumb":{"@id":"https:\/\/gravelart.be\/fr\/product\/sable-de-lave-0-3\/#breadcrumb"},"inLanguage":"fr-FR","potentialAction":[{"@type":"ReadAction","target":["https:\/\/gravelart.be\/fr\/product\/sable-de-lave-0-3\/"]}]},{"@type":"ImageObject","inLanguage":"fr-FR","@id":"https:\/\/gravelart.be\/fr\/product\/sable-de-lave-0-3\/#primaryimage","url":"https:\/\/gravelart.be\/wp-content\/uploads\/2023\/02\/WEBSHOP_IMAGE_1-4203.jpg","contentUrl":"https:\/\/gravelart.be\/wp-content\/uploads\/2023\/02\/WEBSHOP_IMAGE_1-4203.jpg","width":1000,"height":665,"caption":"Sec"},{"@type":"BreadcrumbList","@id":"https:\/\/gravelart.be\/fr\/product\/sable-de-lave-0-3\/#breadcrumb","itemListElement":[{"@type":"ListItem","position":1,"name":"Home","item":"https:\/\/gravelart.be\/fr\/"},{"@type":"ListItem","position":2,"name":"Produits","item":"https:\/\/gravelart.be\/fr\/boutique\/"},{"@type":"ListItem","position":3,"name":"Sable de Lave 0\/3"}]},{"@type":"WebSite","@id":"https:\/\/gravelart.be\/fr\/#website","url":"https:\/\/gravelart.be\/fr\/","name":"Gravelart","description":"Alles voor tuin en park","publisher":{"@id":"https:\/\/gravelart.be\/fr\/#organization"},"potentialAction":[{"@type":"SearchAction","target":{"@type":"EntryPoint","urlTemplate":"https:\/\/gravelart.be\/fr\/?s={search_term_string}"},"query-input":{"@type":"PropertyValueSpecification","valueRequired":true,"valueName":"search_term_string"}}],"inLanguage":"fr-FR"},{"@type":"Organization","@id":"https:\/\/gravelart.be\/fr\/#organization","name":"Gravelart","url":"https:\/\/gravelart.be\/fr\/","logo":{"@type":"ImageObject","inLanguage":"fr-FR","@id":"https:\/\/gravelart.be\/fr\/#\/schema\/logo\/image\/","url":"https:\/\/gravelart.be\/wp-content\/uploads\/2022\/10\/logo-gravelart.png","contentUrl":"https:\/\/gravelart.be\/wp-content\/uploads\/2022\/10\/logo-gravelart.png","width":348,"height":186,"caption":"Gravelart"},"image":{"@id":"https:\/\/gravelart.be\/fr\/#\/schema\/logo\/image\/"}}]}},"_links":{"self":[{"href":"https:\/\/gravelart.be\/fr\/wp-json\/wp\/v2\/product\/32801","targetHints":{"allow":["GET"]}}],"collection":[{"href":"https:\/\/gravelart.be\/fr\/wp-json\/wp\/v2\/product"}],"about":[{"href":"https:\/\/gravelart.be\/fr\/wp-json\/wp\/v2\/types\/product"}],"replies":[{"embeddable":true,"href":"https:\/\/gravelart.be\/fr\/wp-json\/wp\/v2\/comments?post=32801"}],"wp:featuredmedia":[{"embeddable":true,"href":"https:\/\/gravelart.be\/fr\/wp-json\/wp\/v2\/media\/42885"}],"wp:attachment":[{"href":"https:\/\/gravelart.be\/fr\/wp-json\/wp\/v2\/media?parent=32801"}],"wp:term":[{"taxonomy":"product_brand","embeddable":true,"href":"https:\/\/gravelart.be\/fr\/wp-json\/wp\/v2\/product_brand?post=32801"},{"taxonomy":"product_cat","embeddable":true,"href":"https:\/\/gravelart.be\/fr\/wp-json\/wp\/v2\/product_cat?post=32801"},{"taxonomy":"product_tag","embeddable":true,"href":"https:\/\/gravelart.be\/fr\/wp-json\/wp\/v2\/product_tag?post=32801"}],"curies":[{"name":"wp","href":"https:\/\/api.w.org\/{rel}","templated":true}]}}