{"id":32817,"date":"2023-02-02T09:17:03","date_gmt":"2023-02-02T08:17:03","guid":{"rendered":"https:\/\/gravelart.be\/?post_type=product&#038;p=32817"},"modified":"2026-02-24T20:12:25","modified_gmt":"2026-02-24T19:12:25","slug":"pin-maritime-20-40","status":"publish","type":"product","link":"https:\/\/gravelart.be\/fr\/product\/pin-maritime-20-40\/","title":{"rendered":"Pin Maritime 20\/40"},"content":{"rendered":"","protected":false},"excerpt":{"rendered":"<p>Commandez maintenant en big bag ou en vrac. Cet \u00e9corce de haut qualit\u00e9 est extrait dans le sud de la France et Portugal. Pin Maritime a un couleur brun fonc\u00e9\/bordeaux et est tr\u00e8s d\u00e9coratif. Cet \u00e9corce a une dur\u00e9e de vie entre 5 et 8 ans.<br \/>\nEcorce maintient le sol humide, pr\u00e9vient l&rsquo;\u00e9rosion du sol et pr\u00e9vient la croissance des mauvaises herbes. \u00c9paisseur \u00e0 conseiller: de 8 \u00e0 10 cm.<\/p>\n","protected":false},"featured_media":42976,"comment_status":"open","ping_status":"closed","template":"","meta":{"_acf_changed":false,"inline_featured_image":false},"product_brand":[],"product_cat":[4160],"product_tag":[],"class_list":{"0":"post-32817","1":"product","2":"type-product","3":"status-publish","4":"has-post-thumbnail","6":"product_cat-couverture-de-sol","8":"first","9":"instock","10":"taxable","11":"shipping-taxable","12":"purchasable","13":"product-type-variable","14":"has-default-attributes"},"acf":{"woocommerce_erp_id":"4920","woocommerce_cnk_id":"100913","product_density":0.25,"custom_prices":[{"variation_id":"46881","customer_group":"CON","customer_id":"","min_qty":1,"max_qty":9999999,"steps":0.01,"price":117.62,"price_incl":124.68,"delivery_group":"COLLECT","warehouse_id":""},{"variation_id":"46881","customer_group":"CON","customer_id":"","min_qty":1,"max_qty":9999999,"steps":0.01,"price":117.62,"price_incl":124.68,"delivery_group":"DELIVERY","warehouse_id":""},{"variation_id":"46881","customer_group":"DISTRI","customer_id":"","min_qty":1,"max_qty":9999999,"steps":0.01,"price":87.71,"price_incl":92.97,"delivery_group":"COLLECT","warehouse_id":""},{"variation_id":"46881","customer_group":"DISTRI","customer_id":"","min_qty":1,"max_qty":9999999,"steps":0.01,"price":87.71,"price_incl":92.97,"delivery_group":"DELIVERY","warehouse_id":""},{"variation_id":"46881","customer_group":"PRO","customer_id":"","min_qty":1,"max_qty":9999999,"steps":0.01,"price":98.04,"price_incl":103.92,"delivery_group":"COLLECT","warehouse_id":""},{"variation_id":"46881","customer_group":"PRO","customer_id":"","min_qty":1,"max_qty":9999999,"steps":0.01,"price":98.04,"price_incl":103.92,"delivery_group":"DELIVERY","warehouse_id":""},{"variation_id":"46881","customer_group":"PER","customer_id":"","min_qty":1,"max_qty":9999999,"steps":0.01,"price":76.38,"price_incl":80.96,"delivery_group":"COLLECT","warehouse_id":""},{"variation_id":"46881","customer_group":"PER","customer_id":"","min_qty":1,"max_qty":9999999,"steps":0.01,"price":76.38,"price_incl":80.96,"delivery_group":"DELIVERY","warehouse_id":""},{"variation_id":"46881","customer_group":"DISTRI","customer_id":"129214","min_qty":1,"max_qty":9999999,"steps":0.01,"price":86.5,"price_incl":91.69,"delivery_group":"COLLECT","warehouse_id":""},{"variation_id":"46881","customer_group":"DISTRI","customer_id":"129214","min_qty":1,"max_qty":9999999,"steps":0.01,"price":86.5,"price_incl":91.69,"delivery_group":"DELIVERY","warehouse_id":""},{"variation_id":"46882","customer_group":"CON","customer_id":"","min_qty":1,"max_qty":9999999,"steps":1,"price":147.97,"price_incl":156.85,"delivery_group":"COLLECT","warehouse_id":""},{"variation_id":"46882","customer_group":"CON","customer_id":"","min_qty":1,"max_qty":9999999,"steps":1,"price":147.97,"price_incl":156.85,"delivery_group":"DELIVERY","warehouse_id":""},{"variation_id":"46882","customer_group":"PRO","customer_id":"","min_qty":1,"max_qty":9999999,"steps":1,"price":114.04,"price_incl":120.88,"delivery_group":"COLLECT","warehouse_id":""},{"variation_id":"46882","customer_group":"PRO","customer_id":"","min_qty":1,"max_qty":9999999,"steps":1,"price":114.04,"price_incl":120.88,"delivery_group":"DELIVERY","warehouse_id":""},{"variation_id":"46882","customer_group":"DISTRI","customer_id":"","min_qty":1,"max_qty":9999999,"steps":1,"price":103.71,"price_incl":109.93,"delivery_group":"COLLECT","warehouse_id":""},{"variation_id":"46882","customer_group":"DISTRI","customer_id":"","min_qty":1,"max_qty":9999999,"steps":1,"price":103.71,"price_incl":109.93,"delivery_group":"DELIVERY","warehouse_id":""},{"variation_id":"46882","customer_group":"PER","customer_id":"","min_qty":1,"max_qty":9999999,"steps":1,"price":92.38,"price_incl":97.92,"delivery_group":"COLLECT","warehouse_id":""},{"variation_id":"46882","customer_group":"PER","customer_id":"","min_qty":1,"max_qty":9999999,"steps":1,"price":92.38,"price_incl":97.92,"delivery_group":"DELIVERY","warehouse_id":""},{"variation_id":"46882","customer_group":"DISTRI","customer_id":"129214","min_qty":1,"max_qty":9999999,"steps":1,"price":102.5,"price_incl":108.65,"delivery_group":"COLLECT","warehouse_id":""},{"variation_id":"46882","customer_group":"DISTRI","customer_id":"129214","min_qty":1,"max_qty":9999999,"steps":1,"price":102.5,"price_incl":108.65,"delivery_group":"DELIVERY","warehouse_id":""}],"packaging_ids":[{"packaging_name":"Big bag 1 m\u00b3","packaging_id":"9","erp_id":"5706"},{"packaging_name":"En vrac","packaging_id":"10","erp_id":"4920"}]},"yoast_head":"<!-- This site is optimized with the Yoast SEO plugin v27.3 - https:\/\/yoast.com\/product\/yoast-seo-wordpress\/ -->\n<title>Pin Maritime 20\/40 - Gravelart<\/title>\n<meta name=\"description\" content=\"Bestel Pin Maritime 20\/40 voor jouw volgende tuinproject.\" \/>\n<meta name=\"robots\" content=\"index, follow, max-snippet:-1, max-image-preview:large, max-video-preview:-1\" \/>\n<link rel=\"canonical\" href=\"https:\/\/gravelart.be\/fr\/product\/pin-maritime-20-40\/\" \/>\n<meta property=\"og:locale\" content=\"fr_FR\" \/>\n<meta property=\"og:type\" content=\"article\" \/>\n<meta property=\"og:title\" content=\"Pin Maritime 20\/40 - Gravelart\" \/>\n<meta property=\"og:description\" content=\"Bestel Pin Maritime 20\/40 voor jouw volgende tuinproject.\" \/>\n<meta property=\"og:url\" content=\"https:\/\/gravelart.be\/fr\/product\/pin-maritime-20-40\/\" \/>\n<meta property=\"og:site_name\" content=\"Gravelart\" \/>\n<meta property=\"article:modified_time\" content=\"2026-02-24T19:12:25+00:00\" \/>\n<meta property=\"og:image\" content=\"https:\/\/gravelart.be\/wp-content\/uploads\/2023\/02\/WEBSHOP_IMAGE_1-4920.jpg\" \/>\n\t<meta property=\"og:image:width\" content=\"1024\" \/>\n\t<meta property=\"og:image:height\" content=\"683\" \/>\n\t<meta property=\"og:image:type\" content=\"image\/jpeg\" \/>\n<meta name=\"twitter:card\" content=\"summary_large_image\" \/>\n<script type=\"application\/ld+json\" class=\"yoast-schema-graph\">{\"@context\":\"https:\\\/\\\/schema.org\",\"@graph\":[{\"@type\":\"WebPage\",\"@id\":\"https:\\\/\\\/gravelart.be\\\/fr\\\/product\\\/pin-maritime-20-40\\\/\",\"url\":\"https:\\\/\\\/gravelart.be\\\/fr\\\/product\\\/pin-maritime-20-40\\\/\",\"name\":\"Pin Maritime 20\\\/40 - Gravelart\",\"isPartOf\":{\"@id\":\"https:\\\/\\\/gravelart.be\\\/fr\\\/#website\"},\"primaryImageOfPage\":{\"@id\":\"https:\\\/\\\/gravelart.be\\\/fr\\\/product\\\/pin-maritime-20-40\\\/#primaryimage\"},\"image\":{\"@id\":\"https:\\\/\\\/gravelart.be\\\/fr\\\/product\\\/pin-maritime-20-40\\\/#primaryimage\"},\"thumbnailUrl\":\"https:\\\/\\\/gravelart.be\\\/wp-content\\\/uploads\\\/2023\\\/02\\\/WEBSHOP_IMAGE_1-4920.jpg\",\"datePublished\":\"2023-02-02T08:17:03+00:00\",\"dateModified\":\"2026-02-24T19:12:25+00:00\",\"description\":\"Bestel Pin Maritime 20\\\/40 voor jouw volgende tuinproject.\",\"breadcrumb\":{\"@id\":\"https:\\\/\\\/gravelart.be\\\/fr\\\/product\\\/pin-maritime-20-40\\\/#breadcrumb\"},\"inLanguage\":\"fr-FR\",\"potentialAction\":[{\"@type\":\"ReadAction\",\"target\":[\"https:\\\/\\\/gravelart.be\\\/fr\\\/product\\\/pin-maritime-20-40\\\/\"]}]},{\"@type\":\"ImageObject\",\"inLanguage\":\"fr-FR\",\"@id\":\"https:\\\/\\\/gravelart.be\\\/fr\\\/product\\\/pin-maritime-20-40\\\/#primaryimage\",\"url\":\"https:\\\/\\\/gravelart.be\\\/wp-content\\\/uploads\\\/2023\\\/02\\\/WEBSHOP_IMAGE_1-4920.jpg\",\"contentUrl\":\"https:\\\/\\\/gravelart.be\\\/wp-content\\\/uploads\\\/2023\\\/02\\\/WEBSHOP_IMAGE_1-4920.jpg\",\"width\":1024,\"height\":683,\"caption\":\"Sec\"},{\"@type\":\"BreadcrumbList\",\"@id\":\"https:\\\/\\\/gravelart.be\\\/fr\\\/product\\\/pin-maritime-20-40\\\/#breadcrumb\",\"itemListElement\":[{\"@type\":\"ListItem\",\"position\":1,\"name\":\"Home\",\"item\":\"https:\\\/\\\/gravelart.be\\\/fr\\\/\"},{\"@type\":\"ListItem\",\"position\":2,\"name\":\"Produits\",\"item\":\"https:\\\/\\\/gravelart.be\\\/fr\\\/boutique\\\/\"},{\"@type\":\"ListItem\",\"position\":3,\"name\":\"Pin Maritime 20\\\/40\"}]},{\"@type\":\"WebSite\",\"@id\":\"https:\\\/\\\/gravelart.be\\\/fr\\\/#website\",\"url\":\"https:\\\/\\\/gravelart.be\\\/fr\\\/\",\"name\":\"Gravelart\",\"description\":\"Alles voor tuin en park\",\"publisher\":{\"@id\":\"https:\\\/\\\/gravelart.be\\\/fr\\\/#organization\"},\"potentialAction\":[{\"@type\":\"SearchAction\",\"target\":{\"@type\":\"EntryPoint\",\"urlTemplate\":\"https:\\\/\\\/gravelart.be\\\/fr\\\/?s={search_term_string}\"},\"query-input\":{\"@type\":\"PropertyValueSpecification\",\"valueRequired\":true,\"valueName\":\"search_term_string\"}}],\"inLanguage\":\"fr-FR\"},{\"@type\":\"Organization\",\"@id\":\"https:\\\/\\\/gravelart.be\\\/fr\\\/#organization\",\"name\":\"Gravelart\",\"url\":\"https:\\\/\\\/gravelart.be\\\/fr\\\/\",\"logo\":{\"@type\":\"ImageObject\",\"inLanguage\":\"fr-FR\",\"@id\":\"https:\\\/\\\/gravelart.be\\\/fr\\\/#\\\/schema\\\/logo\\\/image\\\/\",\"url\":\"https:\\\/\\\/gravelart.be\\\/wp-content\\\/uploads\\\/2022\\\/10\\\/logo-gravelart.png\",\"contentUrl\":\"https:\\\/\\\/gravelart.be\\\/wp-content\\\/uploads\\\/2022\\\/10\\\/logo-gravelart.png\",\"width\":348,\"height\":186,\"caption\":\"Gravelart\"},\"image\":{\"@id\":\"https:\\\/\\\/gravelart.be\\\/fr\\\/#\\\/schema\\\/logo\\\/image\\\/\"}}]}<\/script>\n<!-- \/ Yoast SEO plugin. -->","yoast_head_json":{"title":"Pin Maritime 20\/40 - Gravelart","description":"Bestel Pin Maritime 20\/40 voor jouw volgende tuinproject.","robots":{"index":"index","follow":"follow","max-snippet":"max-snippet:-1","max-image-preview":"max-image-preview:large","max-video-preview":"max-video-preview:-1"},"canonical":"https:\/\/gravelart.be\/fr\/product\/pin-maritime-20-40\/","og_locale":"fr_FR","og_type":"article","og_title":"Pin Maritime 20\/40 - Gravelart","og_description":"Bestel Pin Maritime 20\/40 voor jouw volgende tuinproject.","og_url":"https:\/\/gravelart.be\/fr\/product\/pin-maritime-20-40\/","og_site_name":"Gravelart","article_modified_time":"2026-02-24T19:12:25+00:00","og_image":[{"width":1024,"height":683,"url":"https:\/\/gravelart.be\/wp-content\/uploads\/2023\/02\/WEBSHOP_IMAGE_1-4920.jpg","type":"image\/jpeg"}],"twitter_card":"summary_large_image","schema":{"@context":"https:\/\/schema.org","@graph":[{"@type":"WebPage","@id":"https:\/\/gravelart.be\/fr\/product\/pin-maritime-20-40\/","url":"https:\/\/gravelart.be\/fr\/product\/pin-maritime-20-40\/","name":"Pin Maritime 20\/40 - Gravelart","isPartOf":{"@id":"https:\/\/gravelart.be\/fr\/#website"},"primaryImageOfPage":{"@id":"https:\/\/gravelart.be\/fr\/product\/pin-maritime-20-40\/#primaryimage"},"image":{"@id":"https:\/\/gravelart.be\/fr\/product\/pin-maritime-20-40\/#primaryimage"},"thumbnailUrl":"https:\/\/gravelart.be\/wp-content\/uploads\/2023\/02\/WEBSHOP_IMAGE_1-4920.jpg","datePublished":"2023-02-02T08:17:03+00:00","dateModified":"2026-02-24T19:12:25+00:00","description":"Bestel Pin Maritime 20\/40 voor jouw volgende tuinproject.","breadcrumb":{"@id":"https:\/\/gravelart.be\/fr\/product\/pin-maritime-20-40\/#breadcrumb"},"inLanguage":"fr-FR","potentialAction":[{"@type":"ReadAction","target":["https:\/\/gravelart.be\/fr\/product\/pin-maritime-20-40\/"]}]},{"@type":"ImageObject","inLanguage":"fr-FR","@id":"https:\/\/gravelart.be\/fr\/product\/pin-maritime-20-40\/#primaryimage","url":"https:\/\/gravelart.be\/wp-content\/uploads\/2023\/02\/WEBSHOP_IMAGE_1-4920.jpg","contentUrl":"https:\/\/gravelart.be\/wp-content\/uploads\/2023\/02\/WEBSHOP_IMAGE_1-4920.jpg","width":1024,"height":683,"caption":"Sec"},{"@type":"BreadcrumbList","@id":"https:\/\/gravelart.be\/fr\/product\/pin-maritime-20-40\/#breadcrumb","itemListElement":[{"@type":"ListItem","position":1,"name":"Home","item":"https:\/\/gravelart.be\/fr\/"},{"@type":"ListItem","position":2,"name":"Produits","item":"https:\/\/gravelart.be\/fr\/boutique\/"},{"@type":"ListItem","position":3,"name":"Pin Maritime 20\/40"}]},{"@type":"WebSite","@id":"https:\/\/gravelart.be\/fr\/#website","url":"https:\/\/gravelart.be\/fr\/","name":"Gravelart","description":"Alles voor tuin en park","publisher":{"@id":"https:\/\/gravelart.be\/fr\/#organization"},"potentialAction":[{"@type":"SearchAction","target":{"@type":"EntryPoint","urlTemplate":"https:\/\/gravelart.be\/fr\/?s={search_term_string}"},"query-input":{"@type":"PropertyValueSpecification","valueRequired":true,"valueName":"search_term_string"}}],"inLanguage":"fr-FR"},{"@type":"Organization","@id":"https:\/\/gravelart.be\/fr\/#organization","name":"Gravelart","url":"https:\/\/gravelart.be\/fr\/","logo":{"@type":"ImageObject","inLanguage":"fr-FR","@id":"https:\/\/gravelart.be\/fr\/#\/schema\/logo\/image\/","url":"https:\/\/gravelart.be\/wp-content\/uploads\/2022\/10\/logo-gravelart.png","contentUrl":"https:\/\/gravelart.be\/wp-content\/uploads\/2022\/10\/logo-gravelart.png","width":348,"height":186,"caption":"Gravelart"},"image":{"@id":"https:\/\/gravelart.be\/fr\/#\/schema\/logo\/image\/"}}]}},"_links":{"self":[{"href":"https:\/\/gravelart.be\/fr\/wp-json\/wp\/v2\/product\/32817","targetHints":{"allow":["GET"]}}],"collection":[{"href":"https:\/\/gravelart.be\/fr\/wp-json\/wp\/v2\/product"}],"about":[{"href":"https:\/\/gravelart.be\/fr\/wp-json\/wp\/v2\/types\/product"}],"replies":[{"embeddable":true,"href":"https:\/\/gravelart.be\/fr\/wp-json\/wp\/v2\/comments?post=32817"}],"wp:featuredmedia":[{"embeddable":true,"href":"https:\/\/gravelart.be\/fr\/wp-json\/wp\/v2\/media\/42976"}],"wp:attachment":[{"href":"https:\/\/gravelart.be\/fr\/wp-json\/wp\/v2\/media?parent=32817"}],"wp:term":[{"taxonomy":"product_brand","embeddable":true,"href":"https:\/\/gravelart.be\/fr\/wp-json\/wp\/v2\/product_brand?post=32817"},{"taxonomy":"product_cat","embeddable":true,"href":"https:\/\/gravelart.be\/fr\/wp-json\/wp\/v2\/product_cat?post=32817"},{"taxonomy":"product_tag","embeddable":true,"href":"https:\/\/gravelart.be\/fr\/wp-json\/wp\/v2\/product_tag?post=32817"}],"curies":[{"name":"wp","href":"https:\/\/api.w.org\/{rel}","templated":true}]}}