{"id":32831,"date":"2023-02-02T09:17:19","date_gmt":"2023-02-02T08:17:19","guid":{"rendered":"https:\/\/gravelart.be\/?post_type=product&#038;p=32831"},"modified":"2026-02-24T20:12:17","modified_gmt":"2026-02-24T19:12:17","slug":"eccofence-alubox-grille-superieure-galvanisee","status":"publish","type":"product","link":"https:\/\/gravelart.be\/fr\/product\/eccofence-alubox-grille-superieure-galvanisee\/","title":{"rendered":"ECCOfence ALUbox Grille Sup\u00e9rieure Galvanis\u00e9e"},"content":{"rendered":"","protected":false},"excerpt":{"rendered":"<p>A commander avec un gabion ALUbox. Alternativement, vous pouvez \u00e9galement choissir un profil sup\u00e9rieur en aluminium.<\/p>\n<ul>\n<li>Dimensions: 201 L x 16,5 P cm<\/li>\n<li>Mati\u00e8re: Alliage zinc-aluminium de 340 g\/m\u00b2<\/li>\n<\/ul>\n","protected":false},"featured_media":40627,"comment_status":"open","ping_status":"closed","template":"","meta":{"_acf_changed":false,"inline_featured_image":false},"product_brand":[],"product_cat":[4161],"product_tag":[],"class_list":{"0":"post-32831","1":"product","2":"type-product","3":"status-publish","4":"has-post-thumbnail","6":"product_cat-gabions","8":"first","9":"instock","10":"taxable","11":"shipping-taxable","12":"purchasable","13":"product-type-variable","14":"has-default-attributes"},"acf":{"woocommerce_erp_id":"5163","woocommerce_cnk_id":"100923","product_density":0,"custom_prices":[{"variation_id":"40628","customer_group":"PRO","customer_id":"","min_qty":1,"max_qty":9999999,"steps":1,"price":19.9,"price_incl":24.08,"delivery_group":"COLLECT","warehouse_id":"Z"},{"variation_id":"40628","customer_group":"PRO","customer_id":"","min_qty":1,"max_qty":9999999,"steps":1,"price":19.9,"price_incl":24.08,"delivery_group":"DELIVERY","warehouse_id":"Z"},{"variation_id":"40628","customer_group":"PRO","customer_id":"","min_qty":1,"max_qty":9999999,"steps":1,"price":19.9,"price_incl":24.08,"delivery_group":"COLLECT","warehouse_id":"W"},{"variation_id":"40628","customer_group":"PRO","customer_id":"","min_qty":1,"max_qty":9999999,"steps":1,"price":19.9,"price_incl":24.08,"delivery_group":"DELIVERY","warehouse_id":"W"},{"variation_id":"40628","customer_group":"CON","customer_id":"","min_qty":1,"max_qty":9999999,"steps":1,"price":21.83,"price_incl":26.41,"delivery_group":"COLLECT","warehouse_id":"Z"},{"variation_id":"40628","customer_group":"CON","customer_id":"","min_qty":1,"max_qty":9999999,"steps":1,"price":21.83,"price_incl":26.41,"delivery_group":"DELIVERY","warehouse_id":"Z"},{"variation_id":"40628","customer_group":"CON","customer_id":"","min_qty":1,"max_qty":9999999,"steps":1,"price":21.83,"price_incl":26.41,"delivery_group":"COLLECT","warehouse_id":"W"},{"variation_id":"40628","customer_group":"CON","customer_id":"","min_qty":1,"max_qty":9999999,"steps":1,"price":21.83,"price_incl":26.41,"delivery_group":"DELIVERY","warehouse_id":"W"},{"variation_id":"40628","customer_group":"DISTRI","customer_id":"","min_qty":1,"max_qty":9999999,"steps":1,"price":19.9,"price_incl":24.08,"delivery_group":"COLLECT","warehouse_id":"Z"},{"variation_id":"40628","customer_group":"DISTRI","customer_id":"","min_qty":1,"max_qty":9999999,"steps":1,"price":19.9,"price_incl":24.08,"delivery_group":"DELIVERY","warehouse_id":"Z"},{"variation_id":"40628","customer_group":"DISTRI","customer_id":"","min_qty":1,"max_qty":9999999,"steps":1,"price":19.9,"price_incl":24.08,"delivery_group":"DELIVERY","warehouse_id":"W"},{"variation_id":"40628","customer_group":"DISTRI","customer_id":"","min_qty":1,"max_qty":9999999,"steps":1,"price":19.9,"price_incl":24.08,"delivery_group":"COLLECT","warehouse_id":"W"},{"variation_id":"40628","customer_group":"DISTRI","customer_id":"129214","min_qty":1,"max_qty":9999999,"steps":1,"price":16.8,"price_incl":20.33,"delivery_group":"DELIVERY","warehouse_id":"Z"},{"variation_id":"40628","customer_group":"DISTRI","customer_id":"129214","min_qty":1,"max_qty":9999999,"steps":1,"price":16.8,"price_incl":20.33,"delivery_group":"COLLECT","warehouse_id":"Z"},{"variation_id":"40628","customer_group":"DISTRI","customer_id":"129214","min_qty":1,"max_qty":9999999,"steps":1,"price":16.8,"price_incl":20.33,"delivery_group":"DELIVERY","warehouse_id":"W"},{"variation_id":"40628","customer_group":"DISTRI","customer_id":"129214","min_qty":1,"max_qty":9999999,"steps":1,"price":16.8,"price_incl":20.33,"delivery_group":"COLLECT","warehouse_id":"W"},{"variation_id":"40628","customer_group":"PER","customer_id":"","min_qty":1,"max_qty":9999999,"steps":1,"price":15,"price_incl":18.15,"delivery_group":"COLLECT","warehouse_id":"Z"},{"variation_id":"40628","customer_group":"PER","customer_id":"","min_qty":1,"max_qty":9999999,"steps":1,"price":15,"price_incl":18.15,"delivery_group":"DELIVERY","warehouse_id":"Z"},{"variation_id":"40628","customer_group":"PER","customer_id":"","min_qty":1,"max_qty":9999999,"steps":1,"price":15,"price_incl":18.15,"delivery_group":"COLLECT","warehouse_id":"W"},{"variation_id":"40628","customer_group":"PER","customer_id":"","min_qty":1,"max_qty":9999999,"steps":1,"price":15,"price_incl":18.15,"delivery_group":"DELIVERY","warehouse_id":"W"}],"packaging_ids":[{"packaging_name":"Pi\u00e8ce","packaging_id":"7","erp_id":"5163"}]},"yoast_head":"<!-- This site is optimized with the Yoast SEO plugin v25.8 - https:\/\/yoast.com\/wordpress\/plugins\/seo\/ -->\n<title>ECCOfence ALUbox Grille Sup\u00e9rieure Galvanis\u00e9e - Gravelart<\/title>\n<meta name=\"description\" content=\"Bestel ECCOfence ALUbox Grille Sup\u00e9rieure Galvanis\u00e9e voor jouw volgende tuinproject.\" \/>\n<meta name=\"robots\" content=\"index, follow, max-snippet:-1, max-image-preview:large, max-video-preview:-1\" \/>\n<link rel=\"canonical\" href=\"https:\/\/gravelart.be\/fr\/product\/eccofence-alubox-grille-superieure-galvanisee\/\" \/>\n<meta property=\"og:locale\" content=\"fr_FR\" \/>\n<meta property=\"og:type\" content=\"article\" \/>\n<meta property=\"og:title\" content=\"ECCOfence ALUbox Grille Sup\u00e9rieure Galvanis\u00e9e - Gravelart\" \/>\n<meta property=\"og:description\" content=\"Bestel ECCOfence ALUbox Grille Sup\u00e9rieure Galvanis\u00e9e voor jouw volgende tuinproject.\" \/>\n<meta property=\"og:url\" content=\"https:\/\/gravelart.be\/fr\/product\/eccofence-alubox-grille-superieure-galvanisee\/\" \/>\n<meta property=\"og:site_name\" content=\"Gravelart\" \/>\n<meta property=\"article:modified_time\" content=\"2026-02-24T19:12:17+00:00\" \/>\n<meta property=\"og:image\" content=\"https:\/\/gravelart.be\/wp-content\/uploads\/2023\/02\/WEBSHOP_IMAGE_1-5163.jpg\" \/>\n\t<meta property=\"og:image:width\" content=\"1600\" \/>\n\t<meta property=\"og:image:height\" content=\"1600\" \/>\n\t<meta property=\"og:image:type\" content=\"image\/jpeg\" \/>\n<meta name=\"twitter:card\" content=\"summary_large_image\" \/>\n<script type=\"application\/ld+json\" class=\"yoast-schema-graph\">{\"@context\":\"https:\/\/schema.org\",\"@graph\":[{\"@type\":\"WebPage\",\"@id\":\"https:\/\/gravelart.be\/fr\/product\/eccofence-alubox-grille-superieure-galvanisee\/\",\"url\":\"https:\/\/gravelart.be\/fr\/product\/eccofence-alubox-grille-superieure-galvanisee\/\",\"name\":\"ECCOfence ALUbox Grille Sup\u00e9rieure Galvanis\u00e9e - Gravelart\",\"isPartOf\":{\"@id\":\"https:\/\/gravelart.be\/fr\/#website\"},\"primaryImageOfPage\":{\"@id\":\"https:\/\/gravelart.be\/fr\/product\/eccofence-alubox-grille-superieure-galvanisee\/#primaryimage\"},\"image\":{\"@id\":\"https:\/\/gravelart.be\/fr\/product\/eccofence-alubox-grille-superieure-galvanisee\/#primaryimage\"},\"thumbnailUrl\":\"https:\/\/gravelart.be\/wp-content\/uploads\/2023\/02\/WEBSHOP_IMAGE_1-5163.jpg\",\"datePublished\":\"2023-02-02T08:17:19+00:00\",\"dateModified\":\"2026-02-24T19:12:17+00:00\",\"description\":\"Bestel ECCOfence ALUbox Grille Sup\u00e9rieure Galvanis\u00e9e voor jouw volgende tuinproject.\",\"breadcrumb\":{\"@id\":\"https:\/\/gravelart.be\/fr\/product\/eccofence-alubox-grille-superieure-galvanisee\/#breadcrumb\"},\"inLanguage\":\"fr-FR\",\"potentialAction\":[{\"@type\":\"ReadAction\",\"target\":[\"https:\/\/gravelart.be\/fr\/product\/eccofence-alubox-grille-superieure-galvanisee\/\"]}]},{\"@type\":\"ImageObject\",\"inLanguage\":\"fr-FR\",\"@id\":\"https:\/\/gravelart.be\/fr\/product\/eccofence-alubox-grille-superieure-galvanisee\/#primaryimage\",\"url\":\"https:\/\/gravelart.be\/wp-content\/uploads\/2023\/02\/WEBSHOP_IMAGE_1-5163.jpg\",\"contentUrl\":\"https:\/\/gravelart.be\/wp-content\/uploads\/2023\/02\/WEBSHOP_IMAGE_1-5163.jpg\",\"width\":1600,\"height\":1600,\"caption\":\"Bovennet steenkorf\"},{\"@type\":\"BreadcrumbList\",\"@id\":\"https:\/\/gravelart.be\/fr\/product\/eccofence-alubox-grille-superieure-galvanisee\/#breadcrumb\",\"itemListElement\":[{\"@type\":\"ListItem\",\"position\":1,\"name\":\"Home\",\"item\":\"https:\/\/gravelart.be\/fr\/\"},{\"@type\":\"ListItem\",\"position\":2,\"name\":\"Produits\",\"item\":\"https:\/\/gravelart.be\/fr\/boutique\/\"},{\"@type\":\"ListItem\",\"position\":3,\"name\":\"ECCOfence ALUbox Grille Sup\u00e9rieure Galvanis\u00e9e\"}]},{\"@type\":\"WebSite\",\"@id\":\"https:\/\/gravelart.be\/fr\/#website\",\"url\":\"https:\/\/gravelart.be\/fr\/\",\"name\":\"Gravelart\",\"description\":\"Alles voor tuin en park\",\"publisher\":{\"@id\":\"https:\/\/gravelart.be\/fr\/#organization\"},\"potentialAction\":[{\"@type\":\"SearchAction\",\"target\":{\"@type\":\"EntryPoint\",\"urlTemplate\":\"https:\/\/gravelart.be\/fr\/?s={search_term_string}\"},\"query-input\":{\"@type\":\"PropertyValueSpecification\",\"valueRequired\":true,\"valueName\":\"search_term_string\"}}],\"inLanguage\":\"fr-FR\"},{\"@type\":\"Organization\",\"@id\":\"https:\/\/gravelart.be\/fr\/#organization\",\"name\":\"Gravelart\",\"url\":\"https:\/\/gravelart.be\/fr\/\",\"logo\":{\"@type\":\"ImageObject\",\"inLanguage\":\"fr-FR\",\"@id\":\"https:\/\/gravelart.be\/fr\/#\/schema\/logo\/image\/\",\"url\":\"https:\/\/gravelart.be\/wp-content\/uploads\/2022\/10\/logo-gravelart.png\",\"contentUrl\":\"https:\/\/gravelart.be\/wp-content\/uploads\/2022\/10\/logo-gravelart.png\",\"width\":348,\"height\":186,\"caption\":\"Gravelart\"},\"image\":{\"@id\":\"https:\/\/gravelart.be\/fr\/#\/schema\/logo\/image\/\"}}]}<\/script>\n<!-- \/ Yoast SEO plugin. -->","yoast_head_json":{"title":"ECCOfence ALUbox Grille Sup\u00e9rieure Galvanis\u00e9e - Gravelart","description":"Bestel ECCOfence ALUbox Grille Sup\u00e9rieure Galvanis\u00e9e voor jouw volgende tuinproject.","robots":{"index":"index","follow":"follow","max-snippet":"max-snippet:-1","max-image-preview":"max-image-preview:large","max-video-preview":"max-video-preview:-1"},"canonical":"https:\/\/gravelart.be\/fr\/product\/eccofence-alubox-grille-superieure-galvanisee\/","og_locale":"fr_FR","og_type":"article","og_title":"ECCOfence ALUbox Grille Sup\u00e9rieure Galvanis\u00e9e - Gravelart","og_description":"Bestel ECCOfence ALUbox Grille Sup\u00e9rieure Galvanis\u00e9e voor jouw volgende tuinproject.","og_url":"https:\/\/gravelart.be\/fr\/product\/eccofence-alubox-grille-superieure-galvanisee\/","og_site_name":"Gravelart","article_modified_time":"2026-02-24T19:12:17+00:00","og_image":[{"width":1600,"height":1600,"url":"https:\/\/gravelart.be\/wp-content\/uploads\/2023\/02\/WEBSHOP_IMAGE_1-5163.jpg","type":"image\/jpeg"}],"twitter_card":"summary_large_image","schema":{"@context":"https:\/\/schema.org","@graph":[{"@type":"WebPage","@id":"https:\/\/gravelart.be\/fr\/product\/eccofence-alubox-grille-superieure-galvanisee\/","url":"https:\/\/gravelart.be\/fr\/product\/eccofence-alubox-grille-superieure-galvanisee\/","name":"ECCOfence ALUbox Grille Sup\u00e9rieure Galvanis\u00e9e - Gravelart","isPartOf":{"@id":"https:\/\/gravelart.be\/fr\/#website"},"primaryImageOfPage":{"@id":"https:\/\/gravelart.be\/fr\/product\/eccofence-alubox-grille-superieure-galvanisee\/#primaryimage"},"image":{"@id":"https:\/\/gravelart.be\/fr\/product\/eccofence-alubox-grille-superieure-galvanisee\/#primaryimage"},"thumbnailUrl":"https:\/\/gravelart.be\/wp-content\/uploads\/2023\/02\/WEBSHOP_IMAGE_1-5163.jpg","datePublished":"2023-02-02T08:17:19+00:00","dateModified":"2026-02-24T19:12:17+00:00","description":"Bestel ECCOfence ALUbox Grille Sup\u00e9rieure Galvanis\u00e9e voor jouw volgende tuinproject.","breadcrumb":{"@id":"https:\/\/gravelart.be\/fr\/product\/eccofence-alubox-grille-superieure-galvanisee\/#breadcrumb"},"inLanguage":"fr-FR","potentialAction":[{"@type":"ReadAction","target":["https:\/\/gravelart.be\/fr\/product\/eccofence-alubox-grille-superieure-galvanisee\/"]}]},{"@type":"ImageObject","inLanguage":"fr-FR","@id":"https:\/\/gravelart.be\/fr\/product\/eccofence-alubox-grille-superieure-galvanisee\/#primaryimage","url":"https:\/\/gravelart.be\/wp-content\/uploads\/2023\/02\/WEBSHOP_IMAGE_1-5163.jpg","contentUrl":"https:\/\/gravelart.be\/wp-content\/uploads\/2023\/02\/WEBSHOP_IMAGE_1-5163.jpg","width":1600,"height":1600,"caption":"Bovennet steenkorf"},{"@type":"BreadcrumbList","@id":"https:\/\/gravelart.be\/fr\/product\/eccofence-alubox-grille-superieure-galvanisee\/#breadcrumb","itemListElement":[{"@type":"ListItem","position":1,"name":"Home","item":"https:\/\/gravelart.be\/fr\/"},{"@type":"ListItem","position":2,"name":"Produits","item":"https:\/\/gravelart.be\/fr\/boutique\/"},{"@type":"ListItem","position":3,"name":"ECCOfence ALUbox Grille Sup\u00e9rieure Galvanis\u00e9e"}]},{"@type":"WebSite","@id":"https:\/\/gravelart.be\/fr\/#website","url":"https:\/\/gravelart.be\/fr\/","name":"Gravelart","description":"Alles voor tuin en park","publisher":{"@id":"https:\/\/gravelart.be\/fr\/#organization"},"potentialAction":[{"@type":"SearchAction","target":{"@type":"EntryPoint","urlTemplate":"https:\/\/gravelart.be\/fr\/?s={search_term_string}"},"query-input":{"@type":"PropertyValueSpecification","valueRequired":true,"valueName":"search_term_string"}}],"inLanguage":"fr-FR"},{"@type":"Organization","@id":"https:\/\/gravelart.be\/fr\/#organization","name":"Gravelart","url":"https:\/\/gravelart.be\/fr\/","logo":{"@type":"ImageObject","inLanguage":"fr-FR","@id":"https:\/\/gravelart.be\/fr\/#\/schema\/logo\/image\/","url":"https:\/\/gravelart.be\/wp-content\/uploads\/2022\/10\/logo-gravelart.png","contentUrl":"https:\/\/gravelart.be\/wp-content\/uploads\/2022\/10\/logo-gravelart.png","width":348,"height":186,"caption":"Gravelart"},"image":{"@id":"https:\/\/gravelart.be\/fr\/#\/schema\/logo\/image\/"}}]}},"_links":{"self":[{"href":"https:\/\/gravelart.be\/fr\/wp-json\/wp\/v2\/product\/32831","targetHints":{"allow":["GET"]}}],"collection":[{"href":"https:\/\/gravelart.be\/fr\/wp-json\/wp\/v2\/product"}],"about":[{"href":"https:\/\/gravelart.be\/fr\/wp-json\/wp\/v2\/types\/product"}],"replies":[{"embeddable":true,"href":"https:\/\/gravelart.be\/fr\/wp-json\/wp\/v2\/comments?post=32831"}],"wp:featuredmedia":[{"embeddable":true,"href":"https:\/\/gravelart.be\/fr\/wp-json\/wp\/v2\/media\/40627"}],"wp:attachment":[{"href":"https:\/\/gravelart.be\/fr\/wp-json\/wp\/v2\/media?parent=32831"}],"wp:term":[{"taxonomy":"product_brand","embeddable":true,"href":"https:\/\/gravelart.be\/fr\/wp-json\/wp\/v2\/product_brand?post=32831"},{"taxonomy":"product_cat","embeddable":true,"href":"https:\/\/gravelart.be\/fr\/wp-json\/wp\/v2\/product_cat?post=32831"},{"taxonomy":"product_tag","embeddable":true,"href":"https:\/\/gravelart.be\/fr\/wp-json\/wp\/v2\/product_tag?post=32831"}],"curies":[{"name":"wp","href":"https:\/\/api.w.org\/{rel}","templated":true}]}}