{"id":32835,"date":"2023-02-02T09:17:24","date_gmt":"2023-02-02T08:17:24","guid":{"rendered":"https:\/\/gravelart.be\/?post_type=product&#038;p=32835"},"modified":"2026-02-24T20:12:11","modified_gmt":"2026-02-24T19:12:11","slug":"gabion-budget-100-x-30-x-50","status":"publish","type":"product","link":"https:\/\/gravelart.be\/fr\/product\/gabion-budget-100-x-30-x-50\/","title":{"rendered":"Gabion Budget 100 x 30 x 50"},"content":{"rendered":"","protected":false},"excerpt":{"rendered":"<p>Ce gabion est la solution id\u00e9ale pour toutes les personnes qui aiment prendre les choses en mains. Gr\u00e2ce \u00e0 la vaste offre de filets, il est possible de composer soi-m\u00eame les gabions, sur une \u00e9paisseur de 30 cm.<br \/>\nLe gabion budget n&rsquo;est pas flottant.<\/p>\n<ul>\n<li>Contenu: 240 kg<\/li>\n<li>Dimensions: 100 x 30 x 50 cm<\/li>\n<li>Mati\u00e8re: galvanis\u00e9<\/li>\n<li>Largeur des mailles: 5 x 5 cm<\/li>\n<\/ul>\n","protected":false},"featured_media":40619,"comment_status":"open","ping_status":"closed","template":"","meta":{"_acf_changed":false,"inline_featured_image":false},"product_brand":[],"product_cat":[4161],"product_tag":[],"class_list":{"0":"post-32835","1":"product","2":"type-product","3":"status-publish","4":"has-post-thumbnail","6":"product_cat-gabions","8":"first","9":"instock","10":"taxable","11":"shipping-taxable","12":"purchasable","13":"product-type-variable","14":"has-default-attributes"},"acf":{"woocommerce_erp_id":"5214","woocommerce_cnk_id":"100929","product_density":1,"custom_prices":[{"variation_id":"40623","customer_group":"CON","customer_id":"","min_qty":1,"max_qty":9999999,"steps":1,"price":77.88,"price_incl":94.23,"delivery_group":"COLLECT","warehouse_id":""},{"variation_id":"40623","customer_group":"CON","customer_id":"","min_qty":1,"max_qty":9999999,"steps":1,"price":77.88,"price_incl":94.23,"delivery_group":"DELIVERY","warehouse_id":""},{"variation_id":"40623","customer_group":"CON","customer_id":"","min_qty":1,"max_qty":9999999,"steps":1,"price":77.88,"price_incl":94.23,"delivery_group":"COLLECT","warehouse_id":""},{"variation_id":"40623","customer_group":"CON","customer_id":"","min_qty":1,"max_qty":9999999,"steps":1,"price":77.88,"price_incl":94.23,"delivery_group":"DELIVERY","warehouse_id":""},{"variation_id":"40623","customer_group":"DISTRI","customer_id":"","min_qty":1,"max_qty":9999999,"steps":1,"price":59.5,"price_incl":72,"delivery_group":"COLLECT","warehouse_id":""},{"variation_id":"40623","customer_group":"DISTRI","customer_id":"","min_qty":1,"max_qty":9999999,"steps":1,"price":59.5,"price_incl":72,"delivery_group":"DELIVERY","warehouse_id":""},{"variation_id":"40623","customer_group":"DISTRI","customer_id":"","min_qty":1,"max_qty":9999999,"steps":1,"price":59.5,"price_incl":72,"delivery_group":"COLLECT","warehouse_id":""},{"variation_id":"40623","customer_group":"DISTRI","customer_id":"","min_qty":1,"max_qty":9999999,"steps":1,"price":59.5,"price_incl":72,"delivery_group":"DELIVERY","warehouse_id":""},{"variation_id":"40623","customer_group":"PRO","customer_id":"","min_qty":1,"max_qty":9999999,"steps":1,"price":62.3,"price_incl":75.38,"delivery_group":"COLLECT","warehouse_id":""},{"variation_id":"40623","customer_group":"PRO","customer_id":"","min_qty":1,"max_qty":9999999,"steps":1,"price":62.3,"price_incl":75.38,"delivery_group":"DELIVERY","warehouse_id":""},{"variation_id":"40623","customer_group":"PRO","customer_id":"","min_qty":1,"max_qty":9999999,"steps":1,"price":62.3,"price_incl":75.38,"delivery_group":"COLLECT","warehouse_id":""},{"variation_id":"40623","customer_group":"PRO","customer_id":"","min_qty":1,"max_qty":9999999,"steps":1,"price":62.3,"price_incl":75.38,"delivery_group":"DELIVERY","warehouse_id":""},{"variation_id":"40623","customer_group":"DISTRI","customer_id":"129214","min_qty":1,"max_qty":9999999,"steps":1,"price":30.63,"price_incl":37.06,"delivery_group":"COLLECT","warehouse_id":""},{"variation_id":"40623","customer_group":"DISTRI","customer_id":"129214","min_qty":1,"max_qty":9999999,"steps":1,"price":30.63,"price_incl":37.06,"delivery_group":"DELIVERY","warehouse_id":""},{"variation_id":"40623","customer_group":"DISTRI","customer_id":"129214","min_qty":1,"max_qty":9999999,"steps":1,"price":30.63,"price_incl":37.06,"delivery_group":"COLLECT","warehouse_id":""},{"variation_id":"40623","customer_group":"DISTRI","customer_id":"129214","min_qty":1,"max_qty":9999999,"steps":1,"price":30.63,"price_incl":37.06,"delivery_group":"DELIVERY","warehouse_id":""}],"packaging_ids":[{"packaging_name":"Pi\u00e8ce","packaging_id":"7","erp_id":"5214"}]},"yoast_head":"<!-- This site is optimized with the Yoast SEO plugin v25.8 - https:\/\/yoast.com\/wordpress\/plugins\/seo\/ -->\n<title>Gabion Budget 100 x 30 x 50 - Gravelart<\/title>\n<meta name=\"description\" content=\"Bestel Gabion Budget 100 x 30 x 50 voor jouw volgende tuinproject.\" \/>\n<meta name=\"robots\" content=\"index, follow, max-snippet:-1, max-image-preview:large, max-video-preview:-1\" \/>\n<link rel=\"canonical\" href=\"https:\/\/gravelart.be\/fr\/product\/gabion-budget-100-x-30-x-50\/\" \/>\n<meta property=\"og:locale\" content=\"fr_FR\" \/>\n<meta property=\"og:type\" content=\"article\" \/>\n<meta property=\"og:title\" content=\"Gabion Budget 100 x 30 x 50 - Gravelart\" \/>\n<meta property=\"og:description\" content=\"Bestel Gabion Budget 100 x 30 x 50 voor jouw volgende tuinproject.\" \/>\n<meta property=\"og:url\" content=\"https:\/\/gravelart.be\/fr\/product\/gabion-budget-100-x-30-x-50\/\" \/>\n<meta property=\"og:site_name\" content=\"Gravelart\" \/>\n<meta property=\"article:modified_time\" content=\"2026-02-24T19:12:11+00:00\" \/>\n<meta property=\"og:image\" content=\"https:\/\/gravelart.be\/wp-content\/uploads\/2023\/02\/WEBSHOP_IMAGE_1-5214.jpg\" \/>\n\t<meta property=\"og:image:width\" content=\"1067\" \/>\n\t<meta property=\"og:image:height\" content=\"1600\" \/>\n\t<meta property=\"og:image:type\" content=\"image\/jpeg\" \/>\n<meta name=\"twitter:card\" content=\"summary_large_image\" \/>\n<script type=\"application\/ld+json\" class=\"yoast-schema-graph\">{\"@context\":\"https:\/\/schema.org\",\"@graph\":[{\"@type\":\"WebPage\",\"@id\":\"https:\/\/gravelart.be\/fr\/product\/gabion-budget-100-x-30-x-50\/\",\"url\":\"https:\/\/gravelart.be\/fr\/product\/gabion-budget-100-x-30-x-50\/\",\"name\":\"Gabion Budget 100 x 30 x 50 - Gravelart\",\"isPartOf\":{\"@id\":\"https:\/\/gravelart.be\/fr\/#website\"},\"primaryImageOfPage\":{\"@id\":\"https:\/\/gravelart.be\/fr\/product\/gabion-budget-100-x-30-x-50\/#primaryimage\"},\"image\":{\"@id\":\"https:\/\/gravelart.be\/fr\/product\/gabion-budget-100-x-30-x-50\/#primaryimage\"},\"thumbnailUrl\":\"https:\/\/gravelart.be\/wp-content\/uploads\/2023\/02\/WEBSHOP_IMAGE_1-5214.jpg\",\"datePublished\":\"2023-02-02T08:17:24+00:00\",\"dateModified\":\"2026-02-24T19:12:11+00:00\",\"description\":\"Bestel Gabion Budget 100 x 30 x 50 voor jouw volgende tuinproject.\",\"breadcrumb\":{\"@id\":\"https:\/\/gravelart.be\/fr\/product\/gabion-budget-100-x-30-x-50\/#breadcrumb\"},\"inLanguage\":\"fr-FR\",\"potentialAction\":[{\"@type\":\"ReadAction\",\"target\":[\"https:\/\/gravelart.be\/fr\/product\/gabion-budget-100-x-30-x-50\/\"]}]},{\"@type\":\"ImageObject\",\"inLanguage\":\"fr-FR\",\"@id\":\"https:\/\/gravelart.be\/fr\/product\/gabion-budget-100-x-30-x-50\/#primaryimage\",\"url\":\"https:\/\/gravelart.be\/wp-content\/uploads\/2023\/02\/WEBSHOP_IMAGE_1-5214.jpg\",\"contentUrl\":\"https:\/\/gravelart.be\/wp-content\/uploads\/2023\/02\/WEBSHOP_IMAGE_1-5214.jpg\",\"width\":1067,\"height\":1600,\"caption\":\"Budgetkorf\"},{\"@type\":\"BreadcrumbList\",\"@id\":\"https:\/\/gravelart.be\/fr\/product\/gabion-budget-100-x-30-x-50\/#breadcrumb\",\"itemListElement\":[{\"@type\":\"ListItem\",\"position\":1,\"name\":\"Home\",\"item\":\"https:\/\/gravelart.be\/fr\/\"},{\"@type\":\"ListItem\",\"position\":2,\"name\":\"Produits\",\"item\":\"https:\/\/gravelart.be\/fr\/boutique\/\"},{\"@type\":\"ListItem\",\"position\":3,\"name\":\"Gabion Budget 100 x 30 x 50\"}]},{\"@type\":\"WebSite\",\"@id\":\"https:\/\/gravelart.be\/fr\/#website\",\"url\":\"https:\/\/gravelart.be\/fr\/\",\"name\":\"Gravelart\",\"description\":\"Alles voor tuin en park\",\"publisher\":{\"@id\":\"https:\/\/gravelart.be\/fr\/#organization\"},\"potentialAction\":[{\"@type\":\"SearchAction\",\"target\":{\"@type\":\"EntryPoint\",\"urlTemplate\":\"https:\/\/gravelart.be\/fr\/?s={search_term_string}\"},\"query-input\":{\"@type\":\"PropertyValueSpecification\",\"valueRequired\":true,\"valueName\":\"search_term_string\"}}],\"inLanguage\":\"fr-FR\"},{\"@type\":\"Organization\",\"@id\":\"https:\/\/gravelart.be\/fr\/#organization\",\"name\":\"Gravelart\",\"url\":\"https:\/\/gravelart.be\/fr\/\",\"logo\":{\"@type\":\"ImageObject\",\"inLanguage\":\"fr-FR\",\"@id\":\"https:\/\/gravelart.be\/fr\/#\/schema\/logo\/image\/\",\"url\":\"https:\/\/gravelart.be\/wp-content\/uploads\/2022\/10\/logo-gravelart.png\",\"contentUrl\":\"https:\/\/gravelart.be\/wp-content\/uploads\/2022\/10\/logo-gravelart.png\",\"width\":348,\"height\":186,\"caption\":\"Gravelart\"},\"image\":{\"@id\":\"https:\/\/gravelart.be\/fr\/#\/schema\/logo\/image\/\"}}]}<\/script>\n<!-- \/ Yoast SEO plugin. -->","yoast_head_json":{"title":"Gabion Budget 100 x 30 x 50 - Gravelart","description":"Bestel Gabion Budget 100 x 30 x 50 voor jouw volgende tuinproject.","robots":{"index":"index","follow":"follow","max-snippet":"max-snippet:-1","max-image-preview":"max-image-preview:large","max-video-preview":"max-video-preview:-1"},"canonical":"https:\/\/gravelart.be\/fr\/product\/gabion-budget-100-x-30-x-50\/","og_locale":"fr_FR","og_type":"article","og_title":"Gabion Budget 100 x 30 x 50 - Gravelart","og_description":"Bestel Gabion Budget 100 x 30 x 50 voor jouw volgende tuinproject.","og_url":"https:\/\/gravelart.be\/fr\/product\/gabion-budget-100-x-30-x-50\/","og_site_name":"Gravelart","article_modified_time":"2026-02-24T19:12:11+00:00","og_image":[{"width":1067,"height":1600,"url":"https:\/\/gravelart.be\/wp-content\/uploads\/2023\/02\/WEBSHOP_IMAGE_1-5214.jpg","type":"image\/jpeg"}],"twitter_card":"summary_large_image","schema":{"@context":"https:\/\/schema.org","@graph":[{"@type":"WebPage","@id":"https:\/\/gravelart.be\/fr\/product\/gabion-budget-100-x-30-x-50\/","url":"https:\/\/gravelart.be\/fr\/product\/gabion-budget-100-x-30-x-50\/","name":"Gabion Budget 100 x 30 x 50 - Gravelart","isPartOf":{"@id":"https:\/\/gravelart.be\/fr\/#website"},"primaryImageOfPage":{"@id":"https:\/\/gravelart.be\/fr\/product\/gabion-budget-100-x-30-x-50\/#primaryimage"},"image":{"@id":"https:\/\/gravelart.be\/fr\/product\/gabion-budget-100-x-30-x-50\/#primaryimage"},"thumbnailUrl":"https:\/\/gravelart.be\/wp-content\/uploads\/2023\/02\/WEBSHOP_IMAGE_1-5214.jpg","datePublished":"2023-02-02T08:17:24+00:00","dateModified":"2026-02-24T19:12:11+00:00","description":"Bestel Gabion Budget 100 x 30 x 50 voor jouw volgende tuinproject.","breadcrumb":{"@id":"https:\/\/gravelart.be\/fr\/product\/gabion-budget-100-x-30-x-50\/#breadcrumb"},"inLanguage":"fr-FR","potentialAction":[{"@type":"ReadAction","target":["https:\/\/gravelart.be\/fr\/product\/gabion-budget-100-x-30-x-50\/"]}]},{"@type":"ImageObject","inLanguage":"fr-FR","@id":"https:\/\/gravelart.be\/fr\/product\/gabion-budget-100-x-30-x-50\/#primaryimage","url":"https:\/\/gravelart.be\/wp-content\/uploads\/2023\/02\/WEBSHOP_IMAGE_1-5214.jpg","contentUrl":"https:\/\/gravelart.be\/wp-content\/uploads\/2023\/02\/WEBSHOP_IMAGE_1-5214.jpg","width":1067,"height":1600,"caption":"Budgetkorf"},{"@type":"BreadcrumbList","@id":"https:\/\/gravelart.be\/fr\/product\/gabion-budget-100-x-30-x-50\/#breadcrumb","itemListElement":[{"@type":"ListItem","position":1,"name":"Home","item":"https:\/\/gravelart.be\/fr\/"},{"@type":"ListItem","position":2,"name":"Produits","item":"https:\/\/gravelart.be\/fr\/boutique\/"},{"@type":"ListItem","position":3,"name":"Gabion Budget 100 x 30 x 50"}]},{"@type":"WebSite","@id":"https:\/\/gravelart.be\/fr\/#website","url":"https:\/\/gravelart.be\/fr\/","name":"Gravelart","description":"Alles voor tuin en park","publisher":{"@id":"https:\/\/gravelart.be\/fr\/#organization"},"potentialAction":[{"@type":"SearchAction","target":{"@type":"EntryPoint","urlTemplate":"https:\/\/gravelart.be\/fr\/?s={search_term_string}"},"query-input":{"@type":"PropertyValueSpecification","valueRequired":true,"valueName":"search_term_string"}}],"inLanguage":"fr-FR"},{"@type":"Organization","@id":"https:\/\/gravelart.be\/fr\/#organization","name":"Gravelart","url":"https:\/\/gravelart.be\/fr\/","logo":{"@type":"ImageObject","inLanguage":"fr-FR","@id":"https:\/\/gravelart.be\/fr\/#\/schema\/logo\/image\/","url":"https:\/\/gravelart.be\/wp-content\/uploads\/2022\/10\/logo-gravelart.png","contentUrl":"https:\/\/gravelart.be\/wp-content\/uploads\/2022\/10\/logo-gravelart.png","width":348,"height":186,"caption":"Gravelart"},"image":{"@id":"https:\/\/gravelart.be\/fr\/#\/schema\/logo\/image\/"}}]}},"_links":{"self":[{"href":"https:\/\/gravelart.be\/fr\/wp-json\/wp\/v2\/product\/32835","targetHints":{"allow":["GET"]}}],"collection":[{"href":"https:\/\/gravelart.be\/fr\/wp-json\/wp\/v2\/product"}],"about":[{"href":"https:\/\/gravelart.be\/fr\/wp-json\/wp\/v2\/types\/product"}],"replies":[{"embeddable":true,"href":"https:\/\/gravelart.be\/fr\/wp-json\/wp\/v2\/comments?post=32835"}],"wp:featuredmedia":[{"embeddable":true,"href":"https:\/\/gravelart.be\/fr\/wp-json\/wp\/v2\/media\/40619"}],"wp:attachment":[{"href":"https:\/\/gravelart.be\/fr\/wp-json\/wp\/v2\/media?parent=32835"}],"wp:term":[{"taxonomy":"product_brand","embeddable":true,"href":"https:\/\/gravelart.be\/fr\/wp-json\/wp\/v2\/product_brand?post=32835"},{"taxonomy":"product_cat","embeddable":true,"href":"https:\/\/gravelart.be\/fr\/wp-json\/wp\/v2\/product_cat?post=32835"},{"taxonomy":"product_tag","embeddable":true,"href":"https:\/\/gravelart.be\/fr\/wp-json\/wp\/v2\/product_tag?post=32835"}],"curies":[{"name":"wp","href":"https:\/\/api.w.org\/{rel}","templated":true}]}}