{"id":32859,"date":"2023-02-02T09:17:50","date_gmt":"2023-02-02T08:17:50","guid":{"rendered":"https:\/\/gravelart.be\/?post_type=product&#038;p=32859"},"modified":"2026-02-24T20:11:49","modified_gmt":"2026-02-24T19:11:49","slug":"fontaine-flottante-avec-jet-volcan","status":"publish","type":"product","link":"https:\/\/gravelart.be\/fr\/product\/fontaine-flottante-avec-jet-volcan\/","title":{"rendered":"Fontaine flottante avec jet volcan"},"content":{"rendered":"","protected":false},"excerpt":{"rendered":"<p>Un jet d&rsquo;eau complet, pr\u00e9-assembl\u00e9 et pr\u00eat \u00e0 l&#8217;emploi. Tr\u00e8s compacte et facile \u00e0 installer. Le grand panier d&rsquo;asoiration prot\u00e8ge la pompe et la t\u00eate de jet vis-\u00e0-vis des salet\u00e9s. Il est pr\u00e9vu d&rsquo;un contrepois. D\u00e9lai de livraison: 14 jours.<\/p>\n<ul>\n<li>Mat\u00e9riau cluster: inox<\/li>\n<li>Puissance: 230 W<\/li>\n<li>Tension: 230 V\/50 Hz<\/li>\n<li>Jet: diam. 0,6 m\/hauteur 2,9 m<\/li>\n<\/ul>\n","protected":false},"featured_media":41619,"comment_status":"open","ping_status":"closed","template":"","meta":{"_acf_changed":false,"inline_featured_image":false},"product_brand":[],"product_cat":[4135],"product_tag":[],"class_list":{"0":"post-32859","1":"product","2":"type-product","3":"status-publish","4":"has-post-thumbnail","6":"product_cat-tetes-de-jets-pompes","8":"first","9":"instock","10":"taxable","11":"shipping-taxable","12":"purchasable","13":"product-type-variable","14":"has-default-attributes"},"acf":{"woocommerce_erp_id":"5918","woocommerce_cnk_id":"101059","product_density":0,"custom_prices":[{"variation_id":"41624","customer_group":"PRO","customer_id":"","min_qty":1,"max_qty":9999999,"steps":1,"price":1525.9361,"price_incl":1846.3827,"delivery_group":"COLLECT","warehouse_id":""},{"variation_id":"41624","customer_group":"PRO","customer_id":"","min_qty":1,"max_qty":9999999,"steps":1,"price":1525.9361,"price_incl":1846.3827,"delivery_group":"DELIVERY","warehouse_id":""},{"variation_id":"41624","customer_group":"PRO","customer_id":"","min_qty":1,"max_qty":9999999,"steps":1,"price":1525.9361,"price_incl":1846.3827,"delivery_group":"DELIVERY","warehouse_id":""},{"variation_id":"41624","customer_group":"PRO","customer_id":"","min_qty":1,"max_qty":9999999,"steps":1,"price":1525.9361,"price_incl":1846.3827,"delivery_group":"COLLECT","warehouse_id":""},{"variation_id":"41624","customer_group":"DISTRI","customer_id":"129214","min_qty":1,"max_qty":9999999,"steps":1,"price":1602.2329,"price_incl":1938.7019,"delivery_group":"DELIVERY","warehouse_id":""},{"variation_id":"41624","customer_group":"DISTRI","customer_id":"129214","min_qty":1,"max_qty":9999999,"steps":1,"price":1602.2329,"price_incl":1938.7019,"delivery_group":"COLLECT","warehouse_id":""},{"variation_id":"41624","customer_group":"DISTRI","customer_id":"129214","min_qty":1,"max_qty":9999999,"steps":1,"price":1602.2329,"price_incl":1938.7019,"delivery_group":"DELIVERY","warehouse_id":""},{"variation_id":"41624","customer_group":"DISTRI","customer_id":"129214","min_qty":1,"max_qty":9999999,"steps":1,"price":1602.2329,"price_incl":1938.7019,"delivery_group":"COLLECT","warehouse_id":""}],"packaging_ids":[{"packaging_name":"Pi\u00e8ce","packaging_id":"7","erp_id":"5918"}]},"yoast_head":"<!-- This site is optimized with the Yoast SEO plugin v27.3 - https:\/\/yoast.com\/product\/yoast-seo-wordpress\/ -->\n<title>Fontaine flottante avec jet volcan - Gravelart<\/title>\n<meta name=\"description\" content=\"Bestel Fontaine flottante avec jet volcan voor jouw volgende tuinproject.\" \/>\n<meta name=\"robots\" content=\"index, follow, max-snippet:-1, max-image-preview:large, max-video-preview:-1\" \/>\n<link rel=\"canonical\" href=\"https:\/\/gravelart.be\/fr\/product\/fontaine-flottante-avec-jet-volcan\/\" \/>\n<meta property=\"og:locale\" content=\"fr_FR\" \/>\n<meta property=\"og:type\" content=\"article\" \/>\n<meta property=\"og:title\" content=\"Fontaine flottante avec jet volcan - Gravelart\" \/>\n<meta property=\"og:description\" content=\"Bestel Fontaine flottante avec jet volcan voor jouw volgende tuinproject.\" \/>\n<meta property=\"og:url\" content=\"https:\/\/gravelart.be\/fr\/product\/fontaine-flottante-avec-jet-volcan\/\" \/>\n<meta property=\"og:site_name\" content=\"Gravelart\" \/>\n<meta property=\"article:modified_time\" content=\"2026-02-24T19:11:49+00:00\" \/>\n<meta property=\"og:image\" content=\"https:\/\/gravelart.be\/wp-content\/uploads\/2023\/02\/WEBSHOP_IMAGE_1-5919.jpg\" \/>\n\t<meta property=\"og:image:width\" content=\"2000\" \/>\n\t<meta property=\"og:image:height\" content=\"2000\" \/>\n\t<meta property=\"og:image:type\" content=\"image\/jpeg\" \/>\n<meta name=\"twitter:card\" content=\"summary_large_image\" \/>\n<script type=\"application\/ld+json\" class=\"yoast-schema-graph\">{\"@context\":\"https:\\\/\\\/schema.org\",\"@graph\":[{\"@type\":\"WebPage\",\"@id\":\"https:\\\/\\\/gravelart.be\\\/fr\\\/product\\\/fontaine-flottante-avec-jet-volcan\\\/\",\"url\":\"https:\\\/\\\/gravelart.be\\\/fr\\\/product\\\/fontaine-flottante-avec-jet-volcan\\\/\",\"name\":\"Fontaine flottante avec jet volcan - Gravelart\",\"isPartOf\":{\"@id\":\"https:\\\/\\\/gravelart.be\\\/fr\\\/#website\"},\"primaryImageOfPage\":{\"@id\":\"https:\\\/\\\/gravelart.be\\\/fr\\\/product\\\/fontaine-flottante-avec-jet-volcan\\\/#primaryimage\"},\"image\":{\"@id\":\"https:\\\/\\\/gravelart.be\\\/fr\\\/product\\\/fontaine-flottante-avec-jet-volcan\\\/#primaryimage\"},\"thumbnailUrl\":\"https:\\\/\\\/gravelart.be\\\/wp-content\\\/uploads\\\/2023\\\/02\\\/WEBSHOP_IMAGE_1-5919.jpg\",\"datePublished\":\"2023-02-02T08:17:50+00:00\",\"dateModified\":\"2026-02-24T19:11:49+00:00\",\"description\":\"Bestel Fontaine flottante avec jet volcan voor jouw volgende tuinproject.\",\"breadcrumb\":{\"@id\":\"https:\\\/\\\/gravelart.be\\\/fr\\\/product\\\/fontaine-flottante-avec-jet-volcan\\\/#breadcrumb\"},\"inLanguage\":\"fr-FR\",\"potentialAction\":[{\"@type\":\"ReadAction\",\"target\":[\"https:\\\/\\\/gravelart.be\\\/fr\\\/product\\\/fontaine-flottante-avec-jet-volcan\\\/\"]}]},{\"@type\":\"ImageObject\",\"inLanguage\":\"fr-FR\",\"@id\":\"https:\\\/\\\/gravelart.be\\\/fr\\\/product\\\/fontaine-flottante-avec-jet-volcan\\\/#primaryimage\",\"url\":\"https:\\\/\\\/gravelart.be\\\/wp-content\\\/uploads\\\/2023\\\/02\\\/WEBSHOP_IMAGE_1-5919.jpg\",\"contentUrl\":\"https:\\\/\\\/gravelart.be\\\/wp-content\\\/uploads\\\/2023\\\/02\\\/WEBSHOP_IMAGE_1-5919.jpg\",\"width\":2000,\"height\":2000},{\"@type\":\"BreadcrumbList\",\"@id\":\"https:\\\/\\\/gravelart.be\\\/fr\\\/product\\\/fontaine-flottante-avec-jet-volcan\\\/#breadcrumb\",\"itemListElement\":[{\"@type\":\"ListItem\",\"position\":1,\"name\":\"Home\",\"item\":\"https:\\\/\\\/gravelart.be\\\/fr\\\/\"},{\"@type\":\"ListItem\",\"position\":2,\"name\":\"Produits\",\"item\":\"https:\\\/\\\/gravelart.be\\\/fr\\\/boutique\\\/\"},{\"@type\":\"ListItem\",\"position\":3,\"name\":\"Fontaine flottante avec jet volcan\"}]},{\"@type\":\"WebSite\",\"@id\":\"https:\\\/\\\/gravelart.be\\\/fr\\\/#website\",\"url\":\"https:\\\/\\\/gravelart.be\\\/fr\\\/\",\"name\":\"Gravelart\",\"description\":\"Alles voor tuin en park\",\"publisher\":{\"@id\":\"https:\\\/\\\/gravelart.be\\\/fr\\\/#organization\"},\"potentialAction\":[{\"@type\":\"SearchAction\",\"target\":{\"@type\":\"EntryPoint\",\"urlTemplate\":\"https:\\\/\\\/gravelart.be\\\/fr\\\/?s={search_term_string}\"},\"query-input\":{\"@type\":\"PropertyValueSpecification\",\"valueRequired\":true,\"valueName\":\"search_term_string\"}}],\"inLanguage\":\"fr-FR\"},{\"@type\":\"Organization\",\"@id\":\"https:\\\/\\\/gravelart.be\\\/fr\\\/#organization\",\"name\":\"Gravelart\",\"url\":\"https:\\\/\\\/gravelart.be\\\/fr\\\/\",\"logo\":{\"@type\":\"ImageObject\",\"inLanguage\":\"fr-FR\",\"@id\":\"https:\\\/\\\/gravelart.be\\\/fr\\\/#\\\/schema\\\/logo\\\/image\\\/\",\"url\":\"https:\\\/\\\/gravelart.be\\\/wp-content\\\/uploads\\\/2022\\\/10\\\/logo-gravelart.png\",\"contentUrl\":\"https:\\\/\\\/gravelart.be\\\/wp-content\\\/uploads\\\/2022\\\/10\\\/logo-gravelart.png\",\"width\":348,\"height\":186,\"caption\":\"Gravelart\"},\"image\":{\"@id\":\"https:\\\/\\\/gravelart.be\\\/fr\\\/#\\\/schema\\\/logo\\\/image\\\/\"}}]}<\/script>\n<!-- \/ Yoast SEO plugin. -->","yoast_head_json":{"title":"Fontaine flottante avec jet volcan - Gravelart","description":"Bestel Fontaine flottante avec jet volcan voor jouw volgende tuinproject.","robots":{"index":"index","follow":"follow","max-snippet":"max-snippet:-1","max-image-preview":"max-image-preview:large","max-video-preview":"max-video-preview:-1"},"canonical":"https:\/\/gravelart.be\/fr\/product\/fontaine-flottante-avec-jet-volcan\/","og_locale":"fr_FR","og_type":"article","og_title":"Fontaine flottante avec jet volcan - Gravelart","og_description":"Bestel Fontaine flottante avec jet volcan voor jouw volgende tuinproject.","og_url":"https:\/\/gravelart.be\/fr\/product\/fontaine-flottante-avec-jet-volcan\/","og_site_name":"Gravelart","article_modified_time":"2026-02-24T19:11:49+00:00","og_image":[{"width":2000,"height":2000,"url":"https:\/\/gravelart.be\/wp-content\/uploads\/2023\/02\/WEBSHOP_IMAGE_1-5919.jpg","type":"image\/jpeg"}],"twitter_card":"summary_large_image","schema":{"@context":"https:\/\/schema.org","@graph":[{"@type":"WebPage","@id":"https:\/\/gravelart.be\/fr\/product\/fontaine-flottante-avec-jet-volcan\/","url":"https:\/\/gravelart.be\/fr\/product\/fontaine-flottante-avec-jet-volcan\/","name":"Fontaine flottante avec jet volcan - Gravelart","isPartOf":{"@id":"https:\/\/gravelart.be\/fr\/#website"},"primaryImageOfPage":{"@id":"https:\/\/gravelart.be\/fr\/product\/fontaine-flottante-avec-jet-volcan\/#primaryimage"},"image":{"@id":"https:\/\/gravelart.be\/fr\/product\/fontaine-flottante-avec-jet-volcan\/#primaryimage"},"thumbnailUrl":"https:\/\/gravelart.be\/wp-content\/uploads\/2023\/02\/WEBSHOP_IMAGE_1-5919.jpg","datePublished":"2023-02-02T08:17:50+00:00","dateModified":"2026-02-24T19:11:49+00:00","description":"Bestel Fontaine flottante avec jet volcan voor jouw volgende tuinproject.","breadcrumb":{"@id":"https:\/\/gravelart.be\/fr\/product\/fontaine-flottante-avec-jet-volcan\/#breadcrumb"},"inLanguage":"fr-FR","potentialAction":[{"@type":"ReadAction","target":["https:\/\/gravelart.be\/fr\/product\/fontaine-flottante-avec-jet-volcan\/"]}]},{"@type":"ImageObject","inLanguage":"fr-FR","@id":"https:\/\/gravelart.be\/fr\/product\/fontaine-flottante-avec-jet-volcan\/#primaryimage","url":"https:\/\/gravelart.be\/wp-content\/uploads\/2023\/02\/WEBSHOP_IMAGE_1-5919.jpg","contentUrl":"https:\/\/gravelart.be\/wp-content\/uploads\/2023\/02\/WEBSHOP_IMAGE_1-5919.jpg","width":2000,"height":2000},{"@type":"BreadcrumbList","@id":"https:\/\/gravelart.be\/fr\/product\/fontaine-flottante-avec-jet-volcan\/#breadcrumb","itemListElement":[{"@type":"ListItem","position":1,"name":"Home","item":"https:\/\/gravelart.be\/fr\/"},{"@type":"ListItem","position":2,"name":"Produits","item":"https:\/\/gravelart.be\/fr\/boutique\/"},{"@type":"ListItem","position":3,"name":"Fontaine flottante avec jet volcan"}]},{"@type":"WebSite","@id":"https:\/\/gravelart.be\/fr\/#website","url":"https:\/\/gravelart.be\/fr\/","name":"Gravelart","description":"Alles voor tuin en park","publisher":{"@id":"https:\/\/gravelart.be\/fr\/#organization"},"potentialAction":[{"@type":"SearchAction","target":{"@type":"EntryPoint","urlTemplate":"https:\/\/gravelart.be\/fr\/?s={search_term_string}"},"query-input":{"@type":"PropertyValueSpecification","valueRequired":true,"valueName":"search_term_string"}}],"inLanguage":"fr-FR"},{"@type":"Organization","@id":"https:\/\/gravelart.be\/fr\/#organization","name":"Gravelart","url":"https:\/\/gravelart.be\/fr\/","logo":{"@type":"ImageObject","inLanguage":"fr-FR","@id":"https:\/\/gravelart.be\/fr\/#\/schema\/logo\/image\/","url":"https:\/\/gravelart.be\/wp-content\/uploads\/2022\/10\/logo-gravelart.png","contentUrl":"https:\/\/gravelart.be\/wp-content\/uploads\/2022\/10\/logo-gravelart.png","width":348,"height":186,"caption":"Gravelart"},"image":{"@id":"https:\/\/gravelart.be\/fr\/#\/schema\/logo\/image\/"}}]}},"_links":{"self":[{"href":"https:\/\/gravelart.be\/fr\/wp-json\/wp\/v2\/product\/32859","targetHints":{"allow":["GET"]}}],"collection":[{"href":"https:\/\/gravelart.be\/fr\/wp-json\/wp\/v2\/product"}],"about":[{"href":"https:\/\/gravelart.be\/fr\/wp-json\/wp\/v2\/types\/product"}],"replies":[{"embeddable":true,"href":"https:\/\/gravelart.be\/fr\/wp-json\/wp\/v2\/comments?post=32859"}],"wp:featuredmedia":[{"embeddable":true,"href":"https:\/\/gravelart.be\/fr\/wp-json\/wp\/v2\/media\/41619"}],"wp:attachment":[{"href":"https:\/\/gravelart.be\/fr\/wp-json\/wp\/v2\/media?parent=32859"}],"wp:term":[{"taxonomy":"product_brand","embeddable":true,"href":"https:\/\/gravelart.be\/fr\/wp-json\/wp\/v2\/product_brand?post=32859"},{"taxonomy":"product_cat","embeddable":true,"href":"https:\/\/gravelart.be\/fr\/wp-json\/wp\/v2\/product_cat?post=32859"},{"taxonomy":"product_tag","embeddable":true,"href":"https:\/\/gravelart.be\/fr\/wp-json\/wp\/v2\/product_tag?post=32859"}],"curies":[{"name":"wp","href":"https:\/\/api.w.org\/{rel}","templated":true}]}}