{"id":32873,"date":"2023-02-02T09:18:07","date_gmt":"2023-02-02T08:18:07","guid":{"rendered":"https:\/\/gravelart.be\/?post_type=product&#038;p=32873"},"modified":"2026-03-02T05:30:54","modified_gmt":"2026-03-02T04:30:54","slug":"makro-fit-5l","status":"publish","type":"product","link":"https:\/\/gravelart.be\/fr\/product\/makro-fit-5l\/","title":{"rendered":"Makro Fit 5L"},"content":{"rendered":"","protected":false},"excerpt":{"rendered":"<p>Croissance stagnante des plantes aquatiques. Signes de carences chez les plantes aquatiques (feuilles jaunes). Engrais bio-azote sans phosphate pour soigner les plantes aquatiques dans les \u00e9tangs de baignade et d\u2019autres \u00e9tangs d\u00e9coratifs. L\u2019azote est le nutriment le plus important pour la croissance saine des plantes aquatiques et des biofilms nettoyants et syst\u00e8mes de filtration biologique. Un manque d\u2019azote est une cause fr\u00e9quente de probl\u00e8mes d\u2019algus parce-que sans azote, les plantes aquatiques ne peuvent pas pousser. Comme les algues ont besoin moins de nutriments, elles sont dans l\u2019avantage et peuvent se multiplier. Le prolif\u00e9ration d\u2019algues est souvent signe d\u2019un taux bas en nutriments Makrofit Basis est toute suite absorb\u00e9 en petite quantit\u00e9 par les plantes aquatiques et par les biofilms et en am\u00e9liore la croissance. Dans le cas d\u2019un stagnation des plantes,nous conseillons d\u2019ajouter hebdomadairement unepetite quantit\u00e9 de cette pr\u00e9paration. Il est aussi possible de pulv\u00e9riser le produit solubilis\u00e9 dans l\u2019eau sur le feuillage des plantes aquatique (comme engrais feuilles). Effets secondaires positifs: les plantes aquatiques deviennent plus vertes et jolies, moins de probabilit\u00e9 de probl\u00e8mes d\u2019algues, fonctionnement am\u00e9lior\u00e9e de la filtration biologique.<\/p>\n","protected":false},"featured_media":41339,"comment_status":"open","ping_status":"closed","template":"","meta":{"_acf_changed":false,"inline_featured_image":false},"product_brand":[],"product_cat":[4140],"product_tag":[],"class_list":{"0":"post-32873","1":"product","2":"type-product","3":"status-publish","4":"has-post-thumbnail","6":"product_cat-entretien-etangs","8":"first","9":"instock","10":"taxable","11":"shipping-taxable","12":"purchasable","13":"product-type-variable","14":"has-default-attributes"},"acf":{"woocommerce_erp_id":"4266","woocommerce_cnk_id":"101079","product_density":0,"custom_prices":[{"variation_id":"41340","customer_group":"CON","customer_id":"","min_qty":1,"max_qty":9999999,"steps":1,"price":105.51,"price_incl":127.6671,"delivery_group":"COLLECT","warehouse_id":""},{"variation_id":"41340","customer_group":"CON","customer_id":"","min_qty":1,"max_qty":9999999,"steps":1,"price":105.51,"price_incl":127.6671,"delivery_group":"DELIVERY","warehouse_id":""},{"variation_id":"41340","customer_group":"PRO","customer_id":"","min_qty":1,"max_qty":9999999,"steps":1,"price":84.408,"price_incl":102.1337,"delivery_group":"COLLECT","warehouse_id":""},{"variation_id":"41340","customer_group":"PRO","customer_id":"","min_qty":1,"max_qty":9999999,"steps":1,"price":84.408,"price_incl":102.1337,"delivery_group":"DELIVERY","warehouse_id":""},{"variation_id":"41340","customer_group":"DISTRI","customer_id":"129214","min_qty":1,"max_qty":9999999,"steps":1,"price":73.2661,"price_incl":88.652,"delivery_group":"DELIVERY","warehouse_id":""},{"variation_id":"41340","customer_group":"DISTRI","customer_id":"129214","min_qty":1,"max_qty":9999999,"steps":1,"price":73.2661,"price_incl":88.652,"delivery_group":"COLLECT","warehouse_id":""}],"packaging_ids":[{"packaging_name":"Pi\u00e8ce","packaging_id":"73","erp_id":"4266"}]},"yoast_head":"<!-- This site is optimized with the Yoast SEO plugin v27.3 - https:\/\/yoast.com\/product\/yoast-seo-wordpress\/ -->\n<title>Makro Fit 5L - Gravelart<\/title>\n<meta name=\"description\" content=\"Bestel Makro Fit 5L voor jouw volgende tuinproject.\" \/>\n<meta name=\"robots\" content=\"index, follow, max-snippet:-1, max-image-preview:large, max-video-preview:-1\" \/>\n<link rel=\"canonical\" href=\"https:\/\/gravelart.be\/fr\/product\/makro-fit-5l\/\" \/>\n<meta property=\"og:locale\" content=\"fr_FR\" \/>\n<meta property=\"og:type\" content=\"article\" \/>\n<meta property=\"og:title\" content=\"Makro Fit 5L - Gravelart\" \/>\n<meta property=\"og:description\" content=\"Bestel Makro Fit 5L voor jouw volgende tuinproject.\" \/>\n<meta property=\"og:url\" content=\"https:\/\/gravelart.be\/fr\/product\/makro-fit-5l\/\" \/>\n<meta property=\"og:site_name\" content=\"Gravelart\" \/>\n<meta property=\"article:modified_time\" content=\"2026-03-02T04:30:54+00:00\" \/>\n<meta property=\"og:image\" content=\"https:\/\/gravelart.be\/wp-content\/uploads\/2023\/02\/WEBSHOP_IMAGE_1-4266.jpg\" \/>\n\t<meta property=\"og:image:width\" content=\"1486\" \/>\n\t<meta property=\"og:image:height\" content=\"1486\" \/>\n\t<meta property=\"og:image:type\" content=\"image\/jpeg\" \/>\n<meta name=\"twitter:card\" content=\"summary_large_image\" \/>\n<script type=\"application\/ld+json\" class=\"yoast-schema-graph\">{\"@context\":\"https:\\\/\\\/schema.org\",\"@graph\":[{\"@type\":\"WebPage\",\"@id\":\"https:\\\/\\\/gravelart.be\\\/fr\\\/product\\\/makro-fit-5l\\\/\",\"url\":\"https:\\\/\\\/gravelart.be\\\/fr\\\/product\\\/makro-fit-5l\\\/\",\"name\":\"Makro Fit 5L - Gravelart\",\"isPartOf\":{\"@id\":\"https:\\\/\\\/gravelart.be\\\/fr\\\/#website\"},\"primaryImageOfPage\":{\"@id\":\"https:\\\/\\\/gravelart.be\\\/fr\\\/product\\\/makro-fit-5l\\\/#primaryimage\"},\"image\":{\"@id\":\"https:\\\/\\\/gravelart.be\\\/fr\\\/product\\\/makro-fit-5l\\\/#primaryimage\"},\"thumbnailUrl\":\"https:\\\/\\\/gravelart.be\\\/wp-content\\\/uploads\\\/2023\\\/02\\\/WEBSHOP_IMAGE_1-4266.jpg\",\"datePublished\":\"2023-02-02T08:18:07+00:00\",\"dateModified\":\"2026-03-02T04:30:54+00:00\",\"description\":\"Bestel Makro Fit 5L voor jouw volgende tuinproject.\",\"breadcrumb\":{\"@id\":\"https:\\\/\\\/gravelart.be\\\/fr\\\/product\\\/makro-fit-5l\\\/#breadcrumb\"},\"inLanguage\":\"fr-FR\",\"potentialAction\":[{\"@type\":\"ReadAction\",\"target\":[\"https:\\\/\\\/gravelart.be\\\/fr\\\/product\\\/makro-fit-5l\\\/\"]}]},{\"@type\":\"ImageObject\",\"inLanguage\":\"fr-FR\",\"@id\":\"https:\\\/\\\/gravelart.be\\\/fr\\\/product\\\/makro-fit-5l\\\/#primaryimage\",\"url\":\"https:\\\/\\\/gravelart.be\\\/wp-content\\\/uploads\\\/2023\\\/02\\\/WEBSHOP_IMAGE_1-4266.jpg\",\"contentUrl\":\"https:\\\/\\\/gravelart.be\\\/wp-content\\\/uploads\\\/2023\\\/02\\\/WEBSHOP_IMAGE_1-4266.jpg\",\"width\":1486,\"height\":1486},{\"@type\":\"BreadcrumbList\",\"@id\":\"https:\\\/\\\/gravelart.be\\\/fr\\\/product\\\/makro-fit-5l\\\/#breadcrumb\",\"itemListElement\":[{\"@type\":\"ListItem\",\"position\":1,\"name\":\"Home\",\"item\":\"https:\\\/\\\/gravelart.be\\\/fr\\\/\"},{\"@type\":\"ListItem\",\"position\":2,\"name\":\"Produits\",\"item\":\"https:\\\/\\\/gravelart.be\\\/fr\\\/boutique\\\/\"},{\"@type\":\"ListItem\",\"position\":3,\"name\":\"Makro Fit 5L\"}]},{\"@type\":\"WebSite\",\"@id\":\"https:\\\/\\\/gravelart.be\\\/fr\\\/#website\",\"url\":\"https:\\\/\\\/gravelart.be\\\/fr\\\/\",\"name\":\"Gravelart\",\"description\":\"Alles voor tuin en park\",\"publisher\":{\"@id\":\"https:\\\/\\\/gravelart.be\\\/fr\\\/#organization\"},\"potentialAction\":[{\"@type\":\"SearchAction\",\"target\":{\"@type\":\"EntryPoint\",\"urlTemplate\":\"https:\\\/\\\/gravelart.be\\\/fr\\\/?s={search_term_string}\"},\"query-input\":{\"@type\":\"PropertyValueSpecification\",\"valueRequired\":true,\"valueName\":\"search_term_string\"}}],\"inLanguage\":\"fr-FR\"},{\"@type\":\"Organization\",\"@id\":\"https:\\\/\\\/gravelart.be\\\/fr\\\/#organization\",\"name\":\"Gravelart\",\"url\":\"https:\\\/\\\/gravelart.be\\\/fr\\\/\",\"logo\":{\"@type\":\"ImageObject\",\"inLanguage\":\"fr-FR\",\"@id\":\"https:\\\/\\\/gravelart.be\\\/fr\\\/#\\\/schema\\\/logo\\\/image\\\/\",\"url\":\"https:\\\/\\\/gravelart.be\\\/wp-content\\\/uploads\\\/2022\\\/10\\\/logo-gravelart.png\",\"contentUrl\":\"https:\\\/\\\/gravelart.be\\\/wp-content\\\/uploads\\\/2022\\\/10\\\/logo-gravelart.png\",\"width\":348,\"height\":186,\"caption\":\"Gravelart\"},\"image\":{\"@id\":\"https:\\\/\\\/gravelart.be\\\/fr\\\/#\\\/schema\\\/logo\\\/image\\\/\"}}]}<\/script>\n<!-- \/ Yoast SEO plugin. -->","yoast_head_json":{"title":"Makro Fit 5L - Gravelart","description":"Bestel Makro Fit 5L voor jouw volgende tuinproject.","robots":{"index":"index","follow":"follow","max-snippet":"max-snippet:-1","max-image-preview":"max-image-preview:large","max-video-preview":"max-video-preview:-1"},"canonical":"https:\/\/gravelart.be\/fr\/product\/makro-fit-5l\/","og_locale":"fr_FR","og_type":"article","og_title":"Makro Fit 5L - Gravelart","og_description":"Bestel Makro Fit 5L voor jouw volgende tuinproject.","og_url":"https:\/\/gravelart.be\/fr\/product\/makro-fit-5l\/","og_site_name":"Gravelart","article_modified_time":"2026-03-02T04:30:54+00:00","og_image":[{"width":1486,"height":1486,"url":"https:\/\/gravelart.be\/wp-content\/uploads\/2023\/02\/WEBSHOP_IMAGE_1-4266.jpg","type":"image\/jpeg"}],"twitter_card":"summary_large_image","schema":{"@context":"https:\/\/schema.org","@graph":[{"@type":"WebPage","@id":"https:\/\/gravelart.be\/fr\/product\/makro-fit-5l\/","url":"https:\/\/gravelart.be\/fr\/product\/makro-fit-5l\/","name":"Makro Fit 5L - Gravelart","isPartOf":{"@id":"https:\/\/gravelart.be\/fr\/#website"},"primaryImageOfPage":{"@id":"https:\/\/gravelart.be\/fr\/product\/makro-fit-5l\/#primaryimage"},"image":{"@id":"https:\/\/gravelart.be\/fr\/product\/makro-fit-5l\/#primaryimage"},"thumbnailUrl":"https:\/\/gravelart.be\/wp-content\/uploads\/2023\/02\/WEBSHOP_IMAGE_1-4266.jpg","datePublished":"2023-02-02T08:18:07+00:00","dateModified":"2026-03-02T04:30:54+00:00","description":"Bestel Makro Fit 5L voor jouw volgende tuinproject.","breadcrumb":{"@id":"https:\/\/gravelart.be\/fr\/product\/makro-fit-5l\/#breadcrumb"},"inLanguage":"fr-FR","potentialAction":[{"@type":"ReadAction","target":["https:\/\/gravelart.be\/fr\/product\/makro-fit-5l\/"]}]},{"@type":"ImageObject","inLanguage":"fr-FR","@id":"https:\/\/gravelart.be\/fr\/product\/makro-fit-5l\/#primaryimage","url":"https:\/\/gravelart.be\/wp-content\/uploads\/2023\/02\/WEBSHOP_IMAGE_1-4266.jpg","contentUrl":"https:\/\/gravelart.be\/wp-content\/uploads\/2023\/02\/WEBSHOP_IMAGE_1-4266.jpg","width":1486,"height":1486},{"@type":"BreadcrumbList","@id":"https:\/\/gravelart.be\/fr\/product\/makro-fit-5l\/#breadcrumb","itemListElement":[{"@type":"ListItem","position":1,"name":"Home","item":"https:\/\/gravelart.be\/fr\/"},{"@type":"ListItem","position":2,"name":"Produits","item":"https:\/\/gravelart.be\/fr\/boutique\/"},{"@type":"ListItem","position":3,"name":"Makro Fit 5L"}]},{"@type":"WebSite","@id":"https:\/\/gravelart.be\/fr\/#website","url":"https:\/\/gravelart.be\/fr\/","name":"Gravelart","description":"Alles voor tuin en park","publisher":{"@id":"https:\/\/gravelart.be\/fr\/#organization"},"potentialAction":[{"@type":"SearchAction","target":{"@type":"EntryPoint","urlTemplate":"https:\/\/gravelart.be\/fr\/?s={search_term_string}"},"query-input":{"@type":"PropertyValueSpecification","valueRequired":true,"valueName":"search_term_string"}}],"inLanguage":"fr-FR"},{"@type":"Organization","@id":"https:\/\/gravelart.be\/fr\/#organization","name":"Gravelart","url":"https:\/\/gravelart.be\/fr\/","logo":{"@type":"ImageObject","inLanguage":"fr-FR","@id":"https:\/\/gravelart.be\/fr\/#\/schema\/logo\/image\/","url":"https:\/\/gravelart.be\/wp-content\/uploads\/2022\/10\/logo-gravelart.png","contentUrl":"https:\/\/gravelart.be\/wp-content\/uploads\/2022\/10\/logo-gravelart.png","width":348,"height":186,"caption":"Gravelart"},"image":{"@id":"https:\/\/gravelart.be\/fr\/#\/schema\/logo\/image\/"}}]}},"_links":{"self":[{"href":"https:\/\/gravelart.be\/fr\/wp-json\/wp\/v2\/product\/32873","targetHints":{"allow":["GET"]}}],"collection":[{"href":"https:\/\/gravelart.be\/fr\/wp-json\/wp\/v2\/product"}],"about":[{"href":"https:\/\/gravelart.be\/fr\/wp-json\/wp\/v2\/types\/product"}],"replies":[{"embeddable":true,"href":"https:\/\/gravelart.be\/fr\/wp-json\/wp\/v2\/comments?post=32873"}],"wp:featuredmedia":[{"embeddable":true,"href":"https:\/\/gravelart.be\/fr\/wp-json\/wp\/v2\/media\/41339"}],"wp:attachment":[{"href":"https:\/\/gravelart.be\/fr\/wp-json\/wp\/v2\/media?parent=32873"}],"wp:term":[{"taxonomy":"product_brand","embeddable":true,"href":"https:\/\/gravelart.be\/fr\/wp-json\/wp\/v2\/product_brand?post=32873"},{"taxonomy":"product_cat","embeddable":true,"href":"https:\/\/gravelart.be\/fr\/wp-json\/wp\/v2\/product_cat?post=32873"},{"taxonomy":"product_tag","embeddable":true,"href":"https:\/\/gravelart.be\/fr\/wp-json\/wp\/v2\/product_tag?post=32873"}],"curies":[{"name":"wp","href":"https:\/\/api.w.org\/{rel}","templated":true}]}}