{"id":32925,"date":"2023-02-02T09:19:04","date_gmt":"2023-02-02T08:19:04","guid":{"rendered":"https:\/\/gravelart.be\/?post_type=product&#038;p=32925"},"modified":"2026-03-10T05:30:34","modified_gmt":"2026-03-10T04:30:34","slug":"nirox-uv-c-vs-75","status":"publish","type":"product","link":"https:\/\/gravelart.be\/fr\/product\/nirox-uv-c-vs-75\/","title":{"rendered":"Nirox UV-C VS 75"},"content":{"rendered":"","protected":false},"excerpt":{"rendered":"<p>Des appareils en inox: avec une grande capacit\u00e9 de d\u00e9bit. Les syst\u00e8mes Nirox UV-C sont le sommet en ce qui concerne le traitment de l\u2019eau avec des rayons UV. Ces appareils professionnels ont \u00e9t\u00e9 d\u00e9velopp\u00e9s pour la d\u00e9sinfection et l\u2019hygi\u00e8ne de l\u2019eau potable. Maintenant ils sont \u00e0 la disposition des amateurs des ko\u00efs exig\u00e9ants et aux propri\u00e9taires d\u2019une baignade naturelle.<\/p>\n<ul>\n<li>Mat\u00e9riau : INOX 316<\/li>\n<li>Tension : 230 V\/50 Hz<\/li>\n<li>D\u00e9bit : 75 m\u00b3\/h<\/li>\n<li>Capacit\u00e9 : 3 x 95 W<\/li>\n<li>Type de lampe : PLL<\/li>\n<\/ul>\n","protected":false},"featured_media":41281,"comment_status":"open","ping_status":"closed","template":"","meta":{"_acf_changed":false,"inline_featured_image":false},"product_brand":[],"product_cat":[4146],"product_tag":[],"class_list":{"0":"post-32925","1":"product","2":"type-product","3":"status-publish","4":"has-post-thumbnail","6":"product_cat-appareils-uv-c-traitement-de-leau-etangs","8":"first","9":"instock","10":"taxable","11":"shipping-taxable","12":"purchasable","13":"product-type-variable","14":"has-default-attributes"},"acf":{"woocommerce_erp_id":"5474","woocommerce_cnk_id":"101131","product_density":0,"custom_prices":[{"variation_id":"41279","customer_group":"PRO","customer_id":"","min_qty":1,"max_qty":9999999,"steps":1,"price":2296.57,"price_incl":2778.8497,"delivery_group":"COLLECT","warehouse_id":""},{"variation_id":"41279","customer_group":"PRO","customer_id":"","min_qty":1,"max_qty":9999999,"steps":1,"price":2296.57,"price_incl":2778.8497,"delivery_group":"DELIVERY","warehouse_id":""},{"variation_id":"41279","customer_group":"DISTRI","customer_id":"129214","min_qty":1,"max_qty":9999999,"steps":1,"price":1957.304,"price_incl":2368.3378,"delivery_group":"DELIVERY","warehouse_id":""},{"variation_id":"41279","customer_group":"DISTRI","customer_id":"129214","min_qty":1,"max_qty":9999999,"steps":1,"price":1957.304,"price_incl":2368.3378,"delivery_group":"COLLECT","warehouse_id":""}],"packaging_ids":[{"packaging_name":"Pi\u00e8ce","packaging_id":"73","erp_id":"5474"}]},"yoast_head":"<!-- This site is optimized with the Yoast SEO plugin v25.8 - https:\/\/yoast.com\/wordpress\/plugins\/seo\/ -->\n<title>Nirox UV-C VS 75 - Gravelart<\/title>\n<meta name=\"description\" content=\"Bestel Nirox UV-C VS 75 voor jouw volgende tuinproject.\" \/>\n<meta name=\"robots\" content=\"index, follow, max-snippet:-1, max-image-preview:large, max-video-preview:-1\" \/>\n<link rel=\"canonical\" href=\"https:\/\/gravelart.be\/fr\/product\/nirox-uv-c-vs-75\/\" \/>\n<meta property=\"og:locale\" content=\"fr_FR\" \/>\n<meta property=\"og:type\" content=\"article\" \/>\n<meta property=\"og:title\" content=\"Nirox UV-C VS 75 - Gravelart\" \/>\n<meta property=\"og:description\" content=\"Bestel Nirox UV-C VS 75 voor jouw volgende tuinproject.\" \/>\n<meta property=\"og:url\" content=\"https:\/\/gravelart.be\/fr\/product\/nirox-uv-c-vs-75\/\" \/>\n<meta property=\"og:site_name\" content=\"Gravelart\" \/>\n<meta property=\"article:modified_time\" content=\"2026-03-10T04:30:34+00:00\" \/>\n<meta property=\"og:image\" content=\"https:\/\/gravelart.be\/wp-content\/uploads\/2023\/02\/WEBSHOP_IMAGE_1-5474.jpg\" \/>\n\t<meta property=\"og:image:width\" content=\"2000\" \/>\n\t<meta property=\"og:image:height\" content=\"2000\" \/>\n\t<meta property=\"og:image:type\" content=\"image\/jpeg\" \/>\n<meta name=\"twitter:card\" content=\"summary_large_image\" \/>\n<script type=\"application\/ld+json\" class=\"yoast-schema-graph\">{\"@context\":\"https:\/\/schema.org\",\"@graph\":[{\"@type\":\"WebPage\",\"@id\":\"https:\/\/gravelart.be\/fr\/product\/nirox-uv-c-vs-75\/\",\"url\":\"https:\/\/gravelart.be\/fr\/product\/nirox-uv-c-vs-75\/\",\"name\":\"Nirox UV-C VS 75 - Gravelart\",\"isPartOf\":{\"@id\":\"https:\/\/gravelart.be\/fr\/#website\"},\"primaryImageOfPage\":{\"@id\":\"https:\/\/gravelart.be\/fr\/product\/nirox-uv-c-vs-75\/#primaryimage\"},\"image\":{\"@id\":\"https:\/\/gravelart.be\/fr\/product\/nirox-uv-c-vs-75\/#primaryimage\"},\"thumbnailUrl\":\"https:\/\/gravelart.be\/wp-content\/uploads\/2023\/02\/WEBSHOP_IMAGE_1-5474.jpg\",\"datePublished\":\"2023-02-02T08:19:04+00:00\",\"dateModified\":\"2026-03-10T04:30:34+00:00\",\"description\":\"Bestel Nirox UV-C VS 75 voor jouw volgende tuinproject.\",\"breadcrumb\":{\"@id\":\"https:\/\/gravelart.be\/fr\/product\/nirox-uv-c-vs-75\/#breadcrumb\"},\"inLanguage\":\"fr-FR\",\"potentialAction\":[{\"@type\":\"ReadAction\",\"target\":[\"https:\/\/gravelart.be\/fr\/product\/nirox-uv-c-vs-75\/\"]}]},{\"@type\":\"ImageObject\",\"inLanguage\":\"fr-FR\",\"@id\":\"https:\/\/gravelart.be\/fr\/product\/nirox-uv-c-vs-75\/#primaryimage\",\"url\":\"https:\/\/gravelart.be\/wp-content\/uploads\/2023\/02\/WEBSHOP_IMAGE_1-5474.jpg\",\"contentUrl\":\"https:\/\/gravelart.be\/wp-content\/uploads\/2023\/02\/WEBSHOP_IMAGE_1-5474.jpg\",\"width\":2000,\"height\":2000},{\"@type\":\"BreadcrumbList\",\"@id\":\"https:\/\/gravelart.be\/fr\/product\/nirox-uv-c-vs-75\/#breadcrumb\",\"itemListElement\":[{\"@type\":\"ListItem\",\"position\":1,\"name\":\"Home\",\"item\":\"https:\/\/gravelart.be\/fr\/\"},{\"@type\":\"ListItem\",\"position\":2,\"name\":\"Produits\",\"item\":\"https:\/\/gravelart.be\/fr\/boutique\/\"},{\"@type\":\"ListItem\",\"position\":3,\"name\":\"Nirox UV-C VS 75\"}]},{\"@type\":\"WebSite\",\"@id\":\"https:\/\/gravelart.be\/fr\/#website\",\"url\":\"https:\/\/gravelart.be\/fr\/\",\"name\":\"Gravelart\",\"description\":\"Alles voor tuin en park\",\"publisher\":{\"@id\":\"https:\/\/gravelart.be\/fr\/#organization\"},\"potentialAction\":[{\"@type\":\"SearchAction\",\"target\":{\"@type\":\"EntryPoint\",\"urlTemplate\":\"https:\/\/gravelart.be\/fr\/?s={search_term_string}\"},\"query-input\":{\"@type\":\"PropertyValueSpecification\",\"valueRequired\":true,\"valueName\":\"search_term_string\"}}],\"inLanguage\":\"fr-FR\"},{\"@type\":\"Organization\",\"@id\":\"https:\/\/gravelart.be\/fr\/#organization\",\"name\":\"Gravelart\",\"url\":\"https:\/\/gravelart.be\/fr\/\",\"logo\":{\"@type\":\"ImageObject\",\"inLanguage\":\"fr-FR\",\"@id\":\"https:\/\/gravelart.be\/fr\/#\/schema\/logo\/image\/\",\"url\":\"https:\/\/gravelart.be\/wp-content\/uploads\/2022\/10\/logo-gravelart.png\",\"contentUrl\":\"https:\/\/gravelart.be\/wp-content\/uploads\/2022\/10\/logo-gravelart.png\",\"width\":348,\"height\":186,\"caption\":\"Gravelart\"},\"image\":{\"@id\":\"https:\/\/gravelart.be\/fr\/#\/schema\/logo\/image\/\"}}]}<\/script>\n<!-- \/ Yoast SEO plugin. -->","yoast_head_json":{"title":"Nirox UV-C VS 75 - Gravelart","description":"Bestel Nirox UV-C VS 75 voor jouw volgende tuinproject.","robots":{"index":"index","follow":"follow","max-snippet":"max-snippet:-1","max-image-preview":"max-image-preview:large","max-video-preview":"max-video-preview:-1"},"canonical":"https:\/\/gravelart.be\/fr\/product\/nirox-uv-c-vs-75\/","og_locale":"fr_FR","og_type":"article","og_title":"Nirox UV-C VS 75 - Gravelart","og_description":"Bestel Nirox UV-C VS 75 voor jouw volgende tuinproject.","og_url":"https:\/\/gravelart.be\/fr\/product\/nirox-uv-c-vs-75\/","og_site_name":"Gravelart","article_modified_time":"2026-03-10T04:30:34+00:00","og_image":[{"width":2000,"height":2000,"url":"https:\/\/gravelart.be\/wp-content\/uploads\/2023\/02\/WEBSHOP_IMAGE_1-5474.jpg","type":"image\/jpeg"}],"twitter_card":"summary_large_image","schema":{"@context":"https:\/\/schema.org","@graph":[{"@type":"WebPage","@id":"https:\/\/gravelart.be\/fr\/product\/nirox-uv-c-vs-75\/","url":"https:\/\/gravelart.be\/fr\/product\/nirox-uv-c-vs-75\/","name":"Nirox UV-C VS 75 - Gravelart","isPartOf":{"@id":"https:\/\/gravelart.be\/fr\/#website"},"primaryImageOfPage":{"@id":"https:\/\/gravelart.be\/fr\/product\/nirox-uv-c-vs-75\/#primaryimage"},"image":{"@id":"https:\/\/gravelart.be\/fr\/product\/nirox-uv-c-vs-75\/#primaryimage"},"thumbnailUrl":"https:\/\/gravelart.be\/wp-content\/uploads\/2023\/02\/WEBSHOP_IMAGE_1-5474.jpg","datePublished":"2023-02-02T08:19:04+00:00","dateModified":"2026-03-10T04:30:34+00:00","description":"Bestel Nirox UV-C VS 75 voor jouw volgende tuinproject.","breadcrumb":{"@id":"https:\/\/gravelart.be\/fr\/product\/nirox-uv-c-vs-75\/#breadcrumb"},"inLanguage":"fr-FR","potentialAction":[{"@type":"ReadAction","target":["https:\/\/gravelart.be\/fr\/product\/nirox-uv-c-vs-75\/"]}]},{"@type":"ImageObject","inLanguage":"fr-FR","@id":"https:\/\/gravelart.be\/fr\/product\/nirox-uv-c-vs-75\/#primaryimage","url":"https:\/\/gravelart.be\/wp-content\/uploads\/2023\/02\/WEBSHOP_IMAGE_1-5474.jpg","contentUrl":"https:\/\/gravelart.be\/wp-content\/uploads\/2023\/02\/WEBSHOP_IMAGE_1-5474.jpg","width":2000,"height":2000},{"@type":"BreadcrumbList","@id":"https:\/\/gravelart.be\/fr\/product\/nirox-uv-c-vs-75\/#breadcrumb","itemListElement":[{"@type":"ListItem","position":1,"name":"Home","item":"https:\/\/gravelart.be\/fr\/"},{"@type":"ListItem","position":2,"name":"Produits","item":"https:\/\/gravelart.be\/fr\/boutique\/"},{"@type":"ListItem","position":3,"name":"Nirox UV-C VS 75"}]},{"@type":"WebSite","@id":"https:\/\/gravelart.be\/fr\/#website","url":"https:\/\/gravelart.be\/fr\/","name":"Gravelart","description":"Alles voor tuin en park","publisher":{"@id":"https:\/\/gravelart.be\/fr\/#organization"},"potentialAction":[{"@type":"SearchAction","target":{"@type":"EntryPoint","urlTemplate":"https:\/\/gravelart.be\/fr\/?s={search_term_string}"},"query-input":{"@type":"PropertyValueSpecification","valueRequired":true,"valueName":"search_term_string"}}],"inLanguage":"fr-FR"},{"@type":"Organization","@id":"https:\/\/gravelart.be\/fr\/#organization","name":"Gravelart","url":"https:\/\/gravelart.be\/fr\/","logo":{"@type":"ImageObject","inLanguage":"fr-FR","@id":"https:\/\/gravelart.be\/fr\/#\/schema\/logo\/image\/","url":"https:\/\/gravelart.be\/wp-content\/uploads\/2022\/10\/logo-gravelart.png","contentUrl":"https:\/\/gravelart.be\/wp-content\/uploads\/2022\/10\/logo-gravelart.png","width":348,"height":186,"caption":"Gravelart"},"image":{"@id":"https:\/\/gravelart.be\/fr\/#\/schema\/logo\/image\/"}}]}},"_links":{"self":[{"href":"https:\/\/gravelart.be\/fr\/wp-json\/wp\/v2\/product\/32925","targetHints":{"allow":["GET"]}}],"collection":[{"href":"https:\/\/gravelart.be\/fr\/wp-json\/wp\/v2\/product"}],"about":[{"href":"https:\/\/gravelart.be\/fr\/wp-json\/wp\/v2\/types\/product"}],"replies":[{"embeddable":true,"href":"https:\/\/gravelart.be\/fr\/wp-json\/wp\/v2\/comments?post=32925"}],"wp:featuredmedia":[{"embeddable":true,"href":"https:\/\/gravelart.be\/fr\/wp-json\/wp\/v2\/media\/41281"}],"wp:attachment":[{"href":"https:\/\/gravelart.be\/fr\/wp-json\/wp\/v2\/media?parent=32925"}],"wp:term":[{"taxonomy":"product_brand","embeddable":true,"href":"https:\/\/gravelart.be\/fr\/wp-json\/wp\/v2\/product_brand?post=32925"},{"taxonomy":"product_cat","embeddable":true,"href":"https:\/\/gravelart.be\/fr\/wp-json\/wp\/v2\/product_cat?post=32925"},{"taxonomy":"product_tag","embeddable":true,"href":"https:\/\/gravelart.be\/fr\/wp-json\/wp\/v2\/product_tag?post=32925"}],"curies":[{"name":"wp","href":"https:\/\/api.w.org\/{rel}","templated":true}]}}