{"id":32929,"date":"2023-02-02T09:19:08","date_gmt":"2023-02-02T08:19:08","guid":{"rendered":"https:\/\/gravelart.be\/?post_type=product&#038;p=32929"},"modified":"2026-03-10T05:30:31","modified_gmt":"2026-03-10T04:30:31","slug":"filtre-multi-chambres-lamia-4","status":"publish","type":"product","link":"https:\/\/gravelart.be\/fr\/product\/filtre-multi-chambres-lamia-4\/","title":{"rendered":"Filtre multi-chambres Lamia 4"},"content":{"rendered":"","protected":false},"excerpt":{"rendered":"<p>Fabriqu\u00e9 de polyester renforc\u00e9 de fibre de verre r\u00e9sistant aux UV et \u00e0 la temp\u00e9rature. Noir, tr\u00e8s stable et r\u00e9sistant aux intemp\u00e9ries. Les diff\u00e9rents compartiments offrent une filtration pas \u00e0 pas de haute qualit\u00e9 dans laquelle les particules de salet\u00e9 sont d&rsquo;abord filtr\u00e9es m\u00e9caniquement au moyen de brosses et de tapis Matala. Chaque chambre est \u00e9quip\u00e9e d&rsquo;une \u00e9vacuation s\u00e9par\u00e9e, de sorte qu&rsquo;un entretien p\u00e9riodique par chambre est possible. Remplissage recommand\u00e9 pour la derni\u00e8re chambre : Clinopti Plus.<\/p>\n<ul>\n<li>Contenu: 8 brosses 30 x 15 cm, Matala vert et bleu<\/li>\n<li>Dimensions: 1490 x 640 x 510 mm<br \/>\nMati\u00e8re: polyester<\/li>\n<li>D\u00e9bit: 9 000 l\/h<\/li>\n<li>Capacit\u00e9 de l&rsquo;\u00e9tang: &#8211; \u00e9tang \u00e0 carpes ko\u00ef max. 18 000 litres. \u00c9tang \u00e0 plantes max. 36 000 litres<\/li>\n<li>Nombre de chambres: 4<\/li>\n<\/ul>\n","protected":false},"featured_media":41209,"comment_status":"open","ping_status":"closed","template":"","meta":{"_acf_changed":false,"inline_featured_image":false},"product_brand":[],"product_cat":[4137],"product_tag":[],"class_list":{"0":"post-32929","1":"product","2":"type-product","3":"status-publish","4":"has-post-thumbnail","6":"product_cat-filtres-a-chambres-traitement-de-leau-etangs","8":"first","9":"instock","10":"taxable","11":"shipping-taxable","12":"purchasable","13":"product-type-variable","14":"has-default-attributes"},"acf":{"woocommerce_erp_id":"16249","woocommerce_cnk_id":"101134","product_density":0,"custom_prices":[{"variation_id":"46878","customer_group":"PRO","customer_id":"","min_qty":1,"max_qty":9999999,"steps":1,"price":1054.2072,"price_incl":1275.5907,"delivery_group":"COLLECT","warehouse_id":""},{"variation_id":"46878","customer_group":"PRO","customer_id":"","min_qty":1,"max_qty":9999999,"steps":1,"price":1054.2072,"price_incl":1275.5907,"delivery_group":"DELIVERY","warehouse_id":""},{"variation_id":"46878","customer_group":"DISTRI","customer_id":"129214","min_qty":1,"max_qty":9999999,"steps":1,"price":943.3957,"price_incl":1141.5087,"delivery_group":"DELIVERY","warehouse_id":""},{"variation_id":"46878","customer_group":"DISTRI","customer_id":"129214","min_qty":1,"max_qty":9999999,"steps":1,"price":943.3957,"price_incl":1141.5087,"delivery_group":"COLLECT","warehouse_id":""},{"variation_id":"46878","customer_group":"PRO","customer_id":"","min_qty":1,"max_qty":9999999,"steps":1,"price":1054.2072,"price_incl":1275.5907,"delivery_group":"COLLECT","warehouse_id":""},{"variation_id":"46878","customer_group":"PRO","customer_id":"","min_qty":1,"max_qty":9999999,"steps":1,"price":1054.2072,"price_incl":1275.5907,"delivery_group":"DELIVERY","warehouse_id":""},{"variation_id":"46878","customer_group":"DISTRI","customer_id":"129214","min_qty":1,"max_qty":9999999,"steps":1,"price":943.3957,"price_incl":1141.5087,"delivery_group":"DELIVERY","warehouse_id":""},{"variation_id":"46878","customer_group":"DISTRI","customer_id":"129214","min_qty":1,"max_qty":9999999,"steps":1,"price":943.3957,"price_incl":1141.5087,"delivery_group":"COLLECT","warehouse_id":""}],"packaging_ids":[{"packaging_name":"Pi\u00e8ce","packaging_id":"73","erp_id":"16249"},{"packaging_name":"Pi\u00e8ce","packaging_id":"73","erp_id":"16249"}]},"yoast_head":"<!-- This site is optimized with the Yoast SEO plugin v27.3 - https:\/\/yoast.com\/product\/yoast-seo-wordpress\/ -->\n<title>Filtre multi-chambres Lamia 4 - Gravelart<\/title>\n<meta name=\"description\" content=\"Bestel Filtre multi-chambres Lamia 4 voor jouw volgende tuinproject.\" \/>\n<meta name=\"robots\" content=\"index, follow, max-snippet:-1, max-image-preview:large, max-video-preview:-1\" \/>\n<link rel=\"canonical\" href=\"https:\/\/gravelart.be\/fr\/product\/filtre-multi-chambres-lamia-4\/\" \/>\n<meta property=\"og:locale\" content=\"fr_FR\" \/>\n<meta property=\"og:type\" content=\"article\" \/>\n<meta property=\"og:title\" content=\"Filtre multi-chambres Lamia 4 - Gravelart\" \/>\n<meta property=\"og:description\" content=\"Bestel Filtre multi-chambres Lamia 4 voor jouw volgende tuinproject.\" \/>\n<meta property=\"og:url\" content=\"https:\/\/gravelart.be\/fr\/product\/filtre-multi-chambres-lamia-4\/\" \/>\n<meta property=\"og:site_name\" content=\"Gravelart\" \/>\n<meta property=\"article:modified_time\" content=\"2026-03-10T04:30:31+00:00\" \/>\n<meta property=\"og:image\" content=\"https:\/\/gravelart.be\/wp-content\/uploads\/2023\/02\/WEBSHOP_IMAGE_1-16249.jpg\" \/>\n\t<meta property=\"og:image:width\" content=\"1486\" \/>\n\t<meta property=\"og:image:height\" content=\"1486\" \/>\n\t<meta property=\"og:image:type\" content=\"image\/jpeg\" \/>\n<meta name=\"twitter:card\" content=\"summary_large_image\" \/>\n<script type=\"application\/ld+json\" class=\"yoast-schema-graph\">{\"@context\":\"https:\\\/\\\/schema.org\",\"@graph\":[{\"@type\":\"WebPage\",\"@id\":\"https:\\\/\\\/gravelart.be\\\/fr\\\/product\\\/filtre-multi-chambres-lamia-4\\\/\",\"url\":\"https:\\\/\\\/gravelart.be\\\/fr\\\/product\\\/filtre-multi-chambres-lamia-4\\\/\",\"name\":\"Filtre multi-chambres Lamia 4 - Gravelart\",\"isPartOf\":{\"@id\":\"https:\\\/\\\/gravelart.be\\\/fr\\\/#website\"},\"primaryImageOfPage\":{\"@id\":\"https:\\\/\\\/gravelart.be\\\/fr\\\/product\\\/filtre-multi-chambres-lamia-4\\\/#primaryimage\"},\"image\":{\"@id\":\"https:\\\/\\\/gravelart.be\\\/fr\\\/product\\\/filtre-multi-chambres-lamia-4\\\/#primaryimage\"},\"thumbnailUrl\":\"https:\\\/\\\/gravelart.be\\\/wp-content\\\/uploads\\\/2023\\\/02\\\/WEBSHOP_IMAGE_1-16249.jpg\",\"datePublished\":\"2023-02-02T08:19:08+00:00\",\"dateModified\":\"2026-03-10T04:30:31+00:00\",\"description\":\"Bestel Filtre multi-chambres Lamia 4 voor jouw volgende tuinproject.\",\"breadcrumb\":{\"@id\":\"https:\\\/\\\/gravelart.be\\\/fr\\\/product\\\/filtre-multi-chambres-lamia-4\\\/#breadcrumb\"},\"inLanguage\":\"fr-FR\",\"potentialAction\":[{\"@type\":\"ReadAction\",\"target\":[\"https:\\\/\\\/gravelart.be\\\/fr\\\/product\\\/filtre-multi-chambres-lamia-4\\\/\"]}]},{\"@type\":\"ImageObject\",\"inLanguage\":\"fr-FR\",\"@id\":\"https:\\\/\\\/gravelart.be\\\/fr\\\/product\\\/filtre-multi-chambres-lamia-4\\\/#primaryimage\",\"url\":\"https:\\\/\\\/gravelart.be\\\/wp-content\\\/uploads\\\/2023\\\/02\\\/WEBSHOP_IMAGE_1-16249.jpg\",\"contentUrl\":\"https:\\\/\\\/gravelart.be\\\/wp-content\\\/uploads\\\/2023\\\/02\\\/WEBSHOP_IMAGE_1-16249.jpg\",\"width\":1486,\"height\":1486},{\"@type\":\"BreadcrumbList\",\"@id\":\"https:\\\/\\\/gravelart.be\\\/fr\\\/product\\\/filtre-multi-chambres-lamia-4\\\/#breadcrumb\",\"itemListElement\":[{\"@type\":\"ListItem\",\"position\":1,\"name\":\"Home\",\"item\":\"https:\\\/\\\/gravelart.be\\\/fr\\\/\"},{\"@type\":\"ListItem\",\"position\":2,\"name\":\"Produits\",\"item\":\"https:\\\/\\\/gravelart.be\\\/fr\\\/boutique\\\/\"},{\"@type\":\"ListItem\",\"position\":3,\"name\":\"Filtre multi-chambres Lamia 4\"}]},{\"@type\":\"WebSite\",\"@id\":\"https:\\\/\\\/gravelart.be\\\/fr\\\/#website\",\"url\":\"https:\\\/\\\/gravelart.be\\\/fr\\\/\",\"name\":\"Gravelart\",\"description\":\"Alles voor tuin en park\",\"publisher\":{\"@id\":\"https:\\\/\\\/gravelart.be\\\/fr\\\/#organization\"},\"potentialAction\":[{\"@type\":\"SearchAction\",\"target\":{\"@type\":\"EntryPoint\",\"urlTemplate\":\"https:\\\/\\\/gravelart.be\\\/fr\\\/?s={search_term_string}\"},\"query-input\":{\"@type\":\"PropertyValueSpecification\",\"valueRequired\":true,\"valueName\":\"search_term_string\"}}],\"inLanguage\":\"fr-FR\"},{\"@type\":\"Organization\",\"@id\":\"https:\\\/\\\/gravelart.be\\\/fr\\\/#organization\",\"name\":\"Gravelart\",\"url\":\"https:\\\/\\\/gravelart.be\\\/fr\\\/\",\"logo\":{\"@type\":\"ImageObject\",\"inLanguage\":\"fr-FR\",\"@id\":\"https:\\\/\\\/gravelart.be\\\/fr\\\/#\\\/schema\\\/logo\\\/image\\\/\",\"url\":\"https:\\\/\\\/gravelart.be\\\/wp-content\\\/uploads\\\/2022\\\/10\\\/logo-gravelart.png\",\"contentUrl\":\"https:\\\/\\\/gravelart.be\\\/wp-content\\\/uploads\\\/2022\\\/10\\\/logo-gravelart.png\",\"width\":348,\"height\":186,\"caption\":\"Gravelart\"},\"image\":{\"@id\":\"https:\\\/\\\/gravelart.be\\\/fr\\\/#\\\/schema\\\/logo\\\/image\\\/\"}}]}<\/script>\n<!-- \/ Yoast SEO plugin. -->","yoast_head_json":{"title":"Filtre multi-chambres Lamia 4 - Gravelart","description":"Bestel Filtre multi-chambres Lamia 4 voor jouw volgende tuinproject.","robots":{"index":"index","follow":"follow","max-snippet":"max-snippet:-1","max-image-preview":"max-image-preview:large","max-video-preview":"max-video-preview:-1"},"canonical":"https:\/\/gravelart.be\/fr\/product\/filtre-multi-chambres-lamia-4\/","og_locale":"fr_FR","og_type":"article","og_title":"Filtre multi-chambres Lamia 4 - Gravelart","og_description":"Bestel Filtre multi-chambres Lamia 4 voor jouw volgende tuinproject.","og_url":"https:\/\/gravelart.be\/fr\/product\/filtre-multi-chambres-lamia-4\/","og_site_name":"Gravelart","article_modified_time":"2026-03-10T04:30:31+00:00","og_image":[{"width":1486,"height":1486,"url":"https:\/\/gravelart.be\/wp-content\/uploads\/2023\/02\/WEBSHOP_IMAGE_1-16249.jpg","type":"image\/jpeg"}],"twitter_card":"summary_large_image","schema":{"@context":"https:\/\/schema.org","@graph":[{"@type":"WebPage","@id":"https:\/\/gravelart.be\/fr\/product\/filtre-multi-chambres-lamia-4\/","url":"https:\/\/gravelart.be\/fr\/product\/filtre-multi-chambres-lamia-4\/","name":"Filtre multi-chambres Lamia 4 - Gravelart","isPartOf":{"@id":"https:\/\/gravelart.be\/fr\/#website"},"primaryImageOfPage":{"@id":"https:\/\/gravelart.be\/fr\/product\/filtre-multi-chambres-lamia-4\/#primaryimage"},"image":{"@id":"https:\/\/gravelart.be\/fr\/product\/filtre-multi-chambres-lamia-4\/#primaryimage"},"thumbnailUrl":"https:\/\/gravelart.be\/wp-content\/uploads\/2023\/02\/WEBSHOP_IMAGE_1-16249.jpg","datePublished":"2023-02-02T08:19:08+00:00","dateModified":"2026-03-10T04:30:31+00:00","description":"Bestel Filtre multi-chambres Lamia 4 voor jouw volgende tuinproject.","breadcrumb":{"@id":"https:\/\/gravelart.be\/fr\/product\/filtre-multi-chambres-lamia-4\/#breadcrumb"},"inLanguage":"fr-FR","potentialAction":[{"@type":"ReadAction","target":["https:\/\/gravelart.be\/fr\/product\/filtre-multi-chambres-lamia-4\/"]}]},{"@type":"ImageObject","inLanguage":"fr-FR","@id":"https:\/\/gravelart.be\/fr\/product\/filtre-multi-chambres-lamia-4\/#primaryimage","url":"https:\/\/gravelart.be\/wp-content\/uploads\/2023\/02\/WEBSHOP_IMAGE_1-16249.jpg","contentUrl":"https:\/\/gravelart.be\/wp-content\/uploads\/2023\/02\/WEBSHOP_IMAGE_1-16249.jpg","width":1486,"height":1486},{"@type":"BreadcrumbList","@id":"https:\/\/gravelart.be\/fr\/product\/filtre-multi-chambres-lamia-4\/#breadcrumb","itemListElement":[{"@type":"ListItem","position":1,"name":"Home","item":"https:\/\/gravelart.be\/fr\/"},{"@type":"ListItem","position":2,"name":"Produits","item":"https:\/\/gravelart.be\/fr\/boutique\/"},{"@type":"ListItem","position":3,"name":"Filtre multi-chambres Lamia 4"}]},{"@type":"WebSite","@id":"https:\/\/gravelart.be\/fr\/#website","url":"https:\/\/gravelart.be\/fr\/","name":"Gravelart","description":"Alles voor tuin en park","publisher":{"@id":"https:\/\/gravelart.be\/fr\/#organization"},"potentialAction":[{"@type":"SearchAction","target":{"@type":"EntryPoint","urlTemplate":"https:\/\/gravelart.be\/fr\/?s={search_term_string}"},"query-input":{"@type":"PropertyValueSpecification","valueRequired":true,"valueName":"search_term_string"}}],"inLanguage":"fr-FR"},{"@type":"Organization","@id":"https:\/\/gravelart.be\/fr\/#organization","name":"Gravelart","url":"https:\/\/gravelart.be\/fr\/","logo":{"@type":"ImageObject","inLanguage":"fr-FR","@id":"https:\/\/gravelart.be\/fr\/#\/schema\/logo\/image\/","url":"https:\/\/gravelart.be\/wp-content\/uploads\/2022\/10\/logo-gravelart.png","contentUrl":"https:\/\/gravelart.be\/wp-content\/uploads\/2022\/10\/logo-gravelart.png","width":348,"height":186,"caption":"Gravelart"},"image":{"@id":"https:\/\/gravelart.be\/fr\/#\/schema\/logo\/image\/"}}]}},"_links":{"self":[{"href":"https:\/\/gravelart.be\/fr\/wp-json\/wp\/v2\/product\/32929","targetHints":{"allow":["GET"]}}],"collection":[{"href":"https:\/\/gravelart.be\/fr\/wp-json\/wp\/v2\/product"}],"about":[{"href":"https:\/\/gravelart.be\/fr\/wp-json\/wp\/v2\/types\/product"}],"replies":[{"embeddable":true,"href":"https:\/\/gravelart.be\/fr\/wp-json\/wp\/v2\/comments?post=32929"}],"wp:featuredmedia":[{"embeddable":true,"href":"https:\/\/gravelart.be\/fr\/wp-json\/wp\/v2\/media\/41209"}],"wp:attachment":[{"href":"https:\/\/gravelart.be\/fr\/wp-json\/wp\/v2\/media?parent=32929"}],"wp:term":[{"taxonomy":"product_brand","embeddable":true,"href":"https:\/\/gravelart.be\/fr\/wp-json\/wp\/v2\/product_brand?post=32929"},{"taxonomy":"product_cat","embeddable":true,"href":"https:\/\/gravelart.be\/fr\/wp-json\/wp\/v2\/product_cat?post=32929"},{"taxonomy":"product_tag","embeddable":true,"href":"https:\/\/gravelart.be\/fr\/wp-json\/wp\/v2\/product_tag?post=32929"}],"curies":[{"name":"wp","href":"https:\/\/api.w.org\/{rel}","templated":true}]}}