{"id":32995,"date":"2023-02-02T09:20:21","date_gmt":"2023-02-02T08:20:21","guid":{"rendered":"https:\/\/gravelart.be\/?post_type=product&#038;p=32995"},"modified":"2026-03-10T05:20:51","modified_gmt":"2026-03-10T04:20:51","slug":"pond-sieve-2","status":"publish","type":"product","link":"https:\/\/gravelart.be\/fr\/product\/pond-sieve-2\/","title":{"rendered":"Pond Sieve 2"},"content":{"rendered":"","protected":false},"excerpt":{"rendered":"<p>Les Pond Sieves sont des pr\u00e9-filtres m\u00e9caniques. Pour le premier pas dans le processus de filtration. Les grosses particules, comme les feuilles et les restes de nourriture, sont s\u00e9par\u00e9es par un tamis en inox. Ceci est important pour diminuer le plus possible la charge de pollution dans les masses filtrantes biologiques. Pond Sieve avec des tamis de 300 micron et les derniers 50 mm 200 micron. D\u00e9bit max. 28.000 l\/h. Evacuation 50 mm. Sont inclus: couvercle et vanne \u00e0 bille 50 mm.<\/p>\n<ul>\n<li>Poids: 5<\/li>\n<li>Dimensions: 565 x 495 x 755 mm, \u00e9l\u00e9ment de tamisage : 445 x 400 mm, 2 x entr\u00e9e 110 mm, 2 x sortie 2&Prime;.<\/li>\n<li>Volume du bassin: d\u00e9bit maximal de 30 000 l\/h<\/li>\n<\/ul>\n","protected":false},"featured_media":41071,"comment_status":"open","ping_status":"closed","template":"","meta":{"_acf_changed":false,"inline_featured_image":false},"product_brand":[],"product_cat":[4128],"product_tag":[],"class_list":{"0":"post-32995","1":"product","2":"type-product","3":"status-publish","4":"has-post-thumbnail","6":"product_cat-filtres-tamis-traitement-de-leau","8":"first","9":"instock","10":"taxable","11":"shipping-taxable","12":"purchasable","13":"product-type-variable","14":"has-default-attributes"},"acf":{"woocommerce_erp_id":"5230","woocommerce_cnk_id":"101219","product_density":0,"custom_prices":[{"variation_id":"41072","customer_group":"PRO","customer_id":"","min_qty":1,"max_qty":9999999,"steps":1,"price":912.9028,"price_incl":1104.6124,"delivery_group":"COLLECT","warehouse_id":""},{"variation_id":"41072","customer_group":"PRO","customer_id":"","min_qty":1,"max_qty":9999999,"steps":1,"price":912.9028,"price_incl":1104.6124,"delivery_group":"DELIVERY","warehouse_id":""},{"variation_id":"41072","customer_group":"DISTRI","customer_id":"129214","min_qty":1,"max_qty":9999999,"steps":1,"price":907.7158,"price_incl":1098.3362,"delivery_group":"DELIVERY","warehouse_id":""},{"variation_id":"41072","customer_group":"DISTRI","customer_id":"129214","min_qty":1,"max_qty":9999999,"steps":1,"price":907.7158,"price_incl":1098.3362,"delivery_group":"COLLECT","warehouse_id":""}],"packaging_ids":[{"packaging_name":"Pi\u00e8ce","packaging_id":"73","erp_id":"5230"}]},"yoast_head":"<!-- This site is optimized with the Yoast SEO plugin v27.3 - https:\/\/yoast.com\/product\/yoast-seo-wordpress\/ -->\n<title>Pond Sieve 2 - Gravelart<\/title>\n<meta name=\"description\" content=\"Bestel Pond Sieve 2 voor jouw volgende tuinproject.\" \/>\n<meta name=\"robots\" content=\"index, follow, max-snippet:-1, max-image-preview:large, max-video-preview:-1\" \/>\n<link rel=\"canonical\" href=\"https:\/\/gravelart.be\/fr\/product\/pond-sieve-2\/\" \/>\n<meta property=\"og:locale\" content=\"fr_FR\" \/>\n<meta property=\"og:type\" content=\"article\" \/>\n<meta property=\"og:title\" content=\"Pond Sieve 2 - Gravelart\" \/>\n<meta property=\"og:description\" content=\"Bestel Pond Sieve 2 voor jouw volgende tuinproject.\" \/>\n<meta property=\"og:url\" content=\"https:\/\/gravelart.be\/fr\/product\/pond-sieve-2\/\" \/>\n<meta property=\"og:site_name\" content=\"Gravelart\" \/>\n<meta property=\"article:modified_time\" content=\"2026-03-10T04:20:51+00:00\" \/>\n<meta property=\"og:image\" content=\"https:\/\/gravelart.be\/wp-content\/uploads\/2023\/02\/WEBSHOP_IMAGE_1-5230.jpg\" \/>\n\t<meta property=\"og:image:width\" content=\"1486\" \/>\n\t<meta property=\"og:image:height\" content=\"1486\" \/>\n\t<meta property=\"og:image:type\" content=\"image\/jpeg\" \/>\n<meta name=\"twitter:card\" content=\"summary_large_image\" \/>\n<script type=\"application\/ld+json\" class=\"yoast-schema-graph\">{\"@context\":\"https:\\\/\\\/schema.org\",\"@graph\":[{\"@type\":\"WebPage\",\"@id\":\"https:\\\/\\\/gravelart.be\\\/fr\\\/product\\\/pond-sieve-2\\\/\",\"url\":\"https:\\\/\\\/gravelart.be\\\/fr\\\/product\\\/pond-sieve-2\\\/\",\"name\":\"Pond Sieve 2 - Gravelart\",\"isPartOf\":{\"@id\":\"https:\\\/\\\/gravelart.be\\\/fr\\\/#website\"},\"primaryImageOfPage\":{\"@id\":\"https:\\\/\\\/gravelart.be\\\/fr\\\/product\\\/pond-sieve-2\\\/#primaryimage\"},\"image\":{\"@id\":\"https:\\\/\\\/gravelart.be\\\/fr\\\/product\\\/pond-sieve-2\\\/#primaryimage\"},\"thumbnailUrl\":\"https:\\\/\\\/gravelart.be\\\/wp-content\\\/uploads\\\/2023\\\/02\\\/WEBSHOP_IMAGE_1-5230.jpg\",\"datePublished\":\"2023-02-02T08:20:21+00:00\",\"dateModified\":\"2026-03-10T04:20:51+00:00\",\"description\":\"Bestel Pond Sieve 2 voor jouw volgende tuinproject.\",\"breadcrumb\":{\"@id\":\"https:\\\/\\\/gravelart.be\\\/fr\\\/product\\\/pond-sieve-2\\\/#breadcrumb\"},\"inLanguage\":\"fr-FR\",\"potentialAction\":[{\"@type\":\"ReadAction\",\"target\":[\"https:\\\/\\\/gravelart.be\\\/fr\\\/product\\\/pond-sieve-2\\\/\"]}]},{\"@type\":\"ImageObject\",\"inLanguage\":\"fr-FR\",\"@id\":\"https:\\\/\\\/gravelart.be\\\/fr\\\/product\\\/pond-sieve-2\\\/#primaryimage\",\"url\":\"https:\\\/\\\/gravelart.be\\\/wp-content\\\/uploads\\\/2023\\\/02\\\/WEBSHOP_IMAGE_1-5230.jpg\",\"contentUrl\":\"https:\\\/\\\/gravelart.be\\\/wp-content\\\/uploads\\\/2023\\\/02\\\/WEBSHOP_IMAGE_1-5230.jpg\",\"width\":1486,\"height\":1486},{\"@type\":\"BreadcrumbList\",\"@id\":\"https:\\\/\\\/gravelart.be\\\/fr\\\/product\\\/pond-sieve-2\\\/#breadcrumb\",\"itemListElement\":[{\"@type\":\"ListItem\",\"position\":1,\"name\":\"Home\",\"item\":\"https:\\\/\\\/gravelart.be\\\/fr\\\/\"},{\"@type\":\"ListItem\",\"position\":2,\"name\":\"Produits\",\"item\":\"https:\\\/\\\/gravelart.be\\\/fr\\\/boutique\\\/\"},{\"@type\":\"ListItem\",\"position\":3,\"name\":\"Pond Sieve 2\"}]},{\"@type\":\"WebSite\",\"@id\":\"https:\\\/\\\/gravelart.be\\\/fr\\\/#website\",\"url\":\"https:\\\/\\\/gravelart.be\\\/fr\\\/\",\"name\":\"Gravelart\",\"description\":\"Alles voor tuin en park\",\"publisher\":{\"@id\":\"https:\\\/\\\/gravelart.be\\\/fr\\\/#organization\"},\"potentialAction\":[{\"@type\":\"SearchAction\",\"target\":{\"@type\":\"EntryPoint\",\"urlTemplate\":\"https:\\\/\\\/gravelart.be\\\/fr\\\/?s={search_term_string}\"},\"query-input\":{\"@type\":\"PropertyValueSpecification\",\"valueRequired\":true,\"valueName\":\"search_term_string\"}}],\"inLanguage\":\"fr-FR\"},{\"@type\":\"Organization\",\"@id\":\"https:\\\/\\\/gravelart.be\\\/fr\\\/#organization\",\"name\":\"Gravelart\",\"url\":\"https:\\\/\\\/gravelart.be\\\/fr\\\/\",\"logo\":{\"@type\":\"ImageObject\",\"inLanguage\":\"fr-FR\",\"@id\":\"https:\\\/\\\/gravelart.be\\\/fr\\\/#\\\/schema\\\/logo\\\/image\\\/\",\"url\":\"https:\\\/\\\/gravelart.be\\\/wp-content\\\/uploads\\\/2022\\\/10\\\/logo-gravelart.png\",\"contentUrl\":\"https:\\\/\\\/gravelart.be\\\/wp-content\\\/uploads\\\/2022\\\/10\\\/logo-gravelart.png\",\"width\":348,\"height\":186,\"caption\":\"Gravelart\"},\"image\":{\"@id\":\"https:\\\/\\\/gravelart.be\\\/fr\\\/#\\\/schema\\\/logo\\\/image\\\/\"}}]}<\/script>\n<!-- \/ Yoast SEO plugin. -->","yoast_head_json":{"title":"Pond Sieve 2 - Gravelart","description":"Bestel Pond Sieve 2 voor jouw volgende tuinproject.","robots":{"index":"index","follow":"follow","max-snippet":"max-snippet:-1","max-image-preview":"max-image-preview:large","max-video-preview":"max-video-preview:-1"},"canonical":"https:\/\/gravelart.be\/fr\/product\/pond-sieve-2\/","og_locale":"fr_FR","og_type":"article","og_title":"Pond Sieve 2 - Gravelart","og_description":"Bestel Pond Sieve 2 voor jouw volgende tuinproject.","og_url":"https:\/\/gravelart.be\/fr\/product\/pond-sieve-2\/","og_site_name":"Gravelart","article_modified_time":"2026-03-10T04:20:51+00:00","og_image":[{"width":1486,"height":1486,"url":"https:\/\/gravelart.be\/wp-content\/uploads\/2023\/02\/WEBSHOP_IMAGE_1-5230.jpg","type":"image\/jpeg"}],"twitter_card":"summary_large_image","schema":{"@context":"https:\/\/schema.org","@graph":[{"@type":"WebPage","@id":"https:\/\/gravelart.be\/fr\/product\/pond-sieve-2\/","url":"https:\/\/gravelart.be\/fr\/product\/pond-sieve-2\/","name":"Pond Sieve 2 - Gravelart","isPartOf":{"@id":"https:\/\/gravelart.be\/fr\/#website"},"primaryImageOfPage":{"@id":"https:\/\/gravelart.be\/fr\/product\/pond-sieve-2\/#primaryimage"},"image":{"@id":"https:\/\/gravelart.be\/fr\/product\/pond-sieve-2\/#primaryimage"},"thumbnailUrl":"https:\/\/gravelart.be\/wp-content\/uploads\/2023\/02\/WEBSHOP_IMAGE_1-5230.jpg","datePublished":"2023-02-02T08:20:21+00:00","dateModified":"2026-03-10T04:20:51+00:00","description":"Bestel Pond Sieve 2 voor jouw volgende tuinproject.","breadcrumb":{"@id":"https:\/\/gravelart.be\/fr\/product\/pond-sieve-2\/#breadcrumb"},"inLanguage":"fr-FR","potentialAction":[{"@type":"ReadAction","target":["https:\/\/gravelart.be\/fr\/product\/pond-sieve-2\/"]}]},{"@type":"ImageObject","inLanguage":"fr-FR","@id":"https:\/\/gravelart.be\/fr\/product\/pond-sieve-2\/#primaryimage","url":"https:\/\/gravelart.be\/wp-content\/uploads\/2023\/02\/WEBSHOP_IMAGE_1-5230.jpg","contentUrl":"https:\/\/gravelart.be\/wp-content\/uploads\/2023\/02\/WEBSHOP_IMAGE_1-5230.jpg","width":1486,"height":1486},{"@type":"BreadcrumbList","@id":"https:\/\/gravelart.be\/fr\/product\/pond-sieve-2\/#breadcrumb","itemListElement":[{"@type":"ListItem","position":1,"name":"Home","item":"https:\/\/gravelart.be\/fr\/"},{"@type":"ListItem","position":2,"name":"Produits","item":"https:\/\/gravelart.be\/fr\/boutique\/"},{"@type":"ListItem","position":3,"name":"Pond Sieve 2"}]},{"@type":"WebSite","@id":"https:\/\/gravelart.be\/fr\/#website","url":"https:\/\/gravelart.be\/fr\/","name":"Gravelart","description":"Alles voor tuin en park","publisher":{"@id":"https:\/\/gravelart.be\/fr\/#organization"},"potentialAction":[{"@type":"SearchAction","target":{"@type":"EntryPoint","urlTemplate":"https:\/\/gravelart.be\/fr\/?s={search_term_string}"},"query-input":{"@type":"PropertyValueSpecification","valueRequired":true,"valueName":"search_term_string"}}],"inLanguage":"fr-FR"},{"@type":"Organization","@id":"https:\/\/gravelart.be\/fr\/#organization","name":"Gravelart","url":"https:\/\/gravelart.be\/fr\/","logo":{"@type":"ImageObject","inLanguage":"fr-FR","@id":"https:\/\/gravelart.be\/fr\/#\/schema\/logo\/image\/","url":"https:\/\/gravelart.be\/wp-content\/uploads\/2022\/10\/logo-gravelart.png","contentUrl":"https:\/\/gravelart.be\/wp-content\/uploads\/2022\/10\/logo-gravelart.png","width":348,"height":186,"caption":"Gravelart"},"image":{"@id":"https:\/\/gravelart.be\/fr\/#\/schema\/logo\/image\/"}}]}},"_links":{"self":[{"href":"https:\/\/gravelart.be\/fr\/wp-json\/wp\/v2\/product\/32995","targetHints":{"allow":["GET"]}}],"collection":[{"href":"https:\/\/gravelart.be\/fr\/wp-json\/wp\/v2\/product"}],"about":[{"href":"https:\/\/gravelart.be\/fr\/wp-json\/wp\/v2\/types\/product"}],"replies":[{"embeddable":true,"href":"https:\/\/gravelart.be\/fr\/wp-json\/wp\/v2\/comments?post=32995"}],"wp:featuredmedia":[{"embeddable":true,"href":"https:\/\/gravelart.be\/fr\/wp-json\/wp\/v2\/media\/41071"}],"wp:attachment":[{"href":"https:\/\/gravelart.be\/fr\/wp-json\/wp\/v2\/media?parent=32995"}],"wp:term":[{"taxonomy":"product_brand","embeddable":true,"href":"https:\/\/gravelart.be\/fr\/wp-json\/wp\/v2\/product_brand?post=32995"},{"taxonomy":"product_cat","embeddable":true,"href":"https:\/\/gravelart.be\/fr\/wp-json\/wp\/v2\/product_cat?post=32995"},{"taxonomy":"product_tag","embeddable":true,"href":"https:\/\/gravelart.be\/fr\/wp-json\/wp\/v2\/product_tag?post=32995"}],"curies":[{"name":"wp","href":"https:\/\/api.w.org\/{rel}","templated":true}]}}