{"id":33009,"date":"2023-02-02T09:20:38","date_gmt":"2023-02-02T08:20:38","guid":{"rendered":"https:\/\/gravelart.be\/?post_type=product&#038;p=33009"},"modified":"2026-03-10T05:20:43","modified_gmt":"2026-03-10T04:20:43","slug":"vivioclean-uv-c-18w","status":"publish","type":"product","link":"https:\/\/gravelart.be\/fr\/product\/vivioclean-uv-c-18w\/","title":{"rendered":"Vivioclean UV-C 18W"},"content":{"rendered":"","protected":false},"excerpt":{"rendered":"<p>Ces appareils UV-C fiables en inox 316L \u00e9pais ont un diam\u00e8tre de buse de 90 mm, continue vers les extr\u00e9mit\u00e9s. Montage horizontal ou vertical, 360\u00b0 pivotable. Mati\u00e8re synth\u00e9tique ASA. Ballast \u00e9lectronique avec lampe Philips. Le corps en inox assure une r\u00e9flexion du rayonnement UV-C, ce qui permet d\u2019am\u00e9liorer l\u2019efficacit\u00e9 jusqu\u2019\u00e0 35%. Les lampes UV-C ont une dur\u00e9e de vie de 8.000 heures et on doit les remplacer une fois par an. On peut remplacer la lampe et nettoyer la buse quartz sans outils.<\/p>\n<ul>\n<li>Poids: 5<\/li>\n<li>Tension: 230 V\/50Hz<\/li>\n<li>D\u00e9bit: Max. 7.500 l\/u<\/li>\n<li>Raccordement: Coller: 75-63-55 mm<\/li>\n<li>Capacit\u00e9: 18 W<\/li>\n<\/ul>\n","protected":false},"featured_media":41309,"comment_status":"open","ping_status":"closed","template":"","meta":{"_acf_changed":false,"inline_featured_image":false},"product_brand":[],"product_cat":[4146],"product_tag":[],"class_list":{"0":"post-33009","1":"product","2":"type-product","3":"status-publish","4":"has-post-thumbnail","6":"product_cat-appareils-uv-c-traitement-de-leau-etangs","8":"first","9":"instock","10":"taxable","11":"shipping-taxable","12":"purchasable","13":"product-type-variable","14":"has-default-attributes"},"acf":{"woocommerce_erp_id":"5741","woocommerce_cnk_id":"101230","product_density":0,"custom_prices":[{"variation_id":"41310","customer_group":"PRO","customer_id":"","min_qty":1,"max_qty":9999999,"steps":1,"price":128.3964,"price_incl":155.3596,"delivery_group":"COLLECT","warehouse_id":""},{"variation_id":"41310","customer_group":"PRO","customer_id":"","min_qty":1,"max_qty":9999999,"steps":1,"price":128.3964,"price_incl":155.3596,"delivery_group":"DELIVERY","warehouse_id":""},{"variation_id":"41310","customer_group":"PRO","customer_id":"","min_qty":1,"max_qty":9999999,"steps":1,"price":128.3964,"price_incl":155.3596,"delivery_group":"COLLECT","warehouse_id":"2"},{"variation_id":"41310","customer_group":"PRO","customer_id":"","min_qty":1,"max_qty":9999999,"steps":1,"price":128.3964,"price_incl":155.3596,"delivery_group":"DELIVERY","warehouse_id":"2"},{"variation_id":"41310","customer_group":"DISTRI","customer_id":"129214","min_qty":1,"max_qty":9999999,"steps":1,"price":102.4603,"price_incl":123.977,"delivery_group":"DELIVERY","warehouse_id":""},{"variation_id":"41310","customer_group":"DISTRI","customer_id":"129214","min_qty":1,"max_qty":9999999,"steps":1,"price":102.4603,"price_incl":123.977,"delivery_group":"COLLECT","warehouse_id":""},{"variation_id":"41310","customer_group":"DISTRI","customer_id":"129214","min_qty":1,"max_qty":9999999,"steps":1,"price":102.4603,"price_incl":123.977,"delivery_group":"COLLECT","warehouse_id":"2"},{"variation_id":"41310","customer_group":"DISTRI","customer_id":"129214","min_qty":1,"max_qty":9999999,"steps":1,"price":102.4603,"price_incl":123.977,"delivery_group":"DELIVERY","warehouse_id":"2"}],"packaging_ids":[{"packaging_name":"Pi\u00e8ce","packaging_id":"73","erp_id":"5741"}]},"yoast_head":"<!-- This site is optimized with the Yoast SEO plugin v27.3 - https:\/\/yoast.com\/product\/yoast-seo-wordpress\/ -->\n<title>Vivioclean UV-C 18W - Gravelart<\/title>\n<meta name=\"description\" content=\"Bestel Vivioclean UV-C 18W voor jouw volgende tuinproject.\" \/>\n<meta name=\"robots\" content=\"index, follow, max-snippet:-1, max-image-preview:large, max-video-preview:-1\" \/>\n<link rel=\"canonical\" href=\"https:\/\/gravelart.be\/fr\/product\/vivioclean-uv-c-18w\/\" \/>\n<meta property=\"og:locale\" content=\"fr_FR\" \/>\n<meta property=\"og:type\" content=\"article\" \/>\n<meta property=\"og:title\" content=\"Vivioclean UV-C 18W - Gravelart\" \/>\n<meta property=\"og:description\" content=\"Bestel Vivioclean UV-C 18W voor jouw volgende tuinproject.\" \/>\n<meta property=\"og:url\" content=\"https:\/\/gravelart.be\/fr\/product\/vivioclean-uv-c-18w\/\" \/>\n<meta property=\"og:site_name\" content=\"Gravelart\" \/>\n<meta property=\"article:modified_time\" content=\"2026-03-10T04:20:43+00:00\" \/>\n<meta property=\"og:image\" content=\"https:\/\/gravelart.be\/wp-content\/uploads\/2023\/02\/WEBSHOP_IMAGE_1-5741.jpg\" \/>\n\t<meta property=\"og:image:width\" content=\"2000\" \/>\n\t<meta property=\"og:image:height\" content=\"2000\" \/>\n\t<meta property=\"og:image:type\" content=\"image\/jpeg\" \/>\n<meta name=\"twitter:card\" content=\"summary_large_image\" \/>\n<script type=\"application\/ld+json\" class=\"yoast-schema-graph\">{\"@context\":\"https:\\\/\\\/schema.org\",\"@graph\":[{\"@type\":\"WebPage\",\"@id\":\"https:\\\/\\\/gravelart.be\\\/fr\\\/product\\\/vivioclean-uv-c-18w\\\/\",\"url\":\"https:\\\/\\\/gravelart.be\\\/fr\\\/product\\\/vivioclean-uv-c-18w\\\/\",\"name\":\"Vivioclean UV-C 18W - Gravelart\",\"isPartOf\":{\"@id\":\"https:\\\/\\\/gravelart.be\\\/fr\\\/#website\"},\"primaryImageOfPage\":{\"@id\":\"https:\\\/\\\/gravelart.be\\\/fr\\\/product\\\/vivioclean-uv-c-18w\\\/#primaryimage\"},\"image\":{\"@id\":\"https:\\\/\\\/gravelart.be\\\/fr\\\/product\\\/vivioclean-uv-c-18w\\\/#primaryimage\"},\"thumbnailUrl\":\"https:\\\/\\\/gravelart.be\\\/wp-content\\\/uploads\\\/2023\\\/02\\\/WEBSHOP_IMAGE_1-5741.jpg\",\"datePublished\":\"2023-02-02T08:20:38+00:00\",\"dateModified\":\"2026-03-10T04:20:43+00:00\",\"description\":\"Bestel Vivioclean UV-C 18W voor jouw volgende tuinproject.\",\"breadcrumb\":{\"@id\":\"https:\\\/\\\/gravelart.be\\\/fr\\\/product\\\/vivioclean-uv-c-18w\\\/#breadcrumb\"},\"inLanguage\":\"fr-FR\",\"potentialAction\":[{\"@type\":\"ReadAction\",\"target\":[\"https:\\\/\\\/gravelart.be\\\/fr\\\/product\\\/vivioclean-uv-c-18w\\\/\"]}]},{\"@type\":\"ImageObject\",\"inLanguage\":\"fr-FR\",\"@id\":\"https:\\\/\\\/gravelart.be\\\/fr\\\/product\\\/vivioclean-uv-c-18w\\\/#primaryimage\",\"url\":\"https:\\\/\\\/gravelart.be\\\/wp-content\\\/uploads\\\/2023\\\/02\\\/WEBSHOP_IMAGE_1-5741.jpg\",\"contentUrl\":\"https:\\\/\\\/gravelart.be\\\/wp-content\\\/uploads\\\/2023\\\/02\\\/WEBSHOP_IMAGE_1-5741.jpg\",\"width\":2000,\"height\":2000},{\"@type\":\"BreadcrumbList\",\"@id\":\"https:\\\/\\\/gravelart.be\\\/fr\\\/product\\\/vivioclean-uv-c-18w\\\/#breadcrumb\",\"itemListElement\":[{\"@type\":\"ListItem\",\"position\":1,\"name\":\"Home\",\"item\":\"https:\\\/\\\/gravelart.be\\\/fr\\\/\"},{\"@type\":\"ListItem\",\"position\":2,\"name\":\"Produits\",\"item\":\"https:\\\/\\\/gravelart.be\\\/fr\\\/boutique\\\/\"},{\"@type\":\"ListItem\",\"position\":3,\"name\":\"Vivioclean UV-C 18W\"}]},{\"@type\":\"WebSite\",\"@id\":\"https:\\\/\\\/gravelart.be\\\/fr\\\/#website\",\"url\":\"https:\\\/\\\/gravelart.be\\\/fr\\\/\",\"name\":\"Gravelart\",\"description\":\"Alles voor tuin en park\",\"publisher\":{\"@id\":\"https:\\\/\\\/gravelart.be\\\/fr\\\/#organization\"},\"potentialAction\":[{\"@type\":\"SearchAction\",\"target\":{\"@type\":\"EntryPoint\",\"urlTemplate\":\"https:\\\/\\\/gravelart.be\\\/fr\\\/?s={search_term_string}\"},\"query-input\":{\"@type\":\"PropertyValueSpecification\",\"valueRequired\":true,\"valueName\":\"search_term_string\"}}],\"inLanguage\":\"fr-FR\"},{\"@type\":\"Organization\",\"@id\":\"https:\\\/\\\/gravelart.be\\\/fr\\\/#organization\",\"name\":\"Gravelart\",\"url\":\"https:\\\/\\\/gravelart.be\\\/fr\\\/\",\"logo\":{\"@type\":\"ImageObject\",\"inLanguage\":\"fr-FR\",\"@id\":\"https:\\\/\\\/gravelart.be\\\/fr\\\/#\\\/schema\\\/logo\\\/image\\\/\",\"url\":\"https:\\\/\\\/gravelart.be\\\/wp-content\\\/uploads\\\/2022\\\/10\\\/logo-gravelart.png\",\"contentUrl\":\"https:\\\/\\\/gravelart.be\\\/wp-content\\\/uploads\\\/2022\\\/10\\\/logo-gravelart.png\",\"width\":348,\"height\":186,\"caption\":\"Gravelart\"},\"image\":{\"@id\":\"https:\\\/\\\/gravelart.be\\\/fr\\\/#\\\/schema\\\/logo\\\/image\\\/\"}}]}<\/script>\n<!-- \/ Yoast SEO plugin. -->","yoast_head_json":{"title":"Vivioclean UV-C 18W - Gravelart","description":"Bestel Vivioclean UV-C 18W voor jouw volgende tuinproject.","robots":{"index":"index","follow":"follow","max-snippet":"max-snippet:-1","max-image-preview":"max-image-preview:large","max-video-preview":"max-video-preview:-1"},"canonical":"https:\/\/gravelart.be\/fr\/product\/vivioclean-uv-c-18w\/","og_locale":"fr_FR","og_type":"article","og_title":"Vivioclean UV-C 18W - Gravelart","og_description":"Bestel Vivioclean UV-C 18W voor jouw volgende tuinproject.","og_url":"https:\/\/gravelart.be\/fr\/product\/vivioclean-uv-c-18w\/","og_site_name":"Gravelart","article_modified_time":"2026-03-10T04:20:43+00:00","og_image":[{"width":2000,"height":2000,"url":"https:\/\/gravelart.be\/wp-content\/uploads\/2023\/02\/WEBSHOP_IMAGE_1-5741.jpg","type":"image\/jpeg"}],"twitter_card":"summary_large_image","schema":{"@context":"https:\/\/schema.org","@graph":[{"@type":"WebPage","@id":"https:\/\/gravelart.be\/fr\/product\/vivioclean-uv-c-18w\/","url":"https:\/\/gravelart.be\/fr\/product\/vivioclean-uv-c-18w\/","name":"Vivioclean UV-C 18W - Gravelart","isPartOf":{"@id":"https:\/\/gravelart.be\/fr\/#website"},"primaryImageOfPage":{"@id":"https:\/\/gravelart.be\/fr\/product\/vivioclean-uv-c-18w\/#primaryimage"},"image":{"@id":"https:\/\/gravelart.be\/fr\/product\/vivioclean-uv-c-18w\/#primaryimage"},"thumbnailUrl":"https:\/\/gravelart.be\/wp-content\/uploads\/2023\/02\/WEBSHOP_IMAGE_1-5741.jpg","datePublished":"2023-02-02T08:20:38+00:00","dateModified":"2026-03-10T04:20:43+00:00","description":"Bestel Vivioclean UV-C 18W voor jouw volgende tuinproject.","breadcrumb":{"@id":"https:\/\/gravelart.be\/fr\/product\/vivioclean-uv-c-18w\/#breadcrumb"},"inLanguage":"fr-FR","potentialAction":[{"@type":"ReadAction","target":["https:\/\/gravelart.be\/fr\/product\/vivioclean-uv-c-18w\/"]}]},{"@type":"ImageObject","inLanguage":"fr-FR","@id":"https:\/\/gravelart.be\/fr\/product\/vivioclean-uv-c-18w\/#primaryimage","url":"https:\/\/gravelart.be\/wp-content\/uploads\/2023\/02\/WEBSHOP_IMAGE_1-5741.jpg","contentUrl":"https:\/\/gravelart.be\/wp-content\/uploads\/2023\/02\/WEBSHOP_IMAGE_1-5741.jpg","width":2000,"height":2000},{"@type":"BreadcrumbList","@id":"https:\/\/gravelart.be\/fr\/product\/vivioclean-uv-c-18w\/#breadcrumb","itemListElement":[{"@type":"ListItem","position":1,"name":"Home","item":"https:\/\/gravelart.be\/fr\/"},{"@type":"ListItem","position":2,"name":"Produits","item":"https:\/\/gravelart.be\/fr\/boutique\/"},{"@type":"ListItem","position":3,"name":"Vivioclean UV-C 18W"}]},{"@type":"WebSite","@id":"https:\/\/gravelart.be\/fr\/#website","url":"https:\/\/gravelart.be\/fr\/","name":"Gravelart","description":"Alles voor tuin en park","publisher":{"@id":"https:\/\/gravelart.be\/fr\/#organization"},"potentialAction":[{"@type":"SearchAction","target":{"@type":"EntryPoint","urlTemplate":"https:\/\/gravelart.be\/fr\/?s={search_term_string}"},"query-input":{"@type":"PropertyValueSpecification","valueRequired":true,"valueName":"search_term_string"}}],"inLanguage":"fr-FR"},{"@type":"Organization","@id":"https:\/\/gravelart.be\/fr\/#organization","name":"Gravelart","url":"https:\/\/gravelart.be\/fr\/","logo":{"@type":"ImageObject","inLanguage":"fr-FR","@id":"https:\/\/gravelart.be\/fr\/#\/schema\/logo\/image\/","url":"https:\/\/gravelart.be\/wp-content\/uploads\/2022\/10\/logo-gravelart.png","contentUrl":"https:\/\/gravelart.be\/wp-content\/uploads\/2022\/10\/logo-gravelart.png","width":348,"height":186,"caption":"Gravelart"},"image":{"@id":"https:\/\/gravelart.be\/fr\/#\/schema\/logo\/image\/"}}]}},"_links":{"self":[{"href":"https:\/\/gravelart.be\/fr\/wp-json\/wp\/v2\/product\/33009","targetHints":{"allow":["GET"]}}],"collection":[{"href":"https:\/\/gravelart.be\/fr\/wp-json\/wp\/v2\/product"}],"about":[{"href":"https:\/\/gravelart.be\/fr\/wp-json\/wp\/v2\/types\/product"}],"replies":[{"embeddable":true,"href":"https:\/\/gravelart.be\/fr\/wp-json\/wp\/v2\/comments?post=33009"}],"wp:featuredmedia":[{"embeddable":true,"href":"https:\/\/gravelart.be\/fr\/wp-json\/wp\/v2\/media\/41309"}],"wp:attachment":[{"href":"https:\/\/gravelart.be\/fr\/wp-json\/wp\/v2\/media?parent=33009"}],"wp:term":[{"taxonomy":"product_brand","embeddable":true,"href":"https:\/\/gravelart.be\/fr\/wp-json\/wp\/v2\/product_brand?post=33009"},{"taxonomy":"product_cat","embeddable":true,"href":"https:\/\/gravelart.be\/fr\/wp-json\/wp\/v2\/product_cat?post=33009"},{"taxonomy":"product_tag","embeddable":true,"href":"https:\/\/gravelart.be\/fr\/wp-json\/wp\/v2\/product_tag?post=33009"}],"curies":[{"name":"wp","href":"https:\/\/api.w.org\/{rel}","templated":true}]}}