{"id":33027,"date":"2023-02-02T09:20:58","date_gmt":"2023-02-02T08:20:58","guid":{"rendered":"https:\/\/gravelart.be\/?post_type=product&#038;p=33027"},"modified":"2026-03-10T05:20:33","modified_gmt":"2026-03-10T04:20:33","slug":"nitto-medo-piston-pompe-a-air-la-80e","status":"publish","type":"product","link":"https:\/\/gravelart.be\/fr\/product\/nitto-medo-piston-pompe-a-air-la-80e\/","title":{"rendered":"Nitto Medo Piston Pompe \u00e0 Air LA-80E"},"content":{"rendered":"","protected":false},"excerpt":{"rendered":"<p>Ces pompes \u00e0 piston de la marque connue Nitto Kohki conviennent pour une utilisation en continu. Comme il n\u2019y a pas de membranes dans ces pompes, elles ne peuvent pas tomber en panne tout d\u2019un coup (c\u2019est le cas pour des pompes \u00e0 air classiques). Les pistons sont les seuls parties qui bougent. Les pompes sont soumises \u00e0 une certaine usure mais tournent beaucoup plus longtemps que les pompes \u00e0 air classiques avec membranes. Les pompes \u00e0 air Nitto sont tr\u00e8s fiables, robustes et silencieuses. elles sont conseill\u00e9es pour les \u00e9tangs de natation, pour les bassins \u00e0 ko\u00efs, pour les bassins de stockage de poissons et pour des installations individuelles pour le traitement des eaux us\u00e9es.<\/p>\n<ul>\n<li>Dimensions: 305 x 214 x 188 mm<\/li>\n<li>Puissance: 72 W<\/li>\n<li>Tension :230 V\/50 Hz<\/li>\n<li>Capacit\u00e9: 80 l\/min<\/li>\n<\/ul>\n","protected":false},"featured_media":41739,"comment_status":"open","ping_status":"closed","template":"","meta":{"_acf_changed":false,"inline_featured_image":false},"product_brand":[],"product_cat":[4136],"product_tag":[],"class_list":{"0":"post-33027","1":"product","2":"type-product","3":"status-publish","4":"has-post-thumbnail","6":"product_cat-pompes-a-air-pompes","8":"first","9":"instock","10":"taxable","11":"shipping-taxable","12":"purchasable","13":"product-type-variable","14":"has-default-attributes"},"acf":{"woocommerce_erp_id":"5976","woocommerce_cnk_id":"101243","product_density":1,"custom_prices":[{"variation_id":"41740","customer_group":"PRO","customer_id":"","min_qty":1,"max_qty":9999999,"steps":1,"price":333.7603,"price_incl":403.85,"delivery_group":"COLLECT","warehouse_id":""},{"variation_id":"41740","customer_group":"PRO","customer_id":"","min_qty":1,"max_qty":9999999,"steps":1,"price":333.7603,"price_incl":403.85,"delivery_group":"DELIVERY","warehouse_id":""},{"variation_id":"41740","customer_group":"DISTRI","customer_id":"129214","min_qty":1,"max_qty":9999999,"steps":1,"price":331.864,"price_incl":401.5554,"delivery_group":"DELIVERY","warehouse_id":""},{"variation_id":"41740","customer_group":"DISTRI","customer_id":"129214","min_qty":1,"max_qty":9999999,"steps":1,"price":331.864,"price_incl":401.5554,"delivery_group":"COLLECT","warehouse_id":""}],"packaging_ids":[{"packaging_name":"Pi\u00e8ce","packaging_id":"73","erp_id":"5976"}]},"yoast_head":"<!-- This site is optimized with the Yoast SEO plugin v27.3 - https:\/\/yoast.com\/product\/yoast-seo-wordpress\/ -->\n<title>Nitto Medo Piston Pompe \u00e0 Air LA-80E - Gravelart<\/title>\n<meta name=\"description\" content=\"Bestel Nitto Medo Piston Pompe \u00e0 Air LA-80E voor jouw volgende tuinproject.\" \/>\n<meta name=\"robots\" content=\"index, follow, max-snippet:-1, max-image-preview:large, max-video-preview:-1\" \/>\n<link rel=\"canonical\" href=\"https:\/\/gravelart.be\/fr\/product\/nitto-medo-piston-pompe-a-air-la-80e\/\" \/>\n<meta property=\"og:locale\" content=\"fr_FR\" \/>\n<meta property=\"og:type\" content=\"article\" \/>\n<meta property=\"og:title\" content=\"Nitto Medo Piston Pompe \u00e0 Air LA-80E - Gravelart\" \/>\n<meta property=\"og:description\" content=\"Bestel Nitto Medo Piston Pompe \u00e0 Air LA-80E voor jouw volgende tuinproject.\" \/>\n<meta property=\"og:url\" content=\"https:\/\/gravelart.be\/fr\/product\/nitto-medo-piston-pompe-a-air-la-80e\/\" \/>\n<meta property=\"og:site_name\" content=\"Gravelart\" \/>\n<meta property=\"article:modified_time\" content=\"2026-03-10T04:20:33+00:00\" \/>\n<meta property=\"og:image\" content=\"https:\/\/gravelart.be\/wp-content\/uploads\/2023\/02\/WEBSHOP_IMAGE_1-5976.jpg\" \/>\n\t<meta property=\"og:image:width\" content=\"1200\" \/>\n\t<meta property=\"og:image:height\" content=\"1200\" \/>\n\t<meta property=\"og:image:type\" content=\"image\/jpeg\" \/>\n<meta name=\"twitter:card\" content=\"summary_large_image\" \/>\n<script type=\"application\/ld+json\" class=\"yoast-schema-graph\">{\"@context\":\"https:\\\/\\\/schema.org\",\"@graph\":[{\"@type\":\"WebPage\",\"@id\":\"https:\\\/\\\/gravelart.be\\\/fr\\\/product\\\/nitto-medo-piston-pompe-a-air-la-80e\\\/\",\"url\":\"https:\\\/\\\/gravelart.be\\\/fr\\\/product\\\/nitto-medo-piston-pompe-a-air-la-80e\\\/\",\"name\":\"Nitto Medo Piston Pompe \u00e0 Air LA-80E - Gravelart\",\"isPartOf\":{\"@id\":\"https:\\\/\\\/gravelart.be\\\/fr\\\/#website\"},\"primaryImageOfPage\":{\"@id\":\"https:\\\/\\\/gravelart.be\\\/fr\\\/product\\\/nitto-medo-piston-pompe-a-air-la-80e\\\/#primaryimage\"},\"image\":{\"@id\":\"https:\\\/\\\/gravelart.be\\\/fr\\\/product\\\/nitto-medo-piston-pompe-a-air-la-80e\\\/#primaryimage\"},\"thumbnailUrl\":\"https:\\\/\\\/gravelart.be\\\/wp-content\\\/uploads\\\/2023\\\/02\\\/WEBSHOP_IMAGE_1-5976.jpg\",\"datePublished\":\"2023-02-02T08:20:58+00:00\",\"dateModified\":\"2026-03-10T04:20:33+00:00\",\"description\":\"Bestel Nitto Medo Piston Pompe \u00e0 Air LA-80E voor jouw volgende tuinproject.\",\"breadcrumb\":{\"@id\":\"https:\\\/\\\/gravelart.be\\\/fr\\\/product\\\/nitto-medo-piston-pompe-a-air-la-80e\\\/#breadcrumb\"},\"inLanguage\":\"fr-FR\",\"potentialAction\":[{\"@type\":\"ReadAction\",\"target\":[\"https:\\\/\\\/gravelart.be\\\/fr\\\/product\\\/nitto-medo-piston-pompe-a-air-la-80e\\\/\"]}]},{\"@type\":\"ImageObject\",\"inLanguage\":\"fr-FR\",\"@id\":\"https:\\\/\\\/gravelart.be\\\/fr\\\/product\\\/nitto-medo-piston-pompe-a-air-la-80e\\\/#primaryimage\",\"url\":\"https:\\\/\\\/gravelart.be\\\/wp-content\\\/uploads\\\/2023\\\/02\\\/WEBSHOP_IMAGE_1-5976.jpg\",\"contentUrl\":\"https:\\\/\\\/gravelart.be\\\/wp-content\\\/uploads\\\/2023\\\/02\\\/WEBSHOP_IMAGE_1-5976.jpg\",\"width\":1200,\"height\":1200},{\"@type\":\"BreadcrumbList\",\"@id\":\"https:\\\/\\\/gravelart.be\\\/fr\\\/product\\\/nitto-medo-piston-pompe-a-air-la-80e\\\/#breadcrumb\",\"itemListElement\":[{\"@type\":\"ListItem\",\"position\":1,\"name\":\"Home\",\"item\":\"https:\\\/\\\/gravelart.be\\\/fr\\\/\"},{\"@type\":\"ListItem\",\"position\":2,\"name\":\"Produits\",\"item\":\"https:\\\/\\\/gravelart.be\\\/fr\\\/boutique\\\/\"},{\"@type\":\"ListItem\",\"position\":3,\"name\":\"Nitto Medo Piston Pompe \u00e0 Air LA-80E\"}]},{\"@type\":\"WebSite\",\"@id\":\"https:\\\/\\\/gravelart.be\\\/fr\\\/#website\",\"url\":\"https:\\\/\\\/gravelart.be\\\/fr\\\/\",\"name\":\"Gravelart\",\"description\":\"Alles voor tuin en park\",\"publisher\":{\"@id\":\"https:\\\/\\\/gravelart.be\\\/fr\\\/#organization\"},\"potentialAction\":[{\"@type\":\"SearchAction\",\"target\":{\"@type\":\"EntryPoint\",\"urlTemplate\":\"https:\\\/\\\/gravelart.be\\\/fr\\\/?s={search_term_string}\"},\"query-input\":{\"@type\":\"PropertyValueSpecification\",\"valueRequired\":true,\"valueName\":\"search_term_string\"}}],\"inLanguage\":\"fr-FR\"},{\"@type\":\"Organization\",\"@id\":\"https:\\\/\\\/gravelart.be\\\/fr\\\/#organization\",\"name\":\"Gravelart\",\"url\":\"https:\\\/\\\/gravelart.be\\\/fr\\\/\",\"logo\":{\"@type\":\"ImageObject\",\"inLanguage\":\"fr-FR\",\"@id\":\"https:\\\/\\\/gravelart.be\\\/fr\\\/#\\\/schema\\\/logo\\\/image\\\/\",\"url\":\"https:\\\/\\\/gravelart.be\\\/wp-content\\\/uploads\\\/2022\\\/10\\\/logo-gravelart.png\",\"contentUrl\":\"https:\\\/\\\/gravelart.be\\\/wp-content\\\/uploads\\\/2022\\\/10\\\/logo-gravelart.png\",\"width\":348,\"height\":186,\"caption\":\"Gravelart\"},\"image\":{\"@id\":\"https:\\\/\\\/gravelart.be\\\/fr\\\/#\\\/schema\\\/logo\\\/image\\\/\"}}]}<\/script>\n<!-- \/ Yoast SEO plugin. -->","yoast_head_json":{"title":"Nitto Medo Piston Pompe \u00e0 Air LA-80E - Gravelart","description":"Bestel Nitto Medo Piston Pompe \u00e0 Air LA-80E voor jouw volgende tuinproject.","robots":{"index":"index","follow":"follow","max-snippet":"max-snippet:-1","max-image-preview":"max-image-preview:large","max-video-preview":"max-video-preview:-1"},"canonical":"https:\/\/gravelart.be\/fr\/product\/nitto-medo-piston-pompe-a-air-la-80e\/","og_locale":"fr_FR","og_type":"article","og_title":"Nitto Medo Piston Pompe \u00e0 Air LA-80E - Gravelart","og_description":"Bestel Nitto Medo Piston Pompe \u00e0 Air LA-80E voor jouw volgende tuinproject.","og_url":"https:\/\/gravelart.be\/fr\/product\/nitto-medo-piston-pompe-a-air-la-80e\/","og_site_name":"Gravelart","article_modified_time":"2026-03-10T04:20:33+00:00","og_image":[{"width":1200,"height":1200,"url":"https:\/\/gravelart.be\/wp-content\/uploads\/2023\/02\/WEBSHOP_IMAGE_1-5976.jpg","type":"image\/jpeg"}],"twitter_card":"summary_large_image","schema":{"@context":"https:\/\/schema.org","@graph":[{"@type":"WebPage","@id":"https:\/\/gravelart.be\/fr\/product\/nitto-medo-piston-pompe-a-air-la-80e\/","url":"https:\/\/gravelart.be\/fr\/product\/nitto-medo-piston-pompe-a-air-la-80e\/","name":"Nitto Medo Piston Pompe \u00e0 Air LA-80E - Gravelart","isPartOf":{"@id":"https:\/\/gravelart.be\/fr\/#website"},"primaryImageOfPage":{"@id":"https:\/\/gravelart.be\/fr\/product\/nitto-medo-piston-pompe-a-air-la-80e\/#primaryimage"},"image":{"@id":"https:\/\/gravelart.be\/fr\/product\/nitto-medo-piston-pompe-a-air-la-80e\/#primaryimage"},"thumbnailUrl":"https:\/\/gravelart.be\/wp-content\/uploads\/2023\/02\/WEBSHOP_IMAGE_1-5976.jpg","datePublished":"2023-02-02T08:20:58+00:00","dateModified":"2026-03-10T04:20:33+00:00","description":"Bestel Nitto Medo Piston Pompe \u00e0 Air LA-80E voor jouw volgende tuinproject.","breadcrumb":{"@id":"https:\/\/gravelart.be\/fr\/product\/nitto-medo-piston-pompe-a-air-la-80e\/#breadcrumb"},"inLanguage":"fr-FR","potentialAction":[{"@type":"ReadAction","target":["https:\/\/gravelart.be\/fr\/product\/nitto-medo-piston-pompe-a-air-la-80e\/"]}]},{"@type":"ImageObject","inLanguage":"fr-FR","@id":"https:\/\/gravelart.be\/fr\/product\/nitto-medo-piston-pompe-a-air-la-80e\/#primaryimage","url":"https:\/\/gravelart.be\/wp-content\/uploads\/2023\/02\/WEBSHOP_IMAGE_1-5976.jpg","contentUrl":"https:\/\/gravelart.be\/wp-content\/uploads\/2023\/02\/WEBSHOP_IMAGE_1-5976.jpg","width":1200,"height":1200},{"@type":"BreadcrumbList","@id":"https:\/\/gravelart.be\/fr\/product\/nitto-medo-piston-pompe-a-air-la-80e\/#breadcrumb","itemListElement":[{"@type":"ListItem","position":1,"name":"Home","item":"https:\/\/gravelart.be\/fr\/"},{"@type":"ListItem","position":2,"name":"Produits","item":"https:\/\/gravelart.be\/fr\/boutique\/"},{"@type":"ListItem","position":3,"name":"Nitto Medo Piston Pompe \u00e0 Air LA-80E"}]},{"@type":"WebSite","@id":"https:\/\/gravelart.be\/fr\/#website","url":"https:\/\/gravelart.be\/fr\/","name":"Gravelart","description":"Alles voor tuin en park","publisher":{"@id":"https:\/\/gravelart.be\/fr\/#organization"},"potentialAction":[{"@type":"SearchAction","target":{"@type":"EntryPoint","urlTemplate":"https:\/\/gravelart.be\/fr\/?s={search_term_string}"},"query-input":{"@type":"PropertyValueSpecification","valueRequired":true,"valueName":"search_term_string"}}],"inLanguage":"fr-FR"},{"@type":"Organization","@id":"https:\/\/gravelart.be\/fr\/#organization","name":"Gravelart","url":"https:\/\/gravelart.be\/fr\/","logo":{"@type":"ImageObject","inLanguage":"fr-FR","@id":"https:\/\/gravelart.be\/fr\/#\/schema\/logo\/image\/","url":"https:\/\/gravelart.be\/wp-content\/uploads\/2022\/10\/logo-gravelart.png","contentUrl":"https:\/\/gravelart.be\/wp-content\/uploads\/2022\/10\/logo-gravelart.png","width":348,"height":186,"caption":"Gravelart"},"image":{"@id":"https:\/\/gravelart.be\/fr\/#\/schema\/logo\/image\/"}}]}},"_links":{"self":[{"href":"https:\/\/gravelart.be\/fr\/wp-json\/wp\/v2\/product\/33027","targetHints":{"allow":["GET"]}}],"collection":[{"href":"https:\/\/gravelart.be\/fr\/wp-json\/wp\/v2\/product"}],"about":[{"href":"https:\/\/gravelart.be\/fr\/wp-json\/wp\/v2\/types\/product"}],"replies":[{"embeddable":true,"href":"https:\/\/gravelart.be\/fr\/wp-json\/wp\/v2\/comments?post=33027"}],"wp:featuredmedia":[{"embeddable":true,"href":"https:\/\/gravelart.be\/fr\/wp-json\/wp\/v2\/media\/41739"}],"wp:attachment":[{"href":"https:\/\/gravelart.be\/fr\/wp-json\/wp\/v2\/media?parent=33027"}],"wp:term":[{"taxonomy":"product_brand","embeddable":true,"href":"https:\/\/gravelart.be\/fr\/wp-json\/wp\/v2\/product_brand?post=33027"},{"taxonomy":"product_cat","embeddable":true,"href":"https:\/\/gravelart.be\/fr\/wp-json\/wp\/v2\/product_cat?post=33027"},{"taxonomy":"product_tag","embeddable":true,"href":"https:\/\/gravelart.be\/fr\/wp-json\/wp\/v2\/product_tag?post=33027"}],"curies":[{"name":"wp","href":"https:\/\/api.w.org\/{rel}","templated":true}]}}