{"id":33107,"date":"2023-02-02T09:22:29","date_gmt":"2023-02-02T08:22:29","guid":{"rendered":"https:\/\/gravelart.be\/?post_type=product&#038;p=33107"},"modified":"2026-04-18T05:30:37","modified_gmt":"2026-04-18T03:30:37","slug":"viviopress-pro-40-000-uv-55w-filtre-a-pression","status":"publish","type":"product","link":"https:\/\/gravelart.be\/fr\/product\/viviopress-pro-40-000-uv-55w-filtre-a-pression\/","title":{"rendered":"Viviopress Pro 40.000 + Uv 55W Filtre \u00e0 Pression"},"content":{"rendered":"","protected":false},"excerpt":{"rendered":"<p>Ce filtre \u00e0 pression est facile \u00e0 installer. Il reste suffisamment de pression c\u00f4t\u00e9 sortie pour diriger l&rsquo;eau vers une cascade plus haute. En outre, ces filtres sont \u00e9quip\u00e9s d&rsquo;un puissant syst\u00e8me UV-c int\u00e9gr\u00e9 qui \u00e9limine de l&rsquo;eau les algues microscopiques. Pour la facilit\u00e9 d&rsquo;entretien, ces filtres \u00e0 pression sont \u00e9quip\u00e9s d&rsquo;un indicateur de flux, d&rsquo;un indicateur d&rsquo;encrassement et d&rsquo;un indicateur de surpression. Autre \u00e9l\u00e9ment facilitant l&rsquo;entretien est le syst\u00e8me &lsquo;backwash&rsquo; avec poign\u00e9e externe.<\/p>\n<ul>\n<li>Contenu: 75 l<\/li>\n<li>Dimensions: Diam. 450 x H 715 mm<\/li>\n<li>Puissance: 60 W<\/li>\n<li>Tension: 230 V \/ 50 Hz<\/li>\n<li>D\u00e9bit: Max. 13000 l\/h<\/li>\n<li>Contenu du bassin: Bassins non-plant\u00e9s avec charge: 15 m\u00b3 &#8211; Bassins plant\u00e9s avec charge: 22 m\u00b3 &#8211; Bassins plant\u00e9s sans charge: 40 m\u00b3<\/li>\n<li>Type de lampe: 55 W<\/li>\n<li>Longueur c\u00e2ble: 5 m<\/li>\n<li>Embout: 2&Prime; &#8211; 25-32-40-50 mm<\/li>\n<li>H max.: Max. 2 m<\/li>\n<li>Embout \u00e0 coller: 32-50 mm<\/li>\n<\/ul>\n","protected":false},"featured_media":41127,"comment_status":"open","ping_status":"closed","template":"","meta":{"_acf_changed":false,"inline_featured_image":false},"product_brand":[],"product_cat":[4131],"product_tag":[],"class_list":{"0":"post-33107","1":"product","2":"type-product","3":"status-publish","4":"has-post-thumbnail","6":"product_cat-filtres-a-pression-traitement-de-leau","8":"first","9":"instock","10":"taxable","11":"shipping-taxable","12":"purchasable","13":"product-type-variable","14":"has-default-attributes"},"acf":{"woocommerce_erp_id":"5871","woocommerce_cnk_id":"101306","product_density":0,"custom_prices":[{"variation_id":"41130","customer_group":"PRO","customer_id":"","min_qty":1,"max_qty":9999999,"steps":1,"price":382.3606,"price_incl":462.6564,"delivery_group":"COLLECT","warehouse_id":""},{"variation_id":"41130","customer_group":"PRO","customer_id":"","min_qty":1,"max_qty":9999999,"steps":1,"price":382.3606,"price_incl":462.6564,"delivery_group":"DELIVERY","warehouse_id":""},{"variation_id":"41130","customer_group":"DISTRI","customer_id":"129214","min_qty":1,"max_qty":9999999,"steps":1,"price":325.8756,"price_incl":394.3094,"delivery_group":"DELIVERY","warehouse_id":""},{"variation_id":"41130","customer_group":"DISTRI","customer_id":"129214","min_qty":1,"max_qty":9999999,"steps":1,"price":325.8756,"price_incl":394.3094,"delivery_group":"COLLECT","warehouse_id":""},{"variation_id":"41130","customer_group":"DISTRI","customer_id":"","min_qty":1,"max_qty":9999999,"steps":1,"price":358.5,"price_incl":433.79,"delivery_group":"COLLECT","warehouse_id":"L"},{"variation_id":"41130","customer_group":"DISTRI","customer_id":"","min_qty":1,"max_qty":9999999,"steps":1,"price":358.5,"price_incl":433.79,"delivery_group":"DELIVERY","warehouse_id":"L"}],"packaging_ids":[{"packaging_name":"Pi\u00e8ce","packaging_id":"73","erp_id":"5871"}]},"yoast_head":"<!-- This site is optimized with the Yoast SEO plugin v27.3 - https:\/\/yoast.com\/product\/yoast-seo-wordpress\/ -->\n<title>Viviopress Pro 40.000 + Uv 55W Filtre \u00e0 Pression - Gravelart<\/title>\n<meta name=\"description\" content=\"Bestel Viviopress Pro 40.000 + Uv 55W Filtre \u00e0 Pression voor jouw volgende tuinproject.\" \/>\n<meta name=\"robots\" content=\"index, follow, max-snippet:-1, max-image-preview:large, max-video-preview:-1\" \/>\n<link rel=\"canonical\" href=\"https:\/\/gravelart.be\/fr\/product\/viviopress-pro-40-000-uv-55w-filtre-a-pression\/\" \/>\n<meta property=\"og:locale\" content=\"fr_FR\" \/>\n<meta property=\"og:type\" content=\"article\" \/>\n<meta property=\"og:title\" content=\"Viviopress Pro 40.000 + Uv 55W Filtre \u00e0 Pression - Gravelart\" \/>\n<meta property=\"og:description\" content=\"Bestel Viviopress Pro 40.000 + Uv 55W Filtre \u00e0 Pression voor jouw volgende tuinproject.\" \/>\n<meta property=\"og:url\" content=\"https:\/\/gravelart.be\/fr\/product\/viviopress-pro-40-000-uv-55w-filtre-a-pression\/\" \/>\n<meta property=\"og:site_name\" content=\"Gravelart\" \/>\n<meta property=\"article:modified_time\" content=\"2026-04-18T03:30:37+00:00\" \/>\n<meta property=\"og:image\" content=\"https:\/\/gravelart.be\/wp-content\/uploads\/2023\/02\/WEBSHOP_IMAGE_1-5871.jpg\" \/>\n\t<meta property=\"og:image:width\" content=\"1100\" \/>\n\t<meta property=\"og:image:height\" content=\"1100\" \/>\n\t<meta property=\"og:image:type\" content=\"image\/jpeg\" \/>\n<meta name=\"twitter:card\" content=\"summary_large_image\" \/>\n<script type=\"application\/ld+json\" class=\"yoast-schema-graph\">{\"@context\":\"https:\\\/\\\/schema.org\",\"@graph\":[{\"@type\":\"WebPage\",\"@id\":\"https:\\\/\\\/gravelart.be\\\/fr\\\/product\\\/viviopress-pro-40-000-uv-55w-filtre-a-pression\\\/\",\"url\":\"https:\\\/\\\/gravelart.be\\\/fr\\\/product\\\/viviopress-pro-40-000-uv-55w-filtre-a-pression\\\/\",\"name\":\"Viviopress Pro 40.000 + Uv 55W Filtre \u00e0 Pression - Gravelart\",\"isPartOf\":{\"@id\":\"https:\\\/\\\/gravelart.be\\\/fr\\\/#website\"},\"primaryImageOfPage\":{\"@id\":\"https:\\\/\\\/gravelart.be\\\/fr\\\/product\\\/viviopress-pro-40-000-uv-55w-filtre-a-pression\\\/#primaryimage\"},\"image\":{\"@id\":\"https:\\\/\\\/gravelart.be\\\/fr\\\/product\\\/viviopress-pro-40-000-uv-55w-filtre-a-pression\\\/#primaryimage\"},\"thumbnailUrl\":\"https:\\\/\\\/gravelart.be\\\/wp-content\\\/uploads\\\/2023\\\/02\\\/WEBSHOP_IMAGE_1-5871.jpg\",\"datePublished\":\"2023-02-02T08:22:29+00:00\",\"dateModified\":\"2026-04-18T03:30:37+00:00\",\"description\":\"Bestel Viviopress Pro 40.000 + Uv 55W Filtre \u00e0 Pression voor jouw volgende tuinproject.\",\"breadcrumb\":{\"@id\":\"https:\\\/\\\/gravelart.be\\\/fr\\\/product\\\/viviopress-pro-40-000-uv-55w-filtre-a-pression\\\/#breadcrumb\"},\"inLanguage\":\"fr-FR\",\"potentialAction\":[{\"@type\":\"ReadAction\",\"target\":[\"https:\\\/\\\/gravelart.be\\\/fr\\\/product\\\/viviopress-pro-40-000-uv-55w-filtre-a-pression\\\/\"]}]},{\"@type\":\"ImageObject\",\"inLanguage\":\"fr-FR\",\"@id\":\"https:\\\/\\\/gravelart.be\\\/fr\\\/product\\\/viviopress-pro-40-000-uv-55w-filtre-a-pression\\\/#primaryimage\",\"url\":\"https:\\\/\\\/gravelart.be\\\/wp-content\\\/uploads\\\/2023\\\/02\\\/WEBSHOP_IMAGE_1-5871.jpg\",\"contentUrl\":\"https:\\\/\\\/gravelart.be\\\/wp-content\\\/uploads\\\/2023\\\/02\\\/WEBSHOP_IMAGE_1-5871.jpg\",\"width\":1100,\"height\":1100},{\"@type\":\"BreadcrumbList\",\"@id\":\"https:\\\/\\\/gravelart.be\\\/fr\\\/product\\\/viviopress-pro-40-000-uv-55w-filtre-a-pression\\\/#breadcrumb\",\"itemListElement\":[{\"@type\":\"ListItem\",\"position\":1,\"name\":\"Home\",\"item\":\"https:\\\/\\\/gravelart.be\\\/fr\\\/\"},{\"@type\":\"ListItem\",\"position\":2,\"name\":\"Produits\",\"item\":\"https:\\\/\\\/gravelart.be\\\/fr\\\/boutique\\\/\"},{\"@type\":\"ListItem\",\"position\":3,\"name\":\"Viviopress Pro 40.000 + Uv 55W Filtre \u00e0 Pression\"}]},{\"@type\":\"WebSite\",\"@id\":\"https:\\\/\\\/gravelart.be\\\/fr\\\/#website\",\"url\":\"https:\\\/\\\/gravelart.be\\\/fr\\\/\",\"name\":\"Gravelart\",\"description\":\"Alles voor tuin en park\",\"publisher\":{\"@id\":\"https:\\\/\\\/gravelart.be\\\/fr\\\/#organization\"},\"potentialAction\":[{\"@type\":\"SearchAction\",\"target\":{\"@type\":\"EntryPoint\",\"urlTemplate\":\"https:\\\/\\\/gravelart.be\\\/fr\\\/?s={search_term_string}\"},\"query-input\":{\"@type\":\"PropertyValueSpecification\",\"valueRequired\":true,\"valueName\":\"search_term_string\"}}],\"inLanguage\":\"fr-FR\"},{\"@type\":\"Organization\",\"@id\":\"https:\\\/\\\/gravelart.be\\\/fr\\\/#organization\",\"name\":\"Gravelart\",\"url\":\"https:\\\/\\\/gravelart.be\\\/fr\\\/\",\"logo\":{\"@type\":\"ImageObject\",\"inLanguage\":\"fr-FR\",\"@id\":\"https:\\\/\\\/gravelart.be\\\/fr\\\/#\\\/schema\\\/logo\\\/image\\\/\",\"url\":\"https:\\\/\\\/gravelart.be\\\/wp-content\\\/uploads\\\/2022\\\/10\\\/logo-gravelart.png\",\"contentUrl\":\"https:\\\/\\\/gravelart.be\\\/wp-content\\\/uploads\\\/2022\\\/10\\\/logo-gravelart.png\",\"width\":348,\"height\":186,\"caption\":\"Gravelart\"},\"image\":{\"@id\":\"https:\\\/\\\/gravelart.be\\\/fr\\\/#\\\/schema\\\/logo\\\/image\\\/\"}}]}<\/script>\n<!-- \/ Yoast SEO plugin. -->","yoast_head_json":{"title":"Viviopress Pro 40.000 + Uv 55W Filtre \u00e0 Pression - Gravelart","description":"Bestel Viviopress Pro 40.000 + Uv 55W Filtre \u00e0 Pression voor jouw volgende tuinproject.","robots":{"index":"index","follow":"follow","max-snippet":"max-snippet:-1","max-image-preview":"max-image-preview:large","max-video-preview":"max-video-preview:-1"},"canonical":"https:\/\/gravelart.be\/fr\/product\/viviopress-pro-40-000-uv-55w-filtre-a-pression\/","og_locale":"fr_FR","og_type":"article","og_title":"Viviopress Pro 40.000 + Uv 55W Filtre \u00e0 Pression - Gravelart","og_description":"Bestel Viviopress Pro 40.000 + Uv 55W Filtre \u00e0 Pression voor jouw volgende tuinproject.","og_url":"https:\/\/gravelart.be\/fr\/product\/viviopress-pro-40-000-uv-55w-filtre-a-pression\/","og_site_name":"Gravelart","article_modified_time":"2026-04-18T03:30:37+00:00","og_image":[{"width":1100,"height":1100,"url":"https:\/\/gravelart.be\/wp-content\/uploads\/2023\/02\/WEBSHOP_IMAGE_1-5871.jpg","type":"image\/jpeg"}],"twitter_card":"summary_large_image","schema":{"@context":"https:\/\/schema.org","@graph":[{"@type":"WebPage","@id":"https:\/\/gravelart.be\/fr\/product\/viviopress-pro-40-000-uv-55w-filtre-a-pression\/","url":"https:\/\/gravelart.be\/fr\/product\/viviopress-pro-40-000-uv-55w-filtre-a-pression\/","name":"Viviopress Pro 40.000 + Uv 55W Filtre \u00e0 Pression - Gravelart","isPartOf":{"@id":"https:\/\/gravelart.be\/fr\/#website"},"primaryImageOfPage":{"@id":"https:\/\/gravelart.be\/fr\/product\/viviopress-pro-40-000-uv-55w-filtre-a-pression\/#primaryimage"},"image":{"@id":"https:\/\/gravelart.be\/fr\/product\/viviopress-pro-40-000-uv-55w-filtre-a-pression\/#primaryimage"},"thumbnailUrl":"https:\/\/gravelart.be\/wp-content\/uploads\/2023\/02\/WEBSHOP_IMAGE_1-5871.jpg","datePublished":"2023-02-02T08:22:29+00:00","dateModified":"2026-04-18T03:30:37+00:00","description":"Bestel Viviopress Pro 40.000 + Uv 55W Filtre \u00e0 Pression voor jouw volgende tuinproject.","breadcrumb":{"@id":"https:\/\/gravelart.be\/fr\/product\/viviopress-pro-40-000-uv-55w-filtre-a-pression\/#breadcrumb"},"inLanguage":"fr-FR","potentialAction":[{"@type":"ReadAction","target":["https:\/\/gravelart.be\/fr\/product\/viviopress-pro-40-000-uv-55w-filtre-a-pression\/"]}]},{"@type":"ImageObject","inLanguage":"fr-FR","@id":"https:\/\/gravelart.be\/fr\/product\/viviopress-pro-40-000-uv-55w-filtre-a-pression\/#primaryimage","url":"https:\/\/gravelart.be\/wp-content\/uploads\/2023\/02\/WEBSHOP_IMAGE_1-5871.jpg","contentUrl":"https:\/\/gravelart.be\/wp-content\/uploads\/2023\/02\/WEBSHOP_IMAGE_1-5871.jpg","width":1100,"height":1100},{"@type":"BreadcrumbList","@id":"https:\/\/gravelart.be\/fr\/product\/viviopress-pro-40-000-uv-55w-filtre-a-pression\/#breadcrumb","itemListElement":[{"@type":"ListItem","position":1,"name":"Home","item":"https:\/\/gravelart.be\/fr\/"},{"@type":"ListItem","position":2,"name":"Produits","item":"https:\/\/gravelart.be\/fr\/boutique\/"},{"@type":"ListItem","position":3,"name":"Viviopress Pro 40.000 + Uv 55W Filtre \u00e0 Pression"}]},{"@type":"WebSite","@id":"https:\/\/gravelart.be\/fr\/#website","url":"https:\/\/gravelart.be\/fr\/","name":"Gravelart","description":"Alles voor tuin en park","publisher":{"@id":"https:\/\/gravelart.be\/fr\/#organization"},"potentialAction":[{"@type":"SearchAction","target":{"@type":"EntryPoint","urlTemplate":"https:\/\/gravelart.be\/fr\/?s={search_term_string}"},"query-input":{"@type":"PropertyValueSpecification","valueRequired":true,"valueName":"search_term_string"}}],"inLanguage":"fr-FR"},{"@type":"Organization","@id":"https:\/\/gravelart.be\/fr\/#organization","name":"Gravelart","url":"https:\/\/gravelart.be\/fr\/","logo":{"@type":"ImageObject","inLanguage":"fr-FR","@id":"https:\/\/gravelart.be\/fr\/#\/schema\/logo\/image\/","url":"https:\/\/gravelart.be\/wp-content\/uploads\/2022\/10\/logo-gravelart.png","contentUrl":"https:\/\/gravelart.be\/wp-content\/uploads\/2022\/10\/logo-gravelart.png","width":348,"height":186,"caption":"Gravelart"},"image":{"@id":"https:\/\/gravelart.be\/fr\/#\/schema\/logo\/image\/"}}]}},"_links":{"self":[{"href":"https:\/\/gravelart.be\/fr\/wp-json\/wp\/v2\/product\/33107","targetHints":{"allow":["GET"]}}],"collection":[{"href":"https:\/\/gravelart.be\/fr\/wp-json\/wp\/v2\/product"}],"about":[{"href":"https:\/\/gravelart.be\/fr\/wp-json\/wp\/v2\/types\/product"}],"replies":[{"embeddable":true,"href":"https:\/\/gravelart.be\/fr\/wp-json\/wp\/v2\/comments?post=33107"}],"wp:featuredmedia":[{"embeddable":true,"href":"https:\/\/gravelart.be\/fr\/wp-json\/wp\/v2\/media\/41127"}],"wp:attachment":[{"href":"https:\/\/gravelart.be\/fr\/wp-json\/wp\/v2\/media?parent=33107"}],"wp:term":[{"taxonomy":"product_brand","embeddable":true,"href":"https:\/\/gravelart.be\/fr\/wp-json\/wp\/v2\/product_brand?post=33107"},{"taxonomy":"product_cat","embeddable":true,"href":"https:\/\/gravelart.be\/fr\/wp-json\/wp\/v2\/product_cat?post=33107"},{"taxonomy":"product_tag","embeddable":true,"href":"https:\/\/gravelart.be\/fr\/wp-json\/wp\/v2\/product_tag?post=33107"}],"curies":[{"name":"wp","href":"https:\/\/api.w.org\/{rel}","templated":true}]}}