{"id":33115,"date":"2023-02-02T09:22:38","date_gmt":"2023-02-02T08:22:38","guid":{"rendered":"https:\/\/gravelart.be\/?post_type=product&#038;p=33115"},"modified":"2026-04-21T05:30:36","modified_gmt":"2026-04-21T03:30:36","slug":"aspirateur-detang-dibo-1200","status":"publish","type":"product","link":"https:\/\/gravelart.be\/fr\/product\/aspirateur-detang-dibo-1200\/","title":{"rendered":"Aspirateur d&rsquo;\u00e9tang Dibo 1200"},"content":{"rendered":"","protected":false},"excerpt":{"rendered":"<p>Aspirateur d&rsquo;\u00e9tang convenant pour des bassins d\u2019agr\u00e9ment, de natation et \u00e0 ko\u00efs. Facile \u00e0 transporter. Toutes les accessoires inclues. Grand d\u00e9bit jusque 8000 l\/h. Peu de bruit et \u00e9conomique quant \u00e0 la consommation d\u2019\u00e9nergie. R\u00e9glable. Aspiration: 240 mbar.<br \/>\nAspiration jusque \u00e0 2,5 m de profondeur de feuilles et d\u00e9p\u00f4ts. La turbine aspire les boues et les d\u00e9chets dans le corps de l\u2019aspirateur. Une deuxi\u00e8me pompe pousse l\u2019eau dans le tuyau de sortie de 10m de long. Des grandes particules commes des feuilles restent dans un filet de r\u00e9tention \u00e0 l\u2019int\u00e9rieur de l\u2019aspirateur. Des particules plus fines (&lt; 5 mm) seront \u00e9vacu\u00e9es par le tuyau.<\/p>\n<p>Pour un r\u00e9sultat optimal et une utilisation ais\u00e9e, les accessoires suivantes sont recommand\u00e9: un \u00e9l\u00e9ment aspirateur avec des brosses \u00e0 c\u00f4t\u00e9, fix\u00e9 sur un manche t\u00e9lescopique de 4 m. Pour une filtration suppl\u00e9mentaire, on peut fixer un chausson filtrant sur le tuyau de sortie.<\/p>\n<p>Capacit\u00e9: 50l<br \/>\nPuissance: 1300 W<br \/>\nD\u00e9bit: max. 14000 l\/h<br \/>\nPression: 230mBar<br \/>\nH max: 9m<\/p>\n","protected":false},"featured_media":41360,"comment_status":"open","ping_status":"closed","template":"","meta":{"_acf_changed":false,"inline_featured_image":false},"product_brand":[],"product_cat":[4140],"product_tag":[],"class_list":{"0":"post-33115","1":"product","2":"type-product","3":"status-publish","4":"has-post-thumbnail","6":"product_cat-entretien-etangs","8":"first","9":"instock","10":"taxable","11":"shipping-taxable","12":"purchasable","13":"product-type-variable","14":"has-default-attributes"},"acf":{"woocommerce_erp_id":"6298","woocommerce_cnk_id":"101315","product_density":0,"custom_prices":[{"variation_id":"41363","customer_group":"PRO","customer_id":"","min_qty":1,"max_qty":9999999,"steps":1,"price":959.89,"price_incl":1161.47,"delivery_group":"COLLECT","warehouse_id":""},{"variation_id":"41363","customer_group":"PRO","customer_id":"","min_qty":1,"max_qty":9999999,"steps":1,"price":959.89,"price_incl":1161.47,"delivery_group":"DELIVERY","warehouse_id":""},{"variation_id":"41363","customer_group":"DISTRI","customer_id":"129214","min_qty":1,"max_qty":9999999,"steps":1,"price":872.6273,"price_incl":1055.879,"delivery_group":"DELIVERY","warehouse_id":""},{"variation_id":"41363","customer_group":"DISTRI","customer_id":"129214","min_qty":1,"max_qty":9999999,"steps":1,"price":872.6273,"price_incl":1055.879,"delivery_group":"COLLECT","warehouse_id":""}],"packaging_ids":[{"packaging_name":"Pi\u00e8ce","packaging_id":"73","erp_id":"6298"}]},"yoast_head":"<!-- This site is optimized with the Yoast SEO plugin v27.3 - https:\/\/yoast.com\/product\/yoast-seo-wordpress\/ -->\n<title>Aspirateur d&#039;\u00e9tang Dibo 1200 - Gravelart<\/title>\n<meta name=\"description\" content=\"Bestel Aspirateur d&#039;\u00e9tang Dibo 1200 voor jouw volgende tuinproject.\" \/>\n<meta name=\"robots\" content=\"index, follow, max-snippet:-1, max-image-preview:large, max-video-preview:-1\" \/>\n<link rel=\"canonical\" href=\"https:\/\/gravelart.be\/fr\/product\/aspirateur-detang-dibo-1200\/\" \/>\n<meta property=\"og:locale\" content=\"fr_FR\" \/>\n<meta property=\"og:type\" content=\"article\" \/>\n<meta property=\"og:title\" content=\"Aspirateur d&#039;\u00e9tang Dibo 1200 - Gravelart\" \/>\n<meta property=\"og:description\" content=\"Bestel Aspirateur d&#039;\u00e9tang Dibo 1200 voor jouw volgende tuinproject.\" \/>\n<meta property=\"og:url\" content=\"https:\/\/gravelart.be\/fr\/product\/aspirateur-detang-dibo-1200\/\" \/>\n<meta property=\"og:site_name\" content=\"Gravelart\" \/>\n<meta property=\"article:modified_time\" content=\"2026-04-21T03:30:36+00:00\" \/>\n<meta property=\"og:image\" content=\"https:\/\/gravelart.be\/wp-content\/uploads\/2023\/02\/WEBSHOP_IMAGE_1-6298.jpg\" \/>\n\t<meta property=\"og:image:width\" content=\"1486\" \/>\n\t<meta property=\"og:image:height\" content=\"1486\" \/>\n\t<meta property=\"og:image:type\" content=\"image\/jpeg\" \/>\n<meta name=\"twitter:card\" content=\"summary_large_image\" \/>\n<script type=\"application\/ld+json\" class=\"yoast-schema-graph\">{\"@context\":\"https:\\\/\\\/schema.org\",\"@graph\":[{\"@type\":\"WebPage\",\"@id\":\"https:\\\/\\\/gravelart.be\\\/fr\\\/product\\\/aspirateur-detang-dibo-1200\\\/\",\"url\":\"https:\\\/\\\/gravelart.be\\\/fr\\\/product\\\/aspirateur-detang-dibo-1200\\\/\",\"name\":\"Aspirateur d'\u00e9tang Dibo 1200 - Gravelart\",\"isPartOf\":{\"@id\":\"https:\\\/\\\/gravelart.be\\\/fr\\\/#website\"},\"primaryImageOfPage\":{\"@id\":\"https:\\\/\\\/gravelart.be\\\/fr\\\/product\\\/aspirateur-detang-dibo-1200\\\/#primaryimage\"},\"image\":{\"@id\":\"https:\\\/\\\/gravelart.be\\\/fr\\\/product\\\/aspirateur-detang-dibo-1200\\\/#primaryimage\"},\"thumbnailUrl\":\"https:\\\/\\\/gravelart.be\\\/wp-content\\\/uploads\\\/2023\\\/02\\\/WEBSHOP_IMAGE_1-6298.jpg\",\"datePublished\":\"2023-02-02T08:22:38+00:00\",\"dateModified\":\"2026-04-21T03:30:36+00:00\",\"description\":\"Bestel Aspirateur d'\u00e9tang Dibo 1200 voor jouw volgende tuinproject.\",\"breadcrumb\":{\"@id\":\"https:\\\/\\\/gravelart.be\\\/fr\\\/product\\\/aspirateur-detang-dibo-1200\\\/#breadcrumb\"},\"inLanguage\":\"fr-FR\",\"potentialAction\":[{\"@type\":\"ReadAction\",\"target\":[\"https:\\\/\\\/gravelart.be\\\/fr\\\/product\\\/aspirateur-detang-dibo-1200\\\/\"]}]},{\"@type\":\"ImageObject\",\"inLanguage\":\"fr-FR\",\"@id\":\"https:\\\/\\\/gravelart.be\\\/fr\\\/product\\\/aspirateur-detang-dibo-1200\\\/#primaryimage\",\"url\":\"https:\\\/\\\/gravelart.be\\\/wp-content\\\/uploads\\\/2023\\\/02\\\/WEBSHOP_IMAGE_1-6298.jpg\",\"contentUrl\":\"https:\\\/\\\/gravelart.be\\\/wp-content\\\/uploads\\\/2023\\\/02\\\/WEBSHOP_IMAGE_1-6298.jpg\",\"width\":1486,\"height\":1486},{\"@type\":\"BreadcrumbList\",\"@id\":\"https:\\\/\\\/gravelart.be\\\/fr\\\/product\\\/aspirateur-detang-dibo-1200\\\/#breadcrumb\",\"itemListElement\":[{\"@type\":\"ListItem\",\"position\":1,\"name\":\"Home\",\"item\":\"https:\\\/\\\/gravelart.be\\\/fr\\\/\"},{\"@type\":\"ListItem\",\"position\":2,\"name\":\"Produits\",\"item\":\"https:\\\/\\\/gravelart.be\\\/fr\\\/boutique\\\/\"},{\"@type\":\"ListItem\",\"position\":3,\"name\":\"Aspirateur d&#8217;\u00e9tang Dibo 1200\"}]},{\"@type\":\"WebSite\",\"@id\":\"https:\\\/\\\/gravelart.be\\\/fr\\\/#website\",\"url\":\"https:\\\/\\\/gravelart.be\\\/fr\\\/\",\"name\":\"Gravelart\",\"description\":\"Alles voor tuin en park\",\"publisher\":{\"@id\":\"https:\\\/\\\/gravelart.be\\\/fr\\\/#organization\"},\"potentialAction\":[{\"@type\":\"SearchAction\",\"target\":{\"@type\":\"EntryPoint\",\"urlTemplate\":\"https:\\\/\\\/gravelart.be\\\/fr\\\/?s={search_term_string}\"},\"query-input\":{\"@type\":\"PropertyValueSpecification\",\"valueRequired\":true,\"valueName\":\"search_term_string\"}}],\"inLanguage\":\"fr-FR\"},{\"@type\":\"Organization\",\"@id\":\"https:\\\/\\\/gravelart.be\\\/fr\\\/#organization\",\"name\":\"Gravelart\",\"url\":\"https:\\\/\\\/gravelart.be\\\/fr\\\/\",\"logo\":{\"@type\":\"ImageObject\",\"inLanguage\":\"fr-FR\",\"@id\":\"https:\\\/\\\/gravelart.be\\\/fr\\\/#\\\/schema\\\/logo\\\/image\\\/\",\"url\":\"https:\\\/\\\/gravelart.be\\\/wp-content\\\/uploads\\\/2022\\\/10\\\/logo-gravelart.png\",\"contentUrl\":\"https:\\\/\\\/gravelart.be\\\/wp-content\\\/uploads\\\/2022\\\/10\\\/logo-gravelart.png\",\"width\":348,\"height\":186,\"caption\":\"Gravelart\"},\"image\":{\"@id\":\"https:\\\/\\\/gravelart.be\\\/fr\\\/#\\\/schema\\\/logo\\\/image\\\/\"}}]}<\/script>\n<!-- \/ Yoast SEO plugin. -->","yoast_head_json":{"title":"Aspirateur d'\u00e9tang Dibo 1200 - Gravelart","description":"Bestel Aspirateur d'\u00e9tang Dibo 1200 voor jouw volgende tuinproject.","robots":{"index":"index","follow":"follow","max-snippet":"max-snippet:-1","max-image-preview":"max-image-preview:large","max-video-preview":"max-video-preview:-1"},"canonical":"https:\/\/gravelart.be\/fr\/product\/aspirateur-detang-dibo-1200\/","og_locale":"fr_FR","og_type":"article","og_title":"Aspirateur d'\u00e9tang Dibo 1200 - Gravelart","og_description":"Bestel Aspirateur d'\u00e9tang Dibo 1200 voor jouw volgende tuinproject.","og_url":"https:\/\/gravelart.be\/fr\/product\/aspirateur-detang-dibo-1200\/","og_site_name":"Gravelart","article_modified_time":"2026-04-21T03:30:36+00:00","og_image":[{"width":1486,"height":1486,"url":"https:\/\/gravelart.be\/wp-content\/uploads\/2023\/02\/WEBSHOP_IMAGE_1-6298.jpg","type":"image\/jpeg"}],"twitter_card":"summary_large_image","schema":{"@context":"https:\/\/schema.org","@graph":[{"@type":"WebPage","@id":"https:\/\/gravelart.be\/fr\/product\/aspirateur-detang-dibo-1200\/","url":"https:\/\/gravelart.be\/fr\/product\/aspirateur-detang-dibo-1200\/","name":"Aspirateur d'\u00e9tang Dibo 1200 - Gravelart","isPartOf":{"@id":"https:\/\/gravelart.be\/fr\/#website"},"primaryImageOfPage":{"@id":"https:\/\/gravelart.be\/fr\/product\/aspirateur-detang-dibo-1200\/#primaryimage"},"image":{"@id":"https:\/\/gravelart.be\/fr\/product\/aspirateur-detang-dibo-1200\/#primaryimage"},"thumbnailUrl":"https:\/\/gravelart.be\/wp-content\/uploads\/2023\/02\/WEBSHOP_IMAGE_1-6298.jpg","datePublished":"2023-02-02T08:22:38+00:00","dateModified":"2026-04-21T03:30:36+00:00","description":"Bestel Aspirateur d'\u00e9tang Dibo 1200 voor jouw volgende tuinproject.","breadcrumb":{"@id":"https:\/\/gravelart.be\/fr\/product\/aspirateur-detang-dibo-1200\/#breadcrumb"},"inLanguage":"fr-FR","potentialAction":[{"@type":"ReadAction","target":["https:\/\/gravelart.be\/fr\/product\/aspirateur-detang-dibo-1200\/"]}]},{"@type":"ImageObject","inLanguage":"fr-FR","@id":"https:\/\/gravelart.be\/fr\/product\/aspirateur-detang-dibo-1200\/#primaryimage","url":"https:\/\/gravelart.be\/wp-content\/uploads\/2023\/02\/WEBSHOP_IMAGE_1-6298.jpg","contentUrl":"https:\/\/gravelart.be\/wp-content\/uploads\/2023\/02\/WEBSHOP_IMAGE_1-6298.jpg","width":1486,"height":1486},{"@type":"BreadcrumbList","@id":"https:\/\/gravelart.be\/fr\/product\/aspirateur-detang-dibo-1200\/#breadcrumb","itemListElement":[{"@type":"ListItem","position":1,"name":"Home","item":"https:\/\/gravelart.be\/fr\/"},{"@type":"ListItem","position":2,"name":"Produits","item":"https:\/\/gravelart.be\/fr\/boutique\/"},{"@type":"ListItem","position":3,"name":"Aspirateur d&#8217;\u00e9tang Dibo 1200"}]},{"@type":"WebSite","@id":"https:\/\/gravelart.be\/fr\/#website","url":"https:\/\/gravelart.be\/fr\/","name":"Gravelart","description":"Alles voor tuin en park","publisher":{"@id":"https:\/\/gravelart.be\/fr\/#organization"},"potentialAction":[{"@type":"SearchAction","target":{"@type":"EntryPoint","urlTemplate":"https:\/\/gravelart.be\/fr\/?s={search_term_string}"},"query-input":{"@type":"PropertyValueSpecification","valueRequired":true,"valueName":"search_term_string"}}],"inLanguage":"fr-FR"},{"@type":"Organization","@id":"https:\/\/gravelart.be\/fr\/#organization","name":"Gravelart","url":"https:\/\/gravelart.be\/fr\/","logo":{"@type":"ImageObject","inLanguage":"fr-FR","@id":"https:\/\/gravelart.be\/fr\/#\/schema\/logo\/image\/","url":"https:\/\/gravelart.be\/wp-content\/uploads\/2022\/10\/logo-gravelart.png","contentUrl":"https:\/\/gravelart.be\/wp-content\/uploads\/2022\/10\/logo-gravelart.png","width":348,"height":186,"caption":"Gravelart"},"image":{"@id":"https:\/\/gravelart.be\/fr\/#\/schema\/logo\/image\/"}}]}},"_links":{"self":[{"href":"https:\/\/gravelart.be\/fr\/wp-json\/wp\/v2\/product\/33115","targetHints":{"allow":["GET"]}}],"collection":[{"href":"https:\/\/gravelart.be\/fr\/wp-json\/wp\/v2\/product"}],"about":[{"href":"https:\/\/gravelart.be\/fr\/wp-json\/wp\/v2\/types\/product"}],"replies":[{"embeddable":true,"href":"https:\/\/gravelart.be\/fr\/wp-json\/wp\/v2\/comments?post=33115"}],"wp:featuredmedia":[{"embeddable":true,"href":"https:\/\/gravelart.be\/fr\/wp-json\/wp\/v2\/media\/41360"}],"wp:attachment":[{"href":"https:\/\/gravelart.be\/fr\/wp-json\/wp\/v2\/media?parent=33115"}],"wp:term":[{"taxonomy":"product_brand","embeddable":true,"href":"https:\/\/gravelart.be\/fr\/wp-json\/wp\/v2\/product_brand?post=33115"},{"taxonomy":"product_cat","embeddable":true,"href":"https:\/\/gravelart.be\/fr\/wp-json\/wp\/v2\/product_cat?post=33115"},{"taxonomy":"product_tag","embeddable":true,"href":"https:\/\/gravelart.be\/fr\/wp-json\/wp\/v2\/product_tag?post=33115"}],"curies":[{"name":"wp","href":"https:\/\/api.w.org\/{rel}","templated":true}]}}