{"id":33155,"date":"2023-02-02T09:23:20","date_gmt":"2023-02-02T08:23:20","guid":{"rendered":"https:\/\/gravelart.be\/?post_type=product&#038;p=33155"},"modified":"2026-04-17T05:30:12","modified_gmt":"2026-04-17T03:30:12","slug":"nirox-amalgam-80w","status":"publish","type":"product","link":"https:\/\/gravelart.be\/fr\/product\/nirox-amalgam-80w\/","title":{"rendered":"Nirox Amalgam 80W"},"content":{"rendered":"","protected":false},"excerpt":{"rendered":"<p>Les syst\u00e8mes NiroX UV-c Amalgam sont le sommet en ce qui concerne le traitement de l&rsquo;eau. Efficacit\u00e9 optimale \u00e0 toutes les temp\u00e9ratures. La lampe a une dur\u00e9e de vie de 12.000 heures. Extra solide et fait en inox.<\/p>\n<ul>\n<li>Masse sp\u00e9cifique: 1,00 tonne\/m\u00b3<\/li>\n<li>Dimensions: 84 cm de hauteur x 19 cm de largeur x 24 cm de profondeur<\/li>\n<li>Mat\u00e9riau: ABS et acier inoxydable 316L<\/li>\n<li>Capacit\u00e9: 40 m\u00b3\/h<\/li>\n<li>Pression: 3 bar<\/li>\n<li>Etanch\u00e9it\u00e9: IP 56<\/li>\n<\/ul>\n","protected":false},"featured_media":41264,"comment_status":"open","ping_status":"closed","template":"","meta":{"_acf_changed":false,"inline_featured_image":false},"product_brand":[],"product_cat":[4146],"product_tag":[],"class_list":{"0":"post-33155","1":"product","2":"type-product","3":"status-publish","4":"has-post-thumbnail","6":"product_cat-appareils-uv-c-traitement-de-leau-etangs","8":"first","9":"instock","10":"taxable","11":"shipping-taxable","12":"purchasable","13":"product-type-variable","14":"has-default-attributes"},"acf":{"woocommerce_erp_id":"5979","woocommerce_cnk_id":"101368","product_density":1,"custom_prices":[{"variation_id":"41267","customer_group":"PRO","customer_id":"","min_qty":1,"max_qty":9999999,"steps":1,"price":1204.5322,"price_incl":1457.484,"delivery_group":"COLLECT","warehouse_id":""},{"variation_id":"41267","customer_group":"PRO","customer_id":"","min_qty":1,"max_qty":9999999,"steps":1,"price":1204.5322,"price_incl":1457.484,"delivery_group":"DELIVERY","warehouse_id":""},{"variation_id":"41267","customer_group":"DISTRI","customer_id":"129214","min_qty":1,"max_qty":9999999,"steps":1,"price":1026.59,"price_incl":1242.1739,"delivery_group":"DELIVERY","warehouse_id":""},{"variation_id":"41267","customer_group":"DISTRI","customer_id":"129214","min_qty":1,"max_qty":9999999,"steps":1,"price":1026.59,"price_incl":1242.1739,"delivery_group":"COLLECT","warehouse_id":""}],"packaging_ids":[{"packaging_name":"Pi\u00e8ce","packaging_id":"73","erp_id":"5979"}]},"yoast_head":"<!-- This site is optimized with the Yoast SEO plugin v27.3 - https:\/\/yoast.com\/product\/yoast-seo-wordpress\/ -->\n<title>Nirox Amalgam 80W - Gravelart<\/title>\n<meta name=\"description\" content=\"Bestel Nirox Amalgam 80W voor jouw volgende tuinproject.\" \/>\n<meta name=\"robots\" content=\"index, follow, max-snippet:-1, max-image-preview:large, max-video-preview:-1\" \/>\n<link rel=\"canonical\" href=\"https:\/\/gravelart.be\/fr\/product\/nirox-amalgam-80w\/\" \/>\n<meta property=\"og:locale\" content=\"fr_FR\" \/>\n<meta property=\"og:type\" content=\"article\" \/>\n<meta property=\"og:title\" content=\"Nirox Amalgam 80W - Gravelart\" \/>\n<meta property=\"og:description\" content=\"Bestel Nirox Amalgam 80W voor jouw volgende tuinproject.\" \/>\n<meta property=\"og:url\" content=\"https:\/\/gravelart.be\/fr\/product\/nirox-amalgam-80w\/\" \/>\n<meta property=\"og:site_name\" content=\"Gravelart\" \/>\n<meta property=\"article:modified_time\" content=\"2026-04-17T03:30:12+00:00\" \/>\n<meta property=\"og:image\" content=\"https:\/\/gravelart.be\/wp-content\/uploads\/2023\/02\/WEBSHOP_IMAGE_1-5979.jpg\" \/>\n\t<meta property=\"og:image:width\" content=\"500\" \/>\n\t<meta property=\"og:image:height\" content=\"500\" \/>\n\t<meta property=\"og:image:type\" content=\"image\/jpeg\" \/>\n<meta name=\"twitter:card\" content=\"summary_large_image\" \/>\n<script type=\"application\/ld+json\" class=\"yoast-schema-graph\">{\"@context\":\"https:\\\/\\\/schema.org\",\"@graph\":[{\"@type\":\"WebPage\",\"@id\":\"https:\\\/\\\/gravelart.be\\\/fr\\\/product\\\/nirox-amalgam-80w\\\/\",\"url\":\"https:\\\/\\\/gravelart.be\\\/fr\\\/product\\\/nirox-amalgam-80w\\\/\",\"name\":\"Nirox Amalgam 80W - Gravelart\",\"isPartOf\":{\"@id\":\"https:\\\/\\\/gravelart.be\\\/fr\\\/#website\"},\"primaryImageOfPage\":{\"@id\":\"https:\\\/\\\/gravelart.be\\\/fr\\\/product\\\/nirox-amalgam-80w\\\/#primaryimage\"},\"image\":{\"@id\":\"https:\\\/\\\/gravelart.be\\\/fr\\\/product\\\/nirox-amalgam-80w\\\/#primaryimage\"},\"thumbnailUrl\":\"https:\\\/\\\/gravelart.be\\\/wp-content\\\/uploads\\\/2023\\\/02\\\/WEBSHOP_IMAGE_1-5979.jpg\",\"datePublished\":\"2023-02-02T08:23:20+00:00\",\"dateModified\":\"2026-04-17T03:30:12+00:00\",\"description\":\"Bestel Nirox Amalgam 80W voor jouw volgende tuinproject.\",\"breadcrumb\":{\"@id\":\"https:\\\/\\\/gravelart.be\\\/fr\\\/product\\\/nirox-amalgam-80w\\\/#breadcrumb\"},\"inLanguage\":\"fr-FR\",\"potentialAction\":[{\"@type\":\"ReadAction\",\"target\":[\"https:\\\/\\\/gravelart.be\\\/fr\\\/product\\\/nirox-amalgam-80w\\\/\"]}]},{\"@type\":\"ImageObject\",\"inLanguage\":\"fr-FR\",\"@id\":\"https:\\\/\\\/gravelart.be\\\/fr\\\/product\\\/nirox-amalgam-80w\\\/#primaryimage\",\"url\":\"https:\\\/\\\/gravelart.be\\\/wp-content\\\/uploads\\\/2023\\\/02\\\/WEBSHOP_IMAGE_1-5979.jpg\",\"contentUrl\":\"https:\\\/\\\/gravelart.be\\\/wp-content\\\/uploads\\\/2023\\\/02\\\/WEBSHOP_IMAGE_1-5979.jpg\",\"width\":500,\"height\":500},{\"@type\":\"BreadcrumbList\",\"@id\":\"https:\\\/\\\/gravelart.be\\\/fr\\\/product\\\/nirox-amalgam-80w\\\/#breadcrumb\",\"itemListElement\":[{\"@type\":\"ListItem\",\"position\":1,\"name\":\"Home\",\"item\":\"https:\\\/\\\/gravelart.be\\\/fr\\\/\"},{\"@type\":\"ListItem\",\"position\":2,\"name\":\"Produits\",\"item\":\"https:\\\/\\\/gravelart.be\\\/fr\\\/boutique\\\/\"},{\"@type\":\"ListItem\",\"position\":3,\"name\":\"Nirox Amalgam 80W\"}]},{\"@type\":\"WebSite\",\"@id\":\"https:\\\/\\\/gravelart.be\\\/fr\\\/#website\",\"url\":\"https:\\\/\\\/gravelart.be\\\/fr\\\/\",\"name\":\"Gravelart\",\"description\":\"Alles voor tuin en park\",\"publisher\":{\"@id\":\"https:\\\/\\\/gravelart.be\\\/fr\\\/#organization\"},\"potentialAction\":[{\"@type\":\"SearchAction\",\"target\":{\"@type\":\"EntryPoint\",\"urlTemplate\":\"https:\\\/\\\/gravelart.be\\\/fr\\\/?s={search_term_string}\"},\"query-input\":{\"@type\":\"PropertyValueSpecification\",\"valueRequired\":true,\"valueName\":\"search_term_string\"}}],\"inLanguage\":\"fr-FR\"},{\"@type\":\"Organization\",\"@id\":\"https:\\\/\\\/gravelart.be\\\/fr\\\/#organization\",\"name\":\"Gravelart\",\"url\":\"https:\\\/\\\/gravelart.be\\\/fr\\\/\",\"logo\":{\"@type\":\"ImageObject\",\"inLanguage\":\"fr-FR\",\"@id\":\"https:\\\/\\\/gravelart.be\\\/fr\\\/#\\\/schema\\\/logo\\\/image\\\/\",\"url\":\"https:\\\/\\\/gravelart.be\\\/wp-content\\\/uploads\\\/2022\\\/10\\\/logo-gravelart.png\",\"contentUrl\":\"https:\\\/\\\/gravelart.be\\\/wp-content\\\/uploads\\\/2022\\\/10\\\/logo-gravelart.png\",\"width\":348,\"height\":186,\"caption\":\"Gravelart\"},\"image\":{\"@id\":\"https:\\\/\\\/gravelart.be\\\/fr\\\/#\\\/schema\\\/logo\\\/image\\\/\"}}]}<\/script>\n<!-- \/ Yoast SEO plugin. -->","yoast_head_json":{"title":"Nirox Amalgam 80W - Gravelart","description":"Bestel Nirox Amalgam 80W voor jouw volgende tuinproject.","robots":{"index":"index","follow":"follow","max-snippet":"max-snippet:-1","max-image-preview":"max-image-preview:large","max-video-preview":"max-video-preview:-1"},"canonical":"https:\/\/gravelart.be\/fr\/product\/nirox-amalgam-80w\/","og_locale":"fr_FR","og_type":"article","og_title":"Nirox Amalgam 80W - Gravelart","og_description":"Bestel Nirox Amalgam 80W voor jouw volgende tuinproject.","og_url":"https:\/\/gravelart.be\/fr\/product\/nirox-amalgam-80w\/","og_site_name":"Gravelart","article_modified_time":"2026-04-17T03:30:12+00:00","og_image":[{"width":500,"height":500,"url":"https:\/\/gravelart.be\/wp-content\/uploads\/2023\/02\/WEBSHOP_IMAGE_1-5979.jpg","type":"image\/jpeg"}],"twitter_card":"summary_large_image","schema":{"@context":"https:\/\/schema.org","@graph":[{"@type":"WebPage","@id":"https:\/\/gravelart.be\/fr\/product\/nirox-amalgam-80w\/","url":"https:\/\/gravelart.be\/fr\/product\/nirox-amalgam-80w\/","name":"Nirox Amalgam 80W - Gravelart","isPartOf":{"@id":"https:\/\/gravelart.be\/fr\/#website"},"primaryImageOfPage":{"@id":"https:\/\/gravelart.be\/fr\/product\/nirox-amalgam-80w\/#primaryimage"},"image":{"@id":"https:\/\/gravelart.be\/fr\/product\/nirox-amalgam-80w\/#primaryimage"},"thumbnailUrl":"https:\/\/gravelart.be\/wp-content\/uploads\/2023\/02\/WEBSHOP_IMAGE_1-5979.jpg","datePublished":"2023-02-02T08:23:20+00:00","dateModified":"2026-04-17T03:30:12+00:00","description":"Bestel Nirox Amalgam 80W voor jouw volgende tuinproject.","breadcrumb":{"@id":"https:\/\/gravelart.be\/fr\/product\/nirox-amalgam-80w\/#breadcrumb"},"inLanguage":"fr-FR","potentialAction":[{"@type":"ReadAction","target":["https:\/\/gravelart.be\/fr\/product\/nirox-amalgam-80w\/"]}]},{"@type":"ImageObject","inLanguage":"fr-FR","@id":"https:\/\/gravelart.be\/fr\/product\/nirox-amalgam-80w\/#primaryimage","url":"https:\/\/gravelart.be\/wp-content\/uploads\/2023\/02\/WEBSHOP_IMAGE_1-5979.jpg","contentUrl":"https:\/\/gravelart.be\/wp-content\/uploads\/2023\/02\/WEBSHOP_IMAGE_1-5979.jpg","width":500,"height":500},{"@type":"BreadcrumbList","@id":"https:\/\/gravelart.be\/fr\/product\/nirox-amalgam-80w\/#breadcrumb","itemListElement":[{"@type":"ListItem","position":1,"name":"Home","item":"https:\/\/gravelart.be\/fr\/"},{"@type":"ListItem","position":2,"name":"Produits","item":"https:\/\/gravelart.be\/fr\/boutique\/"},{"@type":"ListItem","position":3,"name":"Nirox Amalgam 80W"}]},{"@type":"WebSite","@id":"https:\/\/gravelart.be\/fr\/#website","url":"https:\/\/gravelart.be\/fr\/","name":"Gravelart","description":"Alles voor tuin en park","publisher":{"@id":"https:\/\/gravelart.be\/fr\/#organization"},"potentialAction":[{"@type":"SearchAction","target":{"@type":"EntryPoint","urlTemplate":"https:\/\/gravelart.be\/fr\/?s={search_term_string}"},"query-input":{"@type":"PropertyValueSpecification","valueRequired":true,"valueName":"search_term_string"}}],"inLanguage":"fr-FR"},{"@type":"Organization","@id":"https:\/\/gravelart.be\/fr\/#organization","name":"Gravelart","url":"https:\/\/gravelart.be\/fr\/","logo":{"@type":"ImageObject","inLanguage":"fr-FR","@id":"https:\/\/gravelart.be\/fr\/#\/schema\/logo\/image\/","url":"https:\/\/gravelart.be\/wp-content\/uploads\/2022\/10\/logo-gravelart.png","contentUrl":"https:\/\/gravelart.be\/wp-content\/uploads\/2022\/10\/logo-gravelart.png","width":348,"height":186,"caption":"Gravelart"},"image":{"@id":"https:\/\/gravelart.be\/fr\/#\/schema\/logo\/image\/"}}]}},"_links":{"self":[{"href":"https:\/\/gravelart.be\/fr\/wp-json\/wp\/v2\/product\/33155","targetHints":{"allow":["GET"]}}],"collection":[{"href":"https:\/\/gravelart.be\/fr\/wp-json\/wp\/v2\/product"}],"about":[{"href":"https:\/\/gravelart.be\/fr\/wp-json\/wp\/v2\/types\/product"}],"replies":[{"embeddable":true,"href":"https:\/\/gravelart.be\/fr\/wp-json\/wp\/v2\/comments?post=33155"}],"wp:featuredmedia":[{"embeddable":true,"href":"https:\/\/gravelart.be\/fr\/wp-json\/wp\/v2\/media\/41264"}],"wp:attachment":[{"href":"https:\/\/gravelart.be\/fr\/wp-json\/wp\/v2\/media?parent=33155"}],"wp:term":[{"taxonomy":"product_brand","embeddable":true,"href":"https:\/\/gravelart.be\/fr\/wp-json\/wp\/v2\/product_brand?post=33155"},{"taxonomy":"product_cat","embeddable":true,"href":"https:\/\/gravelart.be\/fr\/wp-json\/wp\/v2\/product_cat?post=33155"},{"taxonomy":"product_tag","embeddable":true,"href":"https:\/\/gravelart.be\/fr\/wp-json\/wp\/v2\/product_tag?post=33155"}],"curies":[{"name":"wp","href":"https:\/\/api.w.org\/{rel}","templated":true}]}}