{"id":33375,"date":"2023-02-02T09:27:12","date_gmt":"2023-02-02T08:27:12","guid":{"rendered":"https:\/\/gravelart.be\/?post_type=product&#038;p=33375"},"modified":"2026-05-14T04:50:06","modified_gmt":"2026-05-14T02:50:06","slug":"firestone-pondgard-610mx3050m","status":"publish","type":"product","link":"https:\/\/gravelart.be\/fr\/product\/firestone-pondgard-610mx3050m\/","title":{"rendered":"Firestone Pondgard 6,10m x 30,50m"},"content":{"rendered":"","protected":false},"excerpt":{"rendered":"<p>PondGard EPDM de Firestone est une membrane d\u2019\u00e9tanch\u00e9it\u00e9 en caoutchouc synth\u00e9tique EPDM de tr\u00e8s haute qualit\u00e9, con\u00e7ue pour r\u00e9sister aux agressions du temps. Son excellente r\u00e9sistance aux UV, aux temp\u00e9ratures \u00e9lev\u00e9es, \u00e0 l\u2019oxydation et au gel permet \u00e0 la membrane Firestone PondGard de conserver ses propri\u00e9t\u00e9s m\u00e9caniques pendant d\u2019innombrables ann\u00e9es et ce m\u00eame lorsqu\u2019elle est expos\u00e9e aux intemp\u00e9ries.<br \/>\nD\u2019une \u00e9paisseur de 1,0 mm, PondGard EPDM est une membrane robuste qui poss\u00e8de des propri\u00e9t\u00e9s m\u00e9caniques parfaitement adapt\u00e9es aux sollicitations li\u00e9es au stockage d\u2019eau. Son \u00e9lasticit\u00e9 (&gt;300%) et sa grande flexibilit\u00e9 (jusqu\u2019\u00e0 -45\u00b0C) lui permettent de s\u2019adapter aux in\u00e9vitables mouvements du support et aux irr\u00e9gularit\u00e9s du substrat (excellente r\u00e9sistance au poin\u00e7onnement) durant toute sa dur\u00e9e de vie.<\/p>\n","protected":false},"featured_media":42027,"comment_status":"open","ping_status":"closed","template":"","meta":{"_acf_changed":false,"inline_featured_image":false},"product_brand":[],"product_cat":[4150],"product_tag":[],"class_list":{"0":"post-33375","1":"product","2":"type-product","3":"status-publish","4":"has-post-thumbnail","6":"product_cat-etancheite-etangs","8":"first","9":"instock","10":"taxable","11":"shipping-taxable","12":"purchasable","13":"product-type-variable","14":"has-default-attributes"},"acf":{"woocommerce_erp_id":"4421","woocommerce_cnk_id":"101741","product_density":6.1,"custom_prices":[{"variation_id":"42035","customer_group":"PRO","customer_id":"","min_qty":0,"max_qty":9999999,"steps":6.1,"price":11.04,"price_incl":13.3584,"delivery_group":"COLLECT","warehouse_id":""},{"variation_id":"42035","customer_group":"PRO","customer_id":"","min_qty":186.05,"max_qty":9999999,"steps":6.1,"price":11.04,"price_incl":13.3584,"delivery_group":"DELIVERY","warehouse_id":""},{"variation_id":"42035","customer_group":"DISTRI","customer_id":"129214","min_qty":186.05,"max_qty":9999999,"steps":6.1,"price":9.8795,"price_incl":11.9543,"delivery_group":"DELIVERY","warehouse_id":""},{"variation_id":"42035","customer_group":"DISTRI","customer_id":"129214","min_qty":0,"max_qty":9999999,"steps":6.1,"price":9.8795,"price_incl":11.9543,"delivery_group":"COLLECT","warehouse_id":""}],"packaging_ids":[{"packaging_name":"m\u00b2","packaging_id":"96","erp_id":"4421"}]},"yoast_head":"<!-- This site is optimized with the Yoast SEO plugin v27.3 - https:\/\/yoast.com\/product\/yoast-seo-wordpress\/ -->\n<title>Firestone Pondgard 6,10m x 30,50m - Gravelart<\/title>\n<meta name=\"description\" content=\"Bestel Firestone Pondgard 6,10m x 30,50m voor jouw volgende tuinproject.\" \/>\n<meta name=\"robots\" content=\"index, follow, max-snippet:-1, max-image-preview:large, max-video-preview:-1\" \/>\n<link rel=\"canonical\" href=\"https:\/\/gravelart.be\/fr\/product\/firestone-pondgard-610mx3050m\/\" \/>\n<meta property=\"og:locale\" content=\"fr_FR\" \/>\n<meta property=\"og:type\" content=\"article\" \/>\n<meta property=\"og:title\" content=\"Firestone Pondgard 6,10m x 30,50m - Gravelart\" \/>\n<meta property=\"og:description\" content=\"Bestel Firestone Pondgard 6,10m x 30,50m voor jouw volgende tuinproject.\" \/>\n<meta property=\"og:url\" content=\"https:\/\/gravelart.be\/fr\/product\/firestone-pondgard-610mx3050m\/\" \/>\n<meta property=\"og:site_name\" content=\"Gravelart\" \/>\n<meta property=\"article:modified_time\" content=\"2026-05-14T02:50:06+00:00\" \/>\n<meta property=\"og:image\" content=\"https:\/\/gravelart.be\/wp-content\/uploads\/2023\/02\/WEBSHOP_IMAGE_1-4424.jpg\" \/>\n\t<meta property=\"og:image:width\" content=\"2000\" \/>\n\t<meta property=\"og:image:height\" content=\"1335\" \/>\n\t<meta property=\"og:image:type\" content=\"image\/jpeg\" \/>\n<meta name=\"twitter:card\" content=\"summary_large_image\" \/>\n<script type=\"application\/ld+json\" class=\"yoast-schema-graph\">{\"@context\":\"https:\\\/\\\/schema.org\",\"@graph\":[{\"@type\":\"WebPage\",\"@id\":\"https:\\\/\\\/gravelart.be\\\/fr\\\/product\\\/firestone-pondgard-610mx3050m\\\/\",\"url\":\"https:\\\/\\\/gravelart.be\\\/fr\\\/product\\\/firestone-pondgard-610mx3050m\\\/\",\"name\":\"Firestone Pondgard 6,10m x 30,50m - Gravelart\",\"isPartOf\":{\"@id\":\"https:\\\/\\\/gravelart.be\\\/fr\\\/#website\"},\"primaryImageOfPage\":{\"@id\":\"https:\\\/\\\/gravelart.be\\\/fr\\\/product\\\/firestone-pondgard-610mx3050m\\\/#primaryimage\"},\"image\":{\"@id\":\"https:\\\/\\\/gravelart.be\\\/fr\\\/product\\\/firestone-pondgard-610mx3050m\\\/#primaryimage\"},\"thumbnailUrl\":\"https:\\\/\\\/gravelart.be\\\/wp-content\\\/uploads\\\/2023\\\/02\\\/WEBSHOP_IMAGE_1-4424.jpg\",\"datePublished\":\"2023-02-02T08:27:12+00:00\",\"dateModified\":\"2026-05-14T02:50:06+00:00\",\"description\":\"Bestel Firestone Pondgard 6,10m x 30,50m voor jouw volgende tuinproject.\",\"breadcrumb\":{\"@id\":\"https:\\\/\\\/gravelart.be\\\/fr\\\/product\\\/firestone-pondgard-610mx3050m\\\/#breadcrumb\"},\"inLanguage\":\"fr-FR\",\"potentialAction\":[{\"@type\":\"ReadAction\",\"target\":[\"https:\\\/\\\/gravelart.be\\\/fr\\\/product\\\/firestone-pondgard-610mx3050m\\\/\"]}]},{\"@type\":\"ImageObject\",\"inLanguage\":\"fr-FR\",\"@id\":\"https:\\\/\\\/gravelart.be\\\/fr\\\/product\\\/firestone-pondgard-610mx3050m\\\/#primaryimage\",\"url\":\"https:\\\/\\\/gravelart.be\\\/wp-content\\\/uploads\\\/2023\\\/02\\\/WEBSHOP_IMAGE_1-4424.jpg\",\"contentUrl\":\"https:\\\/\\\/gravelart.be\\\/wp-content\\\/uploads\\\/2023\\\/02\\\/WEBSHOP_IMAGE_1-4424.jpg\",\"width\":2000,\"height\":1335},{\"@type\":\"BreadcrumbList\",\"@id\":\"https:\\\/\\\/gravelart.be\\\/fr\\\/product\\\/firestone-pondgard-610mx3050m\\\/#breadcrumb\",\"itemListElement\":[{\"@type\":\"ListItem\",\"position\":1,\"name\":\"Home\",\"item\":\"https:\\\/\\\/gravelart.be\\\/fr\\\/\"},{\"@type\":\"ListItem\",\"position\":2,\"name\":\"Produits\",\"item\":\"https:\\\/\\\/gravelart.be\\\/fr\\\/boutique\\\/\"},{\"@type\":\"ListItem\",\"position\":3,\"name\":\"Firestone Pondgard 6,10m x 30,50m\"}]},{\"@type\":\"WebSite\",\"@id\":\"https:\\\/\\\/gravelart.be\\\/fr\\\/#website\",\"url\":\"https:\\\/\\\/gravelart.be\\\/fr\\\/\",\"name\":\"Gravelart\",\"description\":\"Alles voor tuin en park\",\"publisher\":{\"@id\":\"https:\\\/\\\/gravelart.be\\\/fr\\\/#organization\"},\"potentialAction\":[{\"@type\":\"SearchAction\",\"target\":{\"@type\":\"EntryPoint\",\"urlTemplate\":\"https:\\\/\\\/gravelart.be\\\/fr\\\/?s={search_term_string}\"},\"query-input\":{\"@type\":\"PropertyValueSpecification\",\"valueRequired\":true,\"valueName\":\"search_term_string\"}}],\"inLanguage\":\"fr-FR\"},{\"@type\":\"Organization\",\"@id\":\"https:\\\/\\\/gravelart.be\\\/fr\\\/#organization\",\"name\":\"Gravelart\",\"url\":\"https:\\\/\\\/gravelart.be\\\/fr\\\/\",\"logo\":{\"@type\":\"ImageObject\",\"inLanguage\":\"fr-FR\",\"@id\":\"https:\\\/\\\/gravelart.be\\\/fr\\\/#\\\/schema\\\/logo\\\/image\\\/\",\"url\":\"https:\\\/\\\/gravelart.be\\\/wp-content\\\/uploads\\\/2022\\\/10\\\/logo-gravelart.png\",\"contentUrl\":\"https:\\\/\\\/gravelart.be\\\/wp-content\\\/uploads\\\/2022\\\/10\\\/logo-gravelart.png\",\"width\":348,\"height\":186,\"caption\":\"Gravelart\"},\"image\":{\"@id\":\"https:\\\/\\\/gravelart.be\\\/fr\\\/#\\\/schema\\\/logo\\\/image\\\/\"}}]}<\/script>\n<!-- \/ Yoast SEO plugin. -->","yoast_head_json":{"title":"Firestone Pondgard 6,10m x 30,50m - Gravelart","description":"Bestel Firestone Pondgard 6,10m x 30,50m voor jouw volgende tuinproject.","robots":{"index":"index","follow":"follow","max-snippet":"max-snippet:-1","max-image-preview":"max-image-preview:large","max-video-preview":"max-video-preview:-1"},"canonical":"https:\/\/gravelart.be\/fr\/product\/firestone-pondgard-610mx3050m\/","og_locale":"fr_FR","og_type":"article","og_title":"Firestone Pondgard 6,10m x 30,50m - Gravelart","og_description":"Bestel Firestone Pondgard 6,10m x 30,50m voor jouw volgende tuinproject.","og_url":"https:\/\/gravelart.be\/fr\/product\/firestone-pondgard-610mx3050m\/","og_site_name":"Gravelart","article_modified_time":"2026-05-14T02:50:06+00:00","og_image":[{"width":2000,"height":1335,"url":"https:\/\/gravelart.be\/wp-content\/uploads\/2023\/02\/WEBSHOP_IMAGE_1-4424.jpg","type":"image\/jpeg"}],"twitter_card":"summary_large_image","schema":{"@context":"https:\/\/schema.org","@graph":[{"@type":"WebPage","@id":"https:\/\/gravelart.be\/fr\/product\/firestone-pondgard-610mx3050m\/","url":"https:\/\/gravelart.be\/fr\/product\/firestone-pondgard-610mx3050m\/","name":"Firestone Pondgard 6,10m x 30,50m - Gravelart","isPartOf":{"@id":"https:\/\/gravelart.be\/fr\/#website"},"primaryImageOfPage":{"@id":"https:\/\/gravelart.be\/fr\/product\/firestone-pondgard-610mx3050m\/#primaryimage"},"image":{"@id":"https:\/\/gravelart.be\/fr\/product\/firestone-pondgard-610mx3050m\/#primaryimage"},"thumbnailUrl":"https:\/\/gravelart.be\/wp-content\/uploads\/2023\/02\/WEBSHOP_IMAGE_1-4424.jpg","datePublished":"2023-02-02T08:27:12+00:00","dateModified":"2026-05-14T02:50:06+00:00","description":"Bestel Firestone Pondgard 6,10m x 30,50m voor jouw volgende tuinproject.","breadcrumb":{"@id":"https:\/\/gravelart.be\/fr\/product\/firestone-pondgard-610mx3050m\/#breadcrumb"},"inLanguage":"fr-FR","potentialAction":[{"@type":"ReadAction","target":["https:\/\/gravelart.be\/fr\/product\/firestone-pondgard-610mx3050m\/"]}]},{"@type":"ImageObject","inLanguage":"fr-FR","@id":"https:\/\/gravelart.be\/fr\/product\/firestone-pondgard-610mx3050m\/#primaryimage","url":"https:\/\/gravelart.be\/wp-content\/uploads\/2023\/02\/WEBSHOP_IMAGE_1-4424.jpg","contentUrl":"https:\/\/gravelart.be\/wp-content\/uploads\/2023\/02\/WEBSHOP_IMAGE_1-4424.jpg","width":2000,"height":1335},{"@type":"BreadcrumbList","@id":"https:\/\/gravelart.be\/fr\/product\/firestone-pondgard-610mx3050m\/#breadcrumb","itemListElement":[{"@type":"ListItem","position":1,"name":"Home","item":"https:\/\/gravelart.be\/fr\/"},{"@type":"ListItem","position":2,"name":"Produits","item":"https:\/\/gravelart.be\/fr\/boutique\/"},{"@type":"ListItem","position":3,"name":"Firestone Pondgard 6,10m x 30,50m"}]},{"@type":"WebSite","@id":"https:\/\/gravelart.be\/fr\/#website","url":"https:\/\/gravelart.be\/fr\/","name":"Gravelart","description":"Alles voor tuin en park","publisher":{"@id":"https:\/\/gravelart.be\/fr\/#organization"},"potentialAction":[{"@type":"SearchAction","target":{"@type":"EntryPoint","urlTemplate":"https:\/\/gravelart.be\/fr\/?s={search_term_string}"},"query-input":{"@type":"PropertyValueSpecification","valueRequired":true,"valueName":"search_term_string"}}],"inLanguage":"fr-FR"},{"@type":"Organization","@id":"https:\/\/gravelart.be\/fr\/#organization","name":"Gravelart","url":"https:\/\/gravelart.be\/fr\/","logo":{"@type":"ImageObject","inLanguage":"fr-FR","@id":"https:\/\/gravelart.be\/fr\/#\/schema\/logo\/image\/","url":"https:\/\/gravelart.be\/wp-content\/uploads\/2022\/10\/logo-gravelart.png","contentUrl":"https:\/\/gravelart.be\/wp-content\/uploads\/2022\/10\/logo-gravelart.png","width":348,"height":186,"caption":"Gravelart"},"image":{"@id":"https:\/\/gravelart.be\/fr\/#\/schema\/logo\/image\/"}}]}},"_links":{"self":[{"href":"https:\/\/gravelart.be\/fr\/wp-json\/wp\/v2\/product\/33375","targetHints":{"allow":["GET"]}}],"collection":[{"href":"https:\/\/gravelart.be\/fr\/wp-json\/wp\/v2\/product"}],"about":[{"href":"https:\/\/gravelart.be\/fr\/wp-json\/wp\/v2\/types\/product"}],"replies":[{"embeddable":true,"href":"https:\/\/gravelart.be\/fr\/wp-json\/wp\/v2\/comments?post=33375"}],"wp:featuredmedia":[{"embeddable":true,"href":"https:\/\/gravelart.be\/fr\/wp-json\/wp\/v2\/media\/42027"}],"wp:attachment":[{"href":"https:\/\/gravelart.be\/fr\/wp-json\/wp\/v2\/media?parent=33375"}],"wp:term":[{"taxonomy":"product_brand","embeddable":true,"href":"https:\/\/gravelart.be\/fr\/wp-json\/wp\/v2\/product_brand?post=33375"},{"taxonomy":"product_cat","embeddable":true,"href":"https:\/\/gravelart.be\/fr\/wp-json\/wp\/v2\/product_cat?post=33375"},{"taxonomy":"product_tag","embeddable":true,"href":"https:\/\/gravelart.be\/fr\/wp-json\/wp\/v2\/product_tag?post=33375"}],"curies":[{"name":"wp","href":"https:\/\/api.w.org\/{rel}","templated":true}]}}