{"id":33469,"date":"2023-02-02T09:28:54","date_gmt":"2023-02-02T08:28:54","guid":{"rendered":"https:\/\/gravelart.be\/?post_type=product&#038;p=33469"},"modified":"2026-04-15T04:40:05","modified_gmt":"2026-04-15T02:40:05","slug":"nerobianco-roule-30-60","status":"publish","type":"product","link":"https:\/\/gravelart.be\/fr\/product\/nerobianco-roule-30-60\/","title":{"rendered":"Nerobianco rond 30\/60"},"content":{"rendered":"","protected":false},"excerpt":{"rendered":"<p>Les <a href=\"https:\/\/gravelart.be\/fr\/product-categorie\/gravier-stabilisateurs-de-gravier\/gravier-roule\/\">Beach Pebbles<\/a> sont disponibles dans toutes les formes et tailles, mais ce qu\u2019ils ont en commun est qu\u2019il s\u2019agit toujours des belles cailloux ronds. Beach Pebbles sont magnifique comme d\u00e9coration dans et autour des piscines, dans les vitrines ou comme accent autour des plantes. De plus grandes tailles peuvent \u00eatre utilis\u00e9es pour remplir des gabions. Notre <g id=\"gid_1\"><g id=\"gid_2\">gamme de Beach Pebbles<\/g><\/g> vient de plusieurs extractions autour de la r\u00e9gion M\u00e9diterran\u00e9e.   <\/p>\n<div class=\"woocommerce-product-details__short-description\">\n<p><strong>Disponible uniquement \u00e0 Wevelgem \u2013 enl\u00e8vement en big bag.<br \/>\nSacs disponibles \u00e0 Zedelgem et Wevelgem.<\/strong><\/p>\n<\/div>\n<form class=\"variations_form cart\" style=\"box-sizing: border-box; margin-bottom: 2em; margin-top: 40px; color: #666666; font-family: montserrat, sans-serif; font-size: 16px; font-style: normal; font-variant-ligatures: normal; font-variant-caps: normal; font-weight: 300; letter-spacing: normal; orphans: 2; text-align: start; text-indent: 0px; text-transform: none; widows: 2; word-spacing: 0px; -webkit-text-stroke-width: 0px; white-space: normal; background-color: #f4f2ef; text-decoration-thickness: initial; text-decoration-style: initial; text-decoration-color: initial;\" action=\"https:\/\/gravelart.be\/nl\/product\/balthasar-80-100\/\" enctype=\"multipart\/form-data\" method=\"post\" data-product_id=\"33550\" data-product_variations=\"[{\"attributes\":{\"attribute_pa_leverwijze\":\"zakgoed\"},\"availability_html\":\"\",\"backorders_allowed\":false,\"dimensions\":{\"length\":\"\",\"width\":\"\",\"height\":\"\"},\"dimensions_html\":\"N\\\/B\",\"display_price\":6.78,\"display_regular_price\":6.78,\"image\":{\"title\":\"WEBSHOP_IMAGE_1-16867\",\"caption\":\"Droog\",\"url\":\"https:\\\/\\\/gravelart.be\\\/wp-content\\\/uploads\\\/2023\\\/02\\\/WEBSHOP_IMAGE_1-16867-scaled.jpg\",\"alt\":\"Droog\",\"src\":\"https:\\\/\\\/gravelart.be\\\/wp-content\\\/uploads\\\/2023\\\/02\\\/WEBSHOP_IMAGE_1-16867-600x900.jpg\",\"srcset\":\"https:\\\/\\\/gravelart.be\\\/wp-content\\\/uploads\\\/2023\\\/02\\\/WEBSHOP_IMAGE_1-16867-600x900.jpg 600w, https:\\\/\\\/gravelart.be\\\/wp-content\\\/uploads\\\/2023\\\/02\\\/WEBSHOP_IMAGE_1-16867-64x96.jpg 64w, https:\\\/\\\/gravelart.be\\\/wp-content\\\/uploads\\\/2023\\\/02\\\/WEBSHOP_IMAGE_1-16867-200x300.jpg 200w, https:\\\/\\\/gravelart.be\\\/wp-content\\\/uploads\\\/2023\\\/02\\\/WEBSHOP_IMAGE_1-16867-683x1024.jpg 683w, https:\\\/\\\/gravelart.be\\\/wp-content\\\/uploads\\\/2023\\\/02\\\/WEBSHOP_IMAGE_1-16867-768x1152.jpg 768w, https:\\\/\\\/gravelart.be\\\/wp-content\\\/uploads\\\/2023\\\/02\\\/WEBSHOP_IMAGE_1-16867-scaled.jpg 1707w\",\"sizes\":\"(max-width: 600px) 100vw, 600px\",\"full_src\":\"https:\\\/\\\/gravelart.be\\\/wp-content\\\/uploads\\\/2023\\\/02\\\/WEBSHOP_IMAGE_1-16867-scaled.jpg\",\"full_src_w\":1707,\"full_src_h\":2560,\"gallery_thumbnail_src\":\"https:\\\/\\\/gravelart.be\\\/wp-content\\\/uploads\\\/2023\\\/02\\\/WEBSHOP_IMAGE_1-16867-100x100.jpg\",\"gallery_thumbnail_src_w\":100,\"gallery_thumbnail_src_h\":100,\"thumb_src\":\"https:\\\/\\\/gravelart.be\\\/wp-content\\\/uploads\\\/2023\\\/02\\\/WEBSHOP_IMAGE_1-16867-300x300.jpg\",\"thumb_src_w\":300,\"thumb_src_h\":300,\"src_w\":600,\"src_h\":900},\"image_id\":42910,\"is_downloadable\":false,\"is_in_stock\":true,\"is_purchasable\":true,\"is_sold_individually\":\"no\",\"is_virtual\":false,\"max_qty\":\"\",\"min_qty\":\"1\",\"price_html\":\"&lt;span class=\\\"price\\\"&gt;&lt;span class=\\\"woocommerce-Price-amount amount\\\"&gt;&lt;bdi&gt;&lt;span class=\\\"woocommerce-Price-currencySymbol\\\"&gt;\u20ac&lt;\\\/span&gt;6,78&lt;\\\/bdi&gt;&lt;\\\/span&gt;&lt;\\\/span&gt;\",\"sku\":\"\",\"variation_description\":\"\",\"variation_id\":46522,\"variation_is_active\":true,\"variation_is_visible\":true,\"weight\":\"20\",\"weight_html\":\"20 kg\"},{\"attributes\":{\"attribute_pa_leverwijze\":\"big-bag-1500-kg\"},\"availability_html\":\"\",\"backorders_allowed\":false,\"dimensions\":{\"length\":\"\",\"width\":\"\",\"height\":\"\"},\"dimensions_html\":\"N\\\/B\",\"display_price\":492.66,\"display_regular_price\":492.66,\"image\":{\"title\":\"WEBSHOP_IMAGE_1-16867\",\"caption\":\"Droog\",\"url\":\"https:\\\/\\\/gravelart.be\\\/wp-content\\\/uploads\\\/2023\\\/02\\\/WEBSHOP_IMAGE_1-16867-scaled.jpg\",\"alt\":\"Droog\",\"src\":\"https:\\\/\\\/gravelart.be\\\/wp-content\\\/uploads\\\/2023\\\/02\\\/WEBSHOP_IMAGE_1-16867-600x900.jpg\",\"srcset\":\"https:\\\/\\\/gravelart.be\\\/wp-content\\\/uploads\\\/2023\\\/02\\\/WEBSHOP_IMAGE_1-16867-600x900.jpg 600w, https:\\\/\\\/gravelart.be\\\/wp-content\\\/uploads\\\/2023\\\/02\\\/WEBSHOP_IMAGE_1-16867-64x96.jpg 64w, https:\\\/\\\/gravelart.be\\\/wp-content\\\/uploads\\\/2023\\\/02\\\/WEBSHOP_IMAGE_1-16867-200x300.jpg 200w, https:\\\/\\\/gravelart.be\\\/wp-content\\\/uploads\\\/2023\\\/02\\\/WEBSHOP_IMAGE_1-16867-683x1024.jpg 683w, https:\\\/\\\/gravelart.be\\\/wp-content\\\/uploads\\\/2023\\\/02\\\/WEBSHOP_IMAGE_1-16867-768x1152.jpg 768w, https:\\\/\\\/gravelart.be\\\/wp-content\\\/uploads\\\/2023\\\/02\\\/WEBSHOP_IMAGE_1-16867-scaled.jpg 1707w\",\"sizes\":\"(max-width: 600px) 100vw, 600px\",\"full_src\":\"https:\\\/\\\/gravelart.be\\\/wp-content\\\/uploads\\\/2023\\\/02\\\/WEBSHOP_IMAGE_1-16867-scaled.jpg\",\"full_src_w\":1707,\"full_src_h\":2560,\"gallery_thumbnail_src\":\"https:\\\/\\\/gravelart.be\\\/wp-content\\\/uploads\\\/2023\\\/02\\\/WEBSHOP_IMAGE_1-16867-100x100.jpg\",\"gallery_thumbnail_src_w\":100,\"gallery_thumbnail_src_h\":100,\"thumb_src\":\"https:\\\/\\\/gravelart.be\\\/wp-content\\\/uploads\\\/2023\\\/02\\\/WEBSHOP_IMAGE_1-16867-300x300.jpg\",\"thumb_src_w\":300,\"thumb_src_h\":300,\"src_w\":600,\"src_h\":900},\"image_id\":42910,\"is_downloadable\":false,\"is_in_stock\":true,\"is_purchasable\":true,\"is_sold_individually\":\"no\",\"is_virtual\":false,\"max_qty\":\"\",\"min_qty\":\"1\",\"price_html\":\"&lt;span class=\\\"price\\\"&gt;&lt;span class=\\\"woocommerce-Price-amount amount\\\"&gt;&lt;bdi&gt;&lt;span class=\\\"woocommerce-Price-currencySymbol\\\"&gt;\u20ac&lt;\\\/span&gt;492,66&lt;\\\/bdi&gt;&lt;\\\/span&gt;&lt;\\\/span&gt;\",\"sku\":\"\",\"variation_description\":\"\",\"variation_id\":46681,\"variation_is_active\":true,\"variation_is_visible\":true,\"weight\":\"1500\",\"weight_html\":\"1500 kg\"}]\"><\/form>\n<p>&nbsp;<\/p>\n","protected":false},"featured_media":42196,"comment_status":"open","ping_status":"closed","template":"","meta":{"_acf_changed":false,"inline_featured_image":false},"product_brand":[],"product_cat":[4162,4151],"product_tag":[],"class_list":{"0":"post-33469","1":"product","2":"type-product","3":"status-publish","4":"has-post-thumbnail","6":"product_cat-gravier-roule","7":"product_cat-moellons-galets","9":"first","10":"instock","11":"taxable","12":"shipping-taxable","13":"purchasable","14":"product-type-variable","15":"has-default-attributes"},"acf":{"woocommerce_erp_id":"16400","woocommerce_cnk_id":"102143","product_density":1.5,"custom_prices":[{"variation_id":"42199","customer_group":"CON","customer_id":"","min_qty":1,"max_qty":9999999,"steps":1,"price":480.66,"price_incl":581.6,"delivery_group":"COLLECT","warehouse_id":""},{"variation_id":"42199","customer_group":"CON","customer_id":"","min_qty":1,"max_qty":9999999,"steps":1,"price":480.66,"price_incl":581.6,"delivery_group":"DELIVERY","warehouse_id":""},{"variation_id":"42199","customer_group":"PRO","customer_id":"","min_qty":1,"max_qty":9999999,"steps":1,"price":442.08,"price_incl":534.92,"delivery_group":"COLLECT","warehouse_id":""},{"variation_id":"42199","customer_group":"PRO","customer_id":"","min_qty":1,"max_qty":9999999,"steps":1,"price":442.08,"price_incl":534.92,"delivery_group":"DELIVERY","warehouse_id":""},{"variation_id":"42199","customer_group":"DISTRI","customer_id":"","min_qty":1,"max_qty":9999999,"steps":1,"price":410.94,"price_incl":497.24,"delivery_group":"COLLECT","warehouse_id":""},{"variation_id":"42199","customer_group":"DISTRI","customer_id":"","min_qty":1,"max_qty":9999999,"steps":1,"price":410.94,"price_incl":497.24,"delivery_group":"DELIVERY","warehouse_id":""},{"variation_id":"42199","customer_group":"DISTRI","customer_id":"129214","min_qty":1,"max_qty":9999999,"steps":1,"price":371.68,"price_incl":449.73,"delivery_group":"COLLECT","warehouse_id":""},{"variation_id":"42199","customer_group":"DISTRI","customer_id":"129214","min_qty":1,"max_qty":9999999,"steps":1,"price":371.68,"price_incl":449.73,"delivery_group":"DELIVERY","warehouse_id":""}],"packaging_ids":[{"packaging_name":"Big bag 1500 kg","packaging_id":"77","erp_id":"16400"}]},"yoast_head":"<!-- This site is optimized with the Yoast SEO plugin v27.3 - https:\/\/yoast.com\/product\/yoast-seo-wordpress\/ -->\n<title>Nerobianco rond 30\/60 - Gravelart<\/title>\n<meta name=\"description\" content=\"Nerobianco rond 30\/60 : galets d\u00e9coratifs gris-blanc \u00e0 l\u2019aspect naturel. Parfaits pour les \u00e9tangs, les bacs \u00e0 plantes et le remplissage de gabions.\" \/>\n<meta name=\"robots\" content=\"index, follow, max-snippet:-1, max-image-preview:large, max-video-preview:-1\" \/>\n<link rel=\"canonical\" href=\"https:\/\/gravelart.be\/fr\/product\/nerobianco-roule-30-60\/\" \/>\n<meta property=\"og:locale\" content=\"fr_FR\" \/>\n<meta property=\"og:type\" content=\"article\" \/>\n<meta property=\"og:title\" content=\"Nerobianco rond 30\/60 - Gravelart\" \/>\n<meta property=\"og:description\" content=\"Nerobianco rond 30\/60 : galets d\u00e9coratifs gris-blanc \u00e0 l\u2019aspect naturel. Parfaits pour les \u00e9tangs, les bacs \u00e0 plantes et le remplissage de gabions.\" \/>\n<meta property=\"og:url\" content=\"https:\/\/gravelart.be\/fr\/product\/nerobianco-roule-30-60\/\" \/>\n<meta property=\"og:site_name\" content=\"Gravelart\" \/>\n<meta property=\"article:modified_time\" content=\"2026-04-15T02:40:05+00:00\" \/>\n<meta property=\"og:image\" content=\"https:\/\/gravelart.be\/wp-content\/uploads\/2023\/02\/WEBSHOP_IMAGE_1-16400.jpg\" \/>\n\t<meta property=\"og:image:width\" content=\"1200\" \/>\n\t<meta property=\"og:image:height\" content=\"800\" \/>\n\t<meta property=\"og:image:type\" content=\"image\/jpeg\" \/>\n<meta name=\"twitter:card\" content=\"summary_large_image\" \/>\n<script type=\"application\/ld+json\" class=\"yoast-schema-graph\">{\"@context\":\"https:\\\/\\\/schema.org\",\"@graph\":[{\"@type\":\"WebPage\",\"@id\":\"https:\\\/\\\/gravelart.be\\\/fr\\\/product\\\/nerobianco-roule-30-60\\\/\",\"url\":\"https:\\\/\\\/gravelart.be\\\/fr\\\/product\\\/nerobianco-roule-30-60\\\/\",\"name\":\"Nerobianco rond 30\\\/60 - Gravelart\",\"isPartOf\":{\"@id\":\"https:\\\/\\\/gravelart.be\\\/fr\\\/#website\"},\"primaryImageOfPage\":{\"@id\":\"https:\\\/\\\/gravelart.be\\\/fr\\\/product\\\/nerobianco-roule-30-60\\\/#primaryimage\"},\"image\":{\"@id\":\"https:\\\/\\\/gravelart.be\\\/fr\\\/product\\\/nerobianco-roule-30-60\\\/#primaryimage\"},\"thumbnailUrl\":\"https:\\\/\\\/gravelart.be\\\/wp-content\\\/uploads\\\/2023\\\/02\\\/WEBSHOP_IMAGE_1-16400.jpg\",\"datePublished\":\"2023-02-02T08:28:54+00:00\",\"dateModified\":\"2026-04-15T02:40:05+00:00\",\"description\":\"Nerobianco rond 30\\\/60 : galets d\u00e9coratifs gris-blanc \u00e0 l\u2019aspect naturel. Parfaits pour les \u00e9tangs, les bacs \u00e0 plantes et le remplissage de gabions.\",\"breadcrumb\":{\"@id\":\"https:\\\/\\\/gravelart.be\\\/fr\\\/product\\\/nerobianco-roule-30-60\\\/#breadcrumb\"},\"inLanguage\":\"fr-FR\",\"potentialAction\":[{\"@type\":\"ReadAction\",\"target\":[\"https:\\\/\\\/gravelart.be\\\/fr\\\/product\\\/nerobianco-roule-30-60\\\/\"]}]},{\"@type\":\"ImageObject\",\"inLanguage\":\"fr-FR\",\"@id\":\"https:\\\/\\\/gravelart.be\\\/fr\\\/product\\\/nerobianco-roule-30-60\\\/#primaryimage\",\"url\":\"https:\\\/\\\/gravelart.be\\\/wp-content\\\/uploads\\\/2023\\\/02\\\/WEBSHOP_IMAGE_1-16400.jpg\",\"contentUrl\":\"https:\\\/\\\/gravelart.be\\\/wp-content\\\/uploads\\\/2023\\\/02\\\/WEBSHOP_IMAGE_1-16400.jpg\",\"width\":1200,\"height\":800,\"caption\":\"Sec\"},{\"@type\":\"BreadcrumbList\",\"@id\":\"https:\\\/\\\/gravelart.be\\\/fr\\\/product\\\/nerobianco-roule-30-60\\\/#breadcrumb\",\"itemListElement\":[{\"@type\":\"ListItem\",\"position\":1,\"name\":\"Home\",\"item\":\"https:\\\/\\\/gravelart.be\\\/fr\\\/\"},{\"@type\":\"ListItem\",\"position\":2,\"name\":\"Produits\",\"item\":\"https:\\\/\\\/gravelart.be\\\/fr\\\/boutique\\\/\"},{\"@type\":\"ListItem\",\"position\":3,\"name\":\"Nerobianco rond 30\\\/60\"}]},{\"@type\":\"WebSite\",\"@id\":\"https:\\\/\\\/gravelart.be\\\/fr\\\/#website\",\"url\":\"https:\\\/\\\/gravelart.be\\\/fr\\\/\",\"name\":\"Gravelart\",\"description\":\"Alles voor tuin en park\",\"publisher\":{\"@id\":\"https:\\\/\\\/gravelart.be\\\/fr\\\/#organization\"},\"potentialAction\":[{\"@type\":\"SearchAction\",\"target\":{\"@type\":\"EntryPoint\",\"urlTemplate\":\"https:\\\/\\\/gravelart.be\\\/fr\\\/?s={search_term_string}\"},\"query-input\":{\"@type\":\"PropertyValueSpecification\",\"valueRequired\":true,\"valueName\":\"search_term_string\"}}],\"inLanguage\":\"fr-FR\"},{\"@type\":\"Organization\",\"@id\":\"https:\\\/\\\/gravelart.be\\\/fr\\\/#organization\",\"name\":\"Gravelart\",\"url\":\"https:\\\/\\\/gravelart.be\\\/fr\\\/\",\"logo\":{\"@type\":\"ImageObject\",\"inLanguage\":\"fr-FR\",\"@id\":\"https:\\\/\\\/gravelart.be\\\/fr\\\/#\\\/schema\\\/logo\\\/image\\\/\",\"url\":\"https:\\\/\\\/gravelart.be\\\/wp-content\\\/uploads\\\/2022\\\/10\\\/logo-gravelart.png\",\"contentUrl\":\"https:\\\/\\\/gravelart.be\\\/wp-content\\\/uploads\\\/2022\\\/10\\\/logo-gravelart.png\",\"width\":348,\"height\":186,\"caption\":\"Gravelart\"},\"image\":{\"@id\":\"https:\\\/\\\/gravelart.be\\\/fr\\\/#\\\/schema\\\/logo\\\/image\\\/\"}}]}<\/script>\n<!-- \/ Yoast SEO plugin. -->","yoast_head_json":{"title":"Nerobianco rond 30\/60 - Gravelart","description":"Nerobianco rond 30\/60 : galets d\u00e9coratifs gris-blanc \u00e0 l\u2019aspect naturel. Parfaits pour les \u00e9tangs, les bacs \u00e0 plantes et le remplissage de gabions.","robots":{"index":"index","follow":"follow","max-snippet":"max-snippet:-1","max-image-preview":"max-image-preview:large","max-video-preview":"max-video-preview:-1"},"canonical":"https:\/\/gravelart.be\/fr\/product\/nerobianco-roule-30-60\/","og_locale":"fr_FR","og_type":"article","og_title":"Nerobianco rond 30\/60 - Gravelart","og_description":"Nerobianco rond 30\/60 : galets d\u00e9coratifs gris-blanc \u00e0 l\u2019aspect naturel. Parfaits pour les \u00e9tangs, les bacs \u00e0 plantes et le remplissage de gabions.","og_url":"https:\/\/gravelart.be\/fr\/product\/nerobianco-roule-30-60\/","og_site_name":"Gravelart","article_modified_time":"2026-04-15T02:40:05+00:00","og_image":[{"width":1200,"height":800,"url":"https:\/\/gravelart.be\/wp-content\/uploads\/2023\/02\/WEBSHOP_IMAGE_1-16400.jpg","type":"image\/jpeg"}],"twitter_card":"summary_large_image","schema":{"@context":"https:\/\/schema.org","@graph":[{"@type":"WebPage","@id":"https:\/\/gravelart.be\/fr\/product\/nerobianco-roule-30-60\/","url":"https:\/\/gravelart.be\/fr\/product\/nerobianco-roule-30-60\/","name":"Nerobianco rond 30\/60 - Gravelart","isPartOf":{"@id":"https:\/\/gravelart.be\/fr\/#website"},"primaryImageOfPage":{"@id":"https:\/\/gravelart.be\/fr\/product\/nerobianco-roule-30-60\/#primaryimage"},"image":{"@id":"https:\/\/gravelart.be\/fr\/product\/nerobianco-roule-30-60\/#primaryimage"},"thumbnailUrl":"https:\/\/gravelart.be\/wp-content\/uploads\/2023\/02\/WEBSHOP_IMAGE_1-16400.jpg","datePublished":"2023-02-02T08:28:54+00:00","dateModified":"2026-04-15T02:40:05+00:00","description":"Nerobianco rond 30\/60 : galets d\u00e9coratifs gris-blanc \u00e0 l\u2019aspect naturel. Parfaits pour les \u00e9tangs, les bacs \u00e0 plantes et le remplissage de gabions.","breadcrumb":{"@id":"https:\/\/gravelart.be\/fr\/product\/nerobianco-roule-30-60\/#breadcrumb"},"inLanguage":"fr-FR","potentialAction":[{"@type":"ReadAction","target":["https:\/\/gravelart.be\/fr\/product\/nerobianco-roule-30-60\/"]}]},{"@type":"ImageObject","inLanguage":"fr-FR","@id":"https:\/\/gravelart.be\/fr\/product\/nerobianco-roule-30-60\/#primaryimage","url":"https:\/\/gravelart.be\/wp-content\/uploads\/2023\/02\/WEBSHOP_IMAGE_1-16400.jpg","contentUrl":"https:\/\/gravelart.be\/wp-content\/uploads\/2023\/02\/WEBSHOP_IMAGE_1-16400.jpg","width":1200,"height":800,"caption":"Sec"},{"@type":"BreadcrumbList","@id":"https:\/\/gravelart.be\/fr\/product\/nerobianco-roule-30-60\/#breadcrumb","itemListElement":[{"@type":"ListItem","position":1,"name":"Home","item":"https:\/\/gravelart.be\/fr\/"},{"@type":"ListItem","position":2,"name":"Produits","item":"https:\/\/gravelart.be\/fr\/boutique\/"},{"@type":"ListItem","position":3,"name":"Nerobianco rond 30\/60"}]},{"@type":"WebSite","@id":"https:\/\/gravelart.be\/fr\/#website","url":"https:\/\/gravelart.be\/fr\/","name":"Gravelart","description":"Alles voor tuin en park","publisher":{"@id":"https:\/\/gravelart.be\/fr\/#organization"},"potentialAction":[{"@type":"SearchAction","target":{"@type":"EntryPoint","urlTemplate":"https:\/\/gravelart.be\/fr\/?s={search_term_string}"},"query-input":{"@type":"PropertyValueSpecification","valueRequired":true,"valueName":"search_term_string"}}],"inLanguage":"fr-FR"},{"@type":"Organization","@id":"https:\/\/gravelart.be\/fr\/#organization","name":"Gravelart","url":"https:\/\/gravelart.be\/fr\/","logo":{"@type":"ImageObject","inLanguage":"fr-FR","@id":"https:\/\/gravelart.be\/fr\/#\/schema\/logo\/image\/","url":"https:\/\/gravelart.be\/wp-content\/uploads\/2022\/10\/logo-gravelart.png","contentUrl":"https:\/\/gravelart.be\/wp-content\/uploads\/2022\/10\/logo-gravelart.png","width":348,"height":186,"caption":"Gravelart"},"image":{"@id":"https:\/\/gravelart.be\/fr\/#\/schema\/logo\/image\/"}}]}},"_links":{"self":[{"href":"https:\/\/gravelart.be\/fr\/wp-json\/wp\/v2\/product\/33469","targetHints":{"allow":["GET"]}}],"collection":[{"href":"https:\/\/gravelart.be\/fr\/wp-json\/wp\/v2\/product"}],"about":[{"href":"https:\/\/gravelart.be\/fr\/wp-json\/wp\/v2\/types\/product"}],"replies":[{"embeddable":true,"href":"https:\/\/gravelart.be\/fr\/wp-json\/wp\/v2\/comments?post=33469"}],"wp:featuredmedia":[{"embeddable":true,"href":"https:\/\/gravelart.be\/fr\/wp-json\/wp\/v2\/media\/42196"}],"wp:attachment":[{"href":"https:\/\/gravelart.be\/fr\/wp-json\/wp\/v2\/media?parent=33469"}],"wp:term":[{"taxonomy":"product_brand","embeddable":true,"href":"https:\/\/gravelart.be\/fr\/wp-json\/wp\/v2\/product_brand?post=33469"},{"taxonomy":"product_cat","embeddable":true,"href":"https:\/\/gravelart.be\/fr\/wp-json\/wp\/v2\/product_cat?post=33469"},{"taxonomy":"product_tag","embeddable":true,"href":"https:\/\/gravelart.be\/fr\/wp-json\/wp\/v2\/product_tag?post=33469"}],"curies":[{"name":"wp","href":"https:\/\/api.w.org\/{rel}","templated":true}]}}