{"id":33499,"date":"2023-02-02T09:29:26","date_gmt":"2023-02-02T08:29:26","guid":{"rendered":"https:\/\/gravelart.be\/?post_type=product&#038;p=33499"},"modified":"2026-05-08T04:31:00","modified_gmt":"2026-05-08T02:31:00","slug":"agraffes-toile-de-pallage-boite-50-pieces","status":"publish","type":"product","link":"https:\/\/gravelart.be\/fr\/product\/agraffes-toile-de-pallage-boite-50-pieces\/","title":{"rendered":"Agraffes Toile de Pallage (bo\u00eete 50 pi\u00e8ces)"},"content":{"rendered":"","protected":false},"excerpt":{"rendered":"","protected":false},"featured_media":40700,"comment_status":"open","ping_status":"closed","template":"","meta":{"_acf_changed":false,"inline_featured_image":false},"product_brand":[],"product_cat":[4163],"product_tag":[],"class_list":{"0":"post-33499","1":"product","2":"type-product","3":"status-publish","4":"has-post-thumbnail","6":"product_cat-textiles-techniques","8":"first","9":"instock","10":"taxable","11":"shipping-taxable","12":"purchasable","13":"product-type-variable","14":"has-default-attributes"},"acf":{"woocommerce_erp_id":"16545","woocommerce_cnk_id":"102277","product_density":1,"custom_prices":[{"variation_id":"40701","customer_group":"PRO","customer_id":"","min_qty":1,"max_qty":9999999,"steps":1,"price":12.5,"price_incl":15.13,"delivery_group":"COLLECT","warehouse_id":"Z"},{"variation_id":"40701","customer_group":"PRO","customer_id":"","min_qty":1,"max_qty":9999999,"steps":1,"price":12.5,"price_incl":15.13,"delivery_group":"DELIVERY","warehouse_id":"Z"},{"variation_id":"40701","customer_group":"PRO","customer_id":"","min_qty":1,"max_qty":9999999,"steps":1,"price":12.5,"price_incl":15.13,"delivery_group":"COLLECT","warehouse_id":"W"},{"variation_id":"40701","customer_group":"PRO","customer_id":"","min_qty":1,"max_qty":9999999,"steps":1,"price":12.5,"price_incl":15.13,"delivery_group":"DELIVERY","warehouse_id":"W"},{"variation_id":"40701","customer_group":"CON","customer_id":"","min_qty":1,"max_qty":9999999,"steps":1,"price":15.7,"price_incl":19,"delivery_group":"COLLECT","warehouse_id":"Z"},{"variation_id":"40701","customer_group":"CON","customer_id":"","min_qty":1,"max_qty":9999999,"steps":1,"price":15.7,"price_incl":19,"delivery_group":"DELIVERY","warehouse_id":"Z"},{"variation_id":"40701","customer_group":"CON","customer_id":"","min_qty":1,"max_qty":9999999,"steps":1,"price":15.7,"price_incl":19,"delivery_group":"COLLECT","warehouse_id":"W"},{"variation_id":"40701","customer_group":"CON","customer_id":"","min_qty":1,"max_qty":9999999,"steps":1,"price":15.7,"price_incl":19,"delivery_group":"DELIVERY","warehouse_id":"W"},{"variation_id":"40701","customer_group":"DISTRI","customer_id":"129214","min_qty":1,"max_qty":9999999,"steps":1,"price":6.76,"price_incl":8.18,"delivery_group":"COLLECT","warehouse_id":"Z"},{"variation_id":"40701","customer_group":"DISTRI","customer_id":"129214","min_qty":1,"max_qty":9999999,"steps":1,"price":6.76,"price_incl":8.18,"delivery_group":"COLLECT","warehouse_id":"W"},{"variation_id":"40701","customer_group":"PER","customer_id":"","min_qty":1,"max_qty":9999999,"steps":1,"price":5.88,"price_incl":7.11,"delivery_group":"COLLECT","warehouse_id":"Z"},{"variation_id":"40701","customer_group":"PER","customer_id":"","min_qty":1,"max_qty":9999999,"steps":1,"price":5.88,"price_incl":7.11,"delivery_group":"COLLECT","warehouse_id":"W"},{"variation_id":"40701","customer_group":"DISTRI","customer_id":"","min_qty":1,"max_qty":9999999,"steps":1,"price":12.5,"price_incl":15.13,"delivery_group":"COLLECT","warehouse_id":"Z"},{"variation_id":"40701","customer_group":"DISTRI","customer_id":"","min_qty":1,"max_qty":9999999,"steps":1,"price":12.5,"price_incl":15.13,"delivery_group":"DELIVERY","warehouse_id":"Z"},{"variation_id":"40701","customer_group":"DISTRI","customer_id":"","min_qty":1,"max_qty":9999999,"steps":1,"price":12.5,"price_incl":15.13,"delivery_group":"COLLECT","warehouse_id":"W"},{"variation_id":"40701","customer_group":"DISTRI","customer_id":"","min_qty":1,"max_qty":9999999,"steps":1,"price":12.5,"price_incl":15.13,"delivery_group":"DELIVERY","warehouse_id":"W"}],"packaging_ids":[{"packaging_name":"Bo\u00eete","packaging_id":"97","erp_id":"16545"}]},"yoast_head":"<!-- This site is optimized with the Yoast SEO plugin v27.3 - https:\/\/yoast.com\/product\/yoast-seo-wordpress\/ -->\n<title>Agraffes Toile de Pallage (bo\u00eete 50 pi\u00e8ces) - Gravelart<\/title>\n<meta name=\"description\" content=\"Bestel Agraffes Toile de Pallage (bo\u00eete 50 pi\u00e8ces) voor jouw volgende tuinproject.\" \/>\n<meta name=\"robots\" content=\"index, follow, max-snippet:-1, max-image-preview:large, max-video-preview:-1\" \/>\n<link rel=\"canonical\" href=\"https:\/\/gravelart.be\/fr\/product\/agraffes-toile-de-pallage-boite-50-pieces\/\" \/>\n<meta property=\"og:locale\" content=\"fr_FR\" \/>\n<meta property=\"og:type\" content=\"article\" \/>\n<meta property=\"og:title\" content=\"Agraffes Toile de Pallage (bo\u00eete 50 pi\u00e8ces) - Gravelart\" \/>\n<meta property=\"og:description\" content=\"Bestel Agraffes Toile de Pallage (bo\u00eete 50 pi\u00e8ces) voor jouw volgende tuinproject.\" \/>\n<meta property=\"og:url\" content=\"https:\/\/gravelart.be\/fr\/product\/agraffes-toile-de-pallage-boite-50-pieces\/\" \/>\n<meta property=\"og:site_name\" content=\"Gravelart\" \/>\n<meta property=\"article:modified_time\" content=\"2026-05-08T02:31:00+00:00\" \/>\n<meta property=\"og:image\" content=\"https:\/\/gravelart.be\/wp-content\/uploads\/2023\/02\/WEBSHOP_IMAGE_1-16545.jpg\" \/>\n\t<meta property=\"og:image:width\" content=\"1486\" \/>\n\t<meta property=\"og:image:height\" content=\"1486\" \/>\n\t<meta property=\"og:image:type\" content=\"image\/jpeg\" \/>\n<meta name=\"twitter:card\" content=\"summary_large_image\" \/>\n<script type=\"application\/ld+json\" class=\"yoast-schema-graph\">{\"@context\":\"https:\\\/\\\/schema.org\",\"@graph\":[{\"@type\":\"WebPage\",\"@id\":\"https:\\\/\\\/gravelart.be\\\/fr\\\/product\\\/agraffes-toile-de-pallage-boite-50-pieces\\\/\",\"url\":\"https:\\\/\\\/gravelart.be\\\/fr\\\/product\\\/agraffes-toile-de-pallage-boite-50-pieces\\\/\",\"name\":\"Agraffes Toile de Pallage (bo\u00eete 50 pi\u00e8ces) - Gravelart\",\"isPartOf\":{\"@id\":\"https:\\\/\\\/gravelart.be\\\/fr\\\/#website\"},\"primaryImageOfPage\":{\"@id\":\"https:\\\/\\\/gravelart.be\\\/fr\\\/product\\\/agraffes-toile-de-pallage-boite-50-pieces\\\/#primaryimage\"},\"image\":{\"@id\":\"https:\\\/\\\/gravelart.be\\\/fr\\\/product\\\/agraffes-toile-de-pallage-boite-50-pieces\\\/#primaryimage\"},\"thumbnailUrl\":\"https:\\\/\\\/gravelart.be\\\/wp-content\\\/uploads\\\/2023\\\/02\\\/WEBSHOP_IMAGE_1-16545.jpg\",\"datePublished\":\"2023-02-02T08:29:26+00:00\",\"dateModified\":\"2026-05-08T02:31:00+00:00\",\"description\":\"Bestel Agraffes Toile de Pallage (bo\u00eete 50 pi\u00e8ces) voor jouw volgende tuinproject.\",\"breadcrumb\":{\"@id\":\"https:\\\/\\\/gravelart.be\\\/fr\\\/product\\\/agraffes-toile-de-pallage-boite-50-pieces\\\/#breadcrumb\"},\"inLanguage\":\"fr-FR\",\"potentialAction\":[{\"@type\":\"ReadAction\",\"target\":[\"https:\\\/\\\/gravelart.be\\\/fr\\\/product\\\/agraffes-toile-de-pallage-boite-50-pieces\\\/\"]}]},{\"@type\":\"ImageObject\",\"inLanguage\":\"fr-FR\",\"@id\":\"https:\\\/\\\/gravelart.be\\\/fr\\\/product\\\/agraffes-toile-de-pallage-boite-50-pieces\\\/#primaryimage\",\"url\":\"https:\\\/\\\/gravelart.be\\\/wp-content\\\/uploads\\\/2023\\\/02\\\/WEBSHOP_IMAGE_1-16545.jpg\",\"contentUrl\":\"https:\\\/\\\/gravelart.be\\\/wp-content\\\/uploads\\\/2023\\\/02\\\/WEBSHOP_IMAGE_1-16545.jpg\",\"width\":1486,\"height\":1486,\"caption\":\"Gronddoekpennen\"},{\"@type\":\"BreadcrumbList\",\"@id\":\"https:\\\/\\\/gravelart.be\\\/fr\\\/product\\\/agraffes-toile-de-pallage-boite-50-pieces\\\/#breadcrumb\",\"itemListElement\":[{\"@type\":\"ListItem\",\"position\":1,\"name\":\"Home\",\"item\":\"https:\\\/\\\/gravelart.be\\\/fr\\\/\"},{\"@type\":\"ListItem\",\"position\":2,\"name\":\"Produits\",\"item\":\"https:\\\/\\\/gravelart.be\\\/fr\\\/boutique\\\/\"},{\"@type\":\"ListItem\",\"position\":3,\"name\":\"Agraffes Toile de Pallage (bo\u00eete 50 pi\u00e8ces)\"}]},{\"@type\":\"WebSite\",\"@id\":\"https:\\\/\\\/gravelart.be\\\/fr\\\/#website\",\"url\":\"https:\\\/\\\/gravelart.be\\\/fr\\\/\",\"name\":\"Gravelart\",\"description\":\"Alles voor tuin en park\",\"publisher\":{\"@id\":\"https:\\\/\\\/gravelart.be\\\/fr\\\/#organization\"},\"potentialAction\":[{\"@type\":\"SearchAction\",\"target\":{\"@type\":\"EntryPoint\",\"urlTemplate\":\"https:\\\/\\\/gravelart.be\\\/fr\\\/?s={search_term_string}\"},\"query-input\":{\"@type\":\"PropertyValueSpecification\",\"valueRequired\":true,\"valueName\":\"search_term_string\"}}],\"inLanguage\":\"fr-FR\"},{\"@type\":\"Organization\",\"@id\":\"https:\\\/\\\/gravelart.be\\\/fr\\\/#organization\",\"name\":\"Gravelart\",\"url\":\"https:\\\/\\\/gravelart.be\\\/fr\\\/\",\"logo\":{\"@type\":\"ImageObject\",\"inLanguage\":\"fr-FR\",\"@id\":\"https:\\\/\\\/gravelart.be\\\/fr\\\/#\\\/schema\\\/logo\\\/image\\\/\",\"url\":\"https:\\\/\\\/gravelart.be\\\/wp-content\\\/uploads\\\/2022\\\/10\\\/logo-gravelart.png\",\"contentUrl\":\"https:\\\/\\\/gravelart.be\\\/wp-content\\\/uploads\\\/2022\\\/10\\\/logo-gravelart.png\",\"width\":348,\"height\":186,\"caption\":\"Gravelart\"},\"image\":{\"@id\":\"https:\\\/\\\/gravelart.be\\\/fr\\\/#\\\/schema\\\/logo\\\/image\\\/\"}}]}<\/script>\n<!-- \/ Yoast SEO plugin. -->","yoast_head_json":{"title":"Agraffes Toile de Pallage (bo\u00eete 50 pi\u00e8ces) - Gravelart","description":"Bestel Agraffes Toile de Pallage (bo\u00eete 50 pi\u00e8ces) voor jouw volgende tuinproject.","robots":{"index":"index","follow":"follow","max-snippet":"max-snippet:-1","max-image-preview":"max-image-preview:large","max-video-preview":"max-video-preview:-1"},"canonical":"https:\/\/gravelart.be\/fr\/product\/agraffes-toile-de-pallage-boite-50-pieces\/","og_locale":"fr_FR","og_type":"article","og_title":"Agraffes Toile de Pallage (bo\u00eete 50 pi\u00e8ces) - Gravelart","og_description":"Bestel Agraffes Toile de Pallage (bo\u00eete 50 pi\u00e8ces) voor jouw volgende tuinproject.","og_url":"https:\/\/gravelart.be\/fr\/product\/agraffes-toile-de-pallage-boite-50-pieces\/","og_site_name":"Gravelart","article_modified_time":"2026-05-08T02:31:00+00:00","og_image":[{"width":1486,"height":1486,"url":"https:\/\/gravelart.be\/wp-content\/uploads\/2023\/02\/WEBSHOP_IMAGE_1-16545.jpg","type":"image\/jpeg"}],"twitter_card":"summary_large_image","schema":{"@context":"https:\/\/schema.org","@graph":[{"@type":"WebPage","@id":"https:\/\/gravelart.be\/fr\/product\/agraffes-toile-de-pallage-boite-50-pieces\/","url":"https:\/\/gravelart.be\/fr\/product\/agraffes-toile-de-pallage-boite-50-pieces\/","name":"Agraffes Toile de Pallage (bo\u00eete 50 pi\u00e8ces) - Gravelart","isPartOf":{"@id":"https:\/\/gravelart.be\/fr\/#website"},"primaryImageOfPage":{"@id":"https:\/\/gravelart.be\/fr\/product\/agraffes-toile-de-pallage-boite-50-pieces\/#primaryimage"},"image":{"@id":"https:\/\/gravelart.be\/fr\/product\/agraffes-toile-de-pallage-boite-50-pieces\/#primaryimage"},"thumbnailUrl":"https:\/\/gravelart.be\/wp-content\/uploads\/2023\/02\/WEBSHOP_IMAGE_1-16545.jpg","datePublished":"2023-02-02T08:29:26+00:00","dateModified":"2026-05-08T02:31:00+00:00","description":"Bestel Agraffes Toile de Pallage (bo\u00eete 50 pi\u00e8ces) voor jouw volgende tuinproject.","breadcrumb":{"@id":"https:\/\/gravelart.be\/fr\/product\/agraffes-toile-de-pallage-boite-50-pieces\/#breadcrumb"},"inLanguage":"fr-FR","potentialAction":[{"@type":"ReadAction","target":["https:\/\/gravelart.be\/fr\/product\/agraffes-toile-de-pallage-boite-50-pieces\/"]}]},{"@type":"ImageObject","inLanguage":"fr-FR","@id":"https:\/\/gravelart.be\/fr\/product\/agraffes-toile-de-pallage-boite-50-pieces\/#primaryimage","url":"https:\/\/gravelart.be\/wp-content\/uploads\/2023\/02\/WEBSHOP_IMAGE_1-16545.jpg","contentUrl":"https:\/\/gravelart.be\/wp-content\/uploads\/2023\/02\/WEBSHOP_IMAGE_1-16545.jpg","width":1486,"height":1486,"caption":"Gronddoekpennen"},{"@type":"BreadcrumbList","@id":"https:\/\/gravelart.be\/fr\/product\/agraffes-toile-de-pallage-boite-50-pieces\/#breadcrumb","itemListElement":[{"@type":"ListItem","position":1,"name":"Home","item":"https:\/\/gravelart.be\/fr\/"},{"@type":"ListItem","position":2,"name":"Produits","item":"https:\/\/gravelart.be\/fr\/boutique\/"},{"@type":"ListItem","position":3,"name":"Agraffes Toile de Pallage (bo\u00eete 50 pi\u00e8ces)"}]},{"@type":"WebSite","@id":"https:\/\/gravelart.be\/fr\/#website","url":"https:\/\/gravelart.be\/fr\/","name":"Gravelart","description":"Alles voor tuin en park","publisher":{"@id":"https:\/\/gravelart.be\/fr\/#organization"},"potentialAction":[{"@type":"SearchAction","target":{"@type":"EntryPoint","urlTemplate":"https:\/\/gravelart.be\/fr\/?s={search_term_string}"},"query-input":{"@type":"PropertyValueSpecification","valueRequired":true,"valueName":"search_term_string"}}],"inLanguage":"fr-FR"},{"@type":"Organization","@id":"https:\/\/gravelart.be\/fr\/#organization","name":"Gravelart","url":"https:\/\/gravelart.be\/fr\/","logo":{"@type":"ImageObject","inLanguage":"fr-FR","@id":"https:\/\/gravelart.be\/fr\/#\/schema\/logo\/image\/","url":"https:\/\/gravelart.be\/wp-content\/uploads\/2022\/10\/logo-gravelart.png","contentUrl":"https:\/\/gravelart.be\/wp-content\/uploads\/2022\/10\/logo-gravelart.png","width":348,"height":186,"caption":"Gravelart"},"image":{"@id":"https:\/\/gravelart.be\/fr\/#\/schema\/logo\/image\/"}}]}},"_links":{"self":[{"href":"https:\/\/gravelart.be\/fr\/wp-json\/wp\/v2\/product\/33499","targetHints":{"allow":["GET"]}}],"collection":[{"href":"https:\/\/gravelart.be\/fr\/wp-json\/wp\/v2\/product"}],"about":[{"href":"https:\/\/gravelart.be\/fr\/wp-json\/wp\/v2\/types\/product"}],"replies":[{"embeddable":true,"href":"https:\/\/gravelart.be\/fr\/wp-json\/wp\/v2\/comments?post=33499"}],"wp:featuredmedia":[{"embeddable":true,"href":"https:\/\/gravelart.be\/fr\/wp-json\/wp\/v2\/media\/40700"}],"wp:attachment":[{"href":"https:\/\/gravelart.be\/fr\/wp-json\/wp\/v2\/media?parent=33499"}],"wp:term":[{"taxonomy":"product_brand","embeddable":true,"href":"https:\/\/gravelart.be\/fr\/wp-json\/wp\/v2\/product_brand?post=33499"},{"taxonomy":"product_cat","embeddable":true,"href":"https:\/\/gravelart.be\/fr\/wp-json\/wp\/v2\/product_cat?post=33499"},{"taxonomy":"product_tag","embeddable":true,"href":"https:\/\/gravelart.be\/fr\/wp-json\/wp\/v2\/product_tag?post=33499"}],"curies":[{"name":"wp","href":"https:\/\/api.w.org\/{rel}","templated":true}]}}