{"id":33507,"date":"2023-02-02T09:29:35","date_gmt":"2023-02-02T08:29:35","guid":{"rendered":"https:\/\/gravelart.be\/?post_type=product&#038;p=33507"},"modified":"2026-04-08T04:30:47","modified_gmt":"2026-04-08T02:30:47","slug":"uvclean-40w","status":"publish","type":"product","link":"https:\/\/gravelart.be\/fr\/product\/uvclean-40w\/","title":{"rendered":"Uv-clean 40W"},"content":{"rendered":"","protected":false},"excerpt":{"rendered":"<p>Ces appareils UV-C fiables en inox 316L \u00e9pais ont un diam\u00e8tre de buse de 90 mm, continue vers les extr\u00e9mit\u00e9s. Montage horizontal ou vertical, 360\u00b0 pivotable. Mati\u00e8re synth\u00e9tique ASA. Ballast \u00e9lectronique avec lampe Philips. Le corps en inox assure une r\u00e9flexion du rayonnement UV-C, ce qui permet d\u2019am\u00e9liorer l\u2019efficacit\u00e9 jusqu\u2019\u00e0 35%. Les lampes UV-C ont une dur\u00e9e de vie de 8.000 heures et on doit les remplacer une fois par an. On peut remplacer la lampe et nettoyer la buse quartz sans outils.<\/p>\n<ul>\n<li>Tension: 230 V\/50 Hz<\/li>\n<li>D\u00e9bit: max. 12.000 l\/h<\/li>\n<li>Raccordement: tuyeau: 50\/40\/32\/25 mm<\/li>\n<li>Capacit\u00e9: 40 W<\/li>\n<\/ul>\n","protected":false},"featured_media":41284,"comment_status":"open","ping_status":"closed","template":"","meta":{"_acf_changed":false,"inline_featured_image":false},"product_brand":[],"product_cat":[4146],"product_tag":[],"class_list":{"0":"post-33507","1":"product","2":"type-product","3":"status-publish","4":"has-post-thumbnail","6":"product_cat-appareils-uv-c-traitement-de-leau-etangs","8":"first","9":"instock","10":"taxable","11":"shipping-taxable","12":"purchasable","13":"product-type-variable","14":"has-default-attributes"},"acf":{"woocommerce_erp_id":"16576","woocommerce_cnk_id":"102306","product_density":0,"custom_prices":[{"variation_id":"41287","customer_group":"PRO","customer_id":"","min_qty":1,"max_qty":9999999,"steps":1,"price":245.0886,"price_incl":296.5572,"delivery_group":"COLLECT","warehouse_id":""},{"variation_id":"41287","customer_group":"PRO","customer_id":"","min_qty":1,"max_qty":9999999,"steps":1,"price":245.0886,"price_incl":296.5572,"delivery_group":"DELIVERY","warehouse_id":""},{"variation_id":"41287","customer_group":"DISTRI","customer_id":"129214","min_qty":1,"max_qty":9999999,"steps":1,"price":198.4382,"price_incl":240.1103,"delivery_group":"DELIVERY","warehouse_id":""},{"variation_id":"41287","customer_group":"DISTRI","customer_id":"129214","min_qty":1,"max_qty":9999999,"steps":1,"price":198.4382,"price_incl":240.1103,"delivery_group":"COLLECT","warehouse_id":""}],"packaging_ids":[{"packaging_name":"Pi\u00e8ce","packaging_id":"73","erp_id":"16576"}]},"yoast_head":"<!-- This site is optimized with the Yoast SEO plugin v25.8 - https:\/\/yoast.com\/wordpress\/plugins\/seo\/ -->\n<title>Uv-clean 40W - Gravelart<\/title>\n<meta name=\"description\" content=\"Bestel Uv-clean 40W voor jouw volgende tuinproject.\" \/>\n<meta name=\"robots\" content=\"index, follow, max-snippet:-1, max-image-preview:large, max-video-preview:-1\" \/>\n<link rel=\"canonical\" href=\"https:\/\/gravelart.be\/fr\/product\/uvclean-40w\/\" \/>\n<meta property=\"og:locale\" content=\"fr_FR\" \/>\n<meta property=\"og:type\" content=\"article\" \/>\n<meta property=\"og:title\" content=\"Uv-clean 40W - Gravelart\" \/>\n<meta property=\"og:description\" content=\"Bestel Uv-clean 40W voor jouw volgende tuinproject.\" \/>\n<meta property=\"og:url\" content=\"https:\/\/gravelart.be\/fr\/product\/uvclean-40w\/\" \/>\n<meta property=\"og:site_name\" content=\"Gravelart\" \/>\n<meta property=\"article:modified_time\" content=\"2026-04-08T02:30:47+00:00\" \/>\n<meta property=\"og:image\" content=\"https:\/\/gravelart.be\/wp-content\/uploads\/2023\/02\/WEBSHOP_IMAGE_1-16576.jpg\" \/>\n\t<meta property=\"og:image:width\" content=\"1486\" \/>\n\t<meta property=\"og:image:height\" content=\"1486\" \/>\n\t<meta property=\"og:image:type\" content=\"image\/jpeg\" \/>\n<meta name=\"twitter:card\" content=\"summary_large_image\" \/>\n<script type=\"application\/ld+json\" class=\"yoast-schema-graph\">{\"@context\":\"https:\/\/schema.org\",\"@graph\":[{\"@type\":\"WebPage\",\"@id\":\"https:\/\/gravelart.be\/fr\/product\/uvclean-40w\/\",\"url\":\"https:\/\/gravelart.be\/fr\/product\/uvclean-40w\/\",\"name\":\"Uv-clean 40W - Gravelart\",\"isPartOf\":{\"@id\":\"https:\/\/gravelart.be\/fr\/#website\"},\"primaryImageOfPage\":{\"@id\":\"https:\/\/gravelart.be\/fr\/product\/uvclean-40w\/#primaryimage\"},\"image\":{\"@id\":\"https:\/\/gravelart.be\/fr\/product\/uvclean-40w\/#primaryimage\"},\"thumbnailUrl\":\"https:\/\/gravelart.be\/wp-content\/uploads\/2023\/02\/WEBSHOP_IMAGE_1-16576.jpg\",\"datePublished\":\"2023-02-02T08:29:35+00:00\",\"dateModified\":\"2026-04-08T02:30:47+00:00\",\"description\":\"Bestel Uv-clean 40W voor jouw volgende tuinproject.\",\"breadcrumb\":{\"@id\":\"https:\/\/gravelart.be\/fr\/product\/uvclean-40w\/#breadcrumb\"},\"inLanguage\":\"fr-FR\",\"potentialAction\":[{\"@type\":\"ReadAction\",\"target\":[\"https:\/\/gravelart.be\/fr\/product\/uvclean-40w\/\"]}]},{\"@type\":\"ImageObject\",\"inLanguage\":\"fr-FR\",\"@id\":\"https:\/\/gravelart.be\/fr\/product\/uvclean-40w\/#primaryimage\",\"url\":\"https:\/\/gravelart.be\/wp-content\/uploads\/2023\/02\/WEBSHOP_IMAGE_1-16576.jpg\",\"contentUrl\":\"https:\/\/gravelart.be\/wp-content\/uploads\/2023\/02\/WEBSHOP_IMAGE_1-16576.jpg\",\"width\":1486,\"height\":1486},{\"@type\":\"BreadcrumbList\",\"@id\":\"https:\/\/gravelart.be\/fr\/product\/uvclean-40w\/#breadcrumb\",\"itemListElement\":[{\"@type\":\"ListItem\",\"position\":1,\"name\":\"Home\",\"item\":\"https:\/\/gravelart.be\/fr\/\"},{\"@type\":\"ListItem\",\"position\":2,\"name\":\"Produits\",\"item\":\"https:\/\/gravelart.be\/fr\/boutique\/\"},{\"@type\":\"ListItem\",\"position\":3,\"name\":\"Uv-clean 40W\"}]},{\"@type\":\"WebSite\",\"@id\":\"https:\/\/gravelart.be\/fr\/#website\",\"url\":\"https:\/\/gravelart.be\/fr\/\",\"name\":\"Gravelart\",\"description\":\"Alles voor tuin en park\",\"publisher\":{\"@id\":\"https:\/\/gravelart.be\/fr\/#organization\"},\"potentialAction\":[{\"@type\":\"SearchAction\",\"target\":{\"@type\":\"EntryPoint\",\"urlTemplate\":\"https:\/\/gravelart.be\/fr\/?s={search_term_string}\"},\"query-input\":{\"@type\":\"PropertyValueSpecification\",\"valueRequired\":true,\"valueName\":\"search_term_string\"}}],\"inLanguage\":\"fr-FR\"},{\"@type\":\"Organization\",\"@id\":\"https:\/\/gravelart.be\/fr\/#organization\",\"name\":\"Gravelart\",\"url\":\"https:\/\/gravelart.be\/fr\/\",\"logo\":{\"@type\":\"ImageObject\",\"inLanguage\":\"fr-FR\",\"@id\":\"https:\/\/gravelart.be\/fr\/#\/schema\/logo\/image\/\",\"url\":\"https:\/\/gravelart.be\/wp-content\/uploads\/2022\/10\/logo-gravelart.png\",\"contentUrl\":\"https:\/\/gravelart.be\/wp-content\/uploads\/2022\/10\/logo-gravelart.png\",\"width\":348,\"height\":186,\"caption\":\"Gravelart\"},\"image\":{\"@id\":\"https:\/\/gravelart.be\/fr\/#\/schema\/logo\/image\/\"}}]}<\/script>\n<!-- \/ Yoast SEO plugin. -->","yoast_head_json":{"title":"Uv-clean 40W - Gravelart","description":"Bestel Uv-clean 40W voor jouw volgende tuinproject.","robots":{"index":"index","follow":"follow","max-snippet":"max-snippet:-1","max-image-preview":"max-image-preview:large","max-video-preview":"max-video-preview:-1"},"canonical":"https:\/\/gravelart.be\/fr\/product\/uvclean-40w\/","og_locale":"fr_FR","og_type":"article","og_title":"Uv-clean 40W - Gravelart","og_description":"Bestel Uv-clean 40W voor jouw volgende tuinproject.","og_url":"https:\/\/gravelart.be\/fr\/product\/uvclean-40w\/","og_site_name":"Gravelart","article_modified_time":"2026-04-08T02:30:47+00:00","og_image":[{"width":1486,"height":1486,"url":"https:\/\/gravelart.be\/wp-content\/uploads\/2023\/02\/WEBSHOP_IMAGE_1-16576.jpg","type":"image\/jpeg"}],"twitter_card":"summary_large_image","schema":{"@context":"https:\/\/schema.org","@graph":[{"@type":"WebPage","@id":"https:\/\/gravelart.be\/fr\/product\/uvclean-40w\/","url":"https:\/\/gravelart.be\/fr\/product\/uvclean-40w\/","name":"Uv-clean 40W - Gravelart","isPartOf":{"@id":"https:\/\/gravelart.be\/fr\/#website"},"primaryImageOfPage":{"@id":"https:\/\/gravelart.be\/fr\/product\/uvclean-40w\/#primaryimage"},"image":{"@id":"https:\/\/gravelart.be\/fr\/product\/uvclean-40w\/#primaryimage"},"thumbnailUrl":"https:\/\/gravelart.be\/wp-content\/uploads\/2023\/02\/WEBSHOP_IMAGE_1-16576.jpg","datePublished":"2023-02-02T08:29:35+00:00","dateModified":"2026-04-08T02:30:47+00:00","description":"Bestel Uv-clean 40W voor jouw volgende tuinproject.","breadcrumb":{"@id":"https:\/\/gravelart.be\/fr\/product\/uvclean-40w\/#breadcrumb"},"inLanguage":"fr-FR","potentialAction":[{"@type":"ReadAction","target":["https:\/\/gravelart.be\/fr\/product\/uvclean-40w\/"]}]},{"@type":"ImageObject","inLanguage":"fr-FR","@id":"https:\/\/gravelart.be\/fr\/product\/uvclean-40w\/#primaryimage","url":"https:\/\/gravelart.be\/wp-content\/uploads\/2023\/02\/WEBSHOP_IMAGE_1-16576.jpg","contentUrl":"https:\/\/gravelart.be\/wp-content\/uploads\/2023\/02\/WEBSHOP_IMAGE_1-16576.jpg","width":1486,"height":1486},{"@type":"BreadcrumbList","@id":"https:\/\/gravelart.be\/fr\/product\/uvclean-40w\/#breadcrumb","itemListElement":[{"@type":"ListItem","position":1,"name":"Home","item":"https:\/\/gravelart.be\/fr\/"},{"@type":"ListItem","position":2,"name":"Produits","item":"https:\/\/gravelart.be\/fr\/boutique\/"},{"@type":"ListItem","position":3,"name":"Uv-clean 40W"}]},{"@type":"WebSite","@id":"https:\/\/gravelart.be\/fr\/#website","url":"https:\/\/gravelart.be\/fr\/","name":"Gravelart","description":"Alles voor tuin en park","publisher":{"@id":"https:\/\/gravelart.be\/fr\/#organization"},"potentialAction":[{"@type":"SearchAction","target":{"@type":"EntryPoint","urlTemplate":"https:\/\/gravelart.be\/fr\/?s={search_term_string}"},"query-input":{"@type":"PropertyValueSpecification","valueRequired":true,"valueName":"search_term_string"}}],"inLanguage":"fr-FR"},{"@type":"Organization","@id":"https:\/\/gravelart.be\/fr\/#organization","name":"Gravelart","url":"https:\/\/gravelart.be\/fr\/","logo":{"@type":"ImageObject","inLanguage":"fr-FR","@id":"https:\/\/gravelart.be\/fr\/#\/schema\/logo\/image\/","url":"https:\/\/gravelart.be\/wp-content\/uploads\/2022\/10\/logo-gravelart.png","contentUrl":"https:\/\/gravelart.be\/wp-content\/uploads\/2022\/10\/logo-gravelart.png","width":348,"height":186,"caption":"Gravelart"},"image":{"@id":"https:\/\/gravelart.be\/fr\/#\/schema\/logo\/image\/"}}]}},"_links":{"self":[{"href":"https:\/\/gravelart.be\/fr\/wp-json\/wp\/v2\/product\/33507","targetHints":{"allow":["GET"]}}],"collection":[{"href":"https:\/\/gravelart.be\/fr\/wp-json\/wp\/v2\/product"}],"about":[{"href":"https:\/\/gravelart.be\/fr\/wp-json\/wp\/v2\/types\/product"}],"replies":[{"embeddable":true,"href":"https:\/\/gravelart.be\/fr\/wp-json\/wp\/v2\/comments?post=33507"}],"wp:featuredmedia":[{"embeddable":true,"href":"https:\/\/gravelart.be\/fr\/wp-json\/wp\/v2\/media\/41284"}],"wp:attachment":[{"href":"https:\/\/gravelart.be\/fr\/wp-json\/wp\/v2\/media?parent=33507"}],"wp:term":[{"taxonomy":"product_brand","embeddable":true,"href":"https:\/\/gravelart.be\/fr\/wp-json\/wp\/v2\/product_brand?post=33507"},{"taxonomy":"product_cat","embeddable":true,"href":"https:\/\/gravelart.be\/fr\/wp-json\/wp\/v2\/product_cat?post=33507"},{"taxonomy":"product_tag","embeddable":true,"href":"https:\/\/gravelart.be\/fr\/wp-json\/wp\/v2\/product_tag?post=33507"}],"curies":[{"name":"wp","href":"https:\/\/api.w.org\/{rel}","templated":true}]}}