{"id":33511,"date":"2023-02-02T09:29:39","date_gmt":"2023-02-02T08:29:39","guid":{"rendered":"https:\/\/gravelart.be\/?post_type=product&#038;p=33511"},"modified":"2026-04-17T04:30:44","modified_gmt":"2026-04-17T02:30:44","slug":"beach-pebbles-rainbow-50-100","status":"publish","type":"product","link":"https:\/\/gravelart.be\/fr\/product\/beach-pebbles-rainbow-50-100\/","title":{"rendered":"Beach Pebbles Rainbow 50\/100"},"content":{"rendered":"","protected":false},"excerpt":{"rendered":"<p>Ces<strong> Beach Pebbles<\/strong> indubitables et color\u00e9s se composent de couches de cendres volcaniques comprim\u00e9es, \u00e9galement appel\u00e9es tuffite. Le r\u00e9sultat est un galet \u00e9l\u00e9gant et rond qui se pr\u00eate parfaitement aux \u00e9tangs ou aux gabions. <\/p>\n<p><strong>Disponible uniquement \u00e0 Wevelgem \u2013 enl\u00e8vement en big bag<\/strong><\/p>\n<p><strong>Sacs disponibles \u00e0 Zedelgem &amp; Wevelgem<\/strong><\/p>\n","protected":false},"featured_media":42929,"comment_status":"open","ping_status":"closed","template":"","meta":{"_acf_changed":false,"inline_featured_image":false},"product_brand":[],"product_cat":[4162,4151],"product_tag":[],"class_list":{"0":"post-33511","1":"product","2":"type-product","3":"status-publish","4":"has-post-thumbnail","6":"product_cat-gravier-roule","7":"product_cat-moellons-galets","9":"first","10":"instock","11":"taxable","12":"shipping-taxable","13":"purchasable","14":"product-type-variable","15":"has-default-attributes"},"acf":{"woocommerce_erp_id":"16588","woocommerce_cnk_id":"102318","product_density":1.6,"custom_prices":[{"variation_id":"46876","customer_group":"CON","customer_id":"","min_qty":1,"max_qty":9999999,"steps":1,"price":528.1,"price_incl":639,"delivery_group":"COLLECT","warehouse_id":""},{"variation_id":"46876","customer_group":"CON","customer_id":"","min_qty":1,"max_qty":9999999,"steps":1,"price":528.1,"price_incl":639,"delivery_group":"DELIVERY","warehouse_id":""},{"variation_id":"46876","customer_group":"PRO","customer_id":"","min_qty":1,"max_qty":9999999,"steps":1,"price":459.23,"price_incl":555.67,"delivery_group":"COLLECT","warehouse_id":""},{"variation_id":"46876","customer_group":"PRO","customer_id":"","min_qty":1,"max_qty":9999999,"steps":1,"price":459.23,"price_incl":555.67,"delivery_group":"DELIVERY","warehouse_id":""},{"variation_id":"46876","customer_group":"DISTRI","customer_id":"","min_qty":1,"max_qty":9999999,"steps":1,"price":438.57,"price_incl":530.67,"delivery_group":"COLLECT","warehouse_id":""},{"variation_id":"46876","customer_group":"DISTRI","customer_id":"","min_qty":1,"max_qty":9999999,"steps":1,"price":438.57,"price_incl":530.67,"delivery_group":"DELIVERY","warehouse_id":""},{"variation_id":"48120","customer_group":"PRO","customer_id":"","min_qty":1,"max_qty":9999999,"steps":1,"price":9.35,"price_incl":11.31,"delivery_group":"COLLECT","warehouse_id":""},{"variation_id":"48120","customer_group":"PRO","customer_id":"","min_qty":1,"max_qty":9999999,"steps":1,"price":9.35,"price_incl":11.31,"delivery_group":"DELIVERY","warehouse_id":""},{"variation_id":"48120","customer_group":"DISTRI","customer_id":"129214","min_qty":1,"max_qty":9999999,"steps":1,"price":6.87,"price_incl":8.31,"delivery_group":"DELIVERY","warehouse_id":""},{"variation_id":"48120","customer_group":"DISTRI","customer_id":"129214","min_qty":1,"max_qty":9999999,"steps":1,"price":6.87,"price_incl":8.31,"delivery_group":"COLLECT","warehouse_id":""},{"variation_id":"48120","customer_group":"DISTRI","customer_id":"","min_qty":1,"max_qty":9999999,"steps":1,"price":9,"price_incl":10.89,"delivery_group":"COLLECT","warehouse_id":""},{"variation_id":"48120","customer_group":"DISTRI","customer_id":"","min_qty":1,"max_qty":9999999,"steps":1,"price":9,"price_incl":10.89,"delivery_group":"DELIVERY","warehouse_id":""},{"variation_id":"48120","customer_group":"CON","customer_id":"","min_qty":1,"max_qty":9999999,"steps":1,"price":10.74,"price_incl":13,"delivery_group":"COLLECT","warehouse_id":""},{"variation_id":"48120","customer_group":"CON","customer_id":"","min_qty":1,"max_qty":9999999,"steps":1,"price":10.74,"price_incl":13,"delivery_group":"DELIVERY","warehouse_id":""}],"packaging_ids":[{"packaging_name":"","packaging_id":"","erp_id":"16588"},{"packaging_name":"Pi\u00e8ce","packaging_id":"73","erp_id":"17568"}]},"yoast_head":"<!-- This site is optimized with the Yoast SEO plugin v27.3 - https:\/\/yoast.com\/product\/yoast-seo-wordpress\/ -->\n<title>Beach Pebbles Rainbow 50\/100 - Gravelart<\/title>\n<meta name=\"description\" content=\"Beach Pebbles Rainbow 50\/100 : galets d\u00e9coratifs ronds et \u00e9l\u00e9gants aux nuances naturelles. Id\u00e9als pour les \u00e9tangs, les gabions et les accents d\u00e9coratifs au jardin.\" \/>\n<meta name=\"robots\" content=\"index, follow, max-snippet:-1, max-image-preview:large, max-video-preview:-1\" \/>\n<link rel=\"canonical\" href=\"https:\/\/gravelart.be\/fr\/product\/beach-pebbles-rainbow-50-100\/\" \/>\n<meta property=\"og:locale\" content=\"fr_FR\" \/>\n<meta property=\"og:type\" content=\"article\" \/>\n<meta property=\"og:title\" content=\"Beach Pebbles Rainbow 50\/100 - Gravelart\" \/>\n<meta property=\"og:description\" content=\"Beach Pebbles Rainbow 50\/100 : galets d\u00e9coratifs ronds et \u00e9l\u00e9gants aux nuances naturelles. Id\u00e9als pour les \u00e9tangs, les gabions et les accents d\u00e9coratifs au jardin.\" \/>\n<meta property=\"og:url\" content=\"https:\/\/gravelart.be\/fr\/product\/beach-pebbles-rainbow-50-100\/\" \/>\n<meta property=\"og:site_name\" content=\"Gravelart\" \/>\n<meta property=\"article:modified_time\" content=\"2026-04-17T02:30:44+00:00\" \/>\n<meta property=\"og:image\" content=\"https:\/\/gravelart.be\/wp-content\/uploads\/2023\/02\/WEBSHOP_IMAGE_1-16588.jpg\" \/>\n\t<meta property=\"og:image:width\" content=\"1000\" \/>\n\t<meta property=\"og:image:height\" content=\"666\" \/>\n\t<meta property=\"og:image:type\" content=\"image\/jpeg\" \/>\n<meta name=\"twitter:card\" content=\"summary_large_image\" \/>\n<script type=\"application\/ld+json\" class=\"yoast-schema-graph\">{\"@context\":\"https:\\\/\\\/schema.org\",\"@graph\":[{\"@type\":\"WebPage\",\"@id\":\"https:\\\/\\\/gravelart.be\\\/fr\\\/product\\\/beach-pebbles-rainbow-50-100\\\/\",\"url\":\"https:\\\/\\\/gravelart.be\\\/fr\\\/product\\\/beach-pebbles-rainbow-50-100\\\/\",\"name\":\"Beach Pebbles Rainbow 50\\\/100 - Gravelart\",\"isPartOf\":{\"@id\":\"https:\\\/\\\/gravelart.be\\\/fr\\\/#website\"},\"primaryImageOfPage\":{\"@id\":\"https:\\\/\\\/gravelart.be\\\/fr\\\/product\\\/beach-pebbles-rainbow-50-100\\\/#primaryimage\"},\"image\":{\"@id\":\"https:\\\/\\\/gravelart.be\\\/fr\\\/product\\\/beach-pebbles-rainbow-50-100\\\/#primaryimage\"},\"thumbnailUrl\":\"https:\\\/\\\/gravelart.be\\\/wp-content\\\/uploads\\\/2023\\\/02\\\/WEBSHOP_IMAGE_1-16588.jpg\",\"datePublished\":\"2023-02-02T08:29:39+00:00\",\"dateModified\":\"2026-04-17T02:30:44+00:00\",\"description\":\"Beach Pebbles Rainbow 50\\\/100 : galets d\u00e9coratifs ronds et \u00e9l\u00e9gants aux nuances naturelles. Id\u00e9als pour les \u00e9tangs, les gabions et les accents d\u00e9coratifs au jardin.\",\"breadcrumb\":{\"@id\":\"https:\\\/\\\/gravelart.be\\\/fr\\\/product\\\/beach-pebbles-rainbow-50-100\\\/#breadcrumb\"},\"inLanguage\":\"fr-FR\",\"potentialAction\":[{\"@type\":\"ReadAction\",\"target\":[\"https:\\\/\\\/gravelart.be\\\/fr\\\/product\\\/beach-pebbles-rainbow-50-100\\\/\"]}]},{\"@type\":\"ImageObject\",\"inLanguage\":\"fr-FR\",\"@id\":\"https:\\\/\\\/gravelart.be\\\/fr\\\/product\\\/beach-pebbles-rainbow-50-100\\\/#primaryimage\",\"url\":\"https:\\\/\\\/gravelart.be\\\/wp-content\\\/uploads\\\/2023\\\/02\\\/WEBSHOP_IMAGE_1-16588.jpg\",\"contentUrl\":\"https:\\\/\\\/gravelart.be\\\/wp-content\\\/uploads\\\/2023\\\/02\\\/WEBSHOP_IMAGE_1-16588.jpg\",\"width\":1000,\"height\":666,\"caption\":\"Sec\"},{\"@type\":\"BreadcrumbList\",\"@id\":\"https:\\\/\\\/gravelart.be\\\/fr\\\/product\\\/beach-pebbles-rainbow-50-100\\\/#breadcrumb\",\"itemListElement\":[{\"@type\":\"ListItem\",\"position\":1,\"name\":\"Home\",\"item\":\"https:\\\/\\\/gravelart.be\\\/fr\\\/\"},{\"@type\":\"ListItem\",\"position\":2,\"name\":\"Produits\",\"item\":\"https:\\\/\\\/gravelart.be\\\/fr\\\/boutique\\\/\"},{\"@type\":\"ListItem\",\"position\":3,\"name\":\"Beach Pebbles Rainbow 50\\\/100\"}]},{\"@type\":\"WebSite\",\"@id\":\"https:\\\/\\\/gravelart.be\\\/fr\\\/#website\",\"url\":\"https:\\\/\\\/gravelart.be\\\/fr\\\/\",\"name\":\"Gravelart\",\"description\":\"Alles voor tuin en park\",\"publisher\":{\"@id\":\"https:\\\/\\\/gravelart.be\\\/fr\\\/#organization\"},\"potentialAction\":[{\"@type\":\"SearchAction\",\"target\":{\"@type\":\"EntryPoint\",\"urlTemplate\":\"https:\\\/\\\/gravelart.be\\\/fr\\\/?s={search_term_string}\"},\"query-input\":{\"@type\":\"PropertyValueSpecification\",\"valueRequired\":true,\"valueName\":\"search_term_string\"}}],\"inLanguage\":\"fr-FR\"},{\"@type\":\"Organization\",\"@id\":\"https:\\\/\\\/gravelart.be\\\/fr\\\/#organization\",\"name\":\"Gravelart\",\"url\":\"https:\\\/\\\/gravelart.be\\\/fr\\\/\",\"logo\":{\"@type\":\"ImageObject\",\"inLanguage\":\"fr-FR\",\"@id\":\"https:\\\/\\\/gravelart.be\\\/fr\\\/#\\\/schema\\\/logo\\\/image\\\/\",\"url\":\"https:\\\/\\\/gravelart.be\\\/wp-content\\\/uploads\\\/2022\\\/10\\\/logo-gravelart.png\",\"contentUrl\":\"https:\\\/\\\/gravelart.be\\\/wp-content\\\/uploads\\\/2022\\\/10\\\/logo-gravelart.png\",\"width\":348,\"height\":186,\"caption\":\"Gravelart\"},\"image\":{\"@id\":\"https:\\\/\\\/gravelart.be\\\/fr\\\/#\\\/schema\\\/logo\\\/image\\\/\"}}]}<\/script>\n<!-- \/ Yoast SEO plugin. -->","yoast_head_json":{"title":"Beach Pebbles Rainbow 50\/100 - Gravelart","description":"Beach Pebbles Rainbow 50\/100 : galets d\u00e9coratifs ronds et \u00e9l\u00e9gants aux nuances naturelles. Id\u00e9als pour les \u00e9tangs, les gabions et les accents d\u00e9coratifs au jardin.","robots":{"index":"index","follow":"follow","max-snippet":"max-snippet:-1","max-image-preview":"max-image-preview:large","max-video-preview":"max-video-preview:-1"},"canonical":"https:\/\/gravelart.be\/fr\/product\/beach-pebbles-rainbow-50-100\/","og_locale":"fr_FR","og_type":"article","og_title":"Beach Pebbles Rainbow 50\/100 - Gravelart","og_description":"Beach Pebbles Rainbow 50\/100 : galets d\u00e9coratifs ronds et \u00e9l\u00e9gants aux nuances naturelles. Id\u00e9als pour les \u00e9tangs, les gabions et les accents d\u00e9coratifs au jardin.","og_url":"https:\/\/gravelart.be\/fr\/product\/beach-pebbles-rainbow-50-100\/","og_site_name":"Gravelart","article_modified_time":"2026-04-17T02:30:44+00:00","og_image":[{"width":1000,"height":666,"url":"https:\/\/gravelart.be\/wp-content\/uploads\/2023\/02\/WEBSHOP_IMAGE_1-16588.jpg","type":"image\/jpeg"}],"twitter_card":"summary_large_image","schema":{"@context":"https:\/\/schema.org","@graph":[{"@type":"WebPage","@id":"https:\/\/gravelart.be\/fr\/product\/beach-pebbles-rainbow-50-100\/","url":"https:\/\/gravelart.be\/fr\/product\/beach-pebbles-rainbow-50-100\/","name":"Beach Pebbles Rainbow 50\/100 - Gravelart","isPartOf":{"@id":"https:\/\/gravelart.be\/fr\/#website"},"primaryImageOfPage":{"@id":"https:\/\/gravelart.be\/fr\/product\/beach-pebbles-rainbow-50-100\/#primaryimage"},"image":{"@id":"https:\/\/gravelart.be\/fr\/product\/beach-pebbles-rainbow-50-100\/#primaryimage"},"thumbnailUrl":"https:\/\/gravelart.be\/wp-content\/uploads\/2023\/02\/WEBSHOP_IMAGE_1-16588.jpg","datePublished":"2023-02-02T08:29:39+00:00","dateModified":"2026-04-17T02:30:44+00:00","description":"Beach Pebbles Rainbow 50\/100 : galets d\u00e9coratifs ronds et \u00e9l\u00e9gants aux nuances naturelles. Id\u00e9als pour les \u00e9tangs, les gabions et les accents d\u00e9coratifs au jardin.","breadcrumb":{"@id":"https:\/\/gravelart.be\/fr\/product\/beach-pebbles-rainbow-50-100\/#breadcrumb"},"inLanguage":"fr-FR","potentialAction":[{"@type":"ReadAction","target":["https:\/\/gravelart.be\/fr\/product\/beach-pebbles-rainbow-50-100\/"]}]},{"@type":"ImageObject","inLanguage":"fr-FR","@id":"https:\/\/gravelart.be\/fr\/product\/beach-pebbles-rainbow-50-100\/#primaryimage","url":"https:\/\/gravelart.be\/wp-content\/uploads\/2023\/02\/WEBSHOP_IMAGE_1-16588.jpg","contentUrl":"https:\/\/gravelart.be\/wp-content\/uploads\/2023\/02\/WEBSHOP_IMAGE_1-16588.jpg","width":1000,"height":666,"caption":"Sec"},{"@type":"BreadcrumbList","@id":"https:\/\/gravelart.be\/fr\/product\/beach-pebbles-rainbow-50-100\/#breadcrumb","itemListElement":[{"@type":"ListItem","position":1,"name":"Home","item":"https:\/\/gravelart.be\/fr\/"},{"@type":"ListItem","position":2,"name":"Produits","item":"https:\/\/gravelart.be\/fr\/boutique\/"},{"@type":"ListItem","position":3,"name":"Beach Pebbles Rainbow 50\/100"}]},{"@type":"WebSite","@id":"https:\/\/gravelart.be\/fr\/#website","url":"https:\/\/gravelart.be\/fr\/","name":"Gravelart","description":"Alles voor tuin en park","publisher":{"@id":"https:\/\/gravelart.be\/fr\/#organization"},"potentialAction":[{"@type":"SearchAction","target":{"@type":"EntryPoint","urlTemplate":"https:\/\/gravelart.be\/fr\/?s={search_term_string}"},"query-input":{"@type":"PropertyValueSpecification","valueRequired":true,"valueName":"search_term_string"}}],"inLanguage":"fr-FR"},{"@type":"Organization","@id":"https:\/\/gravelart.be\/fr\/#organization","name":"Gravelart","url":"https:\/\/gravelart.be\/fr\/","logo":{"@type":"ImageObject","inLanguage":"fr-FR","@id":"https:\/\/gravelart.be\/fr\/#\/schema\/logo\/image\/","url":"https:\/\/gravelart.be\/wp-content\/uploads\/2022\/10\/logo-gravelart.png","contentUrl":"https:\/\/gravelart.be\/wp-content\/uploads\/2022\/10\/logo-gravelart.png","width":348,"height":186,"caption":"Gravelart"},"image":{"@id":"https:\/\/gravelart.be\/fr\/#\/schema\/logo\/image\/"}}]}},"_links":{"self":[{"href":"https:\/\/gravelart.be\/fr\/wp-json\/wp\/v2\/product\/33511","targetHints":{"allow":["GET"]}}],"collection":[{"href":"https:\/\/gravelart.be\/fr\/wp-json\/wp\/v2\/product"}],"about":[{"href":"https:\/\/gravelart.be\/fr\/wp-json\/wp\/v2\/types\/product"}],"replies":[{"embeddable":true,"href":"https:\/\/gravelart.be\/fr\/wp-json\/wp\/v2\/comments?post=33511"}],"wp:featuredmedia":[{"embeddable":true,"href":"https:\/\/gravelart.be\/fr\/wp-json\/wp\/v2\/media\/42929"}],"wp:attachment":[{"href":"https:\/\/gravelart.be\/fr\/wp-json\/wp\/v2\/media?parent=33511"}],"wp:term":[{"taxonomy":"product_brand","embeddable":true,"href":"https:\/\/gravelart.be\/fr\/wp-json\/wp\/v2\/product_brand?post=33511"},{"taxonomy":"product_cat","embeddable":true,"href":"https:\/\/gravelart.be\/fr\/wp-json\/wp\/v2\/product_cat?post=33511"},{"taxonomy":"product_tag","embeddable":true,"href":"https:\/\/gravelart.be\/fr\/wp-json\/wp\/v2\/product_tag?post=33511"}],"curies":[{"name":"wp","href":"https:\/\/api.w.org\/{rel}","templated":true}]}}