{"id":33541,"date":"2023-02-02T09:30:10","date_gmt":"2023-02-02T08:30:10","guid":{"rendered":"https:\/\/gravelart.be\/?post_type=product&#038;p=33541"},"modified":"2026-04-26T04:30:32","modified_gmt":"2026-04-26T02:30:32","slug":"gravelart-evergreen-pommery-2m","status":"publish","type":"product","link":"https:\/\/gravelart.be\/fr\/product\/gravelart-evergreen-pommery-2m\/","title":{"rendered":"Gravelart Evergreen Pommery 2m"},"content":{"rendered":"","protected":false},"excerpt":{"rendered":"<p>Sans aucun doute l&rsquo;un des types de gazon artificiel les plus authentiques. Pommery utilise du fil monofilament vert 4 couleurs et une combinaison de nuances marron clair. Le r\u00e9sultat est une pelouse luxueuse, dense et de haute qualit\u00e9. Hauteur de poil de 40 mm. N\u00e9cessite peu d&rsquo;entretien, un rapport qualit\u00e9-prix imbattable et une garantie de 9 ans sur la r\u00e9sistance aux UV. Disponible en largeur de 2 et 4 m\u00e8tres.<\/p>\n<ul>\n<li>Dimensions: 2 et 4 m\u00e8tres de largeur<\/li>\n<li>Livraison: dans les 5 jours ouvrables<\/li>\n<\/ul>\n","protected":false},"featured_media":40979,"comment_status":"open","ping_status":"closed","template":"","meta":{"_acf_changed":false,"inline_featured_image":false},"product_brand":[],"product_cat":[4157],"product_tag":[],"class_list":{"0":"post-33541","1":"product","2":"type-product","3":"status-publish","4":"has-post-thumbnail","6":"product_cat-gazon-synthetique","8":"first","9":"instock","10":"taxable","11":"shipping-taxable","12":"purchasable","13":"product-type-variable","14":"has-default-attributes"},"acf":{"woocommerce_erp_id":"16787","woocommerce_cnk_id":"102440","product_density":1,"custom_prices":[{"variation_id":"40980","customer_group":"DISTRI","customer_id":"","min_qty":20,"max_qty":9999999,"steps":0.01,"price":24.6,"price_incl":29.77,"delivery_group":"COLLECT","warehouse_id":"Z"},{"variation_id":"40980","customer_group":"DISTRI","customer_id":"","min_qty":20,"max_qty":9999999,"steps":0.01,"price":24.6,"price_incl":29.77,"delivery_group":"DELIVERY","warehouse_id":"Z"},{"variation_id":"40980","customer_group":"DISTRI","customer_id":"","min_qty":20,"max_qty":9999999,"steps":0.01,"price":24.6,"price_incl":29.77,"delivery_group":"COLLECT","warehouse_id":"L"},{"variation_id":"40980","customer_group":"DISTRI","customer_id":"","min_qty":20,"max_qty":9999999,"steps":0.01,"price":24.6,"price_incl":29.77,"delivery_group":"DELIVERY","warehouse_id":"L"},{"variation_id":"40980","customer_group":"DISTRI","customer_id":"","min_qty":20,"max_qty":9999999,"steps":0.01,"price":24.6,"price_incl":29.77,"delivery_group":"COLLECT","warehouse_id":""},{"variation_id":"40980","customer_group":"DISTRI","customer_id":"","min_qty":20,"max_qty":9999999,"steps":0.01,"price":24.6,"price_incl":29.77,"delivery_group":"DELIVERY","warehouse_id":""},{"variation_id":"40980","customer_group":"PRO","customer_id":"","min_qty":20,"max_qty":9999999,"steps":0.01,"price":26.6,"price_incl":32.19,"delivery_group":"COLLECT","warehouse_id":"Z"},{"variation_id":"40980","customer_group":"PRO","customer_id":"","min_qty":20,"max_qty":9999999,"steps":0.01,"price":26.6,"price_incl":32.19,"delivery_group":"DELIVERY","warehouse_id":"Z"},{"variation_id":"40980","customer_group":"PRO","customer_id":"","min_qty":20,"max_qty":9999999,"steps":0.01,"price":26.6,"price_incl":32.19,"delivery_group":"COLLECT","warehouse_id":"L"},{"variation_id":"40980","customer_group":"PRO","customer_id":"","min_qty":20,"max_qty":9999999,"steps":0.01,"price":26.6,"price_incl":32.19,"delivery_group":"DELIVERY","warehouse_id":"L"},{"variation_id":"40980","customer_group":"PRO","customer_id":"","min_qty":20,"max_qty":9999999,"steps":0.01,"price":26.6,"price_incl":32.19,"delivery_group":"COLLECT","warehouse_id":""},{"variation_id":"40980","customer_group":"PRO","customer_id":"","min_qty":20,"max_qty":9999999,"steps":0.01,"price":26.6,"price_incl":32.19,"delivery_group":"DELIVERY","warehouse_id":""},{"variation_id":"40980","customer_group":"CON","customer_id":"","min_qty":20,"max_qty":9999999,"steps":0.01,"price":31.9,"price_incl":38.6,"delivery_group":"COLLECT","warehouse_id":"Z"},{"variation_id":"40980","customer_group":"CON","customer_id":"","min_qty":20,"max_qty":9999999,"steps":0.01,"price":31.9,"price_incl":38.6,"delivery_group":"DELIVERY","warehouse_id":"Z"},{"variation_id":"40980","customer_group":"CON","customer_id":"","min_qty":20,"max_qty":9999999,"steps":0.01,"price":31.9,"price_incl":38.6,"delivery_group":"COLLECT","warehouse_id":"L"},{"variation_id":"40980","customer_group":"CON","customer_id":"","min_qty":20,"max_qty":9999999,"steps":0.01,"price":31.9,"price_incl":38.6,"delivery_group":"DELIVERY","warehouse_id":"L"},{"variation_id":"40980","customer_group":"CON","customer_id":"","min_qty":20,"max_qty":9999999,"steps":0.01,"price":31.9,"price_incl":38.6,"delivery_group":"COLLECT","warehouse_id":""},{"variation_id":"40980","customer_group":"CON","customer_id":"","min_qty":20,"max_qty":9999999,"steps":0.01,"price":31.9,"price_incl":38.6,"delivery_group":"DELIVERY","warehouse_id":""},{"variation_id":"40980","customer_group":"DISTRI","customer_id":"129214","min_qty":20,"max_qty":9999999,"steps":0.01,"price":19.87,"price_incl":24.04,"delivery_group":"COLLECT","warehouse_id":"Z"},{"variation_id":"40980","customer_group":"DISTRI","customer_id":"129214","min_qty":20,"max_qty":9999999,"steps":0.01,"price":19.87,"price_incl":24.04,"delivery_group":"DELIVERY","warehouse_id":"Z"},{"variation_id":"40980","customer_group":"DISTRI","customer_id":"129214","min_qty":20,"max_qty":9999999,"steps":0.01,"price":19.87,"price_incl":24.04,"delivery_group":"COLLECT","warehouse_id":""},{"variation_id":"40980","customer_group":"DISTRI","customer_id":"129214","min_qty":20,"max_qty":9999999,"steps":0.01,"price":19.87,"price_incl":24.04,"delivery_group":"DELIVERY","warehouse_id":""}],"packaging_ids":[{"packaging_name":"m\u00b2","packaging_id":"96","erp_id":"16787"}]},"yoast_head":"<!-- This site is optimized with the Yoast SEO plugin v27.3 - https:\/\/yoast.com\/product\/yoast-seo-wordpress\/ -->\n<title>Gravelart Evergreen Pommery 2m - Gravelart<\/title>\n<meta name=\"description\" content=\"Bestel Gravelart Evergreen Pommery 2m voor jouw volgende tuinproject.\" \/>\n<meta name=\"robots\" content=\"index, follow, max-snippet:-1, max-image-preview:large, max-video-preview:-1\" \/>\n<link rel=\"canonical\" href=\"https:\/\/gravelart.be\/fr\/product\/gravelart-evergreen-pommery-2m\/\" \/>\n<meta property=\"og:locale\" content=\"fr_FR\" \/>\n<meta property=\"og:type\" content=\"article\" \/>\n<meta property=\"og:title\" content=\"Gravelart Evergreen Pommery 2m - Gravelart\" \/>\n<meta property=\"og:description\" content=\"Bestel Gravelart Evergreen Pommery 2m voor jouw volgende tuinproject.\" \/>\n<meta property=\"og:url\" content=\"https:\/\/gravelart.be\/fr\/product\/gravelart-evergreen-pommery-2m\/\" \/>\n<meta property=\"og:site_name\" content=\"Gravelart\" \/>\n<meta property=\"article:modified_time\" content=\"2026-04-26T02:30:32+00:00\" \/>\n<meta property=\"og:image\" content=\"https:\/\/gravelart.be\/wp-content\/uploads\/2023\/02\/WEBSHOP_IMAGE_1-16787.jpg\" \/>\n\t<meta property=\"og:image:width\" content=\"868\" \/>\n\t<meta property=\"og:image:height\" content=\"604\" \/>\n\t<meta property=\"og:image:type\" content=\"image\/jpeg\" \/>\n<meta name=\"twitter:card\" content=\"summary_large_image\" \/>\n<script type=\"application\/ld+json\" class=\"yoast-schema-graph\">{\"@context\":\"https:\\\/\\\/schema.org\",\"@graph\":[{\"@type\":\"WebPage\",\"@id\":\"https:\\\/\\\/gravelart.be\\\/fr\\\/product\\\/gravelart-evergreen-pommery-2m\\\/\",\"url\":\"https:\\\/\\\/gravelart.be\\\/fr\\\/product\\\/gravelart-evergreen-pommery-2m\\\/\",\"name\":\"Gravelart Evergreen Pommery 2m - Gravelart\",\"isPartOf\":{\"@id\":\"https:\\\/\\\/gravelart.be\\\/fr\\\/#website\"},\"primaryImageOfPage\":{\"@id\":\"https:\\\/\\\/gravelart.be\\\/fr\\\/product\\\/gravelart-evergreen-pommery-2m\\\/#primaryimage\"},\"image\":{\"@id\":\"https:\\\/\\\/gravelart.be\\\/fr\\\/product\\\/gravelart-evergreen-pommery-2m\\\/#primaryimage\"},\"thumbnailUrl\":\"https:\\\/\\\/gravelart.be\\\/wp-content\\\/uploads\\\/2023\\\/02\\\/WEBSHOP_IMAGE_1-16787.jpg\",\"datePublished\":\"2023-02-02T08:30:10+00:00\",\"dateModified\":\"2026-04-26T02:30:32+00:00\",\"description\":\"Bestel Gravelart Evergreen Pommery 2m voor jouw volgende tuinproject.\",\"breadcrumb\":{\"@id\":\"https:\\\/\\\/gravelart.be\\\/fr\\\/product\\\/gravelart-evergreen-pommery-2m\\\/#breadcrumb\"},\"inLanguage\":\"fr-FR\",\"potentialAction\":[{\"@type\":\"ReadAction\",\"target\":[\"https:\\\/\\\/gravelart.be\\\/fr\\\/product\\\/gravelart-evergreen-pommery-2m\\\/\"]}]},{\"@type\":\"ImageObject\",\"inLanguage\":\"fr-FR\",\"@id\":\"https:\\\/\\\/gravelart.be\\\/fr\\\/product\\\/gravelart-evergreen-pommery-2m\\\/#primaryimage\",\"url\":\"https:\\\/\\\/gravelart.be\\\/wp-content\\\/uploads\\\/2023\\\/02\\\/WEBSHOP_IMAGE_1-16787.jpg\",\"contentUrl\":\"https:\\\/\\\/gravelart.be\\\/wp-content\\\/uploads\\\/2023\\\/02\\\/WEBSHOP_IMAGE_1-16787.jpg\",\"width\":868,\"height\":604,\"caption\":\"Kunstgras Pommery\"},{\"@type\":\"BreadcrumbList\",\"@id\":\"https:\\\/\\\/gravelart.be\\\/fr\\\/product\\\/gravelart-evergreen-pommery-2m\\\/#breadcrumb\",\"itemListElement\":[{\"@type\":\"ListItem\",\"position\":1,\"name\":\"Home\",\"item\":\"https:\\\/\\\/gravelart.be\\\/fr\\\/\"},{\"@type\":\"ListItem\",\"position\":2,\"name\":\"Produits\",\"item\":\"https:\\\/\\\/gravelart.be\\\/fr\\\/boutique\\\/\"},{\"@type\":\"ListItem\",\"position\":3,\"name\":\"Gravelart Evergreen Pommery 2m\"}]},{\"@type\":\"WebSite\",\"@id\":\"https:\\\/\\\/gravelart.be\\\/fr\\\/#website\",\"url\":\"https:\\\/\\\/gravelart.be\\\/fr\\\/\",\"name\":\"Gravelart\",\"description\":\"Alles voor tuin en park\",\"publisher\":{\"@id\":\"https:\\\/\\\/gravelart.be\\\/fr\\\/#organization\"},\"potentialAction\":[{\"@type\":\"SearchAction\",\"target\":{\"@type\":\"EntryPoint\",\"urlTemplate\":\"https:\\\/\\\/gravelart.be\\\/fr\\\/?s={search_term_string}\"},\"query-input\":{\"@type\":\"PropertyValueSpecification\",\"valueRequired\":true,\"valueName\":\"search_term_string\"}}],\"inLanguage\":\"fr-FR\"},{\"@type\":\"Organization\",\"@id\":\"https:\\\/\\\/gravelart.be\\\/fr\\\/#organization\",\"name\":\"Gravelart\",\"url\":\"https:\\\/\\\/gravelart.be\\\/fr\\\/\",\"logo\":{\"@type\":\"ImageObject\",\"inLanguage\":\"fr-FR\",\"@id\":\"https:\\\/\\\/gravelart.be\\\/fr\\\/#\\\/schema\\\/logo\\\/image\\\/\",\"url\":\"https:\\\/\\\/gravelart.be\\\/wp-content\\\/uploads\\\/2022\\\/10\\\/logo-gravelart.png\",\"contentUrl\":\"https:\\\/\\\/gravelart.be\\\/wp-content\\\/uploads\\\/2022\\\/10\\\/logo-gravelart.png\",\"width\":348,\"height\":186,\"caption\":\"Gravelart\"},\"image\":{\"@id\":\"https:\\\/\\\/gravelart.be\\\/fr\\\/#\\\/schema\\\/logo\\\/image\\\/\"}}]}<\/script>\n<!-- \/ Yoast SEO plugin. -->","yoast_head_json":{"title":"Gravelart Evergreen Pommery 2m - Gravelart","description":"Bestel Gravelart Evergreen Pommery 2m voor jouw volgende tuinproject.","robots":{"index":"index","follow":"follow","max-snippet":"max-snippet:-1","max-image-preview":"max-image-preview:large","max-video-preview":"max-video-preview:-1"},"canonical":"https:\/\/gravelart.be\/fr\/product\/gravelart-evergreen-pommery-2m\/","og_locale":"fr_FR","og_type":"article","og_title":"Gravelart Evergreen Pommery 2m - Gravelart","og_description":"Bestel Gravelart Evergreen Pommery 2m voor jouw volgende tuinproject.","og_url":"https:\/\/gravelart.be\/fr\/product\/gravelart-evergreen-pommery-2m\/","og_site_name":"Gravelart","article_modified_time":"2026-04-26T02:30:32+00:00","og_image":[{"width":868,"height":604,"url":"https:\/\/gravelart.be\/wp-content\/uploads\/2023\/02\/WEBSHOP_IMAGE_1-16787.jpg","type":"image\/jpeg"}],"twitter_card":"summary_large_image","schema":{"@context":"https:\/\/schema.org","@graph":[{"@type":"WebPage","@id":"https:\/\/gravelart.be\/fr\/product\/gravelart-evergreen-pommery-2m\/","url":"https:\/\/gravelart.be\/fr\/product\/gravelart-evergreen-pommery-2m\/","name":"Gravelart Evergreen Pommery 2m - Gravelart","isPartOf":{"@id":"https:\/\/gravelart.be\/fr\/#website"},"primaryImageOfPage":{"@id":"https:\/\/gravelart.be\/fr\/product\/gravelart-evergreen-pommery-2m\/#primaryimage"},"image":{"@id":"https:\/\/gravelart.be\/fr\/product\/gravelart-evergreen-pommery-2m\/#primaryimage"},"thumbnailUrl":"https:\/\/gravelart.be\/wp-content\/uploads\/2023\/02\/WEBSHOP_IMAGE_1-16787.jpg","datePublished":"2023-02-02T08:30:10+00:00","dateModified":"2026-04-26T02:30:32+00:00","description":"Bestel Gravelart Evergreen Pommery 2m voor jouw volgende tuinproject.","breadcrumb":{"@id":"https:\/\/gravelart.be\/fr\/product\/gravelart-evergreen-pommery-2m\/#breadcrumb"},"inLanguage":"fr-FR","potentialAction":[{"@type":"ReadAction","target":["https:\/\/gravelart.be\/fr\/product\/gravelart-evergreen-pommery-2m\/"]}]},{"@type":"ImageObject","inLanguage":"fr-FR","@id":"https:\/\/gravelart.be\/fr\/product\/gravelart-evergreen-pommery-2m\/#primaryimage","url":"https:\/\/gravelart.be\/wp-content\/uploads\/2023\/02\/WEBSHOP_IMAGE_1-16787.jpg","contentUrl":"https:\/\/gravelart.be\/wp-content\/uploads\/2023\/02\/WEBSHOP_IMAGE_1-16787.jpg","width":868,"height":604,"caption":"Kunstgras Pommery"},{"@type":"BreadcrumbList","@id":"https:\/\/gravelart.be\/fr\/product\/gravelart-evergreen-pommery-2m\/#breadcrumb","itemListElement":[{"@type":"ListItem","position":1,"name":"Home","item":"https:\/\/gravelart.be\/fr\/"},{"@type":"ListItem","position":2,"name":"Produits","item":"https:\/\/gravelart.be\/fr\/boutique\/"},{"@type":"ListItem","position":3,"name":"Gravelart Evergreen Pommery 2m"}]},{"@type":"WebSite","@id":"https:\/\/gravelart.be\/fr\/#website","url":"https:\/\/gravelart.be\/fr\/","name":"Gravelart","description":"Alles voor tuin en park","publisher":{"@id":"https:\/\/gravelart.be\/fr\/#organization"},"potentialAction":[{"@type":"SearchAction","target":{"@type":"EntryPoint","urlTemplate":"https:\/\/gravelart.be\/fr\/?s={search_term_string}"},"query-input":{"@type":"PropertyValueSpecification","valueRequired":true,"valueName":"search_term_string"}}],"inLanguage":"fr-FR"},{"@type":"Organization","@id":"https:\/\/gravelart.be\/fr\/#organization","name":"Gravelart","url":"https:\/\/gravelart.be\/fr\/","logo":{"@type":"ImageObject","inLanguage":"fr-FR","@id":"https:\/\/gravelart.be\/fr\/#\/schema\/logo\/image\/","url":"https:\/\/gravelart.be\/wp-content\/uploads\/2022\/10\/logo-gravelart.png","contentUrl":"https:\/\/gravelart.be\/wp-content\/uploads\/2022\/10\/logo-gravelart.png","width":348,"height":186,"caption":"Gravelart"},"image":{"@id":"https:\/\/gravelart.be\/fr\/#\/schema\/logo\/image\/"}}]}},"_links":{"self":[{"href":"https:\/\/gravelart.be\/fr\/wp-json\/wp\/v2\/product\/33541","targetHints":{"allow":["GET"]}}],"collection":[{"href":"https:\/\/gravelart.be\/fr\/wp-json\/wp\/v2\/product"}],"about":[{"href":"https:\/\/gravelart.be\/fr\/wp-json\/wp\/v2\/types\/product"}],"replies":[{"embeddable":true,"href":"https:\/\/gravelart.be\/fr\/wp-json\/wp\/v2\/comments?post=33541"}],"wp:featuredmedia":[{"embeddable":true,"href":"https:\/\/gravelart.be\/fr\/wp-json\/wp\/v2\/media\/40979"}],"wp:attachment":[{"href":"https:\/\/gravelart.be\/fr\/wp-json\/wp\/v2\/media?parent=33541"}],"wp:term":[{"taxonomy":"product_brand","embeddable":true,"href":"https:\/\/gravelart.be\/fr\/wp-json\/wp\/v2\/product_brand?post=33541"},{"taxonomy":"product_cat","embeddable":true,"href":"https:\/\/gravelart.be\/fr\/wp-json\/wp\/v2\/product_cat?post=33541"},{"taxonomy":"product_tag","embeddable":true,"href":"https:\/\/gravelart.be\/fr\/wp-json\/wp\/v2\/product_tag?post=33541"}],"curies":[{"name":"wp","href":"https:\/\/api.w.org\/{rel}","templated":true}]}}