{"id":33543,"date":"2023-02-02T09:30:13","date_gmt":"2023-02-02T08:30:13","guid":{"rendered":"https:\/\/gravelart.be\/?post_type=product&#038;p=33543"},"modified":"2026-05-07T04:30:38","modified_gmt":"2026-05-07T02:30:38","slug":"water-saver-yellow-jacket-5kg","status":"publish","type":"product","link":"https:\/\/gravelart.be\/fr\/product\/water-saver-yellow-jacket-5kg\/","title":{"rendered":"Water Saver Yellow Jacket 5kg"},"content":{"rendered":"","protected":false},"excerpt":{"rendered":"<p>Yellow Jacket Water manager est une technologie qui assure une teneur en humidit\u00e9 telle que la germination et l\u2019implantation sont optimales. Yellow Jacket Water Manager est r\u00e9pandu sur le sol par arrosage et se fixe sur les grains de sable. Il se forme ainsi une Zone de Survie autour de la plante. Cette zone ne se contente pas de fixer l\u2019eau, elle r\u00e9gule aussi l\u2019humidit\u00e9 autour de la semence. Cela optimalise les conditions de croissance et permet donc de s\u00e9curiser la vitalit\u00e9 et le d\u00e9veloppement rapide de la plante. Id\u00e9al pour appliquer sur des sols sensibles \u00e0 la s\u00e9cheresse. Le produit de pr\u00e9f\u00e9rence pour les espaces verts publics. Un enracinement extr\u00eamement profond (jusqu&rsquo;\u00e0 60 cm de profondeur) avec un solide feuillage. Water Saver permet d\u2019\u00e9conomiser de l\u2019eau et des engrais et contribue \u00e0 la stabilit\u00e9 du sol.<\/p>\n<ul>\n<li>Densit\u00e9 de semis: 3 &#8211; 3,5 kg\/100 m\u00b2<\/li>\n<li>Hauteur de tonte: \u00e0 partir de 30 mm<\/li>\n<li>Composition: 80 % F\u00e9tuque \u00e9lev\u00e9e, 10 % P\u00e2turin des pr\u00e9s, 10 % Ray-grass anglais &amp; Yellow Jacket Technology<\/li>\n<\/ul>\n","protected":false},"featured_media":48493,"comment_status":"open","ping_status":"closed","template":"","meta":{"_acf_changed":false,"inline_featured_image":false},"product_brand":[],"product_cat":[4153],"product_tag":[],"class_list":{"0":"post-33543","1":"product","2":"type-product","3":"status-publish","4":"has-post-thumbnail","6":"product_cat-gazon-et-plus","8":"first","9":"instock","10":"taxable","11":"shipping-taxable","12":"purchasable","13":"product-type-variable","14":"has-default-attributes"},"acf":{"woocommerce_erp_id":"16803","woocommerce_cnk_id":"102489","product_density":1,"custom_prices":[{"variation_id":"40868","customer_group":"PRO","customer_id":"","min_qty":1,"max_qty":9999999,"steps":1,"price":35,"price_incl":37.1,"delivery_group":"DELIVERY","warehouse_id":""},{"variation_id":"40868","customer_group":"PRO","customer_id":"","min_qty":1,"max_qty":9999999,"steps":1,"price":35,"price_incl":37.1,"delivery_group":"COLLECT","warehouse_id":""},{"variation_id":"40868","customer_group":"CON","customer_id":"","min_qty":1,"max_qty":9999999,"steps":1,"price":49,"price_incl":51.94,"delivery_group":"DELIVERY","warehouse_id":""},{"variation_id":"40868","customer_group":"CON","customer_id":"","min_qty":1,"max_qty":9999999,"steps":1,"price":49,"price_incl":51.94,"delivery_group":"COLLECT","warehouse_id":""},{"variation_id":"40868","customer_group":"DISTRI","customer_id":"","min_qty":1,"max_qty":9999999,"steps":1,"price":31.36,"price_incl":33.24,"delivery_group":"DELIVERY","warehouse_id":""},{"variation_id":"40868","customer_group":"DISTRI","customer_id":"","min_qty":1,"max_qty":9999999,"steps":1,"price":31.36,"price_incl":33.24,"delivery_group":"COLLECT","warehouse_id":""},{"variation_id":"40868","customer_group":"PER","customer_id":"","min_qty":1,"max_qty":9999999,"steps":1,"price":28,"price_incl":29.68,"delivery_group":"DELIVERY","warehouse_id":""},{"variation_id":"40868","customer_group":"PER","customer_id":"","min_qty":1,"max_qty":9999999,"steps":1,"price":28,"price_incl":29.68,"delivery_group":"COLLECT","warehouse_id":""},{"variation_id":"40868","customer_group":"DISTRI","customer_id":"129214","min_qty":1,"max_qty":9999999,"steps":1,"price":30.8,"price_incl":32.65,"delivery_group":"DELIVERY","warehouse_id":""},{"variation_id":"40868","customer_group":"DISTRI","customer_id":"129214","min_qty":1,"max_qty":9999999,"steps":1,"price":30.8,"price_incl":32.65,"delivery_group":"COLLECT","warehouse_id":""}],"packaging_ids":[{"packaging_name":"Pi\u00e8ce","packaging_id":"73","erp_id":"16803"}]},"yoast_head":"<!-- This site is optimized with the Yoast SEO plugin v27.3 - https:\/\/yoast.com\/product\/yoast-seo-wordpress\/ -->\n<title>Water Saver Yellow Jacket 5kg - Gravelart<\/title>\n<meta name=\"description\" content=\"Bestel Water Saver Yellow Jacket 5kg voor jouw volgende tuinproject.\" \/>\n<meta name=\"robots\" content=\"index, follow, max-snippet:-1, max-image-preview:large, max-video-preview:-1\" \/>\n<link rel=\"canonical\" href=\"https:\/\/gravelart.be\/fr\/product\/water-saver-yellow-jacket-5kg\/\" \/>\n<meta property=\"og:locale\" content=\"fr_FR\" \/>\n<meta property=\"og:type\" content=\"article\" \/>\n<meta property=\"og:title\" content=\"Water Saver Yellow Jacket 5kg - Gravelart\" \/>\n<meta property=\"og:description\" content=\"Bestel Water Saver Yellow Jacket 5kg voor jouw volgende tuinproject.\" \/>\n<meta property=\"og:url\" content=\"https:\/\/gravelart.be\/fr\/product\/water-saver-yellow-jacket-5kg\/\" \/>\n<meta property=\"og:site_name\" content=\"Gravelart\" \/>\n<meta property=\"article:modified_time\" content=\"2026-05-07T02:30:38+00:00\" \/>\n<meta property=\"og:image\" content=\"https:\/\/gravelart.be\/wp-content\/uploads\/2023\/02\/Packshot_WaterSaver-2.png\" \/>\n\t<meta property=\"og:image:width\" content=\"1000\" \/>\n\t<meta property=\"og:image:height\" content=\"1000\" \/>\n\t<meta property=\"og:image:type\" content=\"image\/png\" \/>\n<meta name=\"twitter:card\" content=\"summary_large_image\" \/>\n<script type=\"application\/ld+json\" class=\"yoast-schema-graph\">{\"@context\":\"https:\\\/\\\/schema.org\",\"@graph\":[{\"@type\":\"WebPage\",\"@id\":\"https:\\\/\\\/gravelart.be\\\/fr\\\/product\\\/water-saver-yellow-jacket-5kg\\\/\",\"url\":\"https:\\\/\\\/gravelart.be\\\/fr\\\/product\\\/water-saver-yellow-jacket-5kg\\\/\",\"name\":\"Water Saver Yellow Jacket 5kg - Gravelart\",\"isPartOf\":{\"@id\":\"https:\\\/\\\/gravelart.be\\\/fr\\\/#website\"},\"primaryImageOfPage\":{\"@id\":\"https:\\\/\\\/gravelart.be\\\/fr\\\/product\\\/water-saver-yellow-jacket-5kg\\\/#primaryimage\"},\"image\":{\"@id\":\"https:\\\/\\\/gravelart.be\\\/fr\\\/product\\\/water-saver-yellow-jacket-5kg\\\/#primaryimage\"},\"thumbnailUrl\":\"https:\\\/\\\/gravelart.be\\\/wp-content\\\/uploads\\\/2023\\\/02\\\/Packshot_WaterSaver-2.png\",\"datePublished\":\"2023-02-02T08:30:13+00:00\",\"dateModified\":\"2026-05-07T02:30:38+00:00\",\"description\":\"Bestel Water Saver Yellow Jacket 5kg voor jouw volgende tuinproject.\",\"breadcrumb\":{\"@id\":\"https:\\\/\\\/gravelart.be\\\/fr\\\/product\\\/water-saver-yellow-jacket-5kg\\\/#breadcrumb\"},\"inLanguage\":\"fr-FR\",\"potentialAction\":[{\"@type\":\"ReadAction\",\"target\":[\"https:\\\/\\\/gravelart.be\\\/fr\\\/product\\\/water-saver-yellow-jacket-5kg\\\/\"]}]},{\"@type\":\"ImageObject\",\"inLanguage\":\"fr-FR\",\"@id\":\"https:\\\/\\\/gravelart.be\\\/fr\\\/product\\\/water-saver-yellow-jacket-5kg\\\/#primaryimage\",\"url\":\"https:\\\/\\\/gravelart.be\\\/wp-content\\\/uploads\\\/2023\\\/02\\\/Packshot_WaterSaver-2.png\",\"contentUrl\":\"https:\\\/\\\/gravelart.be\\\/wp-content\\\/uploads\\\/2023\\\/02\\\/Packshot_WaterSaver-2.png\",\"width\":1000,\"height\":1000},{\"@type\":\"BreadcrumbList\",\"@id\":\"https:\\\/\\\/gravelart.be\\\/fr\\\/product\\\/water-saver-yellow-jacket-5kg\\\/#breadcrumb\",\"itemListElement\":[{\"@type\":\"ListItem\",\"position\":1,\"name\":\"Home\",\"item\":\"https:\\\/\\\/gravelart.be\\\/fr\\\/\"},{\"@type\":\"ListItem\",\"position\":2,\"name\":\"Produits\",\"item\":\"https:\\\/\\\/gravelart.be\\\/fr\\\/boutique\\\/\"},{\"@type\":\"ListItem\",\"position\":3,\"name\":\"Water Saver Yellow Jacket 5kg\"}]},{\"@type\":\"WebSite\",\"@id\":\"https:\\\/\\\/gravelart.be\\\/fr\\\/#website\",\"url\":\"https:\\\/\\\/gravelart.be\\\/fr\\\/\",\"name\":\"Gravelart\",\"description\":\"Alles voor tuin en park\",\"publisher\":{\"@id\":\"https:\\\/\\\/gravelart.be\\\/fr\\\/#organization\"},\"potentialAction\":[{\"@type\":\"SearchAction\",\"target\":{\"@type\":\"EntryPoint\",\"urlTemplate\":\"https:\\\/\\\/gravelart.be\\\/fr\\\/?s={search_term_string}\"},\"query-input\":{\"@type\":\"PropertyValueSpecification\",\"valueRequired\":true,\"valueName\":\"search_term_string\"}}],\"inLanguage\":\"fr-FR\"},{\"@type\":\"Organization\",\"@id\":\"https:\\\/\\\/gravelart.be\\\/fr\\\/#organization\",\"name\":\"Gravelart\",\"url\":\"https:\\\/\\\/gravelart.be\\\/fr\\\/\",\"logo\":{\"@type\":\"ImageObject\",\"inLanguage\":\"fr-FR\",\"@id\":\"https:\\\/\\\/gravelart.be\\\/fr\\\/#\\\/schema\\\/logo\\\/image\\\/\",\"url\":\"https:\\\/\\\/gravelart.be\\\/wp-content\\\/uploads\\\/2022\\\/10\\\/logo-gravelart.png\",\"contentUrl\":\"https:\\\/\\\/gravelart.be\\\/wp-content\\\/uploads\\\/2022\\\/10\\\/logo-gravelart.png\",\"width\":348,\"height\":186,\"caption\":\"Gravelart\"},\"image\":{\"@id\":\"https:\\\/\\\/gravelart.be\\\/fr\\\/#\\\/schema\\\/logo\\\/image\\\/\"}}]}<\/script>\n<!-- \/ Yoast SEO plugin. -->","yoast_head_json":{"title":"Water Saver Yellow Jacket 5kg - Gravelart","description":"Bestel Water Saver Yellow Jacket 5kg voor jouw volgende tuinproject.","robots":{"index":"index","follow":"follow","max-snippet":"max-snippet:-1","max-image-preview":"max-image-preview:large","max-video-preview":"max-video-preview:-1"},"canonical":"https:\/\/gravelart.be\/fr\/product\/water-saver-yellow-jacket-5kg\/","og_locale":"fr_FR","og_type":"article","og_title":"Water Saver Yellow Jacket 5kg - Gravelart","og_description":"Bestel Water Saver Yellow Jacket 5kg voor jouw volgende tuinproject.","og_url":"https:\/\/gravelart.be\/fr\/product\/water-saver-yellow-jacket-5kg\/","og_site_name":"Gravelart","article_modified_time":"2026-05-07T02:30:38+00:00","og_image":[{"width":1000,"height":1000,"url":"https:\/\/gravelart.be\/wp-content\/uploads\/2023\/02\/Packshot_WaterSaver-2.png","type":"image\/png"}],"twitter_card":"summary_large_image","schema":{"@context":"https:\/\/schema.org","@graph":[{"@type":"WebPage","@id":"https:\/\/gravelart.be\/fr\/product\/water-saver-yellow-jacket-5kg\/","url":"https:\/\/gravelart.be\/fr\/product\/water-saver-yellow-jacket-5kg\/","name":"Water Saver Yellow Jacket 5kg - Gravelart","isPartOf":{"@id":"https:\/\/gravelart.be\/fr\/#website"},"primaryImageOfPage":{"@id":"https:\/\/gravelart.be\/fr\/product\/water-saver-yellow-jacket-5kg\/#primaryimage"},"image":{"@id":"https:\/\/gravelart.be\/fr\/product\/water-saver-yellow-jacket-5kg\/#primaryimage"},"thumbnailUrl":"https:\/\/gravelart.be\/wp-content\/uploads\/2023\/02\/Packshot_WaterSaver-2.png","datePublished":"2023-02-02T08:30:13+00:00","dateModified":"2026-05-07T02:30:38+00:00","description":"Bestel Water Saver Yellow Jacket 5kg voor jouw volgende tuinproject.","breadcrumb":{"@id":"https:\/\/gravelart.be\/fr\/product\/water-saver-yellow-jacket-5kg\/#breadcrumb"},"inLanguage":"fr-FR","potentialAction":[{"@type":"ReadAction","target":["https:\/\/gravelart.be\/fr\/product\/water-saver-yellow-jacket-5kg\/"]}]},{"@type":"ImageObject","inLanguage":"fr-FR","@id":"https:\/\/gravelart.be\/fr\/product\/water-saver-yellow-jacket-5kg\/#primaryimage","url":"https:\/\/gravelart.be\/wp-content\/uploads\/2023\/02\/Packshot_WaterSaver-2.png","contentUrl":"https:\/\/gravelart.be\/wp-content\/uploads\/2023\/02\/Packshot_WaterSaver-2.png","width":1000,"height":1000},{"@type":"BreadcrumbList","@id":"https:\/\/gravelart.be\/fr\/product\/water-saver-yellow-jacket-5kg\/#breadcrumb","itemListElement":[{"@type":"ListItem","position":1,"name":"Home","item":"https:\/\/gravelart.be\/fr\/"},{"@type":"ListItem","position":2,"name":"Produits","item":"https:\/\/gravelart.be\/fr\/boutique\/"},{"@type":"ListItem","position":3,"name":"Water Saver Yellow Jacket 5kg"}]},{"@type":"WebSite","@id":"https:\/\/gravelart.be\/fr\/#website","url":"https:\/\/gravelart.be\/fr\/","name":"Gravelart","description":"Alles voor tuin en park","publisher":{"@id":"https:\/\/gravelart.be\/fr\/#organization"},"potentialAction":[{"@type":"SearchAction","target":{"@type":"EntryPoint","urlTemplate":"https:\/\/gravelart.be\/fr\/?s={search_term_string}"},"query-input":{"@type":"PropertyValueSpecification","valueRequired":true,"valueName":"search_term_string"}}],"inLanguage":"fr-FR"},{"@type":"Organization","@id":"https:\/\/gravelart.be\/fr\/#organization","name":"Gravelart","url":"https:\/\/gravelart.be\/fr\/","logo":{"@type":"ImageObject","inLanguage":"fr-FR","@id":"https:\/\/gravelart.be\/fr\/#\/schema\/logo\/image\/","url":"https:\/\/gravelart.be\/wp-content\/uploads\/2022\/10\/logo-gravelart.png","contentUrl":"https:\/\/gravelart.be\/wp-content\/uploads\/2022\/10\/logo-gravelart.png","width":348,"height":186,"caption":"Gravelart"},"image":{"@id":"https:\/\/gravelart.be\/fr\/#\/schema\/logo\/image\/"}}]}},"_links":{"self":[{"href":"https:\/\/gravelart.be\/fr\/wp-json\/wp\/v2\/product\/33543","targetHints":{"allow":["GET"]}}],"collection":[{"href":"https:\/\/gravelart.be\/fr\/wp-json\/wp\/v2\/product"}],"about":[{"href":"https:\/\/gravelart.be\/fr\/wp-json\/wp\/v2\/types\/product"}],"replies":[{"embeddable":true,"href":"https:\/\/gravelart.be\/fr\/wp-json\/wp\/v2\/comments?post=33543"}],"wp:featuredmedia":[{"embeddable":true,"href":"https:\/\/gravelart.be\/fr\/wp-json\/wp\/v2\/media\/48493"}],"wp:attachment":[{"href":"https:\/\/gravelart.be\/fr\/wp-json\/wp\/v2\/media?parent=33543"}],"wp:term":[{"taxonomy":"product_brand","embeddable":true,"href":"https:\/\/gravelart.be\/fr\/wp-json\/wp\/v2\/product_brand?post=33543"},{"taxonomy":"product_cat","embeddable":true,"href":"https:\/\/gravelart.be\/fr\/wp-json\/wp\/v2\/product_cat?post=33543"},{"taxonomy":"product_tag","embeddable":true,"href":"https:\/\/gravelart.be\/fr\/wp-json\/wp\/v2\/product_tag?post=33543"}],"curies":[{"name":"wp","href":"https:\/\/api.w.org\/{rel}","templated":true}]}}