{"id":33549,"date":"2023-02-02T09:30:20","date_gmt":"2023-02-02T08:30:20","guid":{"rendered":"https:\/\/gravelart.be\/?post_type=product&#038;p=33549"},"modified":"2026-05-14T04:30:36","modified_gmt":"2026-05-14T02:30:36","slug":"balthasar-40-60","status":"publish","type":"product","link":"https:\/\/gravelart.be\/fr\/product\/balthasar-40-60\/","title":{"rendered":"Balthasar 40\/60"},"content":{"rendered":"","protected":false},"excerpt":{"rendered":"<p>Le moellon Balthasar est un galet arrondi qui se pr\u00eate parfaitement comme \u00e9l\u00e9ment de d\u00e9coration dans des jardins et tout autour d\u2019\u00e9tangs. Ce qui caract\u00e9rise Balthasar c\u2019est que cette pierre n\u2019est pas sujette \u00e0 la salissure. Cette pierre est tri\u00e9e manuellement afin que seuls les meilleurs restent pour cr\u00e9er une valeur ajout\u00e9e \u00e0 un jardin. Balthasar peut \u00eatre utilis\u00e9 dans des gabions aux mailles de 50 mm x 50 mm, comme ECCOfence KIT, ALUbox, etc.<\/p>\n<ul>\n<li>Couleur: Gris, Beige<\/li>\n<\/ul>\n","protected":false},"featured_media":42905,"comment_status":"open","ping_status":"closed","template":"","meta":{"_acf_changed":false,"inline_featured_image":false},"product_brand":[],"product_cat":[4151],"product_tag":[],"class_list":{"0":"post-33549","1":"product","2":"type-product","3":"status-publish","4":"has-post-thumbnail","6":"product_cat-moellons-galets","8":"first","9":"instock","10":"taxable","11":"shipping-taxable","12":"purchasable","13":"product-type-variable","14":"has-default-attributes"},"acf":{"woocommerce_erp_id":"16866","woocommerce_cnk_id":"102556","product_density":1.6,"custom_prices":[{"variation_id":"46875","customer_group":"DISTRI","customer_id":"","min_qty":1,"max_qty":9999999,"steps":1,"price":344.87,"price_incl":417.29,"delivery_group":"COLLECT","warehouse_id":""},{"variation_id":"46875","customer_group":"DISTRI","customer_id":"","min_qty":1,"max_qty":9999999,"steps":1,"price":344.87,"price_incl":417.29,"delivery_group":"DELIVERY","warehouse_id":""},{"variation_id":"46875","customer_group":"CON","customer_id":"","min_qty":1,"max_qty":9999999,"steps":1,"price":500.67,"price_incl":605.81,"delivery_group":"DELIVERY","warehouse_id":""},{"variation_id":"46875","customer_group":"CON","customer_id":"","min_qty":1,"max_qty":9999999,"steps":1,"price":500.67,"price_incl":605.81,"delivery_group":"COLLECT","warehouse_id":""},{"variation_id":"46875","customer_group":"PRO","customer_id":"","min_qty":1,"max_qty":9999999,"steps":1,"price":384.39,"price_incl":465.11,"delivery_group":"DELIVERY","warehouse_id":""},{"variation_id":"46875","customer_group":"PRO","customer_id":"","min_qty":1,"max_qty":9999999,"steps":1,"price":384.39,"price_incl":465.11,"delivery_group":"DELIVERY","warehouse_id":""},{"variation_id":"46875","customer_group":"DISTRI","customer_id":"129214","min_qty":1,"max_qty":9999999,"steps":1,"price":305.19,"price_incl":369.28,"delivery_group":"COLLECT","warehouse_id":""},{"variation_id":"46875","customer_group":"DISTRI","customer_id":"129214","min_qty":1,"max_qty":9999999,"steps":1,"price":305.19,"price_incl":369.28,"delivery_group":"DELIVERY","warehouse_id":""},{"variation_id":"46874","customer_group":"DISTRI","customer_id":"","min_qty":1,"max_qty":9999999,"steps":1,"price":5.36,"price_incl":6.49,"delivery_group":"COLLECT","warehouse_id":""},{"variation_id":"46874","customer_group":"DISTRI","customer_id":"","min_qty":1,"max_qty":9999999,"steps":1,"price":5.36,"price_incl":6.49,"delivery_group":"DELIVERY","warehouse_id":""},{"variation_id":"46874","customer_group":"CON","customer_id":"","min_qty":1,"max_qty":9999999,"steps":1,"price":6.87,"price_incl":8.31,"delivery_group":"COLLECT","warehouse_id":""},{"variation_id":"46874","customer_group":"CON","customer_id":"","min_qty":1,"max_qty":9999999,"steps":1,"price":6.87,"price_incl":8.31,"delivery_group":"DELIVERY","warehouse_id":""},{"variation_id":"46874","customer_group":"PRO","customer_id":"","min_qty":1,"max_qty":9999999,"steps":1,"price":5.89,"price_incl":7.13,"delivery_group":"COLLECT","warehouse_id":""},{"variation_id":"46874","customer_group":"PRO","customer_id":"","min_qty":1,"max_qty":9999999,"steps":1,"price":5.89,"price_incl":7.13,"delivery_group":"DELIVERY","warehouse_id":""},{"variation_id":"46874","customer_group":"DISTRI","customer_id":"129214","min_qty":1,"max_qty":9999999,"steps":1,"price":4.83,"price_incl":5.84,"delivery_group":"DELIVERY","warehouse_id":""},{"variation_id":"46874","customer_group":"DISTRI","customer_id":"129214","min_qty":1,"max_qty":9999999,"steps":1,"price":4.83,"price_incl":5.84,"delivery_group":"COLLECT","warehouse_id":""}],"packaging_ids":[{"packaging_name":"Big bag 1500 kg","packaging_id":"77","erp_id":"16862"},{"packaging_name":"Sacs","packaging_id":"95","erp_id":"16864"}]},"yoast_head":"<!-- This site is optimized with the Yoast SEO plugin v27.3 - https:\/\/yoast.com\/product\/yoast-seo-wordpress\/ -->\n<title>Balthasar 40\/60 - Gravelart<\/title>\n<meta name=\"description\" content=\"Bestel Balthasar 40\/60 voor jouw volgende tuinproject.\" \/>\n<meta name=\"robots\" content=\"index, follow, max-snippet:-1, max-image-preview:large, max-video-preview:-1\" \/>\n<link rel=\"canonical\" href=\"https:\/\/gravelart.be\/fr\/product\/balthasar-40-60\/\" \/>\n<meta property=\"og:locale\" content=\"fr_FR\" \/>\n<meta property=\"og:type\" content=\"article\" \/>\n<meta property=\"og:title\" content=\"Balthasar 40\/60 - Gravelart\" \/>\n<meta property=\"og:description\" content=\"Bestel Balthasar 40\/60 voor jouw volgende tuinproject.\" \/>\n<meta property=\"og:url\" content=\"https:\/\/gravelart.be\/fr\/product\/balthasar-40-60\/\" \/>\n<meta property=\"og:site_name\" content=\"Gravelart\" \/>\n<meta property=\"article:modified_time\" content=\"2026-05-14T02:30:36+00:00\" \/>\n<meta property=\"og:image\" content=\"https:\/\/gravelart.be\/wp-content\/uploads\/2023\/02\/WEBSHOP_IMAGE_1-16866-scaled.jpg\" \/>\n\t<meta property=\"og:image:width\" content=\"1707\" \/>\n\t<meta property=\"og:image:height\" content=\"2560\" \/>\n\t<meta property=\"og:image:type\" content=\"image\/jpeg\" \/>\n<meta name=\"twitter:card\" content=\"summary_large_image\" \/>\n<script type=\"application\/ld+json\" class=\"yoast-schema-graph\">{\"@context\":\"https:\\\/\\\/schema.org\",\"@graph\":[{\"@type\":\"WebPage\",\"@id\":\"https:\\\/\\\/gravelart.be\\\/fr\\\/product\\\/balthasar-40-60\\\/\",\"url\":\"https:\\\/\\\/gravelart.be\\\/fr\\\/product\\\/balthasar-40-60\\\/\",\"name\":\"Balthasar 40\\\/60 - Gravelart\",\"isPartOf\":{\"@id\":\"https:\\\/\\\/gravelart.be\\\/fr\\\/#website\"},\"primaryImageOfPage\":{\"@id\":\"https:\\\/\\\/gravelart.be\\\/fr\\\/product\\\/balthasar-40-60\\\/#primaryimage\"},\"image\":{\"@id\":\"https:\\\/\\\/gravelart.be\\\/fr\\\/product\\\/balthasar-40-60\\\/#primaryimage\"},\"thumbnailUrl\":\"https:\\\/\\\/gravelart.be\\\/wp-content\\\/uploads\\\/2023\\\/02\\\/WEBSHOP_IMAGE_1-16866-scaled.jpg\",\"datePublished\":\"2023-02-02T08:30:20+00:00\",\"dateModified\":\"2026-05-14T02:30:36+00:00\",\"description\":\"Bestel Balthasar 40\\\/60 voor jouw volgende tuinproject.\",\"breadcrumb\":{\"@id\":\"https:\\\/\\\/gravelart.be\\\/fr\\\/product\\\/balthasar-40-60\\\/#breadcrumb\"},\"inLanguage\":\"fr-FR\",\"potentialAction\":[{\"@type\":\"ReadAction\",\"target\":[\"https:\\\/\\\/gravelart.be\\\/fr\\\/product\\\/balthasar-40-60\\\/\"]}]},{\"@type\":\"ImageObject\",\"inLanguage\":\"fr-FR\",\"@id\":\"https:\\\/\\\/gravelart.be\\\/fr\\\/product\\\/balthasar-40-60\\\/#primaryimage\",\"url\":\"https:\\\/\\\/gravelart.be\\\/wp-content\\\/uploads\\\/2023\\\/02\\\/WEBSHOP_IMAGE_1-16866-scaled.jpg\",\"contentUrl\":\"https:\\\/\\\/gravelart.be\\\/wp-content\\\/uploads\\\/2023\\\/02\\\/WEBSHOP_IMAGE_1-16866-scaled.jpg\",\"width\":1707,\"height\":2560,\"caption\":\"Sec\"},{\"@type\":\"BreadcrumbList\",\"@id\":\"https:\\\/\\\/gravelart.be\\\/fr\\\/product\\\/balthasar-40-60\\\/#breadcrumb\",\"itemListElement\":[{\"@type\":\"ListItem\",\"position\":1,\"name\":\"Home\",\"item\":\"https:\\\/\\\/gravelart.be\\\/fr\\\/\"},{\"@type\":\"ListItem\",\"position\":2,\"name\":\"Produits\",\"item\":\"https:\\\/\\\/gravelart.be\\\/fr\\\/boutique\\\/\"},{\"@type\":\"ListItem\",\"position\":3,\"name\":\"Balthasar 40\\\/60\"}]},{\"@type\":\"WebSite\",\"@id\":\"https:\\\/\\\/gravelart.be\\\/fr\\\/#website\",\"url\":\"https:\\\/\\\/gravelart.be\\\/fr\\\/\",\"name\":\"Gravelart\",\"description\":\"Alles voor tuin en park\",\"publisher\":{\"@id\":\"https:\\\/\\\/gravelart.be\\\/fr\\\/#organization\"},\"potentialAction\":[{\"@type\":\"SearchAction\",\"target\":{\"@type\":\"EntryPoint\",\"urlTemplate\":\"https:\\\/\\\/gravelart.be\\\/fr\\\/?s={search_term_string}\"},\"query-input\":{\"@type\":\"PropertyValueSpecification\",\"valueRequired\":true,\"valueName\":\"search_term_string\"}}],\"inLanguage\":\"fr-FR\"},{\"@type\":\"Organization\",\"@id\":\"https:\\\/\\\/gravelart.be\\\/fr\\\/#organization\",\"name\":\"Gravelart\",\"url\":\"https:\\\/\\\/gravelart.be\\\/fr\\\/\",\"logo\":{\"@type\":\"ImageObject\",\"inLanguage\":\"fr-FR\",\"@id\":\"https:\\\/\\\/gravelart.be\\\/fr\\\/#\\\/schema\\\/logo\\\/image\\\/\",\"url\":\"https:\\\/\\\/gravelart.be\\\/wp-content\\\/uploads\\\/2022\\\/10\\\/logo-gravelart.png\",\"contentUrl\":\"https:\\\/\\\/gravelart.be\\\/wp-content\\\/uploads\\\/2022\\\/10\\\/logo-gravelart.png\",\"width\":348,\"height\":186,\"caption\":\"Gravelart\"},\"image\":{\"@id\":\"https:\\\/\\\/gravelart.be\\\/fr\\\/#\\\/schema\\\/logo\\\/image\\\/\"}}]}<\/script>\n<!-- \/ Yoast SEO plugin. -->","yoast_head_json":{"title":"Balthasar 40\/60 - Gravelart","description":"Bestel Balthasar 40\/60 voor jouw volgende tuinproject.","robots":{"index":"index","follow":"follow","max-snippet":"max-snippet:-1","max-image-preview":"max-image-preview:large","max-video-preview":"max-video-preview:-1"},"canonical":"https:\/\/gravelart.be\/fr\/product\/balthasar-40-60\/","og_locale":"fr_FR","og_type":"article","og_title":"Balthasar 40\/60 - Gravelart","og_description":"Bestel Balthasar 40\/60 voor jouw volgende tuinproject.","og_url":"https:\/\/gravelart.be\/fr\/product\/balthasar-40-60\/","og_site_name":"Gravelart","article_modified_time":"2026-05-14T02:30:36+00:00","og_image":[{"width":1707,"height":2560,"url":"https:\/\/gravelart.be\/wp-content\/uploads\/2023\/02\/WEBSHOP_IMAGE_1-16866-scaled.jpg","type":"image\/jpeg"}],"twitter_card":"summary_large_image","schema":{"@context":"https:\/\/schema.org","@graph":[{"@type":"WebPage","@id":"https:\/\/gravelart.be\/fr\/product\/balthasar-40-60\/","url":"https:\/\/gravelart.be\/fr\/product\/balthasar-40-60\/","name":"Balthasar 40\/60 - Gravelart","isPartOf":{"@id":"https:\/\/gravelart.be\/fr\/#website"},"primaryImageOfPage":{"@id":"https:\/\/gravelart.be\/fr\/product\/balthasar-40-60\/#primaryimage"},"image":{"@id":"https:\/\/gravelart.be\/fr\/product\/balthasar-40-60\/#primaryimage"},"thumbnailUrl":"https:\/\/gravelart.be\/wp-content\/uploads\/2023\/02\/WEBSHOP_IMAGE_1-16866-scaled.jpg","datePublished":"2023-02-02T08:30:20+00:00","dateModified":"2026-05-14T02:30:36+00:00","description":"Bestel Balthasar 40\/60 voor jouw volgende tuinproject.","breadcrumb":{"@id":"https:\/\/gravelart.be\/fr\/product\/balthasar-40-60\/#breadcrumb"},"inLanguage":"fr-FR","potentialAction":[{"@type":"ReadAction","target":["https:\/\/gravelart.be\/fr\/product\/balthasar-40-60\/"]}]},{"@type":"ImageObject","inLanguage":"fr-FR","@id":"https:\/\/gravelart.be\/fr\/product\/balthasar-40-60\/#primaryimage","url":"https:\/\/gravelart.be\/wp-content\/uploads\/2023\/02\/WEBSHOP_IMAGE_1-16866-scaled.jpg","contentUrl":"https:\/\/gravelart.be\/wp-content\/uploads\/2023\/02\/WEBSHOP_IMAGE_1-16866-scaled.jpg","width":1707,"height":2560,"caption":"Sec"},{"@type":"BreadcrumbList","@id":"https:\/\/gravelart.be\/fr\/product\/balthasar-40-60\/#breadcrumb","itemListElement":[{"@type":"ListItem","position":1,"name":"Home","item":"https:\/\/gravelart.be\/fr\/"},{"@type":"ListItem","position":2,"name":"Produits","item":"https:\/\/gravelart.be\/fr\/boutique\/"},{"@type":"ListItem","position":3,"name":"Balthasar 40\/60"}]},{"@type":"WebSite","@id":"https:\/\/gravelart.be\/fr\/#website","url":"https:\/\/gravelart.be\/fr\/","name":"Gravelart","description":"Alles voor tuin en park","publisher":{"@id":"https:\/\/gravelart.be\/fr\/#organization"},"potentialAction":[{"@type":"SearchAction","target":{"@type":"EntryPoint","urlTemplate":"https:\/\/gravelart.be\/fr\/?s={search_term_string}"},"query-input":{"@type":"PropertyValueSpecification","valueRequired":true,"valueName":"search_term_string"}}],"inLanguage":"fr-FR"},{"@type":"Organization","@id":"https:\/\/gravelart.be\/fr\/#organization","name":"Gravelart","url":"https:\/\/gravelart.be\/fr\/","logo":{"@type":"ImageObject","inLanguage":"fr-FR","@id":"https:\/\/gravelart.be\/fr\/#\/schema\/logo\/image\/","url":"https:\/\/gravelart.be\/wp-content\/uploads\/2022\/10\/logo-gravelart.png","contentUrl":"https:\/\/gravelart.be\/wp-content\/uploads\/2022\/10\/logo-gravelart.png","width":348,"height":186,"caption":"Gravelart"},"image":{"@id":"https:\/\/gravelart.be\/fr\/#\/schema\/logo\/image\/"}}]}},"_links":{"self":[{"href":"https:\/\/gravelart.be\/fr\/wp-json\/wp\/v2\/product\/33549","targetHints":{"allow":["GET"]}}],"collection":[{"href":"https:\/\/gravelart.be\/fr\/wp-json\/wp\/v2\/product"}],"about":[{"href":"https:\/\/gravelart.be\/fr\/wp-json\/wp\/v2\/types\/product"}],"replies":[{"embeddable":true,"href":"https:\/\/gravelart.be\/fr\/wp-json\/wp\/v2\/comments?post=33549"}],"wp:featuredmedia":[{"embeddable":true,"href":"https:\/\/gravelart.be\/fr\/wp-json\/wp\/v2\/media\/42905"}],"wp:attachment":[{"href":"https:\/\/gravelart.be\/fr\/wp-json\/wp\/v2\/media?parent=33549"}],"wp:term":[{"taxonomy":"product_brand","embeddable":true,"href":"https:\/\/gravelart.be\/fr\/wp-json\/wp\/v2\/product_brand?post=33549"},{"taxonomy":"product_cat","embeddable":true,"href":"https:\/\/gravelart.be\/fr\/wp-json\/wp\/v2\/product_cat?post=33549"},{"taxonomy":"product_tag","embeddable":true,"href":"https:\/\/gravelart.be\/fr\/wp-json\/wp\/v2\/product_tag?post=33549"}],"curies":[{"name":"wp","href":"https:\/\/api.w.org\/{rel}","templated":true}]}}